{"id":1168,"date":"2018-07-25T17:43:19","date_gmt":"2018-07-25T15:43:19","guid":{"rendered":"http:\/\/wp.kristdemokraterna.se\/ydre\/?page_id=1168"},"modified":"2018-07-25T17:45:56","modified_gmt":"2018-07-25T15:45:56","slug":"2014-04-15-allt-vad-ydrebor-foretar-sig","status":"publish","type":"page","link":"https:\/\/wp.kristdemokraterna.se\/ydre\/2014-04-15-allt-vad-ydrebor-foretar-sig\/","title":{"rendered":"2014-04-15 Allt vad ydrebor f\u00f6retar sig"},"content":{"rendered":"<p><span style=\"font-size: large\">Det \u00e4r inte litet. Det finns en v\u00e4ldig m\u00e4ngd f\u00f6retag och en stor f\u00f6retagarf\u00f6rening. Att underl\u00e4tta detta n\u00e4ringslivs utveckling h\u00f6r till kommunens viktigaste uppgifter. F\u00f6retagen tillverkar s\u00e5dant som s\u00e4ljs p\u00e5 annat h\u00e5ll. Men de betj\u00e4nar ocks\u00e5 livet i kommunen. D\u00e4r finns hantverkare av olika slag, lantbrukare som ger oss en del av v\u00e5ra livsmedel, butiker som levererar viktiga varor, serveringar, turistanl\u00e4ggningar osv. Det finns m\u00e5nga\u00a0exempel.\u00a0Kommunens\u00a0<a href=\"http:\/\/www.forreg.nu\/ydre\" target=\"_&quot;blank&quot;\"><b>f\u00f6retagsregister<\/b><\/a>\u00a0\u00e4r enormt.<br \/>\nSomliga kallar dessa f\u00f6retagare &#8221;privata akt\u00f6rer&#8221;. Nu senast \u00e4r det Anna-Lena Svensson, ordf\u00f6rande f\u00f6r Ydre Socialdemokrater, som i ortstidningarna och p\u00e5 sitt partis hemsida anv\u00e4nder denna beteckning. Hon inleder valr\u00f6relsen genom att redan i rubriken st\u00e4lla fr\u00e5gan &#8221;Ska Ydres skattepengar g\u00e5 till vinstdrivande f\u00f6retag?&#8221;<br \/>\nVem kommunen \u00e4n k\u00f6per varor eller tj\u00e4nster fr\u00e5n m\u00e5ste det vara fr\u00e5n ett f\u00f6retag som g\u00e5r med vinst. Om t.ex. den som \u00e4ger Ydresalen \u00e4r p\u00e5 fallrepet har kommunfullm\u00e4ktige ingenstans att sammantr\u00e4da. &#8221;Privata akt\u00f6rer&#8221; som inte har &#8221;vinstdrivande f\u00f6retag&#8221; f\u00f6rsvinner snart. Den f\u00f6rskr\u00e4ckliga &#8221;vinsten&#8221; \u00e4r ju det som dessa m\u00e5nga f\u00f6retagare och deras anst\u00e4llda har att leva av.<br \/>\nDet finns vad jag vet inget organiserat v\u00e4nsterparti i Ydre. Varf\u00f6r d\u00e5 ta en av detta icke existerande partis ogenomt\u00e4nkta paroller? Har inte Ydre Socialdemokrater n\u00e5got eget att komma med? Ydrebor av alla slag brukar kunna b\u00e4ttre!<\/span><\/p>\n<p><span style=\"font-size: large\"><i>Bengt Malm, ordf.<br \/>\n15 april 2014<\/i><\/span><\/p>\n","protected":false},"excerpt":{"rendered":"<p>Det \u00e4r inte litet. Det finns en v\u00e4ldig m\u00e4ngd f\u00f6retag och en stor f\u00f6retagarf\u00f6rening. Att underl\u00e4tta detta n\u00e4ringslivs utveckling h\u00f6r till kommunens viktigaste uppgifter. F\u00f6retagen tillverkar s\u00e5dant som s\u00e4ljs p\u00e5 annat h\u00e5ll. Men de betj\u00e4nar ocks\u00e5 livet i kommunen. D\u00e4r finns hantverkare av olika slag, lantbrukare som ger oss en del av v\u00e5ra livsmedel, butiker <a class=\"read-more-link\" href=\"https:\/\/wp.kristdemokraterna.se\/ydre\/2014-04-15-allt-vad-ydrebor-foretar-sig\/\">L\u00e4s mer<\/a><\/p>\n","protected":false},"author":793,"featured_media":0,"parent":0,"menu_order":0,"comment_status":"closed","ping_status":"closed","template":"","meta":{"_acf_changed":false,"footnotes":""},"class_list":["post-1168","page","type-page","status-publish","hentry"],"acf":[],"yoast_head":"<!-- This site is optimized with the Yoast SEO plugin v27.5 - https:\/\/yoast.com\/product\/yoast-seo-wordpress\/ -->\n<title>2014-04-15 Allt vad ydrebor f\u00f6retar sig - Kristdemokraterna i Ydre<\/title>\n<meta name=\"robots\" content=\"index, follow, max-snippet:-1, max-image-preview:large, max-video-preview:-1\" \/>\n<link rel=\"canonical\" href=\"https:\/\/wp.kristdemokraterna.se\/ydre\/2014-04-15-allt-vad-ydrebor-foretar-sig\/\" \/>\n<meta property=\"og:locale\" content=\"sv_SE\" \/>\n<meta property=\"og:type\" content=\"article\" \/>\n<meta property=\"og:title\" content=\"2014-04-15 Allt vad ydrebor f\u00f6retar sig - Kristdemokraterna i Ydre\" \/>\n<meta property=\"og:description\" content=\"Det \u00e4r inte litet. Det finns en v\u00e4ldig m\u00e4ngd f\u00f6retag och en stor f\u00f6retagarf\u00f6rening. Att underl\u00e4tta detta n\u00e4ringslivs utveckling h\u00f6r till kommunens viktigaste uppgifter. F\u00f6retagen tillverkar s\u00e5dant som s\u00e4ljs p\u00e5 annat h\u00e5ll. Men de betj\u00e4nar ocks\u00e5 livet i kommunen. D\u00e4r finns hantverkare av olika slag, lantbrukare som ger oss en del av v\u00e5ra livsmedel, butiker L\u00e4s mer\" \/>\n<meta property=\"og:url\" content=\"https:\/\/wp.kristdemokraterna.se\/ydre\/2014-04-15-allt-vad-ydrebor-foretar-sig\/\" \/>\n<meta property=\"og:site_name\" content=\"Kristdemokraterna i Ydre\" \/>\n<meta property=\"article:modified_time\" content=\"2018-07-25T15:45:56+00:00\" \/>\n<meta name=\"twitter:card\" content=\"summary_large_image\" \/>\n<meta name=\"twitter:label1\" content=\"Ber\u00e4knad l\u00e4stid\" \/>\n\t<meta name=\"twitter:data1\" content=\"1 minut\" \/>\n<script type=\"application\/ld+json\" class=\"yoast-schema-graph\">{\"@context\":\"https:\\\/\\\/schema.org\",\"@graph\":[{\"@type\":\"WebPage\",\"@id\":\"https:\\\/\\\/wp.kristdemokraterna.se\\\/ydre\\\/2014-04-15-allt-vad-ydrebor-foretar-sig\\\/\",\"url\":\"https:\\\/\\\/wp.kristdemokraterna.se\\\/ydre\\\/2014-04-15-allt-vad-ydrebor-foretar-sig\\\/\",\"name\":\"2014-04-15 Allt vad ydrebor f\u00f6retar sig - Kristdemokraterna i Ydre\",\"isPartOf\":{\"@id\":\"https:\\\/\\\/wp.kristdemokraterna.se\\\/ydre\\\/#website\"},\"datePublished\":\"2018-07-25T15:43:19+00:00\",\"dateModified\":\"2018-07-25T15:45:56+00:00\",\"breadcrumb\":{\"@id\":\"https:\\\/\\\/wp.kristdemokraterna.se\\\/ydre\\\/2014-04-15-allt-vad-ydrebor-foretar-sig\\\/#breadcrumb\"},\"inLanguage\":\"sv-SE\",\"potentialAction\":[{\"@type\":\"ReadAction\",\"target\":[\"https:\\\/\\\/wp.kristdemokraterna.se\\\/ydre\\\/2014-04-15-allt-vad-ydrebor-foretar-sig\\\/\"]}]},{\"@type\":\"BreadcrumbList\",\"@id\":\"https:\\\/\\\/wp.kristdemokraterna.se\\\/ydre\\\/2014-04-15-allt-vad-ydrebor-foretar-sig\\\/#breadcrumb\",\"itemListElement\":[{\"@type\":\"ListItem\",\"position\":1,\"name\":\"Hem\",\"item\":\"https:\\\/\\\/wp.kristdemokraterna.se\\\/ydre\\\/\"},{\"@type\":\"ListItem\",\"position\":2,\"name\":\"2014-04-15 Allt vad ydrebor f\u00f6retar sig\"}]},{\"@type\":\"WebSite\",\"@id\":\"https:\\\/\\\/wp.kristdemokraterna.se\\\/ydre\\\/#website\",\"url\":\"https:\\\/\\\/wp.kristdemokraterna.se\\\/ydre\\\/\",\"name\":\"Kristdemokraterna i Ydre\",\"description\":\"En till Kristdemokraterna webbplats\",\"inLanguage\":\"sv-SE\"}]}<\/script>\n<!-- \/ Yoast SEO plugin. -->","yoast_head_json":{"title":"2014-04-15 Allt vad ydrebor f\u00f6retar sig - Kristdemokraterna i Ydre","robots":{"index":"index","follow":"follow","max-snippet":"max-snippet:-1","max-image-preview":"max-image-preview:large","max-video-preview":"max-video-preview:-1"},"canonical":"https:\/\/wp.kristdemokraterna.se\/ydre\/2014-04-15-allt-vad-ydrebor-foretar-sig\/","og_locale":"sv_SE","og_type":"article","og_title":"2014-04-15 Allt vad ydrebor f\u00f6retar sig - Kristdemokraterna i Ydre","og_description":"Det \u00e4r inte litet. Det finns en v\u00e4ldig m\u00e4ngd f\u00f6retag och en stor f\u00f6retagarf\u00f6rening. Att underl\u00e4tta detta n\u00e4ringslivs utveckling h\u00f6r till kommunens viktigaste uppgifter. F\u00f6retagen tillverkar s\u00e5dant som s\u00e4ljs p\u00e5 annat h\u00e5ll. Men de betj\u00e4nar ocks\u00e5 livet i kommunen. D\u00e4r finns hantverkare av olika slag, lantbrukare som ger oss en del av v\u00e5ra livsmedel, butiker L\u00e4s mer","og_url":"https:\/\/wp.kristdemokraterna.se\/ydre\/2014-04-15-allt-vad-ydrebor-foretar-sig\/","og_site_name":"Kristdemokraterna i Ydre","article_modified_time":"2018-07-25T15:45:56+00:00","twitter_card":"summary_large_image","twitter_misc":{"Ber\u00e4knad l\u00e4stid":"1 minut"},"schema":{"@context":"https:\/\/schema.org","@graph":[{"@type":"WebPage","@id":"https:\/\/wp.kristdemokraterna.se\/ydre\/2014-04-15-allt-vad-ydrebor-foretar-sig\/","url":"https:\/\/wp.kristdemokraterna.se\/ydre\/2014-04-15-allt-vad-ydrebor-foretar-sig\/","name":"2014-04-15 Allt vad ydrebor f\u00f6retar sig - Kristdemokraterna i Ydre","isPartOf":{"@id":"https:\/\/wp.kristdemokraterna.se\/ydre\/#website"},"datePublished":"2018-07-25T15:43:19+00:00","dateModified":"2018-07-25T15:45:56+00:00","breadcrumb":{"@id":"https:\/\/wp.kristdemokraterna.se\/ydre\/2014-04-15-allt-vad-ydrebor-foretar-sig\/#breadcrumb"},"inLanguage":"sv-SE","potentialAction":[{"@type":"ReadAction","target":["https:\/\/wp.kristdemokraterna.se\/ydre\/2014-04-15-allt-vad-ydrebor-foretar-sig\/"]}]},{"@type":"BreadcrumbList","@id":"https:\/\/wp.kristdemokraterna.se\/ydre\/2014-04-15-allt-vad-ydrebor-foretar-sig\/#breadcrumb","itemListElement":[{"@type":"ListItem","position":1,"name":"Hem","item":"https:\/\/wp.kristdemokraterna.se\/ydre\/"},{"@type":"ListItem","position":2,"name":"2014-04-15 Allt vad ydrebor f\u00f6retar sig"}]},{"@type":"WebSite","@id":"https:\/\/wp.kristdemokraterna.se\/ydre\/#website","url":"https:\/\/wp.kristdemokraterna.se\/ydre\/","name":"Kristdemokraterna i Ydre","description":"En till Kristdemokraterna webbplats","inLanguage":"sv-SE"}]}},"_links":{"self":[{"href":"https:\/\/wp.kristdemokraterna.se\/ydre\/wp-json\/wp\/v2\/pages\/1168","targetHints":{"allow":["GET"]}}],"collection":[{"href":"https:\/\/wp.kristdemokraterna.se\/ydre\/wp-json\/wp\/v2\/pages"}],"about":[{"href":"https:\/\/wp.kristdemokraterna.se\/ydre\/wp-json\/wp\/v2\/types\/page"}],"author":[{"embeddable":true,"href":"https:\/\/wp.kristdemokraterna.se\/ydre\/wp-json\/wp\/v2\/users\/793"}],"replies":[{"embeddable":true,"href":"https:\/\/wp.kristdemokraterna.se\/ydre\/wp-json\/wp\/v2\/comments?post=1168"}],"version-history":[{"count":4,"href":"https:\/\/wp.kristdemokraterna.se\/ydre\/wp-json\/wp\/v2\/pages\/1168\/revisions"}],"predecessor-version":[{"id":1172,"href":"https:\/\/wp.kristdemokraterna.se\/ydre\/wp-json\/wp\/v2\/pages\/1168\/revisions\/1172"}],"wp:attachment":[{"href":"https:\/\/wp.kristdemokraterna.se\/ydre\/wp-json\/wp\/v2\/media?parent=1168"}],"curies":[{"name":"wp","href":"https:\/\/api.w.org\/{rel}","templated":true}]}}