{"id":1174,"date":"2018-07-25T17:49:26","date_gmt":"2018-07-25T15:49:26","guid":{"rendered":"http:\/\/wp.kristdemokraterna.se\/ydre\/?page_id=1174"},"modified":"2018-07-25T17:51:01","modified_gmt":"2018-07-25T15:51:01","slug":"2014-04-23-kriget-om-kapten-jenkins-ora-eller-ljuvt-och-arofullt-ar-att-do-for-fosterlandet","status":"publish","type":"page","link":"https:\/\/wp.kristdemokraterna.se\/ydre\/2014-04-23-kriget-om-kapten-jenkins-ora-eller-ljuvt-och-arofullt-ar-att-do-for-fosterlandet\/","title":{"rendered":"2014-04-23 Kriget om kapten Jenkins \u00f6ra eller Ljuvt och \u00e4rofullt \u00e4r att d\u00f6 f\u00f6r fosterlandet"},"content":{"rendered":"<p><span style=\"font-size: large\"><img loading=\"lazy\" decoding=\"async\" src=\"http:\/\/ydrebo.se\/kd\/veckobrev\/pasklilja.jpg\" width=\"300\" height=\"312\" \/><br \/>\n<\/span>P\u00e5skliljorna blommar, gullvivorna har slagit ut, vitsippsmattor brer ut sig under en bl\u00e5 himmel. F\u00e5glar sjunger och s\u00f6ker boplatser medan ljuva vindar ruskar om i tr\u00e4dkronornas skira gr\u00f6nska. Men ljuvligare \u00e4r det (s\u00e4ger somliga) att d\u00f6 f\u00f6r f\u00e4derneslandet. \u00c4r det?<br \/>\nJag stod en g\u00e5ng framf\u00f6r ett monument i en fransk stad. Jag var tvungen att l\u00e4sa inskriptionen flera g\u00e5nger f\u00f6r att tro att jag s\u00e5g r\u00e4tt. Man hyllade dem som stupat f\u00f6r Frankrikes\u00a0<i>\u00e4ra<\/i>. F\u00f6r fosterlandets\u00a0<i>\u00e4ra<\/i>. Inte f\u00f6r friheten utan just f\u00f6r landets \u00e4ra&#8230;!<\/p>\n<p><img loading=\"lazy\" decoding=\"async\" src=\"http:\/\/ydrebo.se\/kd\/veckobrev\/devis.JPG\" width=\"364\" height=\"38\" \/><br \/>\nS\u00e5 lyder devisen ovan p\u00e5 ukrainska. Och den har sagts p\u00e5 m\u00e5nga andra spr\u00e5k och i m\u00e5nga l\u00e4nder.<\/p>\n<p><img loading=\"lazy\" decoding=\"async\" src=\"http:\/\/ydrebo.se\/kd\/veckobrev\/medelhavet.jpg\" width=\"431\" height=\"300\" \/><br \/>\nF\u00f6r 275 \u00e5r sedan var det i Storbritannien man kr\u00e4vde att landets \u00e4ra skulle f\u00f6rsvaras. Flera \u00e5r tidigare hade sj\u00f6kaptenen Jenkins vid ett tillf\u00e4lle tillf\u00e5ngatagits av spanjorerna och ber\u00f6vats sitt ena \u00f6ra. Det\u00a0<i>m\u00e5ste<\/i>\u00a0bli krig! Det var ingen brist p\u00e5 tviste\u00e4mnen i Europa och inom n\u00e5gra \u00e5r var det krig mellan b\u00e5de sm\u00e5 och stora makter i och utanf\u00f6r Europa. I \u00e5rhundraden upplevde var eller varannan generation ett stort krig i V\u00e4steuropa. Millioner soldater led den ljuvliga d\u00f6den f\u00f6r sitt lands \u00e4ra. I land efter land finns minnesm\u00e4rken \u00f6ver de fallna och de begr\u00e5ts vid nationella sorgeh\u00f6gtider.<br \/>\nG\u00e5ng p\u00e5 g\u00e5ng lovade nationerna dyrt och heligt att aldrig mer ta till vapen mot varandra. Men vapnen fanns d\u00e4r och det kom alltid n\u00e5gon som ville anv\u00e4nda dem. D\u00e4rf\u00f6r m\u00e5ste alla rusta mot alla.<\/p>\n<p><img loading=\"lazy\" decoding=\"async\" src=\"http:\/\/ydrebo.se\/kd\/veckobrev\/vitsippa.jpg\" width=\"343\" height=\"300\" \/><br \/>\nKristdemokraterna de Gasperi i Italien, Adenauer i V\u00e4sttyskland och framf\u00f6r allt Schuman i Frankrike s\u00e5g i b\u00f6rjan av 1950-talet en utv\u00e4g. Man kunde ta bort sj\u00e4lva\u00a0<i>m\u00f6jligheten<\/i>\u00a0f\u00f6r nationerna att rusta mot varandra. Tillsammans med Nederl\u00e4nderna, Belgien och Luxemburg grundade de tre l\u00e4nderna det som s\u00e5 sm\u00e5ningom blev Europeiska Unionen. Syftet var allts\u00e5 f\u00f6rst och fr\u00e4mst fred. F\u00f6r detta kr\u00e4vs en \u00f6ppenhet som bara kan garanteras av demokrati och en m\u00e4nniskosyn av kristet ursprung.<\/p>\n<p><img loading=\"lazy\" decoding=\"async\" src=\"http:\/\/ydrebo.se\/kd\/eu.jpg\" width=\"225\" height=\"225\" \/><br \/>\nDet \u00e4r fortfarande n\u00f6dv\u00e4ndigt att f\u00f6rsvara och st\u00e4rka det m\u00e4nskliga i Europa. F\u00f6r ropar man &#8221;Sverige \u00e5t svenskarna&#8221;, &#8221;Ungern \u00e5r ungrarna&#8221;, &#8221;Storbritannien \u00e5t britterna&#8221; osv \u00e4r vi tillbaka d\u00e4r vi var f\u00f6rut. D\u00e4rf\u00f6r \u00e4r EU-valet den 25 maj viktigt.<\/p>\n<p><span style=\"font-size: large\"><i>Bengt Malm, ordf.<br \/>\n23 april 2014<\/i><\/span><\/p>\n","protected":false},"excerpt":{"rendered":"<p>P\u00e5skliljorna blommar, gullvivorna har slagit ut, vitsippsmattor brer ut sig under en bl\u00e5 himmel. F\u00e5glar sjunger och s\u00f6ker boplatser medan ljuva vindar ruskar om i tr\u00e4dkronornas skira gr\u00f6nska. Men ljuvligare \u00e4r det (s\u00e4ger somliga) att d\u00f6 f\u00f6r f\u00e4derneslandet. \u00c4r det? Jag stod en g\u00e5ng framf\u00f6r ett monument i en fransk stad. Jag var tvungen att <a class=\"read-more-link\" href=\"https:\/\/wp.kristdemokraterna.se\/ydre\/2014-04-23-kriget-om-kapten-jenkins-ora-eller-ljuvt-och-arofullt-ar-att-do-for-fosterlandet\/\">L\u00e4s mer<\/a><\/p>\n","protected":false},"author":793,"featured_media":0,"parent":0,"menu_order":0,"comment_status":"closed","ping_status":"closed","template":"","meta":{"_acf_changed":false,"footnotes":""},"class_list":["post-1174","page","type-page","status-publish","hentry"],"acf":[],"yoast_head":"<!-- This site is optimized with the Yoast SEO plugin v27.5 - https:\/\/yoast.com\/product\/yoast-seo-wordpress\/ -->\n<title>2014-04-23 Kriget om kapten Jenkins \u00f6ra eller Ljuvt och \u00e4rofullt \u00e4r att d\u00f6 f\u00f6r fosterlandet - Kristdemokraterna i Ydre<\/title>\n<meta name=\"robots\" content=\"index, follow, max-snippet:-1, max-image-preview:large, max-video-preview:-1\" \/>\n<link rel=\"canonical\" href=\"https:\/\/wp.kristdemokraterna.se\/ydre\/2014-04-23-kriget-om-kapten-jenkins-ora-eller-ljuvt-och-arofullt-ar-att-do-for-fosterlandet\/\" \/>\n<meta property=\"og:locale\" content=\"sv_SE\" \/>\n<meta property=\"og:type\" content=\"article\" \/>\n<meta property=\"og:title\" content=\"2014-04-23 Kriget om kapten Jenkins \u00f6ra eller Ljuvt och \u00e4rofullt \u00e4r att d\u00f6 f\u00f6r fosterlandet - Kristdemokraterna i Ydre\" \/>\n<meta property=\"og:description\" content=\"P\u00e5skliljorna blommar, gullvivorna har slagit ut, vitsippsmattor brer ut sig under en bl\u00e5 himmel. F\u00e5glar sjunger och s\u00f6ker boplatser medan ljuva vindar ruskar om i tr\u00e4dkronornas skira gr\u00f6nska. Men ljuvligare \u00e4r det (s\u00e4ger somliga) att d\u00f6 f\u00f6r f\u00e4derneslandet. \u00c4r det? Jag stod en g\u00e5ng framf\u00f6r ett monument i en fransk stad. Jag var tvungen att L\u00e4s mer\" \/>\n<meta property=\"og:url\" content=\"https:\/\/wp.kristdemokraterna.se\/ydre\/2014-04-23-kriget-om-kapten-jenkins-ora-eller-ljuvt-och-arofullt-ar-att-do-for-fosterlandet\/\" \/>\n<meta property=\"og:site_name\" content=\"Kristdemokraterna i Ydre\" \/>\n<meta property=\"article:modified_time\" content=\"2018-07-25T15:51:01+00:00\" \/>\n<meta property=\"og:image\" content=\"http:\/\/ydrebo.se\/kd\/veckobrev\/pasklilja.jpg\" \/>\n<meta name=\"twitter:card\" content=\"summary_large_image\" \/>\n<meta name=\"twitter:label1\" content=\"Ber\u00e4knad l\u00e4stid\" \/>\n\t<meta name=\"twitter:data1\" content=\"2 minuter\" \/>\n<script type=\"application\/ld+json\" class=\"yoast-schema-graph\">{\"@context\":\"https:\\\/\\\/schema.org\",\"@graph\":[{\"@type\":\"WebPage\",\"@id\":\"https:\\\/\\\/wp.kristdemokraterna.se\\\/ydre\\\/2014-04-23-kriget-om-kapten-jenkins-ora-eller-ljuvt-och-arofullt-ar-att-do-for-fosterlandet\\\/\",\"url\":\"https:\\\/\\\/wp.kristdemokraterna.se\\\/ydre\\\/2014-04-23-kriget-om-kapten-jenkins-ora-eller-ljuvt-och-arofullt-ar-att-do-for-fosterlandet\\\/\",\"name\":\"2014-04-23 Kriget om kapten Jenkins \u00f6ra eller Ljuvt och \u00e4rofullt \u00e4r att d\u00f6 f\u00f6r fosterlandet - Kristdemokraterna i Ydre\",\"isPartOf\":{\"@id\":\"https:\\\/\\\/wp.kristdemokraterna.se\\\/ydre\\\/#website\"},\"primaryImageOfPage\":{\"@id\":\"https:\\\/\\\/wp.kristdemokraterna.se\\\/ydre\\\/2014-04-23-kriget-om-kapten-jenkins-ora-eller-ljuvt-och-arofullt-ar-att-do-for-fosterlandet\\\/#primaryimage\"},\"image\":{\"@id\":\"https:\\\/\\\/wp.kristdemokraterna.se\\\/ydre\\\/2014-04-23-kriget-om-kapten-jenkins-ora-eller-ljuvt-och-arofullt-ar-att-do-for-fosterlandet\\\/#primaryimage\"},\"thumbnailUrl\":\"http:\\\/\\\/ydrebo.se\\\/kd\\\/veckobrev\\\/pasklilja.jpg\",\"datePublished\":\"2018-07-25T15:49:26+00:00\",\"dateModified\":\"2018-07-25T15:51:01+00:00\",\"breadcrumb\":{\"@id\":\"https:\\\/\\\/wp.kristdemokraterna.se\\\/ydre\\\/2014-04-23-kriget-om-kapten-jenkins-ora-eller-ljuvt-och-arofullt-ar-att-do-for-fosterlandet\\\/#breadcrumb\"},\"inLanguage\":\"sv-SE\",\"potentialAction\":[{\"@type\":\"ReadAction\",\"target\":[\"https:\\\/\\\/wp.kristdemokraterna.se\\\/ydre\\\/2014-04-23-kriget-om-kapten-jenkins-ora-eller-ljuvt-och-arofullt-ar-att-do-for-fosterlandet\\\/\"]}]},{\"@type\":\"ImageObject\",\"inLanguage\":\"sv-SE\",\"@id\":\"https:\\\/\\\/wp.kristdemokraterna.se\\\/ydre\\\/2014-04-23-kriget-om-kapten-jenkins-ora-eller-ljuvt-och-arofullt-ar-att-do-for-fosterlandet\\\/#primaryimage\",\"url\":\"http:\\\/\\\/ydrebo.se\\\/kd\\\/veckobrev\\\/pasklilja.jpg\",\"contentUrl\":\"http:\\\/\\\/ydrebo.se\\\/kd\\\/veckobrev\\\/pasklilja.jpg\"},{\"@type\":\"BreadcrumbList\",\"@id\":\"https:\\\/\\\/wp.kristdemokraterna.se\\\/ydre\\\/2014-04-23-kriget-om-kapten-jenkins-ora-eller-ljuvt-och-arofullt-ar-att-do-for-fosterlandet\\\/#breadcrumb\",\"itemListElement\":[{\"@type\":\"ListItem\",\"position\":1,\"name\":\"Hem\",\"item\":\"https:\\\/\\\/wp.kristdemokraterna.se\\\/ydre\\\/\"},{\"@type\":\"ListItem\",\"position\":2,\"name\":\"2014-04-23 Kriget om kapten Jenkins \u00f6ra eller Ljuvt och \u00e4rofullt \u00e4r att d\u00f6 f\u00f6r fosterlandet\"}]},{\"@type\":\"WebSite\",\"@id\":\"https:\\\/\\\/wp.kristdemokraterna.se\\\/ydre\\\/#website\",\"url\":\"https:\\\/\\\/wp.kristdemokraterna.se\\\/ydre\\\/\",\"name\":\"Kristdemokraterna i Ydre\",\"description\":\"En till Kristdemokraterna webbplats\",\"inLanguage\":\"sv-SE\"}]}<\/script>\n<!-- \/ Yoast SEO plugin. -->","yoast_head_json":{"title":"2014-04-23 Kriget om kapten Jenkins \u00f6ra eller Ljuvt och \u00e4rofullt \u00e4r att d\u00f6 f\u00f6r fosterlandet - Kristdemokraterna i Ydre","robots":{"index":"index","follow":"follow","max-snippet":"max-snippet:-1","max-image-preview":"max-image-preview:large","max-video-preview":"max-video-preview:-1"},"canonical":"https:\/\/wp.kristdemokraterna.se\/ydre\/2014-04-23-kriget-om-kapten-jenkins-ora-eller-ljuvt-och-arofullt-ar-att-do-for-fosterlandet\/","og_locale":"sv_SE","og_type":"article","og_title":"2014-04-23 Kriget om kapten Jenkins \u00f6ra eller Ljuvt och \u00e4rofullt \u00e4r att d\u00f6 f\u00f6r fosterlandet - Kristdemokraterna i Ydre","og_description":"P\u00e5skliljorna blommar, gullvivorna har slagit ut, vitsippsmattor brer ut sig under en bl\u00e5 himmel. F\u00e5glar sjunger och s\u00f6ker boplatser medan ljuva vindar ruskar om i tr\u00e4dkronornas skira gr\u00f6nska. Men ljuvligare \u00e4r det (s\u00e4ger somliga) att d\u00f6 f\u00f6r f\u00e4derneslandet. \u00c4r det? Jag stod en g\u00e5ng framf\u00f6r ett monument i en fransk stad. Jag var tvungen att L\u00e4s mer","og_url":"https:\/\/wp.kristdemokraterna.se\/ydre\/2014-04-23-kriget-om-kapten-jenkins-ora-eller-ljuvt-och-arofullt-ar-att-do-for-fosterlandet\/","og_site_name":"Kristdemokraterna i Ydre","article_modified_time":"2018-07-25T15:51:01+00:00","og_image":[{"url":"http:\/\/ydrebo.se\/kd\/veckobrev\/pasklilja.jpg","type":"","width":"","height":""}],"twitter_card":"summary_large_image","twitter_misc":{"Ber\u00e4knad l\u00e4stid":"2 minuter"},"schema":{"@context":"https:\/\/schema.org","@graph":[{"@type":"WebPage","@id":"https:\/\/wp.kristdemokraterna.se\/ydre\/2014-04-23-kriget-om-kapten-jenkins-ora-eller-ljuvt-och-arofullt-ar-att-do-for-fosterlandet\/","url":"https:\/\/wp.kristdemokraterna.se\/ydre\/2014-04-23-kriget-om-kapten-jenkins-ora-eller-ljuvt-och-arofullt-ar-att-do-for-fosterlandet\/","name":"2014-04-23 Kriget om kapten Jenkins \u00f6ra eller Ljuvt och \u00e4rofullt \u00e4r att d\u00f6 f\u00f6r fosterlandet - Kristdemokraterna i Ydre","isPartOf":{"@id":"https:\/\/wp.kristdemokraterna.se\/ydre\/#website"},"primaryImageOfPage":{"@id":"https:\/\/wp.kristdemokraterna.se\/ydre\/2014-04-23-kriget-om-kapten-jenkins-ora-eller-ljuvt-och-arofullt-ar-att-do-for-fosterlandet\/#primaryimage"},"image":{"@id":"https:\/\/wp.kristdemokraterna.se\/ydre\/2014-04-23-kriget-om-kapten-jenkins-ora-eller-ljuvt-och-arofullt-ar-att-do-for-fosterlandet\/#primaryimage"},"thumbnailUrl":"http:\/\/ydrebo.se\/kd\/veckobrev\/pasklilja.jpg","datePublished":"2018-07-25T15:49:26+00:00","dateModified":"2018-07-25T15:51:01+00:00","breadcrumb":{"@id":"https:\/\/wp.kristdemokraterna.se\/ydre\/2014-04-23-kriget-om-kapten-jenkins-ora-eller-ljuvt-och-arofullt-ar-att-do-for-fosterlandet\/#breadcrumb"},"inLanguage":"sv-SE","potentialAction":[{"@type":"ReadAction","target":["https:\/\/wp.kristdemokraterna.se\/ydre\/2014-04-23-kriget-om-kapten-jenkins-ora-eller-ljuvt-och-arofullt-ar-att-do-for-fosterlandet\/"]}]},{"@type":"ImageObject","inLanguage":"sv-SE","@id":"https:\/\/wp.kristdemokraterna.se\/ydre\/2014-04-23-kriget-om-kapten-jenkins-ora-eller-ljuvt-och-arofullt-ar-att-do-for-fosterlandet\/#primaryimage","url":"http:\/\/ydrebo.se\/kd\/veckobrev\/pasklilja.jpg","contentUrl":"http:\/\/ydrebo.se\/kd\/veckobrev\/pasklilja.jpg"},{"@type":"BreadcrumbList","@id":"https:\/\/wp.kristdemokraterna.se\/ydre\/2014-04-23-kriget-om-kapten-jenkins-ora-eller-ljuvt-och-arofullt-ar-att-do-for-fosterlandet\/#breadcrumb","itemListElement":[{"@type":"ListItem","position":1,"name":"Hem","item":"https:\/\/wp.kristdemokraterna.se\/ydre\/"},{"@type":"ListItem","position":2,"name":"2014-04-23 Kriget om kapten Jenkins \u00f6ra eller Ljuvt och \u00e4rofullt \u00e4r att d\u00f6 f\u00f6r fosterlandet"}]},{"@type":"WebSite","@id":"https:\/\/wp.kristdemokraterna.se\/ydre\/#website","url":"https:\/\/wp.kristdemokraterna.se\/ydre\/","name":"Kristdemokraterna i Ydre","description":"En till Kristdemokraterna webbplats","inLanguage":"sv-SE"}]}},"_links":{"self":[{"href":"https:\/\/wp.kristdemokraterna.se\/ydre\/wp-json\/wp\/v2\/pages\/1174","targetHints":{"allow":["GET"]}}],"collection":[{"href":"https:\/\/wp.kristdemokraterna.se\/ydre\/wp-json\/wp\/v2\/pages"}],"about":[{"href":"https:\/\/wp.kristdemokraterna.se\/ydre\/wp-json\/wp\/v2\/types\/page"}],"author":[{"embeddable":true,"href":"https:\/\/wp.kristdemokraterna.se\/ydre\/wp-json\/wp\/v2\/users\/793"}],"replies":[{"embeddable":true,"href":"https:\/\/wp.kristdemokraterna.se\/ydre\/wp-json\/wp\/v2\/comments?post=1174"}],"version-history":[{"count":3,"href":"https:\/\/wp.kristdemokraterna.se\/ydre\/wp-json\/wp\/v2\/pages\/1174\/revisions"}],"predecessor-version":[{"id":1177,"href":"https:\/\/wp.kristdemokraterna.se\/ydre\/wp-json\/wp\/v2\/pages\/1174\/revisions\/1177"}],"wp:attachment":[{"href":"https:\/\/wp.kristdemokraterna.se\/ydre\/wp-json\/wp\/v2\/media?parent=1174"}],"curies":[{"name":"wp","href":"https:\/\/api.w.org\/{rel}","templated":true}]}}