{"id":1179,"date":"2018-07-25T17:52:58","date_gmt":"2018-07-25T15:52:58","guid":{"rendered":"http:\/\/wp.kristdemokraterna.se\/ydre\/?page_id=1179"},"modified":"2018-07-25T17:53:38","modified_gmt":"2018-07-25T15:53:38","slug":"2014-04-29-du-kan-inte-ha-ratt-mot-staten","status":"publish","type":"page","link":"https:\/\/wp.kristdemokraterna.se\/ydre\/2014-04-29-du-kan-inte-ha-ratt-mot-staten\/","title":{"rendered":"2014-04-29 &#8221;Du kan inte ha r\u00e4tt mot staten&#8221;"},"content":{"rendered":"<p>&#8221;Den enskilde kan inte ha r\u00e4tt mot staten.&#8221; Du l\u00e4ste r\u00e4tt. Det handlar inte om att\u00a0<i>f\u00e5<\/i>\u00a0r\u00e4tt mot staten (vilket l\u00e4r vara sv\u00e5rt). Nej, det \u00e4r inte m\u00f6jligt att ens i princip\u00a0<i>ha<\/i>\u00a0r\u00e4tt mot staten. Den som menade detta var en socialdemokratisk justitieminister under det f\u00f6rra \u00e5rhundradet. Han sade det i en radiointervju som jag r\u00e5kade h\u00f6ra. Det l\u00e5ter som om staten skulle vara Gud. \u00c4r det sant? \u00c4r staten Gud?<br \/>\nF\u00f6rr s\u00e5g man det inte s\u00e5. Statschefen kunde vara hur m\u00e4ktig som helst, men han hade bara ett uppdrag fr\u00e5n Gud (<i>Vi Gustaf Adolf, med Guds n\u00e5de Sveriges, G\u00f6tes och Vendes konung, g\u00f6re veterligt&#8230;<\/i>). Och i Nederl\u00e4ndernas nationals\u00e5ng fr\u00e5n 1500-talet st\u00e5r det att om kungen \u00e4r en ond h\u00e4rskare har folket r\u00e4tt att med Guds hj\u00e4lp &#8221;f\u00f6rdriva tyranniet&#8221;.<br \/>\nMen s\u00e5 sm\u00e5ningom f\u00f6rsvann tron p\u00e5 Gud fr\u00e5n den politiska scenen och Staten blev ensam kvar. &#8221;Fram\u00e5t fosterlandets barn&#8221; hette det i Frankrike (<i>Allons enfants de la Patrie<\/i>). Men f\u00f6r en tysk var det i st\u00e4llet Tyskland som \u00e4r \u00f6ver allt annat (<i>Deutschland, Deutschlan \u00fcber alles<\/i>). Om den egna staten var Gud f\u00f6r de olika folken var konflikter och regelr\u00e4tta krig ofr\u00e5nkomliga.<br \/>\nI morgon \u00e4r det valborgsm\u00e4ssoafton. Som ung bes\u00f6kte jag flera g\u00e5nger Uppsala p\u00e5 valborgsm\u00e4ssoafton. P\u00e5 kv\u00e4llen kom tusen sinom tusen studenter till Slottet i vita m\u00f6ssor. Gr\u00e5nade akademiker med gulnade m\u00f6ssor str\u00f6mmade ocks\u00e5 till f\u00f6r att f\u00f6r en stund \u00e5teruppleva sin ungdom och lyssna till Allm\u00e4nna S\u00e5ngen som sj\u00f6ng v\u00e5rs\u00e5nger. En s\u00e5ng som senare strukits fr\u00e5n repertoaren var &#8221;H\u00f6r oss Svea&#8221;:<\/p>\n<p><i>H\u00f6r oss, Svea, moder \u00e5t oss alla!<br \/>\nH\u00f6r oss!<br \/>\nH\u00f6r oss!<br \/>\nBjud oss k\u00e4mpa f\u00f6r ditt v\u00e4l och falla!<br \/>\nBjud oss!<br \/>\nBjud oss!<br \/>\nAldrig, aldrig skola vi dig svika.<br \/>\nAldrig!<br \/>\nAldrig!<\/p>\n<p><\/i>R\u00e4tt som det var b\u00f6rjade k\u00f6ren sjunga &#8221;V\u00e5r Gud \u00e4r oss en v\u00e4ldig borg&#8221;. Alla manliga studenter tog i v\u00f6rdnad av sig m\u00f6ssorna. Men det var bara n\u00e5gra l\u00f6sryckta rader ur psalmen. Gud f\u00f6rsvann snabbt och m\u00f6ssorna \u00e5kte p\u00e5 igen medan k\u00f6ren sjung hur h\u00e4rligt det skulle vara att falla f\u00f6r Svea&#8230; S\u00e5 tillbads Svea av tusenden, ja tiotusenden, n\u00e4stan som ett gudomligt v\u00e4sen.<br \/>\nHur mycket el\u00e4nde har inte f\u00f6ljt av att man l\u00e5tit staten vara Gud! F\u00f6r de kristdemokrater som grundade EU var staten\u00a0<i>inte<\/i>\u00a0Gud. Det har f\u00e5tt m\u00e5nga konsekvenser. Om ingen av staterna \u00e4r Gud kan de underordna sig vissa gemensamma myndigheter och intressen. Och medborgarna kan ha r\u00e4tt mot sin egen stat och f\u00e5 r\u00e4tt genom Europadomstolen. Om m\u00e4nniskorna \u00e4r viktigare \u00e4n staten blir demokrati n\u00f6dv\u00e4ndig och beslut skall fattas av medborgarna sj\u00e4lva eller s\u00e5 n\u00e4ra dem som m\u00f6jligt.<br \/>\nI Belgien fanns en g\u00e5ng en f\u00f6rst\u00e5ndshandikappad flicka p\u00e5 ett statligt hem d\u00e4r hon utsattes f\u00f6r ett \u00f6vergrepp av en statligt anst\u00e4lld v\u00e5rdare. Fadern beg\u00e4rde skadest\u00e5nd \u00e5t sin dotter. Men det var enligt landets lagar den drabbade som sj\u00e4lv skulle kr\u00e4va skadest\u00e5nd. Och eftersom hon var alltf\u00f6r f\u00f6rst\u00e5ndshandikappad f\u00f6r att kunna g\u00f6ra detta skulle hon inte ha n\u00e5gon ers\u00e4ttning. Detta var fel enligt Europadomstolen. Belgien m\u00e5ste dels betala skadest\u00e5nd, dels \u00e4ndra lagarna. Sverige har p\u00e5 domstolens order f\u00e5tt avskaffa l\u00e5nga h\u00e4ktningstider.<br \/>\nVad kan en s\u00e5dan domstol d\u00f6ma efter f\u00f6r regler? Det viktigaste hj\u00e4lpmedlet \u00e4r samvetet. Om Gud har gett m\u00e4nniskan ett samvete \u00e4r det v\u00e5r viktigaste v\u00e4gledning i fr\u00e5gor om r\u00e4tt och fel. F\u00f6r kristdemokraterna \u00e4r samvetsfr\u00e5gor viktiga.<br \/>\nEU kom till f\u00f6r fredens och m\u00e4nniskornas skull. Det finns inte f\u00f6r mycket utan f\u00f6r litet kristdemokrati i EU. D\u00e4rf\u00f6r \u00e4r valet den 25 maj viktigt.<\/p>\n<p><span style=\"font-size: large\"><i>Bengt Malm, ordf.<br \/>\n29 april 2014<\/i><\/span><\/p>\n","protected":false},"excerpt":{"rendered":"<p>&#8221;Den enskilde kan inte ha r\u00e4tt mot staten.&#8221; Du l\u00e4ste r\u00e4tt. Det handlar inte om att\u00a0f\u00e5\u00a0r\u00e4tt mot staten (vilket l\u00e4r vara sv\u00e5rt). Nej, det \u00e4r inte m\u00f6jligt att ens i princip\u00a0ha\u00a0r\u00e4tt mot staten. Den som menade detta var en socialdemokratisk justitieminister under det f\u00f6rra \u00e5rhundradet. Han sade det i en radiointervju som jag r\u00e5kade h\u00f6ra. <a class=\"read-more-link\" href=\"https:\/\/wp.kristdemokraterna.se\/ydre\/2014-04-29-du-kan-inte-ha-ratt-mot-staten\/\">L\u00e4s mer<\/a><\/p>\n","protected":false},"author":793,"featured_media":0,"parent":0,"menu_order":0,"comment_status":"closed","ping_status":"closed","template":"","meta":{"_acf_changed":false,"footnotes":""},"class_list":["post-1179","page","type-page","status-publish","hentry"],"acf":[],"yoast_head":"<!-- This site is optimized with the Yoast SEO plugin v27.5 - https:\/\/yoast.com\/product\/yoast-seo-wordpress\/ -->\n<title>2014-04-29 &quot;Du kan inte ha r\u00e4tt mot staten&quot; - Kristdemokraterna i Ydre<\/title>\n<meta name=\"robots\" content=\"index, follow, max-snippet:-1, max-image-preview:large, max-video-preview:-1\" \/>\n<link rel=\"canonical\" href=\"https:\/\/wp.kristdemokraterna.se\/ydre\/2014-04-29-du-kan-inte-ha-ratt-mot-staten\/\" \/>\n<meta property=\"og:locale\" content=\"sv_SE\" \/>\n<meta property=\"og:type\" content=\"article\" \/>\n<meta property=\"og:title\" content=\"2014-04-29 &quot;Du kan inte ha r\u00e4tt mot staten&quot; - Kristdemokraterna i Ydre\" \/>\n<meta property=\"og:description\" content=\"&#8221;Den enskilde kan inte ha r\u00e4tt mot staten.&#8221; Du l\u00e4ste r\u00e4tt. Det handlar inte om att\u00a0f\u00e5\u00a0r\u00e4tt mot staten (vilket l\u00e4r vara sv\u00e5rt). Nej, det \u00e4r inte m\u00f6jligt att ens i princip\u00a0ha\u00a0r\u00e4tt mot staten. Den som menade detta var en socialdemokratisk justitieminister under det f\u00f6rra \u00e5rhundradet. Han sade det i en radiointervju som jag r\u00e5kade h\u00f6ra. L\u00e4s mer\" \/>\n<meta property=\"og:url\" content=\"https:\/\/wp.kristdemokraterna.se\/ydre\/2014-04-29-du-kan-inte-ha-ratt-mot-staten\/\" \/>\n<meta property=\"og:site_name\" content=\"Kristdemokraterna i Ydre\" \/>\n<meta property=\"article:modified_time\" content=\"2018-07-25T15:53:38+00:00\" \/>\n<meta name=\"twitter:card\" content=\"summary_large_image\" \/>\n<meta name=\"twitter:label1\" content=\"Ber\u00e4knad l\u00e4stid\" \/>\n\t<meta name=\"twitter:data1\" content=\"4 minuter\" \/>\n<script type=\"application\/ld+json\" class=\"yoast-schema-graph\">{\"@context\":\"https:\\\/\\\/schema.org\",\"@graph\":[{\"@type\":\"WebPage\",\"@id\":\"https:\\\/\\\/wp.kristdemokraterna.se\\\/ydre\\\/2014-04-29-du-kan-inte-ha-ratt-mot-staten\\\/\",\"url\":\"https:\\\/\\\/wp.kristdemokraterna.se\\\/ydre\\\/2014-04-29-du-kan-inte-ha-ratt-mot-staten\\\/\",\"name\":\"2014-04-29 \\\"Du kan inte ha r\u00e4tt mot staten\\\" - Kristdemokraterna i Ydre\",\"isPartOf\":{\"@id\":\"https:\\\/\\\/wp.kristdemokraterna.se\\\/ydre\\\/#website\"},\"datePublished\":\"2018-07-25T15:52:58+00:00\",\"dateModified\":\"2018-07-25T15:53:38+00:00\",\"breadcrumb\":{\"@id\":\"https:\\\/\\\/wp.kristdemokraterna.se\\\/ydre\\\/2014-04-29-du-kan-inte-ha-ratt-mot-staten\\\/#breadcrumb\"},\"inLanguage\":\"sv-SE\",\"potentialAction\":[{\"@type\":\"ReadAction\",\"target\":[\"https:\\\/\\\/wp.kristdemokraterna.se\\\/ydre\\\/2014-04-29-du-kan-inte-ha-ratt-mot-staten\\\/\"]}]},{\"@type\":\"BreadcrumbList\",\"@id\":\"https:\\\/\\\/wp.kristdemokraterna.se\\\/ydre\\\/2014-04-29-du-kan-inte-ha-ratt-mot-staten\\\/#breadcrumb\",\"itemListElement\":[{\"@type\":\"ListItem\",\"position\":1,\"name\":\"Hem\",\"item\":\"https:\\\/\\\/wp.kristdemokraterna.se\\\/ydre\\\/\"},{\"@type\":\"ListItem\",\"position\":2,\"name\":\"2014-04-29 &#8221;Du kan inte ha r\u00e4tt mot staten&#8221;\"}]},{\"@type\":\"WebSite\",\"@id\":\"https:\\\/\\\/wp.kristdemokraterna.se\\\/ydre\\\/#website\",\"url\":\"https:\\\/\\\/wp.kristdemokraterna.se\\\/ydre\\\/\",\"name\":\"Kristdemokraterna i Ydre\",\"description\":\"En till Kristdemokraterna webbplats\",\"inLanguage\":\"sv-SE\"}]}<\/script>\n<!-- \/ Yoast SEO plugin. -->","yoast_head_json":{"title":"2014-04-29 \"Du kan inte ha r\u00e4tt mot staten\" - Kristdemokraterna i Ydre","robots":{"index":"index","follow":"follow","max-snippet":"max-snippet:-1","max-image-preview":"max-image-preview:large","max-video-preview":"max-video-preview:-1"},"canonical":"https:\/\/wp.kristdemokraterna.se\/ydre\/2014-04-29-du-kan-inte-ha-ratt-mot-staten\/","og_locale":"sv_SE","og_type":"article","og_title":"2014-04-29 \"Du kan inte ha r\u00e4tt mot staten\" - Kristdemokraterna i Ydre","og_description":"&#8221;Den enskilde kan inte ha r\u00e4tt mot staten.&#8221; Du l\u00e4ste r\u00e4tt. Det handlar inte om att\u00a0f\u00e5\u00a0r\u00e4tt mot staten (vilket l\u00e4r vara sv\u00e5rt). Nej, det \u00e4r inte m\u00f6jligt att ens i princip\u00a0ha\u00a0r\u00e4tt mot staten. Den som menade detta var en socialdemokratisk justitieminister under det f\u00f6rra \u00e5rhundradet. Han sade det i en radiointervju som jag r\u00e5kade h\u00f6ra. L\u00e4s mer","og_url":"https:\/\/wp.kristdemokraterna.se\/ydre\/2014-04-29-du-kan-inte-ha-ratt-mot-staten\/","og_site_name":"Kristdemokraterna i Ydre","article_modified_time":"2018-07-25T15:53:38+00:00","twitter_card":"summary_large_image","twitter_misc":{"Ber\u00e4knad l\u00e4stid":"4 minuter"},"schema":{"@context":"https:\/\/schema.org","@graph":[{"@type":"WebPage","@id":"https:\/\/wp.kristdemokraterna.se\/ydre\/2014-04-29-du-kan-inte-ha-ratt-mot-staten\/","url":"https:\/\/wp.kristdemokraterna.se\/ydre\/2014-04-29-du-kan-inte-ha-ratt-mot-staten\/","name":"2014-04-29 \"Du kan inte ha r\u00e4tt mot staten\" - Kristdemokraterna i Ydre","isPartOf":{"@id":"https:\/\/wp.kristdemokraterna.se\/ydre\/#website"},"datePublished":"2018-07-25T15:52:58+00:00","dateModified":"2018-07-25T15:53:38+00:00","breadcrumb":{"@id":"https:\/\/wp.kristdemokraterna.se\/ydre\/2014-04-29-du-kan-inte-ha-ratt-mot-staten\/#breadcrumb"},"inLanguage":"sv-SE","potentialAction":[{"@type":"ReadAction","target":["https:\/\/wp.kristdemokraterna.se\/ydre\/2014-04-29-du-kan-inte-ha-ratt-mot-staten\/"]}]},{"@type":"BreadcrumbList","@id":"https:\/\/wp.kristdemokraterna.se\/ydre\/2014-04-29-du-kan-inte-ha-ratt-mot-staten\/#breadcrumb","itemListElement":[{"@type":"ListItem","position":1,"name":"Hem","item":"https:\/\/wp.kristdemokraterna.se\/ydre\/"},{"@type":"ListItem","position":2,"name":"2014-04-29 &#8221;Du kan inte ha r\u00e4tt mot staten&#8221;"}]},{"@type":"WebSite","@id":"https:\/\/wp.kristdemokraterna.se\/ydre\/#website","url":"https:\/\/wp.kristdemokraterna.se\/ydre\/","name":"Kristdemokraterna i Ydre","description":"En till Kristdemokraterna webbplats","inLanguage":"sv-SE"}]}},"_links":{"self":[{"href":"https:\/\/wp.kristdemokraterna.se\/ydre\/wp-json\/wp\/v2\/pages\/1179","targetHints":{"allow":["GET"]}}],"collection":[{"href":"https:\/\/wp.kristdemokraterna.se\/ydre\/wp-json\/wp\/v2\/pages"}],"about":[{"href":"https:\/\/wp.kristdemokraterna.se\/ydre\/wp-json\/wp\/v2\/types\/page"}],"author":[{"embeddable":true,"href":"https:\/\/wp.kristdemokraterna.se\/ydre\/wp-json\/wp\/v2\/users\/793"}],"replies":[{"embeddable":true,"href":"https:\/\/wp.kristdemokraterna.se\/ydre\/wp-json\/wp\/v2\/comments?post=1179"}],"version-history":[{"count":2,"href":"https:\/\/wp.kristdemokraterna.se\/ydre\/wp-json\/wp\/v2\/pages\/1179\/revisions"}],"predecessor-version":[{"id":1181,"href":"https:\/\/wp.kristdemokraterna.se\/ydre\/wp-json\/wp\/v2\/pages\/1179\/revisions\/1181"}],"wp:attachment":[{"href":"https:\/\/wp.kristdemokraterna.se\/ydre\/wp-json\/wp\/v2\/media?parent=1179"}],"curies":[{"name":"wp","href":"https:\/\/api.w.org\/{rel}","templated":true}]}}