{"id":1183,"date":"2018-07-25T17:57:34","date_gmt":"2018-07-25T15:57:34","guid":{"rendered":"http:\/\/wp.kristdemokraterna.se\/ydre\/?page_id=1183"},"modified":"2018-07-25T17:57:52","modified_gmt":"2018-07-25T15:57:52","slug":"2014-05-07-ensamheten-vid-rikstradet","status":"publish","type":"page","link":"https:\/\/wp.kristdemokraterna.se\/ydre\/2014-05-07-ensamheten-vid-rikstradet\/","title":{"rendered":"2014-05-07 Ensamheten vid Rikstr\u00e4det"},"content":{"rendered":"<p>Det \u00e4r kallt, ovanligt kallt f\u00f6r att vara en bit in i maj. Det regnar och det \u00e4r ett v\u00e4lkommet regn. F\u00f6r ett tag i april n\u00e4r det n\u00e4stan blev sommarvarmt var det mycket torrt.<br \/>\nP\u00e5 grund av v\u00e4rmen f\u00f6rra veckan gr\u00f6nskar Rikstr\u00e4det, den stora orn\u00e4sbj\u00f6rken snett \u00f6ver gatan. Det \u00e4r f\u00f6r att orn\u00e4sbj\u00f6rken \u00e4r unik f\u00f6r Sverige som den utn\u00e4mnts till Rikstr\u00e4d och blivit officiellt planterad runt om i landet. Det finns flera exemplar h\u00e4r i \u00d6sterbymo.<br \/>\nN\u00e5got annat som \u00e4r unikt f\u00f6r Sverige \u00e4r nog uttrycket &#8221;mellan h\u00e4gg och syren&#8221; som betecknar den vackraste av \u00e5rets tider. Vi \u00e4r trots kylan inne i den perioden nu. De flesta tr\u00e4d har nyutspruckna l\u00f6v och v\u00e5rblomningen blir allt intensivare medan f\u00f6rsommaren nalkas.<br \/>\nAlldeles intill Rikstr\u00e4det ligger Ydrehus 1 d\u00e4r bottenv\u00e5ningen \u00e4r de ensamkommande flyktingbarnens hem. Det \u00e4r v\u00e4l att vi har m\u00f6jlighet att ta emot dem h\u00e4r i Ydre. Och fler s\u00e4gs komma.<br \/>\nTiden mellan h\u00e4gg och syren l\u00e4r nog forts\u00e4tta till Mors dag. Det \u00e4r en dag f\u00f6r firande av en speciell del av familjegemenskapen. F\u00f6r m\u00e5nga m\u00e4nniskor \u00e4r livet en stor ensamhet. D\u00e4rf\u00f6r \u00e4r det viktigt att st\u00f6dja gemenskap d\u00e4r den finns t.ex. i familjer.<br \/>\nDen familjegemenskapen har flyktingbarnen vid Rikstr\u00e4det f\u00f6rlorat. De saknar n\u00e5got mycket viktigt i livet. S\u00e5 \u00e4r det ocks\u00e5 f\u00f6r m\u00e5nga andra flyktingar i v\u00e4rlden. Vi m\u00e5ste st\u00f6dja dem som f\u00f6rs\u00f6ker g\u00f6ra livet mer meningsfullt f\u00f6r dem. Och Ydre skall vara det b\u00e4sta som g\u00e5r att komma till.<\/p>\n<p><span style=\"font-size: large\"><i>Bengt Malm, ordf.<br \/>\n7 maj 2014<\/i><\/span><\/p>\n","protected":false},"excerpt":{"rendered":"<p>Det \u00e4r kallt, ovanligt kallt f\u00f6r att vara en bit in i maj. Det regnar och det \u00e4r ett v\u00e4lkommet regn. F\u00f6r ett tag i april n\u00e4r det n\u00e4stan blev sommarvarmt var det mycket torrt. P\u00e5 grund av v\u00e4rmen f\u00f6rra veckan gr\u00f6nskar Rikstr\u00e4det, den stora orn\u00e4sbj\u00f6rken snett \u00f6ver gatan. Det \u00e4r f\u00f6r att orn\u00e4sbj\u00f6rken \u00e4r <a class=\"read-more-link\" href=\"https:\/\/wp.kristdemokraterna.se\/ydre\/2014-05-07-ensamheten-vid-rikstradet\/\">L\u00e4s mer<\/a><\/p>\n","protected":false},"author":793,"featured_media":0,"parent":0,"menu_order":0,"comment_status":"closed","ping_status":"closed","template":"","meta":{"_acf_changed":false,"footnotes":""},"class_list":["post-1183","page","type-page","status-publish","hentry"],"acf":[],"yoast_head":"<!-- This site is optimized with the Yoast SEO plugin v27.5 - https:\/\/yoast.com\/product\/yoast-seo-wordpress\/ -->\n<title>2014-05-07 Ensamheten vid Rikstr\u00e4det - Kristdemokraterna i Ydre<\/title>\n<meta name=\"robots\" content=\"index, follow, max-snippet:-1, max-image-preview:large, max-video-preview:-1\" \/>\n<link rel=\"canonical\" href=\"https:\/\/wp.kristdemokraterna.se\/ydre\/2014-05-07-ensamheten-vid-rikstradet\/\" \/>\n<meta property=\"og:locale\" content=\"sv_SE\" \/>\n<meta property=\"og:type\" content=\"article\" \/>\n<meta property=\"og:title\" content=\"2014-05-07 Ensamheten vid Rikstr\u00e4det - Kristdemokraterna i Ydre\" \/>\n<meta property=\"og:description\" content=\"Det \u00e4r kallt, ovanligt kallt f\u00f6r att vara en bit in i maj. Det regnar och det \u00e4r ett v\u00e4lkommet regn. F\u00f6r ett tag i april n\u00e4r det n\u00e4stan blev sommarvarmt var det mycket torrt. P\u00e5 grund av v\u00e4rmen f\u00f6rra veckan gr\u00f6nskar Rikstr\u00e4det, den stora orn\u00e4sbj\u00f6rken snett \u00f6ver gatan. Det \u00e4r f\u00f6r att orn\u00e4sbj\u00f6rken \u00e4r L\u00e4s mer\" \/>\n<meta property=\"og:url\" content=\"https:\/\/wp.kristdemokraterna.se\/ydre\/2014-05-07-ensamheten-vid-rikstradet\/\" \/>\n<meta property=\"og:site_name\" content=\"Kristdemokraterna i Ydre\" \/>\n<meta property=\"article:modified_time\" content=\"2018-07-25T15:57:52+00:00\" \/>\n<meta name=\"twitter:card\" content=\"summary_large_image\" \/>\n<meta name=\"twitter:label1\" content=\"Ber\u00e4knad l\u00e4stid\" \/>\n\t<meta name=\"twitter:data1\" content=\"2 minuter\" \/>\n<script type=\"application\/ld+json\" class=\"yoast-schema-graph\">{\"@context\":\"https:\\\/\\\/schema.org\",\"@graph\":[{\"@type\":\"WebPage\",\"@id\":\"https:\\\/\\\/wp.kristdemokraterna.se\\\/ydre\\\/2014-05-07-ensamheten-vid-rikstradet\\\/\",\"url\":\"https:\\\/\\\/wp.kristdemokraterna.se\\\/ydre\\\/2014-05-07-ensamheten-vid-rikstradet\\\/\",\"name\":\"2014-05-07 Ensamheten vid Rikstr\u00e4det - Kristdemokraterna i Ydre\",\"isPartOf\":{\"@id\":\"https:\\\/\\\/wp.kristdemokraterna.se\\\/ydre\\\/#website\"},\"datePublished\":\"2018-07-25T15:57:34+00:00\",\"dateModified\":\"2018-07-25T15:57:52+00:00\",\"breadcrumb\":{\"@id\":\"https:\\\/\\\/wp.kristdemokraterna.se\\\/ydre\\\/2014-05-07-ensamheten-vid-rikstradet\\\/#breadcrumb\"},\"inLanguage\":\"sv-SE\",\"potentialAction\":[{\"@type\":\"ReadAction\",\"target\":[\"https:\\\/\\\/wp.kristdemokraterna.se\\\/ydre\\\/2014-05-07-ensamheten-vid-rikstradet\\\/\"]}]},{\"@type\":\"BreadcrumbList\",\"@id\":\"https:\\\/\\\/wp.kristdemokraterna.se\\\/ydre\\\/2014-05-07-ensamheten-vid-rikstradet\\\/#breadcrumb\",\"itemListElement\":[{\"@type\":\"ListItem\",\"position\":1,\"name\":\"Hem\",\"item\":\"https:\\\/\\\/wp.kristdemokraterna.se\\\/ydre\\\/\"},{\"@type\":\"ListItem\",\"position\":2,\"name\":\"2014-05-07 Ensamheten vid Rikstr\u00e4det\"}]},{\"@type\":\"WebSite\",\"@id\":\"https:\\\/\\\/wp.kristdemokraterna.se\\\/ydre\\\/#website\",\"url\":\"https:\\\/\\\/wp.kristdemokraterna.se\\\/ydre\\\/\",\"name\":\"Kristdemokraterna i Ydre\",\"description\":\"En till Kristdemokraterna webbplats\",\"inLanguage\":\"sv-SE\"}]}<\/script>\n<!-- \/ Yoast SEO plugin. -->","yoast_head_json":{"title":"2014-05-07 Ensamheten vid Rikstr\u00e4det - Kristdemokraterna i Ydre","robots":{"index":"index","follow":"follow","max-snippet":"max-snippet:-1","max-image-preview":"max-image-preview:large","max-video-preview":"max-video-preview:-1"},"canonical":"https:\/\/wp.kristdemokraterna.se\/ydre\/2014-05-07-ensamheten-vid-rikstradet\/","og_locale":"sv_SE","og_type":"article","og_title":"2014-05-07 Ensamheten vid Rikstr\u00e4det - Kristdemokraterna i Ydre","og_description":"Det \u00e4r kallt, ovanligt kallt f\u00f6r att vara en bit in i maj. Det regnar och det \u00e4r ett v\u00e4lkommet regn. F\u00f6r ett tag i april n\u00e4r det n\u00e4stan blev sommarvarmt var det mycket torrt. P\u00e5 grund av v\u00e4rmen f\u00f6rra veckan gr\u00f6nskar Rikstr\u00e4det, den stora orn\u00e4sbj\u00f6rken snett \u00f6ver gatan. Det \u00e4r f\u00f6r att orn\u00e4sbj\u00f6rken \u00e4r L\u00e4s mer","og_url":"https:\/\/wp.kristdemokraterna.se\/ydre\/2014-05-07-ensamheten-vid-rikstradet\/","og_site_name":"Kristdemokraterna i Ydre","article_modified_time":"2018-07-25T15:57:52+00:00","twitter_card":"summary_large_image","twitter_misc":{"Ber\u00e4knad l\u00e4stid":"2 minuter"},"schema":{"@context":"https:\/\/schema.org","@graph":[{"@type":"WebPage","@id":"https:\/\/wp.kristdemokraterna.se\/ydre\/2014-05-07-ensamheten-vid-rikstradet\/","url":"https:\/\/wp.kristdemokraterna.se\/ydre\/2014-05-07-ensamheten-vid-rikstradet\/","name":"2014-05-07 Ensamheten vid Rikstr\u00e4det - Kristdemokraterna i Ydre","isPartOf":{"@id":"https:\/\/wp.kristdemokraterna.se\/ydre\/#website"},"datePublished":"2018-07-25T15:57:34+00:00","dateModified":"2018-07-25T15:57:52+00:00","breadcrumb":{"@id":"https:\/\/wp.kristdemokraterna.se\/ydre\/2014-05-07-ensamheten-vid-rikstradet\/#breadcrumb"},"inLanguage":"sv-SE","potentialAction":[{"@type":"ReadAction","target":["https:\/\/wp.kristdemokraterna.se\/ydre\/2014-05-07-ensamheten-vid-rikstradet\/"]}]},{"@type":"BreadcrumbList","@id":"https:\/\/wp.kristdemokraterna.se\/ydre\/2014-05-07-ensamheten-vid-rikstradet\/#breadcrumb","itemListElement":[{"@type":"ListItem","position":1,"name":"Hem","item":"https:\/\/wp.kristdemokraterna.se\/ydre\/"},{"@type":"ListItem","position":2,"name":"2014-05-07 Ensamheten vid Rikstr\u00e4det"}]},{"@type":"WebSite","@id":"https:\/\/wp.kristdemokraterna.se\/ydre\/#website","url":"https:\/\/wp.kristdemokraterna.se\/ydre\/","name":"Kristdemokraterna i Ydre","description":"En till Kristdemokraterna webbplats","inLanguage":"sv-SE"}]}},"_links":{"self":[{"href":"https:\/\/wp.kristdemokraterna.se\/ydre\/wp-json\/wp\/v2\/pages\/1183","targetHints":{"allow":["GET"]}}],"collection":[{"href":"https:\/\/wp.kristdemokraterna.se\/ydre\/wp-json\/wp\/v2\/pages"}],"about":[{"href":"https:\/\/wp.kristdemokraterna.se\/ydre\/wp-json\/wp\/v2\/types\/page"}],"author":[{"embeddable":true,"href":"https:\/\/wp.kristdemokraterna.se\/ydre\/wp-json\/wp\/v2\/users\/793"}],"replies":[{"embeddable":true,"href":"https:\/\/wp.kristdemokraterna.se\/ydre\/wp-json\/wp\/v2\/comments?post=1183"}],"version-history":[{"count":1,"href":"https:\/\/wp.kristdemokraterna.se\/ydre\/wp-json\/wp\/v2\/pages\/1183\/revisions"}],"predecessor-version":[{"id":1184,"href":"https:\/\/wp.kristdemokraterna.se\/ydre\/wp-json\/wp\/v2\/pages\/1183\/revisions\/1184"}],"wp:attachment":[{"href":"https:\/\/wp.kristdemokraterna.se\/ydre\/wp-json\/wp\/v2\/media?parent=1183"}],"curies":[{"name":"wp","href":"https:\/\/api.w.org\/{rel}","templated":true}]}}