{"id":1186,"date":"2018-07-25T17:58:55","date_gmt":"2018-07-25T15:58:55","guid":{"rendered":"http:\/\/wp.kristdemokraterna.se\/ydre\/?page_id=1186"},"modified":"2018-07-25T17:59:06","modified_gmt":"2018-07-25T15:59:06","slug":"2014-05-13-tranorna-kanner-inga-granser","status":"publish","type":"page","link":"https:\/\/wp.kristdemokraterna.se\/ydre\/2014-05-13-tranorna-kanner-inga-granser\/","title":{"rendered":"2014-05-13 Tranorna k\u00e4nner inga gr\u00e4nser"},"content":{"rendered":"<p>I g\u00e5r fl\u00f6g en trana \u00f6ver oss. Den st\u00e5tliga f\u00e5geln fl\u00f6g p\u00e5 l\u00e5g h\u00f6jd \u00f6ver centrala \u00d6sterbymo. Den var p\u00e5 v\u00e4g norrut. Ett bra tag har tranor varit h\u00e4r i Ydre liksom andra flyttf\u00e5glar. De erk\u00e4nner inga gr\u00e4nser. Vilka gr\u00e4nser mellan m\u00e4nniskor erk\u00e4nner vi? Och vilka erk\u00e4nner vi inte?<br \/>\nI g\u00e5r kv\u00e4ll var det utbildning f\u00f6r Ydres valf\u00f6rr\u00e4ttare. Det var en lugn och trygg samling som s\u00e5g en l\u00e5ng film om hur det skall g\u00e5 till i vallokalerna. De flesta har varit med f\u00f6rut och k\u00e4nde igen reglerna. Man m\u00e5ste vara mycket noga f\u00f6r att valet skall vara p\u00e5litligt.<br \/>\nDe valf\u00f6rr\u00e4ttare jag talade med hade ingen h\u00f6g tanke om &#8221;folkomr\u00f6stningen&#8221; som h\u00f6lls i f\u00f6rrg\u00e5r i delar av \u00f6stra Ukraina. N\u00e5gon n\u00e4mnde att om de f\u00e5 vallokalerna verkligen tagit emot s\u00e5 m\u00e5nga r\u00f6ster som det sades s\u00e5 hade man tagit emot en r\u00f6st i sekunden. Grannlandets ledare har ledare har sagt att han respekterar &#8221;folkets vilja&#8221;. Kan han inte r\u00e4kna? Stackars grannland!<br \/>\nS\u00e5 kommer det inte att g\u00e5 till i europavalet. Det kommer att vara i god ordning vi r\u00f6star f\u00f6r m\u00e4nniskonas skull.<br \/>\nI dag den 13 maj har Ydre Kristdemokrater en EU-dag. En av v\u00e5ra kandidater, Lars Eklund, kommer att bes\u00f6ka en industri (Camfil) och Ydreskolan (klasserna 8A och 8B var f\u00f6r sig). Och i kv\u00e4ll kl. 18.30 \u00e4r det valm\u00f6te p\u00e5 Vuxenskolan.<br \/>\nSnart \u00e4r det den 25 maj. D\u00e5 kan vi r\u00f6sta f\u00f6r att allt skall g\u00e5 r\u00e4tt till i v\u00e5ra l\u00e4nder, f\u00f6r att m\u00e4nniskorna skall kunna vara sig sj\u00e4lva och s\u00e4ga sin mening, f\u00f6r att de skall kunna leva i trygghet och i fred med varandra. EU och dess medlemsstater skall vara till f\u00f6r m\u00e4nniskorna.<br \/>\nUnder tiden flyger tranorna norrut. De erk\u00e4nner inga gr\u00e4nser. Men vi gl\u00e4ds \u00f6ver dem. Vi v\u00e4lkomnar dem. Deras barn skall f\u00e5 v\u00e4xa upp i v\u00e5r frihet.<\/p>\n<p><span style=\"font-size: large\"><i>Bengt Malm, ordf.<br \/>\n13 maj 2014<\/i><\/span><\/p>\n","protected":false},"excerpt":{"rendered":"<p>I g\u00e5r fl\u00f6g en trana \u00f6ver oss. Den st\u00e5tliga f\u00e5geln fl\u00f6g p\u00e5 l\u00e5g h\u00f6jd \u00f6ver centrala \u00d6sterbymo. Den var p\u00e5 v\u00e4g norrut. Ett bra tag har tranor varit h\u00e4r i Ydre liksom andra flyttf\u00e5glar. De erk\u00e4nner inga gr\u00e4nser. Vilka gr\u00e4nser mellan m\u00e4nniskor erk\u00e4nner vi? Och vilka erk\u00e4nner vi inte? I g\u00e5r kv\u00e4ll var det utbildning <a class=\"read-more-link\" href=\"https:\/\/wp.kristdemokraterna.se\/ydre\/2014-05-13-tranorna-kanner-inga-granser\/\">L\u00e4s mer<\/a><\/p>\n","protected":false},"author":793,"featured_media":0,"parent":0,"menu_order":0,"comment_status":"closed","ping_status":"closed","template":"","meta":{"_acf_changed":false,"footnotes":""},"class_list":["post-1186","page","type-page","status-publish","hentry"],"acf":[],"yoast_head":"<!-- This site is optimized with the Yoast SEO plugin v27.5 - https:\/\/yoast.com\/product\/yoast-seo-wordpress\/ -->\n<title>2014-05-13 Tranorna k\u00e4nner inga gr\u00e4nser - Kristdemokraterna i Ydre<\/title>\n<meta name=\"robots\" content=\"index, follow, max-snippet:-1, max-image-preview:large, max-video-preview:-1\" \/>\n<link rel=\"canonical\" href=\"https:\/\/wp.kristdemokraterna.se\/ydre\/2014-05-13-tranorna-kanner-inga-granser\/\" \/>\n<meta property=\"og:locale\" content=\"sv_SE\" \/>\n<meta property=\"og:type\" content=\"article\" \/>\n<meta property=\"og:title\" content=\"2014-05-13 Tranorna k\u00e4nner inga gr\u00e4nser - Kristdemokraterna i Ydre\" \/>\n<meta property=\"og:description\" content=\"I g\u00e5r fl\u00f6g en trana \u00f6ver oss. Den st\u00e5tliga f\u00e5geln fl\u00f6g p\u00e5 l\u00e5g h\u00f6jd \u00f6ver centrala \u00d6sterbymo. Den var p\u00e5 v\u00e4g norrut. Ett bra tag har tranor varit h\u00e4r i Ydre liksom andra flyttf\u00e5glar. De erk\u00e4nner inga gr\u00e4nser. Vilka gr\u00e4nser mellan m\u00e4nniskor erk\u00e4nner vi? Och vilka erk\u00e4nner vi inte? I g\u00e5r kv\u00e4ll var det utbildning L\u00e4s mer\" \/>\n<meta property=\"og:url\" content=\"https:\/\/wp.kristdemokraterna.se\/ydre\/2014-05-13-tranorna-kanner-inga-granser\/\" \/>\n<meta property=\"og:site_name\" content=\"Kristdemokraterna i Ydre\" \/>\n<meta property=\"article:modified_time\" content=\"2018-07-25T15:59:06+00:00\" \/>\n<meta name=\"twitter:card\" content=\"summary_large_image\" \/>\n<meta name=\"twitter:label1\" content=\"Ber\u00e4knad l\u00e4stid\" \/>\n\t<meta name=\"twitter:data1\" content=\"2 minuter\" \/>\n<script type=\"application\/ld+json\" class=\"yoast-schema-graph\">{\"@context\":\"https:\\\/\\\/schema.org\",\"@graph\":[{\"@type\":\"WebPage\",\"@id\":\"https:\\\/\\\/wp.kristdemokraterna.se\\\/ydre\\\/2014-05-13-tranorna-kanner-inga-granser\\\/\",\"url\":\"https:\\\/\\\/wp.kristdemokraterna.se\\\/ydre\\\/2014-05-13-tranorna-kanner-inga-granser\\\/\",\"name\":\"2014-05-13 Tranorna k\u00e4nner inga gr\u00e4nser - Kristdemokraterna i Ydre\",\"isPartOf\":{\"@id\":\"https:\\\/\\\/wp.kristdemokraterna.se\\\/ydre\\\/#website\"},\"datePublished\":\"2018-07-25T15:58:55+00:00\",\"dateModified\":\"2018-07-25T15:59:06+00:00\",\"breadcrumb\":{\"@id\":\"https:\\\/\\\/wp.kristdemokraterna.se\\\/ydre\\\/2014-05-13-tranorna-kanner-inga-granser\\\/#breadcrumb\"},\"inLanguage\":\"sv-SE\",\"potentialAction\":[{\"@type\":\"ReadAction\",\"target\":[\"https:\\\/\\\/wp.kristdemokraterna.se\\\/ydre\\\/2014-05-13-tranorna-kanner-inga-granser\\\/\"]}]},{\"@type\":\"BreadcrumbList\",\"@id\":\"https:\\\/\\\/wp.kristdemokraterna.se\\\/ydre\\\/2014-05-13-tranorna-kanner-inga-granser\\\/#breadcrumb\",\"itemListElement\":[{\"@type\":\"ListItem\",\"position\":1,\"name\":\"Hem\",\"item\":\"https:\\\/\\\/wp.kristdemokraterna.se\\\/ydre\\\/\"},{\"@type\":\"ListItem\",\"position\":2,\"name\":\"2014-05-13 Tranorna k\u00e4nner inga gr\u00e4nser\"}]},{\"@type\":\"WebSite\",\"@id\":\"https:\\\/\\\/wp.kristdemokraterna.se\\\/ydre\\\/#website\",\"url\":\"https:\\\/\\\/wp.kristdemokraterna.se\\\/ydre\\\/\",\"name\":\"Kristdemokraterna i Ydre\",\"description\":\"En till Kristdemokraterna webbplats\",\"inLanguage\":\"sv-SE\"}]}<\/script>\n<!-- \/ Yoast SEO plugin. -->","yoast_head_json":{"title":"2014-05-13 Tranorna k\u00e4nner inga gr\u00e4nser - Kristdemokraterna i Ydre","robots":{"index":"index","follow":"follow","max-snippet":"max-snippet:-1","max-image-preview":"max-image-preview:large","max-video-preview":"max-video-preview:-1"},"canonical":"https:\/\/wp.kristdemokraterna.se\/ydre\/2014-05-13-tranorna-kanner-inga-granser\/","og_locale":"sv_SE","og_type":"article","og_title":"2014-05-13 Tranorna k\u00e4nner inga gr\u00e4nser - Kristdemokraterna i Ydre","og_description":"I g\u00e5r fl\u00f6g en trana \u00f6ver oss. Den st\u00e5tliga f\u00e5geln fl\u00f6g p\u00e5 l\u00e5g h\u00f6jd \u00f6ver centrala \u00d6sterbymo. Den var p\u00e5 v\u00e4g norrut. Ett bra tag har tranor varit h\u00e4r i Ydre liksom andra flyttf\u00e5glar. De erk\u00e4nner inga gr\u00e4nser. Vilka gr\u00e4nser mellan m\u00e4nniskor erk\u00e4nner vi? Och vilka erk\u00e4nner vi inte? I g\u00e5r kv\u00e4ll var det utbildning L\u00e4s mer","og_url":"https:\/\/wp.kristdemokraterna.se\/ydre\/2014-05-13-tranorna-kanner-inga-granser\/","og_site_name":"Kristdemokraterna i Ydre","article_modified_time":"2018-07-25T15:59:06+00:00","twitter_card":"summary_large_image","twitter_misc":{"Ber\u00e4knad l\u00e4stid":"2 minuter"},"schema":{"@context":"https:\/\/schema.org","@graph":[{"@type":"WebPage","@id":"https:\/\/wp.kristdemokraterna.se\/ydre\/2014-05-13-tranorna-kanner-inga-granser\/","url":"https:\/\/wp.kristdemokraterna.se\/ydre\/2014-05-13-tranorna-kanner-inga-granser\/","name":"2014-05-13 Tranorna k\u00e4nner inga gr\u00e4nser - Kristdemokraterna i Ydre","isPartOf":{"@id":"https:\/\/wp.kristdemokraterna.se\/ydre\/#website"},"datePublished":"2018-07-25T15:58:55+00:00","dateModified":"2018-07-25T15:59:06+00:00","breadcrumb":{"@id":"https:\/\/wp.kristdemokraterna.se\/ydre\/2014-05-13-tranorna-kanner-inga-granser\/#breadcrumb"},"inLanguage":"sv-SE","potentialAction":[{"@type":"ReadAction","target":["https:\/\/wp.kristdemokraterna.se\/ydre\/2014-05-13-tranorna-kanner-inga-granser\/"]}]},{"@type":"BreadcrumbList","@id":"https:\/\/wp.kristdemokraterna.se\/ydre\/2014-05-13-tranorna-kanner-inga-granser\/#breadcrumb","itemListElement":[{"@type":"ListItem","position":1,"name":"Hem","item":"https:\/\/wp.kristdemokraterna.se\/ydre\/"},{"@type":"ListItem","position":2,"name":"2014-05-13 Tranorna k\u00e4nner inga gr\u00e4nser"}]},{"@type":"WebSite","@id":"https:\/\/wp.kristdemokraterna.se\/ydre\/#website","url":"https:\/\/wp.kristdemokraterna.se\/ydre\/","name":"Kristdemokraterna i Ydre","description":"En till Kristdemokraterna webbplats","inLanguage":"sv-SE"}]}},"_links":{"self":[{"href":"https:\/\/wp.kristdemokraterna.se\/ydre\/wp-json\/wp\/v2\/pages\/1186","targetHints":{"allow":["GET"]}}],"collection":[{"href":"https:\/\/wp.kristdemokraterna.se\/ydre\/wp-json\/wp\/v2\/pages"}],"about":[{"href":"https:\/\/wp.kristdemokraterna.se\/ydre\/wp-json\/wp\/v2\/types\/page"}],"author":[{"embeddable":true,"href":"https:\/\/wp.kristdemokraterna.se\/ydre\/wp-json\/wp\/v2\/users\/793"}],"replies":[{"embeddable":true,"href":"https:\/\/wp.kristdemokraterna.se\/ydre\/wp-json\/wp\/v2\/comments?post=1186"}],"version-history":[{"count":1,"href":"https:\/\/wp.kristdemokraterna.se\/ydre\/wp-json\/wp\/v2\/pages\/1186\/revisions"}],"predecessor-version":[{"id":1187,"href":"https:\/\/wp.kristdemokraterna.se\/ydre\/wp-json\/wp\/v2\/pages\/1186\/revisions\/1187"}],"wp:attachment":[{"href":"https:\/\/wp.kristdemokraterna.se\/ydre\/wp-json\/wp\/v2\/media?parent=1186"}],"curies":[{"name":"wp","href":"https:\/\/api.w.org\/{rel}","templated":true}]}}