{"id":1189,"date":"2018-07-25T18:00:09","date_gmt":"2018-07-25T16:00:09","guid":{"rendered":"http:\/\/wp.kristdemokraterna.se\/ydre\/?page_id=1189"},"modified":"2018-07-25T18:00:21","modified_gmt":"2018-07-25T16:00:21","slug":"2014-05-19-det-ar-jag-som-bestammer","status":"publish","type":"page","link":"https:\/\/wp.kristdemokraterna.se\/ydre\/2014-05-19-det-ar-jag-som-bestammer\/","title":{"rendered":"2014-05-19 &#8221;Det \u00e4r jag som best\u00e4mmer&#8221;"},"content":{"rendered":"<p>F\u00f6r en hel del \u00e5r sedan gick en del barn omkring med den devisen p\u00e5 sina tr\u00f6jor. Man kunde se budskapet p\u00e5 flera spr\u00e5k och rent av p\u00e5 olika dialekter.<br \/>\n&#8221;Det \u00e4r jag som best\u00e4mmer.&#8221; I ny form kommer denna barnsliga paroll fram hos det ena nationalistiska partiet efter det andra inf\u00f6r EU-valet p\u00e5 s\u00f6ndag. Det \u00e4r ganska kusligt. F\u00f6r om man s\u00e4ger att det \u00e4r jag som best\u00e4mmer d\u00e5 handlar det inte om sunt sj\u00e4lvbest\u00e4mmande. Det handlar om att n\u00e5gon annan f\u00e5r finna sig i vad\u00a0<i>jag<\/i>\u00a0vill. De som skall finna sig i vad nationalisterna vill \u00e4r\u00a0<i>m\u00e4nniskor<\/i>. Just det &#8211;\u00a0<i>m\u00e4nniskor<\/i>\u00a0som du och jag.<br \/>\nDet h\u00e4r g\u00e4ller inte bara Nationella Fronten i Frankrike eller Gyllene Gryning i Grekland. Det g\u00e4ller ocks\u00e5 Sverige. Precis i valspurten g\u00e5r Sverigedemokraterna i Stockholm ut med affischer riktade mot romer. Naturligtvis heter det inte s\u00e5 men alla f\u00f6rst\u00e5r \u00e4nd\u00e5. Allts\u00e5 bort med EU! Bort med med den fria r\u00f6rligheten i Europa!<\/p>\n<p>Vi skall allts\u00e5 enligt Sverigedemokraterna<br \/>\n1) G\u00e5 ur EU.<br \/>\n2) Inf\u00f6ra visumtv\u00e5ng f\u00f6r all inresa till Sverige,<br \/>\n3) Neka visum f\u00f6r romer. (Kan du bevisa att du inte \u00e4r rom?).<\/p>\n<p>Naturligtvis m\u00e5ste vi d\u00e5 finna oss i att vi sj\u00e4lva ocks\u00e5 m\u00e5ste ans\u00f6ka om visum om vi vill bes\u00f6ka ett grannland.<br \/>\nSverigedemokraterna f\u00f6rs\u00f6ker \u00e5teruppliva gamla ideer. Strax f\u00f6re andra v\u00e4rldskriget besl\u00f6t v\u00e5rt land att inte sl\u00e4ppa in judar\u00a0<i>om de kom fr\u00e5n Tyskland<\/i>. Romer fick\u00a0<i>\u00f6verhuvud taget<\/i>\u00a0inte tilltr\u00e4de till Sverige. (En del av dessa judar och romer kunde \u00e4nd\u00e5 \u00f6verleva i Sverige genom att de kunde d\u00f6lja sitt ursprung.)<br \/>\nSverigedemokraterna menar allts\u00e5 att detta att tillh\u00f6ra romerna, judarna eller n\u00e5gon annan illa sedd folkgrupp \u00e4r en medf\u00f6dd egenskap som g\u00e5r i arv till tusen sl\u00e4ktled.<br \/>\nSverigedemokraterna vill vara de som best\u00e4mmer. Skall vi l\u00e5ta dem g\u00f6ra det? P\u00e5 s\u00f6ndag \u00e4r valet ditt.<\/p>\n<p><span style=\"font-size: large\"><i>Bengt Malm, ordf.<br \/>\n19 maj 2014<\/i><\/span><\/p>\n","protected":false},"excerpt":{"rendered":"<p>F\u00f6r en hel del \u00e5r sedan gick en del barn omkring med den devisen p\u00e5 sina tr\u00f6jor. Man kunde se budskapet p\u00e5 flera spr\u00e5k och rent av p\u00e5 olika dialekter. &#8221;Det \u00e4r jag som best\u00e4mmer.&#8221; I ny form kommer denna barnsliga paroll fram hos det ena nationalistiska partiet efter det andra inf\u00f6r EU-valet p\u00e5 s\u00f6ndag. <a class=\"read-more-link\" href=\"https:\/\/wp.kristdemokraterna.se\/ydre\/2014-05-19-det-ar-jag-som-bestammer\/\">L\u00e4s mer<\/a><\/p>\n","protected":false},"author":793,"featured_media":0,"parent":0,"menu_order":0,"comment_status":"closed","ping_status":"closed","template":"","meta":{"_acf_changed":false,"footnotes":""},"class_list":["post-1189","page","type-page","status-publish","hentry"],"acf":[],"yoast_head":"<!-- This site is optimized with the Yoast SEO plugin v27.5 - https:\/\/yoast.com\/product\/yoast-seo-wordpress\/ -->\n<title>2014-05-19 &quot;Det \u00e4r jag som best\u00e4mmer&quot; - Kristdemokraterna i Ydre<\/title>\n<meta name=\"robots\" content=\"index, follow, max-snippet:-1, max-image-preview:large, max-video-preview:-1\" \/>\n<link rel=\"canonical\" href=\"https:\/\/wp.kristdemokraterna.se\/ydre\/2014-05-19-det-ar-jag-som-bestammer\/\" \/>\n<meta property=\"og:locale\" content=\"sv_SE\" \/>\n<meta property=\"og:type\" content=\"article\" \/>\n<meta property=\"og:title\" content=\"2014-05-19 &quot;Det \u00e4r jag som best\u00e4mmer&quot; - Kristdemokraterna i Ydre\" \/>\n<meta property=\"og:description\" content=\"F\u00f6r en hel del \u00e5r sedan gick en del barn omkring med den devisen p\u00e5 sina tr\u00f6jor. Man kunde se budskapet p\u00e5 flera spr\u00e5k och rent av p\u00e5 olika dialekter. &#8221;Det \u00e4r jag som best\u00e4mmer.&#8221; I ny form kommer denna barnsliga paroll fram hos det ena nationalistiska partiet efter det andra inf\u00f6r EU-valet p\u00e5 s\u00f6ndag. L\u00e4s mer\" \/>\n<meta property=\"og:url\" content=\"https:\/\/wp.kristdemokraterna.se\/ydre\/2014-05-19-det-ar-jag-som-bestammer\/\" \/>\n<meta property=\"og:site_name\" content=\"Kristdemokraterna i Ydre\" \/>\n<meta property=\"article:modified_time\" content=\"2018-07-25T16:00:21+00:00\" \/>\n<meta name=\"twitter:card\" content=\"summary_large_image\" \/>\n<meta name=\"twitter:label1\" content=\"Ber\u00e4knad l\u00e4stid\" \/>\n\t<meta name=\"twitter:data1\" content=\"2 minuter\" \/>\n<script type=\"application\/ld+json\" class=\"yoast-schema-graph\">{\"@context\":\"https:\\\/\\\/schema.org\",\"@graph\":[{\"@type\":\"WebPage\",\"@id\":\"https:\\\/\\\/wp.kristdemokraterna.se\\\/ydre\\\/2014-05-19-det-ar-jag-som-bestammer\\\/\",\"url\":\"https:\\\/\\\/wp.kristdemokraterna.se\\\/ydre\\\/2014-05-19-det-ar-jag-som-bestammer\\\/\",\"name\":\"2014-05-19 \\\"Det \u00e4r jag som best\u00e4mmer\\\" - Kristdemokraterna i Ydre\",\"isPartOf\":{\"@id\":\"https:\\\/\\\/wp.kristdemokraterna.se\\\/ydre\\\/#website\"},\"datePublished\":\"2018-07-25T16:00:09+00:00\",\"dateModified\":\"2018-07-25T16:00:21+00:00\",\"breadcrumb\":{\"@id\":\"https:\\\/\\\/wp.kristdemokraterna.se\\\/ydre\\\/2014-05-19-det-ar-jag-som-bestammer\\\/#breadcrumb\"},\"inLanguage\":\"sv-SE\",\"potentialAction\":[{\"@type\":\"ReadAction\",\"target\":[\"https:\\\/\\\/wp.kristdemokraterna.se\\\/ydre\\\/2014-05-19-det-ar-jag-som-bestammer\\\/\"]}]},{\"@type\":\"BreadcrumbList\",\"@id\":\"https:\\\/\\\/wp.kristdemokraterna.se\\\/ydre\\\/2014-05-19-det-ar-jag-som-bestammer\\\/#breadcrumb\",\"itemListElement\":[{\"@type\":\"ListItem\",\"position\":1,\"name\":\"Hem\",\"item\":\"https:\\\/\\\/wp.kristdemokraterna.se\\\/ydre\\\/\"},{\"@type\":\"ListItem\",\"position\":2,\"name\":\"2014-05-19 &#8221;Det \u00e4r jag som best\u00e4mmer&#8221;\"}]},{\"@type\":\"WebSite\",\"@id\":\"https:\\\/\\\/wp.kristdemokraterna.se\\\/ydre\\\/#website\",\"url\":\"https:\\\/\\\/wp.kristdemokraterna.se\\\/ydre\\\/\",\"name\":\"Kristdemokraterna i Ydre\",\"description\":\"En till Kristdemokraterna webbplats\",\"inLanguage\":\"sv-SE\"}]}<\/script>\n<!-- \/ Yoast SEO plugin. -->","yoast_head_json":{"title":"2014-05-19 \"Det \u00e4r jag som best\u00e4mmer\" - Kristdemokraterna i Ydre","robots":{"index":"index","follow":"follow","max-snippet":"max-snippet:-1","max-image-preview":"max-image-preview:large","max-video-preview":"max-video-preview:-1"},"canonical":"https:\/\/wp.kristdemokraterna.se\/ydre\/2014-05-19-det-ar-jag-som-bestammer\/","og_locale":"sv_SE","og_type":"article","og_title":"2014-05-19 \"Det \u00e4r jag som best\u00e4mmer\" - Kristdemokraterna i Ydre","og_description":"F\u00f6r en hel del \u00e5r sedan gick en del barn omkring med den devisen p\u00e5 sina tr\u00f6jor. Man kunde se budskapet p\u00e5 flera spr\u00e5k och rent av p\u00e5 olika dialekter. &#8221;Det \u00e4r jag som best\u00e4mmer.&#8221; I ny form kommer denna barnsliga paroll fram hos det ena nationalistiska partiet efter det andra inf\u00f6r EU-valet p\u00e5 s\u00f6ndag. L\u00e4s mer","og_url":"https:\/\/wp.kristdemokraterna.se\/ydre\/2014-05-19-det-ar-jag-som-bestammer\/","og_site_name":"Kristdemokraterna i Ydre","article_modified_time":"2018-07-25T16:00:21+00:00","twitter_card":"summary_large_image","twitter_misc":{"Ber\u00e4knad l\u00e4stid":"2 minuter"},"schema":{"@context":"https:\/\/schema.org","@graph":[{"@type":"WebPage","@id":"https:\/\/wp.kristdemokraterna.se\/ydre\/2014-05-19-det-ar-jag-som-bestammer\/","url":"https:\/\/wp.kristdemokraterna.se\/ydre\/2014-05-19-det-ar-jag-som-bestammer\/","name":"2014-05-19 \"Det \u00e4r jag som best\u00e4mmer\" - Kristdemokraterna i Ydre","isPartOf":{"@id":"https:\/\/wp.kristdemokraterna.se\/ydre\/#website"},"datePublished":"2018-07-25T16:00:09+00:00","dateModified":"2018-07-25T16:00:21+00:00","breadcrumb":{"@id":"https:\/\/wp.kristdemokraterna.se\/ydre\/2014-05-19-det-ar-jag-som-bestammer\/#breadcrumb"},"inLanguage":"sv-SE","potentialAction":[{"@type":"ReadAction","target":["https:\/\/wp.kristdemokraterna.se\/ydre\/2014-05-19-det-ar-jag-som-bestammer\/"]}]},{"@type":"BreadcrumbList","@id":"https:\/\/wp.kristdemokraterna.se\/ydre\/2014-05-19-det-ar-jag-som-bestammer\/#breadcrumb","itemListElement":[{"@type":"ListItem","position":1,"name":"Hem","item":"https:\/\/wp.kristdemokraterna.se\/ydre\/"},{"@type":"ListItem","position":2,"name":"2014-05-19 &#8221;Det \u00e4r jag som best\u00e4mmer&#8221;"}]},{"@type":"WebSite","@id":"https:\/\/wp.kristdemokraterna.se\/ydre\/#website","url":"https:\/\/wp.kristdemokraterna.se\/ydre\/","name":"Kristdemokraterna i Ydre","description":"En till Kristdemokraterna webbplats","inLanguage":"sv-SE"}]}},"_links":{"self":[{"href":"https:\/\/wp.kristdemokraterna.se\/ydre\/wp-json\/wp\/v2\/pages\/1189","targetHints":{"allow":["GET"]}}],"collection":[{"href":"https:\/\/wp.kristdemokraterna.se\/ydre\/wp-json\/wp\/v2\/pages"}],"about":[{"href":"https:\/\/wp.kristdemokraterna.se\/ydre\/wp-json\/wp\/v2\/types\/page"}],"author":[{"embeddable":true,"href":"https:\/\/wp.kristdemokraterna.se\/ydre\/wp-json\/wp\/v2\/users\/793"}],"replies":[{"embeddable":true,"href":"https:\/\/wp.kristdemokraterna.se\/ydre\/wp-json\/wp\/v2\/comments?post=1189"}],"version-history":[{"count":1,"href":"https:\/\/wp.kristdemokraterna.se\/ydre\/wp-json\/wp\/v2\/pages\/1189\/revisions"}],"predecessor-version":[{"id":1190,"href":"https:\/\/wp.kristdemokraterna.se\/ydre\/wp-json\/wp\/v2\/pages\/1189\/revisions\/1190"}],"wp:attachment":[{"href":"https:\/\/wp.kristdemokraterna.se\/ydre\/wp-json\/wp\/v2\/media?parent=1189"}],"curies":[{"name":"wp","href":"https:\/\/api.w.org\/{rel}","templated":true}]}}