{"id":1196,"date":"2018-07-25T18:05:33","date_gmt":"2018-07-25T16:05:33","guid":{"rendered":"http:\/\/wp.kristdemokraterna.se\/ydre\/?page_id=1196"},"modified":"2018-07-25T18:05:55","modified_gmt":"2018-07-25T16:05:55","slug":"2014-05-26-tack-alla-duktiga-kd-are","status":"publish","type":"page","link":"https:\/\/wp.kristdemokraterna.se\/ydre\/2014-05-26-tack-alla-duktiga-kd-are\/","title":{"rendered":"2014-05-26 Tack alla duktiga kd:are!"},"content":{"rendered":"<p><i><b>Ydre h\u00e5ller stilen!<\/b><\/i>\u00a0Valdeltagandet i EU-valet i g\u00e5r den 25 maj 2014 var h\u00f6gre i Ydre (56,3%) \u00e4n p\u00e5 de flesta h\u00e5ll i Sverige. N\u00e5gra storstadskommuner hade h\u00f6gre valdeltagande, likas\u00e5 tv\u00e5 kommuner (H\u00f6gan\u00e4s och Essunga) som samtidigt hade en lokal folkomr\u00f6stning som fick m\u00e5nga att g\u00e5 till vallokalerna.<\/p>\n<p>Gl\u00e4djande var det naturligtvis ocks\u00e5 att det gick s\u00e5 bra f\u00f6r Kristdemokraterna i v\u00e5r kommun. Vi \u00f6kade med 1% till 14,9% och h\u00f6r d\u00e4rmed till de riktigt bra kommunerna f\u00f6r v\u00e5rt parti. I v\u00e5rt l\u00e4n var det bara i \u00d6desh\u00f6g som Kristdemokraterna lyckades b\u00e4ttre. D\u00e4r har man ett kristdemokratiskt kommunalr\u00e5d.<br \/>\nI v\u00e5r avdelning h\u00e4r i Ydre har vi inte haft n\u00e5gra stora resurser varken i fr\u00e5ga om pengar eller betydelsefulla personer. Men vi har haft tre utomordentliga resurser av annat slag:<br \/>\n1) V\u00e5ra medlemmar! Tack allesammans!<br \/>\n2) V\u00e5r inriktning p\u00e5 det\u00a0<i>m\u00e4nskliga<\/i>\u00a0i alla sammanhang.<br \/>\n3) V\u00e5ra utm\u00e4rkta kandidater som det varit roligt att arbeta f\u00f6r.<\/p>\n<p>En liten persomlig sak: I mitt eget valdistrikt (Sund-Svinhult-Norra Vi) blev Kristdemokraterna tv\u00e5a!<\/p>\n<p>Redan i kv\u00e4ll sammantr\u00e4der styrelsen f\u00f6r att planera n\u00e4sta valr\u00f6relse. Ja, den har ju egentligen redan p\u00e5g\u00e5tt en tid. Har vi n\u00e5gon fiende? Jo, v\u00e5r fr\u00e4msta motst\u00e5ndare \u00e4r Sverigedemokraterna. Vi som vill st\u00e5 f\u00f6r det m\u00e4nskliga m\u00e5ste konstatera att vi visserligen blev st\u00f6rre men det var \u00e4nd\u00e5 var nionde r\u00f6stande som tog deras valsedel. Det \u00e4r en utmaning.<\/p>\n<p><b>Vi vill ju att Ydre skall vara just Ydre, ett v\u00e4lsk\u00f6tt och m\u00e4nskligt Ydre!<\/p>\n<p><\/b><span style=\"font-size: large\"><i>Bengt Malm, ordf.<br \/>\n26 maj 2014, dagen efter EU-valet<\/i><\/span><\/p>\n","protected":false},"excerpt":{"rendered":"<p>Ydre h\u00e5ller stilen!\u00a0Valdeltagandet i EU-valet i g\u00e5r den 25 maj 2014 var h\u00f6gre i Ydre (56,3%) \u00e4n p\u00e5 de flesta h\u00e5ll i Sverige. N\u00e5gra storstadskommuner hade h\u00f6gre valdeltagande, likas\u00e5 tv\u00e5 kommuner (H\u00f6gan\u00e4s och Essunga) som samtidigt hade en lokal folkomr\u00f6stning som fick m\u00e5nga att g\u00e5 till vallokalerna. Gl\u00e4djande var det naturligtvis ocks\u00e5 att det gick <a class=\"read-more-link\" href=\"https:\/\/wp.kristdemokraterna.se\/ydre\/2014-05-26-tack-alla-duktiga-kd-are\/\">L\u00e4s mer<\/a><\/p>\n","protected":false},"author":793,"featured_media":0,"parent":0,"menu_order":0,"comment_status":"closed","ping_status":"closed","template":"","meta":{"_acf_changed":false,"footnotes":""},"class_list":["post-1196","page","type-page","status-publish","hentry"],"acf":[],"yoast_head":"<!-- This site is optimized with the Yoast SEO plugin v27.5 - https:\/\/yoast.com\/product\/yoast-seo-wordpress\/ -->\n<title>2014-05-26 Tack alla duktiga kd:are! - Kristdemokraterna i Ydre<\/title>\n<meta name=\"robots\" content=\"index, follow, max-snippet:-1, max-image-preview:large, max-video-preview:-1\" \/>\n<link rel=\"canonical\" href=\"https:\/\/wp.kristdemokraterna.se\/ydre\/2014-05-26-tack-alla-duktiga-kd-are\/\" \/>\n<meta property=\"og:locale\" content=\"sv_SE\" \/>\n<meta property=\"og:type\" content=\"article\" \/>\n<meta property=\"og:title\" content=\"2014-05-26 Tack alla duktiga kd:are! - Kristdemokraterna i Ydre\" \/>\n<meta property=\"og:description\" content=\"Ydre h\u00e5ller stilen!\u00a0Valdeltagandet i EU-valet i g\u00e5r den 25 maj 2014 var h\u00f6gre i Ydre (56,3%) \u00e4n p\u00e5 de flesta h\u00e5ll i Sverige. N\u00e5gra storstadskommuner hade h\u00f6gre valdeltagande, likas\u00e5 tv\u00e5 kommuner (H\u00f6gan\u00e4s och Essunga) som samtidigt hade en lokal folkomr\u00f6stning som fick m\u00e5nga att g\u00e5 till vallokalerna. Gl\u00e4djande var det naturligtvis ocks\u00e5 att det gick L\u00e4s mer\" \/>\n<meta property=\"og:url\" content=\"https:\/\/wp.kristdemokraterna.se\/ydre\/2014-05-26-tack-alla-duktiga-kd-are\/\" \/>\n<meta property=\"og:site_name\" content=\"Kristdemokraterna i Ydre\" \/>\n<meta property=\"article:modified_time\" content=\"2018-07-25T16:05:55+00:00\" \/>\n<meta name=\"twitter:card\" content=\"summary_large_image\" \/>\n<meta name=\"twitter:label1\" content=\"Ber\u00e4knad l\u00e4stid\" \/>\n\t<meta name=\"twitter:data1\" content=\"1 minut\" \/>\n<script type=\"application\/ld+json\" class=\"yoast-schema-graph\">{\"@context\":\"https:\\\/\\\/schema.org\",\"@graph\":[{\"@type\":\"WebPage\",\"@id\":\"https:\\\/\\\/wp.kristdemokraterna.se\\\/ydre\\\/2014-05-26-tack-alla-duktiga-kd-are\\\/\",\"url\":\"https:\\\/\\\/wp.kristdemokraterna.se\\\/ydre\\\/2014-05-26-tack-alla-duktiga-kd-are\\\/\",\"name\":\"2014-05-26 Tack alla duktiga kd:are! - Kristdemokraterna i Ydre\",\"isPartOf\":{\"@id\":\"https:\\\/\\\/wp.kristdemokraterna.se\\\/ydre\\\/#website\"},\"datePublished\":\"2018-07-25T16:05:33+00:00\",\"dateModified\":\"2018-07-25T16:05:55+00:00\",\"breadcrumb\":{\"@id\":\"https:\\\/\\\/wp.kristdemokraterna.se\\\/ydre\\\/2014-05-26-tack-alla-duktiga-kd-are\\\/#breadcrumb\"},\"inLanguage\":\"sv-SE\",\"potentialAction\":[{\"@type\":\"ReadAction\",\"target\":[\"https:\\\/\\\/wp.kristdemokraterna.se\\\/ydre\\\/2014-05-26-tack-alla-duktiga-kd-are\\\/\"]}]},{\"@type\":\"BreadcrumbList\",\"@id\":\"https:\\\/\\\/wp.kristdemokraterna.se\\\/ydre\\\/2014-05-26-tack-alla-duktiga-kd-are\\\/#breadcrumb\",\"itemListElement\":[{\"@type\":\"ListItem\",\"position\":1,\"name\":\"Hem\",\"item\":\"https:\\\/\\\/wp.kristdemokraterna.se\\\/ydre\\\/\"},{\"@type\":\"ListItem\",\"position\":2,\"name\":\"2014-05-26 Tack alla duktiga kd:are!\"}]},{\"@type\":\"WebSite\",\"@id\":\"https:\\\/\\\/wp.kristdemokraterna.se\\\/ydre\\\/#website\",\"url\":\"https:\\\/\\\/wp.kristdemokraterna.se\\\/ydre\\\/\",\"name\":\"Kristdemokraterna i Ydre\",\"description\":\"En till Kristdemokraterna webbplats\",\"inLanguage\":\"sv-SE\"}]}<\/script>\n<!-- \/ Yoast SEO plugin. -->","yoast_head_json":{"title":"2014-05-26 Tack alla duktiga kd:are! - Kristdemokraterna i Ydre","robots":{"index":"index","follow":"follow","max-snippet":"max-snippet:-1","max-image-preview":"max-image-preview:large","max-video-preview":"max-video-preview:-1"},"canonical":"https:\/\/wp.kristdemokraterna.se\/ydre\/2014-05-26-tack-alla-duktiga-kd-are\/","og_locale":"sv_SE","og_type":"article","og_title":"2014-05-26 Tack alla duktiga kd:are! - Kristdemokraterna i Ydre","og_description":"Ydre h\u00e5ller stilen!\u00a0Valdeltagandet i EU-valet i g\u00e5r den 25 maj 2014 var h\u00f6gre i Ydre (56,3%) \u00e4n p\u00e5 de flesta h\u00e5ll i Sverige. N\u00e5gra storstadskommuner hade h\u00f6gre valdeltagande, likas\u00e5 tv\u00e5 kommuner (H\u00f6gan\u00e4s och Essunga) som samtidigt hade en lokal folkomr\u00f6stning som fick m\u00e5nga att g\u00e5 till vallokalerna. Gl\u00e4djande var det naturligtvis ocks\u00e5 att det gick L\u00e4s mer","og_url":"https:\/\/wp.kristdemokraterna.se\/ydre\/2014-05-26-tack-alla-duktiga-kd-are\/","og_site_name":"Kristdemokraterna i Ydre","article_modified_time":"2018-07-25T16:05:55+00:00","twitter_card":"summary_large_image","twitter_misc":{"Ber\u00e4knad l\u00e4stid":"1 minut"},"schema":{"@context":"https:\/\/schema.org","@graph":[{"@type":"WebPage","@id":"https:\/\/wp.kristdemokraterna.se\/ydre\/2014-05-26-tack-alla-duktiga-kd-are\/","url":"https:\/\/wp.kristdemokraterna.se\/ydre\/2014-05-26-tack-alla-duktiga-kd-are\/","name":"2014-05-26 Tack alla duktiga kd:are! - Kristdemokraterna i Ydre","isPartOf":{"@id":"https:\/\/wp.kristdemokraterna.se\/ydre\/#website"},"datePublished":"2018-07-25T16:05:33+00:00","dateModified":"2018-07-25T16:05:55+00:00","breadcrumb":{"@id":"https:\/\/wp.kristdemokraterna.se\/ydre\/2014-05-26-tack-alla-duktiga-kd-are\/#breadcrumb"},"inLanguage":"sv-SE","potentialAction":[{"@type":"ReadAction","target":["https:\/\/wp.kristdemokraterna.se\/ydre\/2014-05-26-tack-alla-duktiga-kd-are\/"]}]},{"@type":"BreadcrumbList","@id":"https:\/\/wp.kristdemokraterna.se\/ydre\/2014-05-26-tack-alla-duktiga-kd-are\/#breadcrumb","itemListElement":[{"@type":"ListItem","position":1,"name":"Hem","item":"https:\/\/wp.kristdemokraterna.se\/ydre\/"},{"@type":"ListItem","position":2,"name":"2014-05-26 Tack alla duktiga kd:are!"}]},{"@type":"WebSite","@id":"https:\/\/wp.kristdemokraterna.se\/ydre\/#website","url":"https:\/\/wp.kristdemokraterna.se\/ydre\/","name":"Kristdemokraterna i Ydre","description":"En till Kristdemokraterna webbplats","inLanguage":"sv-SE"}]}},"_links":{"self":[{"href":"https:\/\/wp.kristdemokraterna.se\/ydre\/wp-json\/wp\/v2\/pages\/1196","targetHints":{"allow":["GET"]}}],"collection":[{"href":"https:\/\/wp.kristdemokraterna.se\/ydre\/wp-json\/wp\/v2\/pages"}],"about":[{"href":"https:\/\/wp.kristdemokraterna.se\/ydre\/wp-json\/wp\/v2\/types\/page"}],"author":[{"embeddable":true,"href":"https:\/\/wp.kristdemokraterna.se\/ydre\/wp-json\/wp\/v2\/users\/793"}],"replies":[{"embeddable":true,"href":"https:\/\/wp.kristdemokraterna.se\/ydre\/wp-json\/wp\/v2\/comments?post=1196"}],"version-history":[{"count":2,"href":"https:\/\/wp.kristdemokraterna.se\/ydre\/wp-json\/wp\/v2\/pages\/1196\/revisions"}],"predecessor-version":[{"id":1198,"href":"https:\/\/wp.kristdemokraterna.se\/ydre\/wp-json\/wp\/v2\/pages\/1196\/revisions\/1198"}],"wp:attachment":[{"href":"https:\/\/wp.kristdemokraterna.se\/ydre\/wp-json\/wp\/v2\/media?parent=1196"}],"curies":[{"name":"wp","href":"https:\/\/api.w.org\/{rel}","templated":true}]}}