{"id":1200,"date":"2018-07-25T18:07:24","date_gmt":"2018-07-25T16:07:24","guid":{"rendered":"http:\/\/wp.kristdemokraterna.se\/ydre\/?page_id=1200"},"modified":"2018-07-25T18:07:24","modified_gmt":"2018-07-25T16:07:24","slug":"2014-06-03-juni-1914-juni-2014","status":"publish","type":"page","link":"https:\/\/wp.kristdemokraterna.se\/ydre\/2014-06-03-juni-1914-juni-2014\/","title":{"rendered":"2014-06-03 Juni 1914 &#8211; juni 2014"},"content":{"rendered":"<p>I dag den 3 juni 2014 har det str\u00e5lande sommarv\u00e4dret bytts ut mot gr\u00e5het med regn emellan\u00e5t. Hur var det f\u00f6r hundra \u00e5r sedan?<br \/>\nDen 15 maj 1914 hade Baltiska utst\u00e4llningen invigts i Malm\u00f6. 1700 utst\u00e4llare fr\u00e5n Sverige, Danmark, Tyskland och Ryssland visade upp exempel p\u00e5 tekniska framg\u00e5ngar och kulturell f\u00f6rfining. Bes\u00f6karna informerades om idrottsliga prestationer och lantbrukets moderna utveckling. Allt var fantastiskt, modernt och \u00f6verd\u00e5digt.<br \/>\nDen 20 maj hade Nathan S\u00f6derblom utn\u00e4mnts till \u00e4rkebiskop och den 28 maj blev Selma Lagerl\u00f6f den f\u00f6rsta kvinnan i Svenska Akademien.<br \/>\nNu n\u00e4rmades sig skolbarnens sommarlov. Men riksdagen skulle inte f\u00e5 ledigt. Den 19 maj hade den h\u00f6gtidligt \u00f6ppnats efter nyval till andra kammaren. Den stora fr\u00e5ga som skulle behandlas var om f\u00f6rsvaret skulle f\u00f6rst\u00e4rkas. Visserligen satt ett av flottans stora skepp p\u00e5 grund sedan vintern men det var allvarligare fr\u00e5gor striden g\u00e4llde. De s.k. f\u00f6rsvarsv\u00e4nnerna kunde inte r\u00e4kna med framg\u00e5ng. De var bara en av tre ungef\u00e4r lika stora partigurpper (de andra var liberalerna och socialdemokraterna).\u00a0<i>M\u00e5ste<\/i>Sverige rusta som en del andra l\u00e4nder? Vi levde ju i \u00e5ngans, elektricitetens och\u00a0<i>fredens<\/i>\u00a0tidevarv.<br \/>\nDet var en fred med f\u00f6r mycket vapen, alldeles f\u00f6r mycket. Bekymrat skickade USA:s president ett s\u00e4rskilt s\u00e4ndebud till Tyskland och Storbritannien. Nog kunde de tre l\u00e4nderna sluta en allians?<br \/>\nJust den 3 juni var s\u00e4ndebudet p\u00e5 v\u00e4g till Storbritannien sedan han i Tyskland tr\u00e4ffat alla viktiga personer. Han rapporterade att han varit framg\u00e5ngsrik, han var hoppfull. Han &#8221;hade kommit en god bit p\u00e5 v\u00e4gen&#8221; att l\u00f6sa det stora problemet: &#8221;B\u00e5de England och Tyskland har en k\u00e4nsla gemensam, och det \u00e4r r\u00e4dslan f\u00f6r varandra&#8221;.<br \/>\nSamma dag var n\u00e5gra unga bosniska serber p\u00e5 resa mot Sarajevo. De hade varit i Serbien och f\u00e5tt vapen f\u00f6r att utf\u00f6ra ett mord avsett att \u00e4ga rum den 28 juni.<br \/>\nF\u00f6r en explosion i Europa beh\u00f6vdes det bara en stubin. Den var redan t\u00e4nd.<br \/>\nDen 3 juni 2014 kan vi summera valet till europaparlamentet f\u00f6r en vecka sedan. All sk\u00f6ns EU-fiender har g\u00e5tt fram\u00e5t. I Storbritannien vann de rent av. F\u00f6r vinnarna \u00e4r m\u00e5let att europasamarbetet skall upph\u00f6ra \u00f6verallt.<br \/>\nSamarbete beh\u00f6vs ju inte. Eller hur?<\/p>\n<p><i>Bengt Malm, ordf.<br \/>\n3 juni 2014<\/i><\/p>\n","protected":false},"excerpt":{"rendered":"<p>I dag den 3 juni 2014 har det str\u00e5lande sommarv\u00e4dret bytts ut mot gr\u00e5het med regn emellan\u00e5t. Hur var det f\u00f6r hundra \u00e5r sedan? Den 15 maj 1914 hade Baltiska utst\u00e4llningen invigts i Malm\u00f6. 1700 utst\u00e4llare fr\u00e5n Sverige, Danmark, Tyskland och Ryssland visade upp exempel p\u00e5 tekniska framg\u00e5ngar och kulturell f\u00f6rfining. Bes\u00f6karna informerades om idrottsliga <a class=\"read-more-link\" href=\"https:\/\/wp.kristdemokraterna.se\/ydre\/2014-06-03-juni-1914-juni-2014\/\">L\u00e4s mer<\/a><\/p>\n","protected":false},"author":793,"featured_media":0,"parent":0,"menu_order":0,"comment_status":"closed","ping_status":"closed","template":"","meta":{"_acf_changed":false,"footnotes":""},"class_list":["post-1200","page","type-page","status-publish","hentry"],"acf":[],"yoast_head":"<!-- This site is optimized with the Yoast SEO plugin v27.5 - https:\/\/yoast.com\/product\/yoast-seo-wordpress\/ -->\n<title>2014-06-03 Juni 1914 - juni 2014 - Kristdemokraterna i Ydre<\/title>\n<meta name=\"robots\" content=\"index, follow, max-snippet:-1, max-image-preview:large, max-video-preview:-1\" \/>\n<link rel=\"canonical\" href=\"https:\/\/wp.kristdemokraterna.se\/ydre\/2014-06-03-juni-1914-juni-2014\/\" \/>\n<meta property=\"og:locale\" content=\"sv_SE\" \/>\n<meta property=\"og:type\" content=\"article\" \/>\n<meta property=\"og:title\" content=\"2014-06-03 Juni 1914 - juni 2014 - Kristdemokraterna i Ydre\" \/>\n<meta property=\"og:description\" content=\"I dag den 3 juni 2014 har det str\u00e5lande sommarv\u00e4dret bytts ut mot gr\u00e5het med regn emellan\u00e5t. Hur var det f\u00f6r hundra \u00e5r sedan? Den 15 maj 1914 hade Baltiska utst\u00e4llningen invigts i Malm\u00f6. 1700 utst\u00e4llare fr\u00e5n Sverige, Danmark, Tyskland och Ryssland visade upp exempel p\u00e5 tekniska framg\u00e5ngar och kulturell f\u00f6rfining. Bes\u00f6karna informerades om idrottsliga L\u00e4s mer\" \/>\n<meta property=\"og:url\" content=\"https:\/\/wp.kristdemokraterna.se\/ydre\/2014-06-03-juni-1914-juni-2014\/\" \/>\n<meta property=\"og:site_name\" content=\"Kristdemokraterna i Ydre\" \/>\n<meta name=\"twitter:card\" content=\"summary_large_image\" \/>\n<meta name=\"twitter:label1\" content=\"Ber\u00e4knad l\u00e4stid\" \/>\n\t<meta name=\"twitter:data1\" content=\"2 minuter\" \/>\n<script type=\"application\/ld+json\" class=\"yoast-schema-graph\">{\"@context\":\"https:\\\/\\\/schema.org\",\"@graph\":[{\"@type\":\"WebPage\",\"@id\":\"https:\\\/\\\/wp.kristdemokraterna.se\\\/ydre\\\/2014-06-03-juni-1914-juni-2014\\\/\",\"url\":\"https:\\\/\\\/wp.kristdemokraterna.se\\\/ydre\\\/2014-06-03-juni-1914-juni-2014\\\/\",\"name\":\"2014-06-03 Juni 1914 - juni 2014 - Kristdemokraterna i Ydre\",\"isPartOf\":{\"@id\":\"https:\\\/\\\/wp.kristdemokraterna.se\\\/ydre\\\/#website\"},\"datePublished\":\"2018-07-25T16:07:24+00:00\",\"breadcrumb\":{\"@id\":\"https:\\\/\\\/wp.kristdemokraterna.se\\\/ydre\\\/2014-06-03-juni-1914-juni-2014\\\/#breadcrumb\"},\"inLanguage\":\"sv-SE\",\"potentialAction\":[{\"@type\":\"ReadAction\",\"target\":[\"https:\\\/\\\/wp.kristdemokraterna.se\\\/ydre\\\/2014-06-03-juni-1914-juni-2014\\\/\"]}]},{\"@type\":\"BreadcrumbList\",\"@id\":\"https:\\\/\\\/wp.kristdemokraterna.se\\\/ydre\\\/2014-06-03-juni-1914-juni-2014\\\/#breadcrumb\",\"itemListElement\":[{\"@type\":\"ListItem\",\"position\":1,\"name\":\"Hem\",\"item\":\"https:\\\/\\\/wp.kristdemokraterna.se\\\/ydre\\\/\"},{\"@type\":\"ListItem\",\"position\":2,\"name\":\"2014-06-03 Juni 1914 &#8211; juni 2014\"}]},{\"@type\":\"WebSite\",\"@id\":\"https:\\\/\\\/wp.kristdemokraterna.se\\\/ydre\\\/#website\",\"url\":\"https:\\\/\\\/wp.kristdemokraterna.se\\\/ydre\\\/\",\"name\":\"Kristdemokraterna i Ydre\",\"description\":\"En till Kristdemokraterna webbplats\",\"inLanguage\":\"sv-SE\"}]}<\/script>\n<!-- \/ Yoast SEO plugin. -->","yoast_head_json":{"title":"2014-06-03 Juni 1914 - juni 2014 - Kristdemokraterna i Ydre","robots":{"index":"index","follow":"follow","max-snippet":"max-snippet:-1","max-image-preview":"max-image-preview:large","max-video-preview":"max-video-preview:-1"},"canonical":"https:\/\/wp.kristdemokraterna.se\/ydre\/2014-06-03-juni-1914-juni-2014\/","og_locale":"sv_SE","og_type":"article","og_title":"2014-06-03 Juni 1914 - juni 2014 - Kristdemokraterna i Ydre","og_description":"I dag den 3 juni 2014 har det str\u00e5lande sommarv\u00e4dret bytts ut mot gr\u00e5het med regn emellan\u00e5t. Hur var det f\u00f6r hundra \u00e5r sedan? Den 15 maj 1914 hade Baltiska utst\u00e4llningen invigts i Malm\u00f6. 1700 utst\u00e4llare fr\u00e5n Sverige, Danmark, Tyskland och Ryssland visade upp exempel p\u00e5 tekniska framg\u00e5ngar och kulturell f\u00f6rfining. Bes\u00f6karna informerades om idrottsliga L\u00e4s mer","og_url":"https:\/\/wp.kristdemokraterna.se\/ydre\/2014-06-03-juni-1914-juni-2014\/","og_site_name":"Kristdemokraterna i Ydre","twitter_card":"summary_large_image","twitter_misc":{"Ber\u00e4knad l\u00e4stid":"2 minuter"},"schema":{"@context":"https:\/\/schema.org","@graph":[{"@type":"WebPage","@id":"https:\/\/wp.kristdemokraterna.se\/ydre\/2014-06-03-juni-1914-juni-2014\/","url":"https:\/\/wp.kristdemokraterna.se\/ydre\/2014-06-03-juni-1914-juni-2014\/","name":"2014-06-03 Juni 1914 - juni 2014 - Kristdemokraterna i Ydre","isPartOf":{"@id":"https:\/\/wp.kristdemokraterna.se\/ydre\/#website"},"datePublished":"2018-07-25T16:07:24+00:00","breadcrumb":{"@id":"https:\/\/wp.kristdemokraterna.se\/ydre\/2014-06-03-juni-1914-juni-2014\/#breadcrumb"},"inLanguage":"sv-SE","potentialAction":[{"@type":"ReadAction","target":["https:\/\/wp.kristdemokraterna.se\/ydre\/2014-06-03-juni-1914-juni-2014\/"]}]},{"@type":"BreadcrumbList","@id":"https:\/\/wp.kristdemokraterna.se\/ydre\/2014-06-03-juni-1914-juni-2014\/#breadcrumb","itemListElement":[{"@type":"ListItem","position":1,"name":"Hem","item":"https:\/\/wp.kristdemokraterna.se\/ydre\/"},{"@type":"ListItem","position":2,"name":"2014-06-03 Juni 1914 &#8211; juni 2014"}]},{"@type":"WebSite","@id":"https:\/\/wp.kristdemokraterna.se\/ydre\/#website","url":"https:\/\/wp.kristdemokraterna.se\/ydre\/","name":"Kristdemokraterna i Ydre","description":"En till Kristdemokraterna webbplats","inLanguage":"sv-SE"}]}},"_links":{"self":[{"href":"https:\/\/wp.kristdemokraterna.se\/ydre\/wp-json\/wp\/v2\/pages\/1200","targetHints":{"allow":["GET"]}}],"collection":[{"href":"https:\/\/wp.kristdemokraterna.se\/ydre\/wp-json\/wp\/v2\/pages"}],"about":[{"href":"https:\/\/wp.kristdemokraterna.se\/ydre\/wp-json\/wp\/v2\/types\/page"}],"author":[{"embeddable":true,"href":"https:\/\/wp.kristdemokraterna.se\/ydre\/wp-json\/wp\/v2\/users\/793"}],"replies":[{"embeddable":true,"href":"https:\/\/wp.kristdemokraterna.se\/ydre\/wp-json\/wp\/v2\/comments?post=1200"}],"version-history":[{"count":1,"href":"https:\/\/wp.kristdemokraterna.se\/ydre\/wp-json\/wp\/v2\/pages\/1200\/revisions"}],"predecessor-version":[{"id":1201,"href":"https:\/\/wp.kristdemokraterna.se\/ydre\/wp-json\/wp\/v2\/pages\/1200\/revisions\/1201"}],"wp:attachment":[{"href":"https:\/\/wp.kristdemokraterna.se\/ydre\/wp-json\/wp\/v2\/media?parent=1200"}],"curies":[{"name":"wp","href":"https:\/\/api.w.org\/{rel}","templated":true}]}}