{"id":1202,"date":"2018-07-25T18:08:57","date_gmt":"2018-07-25T16:08:57","guid":{"rendered":"http:\/\/wp.kristdemokraterna.se\/ydre\/?page_id=1202"},"modified":"2018-07-25T18:09:11","modified_gmt":"2018-07-25T16:09:11","slug":"2014-06-09-en-dag-i-juni","status":"publish","type":"page","link":"https:\/\/wp.kristdemokraterna.se\/ydre\/2014-06-09-en-dag-i-juni\/","title":{"rendered":"2014-06-09 En dag i juni"},"content":{"rendered":"<h2><img loading=\"lazy\" decoding=\"async\" style=\"font-size: 16px\" src=\"http:\/\/ydrebo.se\/kd\/veckobrev\/flagga_svensk.gif\" width=\"68\" height=\"50\" \/><\/h2>\n<p>&#8221;Jag skall ock med liv och blod f\u00f6rsvara det Konungsliga v\u00e4ldet samt Riksdagens r\u00e4ttigheter&#8230;&#8221; Justitieministern l\u00e4ste och det nya statsr\u00e5det svarade: &#8221;Jag skall ock med liv och blod f\u00f6rsvara det Konungsliga v\u00e4ldet samt Riksdagens r\u00e4ttigheter&#8230;&#8221;<br \/>\nS\u00e5 gick det till fram till 1958 n\u00e4r ett nyutn\u00e4mnt statsr\u00e5d avlade sin ed. Det verkar sj\u00e4lvklart att Sverige skall ha sin egen kung och allts\u00e5 vara sj\u00e4lvst\u00e4ndigt. Hur l\u00e4nge har det varit s\u00e5?<br \/>\nDen 6 juni 1523 valde Sveriges riksdag Gustaf av \u00e4tten Vasa till v\u00e5rt lands kung. Valet skedde i Str\u00e4ngn\u00e4s. Stockholm var d\u00e5 fortfarande i utl\u00e4ndsk hand. Men n\u00e5gra veckor senare, p\u00e5 midsommarafton, kunde den nye kungen h\u00f6gtidligen t\u00e5ga in i huvudstaden. Sedan dess har Stockholm f\u00e5tt vara i fred, l\u00e4ngre \u00e4n n\u00e5gon annan huvudstad i v\u00e4rlden.<br \/>\nDet var allts\u00e5 riksdagen som valde kung den g\u00e5ngen. Riksdagen har alltid haft &#8221;r\u00e4ttigheter&#8221; som det stod i statsr\u00e5dseden. Ett viktigt beslut togs n\u00e4r en ny grundlag antogs den 6 juni 1809. N\u00e4r vi fick den nuvarande grundlagen ans\u00e5gs grundid\u00e9n med 1809 \u00e5rs f\u00f6rfattning vara kvar. En del av det som stod d\u00e4r verkade s\u00e5 sj\u00e4lvklart att det inte beh\u00f6vde s\u00e4gas. Ett exempel var formuleringen &#8221;Konungen b\u00f6r &#8230; ingens samvete tvinga eller tvinga l\u00e5ta&#8221;.<br \/>\nMen \u00e4r politisk frihet och samvetsfrihet s\u00e5 sj\u00e4lvklara? Samtidigt som vi h\u00e4romdagen kunde fira Svenska Flaggans dag, just den 6 juni, firade man i Frankrike 70-\u00e5rsdagen av den stora invasionen. Det var den 6 juni 1944 som allierade trupper landsteg p\u00e5 Normandies kust f\u00f6r att \u00e5terge Europa dess frihet.<br \/>\nMen fortfarande sitter friheten tr\u00e5ngt p\u00e5 m\u00e5nga h\u00e5ll. Det p\u00e5st\u00e5s att utlandsf\u00f6dda svenskar (som jag) s\u00e4tter s\u00e4rskilt stort v\u00e4rde p\u00e5 nationaldagen. Kanske k\u00e4nns friheten alltf\u00f6r sj\u00e4lvklar. Kan vi vara s\u00e4kra p\u00e5 att t.ex. samvetsfriheten inte beh\u00f6ver f\u00f6rsvaras?<\/p>\n<p><img loading=\"lazy\" decoding=\"async\" src=\"http:\/\/ydrebo.se\/kd\/veckobrev\/flagga_svensk.gif\" width=\"68\" height=\"50\" \/><\/p>\n<p><i>Bengt Malm, ordf.<br \/>\n9 juni 2014<\/i><\/p>\n<p>&nbsp;<\/p>\n","protected":false},"excerpt":{"rendered":"<p>&#8221;Jag skall ock med liv och blod f\u00f6rsvara det Konungsliga v\u00e4ldet samt Riksdagens r\u00e4ttigheter&#8230;&#8221; Justitieministern l\u00e4ste och det nya statsr\u00e5det svarade: &#8221;Jag skall ock med liv och blod f\u00f6rsvara det Konungsliga v\u00e4ldet samt Riksdagens r\u00e4ttigheter&#8230;&#8221; S\u00e5 gick det till fram till 1958 n\u00e4r ett nyutn\u00e4mnt statsr\u00e5d avlade sin ed. Det verkar sj\u00e4lvklart att Sverige skall <a class=\"read-more-link\" href=\"https:\/\/wp.kristdemokraterna.se\/ydre\/2014-06-09-en-dag-i-juni\/\">L\u00e4s mer<\/a><\/p>\n","protected":false},"author":793,"featured_media":0,"parent":0,"menu_order":0,"comment_status":"closed","ping_status":"closed","template":"","meta":{"_acf_changed":false,"footnotes":""},"class_list":["post-1202","page","type-page","status-publish","hentry"],"acf":[],"yoast_head":"<!-- This site is optimized with the Yoast SEO plugin v27.5 - https:\/\/yoast.com\/product\/yoast-seo-wordpress\/ -->\n<title>2014-06-09 En dag i juni - Kristdemokraterna i Ydre<\/title>\n<meta name=\"robots\" content=\"index, follow, max-snippet:-1, max-image-preview:large, max-video-preview:-1\" \/>\n<link rel=\"canonical\" href=\"https:\/\/wp.kristdemokraterna.se\/ydre\/2014-06-09-en-dag-i-juni\/\" \/>\n<meta property=\"og:locale\" content=\"sv_SE\" \/>\n<meta property=\"og:type\" content=\"article\" \/>\n<meta property=\"og:title\" content=\"2014-06-09 En dag i juni - Kristdemokraterna i Ydre\" \/>\n<meta property=\"og:description\" content=\"&#8221;Jag skall ock med liv och blod f\u00f6rsvara det Konungsliga v\u00e4ldet samt Riksdagens r\u00e4ttigheter&#8230;&#8221; Justitieministern l\u00e4ste och det nya statsr\u00e5det svarade: &#8221;Jag skall ock med liv och blod f\u00f6rsvara det Konungsliga v\u00e4ldet samt Riksdagens r\u00e4ttigheter&#8230;&#8221; S\u00e5 gick det till fram till 1958 n\u00e4r ett nyutn\u00e4mnt statsr\u00e5d avlade sin ed. Det verkar sj\u00e4lvklart att Sverige skall L\u00e4s mer\" \/>\n<meta property=\"og:url\" content=\"https:\/\/wp.kristdemokraterna.se\/ydre\/2014-06-09-en-dag-i-juni\/\" \/>\n<meta property=\"og:site_name\" content=\"Kristdemokraterna i Ydre\" \/>\n<meta property=\"article:modified_time\" content=\"2018-07-25T16:09:11+00:00\" \/>\n<meta property=\"og:image\" content=\"http:\/\/ydrebo.se\/kd\/veckobrev\/flagga_svensk.gif\" \/>\n<meta name=\"twitter:card\" content=\"summary_large_image\" \/>\n<meta name=\"twitter:label1\" content=\"Ber\u00e4knad l\u00e4stid\" \/>\n\t<meta name=\"twitter:data1\" content=\"2 minuter\" \/>\n<script type=\"application\/ld+json\" class=\"yoast-schema-graph\">{\"@context\":\"https:\\\/\\\/schema.org\",\"@graph\":[{\"@type\":\"WebPage\",\"@id\":\"https:\\\/\\\/wp.kristdemokraterna.se\\\/ydre\\\/2014-06-09-en-dag-i-juni\\\/\",\"url\":\"https:\\\/\\\/wp.kristdemokraterna.se\\\/ydre\\\/2014-06-09-en-dag-i-juni\\\/\",\"name\":\"2014-06-09 En dag i juni - Kristdemokraterna i Ydre\",\"isPartOf\":{\"@id\":\"https:\\\/\\\/wp.kristdemokraterna.se\\\/ydre\\\/#website\"},\"primaryImageOfPage\":{\"@id\":\"https:\\\/\\\/wp.kristdemokraterna.se\\\/ydre\\\/2014-06-09-en-dag-i-juni\\\/#primaryimage\"},\"image\":{\"@id\":\"https:\\\/\\\/wp.kristdemokraterna.se\\\/ydre\\\/2014-06-09-en-dag-i-juni\\\/#primaryimage\"},\"thumbnailUrl\":\"http:\\\/\\\/ydrebo.se\\\/kd\\\/veckobrev\\\/flagga_svensk.gif\",\"datePublished\":\"2018-07-25T16:08:57+00:00\",\"dateModified\":\"2018-07-25T16:09:11+00:00\",\"breadcrumb\":{\"@id\":\"https:\\\/\\\/wp.kristdemokraterna.se\\\/ydre\\\/2014-06-09-en-dag-i-juni\\\/#breadcrumb\"},\"inLanguage\":\"sv-SE\",\"potentialAction\":[{\"@type\":\"ReadAction\",\"target\":[\"https:\\\/\\\/wp.kristdemokraterna.se\\\/ydre\\\/2014-06-09-en-dag-i-juni\\\/\"]}]},{\"@type\":\"ImageObject\",\"inLanguage\":\"sv-SE\",\"@id\":\"https:\\\/\\\/wp.kristdemokraterna.se\\\/ydre\\\/2014-06-09-en-dag-i-juni\\\/#primaryimage\",\"url\":\"http:\\\/\\\/ydrebo.se\\\/kd\\\/veckobrev\\\/flagga_svensk.gif\",\"contentUrl\":\"http:\\\/\\\/ydrebo.se\\\/kd\\\/veckobrev\\\/flagga_svensk.gif\"},{\"@type\":\"BreadcrumbList\",\"@id\":\"https:\\\/\\\/wp.kristdemokraterna.se\\\/ydre\\\/2014-06-09-en-dag-i-juni\\\/#breadcrumb\",\"itemListElement\":[{\"@type\":\"ListItem\",\"position\":1,\"name\":\"Hem\",\"item\":\"https:\\\/\\\/wp.kristdemokraterna.se\\\/ydre\\\/\"},{\"@type\":\"ListItem\",\"position\":2,\"name\":\"2014-06-09 En dag i juni\"}]},{\"@type\":\"WebSite\",\"@id\":\"https:\\\/\\\/wp.kristdemokraterna.se\\\/ydre\\\/#website\",\"url\":\"https:\\\/\\\/wp.kristdemokraterna.se\\\/ydre\\\/\",\"name\":\"Kristdemokraterna i Ydre\",\"description\":\"En till Kristdemokraterna webbplats\",\"inLanguage\":\"sv-SE\"}]}<\/script>\n<!-- \/ Yoast SEO plugin. -->","yoast_head_json":{"title":"2014-06-09 En dag i juni - Kristdemokraterna i Ydre","robots":{"index":"index","follow":"follow","max-snippet":"max-snippet:-1","max-image-preview":"max-image-preview:large","max-video-preview":"max-video-preview:-1"},"canonical":"https:\/\/wp.kristdemokraterna.se\/ydre\/2014-06-09-en-dag-i-juni\/","og_locale":"sv_SE","og_type":"article","og_title":"2014-06-09 En dag i juni - Kristdemokraterna i Ydre","og_description":"&#8221;Jag skall ock med liv och blod f\u00f6rsvara det Konungsliga v\u00e4ldet samt Riksdagens r\u00e4ttigheter&#8230;&#8221; Justitieministern l\u00e4ste och det nya statsr\u00e5det svarade: &#8221;Jag skall ock med liv och blod f\u00f6rsvara det Konungsliga v\u00e4ldet samt Riksdagens r\u00e4ttigheter&#8230;&#8221; S\u00e5 gick det till fram till 1958 n\u00e4r ett nyutn\u00e4mnt statsr\u00e5d avlade sin ed. Det verkar sj\u00e4lvklart att Sverige skall L\u00e4s mer","og_url":"https:\/\/wp.kristdemokraterna.se\/ydre\/2014-06-09-en-dag-i-juni\/","og_site_name":"Kristdemokraterna i Ydre","article_modified_time":"2018-07-25T16:09:11+00:00","og_image":[{"url":"http:\/\/ydrebo.se\/kd\/veckobrev\/flagga_svensk.gif","type":"","width":"","height":""}],"twitter_card":"summary_large_image","twitter_misc":{"Ber\u00e4knad l\u00e4stid":"2 minuter"},"schema":{"@context":"https:\/\/schema.org","@graph":[{"@type":"WebPage","@id":"https:\/\/wp.kristdemokraterna.se\/ydre\/2014-06-09-en-dag-i-juni\/","url":"https:\/\/wp.kristdemokraterna.se\/ydre\/2014-06-09-en-dag-i-juni\/","name":"2014-06-09 En dag i juni - Kristdemokraterna i Ydre","isPartOf":{"@id":"https:\/\/wp.kristdemokraterna.se\/ydre\/#website"},"primaryImageOfPage":{"@id":"https:\/\/wp.kristdemokraterna.se\/ydre\/2014-06-09-en-dag-i-juni\/#primaryimage"},"image":{"@id":"https:\/\/wp.kristdemokraterna.se\/ydre\/2014-06-09-en-dag-i-juni\/#primaryimage"},"thumbnailUrl":"http:\/\/ydrebo.se\/kd\/veckobrev\/flagga_svensk.gif","datePublished":"2018-07-25T16:08:57+00:00","dateModified":"2018-07-25T16:09:11+00:00","breadcrumb":{"@id":"https:\/\/wp.kristdemokraterna.se\/ydre\/2014-06-09-en-dag-i-juni\/#breadcrumb"},"inLanguage":"sv-SE","potentialAction":[{"@type":"ReadAction","target":["https:\/\/wp.kristdemokraterna.se\/ydre\/2014-06-09-en-dag-i-juni\/"]}]},{"@type":"ImageObject","inLanguage":"sv-SE","@id":"https:\/\/wp.kristdemokraterna.se\/ydre\/2014-06-09-en-dag-i-juni\/#primaryimage","url":"http:\/\/ydrebo.se\/kd\/veckobrev\/flagga_svensk.gif","contentUrl":"http:\/\/ydrebo.se\/kd\/veckobrev\/flagga_svensk.gif"},{"@type":"BreadcrumbList","@id":"https:\/\/wp.kristdemokraterna.se\/ydre\/2014-06-09-en-dag-i-juni\/#breadcrumb","itemListElement":[{"@type":"ListItem","position":1,"name":"Hem","item":"https:\/\/wp.kristdemokraterna.se\/ydre\/"},{"@type":"ListItem","position":2,"name":"2014-06-09 En dag i juni"}]},{"@type":"WebSite","@id":"https:\/\/wp.kristdemokraterna.se\/ydre\/#website","url":"https:\/\/wp.kristdemokraterna.se\/ydre\/","name":"Kristdemokraterna i Ydre","description":"En till Kristdemokraterna webbplats","inLanguage":"sv-SE"}]}},"_links":{"self":[{"href":"https:\/\/wp.kristdemokraterna.se\/ydre\/wp-json\/wp\/v2\/pages\/1202","targetHints":{"allow":["GET"]}}],"collection":[{"href":"https:\/\/wp.kristdemokraterna.se\/ydre\/wp-json\/wp\/v2\/pages"}],"about":[{"href":"https:\/\/wp.kristdemokraterna.se\/ydre\/wp-json\/wp\/v2\/types\/page"}],"author":[{"embeddable":true,"href":"https:\/\/wp.kristdemokraterna.se\/ydre\/wp-json\/wp\/v2\/users\/793"}],"replies":[{"embeddable":true,"href":"https:\/\/wp.kristdemokraterna.se\/ydre\/wp-json\/wp\/v2\/comments?post=1202"}],"version-history":[{"count":2,"href":"https:\/\/wp.kristdemokraterna.se\/ydre\/wp-json\/wp\/v2\/pages\/1202\/revisions"}],"predecessor-version":[{"id":1204,"href":"https:\/\/wp.kristdemokraterna.se\/ydre\/wp-json\/wp\/v2\/pages\/1202\/revisions\/1204"}],"wp:attachment":[{"href":"https:\/\/wp.kristdemokraterna.se\/ydre\/wp-json\/wp\/v2\/media?parent=1202"}],"curies":[{"name":"wp","href":"https:\/\/api.w.org\/{rel}","templated":true}]}}