{"id":1206,"date":"2018-07-25T18:11:02","date_gmt":"2018-07-25T16:11:02","guid":{"rendered":"http:\/\/wp.kristdemokraterna.se\/ydre\/?page_id=1206"},"modified":"2018-07-25T18:12:02","modified_gmt":"2018-07-25T16:12:02","slug":"2014-06-17-valkommen-till-var-nya-underbara-sophog-eller-nar-pengarna-far-vingar-eller-drommens-uppfyllelse","status":"publish","type":"page","link":"https:\/\/wp.kristdemokraterna.se\/ydre\/2014-06-17-valkommen-till-var-nya-underbara-sophog-eller-nar-pengarna-far-vingar-eller-drommens-uppfyllelse\/","title":{"rendered":"2014-06-17 V\u00e4lkommen till v\u00e5r nya underbara soph\u00f6g! eller N\u00e4r pengarna f\u00e5r vingar eller Dr\u00f6mmens uppfyllelse"},"content":{"rendered":"<p><img loading=\"lazy\" decoding=\"async\" style=\"font-size: 16px\" src=\"http:\/\/ydrebo.se\/kd\/veckobrev\/holk.jpg\" width=\"400\" height=\"294\" border=\"0\" \/><br \/>\n<i>I have a dream<\/p>\n<p><\/i>F\u00f6rsommaren \u00e4r en tid f\u00f6r dr\u00f6mmar. F\u00e5glarna har ungar som snart v\u00e4xer ur boet och m\u00f6ter livet p\u00e5 egna vingar. Skolbarnen har just b\u00f6rjat sommarlovet. Deras f\u00f6r\u00e4ldrar kanske har dr\u00f6mmar f\u00f6r semestern. Gamla som unga kan dr\u00f6mma om vackra underbara sommardagar.<br \/>\nAndra dr\u00f6mmer redan om tiden efter lovet och semestrarna. Kanske dr\u00f6mmer skolans och socialtj\u00e4nstens folk om b\u00e4ttre resurser. L\u00e4rare kan t.ex. dr\u00f6mma om att \u00e4ntligen f\u00e5 nya l\u00e4rob\u00f6cker. Skall vi s\u00e4ga att det kan de dr\u00f6mma om?<br \/>\nYdre kommun dr\u00f6mmer om fler och st\u00f6rre industrier. Men var skall de ligga? Det finns en dr\u00f6m som \u00e4r gammal, mycket gammal, en dr\u00f6m om ett industriomr\u00e5de ute i den vackraste av skogar. Det har ju funnits n\u00e4ringsliv f\u00f6rut mitt ute i skogen.<\/p>\n<p><img loading=\"lazy\" decoding=\"async\" src=\"http:\/\/ydrebo.se\/kd\/veckobrev\/kolarkoja.jpg\" width=\"400\" height=\"301\" border=\"0\" \/><br \/>\n<i>Gammalt industriomr\u00e5de i Ydre (kolarkoja)<\/p>\n<p><\/i>Den urgamla pojkdr\u00f6mmen handlar om ett industriomr\u00e5de n\u00e4ra r\u00e4ddningsstationen och de vackra v\u00e5tmarkerna och skogsbackarna intill elljussp\u00e5ret vid \u00d6sterbymo. Samtidigt som man t\u00e4nker ansl\u00e5 en halv million kronor till att f\u00f6rb\u00e4ttra v\u00e5ra samh\u00e4llens yttre milj\u00f6 vill man satsa tv\u00e5 millioner p\u00e5 f\u00f6rst\u00f6relse av milj\u00f6n genom att g\u00f6ra i ordning industrimark mitt i det vackra str\u00f6vomr\u00e5det.<br \/>\nMen hur skall man f\u00e5 dit en industri? Det \u00e4r hur enkelt som helst. Det \u00e4r bara att flytta dit en, n\u00e4mligen v\u00e5r \u00e5tervinningsanl\u00e4ggning. Skulle det inte vara billigare att l\u00e5ta sopstationen vara kvar och l\u00e5ta industrimarken v\u00e4nta p\u00e5 n\u00e5gon helt ny intressent? Jo, men d\u00e5\u00a0<i>investerar<\/i>\u00a0vi ju inte lika mycket! Visserligen finns det ingen som just nu vill ha sopstationens nuvarande plats (som m\u00e5ste g\u00f6ras i ordning ocks\u00e5 den f\u00f6r inte s\u00e5 litet pengar).\u00a0<i>Men det kan ju komma n\u00e5gon som vill vara d\u00e4r<\/i>.<br \/>\nMen varf\u00f6r inte g\u00f6ra i ordning industrimark s\u00f6der om bensinstationen? Det \u00e4r ju mark som kommunen redan \u00e4ger n\u00e4ra busstationen och centrum och som faktiskt \u00e4r avsedd f\u00f6r det \u00e4ndam\u00e5let.\u00a0<i>Men d\u00e5 g\u00e5r ju den gamla dr\u00f6mmen inte i uppfyllelse!<\/i><\/p>\n<p><i>I have a dream&#8230;<\/i><\/p>\n<p>En l\u00e4kare i en s\u00e4rskilt orolig del av Afrika har ber\u00e4ttat: &#8221;Jag ville veta, jag ville f\u00f6rst\u00e5, och skolan var det perfekta forumet f\u00f6r mig.&#8221; Om v\u00e5ra barn i Ydre har samma dr\u00f6mmar m\u00e5ste vi g\u00f6ra vad vi kan f\u00f6r att de skall f\u00f6rverkligas. D\u00e5 m\u00e5ste vi investera r\u00e4tt.<\/p>\n<p><img loading=\"lazy\" decoding=\"async\" src=\"http:\/\/ydrebo.se\/kd\/veckobrev\/skogsstig.jpg\" width=\"400\" height=\"297\" border=\"0\" \/><br \/>\n<i>Det finns en v\u00e4g f\u00f6r Ydre<\/p>\n<p><\/i><span style=\"font-size: large\"><i>Bengt Malm, ordf., ledamot i skolberedningen<br \/>\n17 juni 2014<\/i><\/span><\/p>\n","protected":false},"excerpt":{"rendered":"<p>I have a dream F\u00f6rsommaren \u00e4r en tid f\u00f6r dr\u00f6mmar. F\u00e5glarna har ungar som snart v\u00e4xer ur boet och m\u00f6ter livet p\u00e5 egna vingar. Skolbarnen har just b\u00f6rjat sommarlovet. Deras f\u00f6r\u00e4ldrar kanske har dr\u00f6mmar f\u00f6r semestern. Gamla som unga kan dr\u00f6mma om vackra underbara sommardagar. Andra dr\u00f6mmer redan om tiden efter lovet och semestrarna. Kanske <a class=\"read-more-link\" href=\"https:\/\/wp.kristdemokraterna.se\/ydre\/2014-06-17-valkommen-till-var-nya-underbara-sophog-eller-nar-pengarna-far-vingar-eller-drommens-uppfyllelse\/\">L\u00e4s mer<\/a><\/p>\n","protected":false},"author":793,"featured_media":0,"parent":0,"menu_order":0,"comment_status":"closed","ping_status":"closed","template":"","meta":{"_acf_changed":false,"footnotes":""},"class_list":["post-1206","page","type-page","status-publish","hentry"],"acf":[],"yoast_head":"<!-- This site is optimized with the Yoast SEO plugin v27.5 - https:\/\/yoast.com\/product\/yoast-seo-wordpress\/ -->\n<title>2014-06-17 V\u00e4lkommen till v\u00e5r nya underbara soph\u00f6g! eller N\u00e4r pengarna f\u00e5r vingar eller Dr\u00f6mmens uppfyllelse - Kristdemokraterna i Ydre<\/title>\n<meta name=\"robots\" content=\"index, follow, max-snippet:-1, max-image-preview:large, max-video-preview:-1\" \/>\n<link rel=\"canonical\" href=\"https:\/\/wp.kristdemokraterna.se\/ydre\/2014-06-17-valkommen-till-var-nya-underbara-sophog-eller-nar-pengarna-far-vingar-eller-drommens-uppfyllelse\/\" \/>\n<meta property=\"og:locale\" content=\"sv_SE\" \/>\n<meta property=\"og:type\" content=\"article\" \/>\n<meta property=\"og:title\" content=\"2014-06-17 V\u00e4lkommen till v\u00e5r nya underbara soph\u00f6g! eller N\u00e4r pengarna f\u00e5r vingar eller Dr\u00f6mmens uppfyllelse - Kristdemokraterna i Ydre\" \/>\n<meta property=\"og:description\" content=\"I have a dream F\u00f6rsommaren \u00e4r en tid f\u00f6r dr\u00f6mmar. F\u00e5glarna har ungar som snart v\u00e4xer ur boet och m\u00f6ter livet p\u00e5 egna vingar. Skolbarnen har just b\u00f6rjat sommarlovet. Deras f\u00f6r\u00e4ldrar kanske har dr\u00f6mmar f\u00f6r semestern. Gamla som unga kan dr\u00f6mma om vackra underbara sommardagar. Andra dr\u00f6mmer redan om tiden efter lovet och semestrarna. Kanske L\u00e4s mer\" \/>\n<meta property=\"og:url\" content=\"https:\/\/wp.kristdemokraterna.se\/ydre\/2014-06-17-valkommen-till-var-nya-underbara-sophog-eller-nar-pengarna-far-vingar-eller-drommens-uppfyllelse\/\" \/>\n<meta property=\"og:site_name\" content=\"Kristdemokraterna i Ydre\" \/>\n<meta property=\"article:modified_time\" content=\"2018-07-25T16:12:02+00:00\" \/>\n<meta property=\"og:image\" content=\"http:\/\/ydrebo.se\/kd\/veckobrev\/holk.jpg\" \/>\n<meta name=\"twitter:card\" content=\"summary_large_image\" \/>\n<meta name=\"twitter:label1\" content=\"Ber\u00e4knad l\u00e4stid\" \/>\n\t<meta name=\"twitter:data1\" content=\"2 minuter\" \/>\n<script type=\"application\/ld+json\" class=\"yoast-schema-graph\">{\"@context\":\"https:\\\/\\\/schema.org\",\"@graph\":[{\"@type\":\"WebPage\",\"@id\":\"https:\\\/\\\/wp.kristdemokraterna.se\\\/ydre\\\/2014-06-17-valkommen-till-var-nya-underbara-sophog-eller-nar-pengarna-far-vingar-eller-drommens-uppfyllelse\\\/\",\"url\":\"https:\\\/\\\/wp.kristdemokraterna.se\\\/ydre\\\/2014-06-17-valkommen-till-var-nya-underbara-sophog-eller-nar-pengarna-far-vingar-eller-drommens-uppfyllelse\\\/\",\"name\":\"2014-06-17 V\u00e4lkommen till v\u00e5r nya underbara soph\u00f6g! eller N\u00e4r pengarna f\u00e5r vingar eller Dr\u00f6mmens uppfyllelse - Kristdemokraterna i Ydre\",\"isPartOf\":{\"@id\":\"https:\\\/\\\/wp.kristdemokraterna.se\\\/ydre\\\/#website\"},\"primaryImageOfPage\":{\"@id\":\"https:\\\/\\\/wp.kristdemokraterna.se\\\/ydre\\\/2014-06-17-valkommen-till-var-nya-underbara-sophog-eller-nar-pengarna-far-vingar-eller-drommens-uppfyllelse\\\/#primaryimage\"},\"image\":{\"@id\":\"https:\\\/\\\/wp.kristdemokraterna.se\\\/ydre\\\/2014-06-17-valkommen-till-var-nya-underbara-sophog-eller-nar-pengarna-far-vingar-eller-drommens-uppfyllelse\\\/#primaryimage\"},\"thumbnailUrl\":\"http:\\\/\\\/ydrebo.se\\\/kd\\\/veckobrev\\\/holk.jpg\",\"datePublished\":\"2018-07-25T16:11:02+00:00\",\"dateModified\":\"2018-07-25T16:12:02+00:00\",\"breadcrumb\":{\"@id\":\"https:\\\/\\\/wp.kristdemokraterna.se\\\/ydre\\\/2014-06-17-valkommen-till-var-nya-underbara-sophog-eller-nar-pengarna-far-vingar-eller-drommens-uppfyllelse\\\/#breadcrumb\"},\"inLanguage\":\"sv-SE\",\"potentialAction\":[{\"@type\":\"ReadAction\",\"target\":[\"https:\\\/\\\/wp.kristdemokraterna.se\\\/ydre\\\/2014-06-17-valkommen-till-var-nya-underbara-sophog-eller-nar-pengarna-far-vingar-eller-drommens-uppfyllelse\\\/\"]}]},{\"@type\":\"ImageObject\",\"inLanguage\":\"sv-SE\",\"@id\":\"https:\\\/\\\/wp.kristdemokraterna.se\\\/ydre\\\/2014-06-17-valkommen-till-var-nya-underbara-sophog-eller-nar-pengarna-far-vingar-eller-drommens-uppfyllelse\\\/#primaryimage\",\"url\":\"http:\\\/\\\/ydrebo.se\\\/kd\\\/veckobrev\\\/holk.jpg\",\"contentUrl\":\"http:\\\/\\\/ydrebo.se\\\/kd\\\/veckobrev\\\/holk.jpg\"},{\"@type\":\"BreadcrumbList\",\"@id\":\"https:\\\/\\\/wp.kristdemokraterna.se\\\/ydre\\\/2014-06-17-valkommen-till-var-nya-underbara-sophog-eller-nar-pengarna-far-vingar-eller-drommens-uppfyllelse\\\/#breadcrumb\",\"itemListElement\":[{\"@type\":\"ListItem\",\"position\":1,\"name\":\"Hem\",\"item\":\"https:\\\/\\\/wp.kristdemokraterna.se\\\/ydre\\\/\"},{\"@type\":\"ListItem\",\"position\":2,\"name\":\"2014-06-17 V\u00e4lkommen till v\u00e5r nya underbara soph\u00f6g! eller N\u00e4r pengarna f\u00e5r vingar eller Dr\u00f6mmens uppfyllelse\"}]},{\"@type\":\"WebSite\",\"@id\":\"https:\\\/\\\/wp.kristdemokraterna.se\\\/ydre\\\/#website\",\"url\":\"https:\\\/\\\/wp.kristdemokraterna.se\\\/ydre\\\/\",\"name\":\"Kristdemokraterna i Ydre\",\"description\":\"En till Kristdemokraterna webbplats\",\"inLanguage\":\"sv-SE\"}]}<\/script>\n<!-- \/ Yoast SEO plugin. -->","yoast_head_json":{"title":"2014-06-17 V\u00e4lkommen till v\u00e5r nya underbara soph\u00f6g! eller N\u00e4r pengarna f\u00e5r vingar eller Dr\u00f6mmens uppfyllelse - Kristdemokraterna i Ydre","robots":{"index":"index","follow":"follow","max-snippet":"max-snippet:-1","max-image-preview":"max-image-preview:large","max-video-preview":"max-video-preview:-1"},"canonical":"https:\/\/wp.kristdemokraterna.se\/ydre\/2014-06-17-valkommen-till-var-nya-underbara-sophog-eller-nar-pengarna-far-vingar-eller-drommens-uppfyllelse\/","og_locale":"sv_SE","og_type":"article","og_title":"2014-06-17 V\u00e4lkommen till v\u00e5r nya underbara soph\u00f6g! eller N\u00e4r pengarna f\u00e5r vingar eller Dr\u00f6mmens uppfyllelse - Kristdemokraterna i Ydre","og_description":"I have a dream F\u00f6rsommaren \u00e4r en tid f\u00f6r dr\u00f6mmar. F\u00e5glarna har ungar som snart v\u00e4xer ur boet och m\u00f6ter livet p\u00e5 egna vingar. Skolbarnen har just b\u00f6rjat sommarlovet. Deras f\u00f6r\u00e4ldrar kanske har dr\u00f6mmar f\u00f6r semestern. Gamla som unga kan dr\u00f6mma om vackra underbara sommardagar. Andra dr\u00f6mmer redan om tiden efter lovet och semestrarna. Kanske L\u00e4s mer","og_url":"https:\/\/wp.kristdemokraterna.se\/ydre\/2014-06-17-valkommen-till-var-nya-underbara-sophog-eller-nar-pengarna-far-vingar-eller-drommens-uppfyllelse\/","og_site_name":"Kristdemokraterna i Ydre","article_modified_time":"2018-07-25T16:12:02+00:00","og_image":[{"url":"http:\/\/ydrebo.se\/kd\/veckobrev\/holk.jpg","type":"","width":"","height":""}],"twitter_card":"summary_large_image","twitter_misc":{"Ber\u00e4knad l\u00e4stid":"2 minuter"},"schema":{"@context":"https:\/\/schema.org","@graph":[{"@type":"WebPage","@id":"https:\/\/wp.kristdemokraterna.se\/ydre\/2014-06-17-valkommen-till-var-nya-underbara-sophog-eller-nar-pengarna-far-vingar-eller-drommens-uppfyllelse\/","url":"https:\/\/wp.kristdemokraterna.se\/ydre\/2014-06-17-valkommen-till-var-nya-underbara-sophog-eller-nar-pengarna-far-vingar-eller-drommens-uppfyllelse\/","name":"2014-06-17 V\u00e4lkommen till v\u00e5r nya underbara soph\u00f6g! eller N\u00e4r pengarna f\u00e5r vingar eller Dr\u00f6mmens uppfyllelse - Kristdemokraterna i Ydre","isPartOf":{"@id":"https:\/\/wp.kristdemokraterna.se\/ydre\/#website"},"primaryImageOfPage":{"@id":"https:\/\/wp.kristdemokraterna.se\/ydre\/2014-06-17-valkommen-till-var-nya-underbara-sophog-eller-nar-pengarna-far-vingar-eller-drommens-uppfyllelse\/#primaryimage"},"image":{"@id":"https:\/\/wp.kristdemokraterna.se\/ydre\/2014-06-17-valkommen-till-var-nya-underbara-sophog-eller-nar-pengarna-far-vingar-eller-drommens-uppfyllelse\/#primaryimage"},"thumbnailUrl":"http:\/\/ydrebo.se\/kd\/veckobrev\/holk.jpg","datePublished":"2018-07-25T16:11:02+00:00","dateModified":"2018-07-25T16:12:02+00:00","breadcrumb":{"@id":"https:\/\/wp.kristdemokraterna.se\/ydre\/2014-06-17-valkommen-till-var-nya-underbara-sophog-eller-nar-pengarna-far-vingar-eller-drommens-uppfyllelse\/#breadcrumb"},"inLanguage":"sv-SE","potentialAction":[{"@type":"ReadAction","target":["https:\/\/wp.kristdemokraterna.se\/ydre\/2014-06-17-valkommen-till-var-nya-underbara-sophog-eller-nar-pengarna-far-vingar-eller-drommens-uppfyllelse\/"]}]},{"@type":"ImageObject","inLanguage":"sv-SE","@id":"https:\/\/wp.kristdemokraterna.se\/ydre\/2014-06-17-valkommen-till-var-nya-underbara-sophog-eller-nar-pengarna-far-vingar-eller-drommens-uppfyllelse\/#primaryimage","url":"http:\/\/ydrebo.se\/kd\/veckobrev\/holk.jpg","contentUrl":"http:\/\/ydrebo.se\/kd\/veckobrev\/holk.jpg"},{"@type":"BreadcrumbList","@id":"https:\/\/wp.kristdemokraterna.se\/ydre\/2014-06-17-valkommen-till-var-nya-underbara-sophog-eller-nar-pengarna-far-vingar-eller-drommens-uppfyllelse\/#breadcrumb","itemListElement":[{"@type":"ListItem","position":1,"name":"Hem","item":"https:\/\/wp.kristdemokraterna.se\/ydre\/"},{"@type":"ListItem","position":2,"name":"2014-06-17 V\u00e4lkommen till v\u00e5r nya underbara soph\u00f6g! eller N\u00e4r pengarna f\u00e5r vingar eller Dr\u00f6mmens uppfyllelse"}]},{"@type":"WebSite","@id":"https:\/\/wp.kristdemokraterna.se\/ydre\/#website","url":"https:\/\/wp.kristdemokraterna.se\/ydre\/","name":"Kristdemokraterna i Ydre","description":"En till Kristdemokraterna webbplats","inLanguage":"sv-SE"}]}},"_links":{"self":[{"href":"https:\/\/wp.kristdemokraterna.se\/ydre\/wp-json\/wp\/v2\/pages\/1206","targetHints":{"allow":["GET"]}}],"collection":[{"href":"https:\/\/wp.kristdemokraterna.se\/ydre\/wp-json\/wp\/v2\/pages"}],"about":[{"href":"https:\/\/wp.kristdemokraterna.se\/ydre\/wp-json\/wp\/v2\/types\/page"}],"author":[{"embeddable":true,"href":"https:\/\/wp.kristdemokraterna.se\/ydre\/wp-json\/wp\/v2\/users\/793"}],"replies":[{"embeddable":true,"href":"https:\/\/wp.kristdemokraterna.se\/ydre\/wp-json\/wp\/v2\/comments?post=1206"}],"version-history":[{"count":2,"href":"https:\/\/wp.kristdemokraterna.se\/ydre\/wp-json\/wp\/v2\/pages\/1206\/revisions"}],"predecessor-version":[{"id":1208,"href":"https:\/\/wp.kristdemokraterna.se\/ydre\/wp-json\/wp\/v2\/pages\/1206\/revisions\/1208"}],"wp:attachment":[{"href":"https:\/\/wp.kristdemokraterna.se\/ydre\/wp-json\/wp\/v2\/media?parent=1206"}],"curies":[{"name":"wp","href":"https:\/\/api.w.org\/{rel}","templated":true}]}}