{"id":1210,"date":"2018-07-25T18:13:41","date_gmt":"2018-07-25T16:13:41","guid":{"rendered":"http:\/\/wp.kristdemokraterna.se\/ydre\/?page_id=1210"},"modified":"2018-07-25T18:14:54","modified_gmt":"2018-07-25T16:14:54","slug":"2014-06-21-blaser-kallt-kallt-nordan-over-sjo","status":"publish","type":"page","link":"https:\/\/wp.kristdemokraterna.se\/ydre\/2014-06-21-blaser-kallt-kallt-nordan-over-sjo\/","title":{"rendered":"2014-06-21 Bl\u00e5ser kallt, kallt nordan \u00f6ver sj\u00f6"},"content":{"rendered":"<p><img loading=\"lazy\" decoding=\"async\" src=\"http:\/\/ydrebo.se\/kd\/veckobrev\/sommar2.jpg\" width=\"500\" height=\"406\" \/><\/p>\n<p>Vilken midsommardag! Kalla arktiska vindar och regn. Det \u00e4r ocks\u00e5 sommarsolst\u00e5ndet, \u00e5rets l\u00e4ngsta dag. Men det k\u00e4nns n\u00e4stan som h\u00f6stdagj\u00e4mningen&#8230;<br \/>\nMen det finns ocks\u00e5 kalla vindar av annat slag. H\u00e4romdagen s\u00f6kte jag p\u00e5 n\u00e4tet efter bilder p\u00e5 en viss natursk\u00f6n plats. Det var inte sv\u00e5rt att hitta massor av bilder med hj\u00e4lp av platsens namn. Jag valde att titta p\u00e5 en av dem. Den visades sig finnas p\u00e5 en hemsida som beskrev en utflykt. Men s\u00e5 underligt kl\u00e4dda m\u00e4nniskorna var! Det s\u00e5g n\u00e4stan milit\u00e4riskt ut, men det var \u00e4nd\u00e5 inte riktiga uniformer. Men s\u00e5 s\u00e5g jag vad det var f\u00f6r s\u00e4llskap, n\u00e4mligen Nordiska Motst\u00e5ndsr\u00f6relsen. Jag st\u00e4ngde snabbt sidan. Det var som ett kallt luftdrag hade svept igenom l\u00e4genheten.<br \/>\n<i>Bl\u00e5ser kallt, kallt nordan \u00f6ver sj\u00f6<\/i>\u00a0(folkvisa)<br \/>\nG\u00e5ng p\u00e5 g\u00e5ng har vi p\u00e5 senare tid p\u00e5mints om existensen av extrema grupper. Hur kan man motverka dem? Bland annat beh\u00f6ver vi ha \u00f6ppenhet och delaktighet i samh\u00e4llslivet. Utan \u00f6ppenhet kan vi inte f\u00e5 den m\u00e4nsklighet som vi beh\u00f6ver. Vi beh\u00f6ver den alltid och s\u00e4rskilt nu n\u00e4r om\u00e4nskliga tankar brer ut sig.<br \/>\nDet bl\u00e5ser kallt, men sommarblomningen n\u00e4rmar sig sin kulmen. Vi ser fram mot v\u00e4rme igen, v\u00e4rme fr\u00e5n solen och v\u00e4rme fr\u00e5n m\u00e4nniskor.<br \/>\nDet \u00e4r midsommardagen. \u00c5r ut och \u00e5r in har kyrkorna deklarerat: &#8221;Hela jorden \u00e4r full av hans h\u00e4rlighet.&#8221; Nu syns det s\u00e4rskilt mycket &#8211; trots alla d\u00e5liga nyheter.<br \/>\nOch trots att det bl\u00e5ser kallt, kallt nordan \u00f6ver sj\u00f6 \u00e4r det\u00a0<i>sommar<\/i>\u00a0och\u00a0<i>sommarlov<\/i>!<\/p>\n<p><img loading=\"lazy\" decoding=\"async\" src=\"http:\/\/ydrebo.se\/kd\/veckobrev\/sommar.jpg\" width=\"600\" height=\"399\" \/><\/p>\n<p><span style=\"font-size: large\"><i>Bengt Malm, ordf.<br \/>\n21 juni 2014<\/i><\/span><\/p>\n","protected":false},"excerpt":{"rendered":"<p>Vilken midsommardag! Kalla arktiska vindar och regn. Det \u00e4r ocks\u00e5 sommarsolst\u00e5ndet, \u00e5rets l\u00e4ngsta dag. Men det k\u00e4nns n\u00e4stan som h\u00f6stdagj\u00e4mningen&#8230; Men det finns ocks\u00e5 kalla vindar av annat slag. H\u00e4romdagen s\u00f6kte jag p\u00e5 n\u00e4tet efter bilder p\u00e5 en viss natursk\u00f6n plats. Det var inte sv\u00e5rt att hitta massor av bilder med hj\u00e4lp av platsens namn. <a class=\"read-more-link\" href=\"https:\/\/wp.kristdemokraterna.se\/ydre\/2014-06-21-blaser-kallt-kallt-nordan-over-sjo\/\">L\u00e4s mer<\/a><\/p>\n","protected":false},"author":793,"featured_media":0,"parent":0,"menu_order":0,"comment_status":"closed","ping_status":"closed","template":"","meta":{"_acf_changed":false,"footnotes":""},"class_list":["post-1210","page","type-page","status-publish","hentry"],"acf":[],"yoast_head":"<!-- This site is optimized with the Yoast SEO plugin v27.5 - https:\/\/yoast.com\/product\/yoast-seo-wordpress\/ -->\n<title>2014-06-21 Bl\u00e5ser kallt, kallt nordan \u00f6ver sj\u00f6 - Kristdemokraterna i Ydre<\/title>\n<meta name=\"robots\" content=\"index, follow, max-snippet:-1, max-image-preview:large, max-video-preview:-1\" \/>\n<link rel=\"canonical\" href=\"https:\/\/wp.kristdemokraterna.se\/ydre\/2014-06-21-blaser-kallt-kallt-nordan-over-sjo\/\" \/>\n<meta property=\"og:locale\" content=\"sv_SE\" \/>\n<meta property=\"og:type\" content=\"article\" \/>\n<meta property=\"og:title\" content=\"2014-06-21 Bl\u00e5ser kallt, kallt nordan \u00f6ver sj\u00f6 - Kristdemokraterna i Ydre\" \/>\n<meta property=\"og:description\" content=\"Vilken midsommardag! Kalla arktiska vindar och regn. Det \u00e4r ocks\u00e5 sommarsolst\u00e5ndet, \u00e5rets l\u00e4ngsta dag. Men det k\u00e4nns n\u00e4stan som h\u00f6stdagj\u00e4mningen&#8230; Men det finns ocks\u00e5 kalla vindar av annat slag. H\u00e4romdagen s\u00f6kte jag p\u00e5 n\u00e4tet efter bilder p\u00e5 en viss natursk\u00f6n plats. Det var inte sv\u00e5rt att hitta massor av bilder med hj\u00e4lp av platsens namn. L\u00e4s mer\" \/>\n<meta property=\"og:url\" content=\"https:\/\/wp.kristdemokraterna.se\/ydre\/2014-06-21-blaser-kallt-kallt-nordan-over-sjo\/\" \/>\n<meta property=\"og:site_name\" content=\"Kristdemokraterna i Ydre\" \/>\n<meta property=\"article:modified_time\" content=\"2018-07-25T16:14:54+00:00\" \/>\n<meta property=\"og:image\" content=\"http:\/\/ydrebo.se\/kd\/veckobrev\/sommar2.jpg\" \/>\n<meta name=\"twitter:card\" content=\"summary_large_image\" \/>\n<meta name=\"twitter:label1\" content=\"Ber\u00e4knad l\u00e4stid\" \/>\n\t<meta name=\"twitter:data1\" content=\"1 minut\" \/>\n<script type=\"application\/ld+json\" class=\"yoast-schema-graph\">{\"@context\":\"https:\\\/\\\/schema.org\",\"@graph\":[{\"@type\":\"WebPage\",\"@id\":\"https:\\\/\\\/wp.kristdemokraterna.se\\\/ydre\\\/2014-06-21-blaser-kallt-kallt-nordan-over-sjo\\\/\",\"url\":\"https:\\\/\\\/wp.kristdemokraterna.se\\\/ydre\\\/2014-06-21-blaser-kallt-kallt-nordan-over-sjo\\\/\",\"name\":\"2014-06-21 Bl\u00e5ser kallt, kallt nordan \u00f6ver sj\u00f6 - Kristdemokraterna i Ydre\",\"isPartOf\":{\"@id\":\"https:\\\/\\\/wp.kristdemokraterna.se\\\/ydre\\\/#website\"},\"primaryImageOfPage\":{\"@id\":\"https:\\\/\\\/wp.kristdemokraterna.se\\\/ydre\\\/2014-06-21-blaser-kallt-kallt-nordan-over-sjo\\\/#primaryimage\"},\"image\":{\"@id\":\"https:\\\/\\\/wp.kristdemokraterna.se\\\/ydre\\\/2014-06-21-blaser-kallt-kallt-nordan-over-sjo\\\/#primaryimage\"},\"thumbnailUrl\":\"http:\\\/\\\/ydrebo.se\\\/kd\\\/veckobrev\\\/sommar2.jpg\",\"datePublished\":\"2018-07-25T16:13:41+00:00\",\"dateModified\":\"2018-07-25T16:14:54+00:00\",\"breadcrumb\":{\"@id\":\"https:\\\/\\\/wp.kristdemokraterna.se\\\/ydre\\\/2014-06-21-blaser-kallt-kallt-nordan-over-sjo\\\/#breadcrumb\"},\"inLanguage\":\"sv-SE\",\"potentialAction\":[{\"@type\":\"ReadAction\",\"target\":[\"https:\\\/\\\/wp.kristdemokraterna.se\\\/ydre\\\/2014-06-21-blaser-kallt-kallt-nordan-over-sjo\\\/\"]}]},{\"@type\":\"ImageObject\",\"inLanguage\":\"sv-SE\",\"@id\":\"https:\\\/\\\/wp.kristdemokraterna.se\\\/ydre\\\/2014-06-21-blaser-kallt-kallt-nordan-over-sjo\\\/#primaryimage\",\"url\":\"http:\\\/\\\/ydrebo.se\\\/kd\\\/veckobrev\\\/sommar2.jpg\",\"contentUrl\":\"http:\\\/\\\/ydrebo.se\\\/kd\\\/veckobrev\\\/sommar2.jpg\"},{\"@type\":\"BreadcrumbList\",\"@id\":\"https:\\\/\\\/wp.kristdemokraterna.se\\\/ydre\\\/2014-06-21-blaser-kallt-kallt-nordan-over-sjo\\\/#breadcrumb\",\"itemListElement\":[{\"@type\":\"ListItem\",\"position\":1,\"name\":\"Hem\",\"item\":\"https:\\\/\\\/wp.kristdemokraterna.se\\\/ydre\\\/\"},{\"@type\":\"ListItem\",\"position\":2,\"name\":\"2014-06-21 Bl\u00e5ser kallt, kallt nordan \u00f6ver sj\u00f6\"}]},{\"@type\":\"WebSite\",\"@id\":\"https:\\\/\\\/wp.kristdemokraterna.se\\\/ydre\\\/#website\",\"url\":\"https:\\\/\\\/wp.kristdemokraterna.se\\\/ydre\\\/\",\"name\":\"Kristdemokraterna i Ydre\",\"description\":\"En till Kristdemokraterna webbplats\",\"inLanguage\":\"sv-SE\"}]}<\/script>\n<!-- \/ Yoast SEO plugin. -->","yoast_head_json":{"title":"2014-06-21 Bl\u00e5ser kallt, kallt nordan \u00f6ver sj\u00f6 - Kristdemokraterna i Ydre","robots":{"index":"index","follow":"follow","max-snippet":"max-snippet:-1","max-image-preview":"max-image-preview:large","max-video-preview":"max-video-preview:-1"},"canonical":"https:\/\/wp.kristdemokraterna.se\/ydre\/2014-06-21-blaser-kallt-kallt-nordan-over-sjo\/","og_locale":"sv_SE","og_type":"article","og_title":"2014-06-21 Bl\u00e5ser kallt, kallt nordan \u00f6ver sj\u00f6 - Kristdemokraterna i Ydre","og_description":"Vilken midsommardag! Kalla arktiska vindar och regn. Det \u00e4r ocks\u00e5 sommarsolst\u00e5ndet, \u00e5rets l\u00e4ngsta dag. Men det k\u00e4nns n\u00e4stan som h\u00f6stdagj\u00e4mningen&#8230; Men det finns ocks\u00e5 kalla vindar av annat slag. H\u00e4romdagen s\u00f6kte jag p\u00e5 n\u00e4tet efter bilder p\u00e5 en viss natursk\u00f6n plats. Det var inte sv\u00e5rt att hitta massor av bilder med hj\u00e4lp av platsens namn. L\u00e4s mer","og_url":"https:\/\/wp.kristdemokraterna.se\/ydre\/2014-06-21-blaser-kallt-kallt-nordan-over-sjo\/","og_site_name":"Kristdemokraterna i Ydre","article_modified_time":"2018-07-25T16:14:54+00:00","og_image":[{"url":"http:\/\/ydrebo.se\/kd\/veckobrev\/sommar2.jpg","type":"","width":"","height":""}],"twitter_card":"summary_large_image","twitter_misc":{"Ber\u00e4knad l\u00e4stid":"1 minut"},"schema":{"@context":"https:\/\/schema.org","@graph":[{"@type":"WebPage","@id":"https:\/\/wp.kristdemokraterna.se\/ydre\/2014-06-21-blaser-kallt-kallt-nordan-over-sjo\/","url":"https:\/\/wp.kristdemokraterna.se\/ydre\/2014-06-21-blaser-kallt-kallt-nordan-over-sjo\/","name":"2014-06-21 Bl\u00e5ser kallt, kallt nordan \u00f6ver sj\u00f6 - Kristdemokraterna i Ydre","isPartOf":{"@id":"https:\/\/wp.kristdemokraterna.se\/ydre\/#website"},"primaryImageOfPage":{"@id":"https:\/\/wp.kristdemokraterna.se\/ydre\/2014-06-21-blaser-kallt-kallt-nordan-over-sjo\/#primaryimage"},"image":{"@id":"https:\/\/wp.kristdemokraterna.se\/ydre\/2014-06-21-blaser-kallt-kallt-nordan-over-sjo\/#primaryimage"},"thumbnailUrl":"http:\/\/ydrebo.se\/kd\/veckobrev\/sommar2.jpg","datePublished":"2018-07-25T16:13:41+00:00","dateModified":"2018-07-25T16:14:54+00:00","breadcrumb":{"@id":"https:\/\/wp.kristdemokraterna.se\/ydre\/2014-06-21-blaser-kallt-kallt-nordan-over-sjo\/#breadcrumb"},"inLanguage":"sv-SE","potentialAction":[{"@type":"ReadAction","target":["https:\/\/wp.kristdemokraterna.se\/ydre\/2014-06-21-blaser-kallt-kallt-nordan-over-sjo\/"]}]},{"@type":"ImageObject","inLanguage":"sv-SE","@id":"https:\/\/wp.kristdemokraterna.se\/ydre\/2014-06-21-blaser-kallt-kallt-nordan-over-sjo\/#primaryimage","url":"http:\/\/ydrebo.se\/kd\/veckobrev\/sommar2.jpg","contentUrl":"http:\/\/ydrebo.se\/kd\/veckobrev\/sommar2.jpg"},{"@type":"BreadcrumbList","@id":"https:\/\/wp.kristdemokraterna.se\/ydre\/2014-06-21-blaser-kallt-kallt-nordan-over-sjo\/#breadcrumb","itemListElement":[{"@type":"ListItem","position":1,"name":"Hem","item":"https:\/\/wp.kristdemokraterna.se\/ydre\/"},{"@type":"ListItem","position":2,"name":"2014-06-21 Bl\u00e5ser kallt, kallt nordan \u00f6ver sj\u00f6"}]},{"@type":"WebSite","@id":"https:\/\/wp.kristdemokraterna.se\/ydre\/#website","url":"https:\/\/wp.kristdemokraterna.se\/ydre\/","name":"Kristdemokraterna i Ydre","description":"En till Kristdemokraterna webbplats","inLanguage":"sv-SE"}]}},"_links":{"self":[{"href":"https:\/\/wp.kristdemokraterna.se\/ydre\/wp-json\/wp\/v2\/pages\/1210","targetHints":{"allow":["GET"]}}],"collection":[{"href":"https:\/\/wp.kristdemokraterna.se\/ydre\/wp-json\/wp\/v2\/pages"}],"about":[{"href":"https:\/\/wp.kristdemokraterna.se\/ydre\/wp-json\/wp\/v2\/types\/page"}],"author":[{"embeddable":true,"href":"https:\/\/wp.kristdemokraterna.se\/ydre\/wp-json\/wp\/v2\/users\/793"}],"replies":[{"embeddable":true,"href":"https:\/\/wp.kristdemokraterna.se\/ydre\/wp-json\/wp\/v2\/comments?post=1210"}],"version-history":[{"count":3,"href":"https:\/\/wp.kristdemokraterna.se\/ydre\/wp-json\/wp\/v2\/pages\/1210\/revisions"}],"predecessor-version":[{"id":1213,"href":"https:\/\/wp.kristdemokraterna.se\/ydre\/wp-json\/wp\/v2\/pages\/1210\/revisions\/1213"}],"wp:attachment":[{"href":"https:\/\/wp.kristdemokraterna.se\/ydre\/wp-json\/wp\/v2\/media?parent=1210"}],"curies":[{"name":"wp","href":"https:\/\/api.w.org\/{rel}","templated":true}]}}