{"id":1215,"date":"2018-07-25T18:17:19","date_gmt":"2018-07-25T16:17:19","guid":{"rendered":"http:\/\/wp.kristdemokraterna.se\/ydre\/?page_id=1215"},"modified":"2018-07-25T18:17:19","modified_gmt":"2018-07-25T16:17:19","slug":"2014-06-28-det-odemokratiska-kriget","status":"publish","type":"page","link":"https:\/\/wp.kristdemokraterna.se\/ydre\/2014-06-28-det-odemokratiska-kriget\/","title":{"rendered":"2014-06-28 Det odemokratiska kriget"},"content":{"rendered":"<p>Det var efter lunch det h\u00e4nde. Fast det hade b\u00f6rjat p\u00e5 f\u00f6rmiddagen. N\u00e5gon hade kastat en bomb n\u00e4r tronf\u00f6ljaren och hans gem\u00e5l kom \u00e5kande p\u00e5 gatorna i Sarajevo. Det h\u00f6ga paret klarade sig men flera andra blev skadade. Och nu var \u00e4rkehertigen (s\u00e5 titulerades prinsarna i \u00d6sterrike-Ungern) p\u00e5 v\u00e4g till det sjukhus d\u00e4r de s\u00e5rade befann sig. N\u00e4r bilen f\u00f6r ett \u00f6gonblick stannade till tog en \u00e5sk\u00e5dare fram en pistol och sk\u00f6t ihj\u00e4l dagens hedersg\u00e4ster. Som det visade sig hade attentatet planerats l\u00e4nge. Och det var avsett att \u00e4ga rum just denna dag den 28 juni 1914.<br \/>\nVems fel var det att en stor del av Europa var i krig en dryg m\u00e5nad senare? Man har pekat p\u00e5 att kriget i b\u00f6rjan inte var s\u00e5 impopul\u00e4rt som man skulle kunna tro. Ih\u00e4rdig nationalistisk propaganda hade f\u00e5tt m\u00e5nga p\u00e5 b\u00e5da sidor att r\u00e4kna med en snabb och \u00e4rofull seger. Ett litet krig var vad man beh\u00f6vde&#8230;<br \/>\nMen det blev inget litet krig. F\u00f6rsta v\u00e4rldskriget h\u00f6ll p\u00e5 i \u00f6ver fyra \u00e5r och banade v\u00e4g f\u00f6r andra v\u00e4rldskriget. De som fattade de viktigaste besluten sommaren 1914 ins\u00e5g inte vad de gjorde. Beslutsfattarna var f\u00f6rv\u00e5nansv\u00e4rt f\u00e5 och anm\u00e4rkningsv\u00e4rt illa underr\u00e4ttade. En del var ganska svaga personligheter. I hemlighet p\u00e5verkades de av r\u00e5dgivare som inte ansvarade inf\u00f6r n\u00e5gon folkvald f\u00f6rsamling (f.\u00f6. fanns inte lika och allm\u00e4n r\u00f6str\u00e4tt). Det saknades helt enkelt demokrati. Och demokratier g\u00e5r inte i krig mot varandra.<br \/>\nAtt motverka krig \u00e4r inte det enda sk\u00e4let f\u00f6r att vi b\u00f6r ha demokrati, men det m\u00e5ste betraktas som ett viktigt sk\u00e4l sommaren 2014, nu n\u00e4r vi &#8221;firar&#8221; hundra\u00e5rsdagen av sarajevoskotten.<br \/>\nDemokrati \u00e4r ett s\u00e4tt att fatta beslut som ang\u00e5r alla. Men hur skall det motiveras? Vad kan skolan g\u00f6ra nu n\u00e4r den \u00e4r i kris? Vad skall v\u00e5ra skolor s\u00e4ga eleverna?<\/p>\n<p><span style=\"font-size: large\"><i>Bengt Malm, ordf.<br \/>\n28 juni 2014<\/i><\/span><\/p>\n","protected":false},"excerpt":{"rendered":"<p>Det var efter lunch det h\u00e4nde. Fast det hade b\u00f6rjat p\u00e5 f\u00f6rmiddagen. N\u00e5gon hade kastat en bomb n\u00e4r tronf\u00f6ljaren och hans gem\u00e5l kom \u00e5kande p\u00e5 gatorna i Sarajevo. Det h\u00f6ga paret klarade sig men flera andra blev skadade. Och nu var \u00e4rkehertigen (s\u00e5 titulerades prinsarna i \u00d6sterrike-Ungern) p\u00e5 v\u00e4g till det sjukhus d\u00e4r de s\u00e5rade <a class=\"read-more-link\" href=\"https:\/\/wp.kristdemokraterna.se\/ydre\/2014-06-28-det-odemokratiska-kriget\/\">L\u00e4s mer<\/a><\/p>\n","protected":false},"author":793,"featured_media":0,"parent":0,"menu_order":0,"comment_status":"closed","ping_status":"closed","template":"","meta":{"_acf_changed":false,"footnotes":""},"class_list":["post-1215","page","type-page","status-publish","hentry"],"acf":[],"yoast_head":"<!-- This site is optimized with the Yoast SEO plugin v27.5 - https:\/\/yoast.com\/product\/yoast-seo-wordpress\/ -->\n<title>2014-06-28 Det odemokratiska kriget - Kristdemokraterna i Ydre<\/title>\n<meta name=\"robots\" content=\"index, follow, max-snippet:-1, max-image-preview:large, max-video-preview:-1\" \/>\n<link rel=\"canonical\" href=\"https:\/\/wp.kristdemokraterna.se\/ydre\/2014-06-28-det-odemokratiska-kriget\/\" \/>\n<meta property=\"og:locale\" content=\"sv_SE\" \/>\n<meta property=\"og:type\" content=\"article\" \/>\n<meta property=\"og:title\" content=\"2014-06-28 Det odemokratiska kriget - Kristdemokraterna i Ydre\" \/>\n<meta property=\"og:description\" content=\"Det var efter lunch det h\u00e4nde. Fast det hade b\u00f6rjat p\u00e5 f\u00f6rmiddagen. N\u00e5gon hade kastat en bomb n\u00e4r tronf\u00f6ljaren och hans gem\u00e5l kom \u00e5kande p\u00e5 gatorna i Sarajevo. Det h\u00f6ga paret klarade sig men flera andra blev skadade. Och nu var \u00e4rkehertigen (s\u00e5 titulerades prinsarna i \u00d6sterrike-Ungern) p\u00e5 v\u00e4g till det sjukhus d\u00e4r de s\u00e5rade L\u00e4s mer\" \/>\n<meta property=\"og:url\" content=\"https:\/\/wp.kristdemokraterna.se\/ydre\/2014-06-28-det-odemokratiska-kriget\/\" \/>\n<meta property=\"og:site_name\" content=\"Kristdemokraterna i Ydre\" \/>\n<meta name=\"twitter:card\" content=\"summary_large_image\" \/>\n<meta name=\"twitter:label1\" content=\"Ber\u00e4knad l\u00e4stid\" \/>\n\t<meta name=\"twitter:data1\" content=\"2 minuter\" \/>\n<script type=\"application\/ld+json\" class=\"yoast-schema-graph\">{\"@context\":\"https:\\\/\\\/schema.org\",\"@graph\":[{\"@type\":\"WebPage\",\"@id\":\"https:\\\/\\\/wp.kristdemokraterna.se\\\/ydre\\\/2014-06-28-det-odemokratiska-kriget\\\/\",\"url\":\"https:\\\/\\\/wp.kristdemokraterna.se\\\/ydre\\\/2014-06-28-det-odemokratiska-kriget\\\/\",\"name\":\"2014-06-28 Det odemokratiska kriget - Kristdemokraterna i Ydre\",\"isPartOf\":{\"@id\":\"https:\\\/\\\/wp.kristdemokraterna.se\\\/ydre\\\/#website\"},\"datePublished\":\"2018-07-25T16:17:19+00:00\",\"breadcrumb\":{\"@id\":\"https:\\\/\\\/wp.kristdemokraterna.se\\\/ydre\\\/2014-06-28-det-odemokratiska-kriget\\\/#breadcrumb\"},\"inLanguage\":\"sv-SE\",\"potentialAction\":[{\"@type\":\"ReadAction\",\"target\":[\"https:\\\/\\\/wp.kristdemokraterna.se\\\/ydre\\\/2014-06-28-det-odemokratiska-kriget\\\/\"]}]},{\"@type\":\"BreadcrumbList\",\"@id\":\"https:\\\/\\\/wp.kristdemokraterna.se\\\/ydre\\\/2014-06-28-det-odemokratiska-kriget\\\/#breadcrumb\",\"itemListElement\":[{\"@type\":\"ListItem\",\"position\":1,\"name\":\"Hem\",\"item\":\"https:\\\/\\\/wp.kristdemokraterna.se\\\/ydre\\\/\"},{\"@type\":\"ListItem\",\"position\":2,\"name\":\"2014-06-28 Det odemokratiska kriget\"}]},{\"@type\":\"WebSite\",\"@id\":\"https:\\\/\\\/wp.kristdemokraterna.se\\\/ydre\\\/#website\",\"url\":\"https:\\\/\\\/wp.kristdemokraterna.se\\\/ydre\\\/\",\"name\":\"Kristdemokraterna i Ydre\",\"description\":\"En till Kristdemokraterna webbplats\",\"inLanguage\":\"sv-SE\"}]}<\/script>\n<!-- \/ Yoast SEO plugin. -->","yoast_head_json":{"title":"2014-06-28 Det odemokratiska kriget - Kristdemokraterna i Ydre","robots":{"index":"index","follow":"follow","max-snippet":"max-snippet:-1","max-image-preview":"max-image-preview:large","max-video-preview":"max-video-preview:-1"},"canonical":"https:\/\/wp.kristdemokraterna.se\/ydre\/2014-06-28-det-odemokratiska-kriget\/","og_locale":"sv_SE","og_type":"article","og_title":"2014-06-28 Det odemokratiska kriget - Kristdemokraterna i Ydre","og_description":"Det var efter lunch det h\u00e4nde. Fast det hade b\u00f6rjat p\u00e5 f\u00f6rmiddagen. N\u00e5gon hade kastat en bomb n\u00e4r tronf\u00f6ljaren och hans gem\u00e5l kom \u00e5kande p\u00e5 gatorna i Sarajevo. Det h\u00f6ga paret klarade sig men flera andra blev skadade. Och nu var \u00e4rkehertigen (s\u00e5 titulerades prinsarna i \u00d6sterrike-Ungern) p\u00e5 v\u00e4g till det sjukhus d\u00e4r de s\u00e5rade L\u00e4s mer","og_url":"https:\/\/wp.kristdemokraterna.se\/ydre\/2014-06-28-det-odemokratiska-kriget\/","og_site_name":"Kristdemokraterna i Ydre","twitter_card":"summary_large_image","twitter_misc":{"Ber\u00e4knad l\u00e4stid":"2 minuter"},"schema":{"@context":"https:\/\/schema.org","@graph":[{"@type":"WebPage","@id":"https:\/\/wp.kristdemokraterna.se\/ydre\/2014-06-28-det-odemokratiska-kriget\/","url":"https:\/\/wp.kristdemokraterna.se\/ydre\/2014-06-28-det-odemokratiska-kriget\/","name":"2014-06-28 Det odemokratiska kriget - Kristdemokraterna i Ydre","isPartOf":{"@id":"https:\/\/wp.kristdemokraterna.se\/ydre\/#website"},"datePublished":"2018-07-25T16:17:19+00:00","breadcrumb":{"@id":"https:\/\/wp.kristdemokraterna.se\/ydre\/2014-06-28-det-odemokratiska-kriget\/#breadcrumb"},"inLanguage":"sv-SE","potentialAction":[{"@type":"ReadAction","target":["https:\/\/wp.kristdemokraterna.se\/ydre\/2014-06-28-det-odemokratiska-kriget\/"]}]},{"@type":"BreadcrumbList","@id":"https:\/\/wp.kristdemokraterna.se\/ydre\/2014-06-28-det-odemokratiska-kriget\/#breadcrumb","itemListElement":[{"@type":"ListItem","position":1,"name":"Hem","item":"https:\/\/wp.kristdemokraterna.se\/ydre\/"},{"@type":"ListItem","position":2,"name":"2014-06-28 Det odemokratiska kriget"}]},{"@type":"WebSite","@id":"https:\/\/wp.kristdemokraterna.se\/ydre\/#website","url":"https:\/\/wp.kristdemokraterna.se\/ydre\/","name":"Kristdemokraterna i Ydre","description":"En till Kristdemokraterna webbplats","inLanguage":"sv-SE"}]}},"_links":{"self":[{"href":"https:\/\/wp.kristdemokraterna.se\/ydre\/wp-json\/wp\/v2\/pages\/1215","targetHints":{"allow":["GET"]}}],"collection":[{"href":"https:\/\/wp.kristdemokraterna.se\/ydre\/wp-json\/wp\/v2\/pages"}],"about":[{"href":"https:\/\/wp.kristdemokraterna.se\/ydre\/wp-json\/wp\/v2\/types\/page"}],"author":[{"embeddable":true,"href":"https:\/\/wp.kristdemokraterna.se\/ydre\/wp-json\/wp\/v2\/users\/793"}],"replies":[{"embeddable":true,"href":"https:\/\/wp.kristdemokraterna.se\/ydre\/wp-json\/wp\/v2\/comments?post=1215"}],"version-history":[{"count":1,"href":"https:\/\/wp.kristdemokraterna.se\/ydre\/wp-json\/wp\/v2\/pages\/1215\/revisions"}],"predecessor-version":[{"id":1216,"href":"https:\/\/wp.kristdemokraterna.se\/ydre\/wp-json\/wp\/v2\/pages\/1215\/revisions\/1216"}],"wp:attachment":[{"href":"https:\/\/wp.kristdemokraterna.se\/ydre\/wp-json\/wp\/v2\/media?parent=1215"}],"curies":[{"name":"wp","href":"https:\/\/api.w.org\/{rel}","templated":true}]}}