{"id":1218,"date":"2018-07-25T18:20:05","date_gmt":"2018-07-25T16:20:05","guid":{"rendered":"http:\/\/wp.kristdemokraterna.se\/ydre\/?page_id=1218"},"modified":"2018-07-25T18:20:43","modified_gmt":"2018-07-25T16:20:43","slug":"2014-07-04-lat-ydre-blomma","status":"publish","type":"page","link":"https:\/\/wp.kristdemokraterna.se\/ydre\/2014-07-04-lat-ydre-blomma\/","title":{"rendered":"2014-07-04 L\u00e5t Ydre blomma!"},"content":{"rendered":"<p><img loading=\"lazy\" decoding=\"async\" src=\"http:\/\/ydrebo.se\/kd\/veckobrev\/blommor2.jpg\" width=\"400\" height=\"298\" \/><\/p>\n<p>H\u00f6gsommarblomningen \u00e4r som vackrast b\u00e5de i naturen och i alla planteringar. Medan naturen sk\u00f6ter sig sj\u00e4lv m\u00e5ste v\u00e5ra planteringar v\u00e5rdas.<br \/>\nOm Ydre skall blomma m\u00e5ste man se till att det blir m\u00f6jligt. EU inser det och d\u00e4rf\u00f6r finns det ett EU-projekt som kallas Leader och som \u00e4r till f\u00f6r att fr\u00e4mja landsbygd. Leader Sommenbygd hade h\u00e4romdagen ett program f\u00f6r utrikesf\u00f6dda. Man inbj\u00f6d till arrangemang som skall underl\u00e4tta f\u00f6r oss fr\u00e5n fr\u00e4mmande land att komma in i den svenska milj\u00f6n (jag utgjorde h\u00e4lften av \u00e5h\u00f6rarna).<br \/>\nEn stor majoritet av v\u00e5ra nya landsm\u00e4n bor i st\u00e4der. Kanske uppfattades landsbygden d\u00e4rhemma som efterbliven. Men s\u00e5 \u00e4r det inte i Sverige. I v\u00e5rt spr\u00e5k anv\u00e4nder vi samma ord &#8221;landet&#8221; b\u00e5de f\u00f6r nationen och landsbygden. Det \u00e4r som om landsbygden \u00e4r det\u00a0<i>riktiga<\/i>\u00a0Sverige. V\u00e5r landsbygd \u00e4r inte efterbliven. Det h\u00e4nder mycket d\u00e4r, det tas m\u00e5nga initiativ, det finns m\u00e4ngder av aktiviteter och ett rikt n\u00e4ringsliv.<\/p>\n<p><img loading=\"lazy\" decoding=\"async\" src=\"http:\/\/ydrebo.se\/kd\/veckobrev\/stuga.JPG\" width=\"400\" height=\"300\" \/><br \/>\n<i>Landet, v\u00e5rt land, \u00e4r inte efterblivet.<\/i>\u00a0(Foto: Barbro Malm)<\/p>\n<p><span style=\"font-size: large\">Det visades en film fr\u00e5n Valdemarsvik d\u00e4r invandrare p\u00e5 sina egna spr\u00e5k (textat till svenska) ber\u00e4ttade att det varit ganska l\u00e4tt att komma in i det svenska samh\u00e4llet just f\u00f6r att de kommit till en mindre ort. Jag tycker nog sj\u00e4lv att det \u00e4r en f\u00f6rdel som fr\u00e4mling att komma just till landet eller \u00e5tminstone till ett litet samh\u00e4lle.<br \/>\nSedan en tid tillbaka finns en arbetsgrupp med tj\u00e4nstem\u00e4n och beslutsfattande politiker som \u00e4gnar sig \u00e5t invandrarfr\u00e5gor h\u00e4r i Ydre. Den \u00e4r inte s\u00e5 v\u00e4lk\u00e4nd (jag fick h\u00f6ra om den i samband med det h\u00e4r m\u00f6tet). S\u00e5 hemlighetsfull beh\u00f6ver inte kommunen vara. Snarare beh\u00f6ver vi \u00f6ppenhet. Vi beh\u00f6ver ett \u00f6ppnare Ydre!<\/p>\n<p><\/span><b>M\u00e5 Ydre blomma! I alla avseenden. F\u00f6r m\u00e4nniskornas skull.<\/p>\n<p><\/b><span style=\"font-size: large\"><i>Bengt Malm, ordf.<br \/>\n4 juli 2014<\/p>\n<p><\/i><\/span><img loading=\"lazy\" decoding=\"async\" src=\"http:\/\/ydrebo.se\/kd\/veckobrev\/blommor1.jpg\" width=\"400\" height=\"327\" \/><\/p>\n","protected":false},"excerpt":{"rendered":"<p>H\u00f6gsommarblomningen \u00e4r som vackrast b\u00e5de i naturen och i alla planteringar. Medan naturen sk\u00f6ter sig sj\u00e4lv m\u00e5ste v\u00e5ra planteringar v\u00e5rdas. Om Ydre skall blomma m\u00e5ste man se till att det blir m\u00f6jligt. EU inser det och d\u00e4rf\u00f6r finns det ett EU-projekt som kallas Leader och som \u00e4r till f\u00f6r att fr\u00e4mja landsbygd. Leader Sommenbygd hade <a class=\"read-more-link\" href=\"https:\/\/wp.kristdemokraterna.se\/ydre\/2014-07-04-lat-ydre-blomma\/\">L\u00e4s mer<\/a><\/p>\n","protected":false},"author":793,"featured_media":0,"parent":0,"menu_order":0,"comment_status":"closed","ping_status":"closed","template":"","meta":{"_acf_changed":false,"footnotes":""},"class_list":["post-1218","page","type-page","status-publish","hentry"],"acf":[],"yoast_head":"<!-- This site is optimized with the Yoast SEO plugin v27.5 - https:\/\/yoast.com\/product\/yoast-seo-wordpress\/ -->\n<title>2014-07-04 L\u00e5t Ydre blomma! - Kristdemokraterna i Ydre<\/title>\n<meta name=\"robots\" content=\"index, follow, max-snippet:-1, max-image-preview:large, max-video-preview:-1\" \/>\n<link rel=\"canonical\" href=\"https:\/\/wp.kristdemokraterna.se\/ydre\/2014-07-04-lat-ydre-blomma\/\" \/>\n<meta property=\"og:locale\" content=\"sv_SE\" \/>\n<meta property=\"og:type\" content=\"article\" \/>\n<meta property=\"og:title\" content=\"2014-07-04 L\u00e5t Ydre blomma! - Kristdemokraterna i Ydre\" \/>\n<meta property=\"og:description\" content=\"H\u00f6gsommarblomningen \u00e4r som vackrast b\u00e5de i naturen och i alla planteringar. Medan naturen sk\u00f6ter sig sj\u00e4lv m\u00e5ste v\u00e5ra planteringar v\u00e5rdas. Om Ydre skall blomma m\u00e5ste man se till att det blir m\u00f6jligt. EU inser det och d\u00e4rf\u00f6r finns det ett EU-projekt som kallas Leader och som \u00e4r till f\u00f6r att fr\u00e4mja landsbygd. Leader Sommenbygd hade L\u00e4s mer\" \/>\n<meta property=\"og:url\" content=\"https:\/\/wp.kristdemokraterna.se\/ydre\/2014-07-04-lat-ydre-blomma\/\" \/>\n<meta property=\"og:site_name\" content=\"Kristdemokraterna i Ydre\" \/>\n<meta property=\"article:modified_time\" content=\"2018-07-25T16:20:43+00:00\" \/>\n<meta property=\"og:image\" content=\"http:\/\/ydrebo.se\/kd\/veckobrev\/blommor2.jpg\" \/>\n<meta name=\"twitter:card\" content=\"summary_large_image\" \/>\n<meta name=\"twitter:label1\" content=\"Ber\u00e4knad l\u00e4stid\" \/>\n\t<meta name=\"twitter:data1\" content=\"2 minuter\" \/>\n<script type=\"application\/ld+json\" class=\"yoast-schema-graph\">{\"@context\":\"https:\\\/\\\/schema.org\",\"@graph\":[{\"@type\":\"WebPage\",\"@id\":\"https:\\\/\\\/wp.kristdemokraterna.se\\\/ydre\\\/2014-07-04-lat-ydre-blomma\\\/\",\"url\":\"https:\\\/\\\/wp.kristdemokraterna.se\\\/ydre\\\/2014-07-04-lat-ydre-blomma\\\/\",\"name\":\"2014-07-04 L\u00e5t Ydre blomma! - Kristdemokraterna i Ydre\",\"isPartOf\":{\"@id\":\"https:\\\/\\\/wp.kristdemokraterna.se\\\/ydre\\\/#website\"},\"primaryImageOfPage\":{\"@id\":\"https:\\\/\\\/wp.kristdemokraterna.se\\\/ydre\\\/2014-07-04-lat-ydre-blomma\\\/#primaryimage\"},\"image\":{\"@id\":\"https:\\\/\\\/wp.kristdemokraterna.se\\\/ydre\\\/2014-07-04-lat-ydre-blomma\\\/#primaryimage\"},\"thumbnailUrl\":\"http:\\\/\\\/ydrebo.se\\\/kd\\\/veckobrev\\\/blommor2.jpg\",\"datePublished\":\"2018-07-25T16:20:05+00:00\",\"dateModified\":\"2018-07-25T16:20:43+00:00\",\"breadcrumb\":{\"@id\":\"https:\\\/\\\/wp.kristdemokraterna.se\\\/ydre\\\/2014-07-04-lat-ydre-blomma\\\/#breadcrumb\"},\"inLanguage\":\"sv-SE\",\"potentialAction\":[{\"@type\":\"ReadAction\",\"target\":[\"https:\\\/\\\/wp.kristdemokraterna.se\\\/ydre\\\/2014-07-04-lat-ydre-blomma\\\/\"]}]},{\"@type\":\"ImageObject\",\"inLanguage\":\"sv-SE\",\"@id\":\"https:\\\/\\\/wp.kristdemokraterna.se\\\/ydre\\\/2014-07-04-lat-ydre-blomma\\\/#primaryimage\",\"url\":\"http:\\\/\\\/ydrebo.se\\\/kd\\\/veckobrev\\\/blommor2.jpg\",\"contentUrl\":\"http:\\\/\\\/ydrebo.se\\\/kd\\\/veckobrev\\\/blommor2.jpg\"},{\"@type\":\"BreadcrumbList\",\"@id\":\"https:\\\/\\\/wp.kristdemokraterna.se\\\/ydre\\\/2014-07-04-lat-ydre-blomma\\\/#breadcrumb\",\"itemListElement\":[{\"@type\":\"ListItem\",\"position\":1,\"name\":\"Hem\",\"item\":\"https:\\\/\\\/wp.kristdemokraterna.se\\\/ydre\\\/\"},{\"@type\":\"ListItem\",\"position\":2,\"name\":\"2014-07-04 L\u00e5t Ydre blomma!\"}]},{\"@type\":\"WebSite\",\"@id\":\"https:\\\/\\\/wp.kristdemokraterna.se\\\/ydre\\\/#website\",\"url\":\"https:\\\/\\\/wp.kristdemokraterna.se\\\/ydre\\\/\",\"name\":\"Kristdemokraterna i Ydre\",\"description\":\"En till Kristdemokraterna webbplats\",\"inLanguage\":\"sv-SE\"}]}<\/script>\n<!-- \/ Yoast SEO plugin. -->","yoast_head_json":{"title":"2014-07-04 L\u00e5t Ydre blomma! - Kristdemokraterna i Ydre","robots":{"index":"index","follow":"follow","max-snippet":"max-snippet:-1","max-image-preview":"max-image-preview:large","max-video-preview":"max-video-preview:-1"},"canonical":"https:\/\/wp.kristdemokraterna.se\/ydre\/2014-07-04-lat-ydre-blomma\/","og_locale":"sv_SE","og_type":"article","og_title":"2014-07-04 L\u00e5t Ydre blomma! - Kristdemokraterna i Ydre","og_description":"H\u00f6gsommarblomningen \u00e4r som vackrast b\u00e5de i naturen och i alla planteringar. Medan naturen sk\u00f6ter sig sj\u00e4lv m\u00e5ste v\u00e5ra planteringar v\u00e5rdas. Om Ydre skall blomma m\u00e5ste man se till att det blir m\u00f6jligt. EU inser det och d\u00e4rf\u00f6r finns det ett EU-projekt som kallas Leader och som \u00e4r till f\u00f6r att fr\u00e4mja landsbygd. Leader Sommenbygd hade L\u00e4s mer","og_url":"https:\/\/wp.kristdemokraterna.se\/ydre\/2014-07-04-lat-ydre-blomma\/","og_site_name":"Kristdemokraterna i Ydre","article_modified_time":"2018-07-25T16:20:43+00:00","og_image":[{"url":"http:\/\/ydrebo.se\/kd\/veckobrev\/blommor2.jpg","type":"","width":"","height":""}],"twitter_card":"summary_large_image","twitter_misc":{"Ber\u00e4knad l\u00e4stid":"2 minuter"},"schema":{"@context":"https:\/\/schema.org","@graph":[{"@type":"WebPage","@id":"https:\/\/wp.kristdemokraterna.se\/ydre\/2014-07-04-lat-ydre-blomma\/","url":"https:\/\/wp.kristdemokraterna.se\/ydre\/2014-07-04-lat-ydre-blomma\/","name":"2014-07-04 L\u00e5t Ydre blomma! - Kristdemokraterna i Ydre","isPartOf":{"@id":"https:\/\/wp.kristdemokraterna.se\/ydre\/#website"},"primaryImageOfPage":{"@id":"https:\/\/wp.kristdemokraterna.se\/ydre\/2014-07-04-lat-ydre-blomma\/#primaryimage"},"image":{"@id":"https:\/\/wp.kristdemokraterna.se\/ydre\/2014-07-04-lat-ydre-blomma\/#primaryimage"},"thumbnailUrl":"http:\/\/ydrebo.se\/kd\/veckobrev\/blommor2.jpg","datePublished":"2018-07-25T16:20:05+00:00","dateModified":"2018-07-25T16:20:43+00:00","breadcrumb":{"@id":"https:\/\/wp.kristdemokraterna.se\/ydre\/2014-07-04-lat-ydre-blomma\/#breadcrumb"},"inLanguage":"sv-SE","potentialAction":[{"@type":"ReadAction","target":["https:\/\/wp.kristdemokraterna.se\/ydre\/2014-07-04-lat-ydre-blomma\/"]}]},{"@type":"ImageObject","inLanguage":"sv-SE","@id":"https:\/\/wp.kristdemokraterna.se\/ydre\/2014-07-04-lat-ydre-blomma\/#primaryimage","url":"http:\/\/ydrebo.se\/kd\/veckobrev\/blommor2.jpg","contentUrl":"http:\/\/ydrebo.se\/kd\/veckobrev\/blommor2.jpg"},{"@type":"BreadcrumbList","@id":"https:\/\/wp.kristdemokraterna.se\/ydre\/2014-07-04-lat-ydre-blomma\/#breadcrumb","itemListElement":[{"@type":"ListItem","position":1,"name":"Hem","item":"https:\/\/wp.kristdemokraterna.se\/ydre\/"},{"@type":"ListItem","position":2,"name":"2014-07-04 L\u00e5t Ydre blomma!"}]},{"@type":"WebSite","@id":"https:\/\/wp.kristdemokraterna.se\/ydre\/#website","url":"https:\/\/wp.kristdemokraterna.se\/ydre\/","name":"Kristdemokraterna i Ydre","description":"En till Kristdemokraterna webbplats","inLanguage":"sv-SE"}]}},"_links":{"self":[{"href":"https:\/\/wp.kristdemokraterna.se\/ydre\/wp-json\/wp\/v2\/pages\/1218","targetHints":{"allow":["GET"]}}],"collection":[{"href":"https:\/\/wp.kristdemokraterna.se\/ydre\/wp-json\/wp\/v2\/pages"}],"about":[{"href":"https:\/\/wp.kristdemokraterna.se\/ydre\/wp-json\/wp\/v2\/types\/page"}],"author":[{"embeddable":true,"href":"https:\/\/wp.kristdemokraterna.se\/ydre\/wp-json\/wp\/v2\/users\/793"}],"replies":[{"embeddable":true,"href":"https:\/\/wp.kristdemokraterna.se\/ydre\/wp-json\/wp\/v2\/comments?post=1218"}],"version-history":[{"count":2,"href":"https:\/\/wp.kristdemokraterna.se\/ydre\/wp-json\/wp\/v2\/pages\/1218\/revisions"}],"predecessor-version":[{"id":1220,"href":"https:\/\/wp.kristdemokraterna.se\/ydre\/wp-json\/wp\/v2\/pages\/1218\/revisions\/1220"}],"wp:attachment":[{"href":"https:\/\/wp.kristdemokraterna.se\/ydre\/wp-json\/wp\/v2\/media?parent=1218"}],"curies":[{"name":"wp","href":"https:\/\/api.w.org\/{rel}","templated":true}]}}