{"id":1222,"date":"2018-07-25T18:22:50","date_gmt":"2018-07-25T16:22:50","guid":{"rendered":"http:\/\/wp.kristdemokraterna.se\/ydre\/?page_id=1222"},"modified":"2018-07-25T18:23:53","modified_gmt":"2018-07-25T16:23:53","slug":"2014-07-10-froken-ar-du-en-overmanniska-eller-hur-skulle-min-larare-tanka-eller-manniskans-avskaffande","status":"publish","type":"page","link":"https:\/\/wp.kristdemokraterna.se\/ydre\/2014-07-10-froken-ar-du-en-overmanniska-eller-hur-skulle-min-larare-tanka-eller-manniskans-avskaffande\/","title":{"rendered":"2014-07-10 Fr\u00f6ken, \u00e4r du en \u00f6verm\u00e4nniska? eller Hur skulle min l\u00e4rare t\u00e4nka? eller M\u00e4nniskans avskaffande"},"content":{"rendered":"<p><img loading=\"lazy\" decoding=\"async\" src=\"http:\/\/ydrebo.se\/kd\/barn.JPG\" width=\"384\" height=\"288\" border=\"0\" \/><br \/>\n<i>Lilla v\u00e4n, du vet v\u00e4l att du inte finns?<\/p>\n<p><\/i>Leve sommarlovet! \u00c4ntligen \u00e4r solen och v\u00e4rmen h\u00e4r. Skolan f\u00f6rsvann f\u00f6r l\u00e4nge sedan och det \u00e4r hur l\u00e5ng tid som helst till n\u00e4sta l\u00e4s\u00e5r. Men somliga funderar nog p\u00e5 det. Vad \u00e4r skolan egentligen? Vad handlar inl\u00e4rning om? Vad \u00e4r en elev? Ja, f\u00f6rresten vad \u00e4r en\u00a0<i>m\u00e4nniska<\/i>?<br \/>\nSomliga funderar \u00f6ver ett land som fanns en g\u00e5ng, det land d\u00e4r\u00a0<i>alla var j\u00e4mlika men somliga var mer j\u00e4mlika \u00e4n andra.<\/i>\u00a0Skall tankar fr\u00e5n det landet r\u00e4dda v\u00e5r svenska skola?<br \/>\nN\u00e4r Lenin dog 1924 hade han efter ett ovanligt h\u00e4nsynsl\u00f6st inb\u00f6rdeskrig uppr\u00e4ttat Sovjetunionen p\u00e5 runinerna av det gamla Ryssland. Nu tr\u00e4dde Stalin till och en lysande framtid v\u00e4ntade. S\u00e5 trodde m\u00e5nga, bland dem den unge Lev Vygotskij, som just det \u00e5ret &#8221;uppt\u00e4cktes&#8221; och lanserades som ett geni inom psykologin. Innan han dog i tuberkulos 1934 hann han skriva mycket om barns inl\u00e4rning. Det skrivs bara mer och mer om hans tankar och vi f\u00e5r s\u00e4kert h\u00f6ra mer om det.<\/p>\n<p><img loading=\"lazy\" decoding=\"async\" src=\"http:\/\/ydrebo.se\/kd\/veckobrev\/ruin.jpg\" width=\"384\" height=\"307\" border=\"0\" \/><br \/>\n<i>P\u00e5 ruinerna av det gamla samh\u00e4llet skulle paradiset byggas.<\/p>\n<p><\/i>Vygotskij var inte bara en lysande beg\u00e5vning. Han tycks ocks\u00e5 ha varit en mycket sympatisk och f\u00e4ngslande gestalt med en \u00e4kta k\u00e4nsla f\u00f6r barn. Som goda l\u00e4rare i alla tider betonade han vikten av att\u00a0<i>se<\/i>eleverna och tro p\u00e5 dera m\u00f6jligheter. En del av hans eftef\u00f6ljare i Sverige har funnit att med ett v\u00e4lorganiserat samarbete mellan barnen har &#8221;hoppl\u00f6sa&#8221; elever och klasser gjort stora framsteg.<br \/>\nHur trodde Vygotskij sj\u00e4lv att det skulle g\u00e5 till? Ja, m\u00e4nniskan\u00a0<i>finns<\/i>\u00a0egentligen inte utan\u00a0<i>blir till<\/i>\u00a0i kontakten med andra. Kulturen \u00e4r m\u00e4nniskornas samlade medvetande. Och en m\u00e4nniskas medvetande \u00e4r s\u00e5 mycket av kulturen hon kan ta till sig. Genom kollektiv fostran\u00a0<i>skapas<\/i>\u00a0de nya goda m\u00e4nniskorna.<br \/>\nTill en b\u00f6rjan var detta bra f\u00f6r regimen. Barnen blir medborgare som finner sig till r\u00e4tta i diktaturen d\u00e4r m\u00e4nniskor bara f\u00f6rsvinner klockan tv\u00e5 p\u00e5 natten. Det spelar ingen roll om du \u00e4r minister i regeringen, marskalk i arm\u00e9n eller en fattig bonde i Ukraina. R\u00e4tt som det \u00e4r f\u00f6rsvinner du. S\u00e5 f\u00f6rsvinner ocks\u00e5 de andra en efter en, tusen sinom tusen, millioner efter millioner. (&#8221;Vi skola n\u00e4stan alla d\u00f6&#8221; heter en memoarbok). Enligt Stalin sj\u00e4lv kostade bara oml\u00e4gningen av jordbruket 15 millioner liv.<\/p>\n<p><img loading=\"lazy\" decoding=\"async\" src=\"http:\/\/ydrebo.se\/kd\/veckobrev\/kolarkoja.jpg\" width=\"400\" height=\"301\" border=\"0\" \/><br \/>\n<i>Det hette att man m\u00e5ste modernisera.<\/p>\n<p><\/i>Man har alltid trott att det finns \u00f6verm\u00e4nniskor. Vygotskij s\u00e5gs nog som en s\u00e5dan. Som s\u00e5 m\u00e5nga andra ins\u00e5g han inte att enligt Stalin fanns det bara plats f\u00f6r\u00a0<i>en<\/i>\u00a0\u00f6verm\u00e4nniska i landet, bara\u00a0<i>en<\/i>\u00a0som var v\u00e4rd beundran. D\u00e4rf\u00f6r avskydde Stalin dem som var duktiga. &#8221;Lyckligtvis&#8221; hann Vygotskij avlida innan hans id\u00e9er bannlystes helt. Men han hade redan hunnit angripas. Han gjorde avb\u00f6n och anklagade sig sj\u00e4lv och sina v\u00e4nner f\u00f6r felaktigt t\u00e4nkande. F\u00f6r enligt hans egen teori har ingen m\u00e4nniska, inte ens han sj\u00e4lv, f\u00f6rm\u00e5ga eller r\u00e4tt till alldeles egna \u00e5sikter.<br \/>\nNobelpristagaren Solzjenitsyn har ber\u00e4ttat om en flicka som skrev dagbok p\u00e5 Stalins tid: &#8221;Min far sitter i f\u00e4ngelse. Alla hederliga m\u00e4nniskor sitter i f\u00e4ngelse. N\u00e4r jag blir stor kommer jag ocks\u00e5 att sitta i f\u00e4ngelse.&#8221; S\u00e5dana tankar kommer inte fram genom Vygotskijs pedagogik. Om vi absolut skall v\u00e4lja en f\u00f6rebild fr\u00e5n Stalins tid, skall vi d\u00e5 v\u00e4lja den h\u00e4r flickan eller Vygotskij? Somliga h\u00e4vdar att det svenska skolsystemet redan har best\u00e4mt sig f\u00f6r Vygotskij. Naturligtvis har de inte r\u00e4tt. Men varf\u00f6r protesterar vi inte h\u00f6gre?<br \/>\nEn diktatur g\u00e5r inte med p\u00e5 att man ber\u00f6var m\u00e4nniskorna deras tankefrihet. F\u00f6r diktaturen bygger p\u00e5 \u00e5sikten att m\u00e4nniskor inte\u00a0<i>kan<\/i>\u00a0t\u00e4nka sj\u00e4lva. Det \u00e4r bara \u00f6verm\u00e4nniskorna som kan det. Frihet \u00e4r att t\u00e4nka som de. Och om barnen i skolan b\u00f6rjar t\u00e4nka som dessa \u00f6verm\u00e4nniskor d\u00e5 blir de sj\u00e4lva sm\u00e5 \u00f6verm\u00e4nniskor. N\u00e4stan som fr\u00f6ken.<\/p>\n<p><img loading=\"lazy\" decoding=\"async\" src=\"http:\/\/ydrebo.se\/kd\/veckobrev\/skola.JPG\" width=\"400\" height=\"400\" border=\"0\" \/><br \/>\n<i>Frihet \u00e4r att lyftas dit andra vill.<\/p>\n<p><\/i><span style=\"font-size: large\"><i>Bengt Malm, ordf.<br \/>\n10 juli 2014<\/i><\/span><\/p>\n","protected":false},"excerpt":{"rendered":"<p>Lilla v\u00e4n, du vet v\u00e4l att du inte finns? Leve sommarlovet! \u00c4ntligen \u00e4r solen och v\u00e4rmen h\u00e4r. Skolan f\u00f6rsvann f\u00f6r l\u00e4nge sedan och det \u00e4r hur l\u00e5ng tid som helst till n\u00e4sta l\u00e4s\u00e5r. Men somliga funderar nog p\u00e5 det. Vad \u00e4r skolan egentligen? Vad handlar inl\u00e4rning om? Vad \u00e4r en elev? Ja, f\u00f6rresten vad \u00e4r <a class=\"read-more-link\" href=\"https:\/\/wp.kristdemokraterna.se\/ydre\/2014-07-10-froken-ar-du-en-overmanniska-eller-hur-skulle-min-larare-tanka-eller-manniskans-avskaffande\/\">L\u00e4s mer<\/a><\/p>\n","protected":false},"author":793,"featured_media":0,"parent":0,"menu_order":0,"comment_status":"closed","ping_status":"closed","template":"","meta":{"_acf_changed":false,"footnotes":""},"class_list":["post-1222","page","type-page","status-publish","hentry"],"acf":[],"yoast_head":"<!-- This site is optimized with the Yoast SEO plugin v27.5 - https:\/\/yoast.com\/product\/yoast-seo-wordpress\/ -->\n<title>2014-07-10 Fr\u00f6ken, \u00e4r du en \u00f6verm\u00e4nniska? eller Hur skulle min l\u00e4rare t\u00e4nka? eller M\u00e4nniskans avskaffande - Kristdemokraterna i Ydre<\/title>\n<meta name=\"robots\" content=\"index, follow, max-snippet:-1, max-image-preview:large, max-video-preview:-1\" \/>\n<link rel=\"canonical\" href=\"https:\/\/wp.kristdemokraterna.se\/ydre\/2014-07-10-froken-ar-du-en-overmanniska-eller-hur-skulle-min-larare-tanka-eller-manniskans-avskaffande\/\" \/>\n<meta property=\"og:locale\" content=\"sv_SE\" \/>\n<meta property=\"og:type\" content=\"article\" \/>\n<meta property=\"og:title\" content=\"2014-07-10 Fr\u00f6ken, \u00e4r du en \u00f6verm\u00e4nniska? eller Hur skulle min l\u00e4rare t\u00e4nka? eller M\u00e4nniskans avskaffande - Kristdemokraterna i Ydre\" \/>\n<meta property=\"og:description\" content=\"Lilla v\u00e4n, du vet v\u00e4l att du inte finns? Leve sommarlovet! \u00c4ntligen \u00e4r solen och v\u00e4rmen h\u00e4r. Skolan f\u00f6rsvann f\u00f6r l\u00e4nge sedan och det \u00e4r hur l\u00e5ng tid som helst till n\u00e4sta l\u00e4s\u00e5r. Men somliga funderar nog p\u00e5 det. Vad \u00e4r skolan egentligen? Vad handlar inl\u00e4rning om? Vad \u00e4r en elev? Ja, f\u00f6rresten vad \u00e4r L\u00e4s mer\" \/>\n<meta property=\"og:url\" content=\"https:\/\/wp.kristdemokraterna.se\/ydre\/2014-07-10-froken-ar-du-en-overmanniska-eller-hur-skulle-min-larare-tanka-eller-manniskans-avskaffande\/\" \/>\n<meta property=\"og:site_name\" content=\"Kristdemokraterna i Ydre\" \/>\n<meta property=\"article:modified_time\" content=\"2018-07-25T16:23:53+00:00\" \/>\n<meta property=\"og:image\" content=\"http:\/\/ydrebo.se\/kd\/barn.JPG\" \/>\n<meta name=\"twitter:card\" content=\"summary_large_image\" \/>\n<meta name=\"twitter:label1\" content=\"Ber\u00e4knad l\u00e4stid\" \/>\n\t<meta name=\"twitter:data1\" content=\"4 minuter\" \/>\n<script type=\"application\/ld+json\" class=\"yoast-schema-graph\">{\"@context\":\"https:\\\/\\\/schema.org\",\"@graph\":[{\"@type\":\"WebPage\",\"@id\":\"https:\\\/\\\/wp.kristdemokraterna.se\\\/ydre\\\/2014-07-10-froken-ar-du-en-overmanniska-eller-hur-skulle-min-larare-tanka-eller-manniskans-avskaffande\\\/\",\"url\":\"https:\\\/\\\/wp.kristdemokraterna.se\\\/ydre\\\/2014-07-10-froken-ar-du-en-overmanniska-eller-hur-skulle-min-larare-tanka-eller-manniskans-avskaffande\\\/\",\"name\":\"2014-07-10 Fr\u00f6ken, \u00e4r du en \u00f6verm\u00e4nniska? eller Hur skulle min l\u00e4rare t\u00e4nka? eller M\u00e4nniskans avskaffande - Kristdemokraterna i Ydre\",\"isPartOf\":{\"@id\":\"https:\\\/\\\/wp.kristdemokraterna.se\\\/ydre\\\/#website\"},\"primaryImageOfPage\":{\"@id\":\"https:\\\/\\\/wp.kristdemokraterna.se\\\/ydre\\\/2014-07-10-froken-ar-du-en-overmanniska-eller-hur-skulle-min-larare-tanka-eller-manniskans-avskaffande\\\/#primaryimage\"},\"image\":{\"@id\":\"https:\\\/\\\/wp.kristdemokraterna.se\\\/ydre\\\/2014-07-10-froken-ar-du-en-overmanniska-eller-hur-skulle-min-larare-tanka-eller-manniskans-avskaffande\\\/#primaryimage\"},\"thumbnailUrl\":\"http:\\\/\\\/ydrebo.se\\\/kd\\\/barn.JPG\",\"datePublished\":\"2018-07-25T16:22:50+00:00\",\"dateModified\":\"2018-07-25T16:23:53+00:00\",\"breadcrumb\":{\"@id\":\"https:\\\/\\\/wp.kristdemokraterna.se\\\/ydre\\\/2014-07-10-froken-ar-du-en-overmanniska-eller-hur-skulle-min-larare-tanka-eller-manniskans-avskaffande\\\/#breadcrumb\"},\"inLanguage\":\"sv-SE\",\"potentialAction\":[{\"@type\":\"ReadAction\",\"target\":[\"https:\\\/\\\/wp.kristdemokraterna.se\\\/ydre\\\/2014-07-10-froken-ar-du-en-overmanniska-eller-hur-skulle-min-larare-tanka-eller-manniskans-avskaffande\\\/\"]}]},{\"@type\":\"ImageObject\",\"inLanguage\":\"sv-SE\",\"@id\":\"https:\\\/\\\/wp.kristdemokraterna.se\\\/ydre\\\/2014-07-10-froken-ar-du-en-overmanniska-eller-hur-skulle-min-larare-tanka-eller-manniskans-avskaffande\\\/#primaryimage\",\"url\":\"http:\\\/\\\/ydrebo.se\\\/kd\\\/barn.JPG\",\"contentUrl\":\"http:\\\/\\\/ydrebo.se\\\/kd\\\/barn.JPG\"},{\"@type\":\"BreadcrumbList\",\"@id\":\"https:\\\/\\\/wp.kristdemokraterna.se\\\/ydre\\\/2014-07-10-froken-ar-du-en-overmanniska-eller-hur-skulle-min-larare-tanka-eller-manniskans-avskaffande\\\/#breadcrumb\",\"itemListElement\":[{\"@type\":\"ListItem\",\"position\":1,\"name\":\"Hem\",\"item\":\"https:\\\/\\\/wp.kristdemokraterna.se\\\/ydre\\\/\"},{\"@type\":\"ListItem\",\"position\":2,\"name\":\"2014-07-10 Fr\u00f6ken, \u00e4r du en \u00f6verm\u00e4nniska? eller Hur skulle min l\u00e4rare t\u00e4nka? eller M\u00e4nniskans avskaffande\"}]},{\"@type\":\"WebSite\",\"@id\":\"https:\\\/\\\/wp.kristdemokraterna.se\\\/ydre\\\/#website\",\"url\":\"https:\\\/\\\/wp.kristdemokraterna.se\\\/ydre\\\/\",\"name\":\"Kristdemokraterna i Ydre\",\"description\":\"En till Kristdemokraterna webbplats\",\"inLanguage\":\"sv-SE\"}]}<\/script>\n<!-- \/ Yoast SEO plugin. -->","yoast_head_json":{"title":"2014-07-10 Fr\u00f6ken, \u00e4r du en \u00f6verm\u00e4nniska? eller Hur skulle min l\u00e4rare t\u00e4nka? eller M\u00e4nniskans avskaffande - Kristdemokraterna i Ydre","robots":{"index":"index","follow":"follow","max-snippet":"max-snippet:-1","max-image-preview":"max-image-preview:large","max-video-preview":"max-video-preview:-1"},"canonical":"https:\/\/wp.kristdemokraterna.se\/ydre\/2014-07-10-froken-ar-du-en-overmanniska-eller-hur-skulle-min-larare-tanka-eller-manniskans-avskaffande\/","og_locale":"sv_SE","og_type":"article","og_title":"2014-07-10 Fr\u00f6ken, \u00e4r du en \u00f6verm\u00e4nniska? eller Hur skulle min l\u00e4rare t\u00e4nka? eller M\u00e4nniskans avskaffande - Kristdemokraterna i Ydre","og_description":"Lilla v\u00e4n, du vet v\u00e4l att du inte finns? Leve sommarlovet! \u00c4ntligen \u00e4r solen och v\u00e4rmen h\u00e4r. Skolan f\u00f6rsvann f\u00f6r l\u00e4nge sedan och det \u00e4r hur l\u00e5ng tid som helst till n\u00e4sta l\u00e4s\u00e5r. Men somliga funderar nog p\u00e5 det. Vad \u00e4r skolan egentligen? Vad handlar inl\u00e4rning om? Vad \u00e4r en elev? Ja, f\u00f6rresten vad \u00e4r L\u00e4s mer","og_url":"https:\/\/wp.kristdemokraterna.se\/ydre\/2014-07-10-froken-ar-du-en-overmanniska-eller-hur-skulle-min-larare-tanka-eller-manniskans-avskaffande\/","og_site_name":"Kristdemokraterna i Ydre","article_modified_time":"2018-07-25T16:23:53+00:00","og_image":[{"url":"http:\/\/ydrebo.se\/kd\/barn.JPG","type":"","width":"","height":""}],"twitter_card":"summary_large_image","twitter_misc":{"Ber\u00e4knad l\u00e4stid":"4 minuter"},"schema":{"@context":"https:\/\/schema.org","@graph":[{"@type":"WebPage","@id":"https:\/\/wp.kristdemokraterna.se\/ydre\/2014-07-10-froken-ar-du-en-overmanniska-eller-hur-skulle-min-larare-tanka-eller-manniskans-avskaffande\/","url":"https:\/\/wp.kristdemokraterna.se\/ydre\/2014-07-10-froken-ar-du-en-overmanniska-eller-hur-skulle-min-larare-tanka-eller-manniskans-avskaffande\/","name":"2014-07-10 Fr\u00f6ken, \u00e4r du en \u00f6verm\u00e4nniska? eller Hur skulle min l\u00e4rare t\u00e4nka? eller M\u00e4nniskans avskaffande - Kristdemokraterna i Ydre","isPartOf":{"@id":"https:\/\/wp.kristdemokraterna.se\/ydre\/#website"},"primaryImageOfPage":{"@id":"https:\/\/wp.kristdemokraterna.se\/ydre\/2014-07-10-froken-ar-du-en-overmanniska-eller-hur-skulle-min-larare-tanka-eller-manniskans-avskaffande\/#primaryimage"},"image":{"@id":"https:\/\/wp.kristdemokraterna.se\/ydre\/2014-07-10-froken-ar-du-en-overmanniska-eller-hur-skulle-min-larare-tanka-eller-manniskans-avskaffande\/#primaryimage"},"thumbnailUrl":"http:\/\/ydrebo.se\/kd\/barn.JPG","datePublished":"2018-07-25T16:22:50+00:00","dateModified":"2018-07-25T16:23:53+00:00","breadcrumb":{"@id":"https:\/\/wp.kristdemokraterna.se\/ydre\/2014-07-10-froken-ar-du-en-overmanniska-eller-hur-skulle-min-larare-tanka-eller-manniskans-avskaffande\/#breadcrumb"},"inLanguage":"sv-SE","potentialAction":[{"@type":"ReadAction","target":["https:\/\/wp.kristdemokraterna.se\/ydre\/2014-07-10-froken-ar-du-en-overmanniska-eller-hur-skulle-min-larare-tanka-eller-manniskans-avskaffande\/"]}]},{"@type":"ImageObject","inLanguage":"sv-SE","@id":"https:\/\/wp.kristdemokraterna.se\/ydre\/2014-07-10-froken-ar-du-en-overmanniska-eller-hur-skulle-min-larare-tanka-eller-manniskans-avskaffande\/#primaryimage","url":"http:\/\/ydrebo.se\/kd\/barn.JPG","contentUrl":"http:\/\/ydrebo.se\/kd\/barn.JPG"},{"@type":"BreadcrumbList","@id":"https:\/\/wp.kristdemokraterna.se\/ydre\/2014-07-10-froken-ar-du-en-overmanniska-eller-hur-skulle-min-larare-tanka-eller-manniskans-avskaffande\/#breadcrumb","itemListElement":[{"@type":"ListItem","position":1,"name":"Hem","item":"https:\/\/wp.kristdemokraterna.se\/ydre\/"},{"@type":"ListItem","position":2,"name":"2014-07-10 Fr\u00f6ken, \u00e4r du en \u00f6verm\u00e4nniska? eller Hur skulle min l\u00e4rare t\u00e4nka? eller M\u00e4nniskans avskaffande"}]},{"@type":"WebSite","@id":"https:\/\/wp.kristdemokraterna.se\/ydre\/#website","url":"https:\/\/wp.kristdemokraterna.se\/ydre\/","name":"Kristdemokraterna i Ydre","description":"En till Kristdemokraterna webbplats","inLanguage":"sv-SE"}]}},"_links":{"self":[{"href":"https:\/\/wp.kristdemokraterna.se\/ydre\/wp-json\/wp\/v2\/pages\/1222","targetHints":{"allow":["GET"]}}],"collection":[{"href":"https:\/\/wp.kristdemokraterna.se\/ydre\/wp-json\/wp\/v2\/pages"}],"about":[{"href":"https:\/\/wp.kristdemokraterna.se\/ydre\/wp-json\/wp\/v2\/types\/page"}],"author":[{"embeddable":true,"href":"https:\/\/wp.kristdemokraterna.se\/ydre\/wp-json\/wp\/v2\/users\/793"}],"replies":[{"embeddable":true,"href":"https:\/\/wp.kristdemokraterna.se\/ydre\/wp-json\/wp\/v2\/comments?post=1222"}],"version-history":[{"count":2,"href":"https:\/\/wp.kristdemokraterna.se\/ydre\/wp-json\/wp\/v2\/pages\/1222\/revisions"}],"predecessor-version":[{"id":1224,"href":"https:\/\/wp.kristdemokraterna.se\/ydre\/wp-json\/wp\/v2\/pages\/1222\/revisions\/1224"}],"wp:attachment":[{"href":"https:\/\/wp.kristdemokraterna.se\/ydre\/wp-json\/wp\/v2\/media?parent=1222"}],"curies":[{"name":"wp","href":"https:\/\/api.w.org\/{rel}","templated":true}]}}