{"id":1241,"date":"2018-07-25T18:44:39","date_gmt":"2018-07-25T16:44:39","guid":{"rendered":"http:\/\/wp.kristdemokraterna.se\/ydre\/?page_id=1241"},"modified":"2018-07-25T18:48:19","modified_gmt":"2018-07-25T16:48:19","slug":"2014-08-13-ydrebon-ar-flitig-som-ett-bi","status":"publish","type":"page","link":"https:\/\/wp.kristdemokraterna.se\/ydre\/2014-08-13-ydrebon-ar-flitig-som-ett-bi\/","title":{"rendered":"2014-08-13 Ydrebon \u00e4r flitig som ett bi"},"content":{"rendered":"<p>Det g\u00e4ller \u00e5tminstone m\u00e5nga bland oss. Den 8 augusti var det Levande Torg i \u00d6sterbymo (arrengerat av Seniorer i tiden). Det fanns m\u00e5nga marknadsst\u00e5nd med produkter fr\u00e5n trakten, allt fr\u00e5n honung till konsthantverk (en del av bina var med i en glasl\u00e5da).<\/p>\n<p><img loading=\"lazy\" decoding=\"async\" src=\"http:\/\/ydrebo.se\/kd\/veckobrev\/bin.JPG\" width=\"400\" height=\"308\" \/><br \/>\n<i>De \u00e4r flitiga och oumb\u00e4rliga. Men de \u00e4r inte som vi.<\/i><\/p>\n<p>En hel del av dem som f\u00e5r Ydre att fungera \u00e4r utlandsf\u00f6dda. Ja, invandrare finns \u00e4ven bland dem som arbetar h\u00e5rt f\u00f6r att Ydre skall vara tilldragande f\u00f6r turister.<br \/>\nI g\u00e5r kv\u00e4ll gick jag f\u00f6rbi en g\u00e5rd d\u00e4r ett stort antal barn lekte och spelade fotboll. De hade olika hudf\u00e4rg, h\u00e4rkomst och kl\u00e4dsel. Men de var alla barn och hade roligt p\u00e5 barns s\u00e4tt. De \u00e4r m\u00e4nniskor.<\/p>\n<p><b>Alla vi som bor h\u00e4r \u00e4r ydrebor. F\u00f6r vi \u00e4r m\u00e4nniskor.<\/b><\/p>\n<p><img loading=\"lazy\" decoding=\"async\" src=\"http:\/\/ydrebo.se\/kd\/veckobrev\/torg.JPG\" width=\"540\" height=\"405\" \/><br \/>\n<i>Levande Torg i \u00d6sterbymo den 8 augusti 2014.<\/i><\/p>\n<p>Men alla t\u00e4nker inte s\u00e5. H\u00e4romdagen fick jag ett anonymt epostbrev som hyllade Sverigedemokraterna och f\u00f6rd\u00f6mde invandringen. Vi utlandsf\u00f6dda \u00e4r f\u00f6r dyra i drift. Men framf\u00f6r allt \u00e4r det vi sj\u00e4lva som \u00e4r\u00a0<i>fel<\/i>. Det spelar tydligen ingen roll om vi har r\u00f6tter i Ydre (som jag), \u00e4r adoptivbarn, nordbor eller afrikaner eller har varit flyktingar (som jag). Vi \u00e4r helt enkelt fel.<br \/>\nDet p\u00e5st\u00e5s att en folklivsforskare en g\u00e5ng fr\u00e5gade m\u00e4nniskorna i en socken vad de t\u00e4nkte om dem som bodde i grannsocknen. Svaret blev: &#8221;De \u00e4r inte som vi.&#8221;<br \/>\n<i>De \u00e4r inte som vi.<\/i>\u00a0S\u00e5 s\u00e4ger somliga. Och hur mycket el\u00e4nde har inte den \u00e5sikten f\u00f6rt med sig! Vi &#8221;firar&#8221; just nu hundra\u00e5rsminnet av f\u00f6rsta v\u00e4rldskrigets utbrott. Hur kunde ett stort folkuppb\u00e5d fr\u00e5n ett land k\u00e4mpa fanatiskt mot ett likadant folkuppb\u00e5d fr\u00e5n ett annat land? Jo, man hade f\u00e5tt l\u00e4ra sig att m\u00e4nniskorna i grannlandet var barbarer, en fara bara genom att finnas till. Grannarnas s\u00e4tt att leva var ett hot mot ens egen kultur och ens egen \u00f6verlevnad. Det s\u00e4gs att mest f\u00f6rbittrat k\u00e4mpade de som hade h\u00f6g utbildning. De hade ju hunnit bli mest indoktrinerade.<br \/>\nOch nu dyker s\u00e5dana tankar upp \u00e4ven h\u00e4r. Vi utlandsf\u00f6dda \u00e4r ett problem. Har vi inte arbete och bostad \u00e4r det fel. Har vi arbete och bostad \u00e4r det ocks\u00e5 fel enligt den anonyme skribenten. F\u00f6r n\u00e5gon annan kunde ju ha f\u00e5tt mitt arbete och min bostad. Och s\u00e5 f\u00e5r vi f\u00f6r m\u00e5nga barn. O ja, alldeles f\u00f6r m\u00e5nga!<br \/>\nVi utlandsf\u00f6dda finns i m\u00e5nga modeller och utf\u00f6randen. Men skribenten pekar ut en standardtyp. Det \u00e4r en f\u00e4ngelsekund fr\u00e5n det muslimska Nordafrika. Genom att se p\u00e5 honom f\u00f6rst\u00e5r man hurdana vi &#8221;fr\u00e4mlingar&#8221;\u00a0<i>egentligen<\/i>\u00a0\u00e4r innerst inne.<\/p>\n<p><img loading=\"lazy\" decoding=\"async\" src=\"http:\/\/ydrebo.se\/kd\/veckobrev\/torg2.JPG\" width=\"540\" height=\"415\" \/><\/p>\n<p>Vad skall vi ta oss till med dessa Sverigedemokrater? N\u00e4r vi vill g\u00f6ra Ydre \u00e4nnu m\u00e4nskligare, \u00e4nnu mer v\u00e4lordnat, \u00e4nnu mer v\u00e4lkomnande, \u00e4nnu mer v\u00e4rt att uppleva &#8211; d\u00e5 vill de inte vara med. S\u00e5 var Sverige och svenskarna inte f\u00f6rr. Det minns jag fr\u00e5n skolan. Vad spelade det f\u00f6r roll om n\u00e5gons farfar kom fr\u00e5n Italien eller om n\u00e5gon var krigsflykting. Vi var m\u00e4nniskor, levde bland m\u00e4nniskor och som m\u00e4nniskor. Vi var bland svenskar och kunde leva som svenskarna.<br \/>\nMen nu har det kommit n\u00e5got nytt. Det finns inte bara svenskar i Sverige (fast de \u00e4r ju flest), det finns ocks\u00e5 sverigedemokrater.<br \/>\nVad skall vi allts\u00e5 g\u00f6ra vi svenskar, vi ydrebor? Vad skall vi ta oss till med de h\u00e4r sverigedemokraterna?<br \/>\nDe \u00e4r inte som vi.<br \/>\nDe vill inte vara som vi.<br \/>\nDe vill inte vara som svenskar. De vill inte vara som m\u00e4nniskor.<br \/>\nDe vill inte.<\/p>\n<p><i>Bengt Malm, ordf.<br \/>\n13 augusti 2014<\/i><\/p>\n","protected":false},"excerpt":{"rendered":"<p>Det g\u00e4ller \u00e5tminstone m\u00e5nga bland oss. Den 8 augusti var det Levande Torg i \u00d6sterbymo (arrengerat av Seniorer i tiden). Det fanns m\u00e5nga marknadsst\u00e5nd med produkter fr\u00e5n trakten, allt fr\u00e5n honung till konsthantverk (en del av bina var med i en glasl\u00e5da). De \u00e4r flitiga och oumb\u00e4rliga. Men de \u00e4r inte som vi. En hel <a class=\"read-more-link\" href=\"https:\/\/wp.kristdemokraterna.se\/ydre\/2014-08-13-ydrebon-ar-flitig-som-ett-bi\/\">L\u00e4s mer<\/a><\/p>\n","protected":false},"author":793,"featured_media":0,"parent":0,"menu_order":0,"comment_status":"closed","ping_status":"closed","template":"","meta":{"_acf_changed":false,"footnotes":""},"class_list":["post-1241","page","type-page","status-publish","hentry"],"acf":[],"yoast_head":"<!-- This site is optimized with the Yoast SEO plugin v27.5 - https:\/\/yoast.com\/product\/yoast-seo-wordpress\/ -->\n<title>2014-08-13 Ydrebon \u00e4r flitig som ett bi - Kristdemokraterna i Ydre<\/title>\n<meta name=\"robots\" content=\"index, follow, max-snippet:-1, max-image-preview:large, max-video-preview:-1\" \/>\n<link rel=\"canonical\" href=\"https:\/\/wp.kristdemokraterna.se\/ydre\/2014-08-13-ydrebon-ar-flitig-som-ett-bi\/\" \/>\n<meta property=\"og:locale\" content=\"sv_SE\" \/>\n<meta property=\"og:type\" content=\"article\" \/>\n<meta property=\"og:title\" content=\"2014-08-13 Ydrebon \u00e4r flitig som ett bi - Kristdemokraterna i Ydre\" \/>\n<meta property=\"og:description\" content=\"Det g\u00e4ller \u00e5tminstone m\u00e5nga bland oss. Den 8 augusti var det Levande Torg i \u00d6sterbymo (arrengerat av Seniorer i tiden). Det fanns m\u00e5nga marknadsst\u00e5nd med produkter fr\u00e5n trakten, allt fr\u00e5n honung till konsthantverk (en del av bina var med i en glasl\u00e5da). De \u00e4r flitiga och oumb\u00e4rliga. Men de \u00e4r inte som vi. En hel L\u00e4s mer\" \/>\n<meta property=\"og:url\" content=\"https:\/\/wp.kristdemokraterna.se\/ydre\/2014-08-13-ydrebon-ar-flitig-som-ett-bi\/\" \/>\n<meta property=\"og:site_name\" content=\"Kristdemokraterna i Ydre\" \/>\n<meta property=\"article:modified_time\" content=\"2018-07-25T16:48:19+00:00\" \/>\n<meta property=\"og:image\" content=\"http:\/\/ydrebo.se\/kd\/veckobrev\/bin.JPG\" \/>\n<meta name=\"twitter:card\" content=\"summary_large_image\" \/>\n<meta name=\"twitter:label1\" content=\"Ber\u00e4knad l\u00e4stid\" \/>\n\t<meta name=\"twitter:data1\" content=\"3 minuter\" \/>\n<script type=\"application\/ld+json\" class=\"yoast-schema-graph\">{\"@context\":\"https:\\\/\\\/schema.org\",\"@graph\":[{\"@type\":\"WebPage\",\"@id\":\"https:\\\/\\\/wp.kristdemokraterna.se\\\/ydre\\\/2014-08-13-ydrebon-ar-flitig-som-ett-bi\\\/\",\"url\":\"https:\\\/\\\/wp.kristdemokraterna.se\\\/ydre\\\/2014-08-13-ydrebon-ar-flitig-som-ett-bi\\\/\",\"name\":\"2014-08-13 Ydrebon \u00e4r flitig som ett bi - Kristdemokraterna i Ydre\",\"isPartOf\":{\"@id\":\"https:\\\/\\\/wp.kristdemokraterna.se\\\/ydre\\\/#website\"},\"primaryImageOfPage\":{\"@id\":\"https:\\\/\\\/wp.kristdemokraterna.se\\\/ydre\\\/2014-08-13-ydrebon-ar-flitig-som-ett-bi\\\/#primaryimage\"},\"image\":{\"@id\":\"https:\\\/\\\/wp.kristdemokraterna.se\\\/ydre\\\/2014-08-13-ydrebon-ar-flitig-som-ett-bi\\\/#primaryimage\"},\"thumbnailUrl\":\"http:\\\/\\\/ydrebo.se\\\/kd\\\/veckobrev\\\/bin.JPG\",\"datePublished\":\"2018-07-25T16:44:39+00:00\",\"dateModified\":\"2018-07-25T16:48:19+00:00\",\"breadcrumb\":{\"@id\":\"https:\\\/\\\/wp.kristdemokraterna.se\\\/ydre\\\/2014-08-13-ydrebon-ar-flitig-som-ett-bi\\\/#breadcrumb\"},\"inLanguage\":\"sv-SE\",\"potentialAction\":[{\"@type\":\"ReadAction\",\"target\":[\"https:\\\/\\\/wp.kristdemokraterna.se\\\/ydre\\\/2014-08-13-ydrebon-ar-flitig-som-ett-bi\\\/\"]}]},{\"@type\":\"ImageObject\",\"inLanguage\":\"sv-SE\",\"@id\":\"https:\\\/\\\/wp.kristdemokraterna.se\\\/ydre\\\/2014-08-13-ydrebon-ar-flitig-som-ett-bi\\\/#primaryimage\",\"url\":\"http:\\\/\\\/ydrebo.se\\\/kd\\\/veckobrev\\\/bin.JPG\",\"contentUrl\":\"http:\\\/\\\/ydrebo.se\\\/kd\\\/veckobrev\\\/bin.JPG\"},{\"@type\":\"BreadcrumbList\",\"@id\":\"https:\\\/\\\/wp.kristdemokraterna.se\\\/ydre\\\/2014-08-13-ydrebon-ar-flitig-som-ett-bi\\\/#breadcrumb\",\"itemListElement\":[{\"@type\":\"ListItem\",\"position\":1,\"name\":\"Hem\",\"item\":\"https:\\\/\\\/wp.kristdemokraterna.se\\\/ydre\\\/\"},{\"@type\":\"ListItem\",\"position\":2,\"name\":\"2014-08-13 Ydrebon \u00e4r flitig som ett bi\"}]},{\"@type\":\"WebSite\",\"@id\":\"https:\\\/\\\/wp.kristdemokraterna.se\\\/ydre\\\/#website\",\"url\":\"https:\\\/\\\/wp.kristdemokraterna.se\\\/ydre\\\/\",\"name\":\"Kristdemokraterna i Ydre\",\"description\":\"En till Kristdemokraterna webbplats\",\"inLanguage\":\"sv-SE\"}]}<\/script>\n<!-- \/ Yoast SEO plugin. -->","yoast_head_json":{"title":"2014-08-13 Ydrebon \u00e4r flitig som ett bi - Kristdemokraterna i Ydre","robots":{"index":"index","follow":"follow","max-snippet":"max-snippet:-1","max-image-preview":"max-image-preview:large","max-video-preview":"max-video-preview:-1"},"canonical":"https:\/\/wp.kristdemokraterna.se\/ydre\/2014-08-13-ydrebon-ar-flitig-som-ett-bi\/","og_locale":"sv_SE","og_type":"article","og_title":"2014-08-13 Ydrebon \u00e4r flitig som ett bi - Kristdemokraterna i Ydre","og_description":"Det g\u00e4ller \u00e5tminstone m\u00e5nga bland oss. Den 8 augusti var det Levande Torg i \u00d6sterbymo (arrengerat av Seniorer i tiden). Det fanns m\u00e5nga marknadsst\u00e5nd med produkter fr\u00e5n trakten, allt fr\u00e5n honung till konsthantverk (en del av bina var med i en glasl\u00e5da). De \u00e4r flitiga och oumb\u00e4rliga. Men de \u00e4r inte som vi. En hel L\u00e4s mer","og_url":"https:\/\/wp.kristdemokraterna.se\/ydre\/2014-08-13-ydrebon-ar-flitig-som-ett-bi\/","og_site_name":"Kristdemokraterna i Ydre","article_modified_time":"2018-07-25T16:48:19+00:00","og_image":[{"url":"http:\/\/ydrebo.se\/kd\/veckobrev\/bin.JPG","type":"","width":"","height":""}],"twitter_card":"summary_large_image","twitter_misc":{"Ber\u00e4knad l\u00e4stid":"3 minuter"},"schema":{"@context":"https:\/\/schema.org","@graph":[{"@type":"WebPage","@id":"https:\/\/wp.kristdemokraterna.se\/ydre\/2014-08-13-ydrebon-ar-flitig-som-ett-bi\/","url":"https:\/\/wp.kristdemokraterna.se\/ydre\/2014-08-13-ydrebon-ar-flitig-som-ett-bi\/","name":"2014-08-13 Ydrebon \u00e4r flitig som ett bi - Kristdemokraterna i Ydre","isPartOf":{"@id":"https:\/\/wp.kristdemokraterna.se\/ydre\/#website"},"primaryImageOfPage":{"@id":"https:\/\/wp.kristdemokraterna.se\/ydre\/2014-08-13-ydrebon-ar-flitig-som-ett-bi\/#primaryimage"},"image":{"@id":"https:\/\/wp.kristdemokraterna.se\/ydre\/2014-08-13-ydrebon-ar-flitig-som-ett-bi\/#primaryimage"},"thumbnailUrl":"http:\/\/ydrebo.se\/kd\/veckobrev\/bin.JPG","datePublished":"2018-07-25T16:44:39+00:00","dateModified":"2018-07-25T16:48:19+00:00","breadcrumb":{"@id":"https:\/\/wp.kristdemokraterna.se\/ydre\/2014-08-13-ydrebon-ar-flitig-som-ett-bi\/#breadcrumb"},"inLanguage":"sv-SE","potentialAction":[{"@type":"ReadAction","target":["https:\/\/wp.kristdemokraterna.se\/ydre\/2014-08-13-ydrebon-ar-flitig-som-ett-bi\/"]}]},{"@type":"ImageObject","inLanguage":"sv-SE","@id":"https:\/\/wp.kristdemokraterna.se\/ydre\/2014-08-13-ydrebon-ar-flitig-som-ett-bi\/#primaryimage","url":"http:\/\/ydrebo.se\/kd\/veckobrev\/bin.JPG","contentUrl":"http:\/\/ydrebo.se\/kd\/veckobrev\/bin.JPG"},{"@type":"BreadcrumbList","@id":"https:\/\/wp.kristdemokraterna.se\/ydre\/2014-08-13-ydrebon-ar-flitig-som-ett-bi\/#breadcrumb","itemListElement":[{"@type":"ListItem","position":1,"name":"Hem","item":"https:\/\/wp.kristdemokraterna.se\/ydre\/"},{"@type":"ListItem","position":2,"name":"2014-08-13 Ydrebon \u00e4r flitig som ett bi"}]},{"@type":"WebSite","@id":"https:\/\/wp.kristdemokraterna.se\/ydre\/#website","url":"https:\/\/wp.kristdemokraterna.se\/ydre\/","name":"Kristdemokraterna i Ydre","description":"En till Kristdemokraterna webbplats","inLanguage":"sv-SE"}]}},"_links":{"self":[{"href":"https:\/\/wp.kristdemokraterna.se\/ydre\/wp-json\/wp\/v2\/pages\/1241","targetHints":{"allow":["GET"]}}],"collection":[{"href":"https:\/\/wp.kristdemokraterna.se\/ydre\/wp-json\/wp\/v2\/pages"}],"about":[{"href":"https:\/\/wp.kristdemokraterna.se\/ydre\/wp-json\/wp\/v2\/types\/page"}],"author":[{"embeddable":true,"href":"https:\/\/wp.kristdemokraterna.se\/ydre\/wp-json\/wp\/v2\/users\/793"}],"replies":[{"embeddable":true,"href":"https:\/\/wp.kristdemokraterna.se\/ydre\/wp-json\/wp\/v2\/comments?post=1241"}],"version-history":[{"count":4,"href":"https:\/\/wp.kristdemokraterna.se\/ydre\/wp-json\/wp\/v2\/pages\/1241\/revisions"}],"predecessor-version":[{"id":1245,"href":"https:\/\/wp.kristdemokraterna.se\/ydre\/wp-json\/wp\/v2\/pages\/1241\/revisions\/1245"}],"wp:attachment":[{"href":"https:\/\/wp.kristdemokraterna.se\/ydre\/wp-json\/wp\/v2\/media?parent=1241"}],"curies":[{"name":"wp","href":"https:\/\/api.w.org\/{rel}","templated":true}]}}