{"id":1247,"date":"2018-07-25T18:50:44","date_gmt":"2018-07-25T16:50:44","guid":{"rendered":"http:\/\/wp.kristdemokraterna.se\/ydre\/?page_id=1247"},"modified":"2018-07-25T18:53:58","modified_gmt":"2018-07-25T16:53:58","slug":"2014-08-21-nar-sverige-blir-obeboeligt","status":"publish","type":"page","link":"https:\/\/wp.kristdemokraterna.se\/ydre\/2014-08-21-nar-sverige-blir-obeboeligt\/","title":{"rendered":"2014-08-21 N\u00e4r Sverige blir obeboeligt"},"content":{"rendered":"<p>Det g\u00e4ller faktiskt en stor del av Sverige. Det g\u00e5r inte att bo d\u00e4r. Visst finns det stora och sm\u00e5 hus p\u00e5 de mest udda st\u00e4llen. Somliga \u00e4r omgivna av vatten, andra av f\u00e4lt och m\u00e5nga av skog.<\/p>\n<p><img loading=\"lazy\" decoding=\"async\" src=\"http:\/\/ydrebo.se\/kd\/veckobrev\/kronika140801\/torpons_farjelage2.JPG\" width=\"600\" height=\"450\" \/><br \/>\n<i>Det g\u00e5r bara inte att bo som s\u00e5 h\u00e4r p\u00e5 Karls\u00f6 i Sommen (Foto: Barbro Malm)<\/i><\/p>\n<p>Leve sommarlovet! Solen lyser p\u00e5 barnen n\u00e4r de leker p\u00e5 och i vatten nedanf\u00f6r ett vackert hus som ligger fritt p\u00e5 en \u00f6. Ja, det finns m\u00e5nga sommarlovsst\u00e4llen.<br \/>\nMen p\u00e5 den bl\u00e5aste himmel drar det upp moln. Sommarlovet tar slut, semestrarna likas\u00e5. Fritidshusen ligger snart ensligt tysta. F\u00f6r det g\u00e5r inte att bo permanent i st\u00f6rre delen av Sverige. Inte f\u00f6r dem som har l\u00f6nearbete eller skall g\u00e5 i skola. Liksom i resten av v\u00e4rlden flyttar millioner till st\u00f6rre orter.\u00a0Och d\u00e4r trivs de v\u00e4l b\u00e4ttre, eller hur?<\/p>\n<p><img loading=\"lazy\" decoding=\"async\" src=\"http:\/\/ydrebo.se\/kd\/veckobrev\/tallskog.jpg\" width=\"600\" height=\"450\" \/><\/p>\n<p>M\u00e5nga barn f\u00e5r inte v\u00e4xa upp med \u00e4lgar, r\u00e5djur, gr\u00e4vlingar, huggormar och andra djur (inte alla ofarliga). Susande skogar och glittrande fj\u00e4rdar \u00e4r s\u00e5 avl\u00e4gsna som om de vore p\u00e5 en annan planet. Vad skulle det inte betyda f\u00f6r barn och vuxna om de kunde f\u00e5 se en gnistrande stj\u00e4rnhimmel eller h\u00f6ra f\u00e5gels\u00e5ng i st\u00e4llet f\u00f6r motorbuller?<br \/>\nDet h\u00e4r \u00e4r inte ov\u00e4sentligt. Ydre kommun har just informerats om en unders\u00f6kning som regeringen l\u00e5tit g\u00f6ra. Det\u00a0<i>finns<\/i>\u00a0plats i Sverige, gott om plats, f\u00f6r m\u00e5nga nya svenskar. Men v\u00e5r glesbygdpolitik st\u00e4ller till det. P\u00e5 landet saknas arbetstillf\u00e4llen. Och framf\u00f6r allt saknas det kommunikationer till de arbeten som finns n\u00e5gon annanstans.<br \/>\nI Ydre har vi det ovanligt bra med v\u00e5r natur och v\u00e5r levande landsbygd. Vi m\u00e5ste vara r\u00e4dda om dessa tillg\u00e5ngar s\u00e5 att Ydre \u00e4r v\u00e4lsk\u00f6tt, v\u00e4lkomnande och v\u00e4rt att uppleva. Kort sagt m\u00e5ste vi v\u00e4rna och st\u00e4rka det m\u00e4nskliga i v\u00e5r bygd.<\/p>\n<p>\u00c4r det\u00a0<i>r\u00e4tt<\/i>\u00a0att g\u00f6ra Sverige (n\u00e4stan) obeboeligt? \u00c4r\u00a0<a href=\"http:\/\/simonechierchini.files.wordpress.com\/2011\/01\/tokyo-metro.jpg\" target=\"_blank\" rel=\"noopener\"><b>detta<\/b><\/a>\u00a0m\u00e4nniskornas framtid?<\/p>\n<p><i>Bengt Malm, ordf.<br \/>\n21 augusti 2014<\/i><\/p>\n<p>P.S. Den 18\/8\u00a0<a href=\"http:\/\/sverigesradio.se\/sida\/gruppsida.aspx?programid=160&amp;grupp=5115&amp;artikel=5940108\" target=\"_blank\" rel=\"noopener\"><b>intervjuades jag i P4<\/b><\/a>\u00a0om den drastiska minskningen av kommunfullm\u00e4ktige och kommunstyrelsen.<\/p>\n","protected":false},"excerpt":{"rendered":"<p>Det g\u00e4ller faktiskt en stor del av Sverige. Det g\u00e5r inte att bo d\u00e4r. Visst finns det stora och sm\u00e5 hus p\u00e5 de mest udda st\u00e4llen. Somliga \u00e4r omgivna av vatten, andra av f\u00e4lt och m\u00e5nga av skog. Det g\u00e5r bara inte att bo som s\u00e5 h\u00e4r p\u00e5 Karls\u00f6 i Sommen (Foto: Barbro Malm) Leve <a class=\"read-more-link\" href=\"https:\/\/wp.kristdemokraterna.se\/ydre\/2014-08-21-nar-sverige-blir-obeboeligt\/\">L\u00e4s mer<\/a><\/p>\n","protected":false},"author":793,"featured_media":0,"parent":0,"menu_order":0,"comment_status":"closed","ping_status":"closed","template":"","meta":{"_acf_changed":false,"footnotes":""},"class_list":["post-1247","page","type-page","status-publish","hentry"],"acf":[],"yoast_head":"<!-- This site is optimized with the Yoast SEO plugin v27.5 - https:\/\/yoast.com\/product\/yoast-seo-wordpress\/ -->\n<title>2014-08-21 N\u00e4r Sverige blir obeboeligt - Kristdemokraterna i Ydre<\/title>\n<meta name=\"robots\" content=\"index, follow, max-snippet:-1, max-image-preview:large, max-video-preview:-1\" \/>\n<link rel=\"canonical\" href=\"https:\/\/wp.kristdemokraterna.se\/ydre\/2014-08-21-nar-sverige-blir-obeboeligt\/\" \/>\n<meta property=\"og:locale\" content=\"sv_SE\" \/>\n<meta property=\"og:type\" content=\"article\" \/>\n<meta property=\"og:title\" content=\"2014-08-21 N\u00e4r Sverige blir obeboeligt - Kristdemokraterna i Ydre\" \/>\n<meta property=\"og:description\" content=\"Det g\u00e4ller faktiskt en stor del av Sverige. Det g\u00e5r inte att bo d\u00e4r. Visst finns det stora och sm\u00e5 hus p\u00e5 de mest udda st\u00e4llen. Somliga \u00e4r omgivna av vatten, andra av f\u00e4lt och m\u00e5nga av skog. Det g\u00e5r bara inte att bo som s\u00e5 h\u00e4r p\u00e5 Karls\u00f6 i Sommen (Foto: Barbro Malm) Leve L\u00e4s mer\" \/>\n<meta property=\"og:url\" content=\"https:\/\/wp.kristdemokraterna.se\/ydre\/2014-08-21-nar-sverige-blir-obeboeligt\/\" \/>\n<meta property=\"og:site_name\" content=\"Kristdemokraterna i Ydre\" \/>\n<meta property=\"article:modified_time\" content=\"2018-07-25T16:53:58+00:00\" \/>\n<meta property=\"og:image\" content=\"http:\/\/ydrebo.se\/kd\/veckobrev\/kronika140801\/torpons_farjelage2.JPG\" \/>\n<meta name=\"twitter:card\" content=\"summary_large_image\" \/>\n<meta name=\"twitter:label1\" content=\"Ber\u00e4knad l\u00e4stid\" \/>\n\t<meta name=\"twitter:data1\" content=\"2 minuter\" \/>\n<script type=\"application\/ld+json\" class=\"yoast-schema-graph\">{\"@context\":\"https:\\\/\\\/schema.org\",\"@graph\":[{\"@type\":\"WebPage\",\"@id\":\"https:\\\/\\\/wp.kristdemokraterna.se\\\/ydre\\\/2014-08-21-nar-sverige-blir-obeboeligt\\\/\",\"url\":\"https:\\\/\\\/wp.kristdemokraterna.se\\\/ydre\\\/2014-08-21-nar-sverige-blir-obeboeligt\\\/\",\"name\":\"2014-08-21 N\u00e4r Sverige blir obeboeligt - Kristdemokraterna i Ydre\",\"isPartOf\":{\"@id\":\"https:\\\/\\\/wp.kristdemokraterna.se\\\/ydre\\\/#website\"},\"primaryImageOfPage\":{\"@id\":\"https:\\\/\\\/wp.kristdemokraterna.se\\\/ydre\\\/2014-08-21-nar-sverige-blir-obeboeligt\\\/#primaryimage\"},\"image\":{\"@id\":\"https:\\\/\\\/wp.kristdemokraterna.se\\\/ydre\\\/2014-08-21-nar-sverige-blir-obeboeligt\\\/#primaryimage\"},\"thumbnailUrl\":\"http:\\\/\\\/ydrebo.se\\\/kd\\\/veckobrev\\\/kronika140801\\\/torpons_farjelage2.JPG\",\"datePublished\":\"2018-07-25T16:50:44+00:00\",\"dateModified\":\"2018-07-25T16:53:58+00:00\",\"breadcrumb\":{\"@id\":\"https:\\\/\\\/wp.kristdemokraterna.se\\\/ydre\\\/2014-08-21-nar-sverige-blir-obeboeligt\\\/#breadcrumb\"},\"inLanguage\":\"sv-SE\",\"potentialAction\":[{\"@type\":\"ReadAction\",\"target\":[\"https:\\\/\\\/wp.kristdemokraterna.se\\\/ydre\\\/2014-08-21-nar-sverige-blir-obeboeligt\\\/\"]}]},{\"@type\":\"ImageObject\",\"inLanguage\":\"sv-SE\",\"@id\":\"https:\\\/\\\/wp.kristdemokraterna.se\\\/ydre\\\/2014-08-21-nar-sverige-blir-obeboeligt\\\/#primaryimage\",\"url\":\"http:\\\/\\\/ydrebo.se\\\/kd\\\/veckobrev\\\/kronika140801\\\/torpons_farjelage2.JPG\",\"contentUrl\":\"http:\\\/\\\/ydrebo.se\\\/kd\\\/veckobrev\\\/kronika140801\\\/torpons_farjelage2.JPG\"},{\"@type\":\"BreadcrumbList\",\"@id\":\"https:\\\/\\\/wp.kristdemokraterna.se\\\/ydre\\\/2014-08-21-nar-sverige-blir-obeboeligt\\\/#breadcrumb\",\"itemListElement\":[{\"@type\":\"ListItem\",\"position\":1,\"name\":\"Hem\",\"item\":\"https:\\\/\\\/wp.kristdemokraterna.se\\\/ydre\\\/\"},{\"@type\":\"ListItem\",\"position\":2,\"name\":\"2014-08-21 N\u00e4r Sverige blir obeboeligt\"}]},{\"@type\":\"WebSite\",\"@id\":\"https:\\\/\\\/wp.kristdemokraterna.se\\\/ydre\\\/#website\",\"url\":\"https:\\\/\\\/wp.kristdemokraterna.se\\\/ydre\\\/\",\"name\":\"Kristdemokraterna i Ydre\",\"description\":\"En till Kristdemokraterna webbplats\",\"inLanguage\":\"sv-SE\"}]}<\/script>\n<!-- \/ Yoast SEO plugin. -->","yoast_head_json":{"title":"2014-08-21 N\u00e4r Sverige blir obeboeligt - Kristdemokraterna i Ydre","robots":{"index":"index","follow":"follow","max-snippet":"max-snippet:-1","max-image-preview":"max-image-preview:large","max-video-preview":"max-video-preview:-1"},"canonical":"https:\/\/wp.kristdemokraterna.se\/ydre\/2014-08-21-nar-sverige-blir-obeboeligt\/","og_locale":"sv_SE","og_type":"article","og_title":"2014-08-21 N\u00e4r Sverige blir obeboeligt - Kristdemokraterna i Ydre","og_description":"Det g\u00e4ller faktiskt en stor del av Sverige. Det g\u00e5r inte att bo d\u00e4r. Visst finns det stora och sm\u00e5 hus p\u00e5 de mest udda st\u00e4llen. Somliga \u00e4r omgivna av vatten, andra av f\u00e4lt och m\u00e5nga av skog. Det g\u00e5r bara inte att bo som s\u00e5 h\u00e4r p\u00e5 Karls\u00f6 i Sommen (Foto: Barbro Malm) Leve L\u00e4s mer","og_url":"https:\/\/wp.kristdemokraterna.se\/ydre\/2014-08-21-nar-sverige-blir-obeboeligt\/","og_site_name":"Kristdemokraterna i Ydre","article_modified_time":"2018-07-25T16:53:58+00:00","og_image":[{"url":"http:\/\/ydrebo.se\/kd\/veckobrev\/kronika140801\/torpons_farjelage2.JPG","type":"","width":"","height":""}],"twitter_card":"summary_large_image","twitter_misc":{"Ber\u00e4knad l\u00e4stid":"2 minuter"},"schema":{"@context":"https:\/\/schema.org","@graph":[{"@type":"WebPage","@id":"https:\/\/wp.kristdemokraterna.se\/ydre\/2014-08-21-nar-sverige-blir-obeboeligt\/","url":"https:\/\/wp.kristdemokraterna.se\/ydre\/2014-08-21-nar-sverige-blir-obeboeligt\/","name":"2014-08-21 N\u00e4r Sverige blir obeboeligt - Kristdemokraterna i Ydre","isPartOf":{"@id":"https:\/\/wp.kristdemokraterna.se\/ydre\/#website"},"primaryImageOfPage":{"@id":"https:\/\/wp.kristdemokraterna.se\/ydre\/2014-08-21-nar-sverige-blir-obeboeligt\/#primaryimage"},"image":{"@id":"https:\/\/wp.kristdemokraterna.se\/ydre\/2014-08-21-nar-sverige-blir-obeboeligt\/#primaryimage"},"thumbnailUrl":"http:\/\/ydrebo.se\/kd\/veckobrev\/kronika140801\/torpons_farjelage2.JPG","datePublished":"2018-07-25T16:50:44+00:00","dateModified":"2018-07-25T16:53:58+00:00","breadcrumb":{"@id":"https:\/\/wp.kristdemokraterna.se\/ydre\/2014-08-21-nar-sverige-blir-obeboeligt\/#breadcrumb"},"inLanguage":"sv-SE","potentialAction":[{"@type":"ReadAction","target":["https:\/\/wp.kristdemokraterna.se\/ydre\/2014-08-21-nar-sverige-blir-obeboeligt\/"]}]},{"@type":"ImageObject","inLanguage":"sv-SE","@id":"https:\/\/wp.kristdemokraterna.se\/ydre\/2014-08-21-nar-sverige-blir-obeboeligt\/#primaryimage","url":"http:\/\/ydrebo.se\/kd\/veckobrev\/kronika140801\/torpons_farjelage2.JPG","contentUrl":"http:\/\/ydrebo.se\/kd\/veckobrev\/kronika140801\/torpons_farjelage2.JPG"},{"@type":"BreadcrumbList","@id":"https:\/\/wp.kristdemokraterna.se\/ydre\/2014-08-21-nar-sverige-blir-obeboeligt\/#breadcrumb","itemListElement":[{"@type":"ListItem","position":1,"name":"Hem","item":"https:\/\/wp.kristdemokraterna.se\/ydre\/"},{"@type":"ListItem","position":2,"name":"2014-08-21 N\u00e4r Sverige blir obeboeligt"}]},{"@type":"WebSite","@id":"https:\/\/wp.kristdemokraterna.se\/ydre\/#website","url":"https:\/\/wp.kristdemokraterna.se\/ydre\/","name":"Kristdemokraterna i Ydre","description":"En till Kristdemokraterna webbplats","inLanguage":"sv-SE"}]}},"_links":{"self":[{"href":"https:\/\/wp.kristdemokraterna.se\/ydre\/wp-json\/wp\/v2\/pages\/1247","targetHints":{"allow":["GET"]}}],"collection":[{"href":"https:\/\/wp.kristdemokraterna.se\/ydre\/wp-json\/wp\/v2\/pages"}],"about":[{"href":"https:\/\/wp.kristdemokraterna.se\/ydre\/wp-json\/wp\/v2\/types\/page"}],"author":[{"embeddable":true,"href":"https:\/\/wp.kristdemokraterna.se\/ydre\/wp-json\/wp\/v2\/users\/793"}],"replies":[{"embeddable":true,"href":"https:\/\/wp.kristdemokraterna.se\/ydre\/wp-json\/wp\/v2\/comments?post=1247"}],"version-history":[{"count":3,"href":"https:\/\/wp.kristdemokraterna.se\/ydre\/wp-json\/wp\/v2\/pages\/1247\/revisions"}],"predecessor-version":[{"id":1250,"href":"https:\/\/wp.kristdemokraterna.se\/ydre\/wp-json\/wp\/v2\/pages\/1247\/revisions\/1250"}],"wp:attachment":[{"href":"https:\/\/wp.kristdemokraterna.se\/ydre\/wp-json\/wp\/v2\/media?parent=1247"}],"curies":[{"name":"wp","href":"https:\/\/api.w.org\/{rel}","templated":true}]}}