{"id":1252,"date":"2018-07-25T18:56:02","date_gmt":"2018-07-25T16:56:02","guid":{"rendered":"http:\/\/wp.kristdemokraterna.se\/ydre\/?page_id=1252"},"modified":"2018-07-25T18:58:45","modified_gmt":"2018-07-25T16:58:45","slug":"2014-08-26-allting-fungerar-val-av-sig-sjalvt-eller-hur","status":"publish","type":"page","link":"https:\/\/wp.kristdemokraterna.se\/ydre\/2014-08-26-allting-fungerar-val-av-sig-sjalvt-eller-hur\/","title":{"rendered":"2014-08-26 Allting fungerar v\u00e4l av sig sj\u00e4lvt, eller hur?"},"content":{"rendered":"<p><img loading=\"lazy\" decoding=\"async\" src=\"http:\/\/ydrebo.se\/kd\/veckobrev\/kronika140826\/brostorp.JPG\" width=\"600\" height=\"450\" \/><br \/>\n<i>Camilla Ydrestrand ber\u00e4ttar om mejeriet i Brostorp f\u00f6r tv\u00e5 riksdagskandidater.<\/i><\/p>\n<p>Hur gick det till att bli f\u00f6retagare? Camilla Ydrestrand p\u00e5 Brostorps ostkakebageri ber\u00e4ttade sin och sin man Magnus historia. Andra f\u00f6retagare kan ber\u00e4tta om sina v\u00e4gar, alla olika. Men det \u00e4r livsviktigt f\u00f6r Ydre och varje samh\u00e4lle att de m\u00e5nga f\u00f6retagen finns. De \u00e4r en del av infrastrukturen, dvs det som f\u00f6rm\u00e5r livet i en bygd att fungera. D\u00e4rf\u00f6r m\u00e5ste vi g\u00f6ra vad vi kan f\u00f6r att beh\u00e5lla och utveckla ett rikt n\u00e4ringsliv.<br \/>\nP\u00e5 bilden syns Magnus Oscarsson som \u00e4r f\u00f6rstanamnet p\u00e5 Kristdemokraternas riksdagslista i \u00d6sterg\u00f6tlands l\u00e4n. Han \u00e4r snickare och kommunalr\u00e5d i \u00d6desh\u00f6g och &#8221;vill arbeta f\u00f6r att v\u00e5ra f\u00f6retag ska trivas och utvecklas i \u00d6sterg\u00f6tland. De \u00e4r motorn i samh\u00e4llet som skapar jobb och tillv\u00e4xt&#8221;. Lena K\u00e4cker Johansson i Rimforsa (till h\u00f6ger) \u00e4r distriktssk\u00f6terska och st\u00e5r p\u00e5 rikdsdagslistans fj\u00e4rdeplats.<\/p>\n<p><img loading=\"lazy\" decoding=\"async\" src=\"http:\/\/ydrebo.se\/kd\/veckobrev\/kronika140826\/torpa_kyrka.JPG\" width=\"600\" height=\"450\" \/><br \/>\n<i>Till samh\u00e4llsfunktionerna h\u00f6r b\u00e5de kyrkor och kyrkog\u00e5rdar (h\u00e4r Torpa kyrka).<\/i><\/p>\n<p>N\u00e4r detta skrivs den 26\/8 v\u00e4ntar vi p\u00e5 bes\u00f6k av Andreas Ardenfors, som st\u00e5r som nummer tv\u00e5 p\u00e5 riksdagslistan i v\u00e5rt l\u00e4n. Han \u00e4r pastor och kommunalr\u00e5d i Link\u00f6ping och skriver: &#8221;Ett varmare Sverige d\u00e4r familjerna f\u00e5r f\u00f6ruts\u00e4ttningar till att lyckas, ett samh\u00e4lle som fullt ut sl\u00e4pper loss kraften i civilsamh\u00e4llet. Den r\u00f6sten vill jag vara i riksdagen.&#8221; Han kommer till v\u00e5rt valm\u00f6te p\u00e5 Trygghetsboendet i \u00d6sterbymo den 29\/8 kl. 19.00 d\u00e5 \u00e4mnet \u00e4r &#8221;V\u00e5rd med kvalitet&#8221;.<\/p>\n<p><img loading=\"lazy\" decoding=\"async\" src=\"http:\/\/ydrebo.se\/kd\/veckobrev\/kronika140801\/flygplats.JPG\" width=\"262\" height=\"200\" \/>\u00a0\u00a0\u00a0\u00a0\u00a0<img loading=\"lazy\" decoding=\"async\" src=\"http:\/\/ydrebo.se\/kd\/veckobrev\/kronika140826\/torpons_farjelage.JPG\" width=\"267\" height=\"200\" \/><br \/>\n<i>I st\u00e4llet f\u00f6r storflygplats har vi ett f\u00e4rjel\u00e4ge (Foto av f\u00e4rjel\u00e4get: Barbro Malm).<\/i><\/p>\n<p>Vi beh\u00f6ver ocks\u00e5 v\u00e4gar och bussf\u00f6rbindelser (ingendera \u00e4r helt tillfredsst\u00e4llande). Det m\u00e5ste ocks\u00e5 finnas taxi, skolskjutsar, bensinstationer, varutransporter och naturligtvis aff\u00e4rer av olika slag och hantverkare.<br \/>\nYdre skall vara b\u00e4st f\u00f6r barnen att v\u00e4xa upp i. D\u00e5 beh\u00f6ver vi bra f\u00f6rskolor, skolor och fritidshem. Och f\u00f6r att man skall kunna leva ett gott liv hela livet beh\u00f6vs bl.a. sjukv\u00e5rd, apotek och \u00e4ldrev\u00e5rd. Idrottsf\u00f6reningar, idrottsplatser och gym \u00e4r ocks\u00e5 viktiga, liksom f\u00f6reningsliv, bibliotek och kulturaktiviteter.<\/p>\n<p><img loading=\"lazy\" decoding=\"async\" src=\"http:\/\/ydrebo.se\/kd\/veckobrev\/kronika140801\/stack.JPG\" width=\"500\" height=\"500\" \/><br \/>\n<i>Ydres levande landsbygd \u00e4r en av v\u00e5ra stora tillg\u00e5ngar (allt p\u00e5 L\u00f6v\u00e5sa \u00e4r inte omodernt).<\/i><\/p>\n<p>Jordbruket \u00e4r ocks\u00e5 en viktig del av Ydres liv. Liksom all livsmedelshantering omfattas det av regler som ibland kan k\u00e4nnas sn\u00e5riga f\u00f6r dem som ber\u00f6rs. Alla sidor av n\u00e4ringslivet beh\u00f6ver v\u00e5rt st\u00f6d.<\/p>\n<p><img loading=\"lazy\" decoding=\"async\" src=\"http:\/\/ydrebo.se\/kd\/veckobrev\/kronika140826\/ydregarden.JPG\" width=\"360\" height=\"270\" \/>\u00a0\u00a0\u00a0\u00a0\u00a0<img loading=\"lazy\" decoding=\"async\" src=\"http:\/\/ydrebo.se\/kd\/veckobrev\/kronika140826\/brostorp2.JPG\" width=\"360\" height=\"270\" \/><br \/>\n<i>Ydreg\u00e5rden och Brostorp.<\/i><\/p>\n<p>Och visst beh\u00f6ver vi st\u00e4llen d\u00e4r vi kan \u00e4ta och koppla av! &#8211; S\u00e5 h\u00e4r kan man forts\u00e4tta och r\u00e4kna upp det efter det andra som h\u00f6r till ett fungerande samh\u00e4lle. F\u00f6r vi beh\u00f6ver ett v\u00e4lsk\u00f6tt och v\u00e4lkomnande Ydre, ett Ydre som \u00e4r v\u00e4rt att uppleva, ett Ydre d\u00e4r de m\u00e4nskliga aspekterna s\u00e4tts fr\u00e4mst vid allt beslutsfattande.<\/p>\n<p><i>Bengt Malm, ordf.<br \/>\n26 augusti 2014<\/i><\/p>\n","protected":false},"excerpt":{"rendered":"<p>Camilla Ydrestrand ber\u00e4ttar om mejeriet i Brostorp f\u00f6r tv\u00e5 riksdagskandidater. Hur gick det till att bli f\u00f6retagare? Camilla Ydrestrand p\u00e5 Brostorps ostkakebageri ber\u00e4ttade sin och sin man Magnus historia. Andra f\u00f6retagare kan ber\u00e4tta om sina v\u00e4gar, alla olika. Men det \u00e4r livsviktigt f\u00f6r Ydre och varje samh\u00e4lle att de m\u00e5nga f\u00f6retagen finns. De \u00e4r en <a class=\"read-more-link\" href=\"https:\/\/wp.kristdemokraterna.se\/ydre\/2014-08-26-allting-fungerar-val-av-sig-sjalvt-eller-hur\/\">L\u00e4s mer<\/a><\/p>\n","protected":false},"author":793,"featured_media":0,"parent":0,"menu_order":0,"comment_status":"closed","ping_status":"closed","template":"","meta":{"_acf_changed":false,"footnotes":""},"class_list":["post-1252","page","type-page","status-publish","hentry"],"acf":[],"yoast_head":"<!-- This site is optimized with the Yoast SEO plugin v27.5 - https:\/\/yoast.com\/product\/yoast-seo-wordpress\/ -->\n<title>2014-08-26 Allting fungerar v\u00e4l av sig sj\u00e4lvt, eller hur? - Kristdemokraterna i Ydre<\/title>\n<meta name=\"robots\" content=\"index, follow, max-snippet:-1, max-image-preview:large, max-video-preview:-1\" \/>\n<link rel=\"canonical\" href=\"https:\/\/wp.kristdemokraterna.se\/ydre\/2014-08-26-allting-fungerar-val-av-sig-sjalvt-eller-hur\/\" \/>\n<meta property=\"og:locale\" content=\"sv_SE\" \/>\n<meta property=\"og:type\" content=\"article\" \/>\n<meta property=\"og:title\" content=\"2014-08-26 Allting fungerar v\u00e4l av sig sj\u00e4lvt, eller hur? - Kristdemokraterna i Ydre\" \/>\n<meta property=\"og:description\" content=\"Camilla Ydrestrand ber\u00e4ttar om mejeriet i Brostorp f\u00f6r tv\u00e5 riksdagskandidater. Hur gick det till att bli f\u00f6retagare? Camilla Ydrestrand p\u00e5 Brostorps ostkakebageri ber\u00e4ttade sin och sin man Magnus historia. Andra f\u00f6retagare kan ber\u00e4tta om sina v\u00e4gar, alla olika. Men det \u00e4r livsviktigt f\u00f6r Ydre och varje samh\u00e4lle att de m\u00e5nga f\u00f6retagen finns. De \u00e4r en L\u00e4s mer\" \/>\n<meta property=\"og:url\" content=\"https:\/\/wp.kristdemokraterna.se\/ydre\/2014-08-26-allting-fungerar-val-av-sig-sjalvt-eller-hur\/\" \/>\n<meta property=\"og:site_name\" content=\"Kristdemokraterna i Ydre\" \/>\n<meta property=\"article:modified_time\" content=\"2018-07-25T16:58:45+00:00\" \/>\n<meta property=\"og:image\" content=\"http:\/\/ydrebo.se\/kd\/veckobrev\/kronika140826\/brostorp.JPG\" \/>\n<meta name=\"twitter:card\" content=\"summary_large_image\" \/>\n<meta name=\"twitter:label1\" content=\"Ber\u00e4knad l\u00e4stid\" \/>\n\t<meta name=\"twitter:data1\" content=\"3 minuter\" \/>\n<script type=\"application\/ld+json\" class=\"yoast-schema-graph\">{\"@context\":\"https:\\\/\\\/schema.org\",\"@graph\":[{\"@type\":\"WebPage\",\"@id\":\"https:\\\/\\\/wp.kristdemokraterna.se\\\/ydre\\\/2014-08-26-allting-fungerar-val-av-sig-sjalvt-eller-hur\\\/\",\"url\":\"https:\\\/\\\/wp.kristdemokraterna.se\\\/ydre\\\/2014-08-26-allting-fungerar-val-av-sig-sjalvt-eller-hur\\\/\",\"name\":\"2014-08-26 Allting fungerar v\u00e4l av sig sj\u00e4lvt, eller hur? - Kristdemokraterna i Ydre\",\"isPartOf\":{\"@id\":\"https:\\\/\\\/wp.kristdemokraterna.se\\\/ydre\\\/#website\"},\"primaryImageOfPage\":{\"@id\":\"https:\\\/\\\/wp.kristdemokraterna.se\\\/ydre\\\/2014-08-26-allting-fungerar-val-av-sig-sjalvt-eller-hur\\\/#primaryimage\"},\"image\":{\"@id\":\"https:\\\/\\\/wp.kristdemokraterna.se\\\/ydre\\\/2014-08-26-allting-fungerar-val-av-sig-sjalvt-eller-hur\\\/#primaryimage\"},\"thumbnailUrl\":\"http:\\\/\\\/ydrebo.se\\\/kd\\\/veckobrev\\\/kronika140826\\\/brostorp.JPG\",\"datePublished\":\"2018-07-25T16:56:02+00:00\",\"dateModified\":\"2018-07-25T16:58:45+00:00\",\"breadcrumb\":{\"@id\":\"https:\\\/\\\/wp.kristdemokraterna.se\\\/ydre\\\/2014-08-26-allting-fungerar-val-av-sig-sjalvt-eller-hur\\\/#breadcrumb\"},\"inLanguage\":\"sv-SE\",\"potentialAction\":[{\"@type\":\"ReadAction\",\"target\":[\"https:\\\/\\\/wp.kristdemokraterna.se\\\/ydre\\\/2014-08-26-allting-fungerar-val-av-sig-sjalvt-eller-hur\\\/\"]}]},{\"@type\":\"ImageObject\",\"inLanguage\":\"sv-SE\",\"@id\":\"https:\\\/\\\/wp.kristdemokraterna.se\\\/ydre\\\/2014-08-26-allting-fungerar-val-av-sig-sjalvt-eller-hur\\\/#primaryimage\",\"url\":\"http:\\\/\\\/ydrebo.se\\\/kd\\\/veckobrev\\\/kronika140826\\\/brostorp.JPG\",\"contentUrl\":\"http:\\\/\\\/ydrebo.se\\\/kd\\\/veckobrev\\\/kronika140826\\\/brostorp.JPG\"},{\"@type\":\"BreadcrumbList\",\"@id\":\"https:\\\/\\\/wp.kristdemokraterna.se\\\/ydre\\\/2014-08-26-allting-fungerar-val-av-sig-sjalvt-eller-hur\\\/#breadcrumb\",\"itemListElement\":[{\"@type\":\"ListItem\",\"position\":1,\"name\":\"Hem\",\"item\":\"https:\\\/\\\/wp.kristdemokraterna.se\\\/ydre\\\/\"},{\"@type\":\"ListItem\",\"position\":2,\"name\":\"2014-08-26 Allting fungerar v\u00e4l av sig sj\u00e4lvt, eller hur?\"}]},{\"@type\":\"WebSite\",\"@id\":\"https:\\\/\\\/wp.kristdemokraterna.se\\\/ydre\\\/#website\",\"url\":\"https:\\\/\\\/wp.kristdemokraterna.se\\\/ydre\\\/\",\"name\":\"Kristdemokraterna i Ydre\",\"description\":\"En till Kristdemokraterna webbplats\",\"inLanguage\":\"sv-SE\"}]}<\/script>\n<!-- \/ Yoast SEO plugin. -->","yoast_head_json":{"title":"2014-08-26 Allting fungerar v\u00e4l av sig sj\u00e4lvt, eller hur? - Kristdemokraterna i Ydre","robots":{"index":"index","follow":"follow","max-snippet":"max-snippet:-1","max-image-preview":"max-image-preview:large","max-video-preview":"max-video-preview:-1"},"canonical":"https:\/\/wp.kristdemokraterna.se\/ydre\/2014-08-26-allting-fungerar-val-av-sig-sjalvt-eller-hur\/","og_locale":"sv_SE","og_type":"article","og_title":"2014-08-26 Allting fungerar v\u00e4l av sig sj\u00e4lvt, eller hur? - Kristdemokraterna i Ydre","og_description":"Camilla Ydrestrand ber\u00e4ttar om mejeriet i Brostorp f\u00f6r tv\u00e5 riksdagskandidater. Hur gick det till att bli f\u00f6retagare? Camilla Ydrestrand p\u00e5 Brostorps ostkakebageri ber\u00e4ttade sin och sin man Magnus historia. Andra f\u00f6retagare kan ber\u00e4tta om sina v\u00e4gar, alla olika. Men det \u00e4r livsviktigt f\u00f6r Ydre och varje samh\u00e4lle att de m\u00e5nga f\u00f6retagen finns. De \u00e4r en L\u00e4s mer","og_url":"https:\/\/wp.kristdemokraterna.se\/ydre\/2014-08-26-allting-fungerar-val-av-sig-sjalvt-eller-hur\/","og_site_name":"Kristdemokraterna i Ydre","article_modified_time":"2018-07-25T16:58:45+00:00","og_image":[{"url":"http:\/\/ydrebo.se\/kd\/veckobrev\/kronika140826\/brostorp.JPG","type":"","width":"","height":""}],"twitter_card":"summary_large_image","twitter_misc":{"Ber\u00e4knad l\u00e4stid":"3 minuter"},"schema":{"@context":"https:\/\/schema.org","@graph":[{"@type":"WebPage","@id":"https:\/\/wp.kristdemokraterna.se\/ydre\/2014-08-26-allting-fungerar-val-av-sig-sjalvt-eller-hur\/","url":"https:\/\/wp.kristdemokraterna.se\/ydre\/2014-08-26-allting-fungerar-val-av-sig-sjalvt-eller-hur\/","name":"2014-08-26 Allting fungerar v\u00e4l av sig sj\u00e4lvt, eller hur? - Kristdemokraterna i Ydre","isPartOf":{"@id":"https:\/\/wp.kristdemokraterna.se\/ydre\/#website"},"primaryImageOfPage":{"@id":"https:\/\/wp.kristdemokraterna.se\/ydre\/2014-08-26-allting-fungerar-val-av-sig-sjalvt-eller-hur\/#primaryimage"},"image":{"@id":"https:\/\/wp.kristdemokraterna.se\/ydre\/2014-08-26-allting-fungerar-val-av-sig-sjalvt-eller-hur\/#primaryimage"},"thumbnailUrl":"http:\/\/ydrebo.se\/kd\/veckobrev\/kronika140826\/brostorp.JPG","datePublished":"2018-07-25T16:56:02+00:00","dateModified":"2018-07-25T16:58:45+00:00","breadcrumb":{"@id":"https:\/\/wp.kristdemokraterna.se\/ydre\/2014-08-26-allting-fungerar-val-av-sig-sjalvt-eller-hur\/#breadcrumb"},"inLanguage":"sv-SE","potentialAction":[{"@type":"ReadAction","target":["https:\/\/wp.kristdemokraterna.se\/ydre\/2014-08-26-allting-fungerar-val-av-sig-sjalvt-eller-hur\/"]}]},{"@type":"ImageObject","inLanguage":"sv-SE","@id":"https:\/\/wp.kristdemokraterna.se\/ydre\/2014-08-26-allting-fungerar-val-av-sig-sjalvt-eller-hur\/#primaryimage","url":"http:\/\/ydrebo.se\/kd\/veckobrev\/kronika140826\/brostorp.JPG","contentUrl":"http:\/\/ydrebo.se\/kd\/veckobrev\/kronika140826\/brostorp.JPG"},{"@type":"BreadcrumbList","@id":"https:\/\/wp.kristdemokraterna.se\/ydre\/2014-08-26-allting-fungerar-val-av-sig-sjalvt-eller-hur\/#breadcrumb","itemListElement":[{"@type":"ListItem","position":1,"name":"Hem","item":"https:\/\/wp.kristdemokraterna.se\/ydre\/"},{"@type":"ListItem","position":2,"name":"2014-08-26 Allting fungerar v\u00e4l av sig sj\u00e4lvt, eller hur?"}]},{"@type":"WebSite","@id":"https:\/\/wp.kristdemokraterna.se\/ydre\/#website","url":"https:\/\/wp.kristdemokraterna.se\/ydre\/","name":"Kristdemokraterna i Ydre","description":"En till Kristdemokraterna webbplats","inLanguage":"sv-SE"}]}},"_links":{"self":[{"href":"https:\/\/wp.kristdemokraterna.se\/ydre\/wp-json\/wp\/v2\/pages\/1252","targetHints":{"allow":["GET"]}}],"collection":[{"href":"https:\/\/wp.kristdemokraterna.se\/ydre\/wp-json\/wp\/v2\/pages"}],"about":[{"href":"https:\/\/wp.kristdemokraterna.se\/ydre\/wp-json\/wp\/v2\/types\/page"}],"author":[{"embeddable":true,"href":"https:\/\/wp.kristdemokraterna.se\/ydre\/wp-json\/wp\/v2\/users\/793"}],"replies":[{"embeddable":true,"href":"https:\/\/wp.kristdemokraterna.se\/ydre\/wp-json\/wp\/v2\/comments?post=1252"}],"version-history":[{"count":4,"href":"https:\/\/wp.kristdemokraterna.se\/ydre\/wp-json\/wp\/v2\/pages\/1252\/revisions"}],"predecessor-version":[{"id":1256,"href":"https:\/\/wp.kristdemokraterna.se\/ydre\/wp-json\/wp\/v2\/pages\/1252\/revisions\/1256"}],"wp:attachment":[{"href":"https:\/\/wp.kristdemokraterna.se\/ydre\/wp-json\/wp\/v2\/media?parent=1252"}],"curies":[{"name":"wp","href":"https:\/\/api.w.org\/{rel}","templated":true}]}}