{"id":1264,"date":"2018-07-25T21:19:29","date_gmt":"2018-07-25T19:19:29","guid":{"rendered":"http:\/\/wp.kristdemokraterna.se\/ydre\/?page_id=1264"},"modified":"2018-07-25T21:19:54","modified_gmt":"2018-07-25T19:19:54","slug":"2014-09-09-rosta-for-manniskornas-ydre","status":"publish","type":"page","link":"https:\/\/wp.kristdemokraterna.se\/ydre\/2014-09-09-rosta-for-manniskornas-ydre\/","title":{"rendered":"2014-09-09 R\u00f6sta f\u00f6r m\u00e4nniskornas Ydre!"},"content":{"rendered":"<p><b>Ydrebor!<\/b><\/p>\n<p>Vi har bara en jord. Det finns bara en m\u00e4nsklighet. P\u00e5 v\u00e5r enda jord finns Ydre och vi som bor h\u00e4r \u00e4r en del av m\u00e4nskligheten. Vi \u00e4r alla ydrebor, f\u00f6r vi alla m\u00e4nniskor.<\/p>\n<p><img loading=\"lazy\" decoding=\"async\" src=\"http:\/\/ydrebo.se\/kd\/veckobrev\/Norra_Vi2.JPG\" width=\"600\" height=\"450\" \/><\/p>\n<p>Fr\u00e5n de yngsta till de \u00e4ldsta beh\u00f6ver vi s\u00e5 mycket. D\u00e4rf\u00f6r skall Ydre vara v\u00e4lsk\u00f6tt, v\u00e4lkomnande och v\u00e4rt att uppleva. Det skall k\u00e4nnas bra att komma till Ydre vare sig det \u00e4r tillf\u00e4lligt eller f\u00f6r att man vill bo h\u00e4r. Det skall vara bra att v\u00e4xa upp h\u00e4r, ja Ydre b\u00f6r vara b\u00e4st att v\u00e4xa upp i.<br \/>\nYdre skall vara bra att leva i fr\u00e5n b\u00f6rjan till slut. D\u00e4rf\u00f6r skall Ydre vara fyllt av v\u00e4rme och respekt f\u00f6r m\u00e4nniskors v\u00e4rdighet och deras \u00f6nskningar.<br \/>\nDet skall vara bra att arbeta i Ydre b\u00e5de f\u00f6r egna f\u00f6retagare och anst\u00e4llda. Den st\u00f6rsta arbetsgivaren \u00e4r kommunen och den m\u00e5ste sk\u00f6ta sitt ansvar v\u00e4l.<br \/>\nAtt f\u00e5 till en balanserad ekonomi \u00e4r inte l\u00e4tt men det m\u00e5ste ske. D\u00e4rf\u00f6r \u00e4r det viktigt att vi t\u00e4nker efter vad som \u00e4r den m\u00e4nskliga sidan av varje \u00e4rende vare sig det g\u00e4ller f\u00f6rskola, skola, sjukv\u00e5rd, n\u00e4ringsliv, kommunikationer, turism, \u00e4ldreomsorg eller allt annat som h\u00f6r till infrastrukturen.<br \/>\nDet Ydre vi har \u00e4rvt m\u00e5ste vi f\u00f6rvalta v\u00e4l. Men v\u00e5r \u00f6vertygelse \u00e4r att det \u00e4r m\u00e4nniskorna som \u00e4r viktigast. Kommunen har antagit ett m\u00e5ldokument som vi st\u00f6der. Det finns en hel rad konkreta resultat som vi vill uppn\u00e5. Men vi kristdemokrater tror att om det skall fungera m\u00e5ste man f\u00f6rst se p\u00e5 m\u00e4nniskorna, vilka de \u00e4r, hur de har det och vad de sj\u00e4lva \u00f6nskar.<br \/>\nMan s\u00e4ger ibland att samh\u00e4llet skall ge m\u00e4nniskorna det som de har r\u00e4tt att kr\u00e4va. Men vem best\u00e4mmer d\u00e5 vad m\u00e4nniskor har r\u00e4tt att kr\u00e4va? Det ydrebor och alla m\u00e4nniskor i sj\u00e4lva verket har r\u00e4tt till \u00e4r r\u00e4tten att sj\u00e4lva t\u00e4nka och \u00f6nska.<br \/>\nD\u00e4rf\u00f6r ydrebor! S\u00e4g er mening! Tala och skriv f\u00f6r det m\u00e4nskliga! R\u00f6sta f\u00f6r ett \u00e4nnu b\u00e4tte Ydre att leva i! R\u00f6sta f\u00f6r m\u00e4nniskornas Ydre!<\/p>\n<p><i>Bengt Malm, ordf.<br \/>\n9 september 2014<\/i><\/p>\n","protected":false},"excerpt":{"rendered":"<p>Ydrebor! Vi har bara en jord. Det finns bara en m\u00e4nsklighet. P\u00e5 v\u00e5r enda jord finns Ydre och vi som bor h\u00e4r \u00e4r en del av m\u00e4nskligheten. Vi \u00e4r alla ydrebor, f\u00f6r vi alla m\u00e4nniskor. Fr\u00e5n de yngsta till de \u00e4ldsta beh\u00f6ver vi s\u00e5 mycket. D\u00e4rf\u00f6r skall Ydre vara v\u00e4lsk\u00f6tt, v\u00e4lkomnande och v\u00e4rt att uppleva. <a class=\"read-more-link\" href=\"https:\/\/wp.kristdemokraterna.se\/ydre\/2014-09-09-rosta-for-manniskornas-ydre\/\">L\u00e4s mer<\/a><\/p>\n","protected":false},"author":793,"featured_media":0,"parent":0,"menu_order":0,"comment_status":"closed","ping_status":"closed","template":"","meta":{"_acf_changed":false,"footnotes":""},"class_list":["post-1264","page","type-page","status-publish","hentry"],"acf":[],"yoast_head":"<!-- This site is optimized with the Yoast SEO plugin v27.5 - https:\/\/yoast.com\/product\/yoast-seo-wordpress\/ -->\n<title>2014-09-09 R\u00f6sta f\u00f6r m\u00e4nniskornas Ydre! - Kristdemokraterna i Ydre<\/title>\n<meta name=\"robots\" content=\"index, follow, max-snippet:-1, max-image-preview:large, max-video-preview:-1\" \/>\n<link rel=\"canonical\" href=\"https:\/\/wp.kristdemokraterna.se\/ydre\/2014-09-09-rosta-for-manniskornas-ydre\/\" \/>\n<meta property=\"og:locale\" content=\"sv_SE\" \/>\n<meta property=\"og:type\" content=\"article\" \/>\n<meta property=\"og:title\" content=\"2014-09-09 R\u00f6sta f\u00f6r m\u00e4nniskornas Ydre! - Kristdemokraterna i Ydre\" \/>\n<meta property=\"og:description\" content=\"Ydrebor! Vi har bara en jord. Det finns bara en m\u00e4nsklighet. P\u00e5 v\u00e5r enda jord finns Ydre och vi som bor h\u00e4r \u00e4r en del av m\u00e4nskligheten. Vi \u00e4r alla ydrebor, f\u00f6r vi alla m\u00e4nniskor. Fr\u00e5n de yngsta till de \u00e4ldsta beh\u00f6ver vi s\u00e5 mycket. D\u00e4rf\u00f6r skall Ydre vara v\u00e4lsk\u00f6tt, v\u00e4lkomnande och v\u00e4rt att uppleva. L\u00e4s mer\" \/>\n<meta property=\"og:url\" content=\"https:\/\/wp.kristdemokraterna.se\/ydre\/2014-09-09-rosta-for-manniskornas-ydre\/\" \/>\n<meta property=\"og:site_name\" content=\"Kristdemokraterna i Ydre\" \/>\n<meta property=\"article:modified_time\" content=\"2018-07-25T19:19:54+00:00\" \/>\n<meta property=\"og:image\" content=\"http:\/\/ydrebo.se\/kd\/veckobrev\/Norra_Vi2.JPG\" \/>\n<meta name=\"twitter:card\" content=\"summary_large_image\" \/>\n<meta name=\"twitter:label1\" content=\"Ber\u00e4knad l\u00e4stid\" \/>\n\t<meta name=\"twitter:data1\" content=\"2 minuter\" \/>\n<script type=\"application\/ld+json\" class=\"yoast-schema-graph\">{\"@context\":\"https:\\\/\\\/schema.org\",\"@graph\":[{\"@type\":\"WebPage\",\"@id\":\"https:\\\/\\\/wp.kristdemokraterna.se\\\/ydre\\\/2014-09-09-rosta-for-manniskornas-ydre\\\/\",\"url\":\"https:\\\/\\\/wp.kristdemokraterna.se\\\/ydre\\\/2014-09-09-rosta-for-manniskornas-ydre\\\/\",\"name\":\"2014-09-09 R\u00f6sta f\u00f6r m\u00e4nniskornas Ydre! - Kristdemokraterna i Ydre\",\"isPartOf\":{\"@id\":\"https:\\\/\\\/wp.kristdemokraterna.se\\\/ydre\\\/#website\"},\"primaryImageOfPage\":{\"@id\":\"https:\\\/\\\/wp.kristdemokraterna.se\\\/ydre\\\/2014-09-09-rosta-for-manniskornas-ydre\\\/#primaryimage\"},\"image\":{\"@id\":\"https:\\\/\\\/wp.kristdemokraterna.se\\\/ydre\\\/2014-09-09-rosta-for-manniskornas-ydre\\\/#primaryimage\"},\"thumbnailUrl\":\"http:\\\/\\\/ydrebo.se\\\/kd\\\/veckobrev\\\/Norra_Vi2.JPG\",\"datePublished\":\"2018-07-25T19:19:29+00:00\",\"dateModified\":\"2018-07-25T19:19:54+00:00\",\"breadcrumb\":{\"@id\":\"https:\\\/\\\/wp.kristdemokraterna.se\\\/ydre\\\/2014-09-09-rosta-for-manniskornas-ydre\\\/#breadcrumb\"},\"inLanguage\":\"sv-SE\",\"potentialAction\":[{\"@type\":\"ReadAction\",\"target\":[\"https:\\\/\\\/wp.kristdemokraterna.se\\\/ydre\\\/2014-09-09-rosta-for-manniskornas-ydre\\\/\"]}]},{\"@type\":\"ImageObject\",\"inLanguage\":\"sv-SE\",\"@id\":\"https:\\\/\\\/wp.kristdemokraterna.se\\\/ydre\\\/2014-09-09-rosta-for-manniskornas-ydre\\\/#primaryimage\",\"url\":\"http:\\\/\\\/ydrebo.se\\\/kd\\\/veckobrev\\\/Norra_Vi2.JPG\",\"contentUrl\":\"http:\\\/\\\/ydrebo.se\\\/kd\\\/veckobrev\\\/Norra_Vi2.JPG\"},{\"@type\":\"BreadcrumbList\",\"@id\":\"https:\\\/\\\/wp.kristdemokraterna.se\\\/ydre\\\/2014-09-09-rosta-for-manniskornas-ydre\\\/#breadcrumb\",\"itemListElement\":[{\"@type\":\"ListItem\",\"position\":1,\"name\":\"Hem\",\"item\":\"https:\\\/\\\/wp.kristdemokraterna.se\\\/ydre\\\/\"},{\"@type\":\"ListItem\",\"position\":2,\"name\":\"2014-09-09 R\u00f6sta f\u00f6r m\u00e4nniskornas Ydre!\"}]},{\"@type\":\"WebSite\",\"@id\":\"https:\\\/\\\/wp.kristdemokraterna.se\\\/ydre\\\/#website\",\"url\":\"https:\\\/\\\/wp.kristdemokraterna.se\\\/ydre\\\/\",\"name\":\"Kristdemokraterna i Ydre\",\"description\":\"En till Kristdemokraterna webbplats\",\"inLanguage\":\"sv-SE\"}]}<\/script>\n<!-- \/ Yoast SEO plugin. -->","yoast_head_json":{"title":"2014-09-09 R\u00f6sta f\u00f6r m\u00e4nniskornas Ydre! - Kristdemokraterna i Ydre","robots":{"index":"index","follow":"follow","max-snippet":"max-snippet:-1","max-image-preview":"max-image-preview:large","max-video-preview":"max-video-preview:-1"},"canonical":"https:\/\/wp.kristdemokraterna.se\/ydre\/2014-09-09-rosta-for-manniskornas-ydre\/","og_locale":"sv_SE","og_type":"article","og_title":"2014-09-09 R\u00f6sta f\u00f6r m\u00e4nniskornas Ydre! - Kristdemokraterna i Ydre","og_description":"Ydrebor! Vi har bara en jord. Det finns bara en m\u00e4nsklighet. P\u00e5 v\u00e5r enda jord finns Ydre och vi som bor h\u00e4r \u00e4r en del av m\u00e4nskligheten. Vi \u00e4r alla ydrebor, f\u00f6r vi alla m\u00e4nniskor. Fr\u00e5n de yngsta till de \u00e4ldsta beh\u00f6ver vi s\u00e5 mycket. D\u00e4rf\u00f6r skall Ydre vara v\u00e4lsk\u00f6tt, v\u00e4lkomnande och v\u00e4rt att uppleva. L\u00e4s mer","og_url":"https:\/\/wp.kristdemokraterna.se\/ydre\/2014-09-09-rosta-for-manniskornas-ydre\/","og_site_name":"Kristdemokraterna i Ydre","article_modified_time":"2018-07-25T19:19:54+00:00","og_image":[{"url":"http:\/\/ydrebo.se\/kd\/veckobrev\/Norra_Vi2.JPG","type":"","width":"","height":""}],"twitter_card":"summary_large_image","twitter_misc":{"Ber\u00e4knad l\u00e4stid":"2 minuter"},"schema":{"@context":"https:\/\/schema.org","@graph":[{"@type":"WebPage","@id":"https:\/\/wp.kristdemokraterna.se\/ydre\/2014-09-09-rosta-for-manniskornas-ydre\/","url":"https:\/\/wp.kristdemokraterna.se\/ydre\/2014-09-09-rosta-for-manniskornas-ydre\/","name":"2014-09-09 R\u00f6sta f\u00f6r m\u00e4nniskornas Ydre! - Kristdemokraterna i Ydre","isPartOf":{"@id":"https:\/\/wp.kristdemokraterna.se\/ydre\/#website"},"primaryImageOfPage":{"@id":"https:\/\/wp.kristdemokraterna.se\/ydre\/2014-09-09-rosta-for-manniskornas-ydre\/#primaryimage"},"image":{"@id":"https:\/\/wp.kristdemokraterna.se\/ydre\/2014-09-09-rosta-for-manniskornas-ydre\/#primaryimage"},"thumbnailUrl":"http:\/\/ydrebo.se\/kd\/veckobrev\/Norra_Vi2.JPG","datePublished":"2018-07-25T19:19:29+00:00","dateModified":"2018-07-25T19:19:54+00:00","breadcrumb":{"@id":"https:\/\/wp.kristdemokraterna.se\/ydre\/2014-09-09-rosta-for-manniskornas-ydre\/#breadcrumb"},"inLanguage":"sv-SE","potentialAction":[{"@type":"ReadAction","target":["https:\/\/wp.kristdemokraterna.se\/ydre\/2014-09-09-rosta-for-manniskornas-ydre\/"]}]},{"@type":"ImageObject","inLanguage":"sv-SE","@id":"https:\/\/wp.kristdemokraterna.se\/ydre\/2014-09-09-rosta-for-manniskornas-ydre\/#primaryimage","url":"http:\/\/ydrebo.se\/kd\/veckobrev\/Norra_Vi2.JPG","contentUrl":"http:\/\/ydrebo.se\/kd\/veckobrev\/Norra_Vi2.JPG"},{"@type":"BreadcrumbList","@id":"https:\/\/wp.kristdemokraterna.se\/ydre\/2014-09-09-rosta-for-manniskornas-ydre\/#breadcrumb","itemListElement":[{"@type":"ListItem","position":1,"name":"Hem","item":"https:\/\/wp.kristdemokraterna.se\/ydre\/"},{"@type":"ListItem","position":2,"name":"2014-09-09 R\u00f6sta f\u00f6r m\u00e4nniskornas Ydre!"}]},{"@type":"WebSite","@id":"https:\/\/wp.kristdemokraterna.se\/ydre\/#website","url":"https:\/\/wp.kristdemokraterna.se\/ydre\/","name":"Kristdemokraterna i Ydre","description":"En till Kristdemokraterna webbplats","inLanguage":"sv-SE"}]}},"_links":{"self":[{"href":"https:\/\/wp.kristdemokraterna.se\/ydre\/wp-json\/wp\/v2\/pages\/1264","targetHints":{"allow":["GET"]}}],"collection":[{"href":"https:\/\/wp.kristdemokraterna.se\/ydre\/wp-json\/wp\/v2\/pages"}],"about":[{"href":"https:\/\/wp.kristdemokraterna.se\/ydre\/wp-json\/wp\/v2\/types\/page"}],"author":[{"embeddable":true,"href":"https:\/\/wp.kristdemokraterna.se\/ydre\/wp-json\/wp\/v2\/users\/793"}],"replies":[{"embeddable":true,"href":"https:\/\/wp.kristdemokraterna.se\/ydre\/wp-json\/wp\/v2\/comments?post=1264"}],"version-history":[{"count":2,"href":"https:\/\/wp.kristdemokraterna.se\/ydre\/wp-json\/wp\/v2\/pages\/1264\/revisions"}],"predecessor-version":[{"id":1266,"href":"https:\/\/wp.kristdemokraterna.se\/ydre\/wp-json\/wp\/v2\/pages\/1264\/revisions\/1266"}],"wp:attachment":[{"href":"https:\/\/wp.kristdemokraterna.se\/ydre\/wp-json\/wp\/v2\/media?parent=1264"}],"curies":[{"name":"wp","href":"https:\/\/api.w.org\/{rel}","templated":true}]}}