{"id":1268,"date":"2018-07-25T21:21:16","date_gmt":"2018-07-25T19:21:16","guid":{"rendered":"http:\/\/wp.kristdemokraterna.se\/ydre\/?page_id=1268"},"modified":"2018-07-25T21:21:40","modified_gmt":"2018-07-25T19:21:40","slug":"2014-09-15-ydre-en-lugn-oas","status":"publish","type":"page","link":"https:\/\/wp.kristdemokraterna.se\/ydre\/2014-09-15-ydre-en-lugn-oas\/","title":{"rendered":"2014-09-15 Ydre &#8211; en lugn oas"},"content":{"rendered":"<p>Dagen efter valet \u00e4r l\u00e4get i Sverige alldeles f\u00f6rvirrat. Men inte i Ydre. H\u00e4r d\u00e4r valdeltagandet varit mycket h\u00f6gt \u00e4r allt n\u00e4stan precis som f\u00f6rut.<br \/>\nOm det hade varit samma antal ledam\u00f6ter i kommunfullm\u00e4ktige som f\u00f6rut s\u00e5 hade sammans\u00e4ttningen n\u00e4stan varit of\u00f6r\u00e4ndrad. Valmyndighetens dator ber\u00e4ttar att den enda \u00e4ndringen hade varit att socialdemokraterna hade f\u00f6rlorat ett mandat till sverigedemokraterna.<br \/>\nMen i v\u00e5ras minskades antalet ledam\u00f6ter i kommunfullm\u00e4ktige fr\u00e5n 31 till 21. S\u00e5 det blev f\u00e4rre mandat \u00f6ver lag f\u00f6r partierna \u00e4ven om proportionerna mellan dem \u00e4r som f\u00f6rut. Alliansen beh\u00e5ller en knapp majoritet. Men kristdemokraterna mister det ena av sina tv\u00e5 mandat. Det k\u00e4nns f\u00f6rargligt men var n\u00e4stan v\u00e4ntat. Och det berodde som sagt helt och h\u00e5llet p\u00e5 minskningen av kommunfullm\u00e4ktige.<br \/>\nDet mest uppseendev\u00e4ckande \u00e4r sverigedemokraternas \u00f6kning fast den inte alls \u00e4r s\u00e5 stor som i resten av landet. Men just h\u00e4r i \u00d6sterbymo (d\u00e4r f.\u00f6. kristdemokraterna \u00e4r som starkast, lika starka som i Asby) \u00e4r sverigedemokraterna anm\u00e4rkningsv\u00e4rt svaga. H\u00e4r \u00e4r vi ju vana vid invandrarna. Vi st\u00f6rs inte av att de ensamkommande flyktingbarnen spelar fotboll p\u00e5 sin lediga tid. T\u00e4nk att det finns de som tar illa upp!<br \/>\nDet finns ett liv efter valet och det har redan satt i g\u00e5ng. N\u00e4sta vecka tr\u00e4ffas skolberedningen f\u00f6r att komma fram till n\u00e5gon id\u00e9 f\u00f6r skolan i Hestra. Och en annan arbetsgrupp skall fundera ut vad vi skall g\u00f6ra med Ydre W\u00e4rdshus. Vi skall vara klara om tv\u00e5 veckor f\u00f6r d\u00e5 skall det gamla kommunfullm\u00e4ktige ta st\u00e4llning&#8230;<\/p>\n<p><img loading=\"lazy\" decoding=\"async\" src=\"http:\/\/ydrebo.se\/kd\/veckobrev\/kronika140724\/torget.JPG\" width=\"600\" height=\"450\" \/><br \/>\n<i>B\u00e4rkraftigt?<\/p>\n<p><\/i>Vi beh\u00f6ver inte resa l\u00e4ngre \u00e4n till Tran\u00e5s f\u00f6r att m\u00f6ta samma kaos i politiken som i riket. Varf\u00f6r har det blivit s\u00e5 h\u00e4r? &#8211; D\u00e5 \u00e4r det v\u00e4l att vi bor i Ydre. L\u00e5t oss vara r\u00e4dda om v\u00e5r stil! F\u00f6r m\u00e4nniskornas skull.<br \/>\n<b>Tack allts\u00e5 alla ni som arbetat i den h\u00e4r valr\u00f6relsen! Tack ni som gett oss ert f\u00f6rtroende! Vi lovar att g\u00f6ra v\u00e5rt b\u00e4sta.<\/p>\n<p><\/b><i>Bengt Malm, ordf.<br \/>\n15 september 2014<\/i><\/p>\n","protected":false},"excerpt":{"rendered":"<p>Dagen efter valet \u00e4r l\u00e4get i Sverige alldeles f\u00f6rvirrat. Men inte i Ydre. H\u00e4r d\u00e4r valdeltagandet varit mycket h\u00f6gt \u00e4r allt n\u00e4stan precis som f\u00f6rut. Om det hade varit samma antal ledam\u00f6ter i kommunfullm\u00e4ktige som f\u00f6rut s\u00e5 hade sammans\u00e4ttningen n\u00e4stan varit of\u00f6r\u00e4ndrad. Valmyndighetens dator ber\u00e4ttar att den enda \u00e4ndringen hade varit att socialdemokraterna hade f\u00f6rlorat <a class=\"read-more-link\" href=\"https:\/\/wp.kristdemokraterna.se\/ydre\/2014-09-15-ydre-en-lugn-oas\/\">L\u00e4s mer<\/a><\/p>\n","protected":false},"author":793,"featured_media":0,"parent":0,"menu_order":0,"comment_status":"closed","ping_status":"closed","template":"","meta":{"_acf_changed":false,"footnotes":""},"class_list":["post-1268","page","type-page","status-publish","hentry"],"acf":[],"yoast_head":"<!-- This site is optimized with the Yoast SEO plugin v27.5 - https:\/\/yoast.com\/product\/yoast-seo-wordpress\/ -->\n<title>2014-09-15 Ydre - en lugn oas - Kristdemokraterna i Ydre<\/title>\n<meta name=\"robots\" content=\"index, follow, max-snippet:-1, max-image-preview:large, max-video-preview:-1\" \/>\n<link rel=\"canonical\" href=\"https:\/\/wp.kristdemokraterna.se\/ydre\/2014-09-15-ydre-en-lugn-oas\/\" \/>\n<meta property=\"og:locale\" content=\"sv_SE\" \/>\n<meta property=\"og:type\" content=\"article\" \/>\n<meta property=\"og:title\" content=\"2014-09-15 Ydre - en lugn oas - Kristdemokraterna i Ydre\" \/>\n<meta property=\"og:description\" content=\"Dagen efter valet \u00e4r l\u00e4get i Sverige alldeles f\u00f6rvirrat. Men inte i Ydre. H\u00e4r d\u00e4r valdeltagandet varit mycket h\u00f6gt \u00e4r allt n\u00e4stan precis som f\u00f6rut. Om det hade varit samma antal ledam\u00f6ter i kommunfullm\u00e4ktige som f\u00f6rut s\u00e5 hade sammans\u00e4ttningen n\u00e4stan varit of\u00f6r\u00e4ndrad. Valmyndighetens dator ber\u00e4ttar att den enda \u00e4ndringen hade varit att socialdemokraterna hade f\u00f6rlorat L\u00e4s mer\" \/>\n<meta property=\"og:url\" content=\"https:\/\/wp.kristdemokraterna.se\/ydre\/2014-09-15-ydre-en-lugn-oas\/\" \/>\n<meta property=\"og:site_name\" content=\"Kristdemokraterna i Ydre\" \/>\n<meta property=\"article:modified_time\" content=\"2018-07-25T19:21:40+00:00\" \/>\n<meta property=\"og:image\" content=\"http:\/\/ydrebo.se\/kd\/veckobrev\/kronika140724\/torget.JPG\" \/>\n<meta name=\"twitter:card\" content=\"summary_large_image\" \/>\n<meta name=\"twitter:label1\" content=\"Ber\u00e4knad l\u00e4stid\" \/>\n\t<meta name=\"twitter:data1\" content=\"2 minuter\" \/>\n<script type=\"application\/ld+json\" class=\"yoast-schema-graph\">{\"@context\":\"https:\\\/\\\/schema.org\",\"@graph\":[{\"@type\":\"WebPage\",\"@id\":\"https:\\\/\\\/wp.kristdemokraterna.se\\\/ydre\\\/2014-09-15-ydre-en-lugn-oas\\\/\",\"url\":\"https:\\\/\\\/wp.kristdemokraterna.se\\\/ydre\\\/2014-09-15-ydre-en-lugn-oas\\\/\",\"name\":\"2014-09-15 Ydre - en lugn oas - Kristdemokraterna i Ydre\",\"isPartOf\":{\"@id\":\"https:\\\/\\\/wp.kristdemokraterna.se\\\/ydre\\\/#website\"},\"primaryImageOfPage\":{\"@id\":\"https:\\\/\\\/wp.kristdemokraterna.se\\\/ydre\\\/2014-09-15-ydre-en-lugn-oas\\\/#primaryimage\"},\"image\":{\"@id\":\"https:\\\/\\\/wp.kristdemokraterna.se\\\/ydre\\\/2014-09-15-ydre-en-lugn-oas\\\/#primaryimage\"},\"thumbnailUrl\":\"http:\\\/\\\/ydrebo.se\\\/kd\\\/veckobrev\\\/kronika140724\\\/torget.JPG\",\"datePublished\":\"2018-07-25T19:21:16+00:00\",\"dateModified\":\"2018-07-25T19:21:40+00:00\",\"breadcrumb\":{\"@id\":\"https:\\\/\\\/wp.kristdemokraterna.se\\\/ydre\\\/2014-09-15-ydre-en-lugn-oas\\\/#breadcrumb\"},\"inLanguage\":\"sv-SE\",\"potentialAction\":[{\"@type\":\"ReadAction\",\"target\":[\"https:\\\/\\\/wp.kristdemokraterna.se\\\/ydre\\\/2014-09-15-ydre-en-lugn-oas\\\/\"]}]},{\"@type\":\"ImageObject\",\"inLanguage\":\"sv-SE\",\"@id\":\"https:\\\/\\\/wp.kristdemokraterna.se\\\/ydre\\\/2014-09-15-ydre-en-lugn-oas\\\/#primaryimage\",\"url\":\"http:\\\/\\\/ydrebo.se\\\/kd\\\/veckobrev\\\/kronika140724\\\/torget.JPG\",\"contentUrl\":\"http:\\\/\\\/ydrebo.se\\\/kd\\\/veckobrev\\\/kronika140724\\\/torget.JPG\"},{\"@type\":\"BreadcrumbList\",\"@id\":\"https:\\\/\\\/wp.kristdemokraterna.se\\\/ydre\\\/2014-09-15-ydre-en-lugn-oas\\\/#breadcrumb\",\"itemListElement\":[{\"@type\":\"ListItem\",\"position\":1,\"name\":\"Hem\",\"item\":\"https:\\\/\\\/wp.kristdemokraterna.se\\\/ydre\\\/\"},{\"@type\":\"ListItem\",\"position\":2,\"name\":\"2014-09-15 Ydre &#8211; en lugn oas\"}]},{\"@type\":\"WebSite\",\"@id\":\"https:\\\/\\\/wp.kristdemokraterna.se\\\/ydre\\\/#website\",\"url\":\"https:\\\/\\\/wp.kristdemokraterna.se\\\/ydre\\\/\",\"name\":\"Kristdemokraterna i Ydre\",\"description\":\"En till Kristdemokraterna webbplats\",\"inLanguage\":\"sv-SE\"}]}<\/script>\n<!-- \/ Yoast SEO plugin. -->","yoast_head_json":{"title":"2014-09-15 Ydre - en lugn oas - Kristdemokraterna i Ydre","robots":{"index":"index","follow":"follow","max-snippet":"max-snippet:-1","max-image-preview":"max-image-preview:large","max-video-preview":"max-video-preview:-1"},"canonical":"https:\/\/wp.kristdemokraterna.se\/ydre\/2014-09-15-ydre-en-lugn-oas\/","og_locale":"sv_SE","og_type":"article","og_title":"2014-09-15 Ydre - en lugn oas - Kristdemokraterna i Ydre","og_description":"Dagen efter valet \u00e4r l\u00e4get i Sverige alldeles f\u00f6rvirrat. Men inte i Ydre. H\u00e4r d\u00e4r valdeltagandet varit mycket h\u00f6gt \u00e4r allt n\u00e4stan precis som f\u00f6rut. Om det hade varit samma antal ledam\u00f6ter i kommunfullm\u00e4ktige som f\u00f6rut s\u00e5 hade sammans\u00e4ttningen n\u00e4stan varit of\u00f6r\u00e4ndrad. Valmyndighetens dator ber\u00e4ttar att den enda \u00e4ndringen hade varit att socialdemokraterna hade f\u00f6rlorat L\u00e4s mer","og_url":"https:\/\/wp.kristdemokraterna.se\/ydre\/2014-09-15-ydre-en-lugn-oas\/","og_site_name":"Kristdemokraterna i Ydre","article_modified_time":"2018-07-25T19:21:40+00:00","og_image":[{"url":"http:\/\/ydrebo.se\/kd\/veckobrev\/kronika140724\/torget.JPG","type":"","width":"","height":""}],"twitter_card":"summary_large_image","twitter_misc":{"Ber\u00e4knad l\u00e4stid":"2 minuter"},"schema":{"@context":"https:\/\/schema.org","@graph":[{"@type":"WebPage","@id":"https:\/\/wp.kristdemokraterna.se\/ydre\/2014-09-15-ydre-en-lugn-oas\/","url":"https:\/\/wp.kristdemokraterna.se\/ydre\/2014-09-15-ydre-en-lugn-oas\/","name":"2014-09-15 Ydre - en lugn oas - Kristdemokraterna i Ydre","isPartOf":{"@id":"https:\/\/wp.kristdemokraterna.se\/ydre\/#website"},"primaryImageOfPage":{"@id":"https:\/\/wp.kristdemokraterna.se\/ydre\/2014-09-15-ydre-en-lugn-oas\/#primaryimage"},"image":{"@id":"https:\/\/wp.kristdemokraterna.se\/ydre\/2014-09-15-ydre-en-lugn-oas\/#primaryimage"},"thumbnailUrl":"http:\/\/ydrebo.se\/kd\/veckobrev\/kronika140724\/torget.JPG","datePublished":"2018-07-25T19:21:16+00:00","dateModified":"2018-07-25T19:21:40+00:00","breadcrumb":{"@id":"https:\/\/wp.kristdemokraterna.se\/ydre\/2014-09-15-ydre-en-lugn-oas\/#breadcrumb"},"inLanguage":"sv-SE","potentialAction":[{"@type":"ReadAction","target":["https:\/\/wp.kristdemokraterna.se\/ydre\/2014-09-15-ydre-en-lugn-oas\/"]}]},{"@type":"ImageObject","inLanguage":"sv-SE","@id":"https:\/\/wp.kristdemokraterna.se\/ydre\/2014-09-15-ydre-en-lugn-oas\/#primaryimage","url":"http:\/\/ydrebo.se\/kd\/veckobrev\/kronika140724\/torget.JPG","contentUrl":"http:\/\/ydrebo.se\/kd\/veckobrev\/kronika140724\/torget.JPG"},{"@type":"BreadcrumbList","@id":"https:\/\/wp.kristdemokraterna.se\/ydre\/2014-09-15-ydre-en-lugn-oas\/#breadcrumb","itemListElement":[{"@type":"ListItem","position":1,"name":"Hem","item":"https:\/\/wp.kristdemokraterna.se\/ydre\/"},{"@type":"ListItem","position":2,"name":"2014-09-15 Ydre &#8211; en lugn oas"}]},{"@type":"WebSite","@id":"https:\/\/wp.kristdemokraterna.se\/ydre\/#website","url":"https:\/\/wp.kristdemokraterna.se\/ydre\/","name":"Kristdemokraterna i Ydre","description":"En till Kristdemokraterna webbplats","inLanguage":"sv-SE"}]}},"_links":{"self":[{"href":"https:\/\/wp.kristdemokraterna.se\/ydre\/wp-json\/wp\/v2\/pages\/1268","targetHints":{"allow":["GET"]}}],"collection":[{"href":"https:\/\/wp.kristdemokraterna.se\/ydre\/wp-json\/wp\/v2\/pages"}],"about":[{"href":"https:\/\/wp.kristdemokraterna.se\/ydre\/wp-json\/wp\/v2\/types\/page"}],"author":[{"embeddable":true,"href":"https:\/\/wp.kristdemokraterna.se\/ydre\/wp-json\/wp\/v2\/users\/793"}],"replies":[{"embeddable":true,"href":"https:\/\/wp.kristdemokraterna.se\/ydre\/wp-json\/wp\/v2\/comments?post=1268"}],"version-history":[{"count":2,"href":"https:\/\/wp.kristdemokraterna.se\/ydre\/wp-json\/wp\/v2\/pages\/1268\/revisions"}],"predecessor-version":[{"id":1270,"href":"https:\/\/wp.kristdemokraterna.se\/ydre\/wp-json\/wp\/v2\/pages\/1268\/revisions\/1270"}],"wp:attachment":[{"href":"https:\/\/wp.kristdemokraterna.se\/ydre\/wp-json\/wp\/v2\/media?parent=1268"}],"curies":[{"name":"wp","href":"https:\/\/api.w.org\/{rel}","templated":true}]}}