{"id":1279,"date":"2018-07-25T21:31:38","date_gmt":"2018-07-25T19:31:38","guid":{"rendered":"http:\/\/wp.kristdemokraterna.se\/ydre\/?page_id=1279"},"modified":"2018-07-25T21:31:56","modified_gmt":"2018-07-25T19:31:56","slug":"2014-09-24-angervecka","status":"publish","type":"page","link":"https:\/\/wp.kristdemokraterna.se\/ydre\/2014-09-24-angervecka\/","title":{"rendered":"2014-09-24 \u00c5ngervecka?"},"content":{"rendered":"<p>\u00c5ngervecka i politiken, finns det? Jag menar inte att v\u00e4ljarna skulle \u00e5ngra sig utan att de politiska partierna kanske \u00e5ngrar ett och annat i sina valkampanjer.<br \/>\nEn del menar att t.ex. kristdemokraterna borde \u00e5ngra att de s\u00e5 starkt tog avst\u00e5nd fr\u00e5n sverigedemokraterna. Inte kan s\u00e5 m\u00e5nga v\u00e4ljare vara rasister?<br \/>\n\u00c4r det inte viktigt vad sverigedemokraternas v\u00e4ljare t\u00e4nkte?. Jo, det \u00e4r det. Men fram\u00f6ver betyder det mer vad de valda t\u00e4nker.<br \/>\nH\u00e4r i Ydre inleddes den stora valdebatten med att sverigedemokraten f\u00f6rklarade att han inte vet s\u00e5 mycket om kommunpolitik. Men han vet allt som \u00e4r v\u00e4rt att veta om invandrare. Det \u00e4r alldeles s\u00e4kert. Han bor bara tv\u00e5hundra meter fr\u00e5n de ensamkommande flyktingbarnen. D\u00e5 och d\u00e5 har han sett dem komma g\u00e5ende p\u00e5 gatan. D\u00e5 och d\u00e5 har han sett dem sparka fotboll. Och han har uppr\u00f6rts i sitt innersta. &#8221;G\u00f6r de n\u00e5got nyttigt?&#8221; undrade han.<br \/>\nV\u00e5r sverigedemokrat m\u00e5tte vara den ende i hela Ydre som inte vet att alla friska barn i Sverige g\u00e5r i skola. Han m\u00e5tte vara den ende som inte vet att det bara \u00e4r p\u00e5 fritiden de kan spela fotboll. Men vad t\u00e4nkte de p\u00e5 som r\u00f6stade f\u00f6r okunnigheten?<\/p>\n<p><img loading=\"lazy\" decoding=\"async\" src=\"http:\/\/ydrebo.se\/kd\/veckobrev\/ruin.jpg\" width=\"384\" height=\"307\" \/><br \/>\n<i>Hur mycket skall sverigedemokraterna f\u00e5 rasera f\u00f6r oss?<\/p>\n<p><\/i>S\u00e5 d\u00e4r \u00e4r det ocks\u00e5 p\u00e5 andra h\u00e5ll. F\u00e4rgelanda i Dalsland \u00e4r den kommun d\u00e4r sverigedemokraterna \u00f6kade mest. Det l\u00e4r inte finnas n\u00e5gra s\u00e4rskilt stora problem i kommunen. Och det tycks inte ha varit n\u00e5gra n\u00e4mnv\u00e4rda problem med invandrarna.<br \/>\nJo, f\u00f6r resten, en inv\u00e5nare i F\u00e4rgelanda sade att &#8221;de&#8221; kastade skr\u00e4p. Jas\u00e5, de g\u00f6r det. Vilka \u00e4r det d\u00e5 som skr\u00e4par ner l\u00e4ngs v\u00e5ra v\u00e4gar och i naturen? Vilka \u00e4r det som h\u00e5ller p\u00e5 med det \u00e5rtionde efter \u00e5rtionde trots alla kampanjer f\u00f6r att h\u00e5lla Sverige rent? Hur kommer det sig att detta nedskr\u00e4pande aldrig tar slut?<br \/>\nSvaret kom h\u00e4romdagen i radioprogrammet &#8221;Tankar f\u00f6r dagen&#8221;. H\u00e4nf\u00f6rt ber\u00e4ttade en psykoterapeut vad som ger en sann och stark lyckok\u00e4nsla. Den infinner sig n\u00e4r man med d\u00e5nande bilh\u00f6gtalare gasar fram p\u00e5 v\u00e4garna och d\u00e5 och d\u00e5 kastar ut en tom burk genom sidorutan.<br \/>\nS\u00e5 nu vet vi det. Nu vet vi vilka som blir lyckliga av att kunna skr\u00e4pa ner. Det \u00e4r inte invandrarna. Det \u00e4r vi.<\/p>\n<p><i>Bengt Malm, ordf.<br \/>\n24 september 2014<\/i><\/p>\n","protected":false},"excerpt":{"rendered":"<p>\u00c5ngervecka i politiken, finns det? Jag menar inte att v\u00e4ljarna skulle \u00e5ngra sig utan att de politiska partierna kanske \u00e5ngrar ett och annat i sina valkampanjer. En del menar att t.ex. kristdemokraterna borde \u00e5ngra att de s\u00e5 starkt tog avst\u00e5nd fr\u00e5n sverigedemokraterna. Inte kan s\u00e5 m\u00e5nga v\u00e4ljare vara rasister? \u00c4r det inte viktigt vad sverigedemokraternas <a class=\"read-more-link\" href=\"https:\/\/wp.kristdemokraterna.se\/ydre\/2014-09-24-angervecka\/\">L\u00e4s mer<\/a><\/p>\n","protected":false},"author":793,"featured_media":0,"parent":0,"menu_order":0,"comment_status":"closed","ping_status":"closed","template":"","meta":{"_acf_changed":false,"footnotes":""},"class_list":["post-1279","page","type-page","status-publish","hentry"],"acf":[],"yoast_head":"<!-- This site is optimized with the Yoast SEO plugin v27.5 - https:\/\/yoast.com\/product\/yoast-seo-wordpress\/ -->\n<title>2014-09-24 \u00c5ngervecka? - Kristdemokraterna i Ydre<\/title>\n<meta name=\"robots\" content=\"index, follow, max-snippet:-1, max-image-preview:large, max-video-preview:-1\" \/>\n<link rel=\"canonical\" href=\"https:\/\/wp.kristdemokraterna.se\/ydre\/2014-09-24-angervecka\/\" \/>\n<meta property=\"og:locale\" content=\"sv_SE\" \/>\n<meta property=\"og:type\" content=\"article\" \/>\n<meta property=\"og:title\" content=\"2014-09-24 \u00c5ngervecka? - Kristdemokraterna i Ydre\" \/>\n<meta property=\"og:description\" content=\"\u00c5ngervecka i politiken, finns det? Jag menar inte att v\u00e4ljarna skulle \u00e5ngra sig utan att de politiska partierna kanske \u00e5ngrar ett och annat i sina valkampanjer. En del menar att t.ex. kristdemokraterna borde \u00e5ngra att de s\u00e5 starkt tog avst\u00e5nd fr\u00e5n sverigedemokraterna. Inte kan s\u00e5 m\u00e5nga v\u00e4ljare vara rasister? \u00c4r det inte viktigt vad sverigedemokraternas L\u00e4s mer\" \/>\n<meta property=\"og:url\" content=\"https:\/\/wp.kristdemokraterna.se\/ydre\/2014-09-24-angervecka\/\" \/>\n<meta property=\"og:site_name\" content=\"Kristdemokraterna i Ydre\" \/>\n<meta property=\"article:modified_time\" content=\"2018-07-25T19:31:56+00:00\" \/>\n<meta property=\"og:image\" content=\"http:\/\/ydrebo.se\/kd\/veckobrev\/ruin.jpg\" \/>\n<meta name=\"twitter:card\" content=\"summary_large_image\" \/>\n<meta name=\"twitter:label1\" content=\"Ber\u00e4knad l\u00e4stid\" \/>\n\t<meta name=\"twitter:data1\" content=\"2 minuter\" \/>\n<script type=\"application\/ld+json\" class=\"yoast-schema-graph\">{\"@context\":\"https:\\\/\\\/schema.org\",\"@graph\":[{\"@type\":\"WebPage\",\"@id\":\"https:\\\/\\\/wp.kristdemokraterna.se\\\/ydre\\\/2014-09-24-angervecka\\\/\",\"url\":\"https:\\\/\\\/wp.kristdemokraterna.se\\\/ydre\\\/2014-09-24-angervecka\\\/\",\"name\":\"2014-09-24 \u00c5ngervecka? - Kristdemokraterna i Ydre\",\"isPartOf\":{\"@id\":\"https:\\\/\\\/wp.kristdemokraterna.se\\\/ydre\\\/#website\"},\"primaryImageOfPage\":{\"@id\":\"https:\\\/\\\/wp.kristdemokraterna.se\\\/ydre\\\/2014-09-24-angervecka\\\/#primaryimage\"},\"image\":{\"@id\":\"https:\\\/\\\/wp.kristdemokraterna.se\\\/ydre\\\/2014-09-24-angervecka\\\/#primaryimage\"},\"thumbnailUrl\":\"http:\\\/\\\/ydrebo.se\\\/kd\\\/veckobrev\\\/ruin.jpg\",\"datePublished\":\"2018-07-25T19:31:38+00:00\",\"dateModified\":\"2018-07-25T19:31:56+00:00\",\"breadcrumb\":{\"@id\":\"https:\\\/\\\/wp.kristdemokraterna.se\\\/ydre\\\/2014-09-24-angervecka\\\/#breadcrumb\"},\"inLanguage\":\"sv-SE\",\"potentialAction\":[{\"@type\":\"ReadAction\",\"target\":[\"https:\\\/\\\/wp.kristdemokraterna.se\\\/ydre\\\/2014-09-24-angervecka\\\/\"]}]},{\"@type\":\"ImageObject\",\"inLanguage\":\"sv-SE\",\"@id\":\"https:\\\/\\\/wp.kristdemokraterna.se\\\/ydre\\\/2014-09-24-angervecka\\\/#primaryimage\",\"url\":\"http:\\\/\\\/ydrebo.se\\\/kd\\\/veckobrev\\\/ruin.jpg\",\"contentUrl\":\"http:\\\/\\\/ydrebo.se\\\/kd\\\/veckobrev\\\/ruin.jpg\"},{\"@type\":\"BreadcrumbList\",\"@id\":\"https:\\\/\\\/wp.kristdemokraterna.se\\\/ydre\\\/2014-09-24-angervecka\\\/#breadcrumb\",\"itemListElement\":[{\"@type\":\"ListItem\",\"position\":1,\"name\":\"Hem\",\"item\":\"https:\\\/\\\/wp.kristdemokraterna.se\\\/ydre\\\/\"},{\"@type\":\"ListItem\",\"position\":2,\"name\":\"2014-09-24 \u00c5ngervecka?\"}]},{\"@type\":\"WebSite\",\"@id\":\"https:\\\/\\\/wp.kristdemokraterna.se\\\/ydre\\\/#website\",\"url\":\"https:\\\/\\\/wp.kristdemokraterna.se\\\/ydre\\\/\",\"name\":\"Kristdemokraterna i Ydre\",\"description\":\"En till Kristdemokraterna webbplats\",\"inLanguage\":\"sv-SE\"}]}<\/script>\n<!-- \/ Yoast SEO plugin. -->","yoast_head_json":{"title":"2014-09-24 \u00c5ngervecka? - Kristdemokraterna i Ydre","robots":{"index":"index","follow":"follow","max-snippet":"max-snippet:-1","max-image-preview":"max-image-preview:large","max-video-preview":"max-video-preview:-1"},"canonical":"https:\/\/wp.kristdemokraterna.se\/ydre\/2014-09-24-angervecka\/","og_locale":"sv_SE","og_type":"article","og_title":"2014-09-24 \u00c5ngervecka? - Kristdemokraterna i Ydre","og_description":"\u00c5ngervecka i politiken, finns det? Jag menar inte att v\u00e4ljarna skulle \u00e5ngra sig utan att de politiska partierna kanske \u00e5ngrar ett och annat i sina valkampanjer. En del menar att t.ex. kristdemokraterna borde \u00e5ngra att de s\u00e5 starkt tog avst\u00e5nd fr\u00e5n sverigedemokraterna. Inte kan s\u00e5 m\u00e5nga v\u00e4ljare vara rasister? \u00c4r det inte viktigt vad sverigedemokraternas L\u00e4s mer","og_url":"https:\/\/wp.kristdemokraterna.se\/ydre\/2014-09-24-angervecka\/","og_site_name":"Kristdemokraterna i Ydre","article_modified_time":"2018-07-25T19:31:56+00:00","og_image":[{"url":"http:\/\/ydrebo.se\/kd\/veckobrev\/ruin.jpg","type":"","width":"","height":""}],"twitter_card":"summary_large_image","twitter_misc":{"Ber\u00e4knad l\u00e4stid":"2 minuter"},"schema":{"@context":"https:\/\/schema.org","@graph":[{"@type":"WebPage","@id":"https:\/\/wp.kristdemokraterna.se\/ydre\/2014-09-24-angervecka\/","url":"https:\/\/wp.kristdemokraterna.se\/ydre\/2014-09-24-angervecka\/","name":"2014-09-24 \u00c5ngervecka? - Kristdemokraterna i Ydre","isPartOf":{"@id":"https:\/\/wp.kristdemokraterna.se\/ydre\/#website"},"primaryImageOfPage":{"@id":"https:\/\/wp.kristdemokraterna.se\/ydre\/2014-09-24-angervecka\/#primaryimage"},"image":{"@id":"https:\/\/wp.kristdemokraterna.se\/ydre\/2014-09-24-angervecka\/#primaryimage"},"thumbnailUrl":"http:\/\/ydrebo.se\/kd\/veckobrev\/ruin.jpg","datePublished":"2018-07-25T19:31:38+00:00","dateModified":"2018-07-25T19:31:56+00:00","breadcrumb":{"@id":"https:\/\/wp.kristdemokraterna.se\/ydre\/2014-09-24-angervecka\/#breadcrumb"},"inLanguage":"sv-SE","potentialAction":[{"@type":"ReadAction","target":["https:\/\/wp.kristdemokraterna.se\/ydre\/2014-09-24-angervecka\/"]}]},{"@type":"ImageObject","inLanguage":"sv-SE","@id":"https:\/\/wp.kristdemokraterna.se\/ydre\/2014-09-24-angervecka\/#primaryimage","url":"http:\/\/ydrebo.se\/kd\/veckobrev\/ruin.jpg","contentUrl":"http:\/\/ydrebo.se\/kd\/veckobrev\/ruin.jpg"},{"@type":"BreadcrumbList","@id":"https:\/\/wp.kristdemokraterna.se\/ydre\/2014-09-24-angervecka\/#breadcrumb","itemListElement":[{"@type":"ListItem","position":1,"name":"Hem","item":"https:\/\/wp.kristdemokraterna.se\/ydre\/"},{"@type":"ListItem","position":2,"name":"2014-09-24 \u00c5ngervecka?"}]},{"@type":"WebSite","@id":"https:\/\/wp.kristdemokraterna.se\/ydre\/#website","url":"https:\/\/wp.kristdemokraterna.se\/ydre\/","name":"Kristdemokraterna i Ydre","description":"En till Kristdemokraterna webbplats","inLanguage":"sv-SE"}]}},"_links":{"self":[{"href":"https:\/\/wp.kristdemokraterna.se\/ydre\/wp-json\/wp\/v2\/pages\/1279","targetHints":{"allow":["GET"]}}],"collection":[{"href":"https:\/\/wp.kristdemokraterna.se\/ydre\/wp-json\/wp\/v2\/pages"}],"about":[{"href":"https:\/\/wp.kristdemokraterna.se\/ydre\/wp-json\/wp\/v2\/types\/page"}],"author":[{"embeddable":true,"href":"https:\/\/wp.kristdemokraterna.se\/ydre\/wp-json\/wp\/v2\/users\/793"}],"replies":[{"embeddable":true,"href":"https:\/\/wp.kristdemokraterna.se\/ydre\/wp-json\/wp\/v2\/comments?post=1279"}],"version-history":[{"count":2,"href":"https:\/\/wp.kristdemokraterna.se\/ydre\/wp-json\/wp\/v2\/pages\/1279\/revisions"}],"predecessor-version":[{"id":1281,"href":"https:\/\/wp.kristdemokraterna.se\/ydre\/wp-json\/wp\/v2\/pages\/1279\/revisions\/1281"}],"wp:attachment":[{"href":"https:\/\/wp.kristdemokraterna.se\/ydre\/wp-json\/wp\/v2\/media?parent=1279"}],"curies":[{"name":"wp","href":"https:\/\/api.w.org\/{rel}","templated":true}]}}