{"id":1283,"date":"2018-07-25T21:36:55","date_gmt":"2018-07-25T19:36:55","guid":{"rendered":"http:\/\/wp.kristdemokraterna.se\/ydre\/?page_id=1283"},"modified":"2018-07-25T21:40:04","modified_gmt":"2018-07-25T19:40:04","slug":"2014-10-07-rattvisemarkt","status":"publish","type":"page","link":"https:\/\/wp.kristdemokraterna.se\/ydre\/2014-10-07-rattvisemarkt\/","title":{"rendered":"2014-10-07 R\u00e4ttvisem\u00e4rkt"},"content":{"rendered":"<p>Hur delar man r\u00e4ttvist? Det \u00e4r en fr\u00e5ga f\u00f6r b\u00e5de barnkammaren och politiken. Efter valet skall uppdrag i Ydre kommun f\u00f6rdelas med ledning av valresultatet. Och nu skall det g\u00f6ras r\u00e4ttvist.<br \/>\nF\u00f6rst skulle de sju platserna i kommunstyrelsen f\u00f6rdelas r\u00e4ttvist p\u00e5 sex partier. N\u00e5ja, kristdemokraterna och sverigedemokraterna hade inte f\u00e5tt tillr\u00e4ckligt m\u00e5nga r\u00f6ster f\u00f6r att kunna ta plats. Men att dela ut sju platser p\u00e5 fyra partier var inte s\u00e5 enkelt heller. Hur skall man g\u00f6ra f\u00f6r att det skall se rimligt ut?<br \/>\nMen det finns v\u00e4l regler? Jo, det g\u00f6r det. Fast i det h\u00e4r fallet var de inte till s\u00e5 stor hj\u00e4lp. Bland annat skulle det bli lottning om den sista platsen mellan tre av de fyra partierna. Men eftersom vi alla \u00e4r ydrebor gick det att komma \u00f6verens. De tre st\u00f6rsta partierna fick tv\u00e5 platser var och milj\u00f6partiet en. S\u00e5 den 20 oktober f\u00e5r vi en garanterat r\u00e4ttvisem\u00e4rkt kommunstyrelse.<br \/>\nMen r\u00e4ttvisa i politiken handlar ocks\u00e5 om annat &#8211; mycket annat. Hur skall knappa resurser anv\u00e4ndas r\u00e4ttvist? Alla vill ju att det skall ske men det kan nog ibland r\u00e5da olika meningar om vad det inneb\u00e4r och hur det skall g\u00e5 till. De partier som inte \u00e4r med i kommunstyrelsen f\u00e5r \u00e4nd\u00e5 en insynsplats med yttrander\u00e4tt. Dessutom finns ju kommunfullm\u00e4ktiges sammantr\u00e4den. Det kommer att bli sp\u00e4nnande.<br \/>\n<a href=\"http:\/\/wp.kristdemokraterna.se\/ydre\/det-har\/\"><b>Hur kristdemokraterna t\u00e4nker har vi presenterat i valr\u00f6relsen.<\/b><\/a>\u00a0Vi m\u00e5ste ordna s\u00e5 r\u00e4ttvist som m\u00f6jligt f\u00f6r barn och gamla, ja f\u00f6r alla i Ydre.<\/p>\n<p><i><img loading=\"lazy\" decoding=\"async\" src=\"http:\/\/ydrebo.se\/kd\/barn.JPG\" width=\"384\" height=\"288\" \/><br \/>\n<\/i>Vi m\u00e5ste vara r\u00e4ttvisa mot dig.<\/p>\n<p><i>Bengt Malm, ordf.<br \/>\n7 oktober 2014<\/i><\/p>\n","protected":false},"excerpt":{"rendered":"<p>Hur delar man r\u00e4ttvist? Det \u00e4r en fr\u00e5ga f\u00f6r b\u00e5de barnkammaren och politiken. Efter valet skall uppdrag i Ydre kommun f\u00f6rdelas med ledning av valresultatet. Och nu skall det g\u00f6ras r\u00e4ttvist. F\u00f6rst skulle de sju platserna i kommunstyrelsen f\u00f6rdelas r\u00e4ttvist p\u00e5 sex partier. N\u00e5ja, kristdemokraterna och sverigedemokraterna hade inte f\u00e5tt tillr\u00e4ckligt m\u00e5nga r\u00f6ster f\u00f6r att <a class=\"read-more-link\" href=\"https:\/\/wp.kristdemokraterna.se\/ydre\/2014-10-07-rattvisemarkt\/\">L\u00e4s mer<\/a><\/p>\n","protected":false},"author":793,"featured_media":0,"parent":0,"menu_order":0,"comment_status":"closed","ping_status":"closed","template":"","meta":{"_acf_changed":false,"footnotes":""},"class_list":["post-1283","page","type-page","status-publish","hentry"],"acf":[],"yoast_head":"<!-- This site is optimized with the Yoast SEO plugin v27.5 - https:\/\/yoast.com\/product\/yoast-seo-wordpress\/ -->\n<title>2014-10-07 R\u00e4ttvisem\u00e4rkt - Kristdemokraterna i Ydre<\/title>\n<meta name=\"robots\" content=\"index, follow, max-snippet:-1, max-image-preview:large, max-video-preview:-1\" \/>\n<link rel=\"canonical\" href=\"https:\/\/wp.kristdemokraterna.se\/ydre\/2014-10-07-rattvisemarkt\/\" \/>\n<meta property=\"og:locale\" content=\"sv_SE\" \/>\n<meta property=\"og:type\" content=\"article\" \/>\n<meta property=\"og:title\" content=\"2014-10-07 R\u00e4ttvisem\u00e4rkt - Kristdemokraterna i Ydre\" \/>\n<meta property=\"og:description\" content=\"Hur delar man r\u00e4ttvist? Det \u00e4r en fr\u00e5ga f\u00f6r b\u00e5de barnkammaren och politiken. Efter valet skall uppdrag i Ydre kommun f\u00f6rdelas med ledning av valresultatet. Och nu skall det g\u00f6ras r\u00e4ttvist. F\u00f6rst skulle de sju platserna i kommunstyrelsen f\u00f6rdelas r\u00e4ttvist p\u00e5 sex partier. N\u00e5ja, kristdemokraterna och sverigedemokraterna hade inte f\u00e5tt tillr\u00e4ckligt m\u00e5nga r\u00f6ster f\u00f6r att L\u00e4s mer\" \/>\n<meta property=\"og:url\" content=\"https:\/\/wp.kristdemokraterna.se\/ydre\/2014-10-07-rattvisemarkt\/\" \/>\n<meta property=\"og:site_name\" content=\"Kristdemokraterna i Ydre\" \/>\n<meta property=\"article:modified_time\" content=\"2018-07-25T19:40:04+00:00\" \/>\n<meta property=\"og:image\" content=\"http:\/\/ydrebo.se\/kd\/barn.JPG\" \/>\n<meta name=\"twitter:card\" content=\"summary_large_image\" \/>\n<meta name=\"twitter:label1\" content=\"Ber\u00e4knad l\u00e4stid\" \/>\n\t<meta name=\"twitter:data1\" content=\"1 minut\" \/>\n<script type=\"application\/ld+json\" class=\"yoast-schema-graph\">{\"@context\":\"https:\\\/\\\/schema.org\",\"@graph\":[{\"@type\":\"WebPage\",\"@id\":\"https:\\\/\\\/wp.kristdemokraterna.se\\\/ydre\\\/2014-10-07-rattvisemarkt\\\/\",\"url\":\"https:\\\/\\\/wp.kristdemokraterna.se\\\/ydre\\\/2014-10-07-rattvisemarkt\\\/\",\"name\":\"2014-10-07 R\u00e4ttvisem\u00e4rkt - Kristdemokraterna i Ydre\",\"isPartOf\":{\"@id\":\"https:\\\/\\\/wp.kristdemokraterna.se\\\/ydre\\\/#website\"},\"primaryImageOfPage\":{\"@id\":\"https:\\\/\\\/wp.kristdemokraterna.se\\\/ydre\\\/2014-10-07-rattvisemarkt\\\/#primaryimage\"},\"image\":{\"@id\":\"https:\\\/\\\/wp.kristdemokraterna.se\\\/ydre\\\/2014-10-07-rattvisemarkt\\\/#primaryimage\"},\"thumbnailUrl\":\"http:\\\/\\\/ydrebo.se\\\/kd\\\/barn.JPG\",\"datePublished\":\"2018-07-25T19:36:55+00:00\",\"dateModified\":\"2018-07-25T19:40:04+00:00\",\"breadcrumb\":{\"@id\":\"https:\\\/\\\/wp.kristdemokraterna.se\\\/ydre\\\/2014-10-07-rattvisemarkt\\\/#breadcrumb\"},\"inLanguage\":\"sv-SE\",\"potentialAction\":[{\"@type\":\"ReadAction\",\"target\":[\"https:\\\/\\\/wp.kristdemokraterna.se\\\/ydre\\\/2014-10-07-rattvisemarkt\\\/\"]}]},{\"@type\":\"ImageObject\",\"inLanguage\":\"sv-SE\",\"@id\":\"https:\\\/\\\/wp.kristdemokraterna.se\\\/ydre\\\/2014-10-07-rattvisemarkt\\\/#primaryimage\",\"url\":\"http:\\\/\\\/ydrebo.se\\\/kd\\\/barn.JPG\",\"contentUrl\":\"http:\\\/\\\/ydrebo.se\\\/kd\\\/barn.JPG\"},{\"@type\":\"BreadcrumbList\",\"@id\":\"https:\\\/\\\/wp.kristdemokraterna.se\\\/ydre\\\/2014-10-07-rattvisemarkt\\\/#breadcrumb\",\"itemListElement\":[{\"@type\":\"ListItem\",\"position\":1,\"name\":\"Hem\",\"item\":\"https:\\\/\\\/wp.kristdemokraterna.se\\\/ydre\\\/\"},{\"@type\":\"ListItem\",\"position\":2,\"name\":\"2014-10-07 R\u00e4ttvisem\u00e4rkt\"}]},{\"@type\":\"WebSite\",\"@id\":\"https:\\\/\\\/wp.kristdemokraterna.se\\\/ydre\\\/#website\",\"url\":\"https:\\\/\\\/wp.kristdemokraterna.se\\\/ydre\\\/\",\"name\":\"Kristdemokraterna i Ydre\",\"description\":\"En till Kristdemokraterna webbplats\",\"inLanguage\":\"sv-SE\"}]}<\/script>\n<!-- \/ Yoast SEO plugin. -->","yoast_head_json":{"title":"2014-10-07 R\u00e4ttvisem\u00e4rkt - Kristdemokraterna i Ydre","robots":{"index":"index","follow":"follow","max-snippet":"max-snippet:-1","max-image-preview":"max-image-preview:large","max-video-preview":"max-video-preview:-1"},"canonical":"https:\/\/wp.kristdemokraterna.se\/ydre\/2014-10-07-rattvisemarkt\/","og_locale":"sv_SE","og_type":"article","og_title":"2014-10-07 R\u00e4ttvisem\u00e4rkt - Kristdemokraterna i Ydre","og_description":"Hur delar man r\u00e4ttvist? Det \u00e4r en fr\u00e5ga f\u00f6r b\u00e5de barnkammaren och politiken. Efter valet skall uppdrag i Ydre kommun f\u00f6rdelas med ledning av valresultatet. Och nu skall det g\u00f6ras r\u00e4ttvist. F\u00f6rst skulle de sju platserna i kommunstyrelsen f\u00f6rdelas r\u00e4ttvist p\u00e5 sex partier. N\u00e5ja, kristdemokraterna och sverigedemokraterna hade inte f\u00e5tt tillr\u00e4ckligt m\u00e5nga r\u00f6ster f\u00f6r att L\u00e4s mer","og_url":"https:\/\/wp.kristdemokraterna.se\/ydre\/2014-10-07-rattvisemarkt\/","og_site_name":"Kristdemokraterna i Ydre","article_modified_time":"2018-07-25T19:40:04+00:00","og_image":[{"url":"http:\/\/ydrebo.se\/kd\/barn.JPG","type":"","width":"","height":""}],"twitter_card":"summary_large_image","twitter_misc":{"Ber\u00e4knad l\u00e4stid":"1 minut"},"schema":{"@context":"https:\/\/schema.org","@graph":[{"@type":"WebPage","@id":"https:\/\/wp.kristdemokraterna.se\/ydre\/2014-10-07-rattvisemarkt\/","url":"https:\/\/wp.kristdemokraterna.se\/ydre\/2014-10-07-rattvisemarkt\/","name":"2014-10-07 R\u00e4ttvisem\u00e4rkt - Kristdemokraterna i Ydre","isPartOf":{"@id":"https:\/\/wp.kristdemokraterna.se\/ydre\/#website"},"primaryImageOfPage":{"@id":"https:\/\/wp.kristdemokraterna.se\/ydre\/2014-10-07-rattvisemarkt\/#primaryimage"},"image":{"@id":"https:\/\/wp.kristdemokraterna.se\/ydre\/2014-10-07-rattvisemarkt\/#primaryimage"},"thumbnailUrl":"http:\/\/ydrebo.se\/kd\/barn.JPG","datePublished":"2018-07-25T19:36:55+00:00","dateModified":"2018-07-25T19:40:04+00:00","breadcrumb":{"@id":"https:\/\/wp.kristdemokraterna.se\/ydre\/2014-10-07-rattvisemarkt\/#breadcrumb"},"inLanguage":"sv-SE","potentialAction":[{"@type":"ReadAction","target":["https:\/\/wp.kristdemokraterna.se\/ydre\/2014-10-07-rattvisemarkt\/"]}]},{"@type":"ImageObject","inLanguage":"sv-SE","@id":"https:\/\/wp.kristdemokraterna.se\/ydre\/2014-10-07-rattvisemarkt\/#primaryimage","url":"http:\/\/ydrebo.se\/kd\/barn.JPG","contentUrl":"http:\/\/ydrebo.se\/kd\/barn.JPG"},{"@type":"BreadcrumbList","@id":"https:\/\/wp.kristdemokraterna.se\/ydre\/2014-10-07-rattvisemarkt\/#breadcrumb","itemListElement":[{"@type":"ListItem","position":1,"name":"Hem","item":"https:\/\/wp.kristdemokraterna.se\/ydre\/"},{"@type":"ListItem","position":2,"name":"2014-10-07 R\u00e4ttvisem\u00e4rkt"}]},{"@type":"WebSite","@id":"https:\/\/wp.kristdemokraterna.se\/ydre\/#website","url":"https:\/\/wp.kristdemokraterna.se\/ydre\/","name":"Kristdemokraterna i Ydre","description":"En till Kristdemokraterna webbplats","inLanguage":"sv-SE"}]}},"_links":{"self":[{"href":"https:\/\/wp.kristdemokraterna.se\/ydre\/wp-json\/wp\/v2\/pages\/1283","targetHints":{"allow":["GET"]}}],"collection":[{"href":"https:\/\/wp.kristdemokraterna.se\/ydre\/wp-json\/wp\/v2\/pages"}],"about":[{"href":"https:\/\/wp.kristdemokraterna.se\/ydre\/wp-json\/wp\/v2\/types\/page"}],"author":[{"embeddable":true,"href":"https:\/\/wp.kristdemokraterna.se\/ydre\/wp-json\/wp\/v2\/users\/793"}],"replies":[{"embeddable":true,"href":"https:\/\/wp.kristdemokraterna.se\/ydre\/wp-json\/wp\/v2\/comments?post=1283"}],"version-history":[{"count":3,"href":"https:\/\/wp.kristdemokraterna.se\/ydre\/wp-json\/wp\/v2\/pages\/1283\/revisions"}],"predecessor-version":[{"id":1286,"href":"https:\/\/wp.kristdemokraterna.se\/ydre\/wp-json\/wp\/v2\/pages\/1283\/revisions\/1286"}],"wp:attachment":[{"href":"https:\/\/wp.kristdemokraterna.se\/ydre\/wp-json\/wp\/v2\/media?parent=1283"}],"curies":[{"name":"wp","href":"https:\/\/api.w.org\/{rel}","templated":true}]}}