{"id":1288,"date":"2018-07-25T21:43:42","date_gmt":"2018-07-25T19:43:42","guid":{"rendered":"http:\/\/wp.kristdemokraterna.se\/ydre\/?page_id=1288"},"modified":"2018-07-25T21:46:31","modified_gmt":"2018-07-25T19:46:31","slug":"2014-10-14-har-vi-rad-med-ideer","status":"publish","type":"page","link":"https:\/\/wp.kristdemokraterna.se\/ydre\/2014-10-14-har-vi-rad-med-ideer\/","title":{"rendered":"2014-10-14 Har vi r\u00e5d med id\u00e9er?"},"content":{"rendered":"<p>F\u00f6rskoll\u00e4rarna hade f\u00e5tt en id\u00e9. Bort med plasten fr\u00e5n m\u00e5ltiderna. L\u00e5t barnen \u00e4ta p\u00e5 riktigt porslin. Men t\u00e4nk om det g\u00e5r s\u00f6nder? D\u00e5 f\u00e5r det v\u00e4l g\u00f6ra det.<br \/>\nVad h\u00e4nde? Barnen var mycket r\u00e4dda om porslinet. L\u00e4rarna fick en annan id\u00e9. Man kunde inreda ett rum med gamla m\u00f6bler. Men t\u00e4nk om barnen hoppar i den fina soffan? Det gjorde de inte! I st\u00e4llet hanterade de inredningen lugnt och varsamt n\u00e4r de var d\u00e4r.<\/p>\n<p><img loading=\"lazy\" decoding=\"async\" src=\"http:\/\/ydrebo.se\/kd\/veckobrev\/mariannelund1.JPG\" width=\"600\" height=\"443\" \/><br \/>\n<i>Barnv\u00e4nligt<\/i><\/p>\n<p>Det h\u00e4r fick Ydres skolberedning h\u00f6ra vid ett bes\u00f6k p\u00e5 Furulundsskolan i Mariannelund. Vi bes\u00f6ker flera skolor i grannkommunerna medan vi funderar p\u00e5 hur skolan i Hestra skall renoveras.<br \/>\nOcks\u00e5 barn kan komma med id\u00e9er f\u00f6r skolan. De \u00e4ldre barnen i Ydreskolan i \u00d6sterbymo vill ha mer gr\u00e4s och mindre asfalt.<\/p>\n<p><img loading=\"lazy\" decoding=\"async\" src=\"http:\/\/ydrebo.se\/kd\/veckobrev\/ukreda.JPG\" width=\"600\" height=\"450\" \/><br \/>\n<i>T\u00e4nk om skolg\u00e5rdar kunde se ut mer som Ukreda hage!<\/i><\/p>\n<p>I g\u00e5r bes\u00f6kte vi den lilla skolan i Rumskulla med 32 elever f\u00f6rdelade p\u00e5 sex \u00e5rskurser. Det kr\u00e4vs mycket funderande f\u00f6r att det skall fungera. Men det g\u00e5r bra.<br \/>\nL\u00e4rare m\u00e5ste allts\u00e5 ha id\u00e9er, id\u00e9er f\u00f6r n\u00e4sta dags lektioner, id\u00e9er f\u00f6r kommande prov och friluftsdagar, id\u00e9er f\u00f6r l\u00e5ngsiktig planering, id\u00e9er f\u00f6r de olika eleverna. Men som en l\u00e4rare i Rumskulla uttryckte det \u00e4r det inte l\u00e4tt f\u00e5\u00a0<a href=\"http:\/\/www.dn.se\/nyheter\/sverige\/lararnas-arbetstid-fylls-utanfor-lektionssalarna\/\" target=\"_blank\" rel=\"noopener\"><b>tid f\u00f6r pedagogiska tankar.<\/b><\/a><\/p>\n<p><i><img loading=\"lazy\" decoding=\"async\" src=\"http:\/\/ydrebo.se\/kd\/veckobrev\/rumskulla1.JPG\" width=\"600\" height=\"438\" \/><br \/>\n<\/i>Arbetsrum f\u00f6r l\u00e4rare i Rumskulla<\/p>\n<p>Det \u00e4r inte l\u00e4tt f\u00f6r l\u00e4rare att f\u00f6rklara att de faktiskt arbetar n\u00e4r de &#8221;inte g\u00f6r n\u00e5got&#8221;. Hur kan de f\u00f6rklara att de m\u00e5ste f\u00e5 id\u00e9er? De m\u00e5ste ha tid att l\u00e4sa och f\u00e5 inspiration av andras erfarenheter. Att f\u00e5 egna id\u00e9er tar ocks\u00e5 tid, En gammal tumregel s\u00e4ger att i b\u00e4sta fall \u00e4r var tionde id\u00e9 anv\u00e4ndbar. Det \u00e4r allts\u00e5 i b\u00e4sta fall.<br \/>\nMen tid \u00e4r ju pengar. I alla fall kostar tid. S\u00e5 har vi r\u00e5d med id\u00e9er? Men hur skall v\u00e5ra skolor kunna forts\u00e4tta att vara bland de b\u00e4sta i Sverige?<\/p>\n<p><b>Har vi r\u00e5d att vara utan id\u00e9er?<\/b><\/p>\n<p><i>Bengt Malm, ordf.<br \/>\n14 oktober 2014<\/i><\/p>\n","protected":false},"excerpt":{"rendered":"<p>F\u00f6rskoll\u00e4rarna hade f\u00e5tt en id\u00e9. Bort med plasten fr\u00e5n m\u00e5ltiderna. L\u00e5t barnen \u00e4ta p\u00e5 riktigt porslin. Men t\u00e4nk om det g\u00e5r s\u00f6nder? D\u00e5 f\u00e5r det v\u00e4l g\u00f6ra det. Vad h\u00e4nde? Barnen var mycket r\u00e4dda om porslinet. L\u00e4rarna fick en annan id\u00e9. Man kunde inreda ett rum med gamla m\u00f6bler. Men t\u00e4nk om barnen hoppar i <a class=\"read-more-link\" href=\"https:\/\/wp.kristdemokraterna.se\/ydre\/2014-10-14-har-vi-rad-med-ideer\/\">L\u00e4s mer<\/a><\/p>\n","protected":false},"author":793,"featured_media":0,"parent":0,"menu_order":0,"comment_status":"closed","ping_status":"closed","template":"","meta":{"_acf_changed":false,"footnotes":""},"class_list":["post-1288","page","type-page","status-publish","hentry"],"acf":[],"yoast_head":"<!-- This site is optimized with the Yoast SEO plugin v27.5 - https:\/\/yoast.com\/product\/yoast-seo-wordpress\/ -->\n<title>2014-10-14 Har vi r\u00e5d med id\u00e9er? - Kristdemokraterna i Ydre<\/title>\n<meta name=\"robots\" content=\"index, follow, max-snippet:-1, max-image-preview:large, max-video-preview:-1\" \/>\n<link rel=\"canonical\" href=\"https:\/\/wp.kristdemokraterna.se\/ydre\/2014-10-14-har-vi-rad-med-ideer\/\" \/>\n<meta property=\"og:locale\" content=\"sv_SE\" \/>\n<meta property=\"og:type\" content=\"article\" \/>\n<meta property=\"og:title\" content=\"2014-10-14 Har vi r\u00e5d med id\u00e9er? - Kristdemokraterna i Ydre\" \/>\n<meta property=\"og:description\" content=\"F\u00f6rskoll\u00e4rarna hade f\u00e5tt en id\u00e9. Bort med plasten fr\u00e5n m\u00e5ltiderna. L\u00e5t barnen \u00e4ta p\u00e5 riktigt porslin. Men t\u00e4nk om det g\u00e5r s\u00f6nder? D\u00e5 f\u00e5r det v\u00e4l g\u00f6ra det. Vad h\u00e4nde? Barnen var mycket r\u00e4dda om porslinet. L\u00e4rarna fick en annan id\u00e9. Man kunde inreda ett rum med gamla m\u00f6bler. Men t\u00e4nk om barnen hoppar i L\u00e4s mer\" \/>\n<meta property=\"og:url\" content=\"https:\/\/wp.kristdemokraterna.se\/ydre\/2014-10-14-har-vi-rad-med-ideer\/\" \/>\n<meta property=\"og:site_name\" content=\"Kristdemokraterna i Ydre\" \/>\n<meta property=\"article:modified_time\" content=\"2018-07-25T19:46:31+00:00\" \/>\n<meta property=\"og:image\" content=\"http:\/\/ydrebo.se\/kd\/veckobrev\/mariannelund1.JPG\" \/>\n<meta name=\"twitter:card\" content=\"summary_large_image\" \/>\n<meta name=\"twitter:label1\" content=\"Ber\u00e4knad l\u00e4stid\" \/>\n\t<meta name=\"twitter:data1\" content=\"2 minuter\" \/>\n<script type=\"application\/ld+json\" class=\"yoast-schema-graph\">{\"@context\":\"https:\\\/\\\/schema.org\",\"@graph\":[{\"@type\":\"WebPage\",\"@id\":\"https:\\\/\\\/wp.kristdemokraterna.se\\\/ydre\\\/2014-10-14-har-vi-rad-med-ideer\\\/\",\"url\":\"https:\\\/\\\/wp.kristdemokraterna.se\\\/ydre\\\/2014-10-14-har-vi-rad-med-ideer\\\/\",\"name\":\"2014-10-14 Har vi r\u00e5d med id\u00e9er? - Kristdemokraterna i Ydre\",\"isPartOf\":{\"@id\":\"https:\\\/\\\/wp.kristdemokraterna.se\\\/ydre\\\/#website\"},\"primaryImageOfPage\":{\"@id\":\"https:\\\/\\\/wp.kristdemokraterna.se\\\/ydre\\\/2014-10-14-har-vi-rad-med-ideer\\\/#primaryimage\"},\"image\":{\"@id\":\"https:\\\/\\\/wp.kristdemokraterna.se\\\/ydre\\\/2014-10-14-har-vi-rad-med-ideer\\\/#primaryimage\"},\"thumbnailUrl\":\"http:\\\/\\\/ydrebo.se\\\/kd\\\/veckobrev\\\/mariannelund1.JPG\",\"datePublished\":\"2018-07-25T19:43:42+00:00\",\"dateModified\":\"2018-07-25T19:46:31+00:00\",\"breadcrumb\":{\"@id\":\"https:\\\/\\\/wp.kristdemokraterna.se\\\/ydre\\\/2014-10-14-har-vi-rad-med-ideer\\\/#breadcrumb\"},\"inLanguage\":\"sv-SE\",\"potentialAction\":[{\"@type\":\"ReadAction\",\"target\":[\"https:\\\/\\\/wp.kristdemokraterna.se\\\/ydre\\\/2014-10-14-har-vi-rad-med-ideer\\\/\"]}]},{\"@type\":\"ImageObject\",\"inLanguage\":\"sv-SE\",\"@id\":\"https:\\\/\\\/wp.kristdemokraterna.se\\\/ydre\\\/2014-10-14-har-vi-rad-med-ideer\\\/#primaryimage\",\"url\":\"http:\\\/\\\/ydrebo.se\\\/kd\\\/veckobrev\\\/mariannelund1.JPG\",\"contentUrl\":\"http:\\\/\\\/ydrebo.se\\\/kd\\\/veckobrev\\\/mariannelund1.JPG\"},{\"@type\":\"BreadcrumbList\",\"@id\":\"https:\\\/\\\/wp.kristdemokraterna.se\\\/ydre\\\/2014-10-14-har-vi-rad-med-ideer\\\/#breadcrumb\",\"itemListElement\":[{\"@type\":\"ListItem\",\"position\":1,\"name\":\"Hem\",\"item\":\"https:\\\/\\\/wp.kristdemokraterna.se\\\/ydre\\\/\"},{\"@type\":\"ListItem\",\"position\":2,\"name\":\"2014-10-14 Har vi r\u00e5d med id\u00e9er?\"}]},{\"@type\":\"WebSite\",\"@id\":\"https:\\\/\\\/wp.kristdemokraterna.se\\\/ydre\\\/#website\",\"url\":\"https:\\\/\\\/wp.kristdemokraterna.se\\\/ydre\\\/\",\"name\":\"Kristdemokraterna i Ydre\",\"description\":\"En till Kristdemokraterna webbplats\",\"inLanguage\":\"sv-SE\"}]}<\/script>\n<!-- \/ Yoast SEO plugin. -->","yoast_head_json":{"title":"2014-10-14 Har vi r\u00e5d med id\u00e9er? - Kristdemokraterna i Ydre","robots":{"index":"index","follow":"follow","max-snippet":"max-snippet:-1","max-image-preview":"max-image-preview:large","max-video-preview":"max-video-preview:-1"},"canonical":"https:\/\/wp.kristdemokraterna.se\/ydre\/2014-10-14-har-vi-rad-med-ideer\/","og_locale":"sv_SE","og_type":"article","og_title":"2014-10-14 Har vi r\u00e5d med id\u00e9er? - Kristdemokraterna i Ydre","og_description":"F\u00f6rskoll\u00e4rarna hade f\u00e5tt en id\u00e9. Bort med plasten fr\u00e5n m\u00e5ltiderna. L\u00e5t barnen \u00e4ta p\u00e5 riktigt porslin. Men t\u00e4nk om det g\u00e5r s\u00f6nder? D\u00e5 f\u00e5r det v\u00e4l g\u00f6ra det. Vad h\u00e4nde? Barnen var mycket r\u00e4dda om porslinet. L\u00e4rarna fick en annan id\u00e9. Man kunde inreda ett rum med gamla m\u00f6bler. Men t\u00e4nk om barnen hoppar i L\u00e4s mer","og_url":"https:\/\/wp.kristdemokraterna.se\/ydre\/2014-10-14-har-vi-rad-med-ideer\/","og_site_name":"Kristdemokraterna i Ydre","article_modified_time":"2018-07-25T19:46:31+00:00","og_image":[{"url":"http:\/\/ydrebo.se\/kd\/veckobrev\/mariannelund1.JPG","type":"","width":"","height":""}],"twitter_card":"summary_large_image","twitter_misc":{"Ber\u00e4knad l\u00e4stid":"2 minuter"},"schema":{"@context":"https:\/\/schema.org","@graph":[{"@type":"WebPage","@id":"https:\/\/wp.kristdemokraterna.se\/ydre\/2014-10-14-har-vi-rad-med-ideer\/","url":"https:\/\/wp.kristdemokraterna.se\/ydre\/2014-10-14-har-vi-rad-med-ideer\/","name":"2014-10-14 Har vi r\u00e5d med id\u00e9er? - Kristdemokraterna i Ydre","isPartOf":{"@id":"https:\/\/wp.kristdemokraterna.se\/ydre\/#website"},"primaryImageOfPage":{"@id":"https:\/\/wp.kristdemokraterna.se\/ydre\/2014-10-14-har-vi-rad-med-ideer\/#primaryimage"},"image":{"@id":"https:\/\/wp.kristdemokraterna.se\/ydre\/2014-10-14-har-vi-rad-med-ideer\/#primaryimage"},"thumbnailUrl":"http:\/\/ydrebo.se\/kd\/veckobrev\/mariannelund1.JPG","datePublished":"2018-07-25T19:43:42+00:00","dateModified":"2018-07-25T19:46:31+00:00","breadcrumb":{"@id":"https:\/\/wp.kristdemokraterna.se\/ydre\/2014-10-14-har-vi-rad-med-ideer\/#breadcrumb"},"inLanguage":"sv-SE","potentialAction":[{"@type":"ReadAction","target":["https:\/\/wp.kristdemokraterna.se\/ydre\/2014-10-14-har-vi-rad-med-ideer\/"]}]},{"@type":"ImageObject","inLanguage":"sv-SE","@id":"https:\/\/wp.kristdemokraterna.se\/ydre\/2014-10-14-har-vi-rad-med-ideer\/#primaryimage","url":"http:\/\/ydrebo.se\/kd\/veckobrev\/mariannelund1.JPG","contentUrl":"http:\/\/ydrebo.se\/kd\/veckobrev\/mariannelund1.JPG"},{"@type":"BreadcrumbList","@id":"https:\/\/wp.kristdemokraterna.se\/ydre\/2014-10-14-har-vi-rad-med-ideer\/#breadcrumb","itemListElement":[{"@type":"ListItem","position":1,"name":"Hem","item":"https:\/\/wp.kristdemokraterna.se\/ydre\/"},{"@type":"ListItem","position":2,"name":"2014-10-14 Har vi r\u00e5d med id\u00e9er?"}]},{"@type":"WebSite","@id":"https:\/\/wp.kristdemokraterna.se\/ydre\/#website","url":"https:\/\/wp.kristdemokraterna.se\/ydre\/","name":"Kristdemokraterna i Ydre","description":"En till Kristdemokraterna webbplats","inLanguage":"sv-SE"}]}},"_links":{"self":[{"href":"https:\/\/wp.kristdemokraterna.se\/ydre\/wp-json\/wp\/v2\/pages\/1288","targetHints":{"allow":["GET"]}}],"collection":[{"href":"https:\/\/wp.kristdemokraterna.se\/ydre\/wp-json\/wp\/v2\/pages"}],"about":[{"href":"https:\/\/wp.kristdemokraterna.se\/ydre\/wp-json\/wp\/v2\/types\/page"}],"author":[{"embeddable":true,"href":"https:\/\/wp.kristdemokraterna.se\/ydre\/wp-json\/wp\/v2\/users\/793"}],"replies":[{"embeddable":true,"href":"https:\/\/wp.kristdemokraterna.se\/ydre\/wp-json\/wp\/v2\/comments?post=1288"}],"version-history":[{"count":4,"href":"https:\/\/wp.kristdemokraterna.se\/ydre\/wp-json\/wp\/v2\/pages\/1288\/revisions"}],"predecessor-version":[{"id":1292,"href":"https:\/\/wp.kristdemokraterna.se\/ydre\/wp-json\/wp\/v2\/pages\/1288\/revisions\/1292"}],"wp:attachment":[{"href":"https:\/\/wp.kristdemokraterna.se\/ydre\/wp-json\/wp\/v2\/media?parent=1288"}],"curies":[{"name":"wp","href":"https:\/\/api.w.org\/{rel}","templated":true}]}}