{"id":1298,"date":"2018-07-25T21:51:01","date_gmt":"2018-07-25T19:51:01","guid":{"rendered":"http:\/\/wp.kristdemokraterna.se\/ydre\/?page_id=1298"},"modified":"2018-07-25T21:51:55","modified_gmt":"2018-07-25T19:51:55","slug":"2014-10-28-far-det-vara-sommar-i-manniskornas-liv","status":"publish","type":"page","link":"https:\/\/wp.kristdemokraterna.se\/ydre\/2014-10-28-far-det-vara-sommar-i-manniskornas-liv\/","title":{"rendered":"2014-10-28 F\u00e5r det vara sommar i m\u00e4nniskornas liv?"},"content":{"rendered":"<p>Solen lyser och det \u00e4r en mild h\u00f6stdag. Men tr\u00e4den har tappat se flesta l\u00f6ven och kallare v\u00e4der s\u00e4gs vara p\u00e5 v\u00e4g.<br \/>\n\u00c4nd\u00e5 r\u00e4knar vi med att det kommer en ny v\u00e5r och en ny sommar efter vintern. Men hur \u00e4r det i m\u00e4nniskornas liv? Finns det n\u00e5gon sommar d\u00e4r ibland? Kan det finnas sommar? Ja,\u00a0<i>f\u00e5r<\/i>\u00a0det finnas sommar?<\/p>\n<p><img loading=\"lazy\" decoding=\"async\" src=\"http:\/\/ydrebo.se\/kd\/veckobrev\/torpasjon.JPG\" width=\"600\" height=\"460\" \/><br \/>\n<i>Sommar vid Torpasj\u00f6n (en av Sommens m\u00e5nga fj\u00e4rdar)<\/p>\n<p><\/i>Somliga uttrycker sig som om frost i m\u00e4nniskors liv och relationer \u00e4r det normala. I b\u00f6cker, sk\u00e5despel och filmer kan mis\u00e4r och utanf\u00f6rskap skildras s\u00e5 att det n\u00e4stan verkar heroiskt.<br \/>\nDenna livs\u00e5sk\u00e5dning har praktisk betydelse. F\u00f6r inte l\u00e4nge sedan l\u00e4ste jag en bok av en mycket uppburen och prisbel\u00f6nt l\u00e4rare. Hon tyckte inte alls om att l\u00e4roplanen f\u00f6reskriver att skolan skall fr\u00e4mja en harmonisk utveckling hos eleverna. &#8221;Vad \u00e4r en harmonisk utveckling?&#8221; undrade hon. Det \u00e4r som om hon tvivlade p\u00e5 att en s\u00e5dan\u00a0<i>kan<\/i>\u00a0finnas och ens\u00a0<i>b\u00f6r<\/i>\u00a0finnas.<br \/>\nEtt budskap fr\u00e5n de h\u00e4r pj\u00e4serna, b\u00f6ckerna och filmerna \u00e4r att det inte \u00e4r\u00a0<i>r\u00e4tt<\/i>\u00a0att n\u00e5gon upplever lycka n\u00e4r andra lever i en mis\u00e4r som de kanske inte ens\u00a0<i>vill<\/i>\u00a0komma ur. Det \u00e4r som n\u00e5gon uttryckt som om helvetet har vetor\u00e4tt mot himlen.<br \/>\nNyligen l\u00e4ste jag om en ton\u00e5ring som inte sk\u00f6tte sina studier. Visst gjorde han sina f\u00f6r\u00e4ldrar besvikna. Men han hade 30 klasskamrater och deras \u00e5sikt betydde mer. Det var viktigt att g\u00e5 med kamraterna \u00e4ven om det gick raka v\u00e4gen till utanf\u00f6rskap.<br \/>\nMen varje blomma som lyser (\u00e4ven nu p\u00e5 h\u00f6sten), varje fj\u00e4ril som fladdrar, varje f\u00e5gel som sjunger och varje barn som skrattar \u00e4r ett bevis f\u00f6r att denna livs\u00e5sk\u00e5dning har fel. Helvetet har inte vetor\u00e4tt mot himlen. Det\u00a0<i>\u00e4r<\/i>\u00a0r\u00e4tt att f\u00f6rb\u00e4ttra f\u00f6r m\u00e4nniskorna omkring oss.<\/p>\n<p><img loading=\"lazy\" decoding=\"async\" src=\"http:\/\/ydrebo.se\/kd\/veckobrev\/fjaril.JPG\" width=\"600\" height=\"461\" \/><\/p>\n<p><i>Bengt Malm, ordf.<br \/>\n28 oktober 2014<\/i><\/p>\n","protected":false},"excerpt":{"rendered":"<p>Solen lyser och det \u00e4r en mild h\u00f6stdag. Men tr\u00e4den har tappat se flesta l\u00f6ven och kallare v\u00e4der s\u00e4gs vara p\u00e5 v\u00e4g. \u00c4nd\u00e5 r\u00e4knar vi med att det kommer en ny v\u00e5r och en ny sommar efter vintern. Men hur \u00e4r det i m\u00e4nniskornas liv? Finns det n\u00e5gon sommar d\u00e4r ibland? Kan det finnas sommar? <a class=\"read-more-link\" href=\"https:\/\/wp.kristdemokraterna.se\/ydre\/2014-10-28-far-det-vara-sommar-i-manniskornas-liv\/\">L\u00e4s mer<\/a><\/p>\n","protected":false},"author":793,"featured_media":0,"parent":0,"menu_order":0,"comment_status":"closed","ping_status":"closed","template":"","meta":{"_acf_changed":false,"footnotes":""},"class_list":["post-1298","page","type-page","status-publish","hentry"],"acf":[],"yoast_head":"<!-- This site is optimized with the Yoast SEO plugin v27.5 - https:\/\/yoast.com\/product\/yoast-seo-wordpress\/ -->\n<title>2014-10-28 F\u00e5r det vara sommar i m\u00e4nniskornas liv? - Kristdemokraterna i Ydre<\/title>\n<meta name=\"robots\" content=\"index, follow, max-snippet:-1, max-image-preview:large, max-video-preview:-1\" \/>\n<link rel=\"canonical\" href=\"https:\/\/wp.kristdemokraterna.se\/ydre\/2014-10-28-far-det-vara-sommar-i-manniskornas-liv\/\" \/>\n<meta property=\"og:locale\" content=\"sv_SE\" \/>\n<meta property=\"og:type\" content=\"article\" \/>\n<meta property=\"og:title\" content=\"2014-10-28 F\u00e5r det vara sommar i m\u00e4nniskornas liv? - Kristdemokraterna i Ydre\" \/>\n<meta property=\"og:description\" content=\"Solen lyser och det \u00e4r en mild h\u00f6stdag. Men tr\u00e4den har tappat se flesta l\u00f6ven och kallare v\u00e4der s\u00e4gs vara p\u00e5 v\u00e4g. \u00c4nd\u00e5 r\u00e4knar vi med att det kommer en ny v\u00e5r och en ny sommar efter vintern. Men hur \u00e4r det i m\u00e4nniskornas liv? Finns det n\u00e5gon sommar d\u00e4r ibland? Kan det finnas sommar? L\u00e4s mer\" \/>\n<meta property=\"og:url\" content=\"https:\/\/wp.kristdemokraterna.se\/ydre\/2014-10-28-far-det-vara-sommar-i-manniskornas-liv\/\" \/>\n<meta property=\"og:site_name\" content=\"Kristdemokraterna i Ydre\" \/>\n<meta property=\"article:modified_time\" content=\"2018-07-25T19:51:55+00:00\" \/>\n<meta property=\"og:image\" content=\"http:\/\/ydrebo.se\/kd\/veckobrev\/torpasjon.JPG\" \/>\n<meta name=\"twitter:card\" content=\"summary_large_image\" \/>\n<meta name=\"twitter:label1\" content=\"Ber\u00e4knad l\u00e4stid\" \/>\n\t<meta name=\"twitter:data1\" content=\"2 minuter\" \/>\n<script type=\"application\/ld+json\" class=\"yoast-schema-graph\">{\"@context\":\"https:\\\/\\\/schema.org\",\"@graph\":[{\"@type\":\"WebPage\",\"@id\":\"https:\\\/\\\/wp.kristdemokraterna.se\\\/ydre\\\/2014-10-28-far-det-vara-sommar-i-manniskornas-liv\\\/\",\"url\":\"https:\\\/\\\/wp.kristdemokraterna.se\\\/ydre\\\/2014-10-28-far-det-vara-sommar-i-manniskornas-liv\\\/\",\"name\":\"2014-10-28 F\u00e5r det vara sommar i m\u00e4nniskornas liv? - Kristdemokraterna i Ydre\",\"isPartOf\":{\"@id\":\"https:\\\/\\\/wp.kristdemokraterna.se\\\/ydre\\\/#website\"},\"primaryImageOfPage\":{\"@id\":\"https:\\\/\\\/wp.kristdemokraterna.se\\\/ydre\\\/2014-10-28-far-det-vara-sommar-i-manniskornas-liv\\\/#primaryimage\"},\"image\":{\"@id\":\"https:\\\/\\\/wp.kristdemokraterna.se\\\/ydre\\\/2014-10-28-far-det-vara-sommar-i-manniskornas-liv\\\/#primaryimage\"},\"thumbnailUrl\":\"http:\\\/\\\/ydrebo.se\\\/kd\\\/veckobrev\\\/torpasjon.JPG\",\"datePublished\":\"2018-07-25T19:51:01+00:00\",\"dateModified\":\"2018-07-25T19:51:55+00:00\",\"breadcrumb\":{\"@id\":\"https:\\\/\\\/wp.kristdemokraterna.se\\\/ydre\\\/2014-10-28-far-det-vara-sommar-i-manniskornas-liv\\\/#breadcrumb\"},\"inLanguage\":\"sv-SE\",\"potentialAction\":[{\"@type\":\"ReadAction\",\"target\":[\"https:\\\/\\\/wp.kristdemokraterna.se\\\/ydre\\\/2014-10-28-far-det-vara-sommar-i-manniskornas-liv\\\/\"]}]},{\"@type\":\"ImageObject\",\"inLanguage\":\"sv-SE\",\"@id\":\"https:\\\/\\\/wp.kristdemokraterna.se\\\/ydre\\\/2014-10-28-far-det-vara-sommar-i-manniskornas-liv\\\/#primaryimage\",\"url\":\"http:\\\/\\\/ydrebo.se\\\/kd\\\/veckobrev\\\/torpasjon.JPG\",\"contentUrl\":\"http:\\\/\\\/ydrebo.se\\\/kd\\\/veckobrev\\\/torpasjon.JPG\"},{\"@type\":\"BreadcrumbList\",\"@id\":\"https:\\\/\\\/wp.kristdemokraterna.se\\\/ydre\\\/2014-10-28-far-det-vara-sommar-i-manniskornas-liv\\\/#breadcrumb\",\"itemListElement\":[{\"@type\":\"ListItem\",\"position\":1,\"name\":\"Hem\",\"item\":\"https:\\\/\\\/wp.kristdemokraterna.se\\\/ydre\\\/\"},{\"@type\":\"ListItem\",\"position\":2,\"name\":\"2014-10-28 F\u00e5r det vara sommar i m\u00e4nniskornas liv?\"}]},{\"@type\":\"WebSite\",\"@id\":\"https:\\\/\\\/wp.kristdemokraterna.se\\\/ydre\\\/#website\",\"url\":\"https:\\\/\\\/wp.kristdemokraterna.se\\\/ydre\\\/\",\"name\":\"Kristdemokraterna i Ydre\",\"description\":\"En till Kristdemokraterna webbplats\",\"inLanguage\":\"sv-SE\"}]}<\/script>\n<!-- \/ Yoast SEO plugin. -->","yoast_head_json":{"title":"2014-10-28 F\u00e5r det vara sommar i m\u00e4nniskornas liv? - Kristdemokraterna i Ydre","robots":{"index":"index","follow":"follow","max-snippet":"max-snippet:-1","max-image-preview":"max-image-preview:large","max-video-preview":"max-video-preview:-1"},"canonical":"https:\/\/wp.kristdemokraterna.se\/ydre\/2014-10-28-far-det-vara-sommar-i-manniskornas-liv\/","og_locale":"sv_SE","og_type":"article","og_title":"2014-10-28 F\u00e5r det vara sommar i m\u00e4nniskornas liv? - Kristdemokraterna i Ydre","og_description":"Solen lyser och det \u00e4r en mild h\u00f6stdag. Men tr\u00e4den har tappat se flesta l\u00f6ven och kallare v\u00e4der s\u00e4gs vara p\u00e5 v\u00e4g. \u00c4nd\u00e5 r\u00e4knar vi med att det kommer en ny v\u00e5r och en ny sommar efter vintern. Men hur \u00e4r det i m\u00e4nniskornas liv? Finns det n\u00e5gon sommar d\u00e4r ibland? Kan det finnas sommar? L\u00e4s mer","og_url":"https:\/\/wp.kristdemokraterna.se\/ydre\/2014-10-28-far-det-vara-sommar-i-manniskornas-liv\/","og_site_name":"Kristdemokraterna i Ydre","article_modified_time":"2018-07-25T19:51:55+00:00","og_image":[{"url":"http:\/\/ydrebo.se\/kd\/veckobrev\/torpasjon.JPG","type":"","width":"","height":""}],"twitter_card":"summary_large_image","twitter_misc":{"Ber\u00e4knad l\u00e4stid":"2 minuter"},"schema":{"@context":"https:\/\/schema.org","@graph":[{"@type":"WebPage","@id":"https:\/\/wp.kristdemokraterna.se\/ydre\/2014-10-28-far-det-vara-sommar-i-manniskornas-liv\/","url":"https:\/\/wp.kristdemokraterna.se\/ydre\/2014-10-28-far-det-vara-sommar-i-manniskornas-liv\/","name":"2014-10-28 F\u00e5r det vara sommar i m\u00e4nniskornas liv? - Kristdemokraterna i Ydre","isPartOf":{"@id":"https:\/\/wp.kristdemokraterna.se\/ydre\/#website"},"primaryImageOfPage":{"@id":"https:\/\/wp.kristdemokraterna.se\/ydre\/2014-10-28-far-det-vara-sommar-i-manniskornas-liv\/#primaryimage"},"image":{"@id":"https:\/\/wp.kristdemokraterna.se\/ydre\/2014-10-28-far-det-vara-sommar-i-manniskornas-liv\/#primaryimage"},"thumbnailUrl":"http:\/\/ydrebo.se\/kd\/veckobrev\/torpasjon.JPG","datePublished":"2018-07-25T19:51:01+00:00","dateModified":"2018-07-25T19:51:55+00:00","breadcrumb":{"@id":"https:\/\/wp.kristdemokraterna.se\/ydre\/2014-10-28-far-det-vara-sommar-i-manniskornas-liv\/#breadcrumb"},"inLanguage":"sv-SE","potentialAction":[{"@type":"ReadAction","target":["https:\/\/wp.kristdemokraterna.se\/ydre\/2014-10-28-far-det-vara-sommar-i-manniskornas-liv\/"]}]},{"@type":"ImageObject","inLanguage":"sv-SE","@id":"https:\/\/wp.kristdemokraterna.se\/ydre\/2014-10-28-far-det-vara-sommar-i-manniskornas-liv\/#primaryimage","url":"http:\/\/ydrebo.se\/kd\/veckobrev\/torpasjon.JPG","contentUrl":"http:\/\/ydrebo.se\/kd\/veckobrev\/torpasjon.JPG"},{"@type":"BreadcrumbList","@id":"https:\/\/wp.kristdemokraterna.se\/ydre\/2014-10-28-far-det-vara-sommar-i-manniskornas-liv\/#breadcrumb","itemListElement":[{"@type":"ListItem","position":1,"name":"Hem","item":"https:\/\/wp.kristdemokraterna.se\/ydre\/"},{"@type":"ListItem","position":2,"name":"2014-10-28 F\u00e5r det vara sommar i m\u00e4nniskornas liv?"}]},{"@type":"WebSite","@id":"https:\/\/wp.kristdemokraterna.se\/ydre\/#website","url":"https:\/\/wp.kristdemokraterna.se\/ydre\/","name":"Kristdemokraterna i Ydre","description":"En till Kristdemokraterna webbplats","inLanguage":"sv-SE"}]}},"_links":{"self":[{"href":"https:\/\/wp.kristdemokraterna.se\/ydre\/wp-json\/wp\/v2\/pages\/1298","targetHints":{"allow":["GET"]}}],"collection":[{"href":"https:\/\/wp.kristdemokraterna.se\/ydre\/wp-json\/wp\/v2\/pages"}],"about":[{"href":"https:\/\/wp.kristdemokraterna.se\/ydre\/wp-json\/wp\/v2\/types\/page"}],"author":[{"embeddable":true,"href":"https:\/\/wp.kristdemokraterna.se\/ydre\/wp-json\/wp\/v2\/users\/793"}],"replies":[{"embeddable":true,"href":"https:\/\/wp.kristdemokraterna.se\/ydre\/wp-json\/wp\/v2\/comments?post=1298"}],"version-history":[{"count":2,"href":"https:\/\/wp.kristdemokraterna.se\/ydre\/wp-json\/wp\/v2\/pages\/1298\/revisions"}],"predecessor-version":[{"id":1300,"href":"https:\/\/wp.kristdemokraterna.se\/ydre\/wp-json\/wp\/v2\/pages\/1298\/revisions\/1300"}],"wp:attachment":[{"href":"https:\/\/wp.kristdemokraterna.se\/ydre\/wp-json\/wp\/v2\/media?parent=1298"}],"curies":[{"name":"wp","href":"https:\/\/api.w.org\/{rel}","templated":true}]}}