{"id":1302,"date":"2018-07-25T21:54:22","date_gmt":"2018-07-25T19:54:22","guid":{"rendered":"http:\/\/wp.kristdemokraterna.se\/ydre\/?page_id=1302"},"modified":"2018-07-25T21:56:17","modified_gmt":"2018-07-25T19:56:17","slug":"2014-11-05-jatten-bule-i-farten","status":"publish","type":"page","link":"https:\/\/wp.kristdemokraterna.se\/ydre\/2014-11-05-jatten-bule-i-farten\/","title":{"rendered":"2014-11-05 J\u00e4tten Bule i farten"},"content":{"rendered":"<p>I helgen gick J\u00e4tten Bule-l\u00f6pet. Det var en kort str\u00e4cka f\u00f6r barn (runt elljussp\u00e5ret utanf\u00f6r \u00d6sterbymo), ett lopp p\u00e5 5 km och det stora loppet p\u00e5 10 km. S\u00e4rskilt milloppet gick genom en fantastisk och omv\u00e4xlande terr\u00e4ng. Man b\u00f6r helst g\u00e5 och inte springa runt banan f\u00f6r att kunna njuta av utsikterna.<\/p>\n<p><img loading=\"lazy\" decoding=\"async\" src=\"http:\/\/ydrebo.se\/kd\/veckobrev\/kronika141105\/skog.JPG\" width=\"600\" height=\"450\" \/><br \/>\n<i>I j\u00e4tten Bules sp\u00e5r<\/p>\n<p><\/i>V\u00e5ra samh\u00e4llen har en natursk\u00f6n omgivning. Det finns stigar och vandringsleder (bl.a. \u00d6stg\u00f6taleden). Detta m\u00e5ste vi vidmakth\u00e5lla.<\/p>\n<p><img loading=\"lazy\" decoding=\"async\" src=\"http:\/\/ydrebo.se\/kd\/veckobrev\/kronika141105\/ukreda.JPG\" width=\"600\" height=\"450\" \/><br \/>\n<i>Loppen gick i skogen p\u00e5 andra sidan samh\u00e4llet<\/p>\n<p><\/i>J\u00e4tten Bule-l\u00f6pet g\u00e5r en g\u00e5ng om \u00e5ret. Men hela \u00e5ret kan man r\u00f6ra sig i markerna. Det \u00e4r givande p\u00e5 m\u00e5nga s\u00e4tt och naturligtvis h\u00e4lsosamt. Det f\u00e5r betraktas som friskv\u00e5rd.<\/p>\n<p><img loading=\"lazy\" decoding=\"async\" src=\"http:\/\/ydrebo.se\/kd\/veckobrev\/kronika141105\/skogssjo.JPG\" width=\"600\" height=\"450\" \/><br \/>\n<i>Det finns m\u00e5nga stigar i skogarna<\/p>\n<p><\/i>Man kan ocks\u00e5 g\u00e5 l\u00e4ngs v\u00e4garna och se v\u00e5rt vackra kulturlandskap med ur\u00e5ldriga anor (det finns massor av fornminnen).<\/p>\n<p><img loading=\"lazy\" decoding=\"async\" src=\"http:\/\/ydrebo.se\/kd\/veckobrev\/kronika141105\/ukreda2.JPG\" width=\"600\" height=\"450\" \/><br \/>\n<i>Under tusentals \u00e5r har m\u00e4nniskorna skapat detta kulturlandskap<\/p>\n<p><\/i>Eftersom v\u00e5ra samh\u00e4llen \u00e4r sm\u00e5 har vi n\u00e4ra till omgivningarna. Men ocks\u00e5 inne i orterna m\u00e5ste vi g\u00f6ra milj\u00f6n inbjudande och v\u00e4nlig.<\/p>\n<p><img loading=\"lazy\" decoding=\"async\" src=\"http:\/\/ydrebo.se\/kd\/veckobrev\/kronika141105\/ukreda3.JPG\" width=\"600\" height=\"450\" \/><br \/>\n<i>Hur m\u00e5nga centralorter har en s\u00e5dan omgivning?<\/p>\n<p><\/i>Vi m\u00e5ste ha r\u00e5d med friskv\u00e5rd. Dit h\u00f6r ocks\u00e5 att idrotten m\u00e5ste st\u00f6djas. F\u00f6r det ut\u00f6vas mycken annan idrott ocks\u00e5 i v\u00e5r kommun. Idrottsf\u00f6reningarnas l\u00e4gger ner mycket arbete. Det har vi att st\u00f6dja och uppmuntra. Vad betyder det inte f\u00f6r v\u00e5ra ungdomar!<\/p>\n<p><img loading=\"lazy\" decoding=\"async\" src=\"http:\/\/ydrebo.se\/kd\/veckobrev\/kronika141105\/bulevallen.JPG\" width=\"600\" height=\"462\" \/><br \/>\n<i>En segrare p\u00e5 v\u00e4g mot m\u00e5l p\u00e5 Bulevallen.<\/p>\n<p><\/i>Kommunens situation inneb\u00e4r m\u00e5nga utmaningar. Men visst finns det utv\u00e4gar!<\/p>\n<p><img loading=\"lazy\" decoding=\"async\" src=\"http:\/\/ydrebo.se\/kd\/veckobrev\/kronika141105\/osterfors.JPG\" width=\"600\" height=\"450\" \/><br \/>\n<i>Det g\u00e5r alltid att komma fram p\u00e5 n\u00e5got s\u00e4tt<\/p>\n<p><\/i><i>Bengt Malm, ordf.<br \/>\n5 november 2014<\/i><\/p>\n","protected":false},"excerpt":{"rendered":"<p>I helgen gick J\u00e4tten Bule-l\u00f6pet. Det var en kort str\u00e4cka f\u00f6r barn (runt elljussp\u00e5ret utanf\u00f6r \u00d6sterbymo), ett lopp p\u00e5 5 km och det stora loppet p\u00e5 10 km. S\u00e4rskilt milloppet gick genom en fantastisk och omv\u00e4xlande terr\u00e4ng. Man b\u00f6r helst g\u00e5 och inte springa runt banan f\u00f6r att kunna njuta av utsikterna. I j\u00e4tten Bules <a class=\"read-more-link\" href=\"https:\/\/wp.kristdemokraterna.se\/ydre\/2014-11-05-jatten-bule-i-farten\/\">L\u00e4s mer<\/a><\/p>\n","protected":false},"author":793,"featured_media":0,"parent":0,"menu_order":0,"comment_status":"closed","ping_status":"closed","template":"","meta":{"_acf_changed":false,"footnotes":""},"class_list":["post-1302","page","type-page","status-publish","hentry"],"acf":[],"yoast_head":"<!-- This site is optimized with the Yoast SEO plugin v27.5 - https:\/\/yoast.com\/product\/yoast-seo-wordpress\/ -->\n<title>2014-11-05 J\u00e4tten Bule i farten - Kristdemokraterna i Ydre<\/title>\n<meta name=\"robots\" content=\"index, follow, max-snippet:-1, max-image-preview:large, max-video-preview:-1\" \/>\n<link rel=\"canonical\" href=\"https:\/\/wp.kristdemokraterna.se\/ydre\/2014-11-05-jatten-bule-i-farten\/\" \/>\n<meta property=\"og:locale\" content=\"sv_SE\" \/>\n<meta property=\"og:type\" content=\"article\" \/>\n<meta property=\"og:title\" content=\"2014-11-05 J\u00e4tten Bule i farten - Kristdemokraterna i Ydre\" \/>\n<meta property=\"og:description\" content=\"I helgen gick J\u00e4tten Bule-l\u00f6pet. Det var en kort str\u00e4cka f\u00f6r barn (runt elljussp\u00e5ret utanf\u00f6r \u00d6sterbymo), ett lopp p\u00e5 5 km och det stora loppet p\u00e5 10 km. S\u00e4rskilt milloppet gick genom en fantastisk och omv\u00e4xlande terr\u00e4ng. Man b\u00f6r helst g\u00e5 och inte springa runt banan f\u00f6r att kunna njuta av utsikterna. I j\u00e4tten Bules L\u00e4s mer\" \/>\n<meta property=\"og:url\" content=\"https:\/\/wp.kristdemokraterna.se\/ydre\/2014-11-05-jatten-bule-i-farten\/\" \/>\n<meta property=\"og:site_name\" content=\"Kristdemokraterna i Ydre\" \/>\n<meta property=\"article:modified_time\" content=\"2018-07-25T19:56:17+00:00\" \/>\n<meta property=\"og:image\" content=\"http:\/\/ydrebo.se\/kd\/veckobrev\/kronika141105\/skog.JPG\" \/>\n<meta name=\"twitter:card\" content=\"summary_large_image\" \/>\n<meta name=\"twitter:label1\" content=\"Ber\u00e4knad l\u00e4stid\" \/>\n\t<meta name=\"twitter:data1\" content=\"2 minuter\" \/>\n<script type=\"application\/ld+json\" class=\"yoast-schema-graph\">{\"@context\":\"https:\\\/\\\/schema.org\",\"@graph\":[{\"@type\":\"WebPage\",\"@id\":\"https:\\\/\\\/wp.kristdemokraterna.se\\\/ydre\\\/2014-11-05-jatten-bule-i-farten\\\/\",\"url\":\"https:\\\/\\\/wp.kristdemokraterna.se\\\/ydre\\\/2014-11-05-jatten-bule-i-farten\\\/\",\"name\":\"2014-11-05 J\u00e4tten Bule i farten - Kristdemokraterna i Ydre\",\"isPartOf\":{\"@id\":\"https:\\\/\\\/wp.kristdemokraterna.se\\\/ydre\\\/#website\"},\"primaryImageOfPage\":{\"@id\":\"https:\\\/\\\/wp.kristdemokraterna.se\\\/ydre\\\/2014-11-05-jatten-bule-i-farten\\\/#primaryimage\"},\"image\":{\"@id\":\"https:\\\/\\\/wp.kristdemokraterna.se\\\/ydre\\\/2014-11-05-jatten-bule-i-farten\\\/#primaryimage\"},\"thumbnailUrl\":\"http:\\\/\\\/ydrebo.se\\\/kd\\\/veckobrev\\\/kronika141105\\\/skog.JPG\",\"datePublished\":\"2018-07-25T19:54:22+00:00\",\"dateModified\":\"2018-07-25T19:56:17+00:00\",\"breadcrumb\":{\"@id\":\"https:\\\/\\\/wp.kristdemokraterna.se\\\/ydre\\\/2014-11-05-jatten-bule-i-farten\\\/#breadcrumb\"},\"inLanguage\":\"sv-SE\",\"potentialAction\":[{\"@type\":\"ReadAction\",\"target\":[\"https:\\\/\\\/wp.kristdemokraterna.se\\\/ydre\\\/2014-11-05-jatten-bule-i-farten\\\/\"]}]},{\"@type\":\"ImageObject\",\"inLanguage\":\"sv-SE\",\"@id\":\"https:\\\/\\\/wp.kristdemokraterna.se\\\/ydre\\\/2014-11-05-jatten-bule-i-farten\\\/#primaryimage\",\"url\":\"http:\\\/\\\/ydrebo.se\\\/kd\\\/veckobrev\\\/kronika141105\\\/skog.JPG\",\"contentUrl\":\"http:\\\/\\\/ydrebo.se\\\/kd\\\/veckobrev\\\/kronika141105\\\/skog.JPG\"},{\"@type\":\"BreadcrumbList\",\"@id\":\"https:\\\/\\\/wp.kristdemokraterna.se\\\/ydre\\\/2014-11-05-jatten-bule-i-farten\\\/#breadcrumb\",\"itemListElement\":[{\"@type\":\"ListItem\",\"position\":1,\"name\":\"Hem\",\"item\":\"https:\\\/\\\/wp.kristdemokraterna.se\\\/ydre\\\/\"},{\"@type\":\"ListItem\",\"position\":2,\"name\":\"2014-11-05 J\u00e4tten Bule i farten\"}]},{\"@type\":\"WebSite\",\"@id\":\"https:\\\/\\\/wp.kristdemokraterna.se\\\/ydre\\\/#website\",\"url\":\"https:\\\/\\\/wp.kristdemokraterna.se\\\/ydre\\\/\",\"name\":\"Kristdemokraterna i Ydre\",\"description\":\"En till Kristdemokraterna webbplats\",\"inLanguage\":\"sv-SE\"}]}<\/script>\n<!-- \/ Yoast SEO plugin. -->","yoast_head_json":{"title":"2014-11-05 J\u00e4tten Bule i farten - Kristdemokraterna i Ydre","robots":{"index":"index","follow":"follow","max-snippet":"max-snippet:-1","max-image-preview":"max-image-preview:large","max-video-preview":"max-video-preview:-1"},"canonical":"https:\/\/wp.kristdemokraterna.se\/ydre\/2014-11-05-jatten-bule-i-farten\/","og_locale":"sv_SE","og_type":"article","og_title":"2014-11-05 J\u00e4tten Bule i farten - Kristdemokraterna i Ydre","og_description":"I helgen gick J\u00e4tten Bule-l\u00f6pet. Det var en kort str\u00e4cka f\u00f6r barn (runt elljussp\u00e5ret utanf\u00f6r \u00d6sterbymo), ett lopp p\u00e5 5 km och det stora loppet p\u00e5 10 km. S\u00e4rskilt milloppet gick genom en fantastisk och omv\u00e4xlande terr\u00e4ng. Man b\u00f6r helst g\u00e5 och inte springa runt banan f\u00f6r att kunna njuta av utsikterna. I j\u00e4tten Bules L\u00e4s mer","og_url":"https:\/\/wp.kristdemokraterna.se\/ydre\/2014-11-05-jatten-bule-i-farten\/","og_site_name":"Kristdemokraterna i Ydre","article_modified_time":"2018-07-25T19:56:17+00:00","og_image":[{"url":"http:\/\/ydrebo.se\/kd\/veckobrev\/kronika141105\/skog.JPG","type":"","width":"","height":""}],"twitter_card":"summary_large_image","twitter_misc":{"Ber\u00e4knad l\u00e4stid":"2 minuter"},"schema":{"@context":"https:\/\/schema.org","@graph":[{"@type":"WebPage","@id":"https:\/\/wp.kristdemokraterna.se\/ydre\/2014-11-05-jatten-bule-i-farten\/","url":"https:\/\/wp.kristdemokraterna.se\/ydre\/2014-11-05-jatten-bule-i-farten\/","name":"2014-11-05 J\u00e4tten Bule i farten - Kristdemokraterna i Ydre","isPartOf":{"@id":"https:\/\/wp.kristdemokraterna.se\/ydre\/#website"},"primaryImageOfPage":{"@id":"https:\/\/wp.kristdemokraterna.se\/ydre\/2014-11-05-jatten-bule-i-farten\/#primaryimage"},"image":{"@id":"https:\/\/wp.kristdemokraterna.se\/ydre\/2014-11-05-jatten-bule-i-farten\/#primaryimage"},"thumbnailUrl":"http:\/\/ydrebo.se\/kd\/veckobrev\/kronika141105\/skog.JPG","datePublished":"2018-07-25T19:54:22+00:00","dateModified":"2018-07-25T19:56:17+00:00","breadcrumb":{"@id":"https:\/\/wp.kristdemokraterna.se\/ydre\/2014-11-05-jatten-bule-i-farten\/#breadcrumb"},"inLanguage":"sv-SE","potentialAction":[{"@type":"ReadAction","target":["https:\/\/wp.kristdemokraterna.se\/ydre\/2014-11-05-jatten-bule-i-farten\/"]}]},{"@type":"ImageObject","inLanguage":"sv-SE","@id":"https:\/\/wp.kristdemokraterna.se\/ydre\/2014-11-05-jatten-bule-i-farten\/#primaryimage","url":"http:\/\/ydrebo.se\/kd\/veckobrev\/kronika141105\/skog.JPG","contentUrl":"http:\/\/ydrebo.se\/kd\/veckobrev\/kronika141105\/skog.JPG"},{"@type":"BreadcrumbList","@id":"https:\/\/wp.kristdemokraterna.se\/ydre\/2014-11-05-jatten-bule-i-farten\/#breadcrumb","itemListElement":[{"@type":"ListItem","position":1,"name":"Hem","item":"https:\/\/wp.kristdemokraterna.se\/ydre\/"},{"@type":"ListItem","position":2,"name":"2014-11-05 J\u00e4tten Bule i farten"}]},{"@type":"WebSite","@id":"https:\/\/wp.kristdemokraterna.se\/ydre\/#website","url":"https:\/\/wp.kristdemokraterna.se\/ydre\/","name":"Kristdemokraterna i Ydre","description":"En till Kristdemokraterna webbplats","inLanguage":"sv-SE"}]}},"_links":{"self":[{"href":"https:\/\/wp.kristdemokraterna.se\/ydre\/wp-json\/wp\/v2\/pages\/1302","targetHints":{"allow":["GET"]}}],"collection":[{"href":"https:\/\/wp.kristdemokraterna.se\/ydre\/wp-json\/wp\/v2\/pages"}],"about":[{"href":"https:\/\/wp.kristdemokraterna.se\/ydre\/wp-json\/wp\/v2\/types\/page"}],"author":[{"embeddable":true,"href":"https:\/\/wp.kristdemokraterna.se\/ydre\/wp-json\/wp\/v2\/users\/793"}],"replies":[{"embeddable":true,"href":"https:\/\/wp.kristdemokraterna.se\/ydre\/wp-json\/wp\/v2\/comments?post=1302"}],"version-history":[{"count":3,"href":"https:\/\/wp.kristdemokraterna.se\/ydre\/wp-json\/wp\/v2\/pages\/1302\/revisions"}],"predecessor-version":[{"id":1305,"href":"https:\/\/wp.kristdemokraterna.se\/ydre\/wp-json\/wp\/v2\/pages\/1302\/revisions\/1305"}],"wp:attachment":[{"href":"https:\/\/wp.kristdemokraterna.se\/ydre\/wp-json\/wp\/v2\/media?parent=1302"}],"curies":[{"name":"wp","href":"https:\/\/api.w.org\/{rel}","templated":true}]}}