{"id":1308,"date":"2018-07-25T21:58:16","date_gmt":"2018-07-25T19:58:16","guid":{"rendered":"http:\/\/wp.kristdemokraterna.se\/ydre\/?page_id=1308"},"modified":"2018-07-25T22:00:14","modified_gmt":"2018-07-25T20:00:14","slug":"2014-11-11-den-stora-tystnaden","status":"publish","type":"page","link":"https:\/\/wp.kristdemokraterna.se\/ydre\/2014-11-11-den-stora-tystnaden\/","title":{"rendered":"2014-11-11 Den stora tystnaden"},"content":{"rendered":"<p>Tystnad kan vara v\u00e4lg\u00f6rande. Men det \u00e4r \u00e4nd\u00e5 inte alldeles tyst i naturen. Det finns sus fr\u00e5n tr\u00e4den. Det finns porlande vatten. Och s\u00e5 har vi f\u00e5glarna. Och detta finns ocks\u00e5 om vi kommer l\u00e5ngt fr\u00e5n motorbuller och samh\u00e4llenas liv och r\u00f6relse. Och d\u00e4r det finns barn h\u00f6r man dem.<br \/>\nNu har vi haft v\u00e5rt f\u00f6rsta riktiga kommunfullm\u00e4ktigesammantr\u00e4de efter valet (f\u00f6rra g\u00e5ngen valde vi ordf\u00f6rande, tv\u00e5 vice ordf\u00f6randen och valberedning). \u00c4rendena avverkades ganska snabbt. Men det som borde vara bekymmersamt \u00e4r tystnaden fr\u00e5n f\u00f6rslagsst\u00e4llarna.<br \/>\nVi hade f\u00e5tt h\u00f6ra ett f\u00f6rmaningstal fr\u00e5n revisionen eftersom ekonomin \u00e4r usel. Strax efter kom ett f\u00f6rslag att l\u00e5na n\u00e4ra 2,7 millioner kronor f\u00f6r k\u00f6p av ett markomr\u00e5de. Hur stort \u00e4r det? Exakt var ligger det? Vad har man t\u00e4nkt f\u00f6r anv\u00e4ndning? Finns det n\u00e5gon ekonomisk kalkyl? \u00c4r det h\u00e4r det b\u00e4sta omr\u00e5det f\u00f6r detta \u00e4ndam\u00e5l (en ny avfallsanl\u00e4ggning)? Vilka synpunkter har framf\u00f6rts fr\u00e5n bl.a. skolan? Ingenting av detta fanns i de handlingar som kommunfullm\u00e4ktiges ledam\u00f6ter f\u00e5tt. Varf\u00f6r denna tystnad t.o.m. mot ydrebornas valda ombud?<br \/>\nLinda Masman, som \u00e4r kristdemokratisk ers\u00e4ttare i kommunfullm\u00e4ktige, fr\u00e5gade under allm\u00e4nhetens fr\u00e5gestund var man skall f\u00e5 pengarna fr\u00e5n. Svaret blev som sagt att vi f\u00e5r l\u00e5na.<br \/>\n\u00c4r det meningen att kommunfullm\u00e4ktige ofta skall fatta beslut efter s\u00e5 svag information? \u00c4r det meningen att ydreborna skall n\u00f6ja sig med att kommunen styrs p\u00e5 det h\u00e4r s\u00e4ttet?<\/p>\n<p><b>Men &#8211; naturligtvis &#8211; tala \u00e4r silver men tiga \u00e4r guld&#8230;<\/p>\n<p><\/b><img loading=\"lazy\" decoding=\"async\" src=\"http:\/\/ydrebo.se\/kd\/veckobrev\/kronika140724\/torget.JPG\" width=\"600\" height=\"460\" \/><\/p>\n<p><i>Medan vintern n\u00e4rmar sig h\u00e5ller en arbetsgrupp p\u00e5 med att utreda<br \/>\nv\u00e4rdshusets m\u00f6jligheter att fungera i framtiden.<\/p>\n<p><\/i><i>Bengt Malm, ordf.<br \/>\n11 november 2014<\/p>\n<p><\/i>P.S. F\u00f6r att det inte skulle vara s\u00e5 tyst st\u00e4llde jag fr\u00e5gor (att besvaras n\u00e4sta g\u00e5ng) om hur Ydre har kunnat bli bed\u00f6mt som Sveriges s\u00e4msta arbetsgivare p\u00e5 skolans omr\u00e5de. Desutom motionerade jag om en \u00f6versyn av f\u00e4rdtj\u00e4nstreglerna s\u00e5 att det skall bli m\u00f6jligt att utnyttja f\u00e4rdtj\u00e4nst p\u00e5 vardagskv\u00e4llar.<\/p>\n","protected":false},"excerpt":{"rendered":"<p>Tystnad kan vara v\u00e4lg\u00f6rande. Men det \u00e4r \u00e4nd\u00e5 inte alldeles tyst i naturen. Det finns sus fr\u00e5n tr\u00e4den. Det finns porlande vatten. Och s\u00e5 har vi f\u00e5glarna. Och detta finns ocks\u00e5 om vi kommer l\u00e5ngt fr\u00e5n motorbuller och samh\u00e4llenas liv och r\u00f6relse. Och d\u00e4r det finns barn h\u00f6r man dem. Nu har vi haft v\u00e5rt <a class=\"read-more-link\" href=\"https:\/\/wp.kristdemokraterna.se\/ydre\/2014-11-11-den-stora-tystnaden\/\">L\u00e4s mer<\/a><\/p>\n","protected":false},"author":793,"featured_media":0,"parent":0,"menu_order":0,"comment_status":"closed","ping_status":"closed","template":"","meta":{"_acf_changed":false,"footnotes":""},"class_list":["post-1308","page","type-page","status-publish","hentry"],"acf":[],"yoast_head":"<!-- This site is optimized with the Yoast SEO plugin v27.5 - https:\/\/yoast.com\/product\/yoast-seo-wordpress\/ -->\n<title>2014-11-11 Den stora tystnaden - Kristdemokraterna i Ydre<\/title>\n<meta name=\"robots\" content=\"index, follow, max-snippet:-1, max-image-preview:large, max-video-preview:-1\" \/>\n<link rel=\"canonical\" href=\"https:\/\/wp.kristdemokraterna.se\/ydre\/2014-11-11-den-stora-tystnaden\/\" \/>\n<meta property=\"og:locale\" content=\"sv_SE\" \/>\n<meta property=\"og:type\" content=\"article\" \/>\n<meta property=\"og:title\" content=\"2014-11-11 Den stora tystnaden - Kristdemokraterna i Ydre\" \/>\n<meta property=\"og:description\" content=\"Tystnad kan vara v\u00e4lg\u00f6rande. Men det \u00e4r \u00e4nd\u00e5 inte alldeles tyst i naturen. Det finns sus fr\u00e5n tr\u00e4den. Det finns porlande vatten. Och s\u00e5 har vi f\u00e5glarna. Och detta finns ocks\u00e5 om vi kommer l\u00e5ngt fr\u00e5n motorbuller och samh\u00e4llenas liv och r\u00f6relse. Och d\u00e4r det finns barn h\u00f6r man dem. Nu har vi haft v\u00e5rt L\u00e4s mer\" \/>\n<meta property=\"og:url\" content=\"https:\/\/wp.kristdemokraterna.se\/ydre\/2014-11-11-den-stora-tystnaden\/\" \/>\n<meta property=\"og:site_name\" content=\"Kristdemokraterna i Ydre\" \/>\n<meta property=\"article:modified_time\" content=\"2018-07-25T20:00:14+00:00\" \/>\n<meta property=\"og:image\" content=\"http:\/\/ydrebo.se\/kd\/veckobrev\/kronika140724\/torget.JPG\" \/>\n<meta name=\"twitter:card\" content=\"summary_large_image\" \/>\n<meta name=\"twitter:label1\" content=\"Ber\u00e4knad l\u00e4stid\" \/>\n\t<meta name=\"twitter:data1\" content=\"2 minuter\" \/>\n<script type=\"application\/ld+json\" class=\"yoast-schema-graph\">{\"@context\":\"https:\\\/\\\/schema.org\",\"@graph\":[{\"@type\":\"WebPage\",\"@id\":\"https:\\\/\\\/wp.kristdemokraterna.se\\\/ydre\\\/2014-11-11-den-stora-tystnaden\\\/\",\"url\":\"https:\\\/\\\/wp.kristdemokraterna.se\\\/ydre\\\/2014-11-11-den-stora-tystnaden\\\/\",\"name\":\"2014-11-11 Den stora tystnaden - Kristdemokraterna i Ydre\",\"isPartOf\":{\"@id\":\"https:\\\/\\\/wp.kristdemokraterna.se\\\/ydre\\\/#website\"},\"primaryImageOfPage\":{\"@id\":\"https:\\\/\\\/wp.kristdemokraterna.se\\\/ydre\\\/2014-11-11-den-stora-tystnaden\\\/#primaryimage\"},\"image\":{\"@id\":\"https:\\\/\\\/wp.kristdemokraterna.se\\\/ydre\\\/2014-11-11-den-stora-tystnaden\\\/#primaryimage\"},\"thumbnailUrl\":\"http:\\\/\\\/ydrebo.se\\\/kd\\\/veckobrev\\\/kronika140724\\\/torget.JPG\",\"datePublished\":\"2018-07-25T19:58:16+00:00\",\"dateModified\":\"2018-07-25T20:00:14+00:00\",\"breadcrumb\":{\"@id\":\"https:\\\/\\\/wp.kristdemokraterna.se\\\/ydre\\\/2014-11-11-den-stora-tystnaden\\\/#breadcrumb\"},\"inLanguage\":\"sv-SE\",\"potentialAction\":[{\"@type\":\"ReadAction\",\"target\":[\"https:\\\/\\\/wp.kristdemokraterna.se\\\/ydre\\\/2014-11-11-den-stora-tystnaden\\\/\"]}]},{\"@type\":\"ImageObject\",\"inLanguage\":\"sv-SE\",\"@id\":\"https:\\\/\\\/wp.kristdemokraterna.se\\\/ydre\\\/2014-11-11-den-stora-tystnaden\\\/#primaryimage\",\"url\":\"http:\\\/\\\/ydrebo.se\\\/kd\\\/veckobrev\\\/kronika140724\\\/torget.JPG\",\"contentUrl\":\"http:\\\/\\\/ydrebo.se\\\/kd\\\/veckobrev\\\/kronika140724\\\/torget.JPG\"},{\"@type\":\"BreadcrumbList\",\"@id\":\"https:\\\/\\\/wp.kristdemokraterna.se\\\/ydre\\\/2014-11-11-den-stora-tystnaden\\\/#breadcrumb\",\"itemListElement\":[{\"@type\":\"ListItem\",\"position\":1,\"name\":\"Hem\",\"item\":\"https:\\\/\\\/wp.kristdemokraterna.se\\\/ydre\\\/\"},{\"@type\":\"ListItem\",\"position\":2,\"name\":\"2014-11-11 Den stora tystnaden\"}]},{\"@type\":\"WebSite\",\"@id\":\"https:\\\/\\\/wp.kristdemokraterna.se\\\/ydre\\\/#website\",\"url\":\"https:\\\/\\\/wp.kristdemokraterna.se\\\/ydre\\\/\",\"name\":\"Kristdemokraterna i Ydre\",\"description\":\"En till Kristdemokraterna webbplats\",\"inLanguage\":\"sv-SE\"}]}<\/script>\n<!-- \/ Yoast SEO plugin. -->","yoast_head_json":{"title":"2014-11-11 Den stora tystnaden - Kristdemokraterna i Ydre","robots":{"index":"index","follow":"follow","max-snippet":"max-snippet:-1","max-image-preview":"max-image-preview:large","max-video-preview":"max-video-preview:-1"},"canonical":"https:\/\/wp.kristdemokraterna.se\/ydre\/2014-11-11-den-stora-tystnaden\/","og_locale":"sv_SE","og_type":"article","og_title":"2014-11-11 Den stora tystnaden - Kristdemokraterna i Ydre","og_description":"Tystnad kan vara v\u00e4lg\u00f6rande. Men det \u00e4r \u00e4nd\u00e5 inte alldeles tyst i naturen. Det finns sus fr\u00e5n tr\u00e4den. Det finns porlande vatten. Och s\u00e5 har vi f\u00e5glarna. Och detta finns ocks\u00e5 om vi kommer l\u00e5ngt fr\u00e5n motorbuller och samh\u00e4llenas liv och r\u00f6relse. Och d\u00e4r det finns barn h\u00f6r man dem. Nu har vi haft v\u00e5rt L\u00e4s mer","og_url":"https:\/\/wp.kristdemokraterna.se\/ydre\/2014-11-11-den-stora-tystnaden\/","og_site_name":"Kristdemokraterna i Ydre","article_modified_time":"2018-07-25T20:00:14+00:00","og_image":[{"url":"http:\/\/ydrebo.se\/kd\/veckobrev\/kronika140724\/torget.JPG","type":"","width":"","height":""}],"twitter_card":"summary_large_image","twitter_misc":{"Ber\u00e4knad l\u00e4stid":"2 minuter"},"schema":{"@context":"https:\/\/schema.org","@graph":[{"@type":"WebPage","@id":"https:\/\/wp.kristdemokraterna.se\/ydre\/2014-11-11-den-stora-tystnaden\/","url":"https:\/\/wp.kristdemokraterna.se\/ydre\/2014-11-11-den-stora-tystnaden\/","name":"2014-11-11 Den stora tystnaden - Kristdemokraterna i Ydre","isPartOf":{"@id":"https:\/\/wp.kristdemokraterna.se\/ydre\/#website"},"primaryImageOfPage":{"@id":"https:\/\/wp.kristdemokraterna.se\/ydre\/2014-11-11-den-stora-tystnaden\/#primaryimage"},"image":{"@id":"https:\/\/wp.kristdemokraterna.se\/ydre\/2014-11-11-den-stora-tystnaden\/#primaryimage"},"thumbnailUrl":"http:\/\/ydrebo.se\/kd\/veckobrev\/kronika140724\/torget.JPG","datePublished":"2018-07-25T19:58:16+00:00","dateModified":"2018-07-25T20:00:14+00:00","breadcrumb":{"@id":"https:\/\/wp.kristdemokraterna.se\/ydre\/2014-11-11-den-stora-tystnaden\/#breadcrumb"},"inLanguage":"sv-SE","potentialAction":[{"@type":"ReadAction","target":["https:\/\/wp.kristdemokraterna.se\/ydre\/2014-11-11-den-stora-tystnaden\/"]}]},{"@type":"ImageObject","inLanguage":"sv-SE","@id":"https:\/\/wp.kristdemokraterna.se\/ydre\/2014-11-11-den-stora-tystnaden\/#primaryimage","url":"http:\/\/ydrebo.se\/kd\/veckobrev\/kronika140724\/torget.JPG","contentUrl":"http:\/\/ydrebo.se\/kd\/veckobrev\/kronika140724\/torget.JPG"},{"@type":"BreadcrumbList","@id":"https:\/\/wp.kristdemokraterna.se\/ydre\/2014-11-11-den-stora-tystnaden\/#breadcrumb","itemListElement":[{"@type":"ListItem","position":1,"name":"Hem","item":"https:\/\/wp.kristdemokraterna.se\/ydre\/"},{"@type":"ListItem","position":2,"name":"2014-11-11 Den stora tystnaden"}]},{"@type":"WebSite","@id":"https:\/\/wp.kristdemokraterna.se\/ydre\/#website","url":"https:\/\/wp.kristdemokraterna.se\/ydre\/","name":"Kristdemokraterna i Ydre","description":"En till Kristdemokraterna webbplats","inLanguage":"sv-SE"}]}},"_links":{"self":[{"href":"https:\/\/wp.kristdemokraterna.se\/ydre\/wp-json\/wp\/v2\/pages\/1308","targetHints":{"allow":["GET"]}}],"collection":[{"href":"https:\/\/wp.kristdemokraterna.se\/ydre\/wp-json\/wp\/v2\/pages"}],"about":[{"href":"https:\/\/wp.kristdemokraterna.se\/ydre\/wp-json\/wp\/v2\/types\/page"}],"author":[{"embeddable":true,"href":"https:\/\/wp.kristdemokraterna.se\/ydre\/wp-json\/wp\/v2\/users\/793"}],"replies":[{"embeddable":true,"href":"https:\/\/wp.kristdemokraterna.se\/ydre\/wp-json\/wp\/v2\/comments?post=1308"}],"version-history":[{"count":3,"href":"https:\/\/wp.kristdemokraterna.se\/ydre\/wp-json\/wp\/v2\/pages\/1308\/revisions"}],"predecessor-version":[{"id":1311,"href":"https:\/\/wp.kristdemokraterna.se\/ydre\/wp-json\/wp\/v2\/pages\/1308\/revisions\/1311"}],"wp:attachment":[{"href":"https:\/\/wp.kristdemokraterna.se\/ydre\/wp-json\/wp\/v2\/media?parent=1308"}],"curies":[{"name":"wp","href":"https:\/\/api.w.org\/{rel}","templated":true}]}}