{"id":1313,"date":"2018-07-25T22:02:08","date_gmt":"2018-07-25T20:02:08","guid":{"rendered":"http:\/\/wp.kristdemokraterna.se\/ydre\/?page_id=1313"},"modified":"2018-07-25T22:02:31","modified_gmt":"2018-07-25T20:02:31","slug":"2014-11-21-det-fredliga-ydre","status":"publish","type":"page","link":"https:\/\/wp.kristdemokraterna.se\/ydre\/2014-11-21-det-fredliga-ydre\/","title":{"rendered":"2014-11-21 Det fredliga Ydre"},"content":{"rendered":"<p>Det l\u00e5g en namnlista i aff\u00e4ren. Man kunde skriva p\u00e5 den. Sammanlagt var det flera tusen personer i Ydre och Kinda som skrev p\u00e5 s\u00e5dana listor.<br \/>\nVad var det alla dessa ville med sina namnteckningar? Jo, att polisens verksamhet inte skall f\u00f6rs\u00e4mras i v\u00e5ra trakter. Vid det senaste sammantr\u00e4det i kommunfullm\u00e4ktige kom saken upp under allm\u00e4nhetens fr\u00e5gestund. Skall det verkligen bli s\u00e5 att polisernas tj\u00e4nstevapen i forts\u00e4ttningen skall f\u00f6rvaras i Link\u00f6ping? D\u00e5 m\u00e5ste poliserna \u00e5ka \u00e4nda dit f\u00f6r att kvittera ut dem vid behov&#8230;<br \/>\nMen Ydre \u00e4r ju ett av de fredligaste st\u00e4llena i Sverige! Det \u00e4r ju \u00e5ratal sedan det var ett butiksr\u00e5n h\u00e4r. \u00c5 andra sidan har inte alla gl\u00f6mt polismorden i Malexander p\u00e5 andra sidan Sommen. \u00c4ven Ydres kommunledning \u00e4r bekymrad. S\u00e4kerheten minskar ju och d\u00e4rmed m\u00e4nniskornas trygghet.<\/p>\n<p><img loading=\"lazy\" decoding=\"async\" src=\"http:\/\/ydrebo.se\/kd\/veckobrev\/vinter.JPG\" width=\"600\" height=\"448\" \/><br \/>\n<i>Beh\u00f6vs det verkligen poliser h\u00e4r?<\/p>\n<p><\/i>Trots allt f\u00f6rblir \u00e4nd\u00e5 Ydre en mycket trygg del av Sverige. L\u00e5t oss forts\u00e4tta att g\u00f6ra Ydre till en bra milj\u00f6 f\u00f6r b\u00e5de unga och gamla!<\/p>\n<p><i>Bengt Malm, ordf.<br \/>\n21 november 2014<\/p>\n<p><\/i>P.S. Ydres skolberedning vill flytta Hestraskolans fj\u00e4rdeklassare till \u00d6sterbymo. Det vill inte deras f\u00f6r\u00e4ldrar och l\u00e4rare. Om skolberedningen tr\u00e4ffar f\u00f6r\u00e4ldrarnas och l\u00e4rarnas representanter borde v\u00e4l dessas \u00e5sikter \u00e5tminstone antecknas i redog\u00f6relsen f\u00f6r m\u00f6tet. Eller hur?<\/p>\n","protected":false},"excerpt":{"rendered":"<p>Det l\u00e5g en namnlista i aff\u00e4ren. Man kunde skriva p\u00e5 den. Sammanlagt var det flera tusen personer i Ydre och Kinda som skrev p\u00e5 s\u00e5dana listor. Vad var det alla dessa ville med sina namnteckningar? Jo, att polisens verksamhet inte skall f\u00f6rs\u00e4mras i v\u00e5ra trakter. Vid det senaste sammantr\u00e4det i kommunfullm\u00e4ktige kom saken upp under <a class=\"read-more-link\" href=\"https:\/\/wp.kristdemokraterna.se\/ydre\/2014-11-21-det-fredliga-ydre\/\">L\u00e4s mer<\/a><\/p>\n","protected":false},"author":793,"featured_media":0,"parent":0,"menu_order":0,"comment_status":"closed","ping_status":"closed","template":"","meta":{"_acf_changed":false,"footnotes":""},"class_list":["post-1313","page","type-page","status-publish","hentry"],"acf":[],"yoast_head":"<!-- This site is optimized with the Yoast SEO plugin v27.5 - https:\/\/yoast.com\/product\/yoast-seo-wordpress\/ -->\n<title>2014-11-21 Det fredliga Ydre - Kristdemokraterna i Ydre<\/title>\n<meta name=\"robots\" content=\"index, follow, max-snippet:-1, max-image-preview:large, max-video-preview:-1\" \/>\n<link rel=\"canonical\" href=\"https:\/\/wp.kristdemokraterna.se\/ydre\/2014-11-21-det-fredliga-ydre\/\" \/>\n<meta property=\"og:locale\" content=\"sv_SE\" \/>\n<meta property=\"og:type\" content=\"article\" \/>\n<meta property=\"og:title\" content=\"2014-11-21 Det fredliga Ydre - Kristdemokraterna i Ydre\" \/>\n<meta property=\"og:description\" content=\"Det l\u00e5g en namnlista i aff\u00e4ren. Man kunde skriva p\u00e5 den. Sammanlagt var det flera tusen personer i Ydre och Kinda som skrev p\u00e5 s\u00e5dana listor. Vad var det alla dessa ville med sina namnteckningar? Jo, att polisens verksamhet inte skall f\u00f6rs\u00e4mras i v\u00e5ra trakter. Vid det senaste sammantr\u00e4det i kommunfullm\u00e4ktige kom saken upp under L\u00e4s mer\" \/>\n<meta property=\"og:url\" content=\"https:\/\/wp.kristdemokraterna.se\/ydre\/2014-11-21-det-fredliga-ydre\/\" \/>\n<meta property=\"og:site_name\" content=\"Kristdemokraterna i Ydre\" \/>\n<meta property=\"article:modified_time\" content=\"2018-07-25T20:02:31+00:00\" \/>\n<meta property=\"og:image\" content=\"http:\/\/ydrebo.se\/kd\/veckobrev\/vinter.JPG\" \/>\n<meta name=\"twitter:card\" content=\"summary_large_image\" \/>\n<meta name=\"twitter:label1\" content=\"Ber\u00e4knad l\u00e4stid\" \/>\n\t<meta name=\"twitter:data1\" content=\"1 minut\" \/>\n<script type=\"application\/ld+json\" class=\"yoast-schema-graph\">{\"@context\":\"https:\\\/\\\/schema.org\",\"@graph\":[{\"@type\":\"WebPage\",\"@id\":\"https:\\\/\\\/wp.kristdemokraterna.se\\\/ydre\\\/2014-11-21-det-fredliga-ydre\\\/\",\"url\":\"https:\\\/\\\/wp.kristdemokraterna.se\\\/ydre\\\/2014-11-21-det-fredliga-ydre\\\/\",\"name\":\"2014-11-21 Det fredliga Ydre - Kristdemokraterna i Ydre\",\"isPartOf\":{\"@id\":\"https:\\\/\\\/wp.kristdemokraterna.se\\\/ydre\\\/#website\"},\"primaryImageOfPage\":{\"@id\":\"https:\\\/\\\/wp.kristdemokraterna.se\\\/ydre\\\/2014-11-21-det-fredliga-ydre\\\/#primaryimage\"},\"image\":{\"@id\":\"https:\\\/\\\/wp.kristdemokraterna.se\\\/ydre\\\/2014-11-21-det-fredliga-ydre\\\/#primaryimage\"},\"thumbnailUrl\":\"http:\\\/\\\/ydrebo.se\\\/kd\\\/veckobrev\\\/vinter.JPG\",\"datePublished\":\"2018-07-25T20:02:08+00:00\",\"dateModified\":\"2018-07-25T20:02:31+00:00\",\"breadcrumb\":{\"@id\":\"https:\\\/\\\/wp.kristdemokraterna.se\\\/ydre\\\/2014-11-21-det-fredliga-ydre\\\/#breadcrumb\"},\"inLanguage\":\"sv-SE\",\"potentialAction\":[{\"@type\":\"ReadAction\",\"target\":[\"https:\\\/\\\/wp.kristdemokraterna.se\\\/ydre\\\/2014-11-21-det-fredliga-ydre\\\/\"]}]},{\"@type\":\"ImageObject\",\"inLanguage\":\"sv-SE\",\"@id\":\"https:\\\/\\\/wp.kristdemokraterna.se\\\/ydre\\\/2014-11-21-det-fredliga-ydre\\\/#primaryimage\",\"url\":\"http:\\\/\\\/ydrebo.se\\\/kd\\\/veckobrev\\\/vinter.JPG\",\"contentUrl\":\"http:\\\/\\\/ydrebo.se\\\/kd\\\/veckobrev\\\/vinter.JPG\"},{\"@type\":\"BreadcrumbList\",\"@id\":\"https:\\\/\\\/wp.kristdemokraterna.se\\\/ydre\\\/2014-11-21-det-fredliga-ydre\\\/#breadcrumb\",\"itemListElement\":[{\"@type\":\"ListItem\",\"position\":1,\"name\":\"Hem\",\"item\":\"https:\\\/\\\/wp.kristdemokraterna.se\\\/ydre\\\/\"},{\"@type\":\"ListItem\",\"position\":2,\"name\":\"2014-11-21 Det fredliga Ydre\"}]},{\"@type\":\"WebSite\",\"@id\":\"https:\\\/\\\/wp.kristdemokraterna.se\\\/ydre\\\/#website\",\"url\":\"https:\\\/\\\/wp.kristdemokraterna.se\\\/ydre\\\/\",\"name\":\"Kristdemokraterna i Ydre\",\"description\":\"En till Kristdemokraterna webbplats\",\"inLanguage\":\"sv-SE\"}]}<\/script>\n<!-- \/ Yoast SEO plugin. -->","yoast_head_json":{"title":"2014-11-21 Det fredliga Ydre - Kristdemokraterna i Ydre","robots":{"index":"index","follow":"follow","max-snippet":"max-snippet:-1","max-image-preview":"max-image-preview:large","max-video-preview":"max-video-preview:-1"},"canonical":"https:\/\/wp.kristdemokraterna.se\/ydre\/2014-11-21-det-fredliga-ydre\/","og_locale":"sv_SE","og_type":"article","og_title":"2014-11-21 Det fredliga Ydre - Kristdemokraterna i Ydre","og_description":"Det l\u00e5g en namnlista i aff\u00e4ren. Man kunde skriva p\u00e5 den. Sammanlagt var det flera tusen personer i Ydre och Kinda som skrev p\u00e5 s\u00e5dana listor. Vad var det alla dessa ville med sina namnteckningar? Jo, att polisens verksamhet inte skall f\u00f6rs\u00e4mras i v\u00e5ra trakter. Vid det senaste sammantr\u00e4det i kommunfullm\u00e4ktige kom saken upp under L\u00e4s mer","og_url":"https:\/\/wp.kristdemokraterna.se\/ydre\/2014-11-21-det-fredliga-ydre\/","og_site_name":"Kristdemokraterna i Ydre","article_modified_time":"2018-07-25T20:02:31+00:00","og_image":[{"url":"http:\/\/ydrebo.se\/kd\/veckobrev\/vinter.JPG","type":"","width":"","height":""}],"twitter_card":"summary_large_image","twitter_misc":{"Ber\u00e4knad l\u00e4stid":"1 minut"},"schema":{"@context":"https:\/\/schema.org","@graph":[{"@type":"WebPage","@id":"https:\/\/wp.kristdemokraterna.se\/ydre\/2014-11-21-det-fredliga-ydre\/","url":"https:\/\/wp.kristdemokraterna.se\/ydre\/2014-11-21-det-fredliga-ydre\/","name":"2014-11-21 Det fredliga Ydre - Kristdemokraterna i Ydre","isPartOf":{"@id":"https:\/\/wp.kristdemokraterna.se\/ydre\/#website"},"primaryImageOfPage":{"@id":"https:\/\/wp.kristdemokraterna.se\/ydre\/2014-11-21-det-fredliga-ydre\/#primaryimage"},"image":{"@id":"https:\/\/wp.kristdemokraterna.se\/ydre\/2014-11-21-det-fredliga-ydre\/#primaryimage"},"thumbnailUrl":"http:\/\/ydrebo.se\/kd\/veckobrev\/vinter.JPG","datePublished":"2018-07-25T20:02:08+00:00","dateModified":"2018-07-25T20:02:31+00:00","breadcrumb":{"@id":"https:\/\/wp.kristdemokraterna.se\/ydre\/2014-11-21-det-fredliga-ydre\/#breadcrumb"},"inLanguage":"sv-SE","potentialAction":[{"@type":"ReadAction","target":["https:\/\/wp.kristdemokraterna.se\/ydre\/2014-11-21-det-fredliga-ydre\/"]}]},{"@type":"ImageObject","inLanguage":"sv-SE","@id":"https:\/\/wp.kristdemokraterna.se\/ydre\/2014-11-21-det-fredliga-ydre\/#primaryimage","url":"http:\/\/ydrebo.se\/kd\/veckobrev\/vinter.JPG","contentUrl":"http:\/\/ydrebo.se\/kd\/veckobrev\/vinter.JPG"},{"@type":"BreadcrumbList","@id":"https:\/\/wp.kristdemokraterna.se\/ydre\/2014-11-21-det-fredliga-ydre\/#breadcrumb","itemListElement":[{"@type":"ListItem","position":1,"name":"Hem","item":"https:\/\/wp.kristdemokraterna.se\/ydre\/"},{"@type":"ListItem","position":2,"name":"2014-11-21 Det fredliga Ydre"}]},{"@type":"WebSite","@id":"https:\/\/wp.kristdemokraterna.se\/ydre\/#website","url":"https:\/\/wp.kristdemokraterna.se\/ydre\/","name":"Kristdemokraterna i Ydre","description":"En till Kristdemokraterna webbplats","inLanguage":"sv-SE"}]}},"_links":{"self":[{"href":"https:\/\/wp.kristdemokraterna.se\/ydre\/wp-json\/wp\/v2\/pages\/1313","targetHints":{"allow":["GET"]}}],"collection":[{"href":"https:\/\/wp.kristdemokraterna.se\/ydre\/wp-json\/wp\/v2\/pages"}],"about":[{"href":"https:\/\/wp.kristdemokraterna.se\/ydre\/wp-json\/wp\/v2\/types\/page"}],"author":[{"embeddable":true,"href":"https:\/\/wp.kristdemokraterna.se\/ydre\/wp-json\/wp\/v2\/users\/793"}],"replies":[{"embeddable":true,"href":"https:\/\/wp.kristdemokraterna.se\/ydre\/wp-json\/wp\/v2\/comments?post=1313"}],"version-history":[{"count":2,"href":"https:\/\/wp.kristdemokraterna.se\/ydre\/wp-json\/wp\/v2\/pages\/1313\/revisions"}],"predecessor-version":[{"id":1315,"href":"https:\/\/wp.kristdemokraterna.se\/ydre\/wp-json\/wp\/v2\/pages\/1313\/revisions\/1315"}],"wp:attachment":[{"href":"https:\/\/wp.kristdemokraterna.se\/ydre\/wp-json\/wp\/v2\/media?parent=1313"}],"curies":[{"name":"wp","href":"https:\/\/api.w.org\/{rel}","templated":true}]}}