{"id":1317,"date":"2018-07-25T22:05:20","date_gmt":"2018-07-25T20:05:20","guid":{"rendered":"http:\/\/wp.kristdemokraterna.se\/ydre\/?page_id=1317"},"modified":"2018-07-25T22:06:11","modified_gmt":"2018-07-25T20:06:11","slug":"2014-11-25-kan-doktorn-komma","status":"publish","type":"page","link":"https:\/\/wp.kristdemokraterna.se\/ydre\/2014-11-25-kan-doktorn-komma\/","title":{"rendered":"2014-11-25 Kan doktorn komma?"},"content":{"rendered":"<p>F\u00f6rr i tiden var det v\u00e4l inte s\u00e5 ovanligt att l\u00e4kare gjorde hembes\u00f6k. \u00c4ven p\u00e5 landet kunde provinsiall\u00e4karen komma hem till sjuka personer i alla \u00e5ldrar. Nu \u00e4r det vanligare att den som \u00e4r sjuk kommer till en v\u00e5rdcentral. D\u00e4r kan man ju ta olika slags prov och f\u00e5 en grundligare unders\u00f6kning.<br \/>\nMen fortfarande finns det de som beh\u00f6ver hemsjukv\u00e5rd. D\u00e5 \u00e4r det v\u00e4l inte s\u00e5 ofta fr\u00e5ga om l\u00e4karunders\u00f6kningar som om bes\u00f6k av sjuksk\u00f6terskor. Vem \u00e4r det som skall organisera denna tj\u00e4nst?<\/p>\n<p><img loading=\"lazy\" decoding=\"async\" src=\"http:\/\/ydrebo.se\/kd\/veckobrev\/osterfors.JPG\" width=\"600\" height=\"450\" \/><br \/>\n<i>Ibland blir inte livet som man t\u00e4nkt sig.<\/i><\/p>\n<p>Viss v\u00e5rd ordnas i dag av staten, annan av arbetsgivare och en del av privatpraktiserande l\u00e4kare eller enskilda v\u00e5rdf\u00f6retag. Men det allra mesta sk\u00f6ts av landstingen.<br \/>\nBland alla v\u00e5rdgivare finns ocks\u00e5 kommunerna. Det \u00e4r vanligt att kommunala \u00e4ldreboenden ocks\u00e5 tar avsvar f\u00f6r de boendes h\u00e4lsa. Men den senaste reformen \u00e4r att hemsjukv\u00e5rden blivit en kommunal angel\u00e4genhet. Med det menas att den som \u00e4r f\u00f6r sjuk att komma till v\u00e5rdcentralen kan f\u00e5 bes\u00f6k av en kommunalt anst\u00e4lld sjuksk\u00f6terska. N\u00e4r patienten blivit litet friskare skall vederb\u00f6rande komma till v\u00e5rdcentralen och f\u00e5 hj\u00e4lp av landstinget.<\/p>\n<p><img loading=\"lazy\" decoding=\"async\" src=\"http:\/\/ydrebo.se\/kd\/veckobrev\/solangen.jpg\" width=\"310\" height=\"400\" \/><br \/>\n<i>\u00c4ven p\u00e5 Sol\u00e4ngen kan man bli sjuk. D\u00e5 f\u00e5r man v\u00e5rd. Av vem?<\/p>\n<p><\/i>L\u00e5ter det kr\u00e5ngligt? Det \u00e4r det. Dyrt \u00e4r det ocks\u00e5 f\u00f6r Ydre kommun. Visserligen betalar vi lika mycket skatt som f\u00f6rut f\u00f6r den h\u00e4r v\u00e5rden. Fast det sker till kommunen och inte till landstinget. Men naturligtvis har inte det lilla Ydre samma resurser som v\u00e5rt stora landsting. Att bygga upp en ny organisation kostar mycket pengar och stj\u00e4lper alla m\u00f6jligheter till att vi skall f\u00e5 en balanserad budget.<br \/>\nDet \u00e4r inte s\u00e4rskilt tacksamt f\u00f6r de sm\u00e5 kommunerna att ansvara f\u00f6r de senaste p\u00e5buden uppifr\u00e5n. Vill man att hela Sverige skall leva och fungera?<\/p>\n<p><i>Bengt Malm, ordf.<br \/>\n25 november 2014<\/i><\/p>\n","protected":false},"excerpt":{"rendered":"<p>F\u00f6rr i tiden var det v\u00e4l inte s\u00e5 ovanligt att l\u00e4kare gjorde hembes\u00f6k. \u00c4ven p\u00e5 landet kunde provinsiall\u00e4karen komma hem till sjuka personer i alla \u00e5ldrar. Nu \u00e4r det vanligare att den som \u00e4r sjuk kommer till en v\u00e5rdcentral. D\u00e4r kan man ju ta olika slags prov och f\u00e5 en grundligare unders\u00f6kning. Men fortfarande finns <a class=\"read-more-link\" href=\"https:\/\/wp.kristdemokraterna.se\/ydre\/2014-11-25-kan-doktorn-komma\/\">L\u00e4s mer<\/a><\/p>\n","protected":false},"author":793,"featured_media":0,"parent":0,"menu_order":0,"comment_status":"closed","ping_status":"closed","template":"","meta":{"_acf_changed":false,"footnotes":""},"class_list":["post-1317","page","type-page","status-publish","hentry"],"acf":[],"yoast_head":"<!-- This site is optimized with the Yoast SEO plugin v27.5 - https:\/\/yoast.com\/product\/yoast-seo-wordpress\/ -->\n<title>2014-11-25 Kan doktorn komma? - Kristdemokraterna i Ydre<\/title>\n<meta name=\"robots\" content=\"index, follow, max-snippet:-1, max-image-preview:large, max-video-preview:-1\" \/>\n<link rel=\"canonical\" href=\"https:\/\/wp.kristdemokraterna.se\/ydre\/2014-11-25-kan-doktorn-komma\/\" \/>\n<meta property=\"og:locale\" content=\"sv_SE\" \/>\n<meta property=\"og:type\" content=\"article\" \/>\n<meta property=\"og:title\" content=\"2014-11-25 Kan doktorn komma? - Kristdemokraterna i Ydre\" \/>\n<meta property=\"og:description\" content=\"F\u00f6rr i tiden var det v\u00e4l inte s\u00e5 ovanligt att l\u00e4kare gjorde hembes\u00f6k. \u00c4ven p\u00e5 landet kunde provinsiall\u00e4karen komma hem till sjuka personer i alla \u00e5ldrar. Nu \u00e4r det vanligare att den som \u00e4r sjuk kommer till en v\u00e5rdcentral. D\u00e4r kan man ju ta olika slags prov och f\u00e5 en grundligare unders\u00f6kning. Men fortfarande finns L\u00e4s mer\" \/>\n<meta property=\"og:url\" content=\"https:\/\/wp.kristdemokraterna.se\/ydre\/2014-11-25-kan-doktorn-komma\/\" \/>\n<meta property=\"og:site_name\" content=\"Kristdemokraterna i Ydre\" \/>\n<meta property=\"article:modified_time\" content=\"2018-07-25T20:06:11+00:00\" \/>\n<meta property=\"og:image\" content=\"http:\/\/ydrebo.se\/kd\/veckobrev\/osterfors.JPG\" \/>\n<meta name=\"twitter:card\" content=\"summary_large_image\" \/>\n<meta name=\"twitter:label1\" content=\"Ber\u00e4knad l\u00e4stid\" \/>\n\t<meta name=\"twitter:data1\" content=\"2 minuter\" \/>\n<script type=\"application\/ld+json\" class=\"yoast-schema-graph\">{\"@context\":\"https:\\\/\\\/schema.org\",\"@graph\":[{\"@type\":\"WebPage\",\"@id\":\"https:\\\/\\\/wp.kristdemokraterna.se\\\/ydre\\\/2014-11-25-kan-doktorn-komma\\\/\",\"url\":\"https:\\\/\\\/wp.kristdemokraterna.se\\\/ydre\\\/2014-11-25-kan-doktorn-komma\\\/\",\"name\":\"2014-11-25 Kan doktorn komma? - Kristdemokraterna i Ydre\",\"isPartOf\":{\"@id\":\"https:\\\/\\\/wp.kristdemokraterna.se\\\/ydre\\\/#website\"},\"primaryImageOfPage\":{\"@id\":\"https:\\\/\\\/wp.kristdemokraterna.se\\\/ydre\\\/2014-11-25-kan-doktorn-komma\\\/#primaryimage\"},\"image\":{\"@id\":\"https:\\\/\\\/wp.kristdemokraterna.se\\\/ydre\\\/2014-11-25-kan-doktorn-komma\\\/#primaryimage\"},\"thumbnailUrl\":\"http:\\\/\\\/ydrebo.se\\\/kd\\\/veckobrev\\\/osterfors.JPG\",\"datePublished\":\"2018-07-25T20:05:20+00:00\",\"dateModified\":\"2018-07-25T20:06:11+00:00\",\"breadcrumb\":{\"@id\":\"https:\\\/\\\/wp.kristdemokraterna.se\\\/ydre\\\/2014-11-25-kan-doktorn-komma\\\/#breadcrumb\"},\"inLanguage\":\"sv-SE\",\"potentialAction\":[{\"@type\":\"ReadAction\",\"target\":[\"https:\\\/\\\/wp.kristdemokraterna.se\\\/ydre\\\/2014-11-25-kan-doktorn-komma\\\/\"]}]},{\"@type\":\"ImageObject\",\"inLanguage\":\"sv-SE\",\"@id\":\"https:\\\/\\\/wp.kristdemokraterna.se\\\/ydre\\\/2014-11-25-kan-doktorn-komma\\\/#primaryimage\",\"url\":\"http:\\\/\\\/ydrebo.se\\\/kd\\\/veckobrev\\\/osterfors.JPG\",\"contentUrl\":\"http:\\\/\\\/ydrebo.se\\\/kd\\\/veckobrev\\\/osterfors.JPG\"},{\"@type\":\"BreadcrumbList\",\"@id\":\"https:\\\/\\\/wp.kristdemokraterna.se\\\/ydre\\\/2014-11-25-kan-doktorn-komma\\\/#breadcrumb\",\"itemListElement\":[{\"@type\":\"ListItem\",\"position\":1,\"name\":\"Hem\",\"item\":\"https:\\\/\\\/wp.kristdemokraterna.se\\\/ydre\\\/\"},{\"@type\":\"ListItem\",\"position\":2,\"name\":\"2014-11-25 Kan doktorn komma?\"}]},{\"@type\":\"WebSite\",\"@id\":\"https:\\\/\\\/wp.kristdemokraterna.se\\\/ydre\\\/#website\",\"url\":\"https:\\\/\\\/wp.kristdemokraterna.se\\\/ydre\\\/\",\"name\":\"Kristdemokraterna i Ydre\",\"description\":\"En till Kristdemokraterna webbplats\",\"inLanguage\":\"sv-SE\"}]}<\/script>\n<!-- \/ Yoast SEO plugin. -->","yoast_head_json":{"title":"2014-11-25 Kan doktorn komma? - Kristdemokraterna i Ydre","robots":{"index":"index","follow":"follow","max-snippet":"max-snippet:-1","max-image-preview":"max-image-preview:large","max-video-preview":"max-video-preview:-1"},"canonical":"https:\/\/wp.kristdemokraterna.se\/ydre\/2014-11-25-kan-doktorn-komma\/","og_locale":"sv_SE","og_type":"article","og_title":"2014-11-25 Kan doktorn komma? - Kristdemokraterna i Ydre","og_description":"F\u00f6rr i tiden var det v\u00e4l inte s\u00e5 ovanligt att l\u00e4kare gjorde hembes\u00f6k. \u00c4ven p\u00e5 landet kunde provinsiall\u00e4karen komma hem till sjuka personer i alla \u00e5ldrar. Nu \u00e4r det vanligare att den som \u00e4r sjuk kommer till en v\u00e5rdcentral. D\u00e4r kan man ju ta olika slags prov och f\u00e5 en grundligare unders\u00f6kning. Men fortfarande finns L\u00e4s mer","og_url":"https:\/\/wp.kristdemokraterna.se\/ydre\/2014-11-25-kan-doktorn-komma\/","og_site_name":"Kristdemokraterna i Ydre","article_modified_time":"2018-07-25T20:06:11+00:00","og_image":[{"url":"http:\/\/ydrebo.se\/kd\/veckobrev\/osterfors.JPG","type":"","width":"","height":""}],"twitter_card":"summary_large_image","twitter_misc":{"Ber\u00e4knad l\u00e4stid":"2 minuter"},"schema":{"@context":"https:\/\/schema.org","@graph":[{"@type":"WebPage","@id":"https:\/\/wp.kristdemokraterna.se\/ydre\/2014-11-25-kan-doktorn-komma\/","url":"https:\/\/wp.kristdemokraterna.se\/ydre\/2014-11-25-kan-doktorn-komma\/","name":"2014-11-25 Kan doktorn komma? - Kristdemokraterna i Ydre","isPartOf":{"@id":"https:\/\/wp.kristdemokraterna.se\/ydre\/#website"},"primaryImageOfPage":{"@id":"https:\/\/wp.kristdemokraterna.se\/ydre\/2014-11-25-kan-doktorn-komma\/#primaryimage"},"image":{"@id":"https:\/\/wp.kristdemokraterna.se\/ydre\/2014-11-25-kan-doktorn-komma\/#primaryimage"},"thumbnailUrl":"http:\/\/ydrebo.se\/kd\/veckobrev\/osterfors.JPG","datePublished":"2018-07-25T20:05:20+00:00","dateModified":"2018-07-25T20:06:11+00:00","breadcrumb":{"@id":"https:\/\/wp.kristdemokraterna.se\/ydre\/2014-11-25-kan-doktorn-komma\/#breadcrumb"},"inLanguage":"sv-SE","potentialAction":[{"@type":"ReadAction","target":["https:\/\/wp.kristdemokraterna.se\/ydre\/2014-11-25-kan-doktorn-komma\/"]}]},{"@type":"ImageObject","inLanguage":"sv-SE","@id":"https:\/\/wp.kristdemokraterna.se\/ydre\/2014-11-25-kan-doktorn-komma\/#primaryimage","url":"http:\/\/ydrebo.se\/kd\/veckobrev\/osterfors.JPG","contentUrl":"http:\/\/ydrebo.se\/kd\/veckobrev\/osterfors.JPG"},{"@type":"BreadcrumbList","@id":"https:\/\/wp.kristdemokraterna.se\/ydre\/2014-11-25-kan-doktorn-komma\/#breadcrumb","itemListElement":[{"@type":"ListItem","position":1,"name":"Hem","item":"https:\/\/wp.kristdemokraterna.se\/ydre\/"},{"@type":"ListItem","position":2,"name":"2014-11-25 Kan doktorn komma?"}]},{"@type":"WebSite","@id":"https:\/\/wp.kristdemokraterna.se\/ydre\/#website","url":"https:\/\/wp.kristdemokraterna.se\/ydre\/","name":"Kristdemokraterna i Ydre","description":"En till Kristdemokraterna webbplats","inLanguage":"sv-SE"}]}},"_links":{"self":[{"href":"https:\/\/wp.kristdemokraterna.se\/ydre\/wp-json\/wp\/v2\/pages\/1317","targetHints":{"allow":["GET"]}}],"collection":[{"href":"https:\/\/wp.kristdemokraterna.se\/ydre\/wp-json\/wp\/v2\/pages"}],"about":[{"href":"https:\/\/wp.kristdemokraterna.se\/ydre\/wp-json\/wp\/v2\/types\/page"}],"author":[{"embeddable":true,"href":"https:\/\/wp.kristdemokraterna.se\/ydre\/wp-json\/wp\/v2\/users\/793"}],"replies":[{"embeddable":true,"href":"https:\/\/wp.kristdemokraterna.se\/ydre\/wp-json\/wp\/v2\/comments?post=1317"}],"version-history":[{"count":3,"href":"https:\/\/wp.kristdemokraterna.se\/ydre\/wp-json\/wp\/v2\/pages\/1317\/revisions"}],"predecessor-version":[{"id":1320,"href":"https:\/\/wp.kristdemokraterna.se\/ydre\/wp-json\/wp\/v2\/pages\/1317\/revisions\/1320"}],"wp:attachment":[{"href":"https:\/\/wp.kristdemokraterna.se\/ydre\/wp-json\/wp\/v2\/media?parent=1317"}],"curies":[{"name":"wp","href":"https:\/\/api.w.org\/{rel}","templated":true}]}}