{"id":1323,"date":"2018-07-25T22:09:06","date_gmt":"2018-07-25T20:09:06","guid":{"rendered":"http:\/\/wp.kristdemokraterna.se\/ydre\/?page_id=1323"},"modified":"2018-07-25T22:10:01","modified_gmt":"2018-07-25T20:10:01","slug":"2014-12-04-upp-till-val","status":"publish","type":"page","link":"https:\/\/wp.kristdemokraterna.se\/ydre\/2014-12-04-upp-till-val\/","title":{"rendered":"2014-12-04 Upp till val!"},"content":{"rendered":"<p>Den 22 mars 2015 blir det nyval (&#8221;extraval&#8221;) till riksdagen. Sverige m\u00e5ste g\u00e5 att styra!<br \/>\nEn regering skall helst ha st\u00f6d av en majoritet i riksdagen. Det g\u00e5r att ha en minoritetsregering men inte med Sverigedemokraterna i riksdagen. Det g\u00e5r inte om de \u00e4r s\u00e5 som de sj\u00e4lva framst\u00e4ller sig numera. De har f\u00f6rklarat att de vill f\u00e4lla varje regering som inte tilltalar dem.<\/p>\n<p><img loading=\"lazy\" decoding=\"async\" src=\"http:\/\/ydrebo.se\/kd\/veckobrev\/smedja.JPG\" width=\"600\" height=\"450\" \/><br \/>\n<i>S\u00e5 h\u00e4r illa \u00e4r det inte i Sverige!<\/p>\n<p><\/i>Allts\u00e5 m\u00e5ste det bli n\u00e5got slag av majoritetsstyre i Sverige. Alliansen h\u00e5ller samman och \u00e4r f.n. det starkaste alternativet. F\u00f6r Alliansen har faktiskt fler riksdagsledam\u00f6ter \u00e4n regeringspartierna.<\/p>\n<p><img loading=\"lazy\" decoding=\"async\" src=\"http:\/\/ydrebo.se\/kd\/veckobrev\/skogsstig.jpg\" width=\"400\" height=\"297\" \/><br \/>\n<i>Det finns visst en v\u00e4g fram\u00e5t!<\/p>\n<p><\/i><b>Kristdemokraterna vill att det m\u00e4nskliga skall framh\u00e4vas i samh\u00e4llslivet.<\/p>\n<p><\/b><span style=\"font-size: large\"><i>Bengt Malm, ordf.<br \/>\n4 december 2014<\/p>\n<p><\/i><\/span><span style=\"font-size: large\">P.S. Jag har m\u00f6tt fr\u00e5gan varf\u00f6r vi angripit Sverigedemokraterna s\u00e5 mycket och inte velat tala med dem om invandringen. Svaret \u00e4r enkelt. De \u00e4r inte mot invandringen f\u00f6r att den \u00e4r dyr utan f\u00f6r att de menar att det \u00e4r &#8221;fel&#8221; sorts m\u00e4nniskor som kommer. Den \u00e5sikten m\u00e4rktes tydligt i valr\u00f6relsen h\u00e4r i Ydre. Vi kan inte l\u00f6sa praktiska problem tillsammans med Sverigedemokraterna om utg\u00e5ngspunkterna \u00e4r s\u00e5 olika.<\/span><\/p>\n","protected":false},"excerpt":{"rendered":"<p>Den 22 mars 2015 blir det nyval (&#8221;extraval&#8221;) till riksdagen. Sverige m\u00e5ste g\u00e5 att styra! En regering skall helst ha st\u00f6d av en majoritet i riksdagen. Det g\u00e5r att ha en minoritetsregering men inte med Sverigedemokraterna i riksdagen. Det g\u00e5r inte om de \u00e4r s\u00e5 som de sj\u00e4lva framst\u00e4ller sig numera. De har f\u00f6rklarat att <a class=\"read-more-link\" href=\"https:\/\/wp.kristdemokraterna.se\/ydre\/2014-12-04-upp-till-val\/\">L\u00e4s mer<\/a><\/p>\n","protected":false},"author":793,"featured_media":0,"parent":0,"menu_order":0,"comment_status":"closed","ping_status":"closed","template":"","meta":{"_acf_changed":false,"footnotes":""},"class_list":["post-1323","page","type-page","status-publish","hentry"],"acf":[],"yoast_head":"<!-- This site is optimized with the Yoast SEO plugin v27.5 - https:\/\/yoast.com\/product\/yoast-seo-wordpress\/ -->\n<title>2014-12-04 Upp till val! - Kristdemokraterna i Ydre<\/title>\n<meta name=\"robots\" content=\"index, follow, max-snippet:-1, max-image-preview:large, max-video-preview:-1\" \/>\n<link rel=\"canonical\" href=\"https:\/\/wp.kristdemokraterna.se\/ydre\/2014-12-04-upp-till-val\/\" \/>\n<meta property=\"og:locale\" content=\"sv_SE\" \/>\n<meta property=\"og:type\" content=\"article\" \/>\n<meta property=\"og:title\" content=\"2014-12-04 Upp till val! - Kristdemokraterna i Ydre\" \/>\n<meta property=\"og:description\" content=\"Den 22 mars 2015 blir det nyval (&#8221;extraval&#8221;) till riksdagen. Sverige m\u00e5ste g\u00e5 att styra! En regering skall helst ha st\u00f6d av en majoritet i riksdagen. Det g\u00e5r att ha en minoritetsregering men inte med Sverigedemokraterna i riksdagen. Det g\u00e5r inte om de \u00e4r s\u00e5 som de sj\u00e4lva framst\u00e4ller sig numera. De har f\u00f6rklarat att L\u00e4s mer\" \/>\n<meta property=\"og:url\" content=\"https:\/\/wp.kristdemokraterna.se\/ydre\/2014-12-04-upp-till-val\/\" \/>\n<meta property=\"og:site_name\" content=\"Kristdemokraterna i Ydre\" \/>\n<meta property=\"article:modified_time\" content=\"2018-07-25T20:10:01+00:00\" \/>\n<meta property=\"og:image\" content=\"http:\/\/ydrebo.se\/kd\/veckobrev\/smedja.JPG\" \/>\n<meta name=\"twitter:card\" content=\"summary_large_image\" \/>\n<meta name=\"twitter:label1\" content=\"Ber\u00e4knad l\u00e4stid\" \/>\n\t<meta name=\"twitter:data1\" content=\"1 minut\" \/>\n<script type=\"application\/ld+json\" class=\"yoast-schema-graph\">{\"@context\":\"https:\\\/\\\/schema.org\",\"@graph\":[{\"@type\":\"WebPage\",\"@id\":\"https:\\\/\\\/wp.kristdemokraterna.se\\\/ydre\\\/2014-12-04-upp-till-val\\\/\",\"url\":\"https:\\\/\\\/wp.kristdemokraterna.se\\\/ydre\\\/2014-12-04-upp-till-val\\\/\",\"name\":\"2014-12-04 Upp till val! - Kristdemokraterna i Ydre\",\"isPartOf\":{\"@id\":\"https:\\\/\\\/wp.kristdemokraterna.se\\\/ydre\\\/#website\"},\"primaryImageOfPage\":{\"@id\":\"https:\\\/\\\/wp.kristdemokraterna.se\\\/ydre\\\/2014-12-04-upp-till-val\\\/#primaryimage\"},\"image\":{\"@id\":\"https:\\\/\\\/wp.kristdemokraterna.se\\\/ydre\\\/2014-12-04-upp-till-val\\\/#primaryimage\"},\"thumbnailUrl\":\"http:\\\/\\\/ydrebo.se\\\/kd\\\/veckobrev\\\/smedja.JPG\",\"datePublished\":\"2018-07-25T20:09:06+00:00\",\"dateModified\":\"2018-07-25T20:10:01+00:00\",\"breadcrumb\":{\"@id\":\"https:\\\/\\\/wp.kristdemokraterna.se\\\/ydre\\\/2014-12-04-upp-till-val\\\/#breadcrumb\"},\"inLanguage\":\"sv-SE\",\"potentialAction\":[{\"@type\":\"ReadAction\",\"target\":[\"https:\\\/\\\/wp.kristdemokraterna.se\\\/ydre\\\/2014-12-04-upp-till-val\\\/\"]}]},{\"@type\":\"ImageObject\",\"inLanguage\":\"sv-SE\",\"@id\":\"https:\\\/\\\/wp.kristdemokraterna.se\\\/ydre\\\/2014-12-04-upp-till-val\\\/#primaryimage\",\"url\":\"http:\\\/\\\/ydrebo.se\\\/kd\\\/veckobrev\\\/smedja.JPG\",\"contentUrl\":\"http:\\\/\\\/ydrebo.se\\\/kd\\\/veckobrev\\\/smedja.JPG\"},{\"@type\":\"BreadcrumbList\",\"@id\":\"https:\\\/\\\/wp.kristdemokraterna.se\\\/ydre\\\/2014-12-04-upp-till-val\\\/#breadcrumb\",\"itemListElement\":[{\"@type\":\"ListItem\",\"position\":1,\"name\":\"Hem\",\"item\":\"https:\\\/\\\/wp.kristdemokraterna.se\\\/ydre\\\/\"},{\"@type\":\"ListItem\",\"position\":2,\"name\":\"2014-12-04 Upp till val!\"}]},{\"@type\":\"WebSite\",\"@id\":\"https:\\\/\\\/wp.kristdemokraterna.se\\\/ydre\\\/#website\",\"url\":\"https:\\\/\\\/wp.kristdemokraterna.se\\\/ydre\\\/\",\"name\":\"Kristdemokraterna i Ydre\",\"description\":\"En till Kristdemokraterna webbplats\",\"inLanguage\":\"sv-SE\"}]}<\/script>\n<!-- \/ Yoast SEO plugin. -->","yoast_head_json":{"title":"2014-12-04 Upp till val! - Kristdemokraterna i Ydre","robots":{"index":"index","follow":"follow","max-snippet":"max-snippet:-1","max-image-preview":"max-image-preview:large","max-video-preview":"max-video-preview:-1"},"canonical":"https:\/\/wp.kristdemokraterna.se\/ydre\/2014-12-04-upp-till-val\/","og_locale":"sv_SE","og_type":"article","og_title":"2014-12-04 Upp till val! - Kristdemokraterna i Ydre","og_description":"Den 22 mars 2015 blir det nyval (&#8221;extraval&#8221;) till riksdagen. Sverige m\u00e5ste g\u00e5 att styra! En regering skall helst ha st\u00f6d av en majoritet i riksdagen. Det g\u00e5r att ha en minoritetsregering men inte med Sverigedemokraterna i riksdagen. Det g\u00e5r inte om de \u00e4r s\u00e5 som de sj\u00e4lva framst\u00e4ller sig numera. De har f\u00f6rklarat att L\u00e4s mer","og_url":"https:\/\/wp.kristdemokraterna.se\/ydre\/2014-12-04-upp-till-val\/","og_site_name":"Kristdemokraterna i Ydre","article_modified_time":"2018-07-25T20:10:01+00:00","og_image":[{"url":"http:\/\/ydrebo.se\/kd\/veckobrev\/smedja.JPG","type":"","width":"","height":""}],"twitter_card":"summary_large_image","twitter_misc":{"Ber\u00e4knad l\u00e4stid":"1 minut"},"schema":{"@context":"https:\/\/schema.org","@graph":[{"@type":"WebPage","@id":"https:\/\/wp.kristdemokraterna.se\/ydre\/2014-12-04-upp-till-val\/","url":"https:\/\/wp.kristdemokraterna.se\/ydre\/2014-12-04-upp-till-val\/","name":"2014-12-04 Upp till val! - Kristdemokraterna i Ydre","isPartOf":{"@id":"https:\/\/wp.kristdemokraterna.se\/ydre\/#website"},"primaryImageOfPage":{"@id":"https:\/\/wp.kristdemokraterna.se\/ydre\/2014-12-04-upp-till-val\/#primaryimage"},"image":{"@id":"https:\/\/wp.kristdemokraterna.se\/ydre\/2014-12-04-upp-till-val\/#primaryimage"},"thumbnailUrl":"http:\/\/ydrebo.se\/kd\/veckobrev\/smedja.JPG","datePublished":"2018-07-25T20:09:06+00:00","dateModified":"2018-07-25T20:10:01+00:00","breadcrumb":{"@id":"https:\/\/wp.kristdemokraterna.se\/ydre\/2014-12-04-upp-till-val\/#breadcrumb"},"inLanguage":"sv-SE","potentialAction":[{"@type":"ReadAction","target":["https:\/\/wp.kristdemokraterna.se\/ydre\/2014-12-04-upp-till-val\/"]}]},{"@type":"ImageObject","inLanguage":"sv-SE","@id":"https:\/\/wp.kristdemokraterna.se\/ydre\/2014-12-04-upp-till-val\/#primaryimage","url":"http:\/\/ydrebo.se\/kd\/veckobrev\/smedja.JPG","contentUrl":"http:\/\/ydrebo.se\/kd\/veckobrev\/smedja.JPG"},{"@type":"BreadcrumbList","@id":"https:\/\/wp.kristdemokraterna.se\/ydre\/2014-12-04-upp-till-val\/#breadcrumb","itemListElement":[{"@type":"ListItem","position":1,"name":"Hem","item":"https:\/\/wp.kristdemokraterna.se\/ydre\/"},{"@type":"ListItem","position":2,"name":"2014-12-04 Upp till val!"}]},{"@type":"WebSite","@id":"https:\/\/wp.kristdemokraterna.se\/ydre\/#website","url":"https:\/\/wp.kristdemokraterna.se\/ydre\/","name":"Kristdemokraterna i Ydre","description":"En till Kristdemokraterna webbplats","inLanguage":"sv-SE"}]}},"_links":{"self":[{"href":"https:\/\/wp.kristdemokraterna.se\/ydre\/wp-json\/wp\/v2\/pages\/1323","targetHints":{"allow":["GET"]}}],"collection":[{"href":"https:\/\/wp.kristdemokraterna.se\/ydre\/wp-json\/wp\/v2\/pages"}],"about":[{"href":"https:\/\/wp.kristdemokraterna.se\/ydre\/wp-json\/wp\/v2\/types\/page"}],"author":[{"embeddable":true,"href":"https:\/\/wp.kristdemokraterna.se\/ydre\/wp-json\/wp\/v2\/users\/793"}],"replies":[{"embeddable":true,"href":"https:\/\/wp.kristdemokraterna.se\/ydre\/wp-json\/wp\/v2\/comments?post=1323"}],"version-history":[{"count":2,"href":"https:\/\/wp.kristdemokraterna.se\/ydre\/wp-json\/wp\/v2\/pages\/1323\/revisions"}],"predecessor-version":[{"id":1325,"href":"https:\/\/wp.kristdemokraterna.se\/ydre\/wp-json\/wp\/v2\/pages\/1323\/revisions\/1325"}],"wp:attachment":[{"href":"https:\/\/wp.kristdemokraterna.se\/ydre\/wp-json\/wp\/v2\/media?parent=1323"}],"curies":[{"name":"wp","href":"https:\/\/api.w.org\/{rel}","templated":true}]}}