{"id":1328,"date":"2018-07-25T22:12:52","date_gmt":"2018-07-25T20:12:52","guid":{"rendered":"http:\/\/wp.kristdemokraterna.se\/ydre\/?page_id=1328"},"modified":"2018-07-25T22:15:55","modified_gmt":"2018-07-25T20:15:55","slug":"2014-12-05-lat-oss-tanda-ett-ljus","status":"publish","type":"page","link":"https:\/\/wp.kristdemokraterna.se\/ydre\/2014-12-05-lat-oss-tanda-ett-ljus\/","title":{"rendered":"2014-12-12 L\u00e5t oss t\u00e4nda ett ljus!"},"content":{"rendered":"<p>Det m\u00f6rknar mer f\u00f6r varje dag. Och vi blir allt mer beroende av elektriskt ljus. Eftersom det n\u00e4stan \u00e4r vinter beh\u00f6ver vi ocks\u00e5 mer v\u00e4rme i v\u00e5ra hus.<br \/>\nKan vi ha det s\u00e5 fram\u00f6ver? H\u00e4rom dagen varnades vi f\u00f6r att det kan bli elbrist fram\u00f6ver. Vattenkraftverken ger oss inte tillr\u00e4ckligt \u00e4ven om det ibland \u00e4r f\u00f6r mycket vatten i Bulsj\u00f6\u00e5n. Vindkraftverken \u00e4r ocks\u00e5 otillr\u00e4ckliga fast\u00e4n stormen Alexander just drar in \u00f6ver landet. K\u00e4rnkraftverken d\u00e5? Men om man b\u00f6rjar st\u00e4nga ner dem? De skall ju st\u00e4ngas ner, inte f\u00f6r att de \u00e4r d\u00e5liga eller farliga utan just f\u00f6r att de \u00e4r k\u00e4rnkraftverk.<br \/>\nSomliga f\u00f6resl\u00e5r att det anv\u00e4nda br\u00e4nslet fr\u00e5n k\u00e4rnkraftverken skulle kunna anv\u00e4ndas i en ny typ av anl\u00e4ggningar. Men eftersom det i alla fall \u00e4r n\u00e5gon slags k\u00e4rnkraft s\u00e5 s\u00e4ger andra att det \u00e4r ot\u00e4nkbart.<br \/>\nNej fram f\u00f6r f\u00f6rnybara br\u00e4nslen! De \u00e4r ju milj\u00f6v\u00e4nliga och\u00a0<a href=\"http:\/\/www.fokus.se\/wp-content\/uploads\/2008\/03\/melander.jpg\"><b>milj\u00f6v\u00e4nligt framst\u00e4llda!<\/b><\/a>\u00a0Eller hur?<br \/>\nV\u00e5gar vi ha adventsbelysning i forts\u00e4ttningen? T\u00e4nk om str\u00f6mmen kommer fr\u00e5n ett k\u00e4rnkraftverk&#8230;<\/p>\n<p><img loading=\"lazy\" decoding=\"async\" src=\"http:\/\/ydrebo.se\/kd\/veckobrev\/advent.jpg\" width=\"600\" height=\"450\" \/><\/p>\n<p><span style=\"font-size: large\"><i>Bengt Malm, ordf.<br \/>\n12 december 2014<\/i><\/span><\/p>\n<p><span style=\"font-size: large\">P.S. Den 15 december v\u00e4ljer kommunfullm\u00e4ktige den nya kommunstyrelsen (med en insynsplats f\u00f6r kristdemokraterna) och en m\u00e4ngd andra funktion\u00e4rer.<\/span><\/p>\n","protected":false},"excerpt":{"rendered":"<p>Det m\u00f6rknar mer f\u00f6r varje dag. Och vi blir allt mer beroende av elektriskt ljus. Eftersom det n\u00e4stan \u00e4r vinter beh\u00f6ver vi ocks\u00e5 mer v\u00e4rme i v\u00e5ra hus. Kan vi ha det s\u00e5 fram\u00f6ver? H\u00e4rom dagen varnades vi f\u00f6r att det kan bli elbrist fram\u00f6ver. Vattenkraftverken ger oss inte tillr\u00e4ckligt \u00e4ven om det ibland \u00e4r <a class=\"read-more-link\" href=\"https:\/\/wp.kristdemokraterna.se\/ydre\/2014-12-05-lat-oss-tanda-ett-ljus\/\">L\u00e4s mer<\/a><\/p>\n","protected":false},"author":793,"featured_media":0,"parent":0,"menu_order":0,"comment_status":"closed","ping_status":"closed","template":"","meta":{"_acf_changed":false,"footnotes":""},"class_list":["post-1328","page","type-page","status-publish","hentry"],"acf":[],"yoast_head":"<!-- This site is optimized with the Yoast SEO plugin v27.5 - https:\/\/yoast.com\/product\/yoast-seo-wordpress\/ -->\n<title>2014-12-12 L\u00e5t oss t\u00e4nda ett ljus! - Kristdemokraterna i Ydre<\/title>\n<meta name=\"robots\" content=\"index, follow, max-snippet:-1, max-image-preview:large, max-video-preview:-1\" \/>\n<link rel=\"canonical\" href=\"https:\/\/wp.kristdemokraterna.se\/ydre\/2014-12-05-lat-oss-tanda-ett-ljus\/\" \/>\n<meta property=\"og:locale\" content=\"sv_SE\" \/>\n<meta property=\"og:type\" content=\"article\" \/>\n<meta property=\"og:title\" content=\"2014-12-12 L\u00e5t oss t\u00e4nda ett ljus! - Kristdemokraterna i Ydre\" \/>\n<meta property=\"og:description\" content=\"Det m\u00f6rknar mer f\u00f6r varje dag. Och vi blir allt mer beroende av elektriskt ljus. Eftersom det n\u00e4stan \u00e4r vinter beh\u00f6ver vi ocks\u00e5 mer v\u00e4rme i v\u00e5ra hus. Kan vi ha det s\u00e5 fram\u00f6ver? H\u00e4rom dagen varnades vi f\u00f6r att det kan bli elbrist fram\u00f6ver. Vattenkraftverken ger oss inte tillr\u00e4ckligt \u00e4ven om det ibland \u00e4r L\u00e4s mer\" \/>\n<meta property=\"og:url\" content=\"https:\/\/wp.kristdemokraterna.se\/ydre\/2014-12-05-lat-oss-tanda-ett-ljus\/\" \/>\n<meta property=\"og:site_name\" content=\"Kristdemokraterna i Ydre\" \/>\n<meta property=\"article:modified_time\" content=\"2018-07-25T20:15:55+00:00\" \/>\n<meta property=\"og:image\" content=\"http:\/\/ydrebo.se\/kd\/veckobrev\/advent.jpg\" \/>\n<meta name=\"twitter:card\" content=\"summary_large_image\" \/>\n<meta name=\"twitter:label1\" content=\"Ber\u00e4knad l\u00e4stid\" \/>\n\t<meta name=\"twitter:data1\" content=\"1 minut\" \/>\n<script type=\"application\/ld+json\" class=\"yoast-schema-graph\">{\"@context\":\"https:\\\/\\\/schema.org\",\"@graph\":[{\"@type\":\"WebPage\",\"@id\":\"https:\\\/\\\/wp.kristdemokraterna.se\\\/ydre\\\/2014-12-05-lat-oss-tanda-ett-ljus\\\/\",\"url\":\"https:\\\/\\\/wp.kristdemokraterna.se\\\/ydre\\\/2014-12-05-lat-oss-tanda-ett-ljus\\\/\",\"name\":\"2014-12-12 L\u00e5t oss t\u00e4nda ett ljus! - Kristdemokraterna i Ydre\",\"isPartOf\":{\"@id\":\"https:\\\/\\\/wp.kristdemokraterna.se\\\/ydre\\\/#website\"},\"primaryImageOfPage\":{\"@id\":\"https:\\\/\\\/wp.kristdemokraterna.se\\\/ydre\\\/2014-12-05-lat-oss-tanda-ett-ljus\\\/#primaryimage\"},\"image\":{\"@id\":\"https:\\\/\\\/wp.kristdemokraterna.se\\\/ydre\\\/2014-12-05-lat-oss-tanda-ett-ljus\\\/#primaryimage\"},\"thumbnailUrl\":\"http:\\\/\\\/ydrebo.se\\\/kd\\\/veckobrev\\\/advent.jpg\",\"datePublished\":\"2018-07-25T20:12:52+00:00\",\"dateModified\":\"2018-07-25T20:15:55+00:00\",\"breadcrumb\":{\"@id\":\"https:\\\/\\\/wp.kristdemokraterna.se\\\/ydre\\\/2014-12-05-lat-oss-tanda-ett-ljus\\\/#breadcrumb\"},\"inLanguage\":\"sv-SE\",\"potentialAction\":[{\"@type\":\"ReadAction\",\"target\":[\"https:\\\/\\\/wp.kristdemokraterna.se\\\/ydre\\\/2014-12-05-lat-oss-tanda-ett-ljus\\\/\"]}]},{\"@type\":\"ImageObject\",\"inLanguage\":\"sv-SE\",\"@id\":\"https:\\\/\\\/wp.kristdemokraterna.se\\\/ydre\\\/2014-12-05-lat-oss-tanda-ett-ljus\\\/#primaryimage\",\"url\":\"http:\\\/\\\/ydrebo.se\\\/kd\\\/veckobrev\\\/advent.jpg\",\"contentUrl\":\"http:\\\/\\\/ydrebo.se\\\/kd\\\/veckobrev\\\/advent.jpg\"},{\"@type\":\"BreadcrumbList\",\"@id\":\"https:\\\/\\\/wp.kristdemokraterna.se\\\/ydre\\\/2014-12-05-lat-oss-tanda-ett-ljus\\\/#breadcrumb\",\"itemListElement\":[{\"@type\":\"ListItem\",\"position\":1,\"name\":\"Hem\",\"item\":\"https:\\\/\\\/wp.kristdemokraterna.se\\\/ydre\\\/\"},{\"@type\":\"ListItem\",\"position\":2,\"name\":\"2014-12-12 L\u00e5t oss t\u00e4nda ett ljus!\"}]},{\"@type\":\"WebSite\",\"@id\":\"https:\\\/\\\/wp.kristdemokraterna.se\\\/ydre\\\/#website\",\"url\":\"https:\\\/\\\/wp.kristdemokraterna.se\\\/ydre\\\/\",\"name\":\"Kristdemokraterna i Ydre\",\"description\":\"En till Kristdemokraterna webbplats\",\"inLanguage\":\"sv-SE\"}]}<\/script>\n<!-- \/ Yoast SEO plugin. -->","yoast_head_json":{"title":"2014-12-12 L\u00e5t oss t\u00e4nda ett ljus! - Kristdemokraterna i Ydre","robots":{"index":"index","follow":"follow","max-snippet":"max-snippet:-1","max-image-preview":"max-image-preview:large","max-video-preview":"max-video-preview:-1"},"canonical":"https:\/\/wp.kristdemokraterna.se\/ydre\/2014-12-05-lat-oss-tanda-ett-ljus\/","og_locale":"sv_SE","og_type":"article","og_title":"2014-12-12 L\u00e5t oss t\u00e4nda ett ljus! - Kristdemokraterna i Ydre","og_description":"Det m\u00f6rknar mer f\u00f6r varje dag. Och vi blir allt mer beroende av elektriskt ljus. Eftersom det n\u00e4stan \u00e4r vinter beh\u00f6ver vi ocks\u00e5 mer v\u00e4rme i v\u00e5ra hus. Kan vi ha det s\u00e5 fram\u00f6ver? H\u00e4rom dagen varnades vi f\u00f6r att det kan bli elbrist fram\u00f6ver. Vattenkraftverken ger oss inte tillr\u00e4ckligt \u00e4ven om det ibland \u00e4r L\u00e4s mer","og_url":"https:\/\/wp.kristdemokraterna.se\/ydre\/2014-12-05-lat-oss-tanda-ett-ljus\/","og_site_name":"Kristdemokraterna i Ydre","article_modified_time":"2018-07-25T20:15:55+00:00","og_image":[{"url":"http:\/\/ydrebo.se\/kd\/veckobrev\/advent.jpg","type":"","width":"","height":""}],"twitter_card":"summary_large_image","twitter_misc":{"Ber\u00e4knad l\u00e4stid":"1 minut"},"schema":{"@context":"https:\/\/schema.org","@graph":[{"@type":"WebPage","@id":"https:\/\/wp.kristdemokraterna.se\/ydre\/2014-12-05-lat-oss-tanda-ett-ljus\/","url":"https:\/\/wp.kristdemokraterna.se\/ydre\/2014-12-05-lat-oss-tanda-ett-ljus\/","name":"2014-12-12 L\u00e5t oss t\u00e4nda ett ljus! - Kristdemokraterna i Ydre","isPartOf":{"@id":"https:\/\/wp.kristdemokraterna.se\/ydre\/#website"},"primaryImageOfPage":{"@id":"https:\/\/wp.kristdemokraterna.se\/ydre\/2014-12-05-lat-oss-tanda-ett-ljus\/#primaryimage"},"image":{"@id":"https:\/\/wp.kristdemokraterna.se\/ydre\/2014-12-05-lat-oss-tanda-ett-ljus\/#primaryimage"},"thumbnailUrl":"http:\/\/ydrebo.se\/kd\/veckobrev\/advent.jpg","datePublished":"2018-07-25T20:12:52+00:00","dateModified":"2018-07-25T20:15:55+00:00","breadcrumb":{"@id":"https:\/\/wp.kristdemokraterna.se\/ydre\/2014-12-05-lat-oss-tanda-ett-ljus\/#breadcrumb"},"inLanguage":"sv-SE","potentialAction":[{"@type":"ReadAction","target":["https:\/\/wp.kristdemokraterna.se\/ydre\/2014-12-05-lat-oss-tanda-ett-ljus\/"]}]},{"@type":"ImageObject","inLanguage":"sv-SE","@id":"https:\/\/wp.kristdemokraterna.se\/ydre\/2014-12-05-lat-oss-tanda-ett-ljus\/#primaryimage","url":"http:\/\/ydrebo.se\/kd\/veckobrev\/advent.jpg","contentUrl":"http:\/\/ydrebo.se\/kd\/veckobrev\/advent.jpg"},{"@type":"BreadcrumbList","@id":"https:\/\/wp.kristdemokraterna.se\/ydre\/2014-12-05-lat-oss-tanda-ett-ljus\/#breadcrumb","itemListElement":[{"@type":"ListItem","position":1,"name":"Hem","item":"https:\/\/wp.kristdemokraterna.se\/ydre\/"},{"@type":"ListItem","position":2,"name":"2014-12-12 L\u00e5t oss t\u00e4nda ett ljus!"}]},{"@type":"WebSite","@id":"https:\/\/wp.kristdemokraterna.se\/ydre\/#website","url":"https:\/\/wp.kristdemokraterna.se\/ydre\/","name":"Kristdemokraterna i Ydre","description":"En till Kristdemokraterna webbplats","inLanguage":"sv-SE"}]}},"_links":{"self":[{"href":"https:\/\/wp.kristdemokraterna.se\/ydre\/wp-json\/wp\/v2\/pages\/1328","targetHints":{"allow":["GET"]}}],"collection":[{"href":"https:\/\/wp.kristdemokraterna.se\/ydre\/wp-json\/wp\/v2\/pages"}],"about":[{"href":"https:\/\/wp.kristdemokraterna.se\/ydre\/wp-json\/wp\/v2\/types\/page"}],"author":[{"embeddable":true,"href":"https:\/\/wp.kristdemokraterna.se\/ydre\/wp-json\/wp\/v2\/users\/793"}],"replies":[{"embeddable":true,"href":"https:\/\/wp.kristdemokraterna.se\/ydre\/wp-json\/wp\/v2\/comments?post=1328"}],"version-history":[{"count":3,"href":"https:\/\/wp.kristdemokraterna.se\/ydre\/wp-json\/wp\/v2\/pages\/1328\/revisions"}],"predecessor-version":[{"id":1331,"href":"https:\/\/wp.kristdemokraterna.se\/ydre\/wp-json\/wp\/v2\/pages\/1328\/revisions\/1331"}],"wp:attachment":[{"href":"https:\/\/wp.kristdemokraterna.se\/ydre\/wp-json\/wp\/v2\/media?parent=1328"}],"curies":[{"name":"wp","href":"https:\/\/api.w.org\/{rel}","templated":true}]}}