{"id":1333,"date":"2018-07-25T22:17:52","date_gmt":"2018-07-25T20:17:52","guid":{"rendered":"http:\/\/wp.kristdemokraterna.se\/ydre\/?page_id=1333"},"modified":"2018-07-25T22:18:59","modified_gmt":"2018-07-25T20:18:59","slug":"2014-12-18-drommen-om-en-vit-jul","status":"publish","type":"page","link":"https:\/\/wp.kristdemokraterna.se\/ydre\/2014-12-18-drommen-om-en-vit-jul\/","title":{"rendered":"2014-12-18 Dr\u00f6mmen om en vit jul"},"content":{"rendered":"<p>&#8221;I&#8217;m dreaming of a white Christmas&#8230;&#8221; Men det var bara en dr\u00f6m luciaf\u00f6ljet sj\u00f6ng om. Det var i sj\u00e4lva verket m\u00f6rkare ute \u00e4n n\u00e5gonsin under h\u00f6sten. Det sn\u00f6blask som kommit n\u00e5gra dagar tidigare hade n\u00e4stan helt t\u00f6at bort. Det enda sn\u00f6vita i sikte var lucians och t\u00e4rnornas kl\u00e4nningar.<br \/>\nPrecis som tidigare \u00e5r kom lucian och hennes f\u00f6ljeslagare fr\u00e5n Ydreskolan och framtr\u00e4dde inf\u00f6r kommunens politiker och en del av de anst\u00e4llda (s\u00e5dana som hade arbetat h\u00e4r i 25 \u00e5r). De ackompnjerades av sina utm\u00e4rkta ledare.<br \/>\nPl\u00f6tsligt ropade en i publiken: &#8221;Hon svimmar!&#8221; Ja, en av t\u00e4rnorna svajade faktiskt. S\u00e5 vacklade hon mer och mer. De n\u00e4rmaste \u00e5h\u00f6rarna rusade upp. Just som de skulle gripa tag i flickan f\u00f6ll hon rakt bak\u00e5t med ett brinnande ljus i handen.<\/p>\n<p><img loading=\"lazy\" decoding=\"async\" src=\"http:\/\/ydrebo.se\/kd\/veckobrev\/ukreda2.JPG\" width=\"600\" height=\"461\" \/><br \/>\n<i>Ukredavinter n\u00e4r det begav sig.<\/p>\n<p><\/i>Kommunfullm\u00e4ktiges sammantr\u00e4de den 15 december tog ovanligt l\u00e5ng tid &#8211; hela 45 minuter. Men det var mycket som skulle hinnas med &#8211; upprop, val av justerare och godk\u00e4nnande av kallelsen. Vi fick veta att det \u00e4r ett problem med annonseringen n\u00e4r det s\u00e5 s\u00e4llan finns en ydresida i ortstidningen. Nu kan en annons om sammantr\u00e4den vara undanskymd precis var som helst i tidningen.<br \/>\nNu var vi i alla fall d\u00e4r liksom m\u00e5nga \u00e5h\u00f6rare (de flesta inbjudna). Vi godk\u00e4nde den l\u00e5nga f\u00f6redragningslistan och satte i g\u00e5ng. Det fanns en l\u00e5ng ekonomisk rapport. Vi antog komplement till budgeten f\u00f6r 2015 liksom en omfattande verksamhetsplan f\u00f6r n\u00e4sta \u00e5r (jag hade inv\u00e4ndningar mot tanken att ta bort \u00e5rskurs 4 fr\u00e5n Hestraskolan).<br \/>\nVi besl\u00f6t l\u00e5na 9 millioner f\u00f6r att \u00e5stadkomma ett nytt bostadsomr\u00e5de (&#8221;Dalbylandet&#8221;) n\u00e4ra Torpa kyrkby. Jag undrade om man tror att vi kan f\u00e5 igen pengarna och fick beskedet att man r\u00e4knar med det.<br \/>\nS\u00e5 kom Hestraskolan upp p\u00e5 allvar. Jag f\u00f6reslog precis som f\u00f6r\u00e4ldrarna och l\u00e4rarna i Hestra att \u00e5rskurs 4 skall f\u00e5 vara kvar och att man skall utreda om \u00e5rskurs 5 kan komma tillbaka. Jag protesterade mot att f\u00f6rslaget att ta bort \u00e5rskurs 4 lades innan l\u00e4rarna och f\u00f6r\u00e4ldrarna f\u00e5tt framf\u00f6ra sina \u00f6nskem\u00e5l. \u00c4nnu mer protesterade jag mot att deras synpunkter inte omn\u00e4mndes i den officiella rapporten. Jag hade rent av f\u00e5tt veta att det inte var vktigt vem som sade vad. Men om vi talar om samverkan med ydreborna\u00a0<i>m\u00e5ste<\/i>\u00a0vi notera deras \u00e5sikter. Varf\u00f6r skall de annars komma och tala med oss politiker? Men jag var ensam om den st\u00e5ndpunkten.<\/p>\n<p><img loading=\"lazy\" decoding=\"async\" src=\"http:\/\/ydrebo.se\/kd\/veckobrev\/ukreda3.JPG\" width=\"600\" height=\"463\" \/><br \/>\n<i>Vinter i \u00d6sterbymo (n\u00e4r den finns)<\/p>\n<p><\/i>Varf\u00f6r var det s\u00e5 br\u00e5ttom med skolbeslutet? En anledning kan vara att varje n\u00e4rvarande ledamot i kommunfullm\u00e4ktige just f\u00e5tt utdelat ett exemplar av en forskningsrapport om Ydre fr\u00e5n Link\u00f6pings universitet. Den heter &#8221;En annan kommunal ekonomi &#8211; Om andra s\u00e4tt att v\u00e4rdera lokala resurser och aktiviteter&#8221;. Professor Elin Wihlborg och docent Per Assmo kritiserar d\u00e4r mycket skarpt ydrepolitikernas bem\u00f6tande av ortsborna n\u00e4r Rydsn\u00e4s och Asby miste sina skolor. Kommunen tj\u00e4nade inte p\u00e5 det och ortsborna tappade f\u00f6rtroendet f\u00f6r sina politiker.\u00a0<i>Det \u00e4r som om det var mycket viktigt att vi inte hann l\u00e4sa detta innan det var dags att fatta beslut om skolan i Hestra&#8230;<\/i><br \/>\nVi f\u00f6rr\u00e4ttade ocks\u00e5 en enorm m\u00e4ngd val, framf\u00f6r allt till kommunstyrelsen. D\u00e4r fick jag en insynsplats. Jag undrade om jag kan f\u00e5 en ers\u00e4ttare. Det blir en fr\u00e5ga f\u00f6r valberedningen.<br \/>\nKommunstyrelsens ordf\u00f6rande l\u00e4ste upp ett svar p\u00e5 mina fr\u00e5gor (&#8221;interpellation&#8221;) fr\u00e5n f\u00f6rra m\u00f6tet. Hur kan det komma sig att vi enligt L\u00e4rarf\u00f6rbundet \u00e4r Sveriges s\u00e4msta arbetsgivare p\u00e5 skolans omr\u00e5de? Man tycks nu vara beredd att lyssna mer p\u00e5 dem som arbetar i skolan.<br \/>\nVar det inte starkt att hinna med allt detta och mer d\u00e4rtill p\u00e5 45 minuter? Inte alla \u00e5h\u00f6rare tyckte det. N\u00e5gra ans\u00e5g att det var nonchalant att jaga igenom \u00e4rendena p\u00e5 det s\u00e4ttet&#8230;<\/p>\n<p><img loading=\"lazy\" decoding=\"async\" src=\"http:\/\/ydrebo.se\/kd\/veckobrev\/advent.jpg\" width=\"600\" height=\"450\" \/><br \/>\n<span style=\"font-size: large\"><i>Bengt Malm, ordf.<br \/>\n18 december 2014<\/p>\n<p><\/i><\/span><span style=\"font-size: large\">P.S. Allt gick v\u00e4l med t\u00e4rnan som svimmade. Hon var tillbaka p\u00e5 sin plats n\u00e4r luciaf\u00f6ljet avtackades f\u00f6r sin f\u00f6rn\u00e4mliga insats.<\/span><\/p>\n","protected":false},"excerpt":{"rendered":"<p>&#8221;I&#8217;m dreaming of a white Christmas&#8230;&#8221; Men det var bara en dr\u00f6m luciaf\u00f6ljet sj\u00f6ng om. Det var i sj\u00e4lva verket m\u00f6rkare ute \u00e4n n\u00e5gonsin under h\u00f6sten. Det sn\u00f6blask som kommit n\u00e5gra dagar tidigare hade n\u00e4stan helt t\u00f6at bort. Det enda sn\u00f6vita i sikte var lucians och t\u00e4rnornas kl\u00e4nningar. Precis som tidigare \u00e5r kom lucian och <a class=\"read-more-link\" href=\"https:\/\/wp.kristdemokraterna.se\/ydre\/2014-12-18-drommen-om-en-vit-jul\/\">L\u00e4s mer<\/a><\/p>\n","protected":false},"author":793,"featured_media":0,"parent":0,"menu_order":0,"comment_status":"closed","ping_status":"closed","template":"","meta":{"_acf_changed":false,"footnotes":""},"class_list":["post-1333","page","type-page","status-publish","hentry"],"acf":[],"yoast_head":"<!-- This site is optimized with the Yoast SEO plugin v27.5 - https:\/\/yoast.com\/product\/yoast-seo-wordpress\/ -->\n<title>2014-12-18 Dr\u00f6mmen om en vit jul - Kristdemokraterna i Ydre<\/title>\n<meta name=\"robots\" content=\"index, follow, max-snippet:-1, max-image-preview:large, max-video-preview:-1\" \/>\n<link rel=\"canonical\" href=\"https:\/\/wp.kristdemokraterna.se\/ydre\/2014-12-18-drommen-om-en-vit-jul\/\" \/>\n<meta property=\"og:locale\" content=\"sv_SE\" \/>\n<meta property=\"og:type\" content=\"article\" \/>\n<meta property=\"og:title\" content=\"2014-12-18 Dr\u00f6mmen om en vit jul - Kristdemokraterna i Ydre\" \/>\n<meta property=\"og:description\" content=\"&#8221;I&#8217;m dreaming of a white Christmas&#8230;&#8221; Men det var bara en dr\u00f6m luciaf\u00f6ljet sj\u00f6ng om. Det var i sj\u00e4lva verket m\u00f6rkare ute \u00e4n n\u00e5gonsin under h\u00f6sten. Det sn\u00f6blask som kommit n\u00e5gra dagar tidigare hade n\u00e4stan helt t\u00f6at bort. Det enda sn\u00f6vita i sikte var lucians och t\u00e4rnornas kl\u00e4nningar. Precis som tidigare \u00e5r kom lucian och L\u00e4s mer\" \/>\n<meta property=\"og:url\" content=\"https:\/\/wp.kristdemokraterna.se\/ydre\/2014-12-18-drommen-om-en-vit-jul\/\" \/>\n<meta property=\"og:site_name\" content=\"Kristdemokraterna i Ydre\" \/>\n<meta property=\"article:modified_time\" content=\"2018-07-25T20:18:59+00:00\" \/>\n<meta property=\"og:image\" content=\"http:\/\/ydrebo.se\/kd\/veckobrev\/ukreda2.JPG\" \/>\n<meta name=\"twitter:card\" content=\"summary_large_image\" \/>\n<meta name=\"twitter:label1\" content=\"Ber\u00e4knad l\u00e4stid\" \/>\n\t<meta name=\"twitter:data1\" content=\"4 minuter\" \/>\n<script type=\"application\/ld+json\" class=\"yoast-schema-graph\">{\"@context\":\"https:\\\/\\\/schema.org\",\"@graph\":[{\"@type\":\"WebPage\",\"@id\":\"https:\\\/\\\/wp.kristdemokraterna.se\\\/ydre\\\/2014-12-18-drommen-om-en-vit-jul\\\/\",\"url\":\"https:\\\/\\\/wp.kristdemokraterna.se\\\/ydre\\\/2014-12-18-drommen-om-en-vit-jul\\\/\",\"name\":\"2014-12-18 Dr\u00f6mmen om en vit jul - Kristdemokraterna i Ydre\",\"isPartOf\":{\"@id\":\"https:\\\/\\\/wp.kristdemokraterna.se\\\/ydre\\\/#website\"},\"primaryImageOfPage\":{\"@id\":\"https:\\\/\\\/wp.kristdemokraterna.se\\\/ydre\\\/2014-12-18-drommen-om-en-vit-jul\\\/#primaryimage\"},\"image\":{\"@id\":\"https:\\\/\\\/wp.kristdemokraterna.se\\\/ydre\\\/2014-12-18-drommen-om-en-vit-jul\\\/#primaryimage\"},\"thumbnailUrl\":\"http:\\\/\\\/ydrebo.se\\\/kd\\\/veckobrev\\\/ukreda2.JPG\",\"datePublished\":\"2018-07-25T20:17:52+00:00\",\"dateModified\":\"2018-07-25T20:18:59+00:00\",\"breadcrumb\":{\"@id\":\"https:\\\/\\\/wp.kristdemokraterna.se\\\/ydre\\\/2014-12-18-drommen-om-en-vit-jul\\\/#breadcrumb\"},\"inLanguage\":\"sv-SE\",\"potentialAction\":[{\"@type\":\"ReadAction\",\"target\":[\"https:\\\/\\\/wp.kristdemokraterna.se\\\/ydre\\\/2014-12-18-drommen-om-en-vit-jul\\\/\"]}]},{\"@type\":\"ImageObject\",\"inLanguage\":\"sv-SE\",\"@id\":\"https:\\\/\\\/wp.kristdemokraterna.se\\\/ydre\\\/2014-12-18-drommen-om-en-vit-jul\\\/#primaryimage\",\"url\":\"http:\\\/\\\/ydrebo.se\\\/kd\\\/veckobrev\\\/ukreda2.JPG\",\"contentUrl\":\"http:\\\/\\\/ydrebo.se\\\/kd\\\/veckobrev\\\/ukreda2.JPG\"},{\"@type\":\"BreadcrumbList\",\"@id\":\"https:\\\/\\\/wp.kristdemokraterna.se\\\/ydre\\\/2014-12-18-drommen-om-en-vit-jul\\\/#breadcrumb\",\"itemListElement\":[{\"@type\":\"ListItem\",\"position\":1,\"name\":\"Hem\",\"item\":\"https:\\\/\\\/wp.kristdemokraterna.se\\\/ydre\\\/\"},{\"@type\":\"ListItem\",\"position\":2,\"name\":\"2014-12-18 Dr\u00f6mmen om en vit jul\"}]},{\"@type\":\"WebSite\",\"@id\":\"https:\\\/\\\/wp.kristdemokraterna.se\\\/ydre\\\/#website\",\"url\":\"https:\\\/\\\/wp.kristdemokraterna.se\\\/ydre\\\/\",\"name\":\"Kristdemokraterna i Ydre\",\"description\":\"En till Kristdemokraterna webbplats\",\"inLanguage\":\"sv-SE\"}]}<\/script>\n<!-- \/ Yoast SEO plugin. -->","yoast_head_json":{"title":"2014-12-18 Dr\u00f6mmen om en vit jul - Kristdemokraterna i Ydre","robots":{"index":"index","follow":"follow","max-snippet":"max-snippet:-1","max-image-preview":"max-image-preview:large","max-video-preview":"max-video-preview:-1"},"canonical":"https:\/\/wp.kristdemokraterna.se\/ydre\/2014-12-18-drommen-om-en-vit-jul\/","og_locale":"sv_SE","og_type":"article","og_title":"2014-12-18 Dr\u00f6mmen om en vit jul - Kristdemokraterna i Ydre","og_description":"&#8221;I&#8217;m dreaming of a white Christmas&#8230;&#8221; Men det var bara en dr\u00f6m luciaf\u00f6ljet sj\u00f6ng om. Det var i sj\u00e4lva verket m\u00f6rkare ute \u00e4n n\u00e5gonsin under h\u00f6sten. Det sn\u00f6blask som kommit n\u00e5gra dagar tidigare hade n\u00e4stan helt t\u00f6at bort. Det enda sn\u00f6vita i sikte var lucians och t\u00e4rnornas kl\u00e4nningar. Precis som tidigare \u00e5r kom lucian och L\u00e4s mer","og_url":"https:\/\/wp.kristdemokraterna.se\/ydre\/2014-12-18-drommen-om-en-vit-jul\/","og_site_name":"Kristdemokraterna i Ydre","article_modified_time":"2018-07-25T20:18:59+00:00","og_image":[{"url":"http:\/\/ydrebo.se\/kd\/veckobrev\/ukreda2.JPG","type":"","width":"","height":""}],"twitter_card":"summary_large_image","twitter_misc":{"Ber\u00e4knad l\u00e4stid":"4 minuter"},"schema":{"@context":"https:\/\/schema.org","@graph":[{"@type":"WebPage","@id":"https:\/\/wp.kristdemokraterna.se\/ydre\/2014-12-18-drommen-om-en-vit-jul\/","url":"https:\/\/wp.kristdemokraterna.se\/ydre\/2014-12-18-drommen-om-en-vit-jul\/","name":"2014-12-18 Dr\u00f6mmen om en vit jul - Kristdemokraterna i Ydre","isPartOf":{"@id":"https:\/\/wp.kristdemokraterna.se\/ydre\/#website"},"primaryImageOfPage":{"@id":"https:\/\/wp.kristdemokraterna.se\/ydre\/2014-12-18-drommen-om-en-vit-jul\/#primaryimage"},"image":{"@id":"https:\/\/wp.kristdemokraterna.se\/ydre\/2014-12-18-drommen-om-en-vit-jul\/#primaryimage"},"thumbnailUrl":"http:\/\/ydrebo.se\/kd\/veckobrev\/ukreda2.JPG","datePublished":"2018-07-25T20:17:52+00:00","dateModified":"2018-07-25T20:18:59+00:00","breadcrumb":{"@id":"https:\/\/wp.kristdemokraterna.se\/ydre\/2014-12-18-drommen-om-en-vit-jul\/#breadcrumb"},"inLanguage":"sv-SE","potentialAction":[{"@type":"ReadAction","target":["https:\/\/wp.kristdemokraterna.se\/ydre\/2014-12-18-drommen-om-en-vit-jul\/"]}]},{"@type":"ImageObject","inLanguage":"sv-SE","@id":"https:\/\/wp.kristdemokraterna.se\/ydre\/2014-12-18-drommen-om-en-vit-jul\/#primaryimage","url":"http:\/\/ydrebo.se\/kd\/veckobrev\/ukreda2.JPG","contentUrl":"http:\/\/ydrebo.se\/kd\/veckobrev\/ukreda2.JPG"},{"@type":"BreadcrumbList","@id":"https:\/\/wp.kristdemokraterna.se\/ydre\/2014-12-18-drommen-om-en-vit-jul\/#breadcrumb","itemListElement":[{"@type":"ListItem","position":1,"name":"Hem","item":"https:\/\/wp.kristdemokraterna.se\/ydre\/"},{"@type":"ListItem","position":2,"name":"2014-12-18 Dr\u00f6mmen om en vit jul"}]},{"@type":"WebSite","@id":"https:\/\/wp.kristdemokraterna.se\/ydre\/#website","url":"https:\/\/wp.kristdemokraterna.se\/ydre\/","name":"Kristdemokraterna i Ydre","description":"En till Kristdemokraterna webbplats","inLanguage":"sv-SE"}]}},"_links":{"self":[{"href":"https:\/\/wp.kristdemokraterna.se\/ydre\/wp-json\/wp\/v2\/pages\/1333","targetHints":{"allow":["GET"]}}],"collection":[{"href":"https:\/\/wp.kristdemokraterna.se\/ydre\/wp-json\/wp\/v2\/pages"}],"about":[{"href":"https:\/\/wp.kristdemokraterna.se\/ydre\/wp-json\/wp\/v2\/types\/page"}],"author":[{"embeddable":true,"href":"https:\/\/wp.kristdemokraterna.se\/ydre\/wp-json\/wp\/v2\/users\/793"}],"replies":[{"embeddable":true,"href":"https:\/\/wp.kristdemokraterna.se\/ydre\/wp-json\/wp\/v2\/comments?post=1333"}],"version-history":[{"count":3,"href":"https:\/\/wp.kristdemokraterna.se\/ydre\/wp-json\/wp\/v2\/pages\/1333\/revisions"}],"predecessor-version":[{"id":1336,"href":"https:\/\/wp.kristdemokraterna.se\/ydre\/wp-json\/wp\/v2\/pages\/1333\/revisions\/1336"}],"wp:attachment":[{"href":"https:\/\/wp.kristdemokraterna.se\/ydre\/wp-json\/wp\/v2\/media?parent=1333"}],"curies":[{"name":"wp","href":"https:\/\/api.w.org\/{rel}","templated":true}]}}