{"id":1338,"date":"2018-07-25T22:22:05","date_gmt":"2018-07-25T20:22:05","guid":{"rendered":"http:\/\/wp.kristdemokraterna.se\/ydre\/?page_id=1338"},"modified":"2018-07-25T22:23:42","modified_gmt":"2018-07-25T20:23:42","slug":"2014-12-28-en-forsenad-julklapp","status":"publish","type":"page","link":"https:\/\/wp.kristdemokraterna.se\/ydre\/2014-12-28-en-forsenad-julklapp\/","title":{"rendered":"2014-12-28 En f\u00f6rsenad julklapp"},"content":{"rendered":"<p>Det \u00e4r vad svenska folket f\u00e5tt &#8211;\u00a0det blir inget extraval den 22 mars 2015<b>.<\/b>\u00a0Det \u00e4r de sex partierna i regeringen och i Alliansen som\u00a0kommit \u00f6verens<b>.<\/b><br \/>\nDet s\u00e4gs att G\u00f6ran H\u00e4gglund var den borgerliga ledare som f\u00f6rst kontaktades av regeringen. Ibland \u00e4r det bra att ha kristdemokraterna!<br \/>\nDet kommer att bli mycket lugnare ocks\u00e5 lokalt n\u00e4r partierna inte beh\u00f6ver \u00e4gna sig att bek\u00e4mpa varandra i \u00e4nnu en valr\u00f6relse. Det finns nog av lokala fr\u00e5gor att ta sig an. Ocks\u00e5 h\u00e4r i Ydre har Kristdemokraterna str\u00e4vat efter en samf\u00f6rst\u00e5ndsl\u00f6sning. Visserligen fick vi inte plats i samlingsregeringen i Ydre men \u00e4ven i opposition kan vi arbeta konstruktivt.<\/p>\n<p><img loading=\"lazy\" decoding=\"async\" src=\"http:\/\/ydrebo.se\/kd\/veckobrev\/ukreda4.JPG\" width=\"600\" height=\"462\" \/><br \/>\n<i>Vinter i Ukreda<\/i><\/p>\n<p>Ett problem \u00e4r hur ydreborna skall f\u00e5 information om vad som f\u00f6rsigg\u00e5r i kommunen. Det kommer att bli sv\u00e5rare n\u00e4r ortstidningen inte l\u00e4ngre har n\u00e5gon lokalredaktion. Ofta finns det ingen ydresida i tidningen. Annonser om det som h\u00e4nder h\u00e4r har inte l\u00e4ngre n\u00e5gon s\u00e4rskild plats d\u00e4r man kan hitta dem.<br \/>\nDenna hemsidas redakt\u00f6r (Barbro Malm) har lagt ett medborgarf\u00f6rslag om att kommunen skall ge ut ett informationsblad med kommunala upplysningar. Kommunstyrelsen skall ta upp fr\u00e5gan den 12 januari.<br \/>\nMen ocks\u00e5 formerna f\u00f6r insyn i den kommunala f\u00f6rvaltningen beh\u00f6ver diskuteras. Utan insyn blir det sv\u00e5rt att genomf\u00f6ra reformer som kan beh\u00f6va g\u00f6ras. Vi \u00e4r numera tyv\u00e4rr l\u00e5ngt fr\u00e5n tales\u00e4ttet att alla genast vet vad som s\u00e4gs i kommunhuset.<br \/>\nS\u00e5 visst beh\u00f6ver vi mer ljus! Och mer v\u00e4rme!<\/p>\n<p><img loading=\"lazy\" decoding=\"async\" src=\"http:\/\/ydrebo.se\/kd\/veckobrev\/brasa.JPG\" width=\"600\" height=\"461\" \/><\/p>\n<p><i>Bengt Malm, ordf.<br \/>\n28 december 2014<\/i><\/p>\n","protected":false},"excerpt":{"rendered":"<p>Det \u00e4r vad svenska folket f\u00e5tt &#8211;\u00a0det blir inget extraval den 22 mars 2015.\u00a0Det \u00e4r de sex partierna i regeringen och i Alliansen som\u00a0kommit \u00f6verens. Det s\u00e4gs att G\u00f6ran H\u00e4gglund var den borgerliga ledare som f\u00f6rst kontaktades av regeringen. Ibland \u00e4r det bra att ha kristdemokraterna! Det kommer att bli mycket lugnare ocks\u00e5 lokalt n\u00e4r <a class=\"read-more-link\" href=\"https:\/\/wp.kristdemokraterna.se\/ydre\/2014-12-28-en-forsenad-julklapp\/\">L\u00e4s mer<\/a><\/p>\n","protected":false},"author":793,"featured_media":0,"parent":0,"menu_order":0,"comment_status":"closed","ping_status":"closed","template":"","meta":{"_acf_changed":false,"footnotes":""},"class_list":["post-1338","page","type-page","status-publish","hentry"],"acf":[],"yoast_head":"<!-- This site is optimized with the Yoast SEO plugin v27.5 - https:\/\/yoast.com\/product\/yoast-seo-wordpress\/ -->\n<title>2014-12-28 En f\u00f6rsenad julklapp - Kristdemokraterna i Ydre<\/title>\n<meta name=\"robots\" content=\"index, follow, max-snippet:-1, max-image-preview:large, max-video-preview:-1\" \/>\n<link rel=\"canonical\" href=\"https:\/\/wp.kristdemokraterna.se\/ydre\/2014-12-28-en-forsenad-julklapp\/\" \/>\n<meta property=\"og:locale\" content=\"sv_SE\" \/>\n<meta property=\"og:type\" content=\"article\" \/>\n<meta property=\"og:title\" content=\"2014-12-28 En f\u00f6rsenad julklapp - Kristdemokraterna i Ydre\" \/>\n<meta property=\"og:description\" content=\"Det \u00e4r vad svenska folket f\u00e5tt &#8211;\u00a0det blir inget extraval den 22 mars 2015.\u00a0Det \u00e4r de sex partierna i regeringen och i Alliansen som\u00a0kommit \u00f6verens. Det s\u00e4gs att G\u00f6ran H\u00e4gglund var den borgerliga ledare som f\u00f6rst kontaktades av regeringen. Ibland \u00e4r det bra att ha kristdemokraterna! Det kommer att bli mycket lugnare ocks\u00e5 lokalt n\u00e4r L\u00e4s mer\" \/>\n<meta property=\"og:url\" content=\"https:\/\/wp.kristdemokraterna.se\/ydre\/2014-12-28-en-forsenad-julklapp\/\" \/>\n<meta property=\"og:site_name\" content=\"Kristdemokraterna i Ydre\" \/>\n<meta property=\"article:modified_time\" content=\"2018-07-25T20:23:42+00:00\" \/>\n<meta property=\"og:image\" content=\"http:\/\/ydrebo.se\/kd\/veckobrev\/ukreda4.JPG\" \/>\n<meta name=\"twitter:card\" content=\"summary_large_image\" \/>\n<meta name=\"twitter:label1\" content=\"Ber\u00e4knad l\u00e4stid\" \/>\n\t<meta name=\"twitter:data1\" content=\"1 minut\" \/>\n<script type=\"application\/ld+json\" class=\"yoast-schema-graph\">{\"@context\":\"https:\\\/\\\/schema.org\",\"@graph\":[{\"@type\":\"WebPage\",\"@id\":\"https:\\\/\\\/wp.kristdemokraterna.se\\\/ydre\\\/2014-12-28-en-forsenad-julklapp\\\/\",\"url\":\"https:\\\/\\\/wp.kristdemokraterna.se\\\/ydre\\\/2014-12-28-en-forsenad-julklapp\\\/\",\"name\":\"2014-12-28 En f\u00f6rsenad julklapp - Kristdemokraterna i Ydre\",\"isPartOf\":{\"@id\":\"https:\\\/\\\/wp.kristdemokraterna.se\\\/ydre\\\/#website\"},\"primaryImageOfPage\":{\"@id\":\"https:\\\/\\\/wp.kristdemokraterna.se\\\/ydre\\\/2014-12-28-en-forsenad-julklapp\\\/#primaryimage\"},\"image\":{\"@id\":\"https:\\\/\\\/wp.kristdemokraterna.se\\\/ydre\\\/2014-12-28-en-forsenad-julklapp\\\/#primaryimage\"},\"thumbnailUrl\":\"http:\\\/\\\/ydrebo.se\\\/kd\\\/veckobrev\\\/ukreda4.JPG\",\"datePublished\":\"2018-07-25T20:22:05+00:00\",\"dateModified\":\"2018-07-25T20:23:42+00:00\",\"breadcrumb\":{\"@id\":\"https:\\\/\\\/wp.kristdemokraterna.se\\\/ydre\\\/2014-12-28-en-forsenad-julklapp\\\/#breadcrumb\"},\"inLanguage\":\"sv-SE\",\"potentialAction\":[{\"@type\":\"ReadAction\",\"target\":[\"https:\\\/\\\/wp.kristdemokraterna.se\\\/ydre\\\/2014-12-28-en-forsenad-julklapp\\\/\"]}]},{\"@type\":\"ImageObject\",\"inLanguage\":\"sv-SE\",\"@id\":\"https:\\\/\\\/wp.kristdemokraterna.se\\\/ydre\\\/2014-12-28-en-forsenad-julklapp\\\/#primaryimage\",\"url\":\"http:\\\/\\\/ydrebo.se\\\/kd\\\/veckobrev\\\/ukreda4.JPG\",\"contentUrl\":\"http:\\\/\\\/ydrebo.se\\\/kd\\\/veckobrev\\\/ukreda4.JPG\"},{\"@type\":\"BreadcrumbList\",\"@id\":\"https:\\\/\\\/wp.kristdemokraterna.se\\\/ydre\\\/2014-12-28-en-forsenad-julklapp\\\/#breadcrumb\",\"itemListElement\":[{\"@type\":\"ListItem\",\"position\":1,\"name\":\"Hem\",\"item\":\"https:\\\/\\\/wp.kristdemokraterna.se\\\/ydre\\\/\"},{\"@type\":\"ListItem\",\"position\":2,\"name\":\"2014-12-28 En f\u00f6rsenad julklapp\"}]},{\"@type\":\"WebSite\",\"@id\":\"https:\\\/\\\/wp.kristdemokraterna.se\\\/ydre\\\/#website\",\"url\":\"https:\\\/\\\/wp.kristdemokraterna.se\\\/ydre\\\/\",\"name\":\"Kristdemokraterna i Ydre\",\"description\":\"En till Kristdemokraterna webbplats\",\"inLanguage\":\"sv-SE\"}]}<\/script>\n<!-- \/ Yoast SEO plugin. -->","yoast_head_json":{"title":"2014-12-28 En f\u00f6rsenad julklapp - Kristdemokraterna i Ydre","robots":{"index":"index","follow":"follow","max-snippet":"max-snippet:-1","max-image-preview":"max-image-preview:large","max-video-preview":"max-video-preview:-1"},"canonical":"https:\/\/wp.kristdemokraterna.se\/ydre\/2014-12-28-en-forsenad-julklapp\/","og_locale":"sv_SE","og_type":"article","og_title":"2014-12-28 En f\u00f6rsenad julklapp - Kristdemokraterna i Ydre","og_description":"Det \u00e4r vad svenska folket f\u00e5tt &#8211;\u00a0det blir inget extraval den 22 mars 2015.\u00a0Det \u00e4r de sex partierna i regeringen och i Alliansen som\u00a0kommit \u00f6verens. Det s\u00e4gs att G\u00f6ran H\u00e4gglund var den borgerliga ledare som f\u00f6rst kontaktades av regeringen. Ibland \u00e4r det bra att ha kristdemokraterna! Det kommer att bli mycket lugnare ocks\u00e5 lokalt n\u00e4r L\u00e4s mer","og_url":"https:\/\/wp.kristdemokraterna.se\/ydre\/2014-12-28-en-forsenad-julklapp\/","og_site_name":"Kristdemokraterna i Ydre","article_modified_time":"2018-07-25T20:23:42+00:00","og_image":[{"url":"http:\/\/ydrebo.se\/kd\/veckobrev\/ukreda4.JPG","type":"","width":"","height":""}],"twitter_card":"summary_large_image","twitter_misc":{"Ber\u00e4knad l\u00e4stid":"1 minut"},"schema":{"@context":"https:\/\/schema.org","@graph":[{"@type":"WebPage","@id":"https:\/\/wp.kristdemokraterna.se\/ydre\/2014-12-28-en-forsenad-julklapp\/","url":"https:\/\/wp.kristdemokraterna.se\/ydre\/2014-12-28-en-forsenad-julklapp\/","name":"2014-12-28 En f\u00f6rsenad julklapp - Kristdemokraterna i Ydre","isPartOf":{"@id":"https:\/\/wp.kristdemokraterna.se\/ydre\/#website"},"primaryImageOfPage":{"@id":"https:\/\/wp.kristdemokraterna.se\/ydre\/2014-12-28-en-forsenad-julklapp\/#primaryimage"},"image":{"@id":"https:\/\/wp.kristdemokraterna.se\/ydre\/2014-12-28-en-forsenad-julklapp\/#primaryimage"},"thumbnailUrl":"http:\/\/ydrebo.se\/kd\/veckobrev\/ukreda4.JPG","datePublished":"2018-07-25T20:22:05+00:00","dateModified":"2018-07-25T20:23:42+00:00","breadcrumb":{"@id":"https:\/\/wp.kristdemokraterna.se\/ydre\/2014-12-28-en-forsenad-julklapp\/#breadcrumb"},"inLanguage":"sv-SE","potentialAction":[{"@type":"ReadAction","target":["https:\/\/wp.kristdemokraterna.se\/ydre\/2014-12-28-en-forsenad-julklapp\/"]}]},{"@type":"ImageObject","inLanguage":"sv-SE","@id":"https:\/\/wp.kristdemokraterna.se\/ydre\/2014-12-28-en-forsenad-julklapp\/#primaryimage","url":"http:\/\/ydrebo.se\/kd\/veckobrev\/ukreda4.JPG","contentUrl":"http:\/\/ydrebo.se\/kd\/veckobrev\/ukreda4.JPG"},{"@type":"BreadcrumbList","@id":"https:\/\/wp.kristdemokraterna.se\/ydre\/2014-12-28-en-forsenad-julklapp\/#breadcrumb","itemListElement":[{"@type":"ListItem","position":1,"name":"Hem","item":"https:\/\/wp.kristdemokraterna.se\/ydre\/"},{"@type":"ListItem","position":2,"name":"2014-12-28 En f\u00f6rsenad julklapp"}]},{"@type":"WebSite","@id":"https:\/\/wp.kristdemokraterna.se\/ydre\/#website","url":"https:\/\/wp.kristdemokraterna.se\/ydre\/","name":"Kristdemokraterna i Ydre","description":"En till Kristdemokraterna webbplats","inLanguage":"sv-SE"}]}},"_links":{"self":[{"href":"https:\/\/wp.kristdemokraterna.se\/ydre\/wp-json\/wp\/v2\/pages\/1338","targetHints":{"allow":["GET"]}}],"collection":[{"href":"https:\/\/wp.kristdemokraterna.se\/ydre\/wp-json\/wp\/v2\/pages"}],"about":[{"href":"https:\/\/wp.kristdemokraterna.se\/ydre\/wp-json\/wp\/v2\/types\/page"}],"author":[{"embeddable":true,"href":"https:\/\/wp.kristdemokraterna.se\/ydre\/wp-json\/wp\/v2\/users\/793"}],"replies":[{"embeddable":true,"href":"https:\/\/wp.kristdemokraterna.se\/ydre\/wp-json\/wp\/v2\/comments?post=1338"}],"version-history":[{"count":4,"href":"https:\/\/wp.kristdemokraterna.se\/ydre\/wp-json\/wp\/v2\/pages\/1338\/revisions"}],"predecessor-version":[{"id":1342,"href":"https:\/\/wp.kristdemokraterna.se\/ydre\/wp-json\/wp\/v2\/pages\/1338\/revisions\/1342"}],"wp:attachment":[{"href":"https:\/\/wp.kristdemokraterna.se\/ydre\/wp-json\/wp\/v2\/media?parent=1338"}],"curies":[{"name":"wp","href":"https:\/\/api.w.org\/{rel}","templated":true}]}}