{"id":1354,"date":"2018-07-25T22:49:51","date_gmt":"2018-07-25T20:49:51","guid":{"rendered":"http:\/\/wp.kristdemokraterna.se\/ydre\/?page_id=1354"},"modified":"2018-07-25T22:50:17","modified_gmt":"2018-07-25T20:50:17","slug":"2015-01-03-ljus-i-morkret","status":"publish","type":"page","link":"https:\/\/wp.kristdemokraterna.se\/ydre\/2015-01-03-ljus-i-morkret\/","title":{"rendered":"2015-01-03 Ljus i m\u00f6rkret"},"content":{"rendered":"<p>En ny\u00e5rsnatt f\u00f6r m\u00e5nga \u00e5r sedan stod min fru och jag p\u00e5 ett hotelltak i utlandet. Vi och andra hotellg\u00e4ster v\u00e4ntade p\u00e5 tolvslaget. Pl\u00f6tsligt &#8211; i exakt samma sekund &#8211; sk\u00f6t v\u00e4ldiga raketer upp fr\u00e5n olika h\u00e5ll i staden. Det blev ett fantastiskt fryverkeri. I sj\u00e4lva verket \u00e4r ny\u00e5rsfyrverkeriet i Funchal p\u00e5 Madeira ett evenemang som lockar m\u00e5nga bes\u00f6kare till \u00f6n. Allt var perfekt regisserat.<br \/>\nHelt annorlunda var ny\u00e5rsfyrverkeriet i \u00d6sterbymo h\u00e4rom natten. I alla v\u00e4derstreck sk\u00f6t raketerna upp b\u00e5de f\u00f6re och efter klockslaget (mest efter). Man br\u00e4nde av pj\u00e4serna av hj\u00e4rtans lust s\u00e5 l\u00e4nge det fanns n\u00e5gra kvar.<br \/>\nV\u00e5rt eget ny\u00e5rssk\u00e5despel verkade uttrycka gl\u00e4dje och hopp. Det finns en stolthet \u00f6ver v\u00e5rt underbara Ydre.<br \/>\nSamtidigt uttrycker m\u00e5nga bed\u00f6mare en oro inf\u00f6r det som h\u00e5ller p\u00e5 att h\u00e4nda i v\u00e4rlden. Det m\u00f6rknar. F\u00f6r 2014 slutade m\u00f6rkare \u00e4n det b\u00f6rjade. Och vi har inte kunnat bem\u00e4stra m\u00f6rkret. F\u00f6r det har ett grepp ocks\u00e5 om oss.<br \/>\n\u00c4nd\u00e5 st\u00e5r det i julepisteln: &#8221;Det folk som vandrar i m\u00f6rkret ser ett stort ljus.&#8221;<\/p>\n<p><img loading=\"lazy\" decoding=\"async\" src=\"http:\/\/ydrebo.se\/kd\/veckobrev2015\/vallmo.JPG\" width=\"600\" height=\"600\" \/><br \/>\n<i>Ljuset lyser i m\u00f6rkret, och m\u00f6rkret har inte \u00f6vervunnit det.<\/p>\n<p><\/i>Bland mycket annat som g\u00f6r Ydre s\u00e5 tilldragande \u00e4r det rika f\u00f6reningslivet. Det sker hela tiden m\u00e5nga arrangemang. Bl.a. ordnas resor till intressanta st\u00e4llen. Fr\u00e5n en s\u00e5dan resa fick jag f\u00f6rra \u00e5ret med mig hem en mycket gammal psalmbok.<\/p>\n<p><i>Str\u00e4ck \u00f6fwer oss din milda hand,<br \/>\nW\u00e4lsigna s\u00e5 w\u00e5r stad och land,<br \/>\nOch gif hwar dag w\u00e5rt dagliga br\u00f6d,<br \/>\nOch fr\u00e4lsa oss af all w\u00e5r n\u00f6d.<br \/>\nUplys w\u00e5r h\u00f6ga \u00d6fwerhet,<br \/>\nF\u00f6rl\u00e4n oss frid och enighet,<br \/>\nSorg lindra och sw\u00e5rmodighet.<br \/>\n(Jesper Swedberg)<\/i><\/p>\n<p><i>Bengt Malm, ordf.<br \/>\n3 januari 2015<\/i><\/p>\n","protected":false},"excerpt":{"rendered":"<p>En ny\u00e5rsnatt f\u00f6r m\u00e5nga \u00e5r sedan stod min fru och jag p\u00e5 ett hotelltak i utlandet. Vi och andra hotellg\u00e4ster v\u00e4ntade p\u00e5 tolvslaget. Pl\u00f6tsligt &#8211; i exakt samma sekund &#8211; sk\u00f6t v\u00e4ldiga raketer upp fr\u00e5n olika h\u00e5ll i staden. Det blev ett fantastiskt fryverkeri. I sj\u00e4lva verket \u00e4r ny\u00e5rsfyrverkeriet i Funchal p\u00e5 Madeira ett evenemang <a class=\"read-more-link\" href=\"https:\/\/wp.kristdemokraterna.se\/ydre\/2015-01-03-ljus-i-morkret\/\">L\u00e4s mer<\/a><\/p>\n","protected":false},"author":793,"featured_media":0,"parent":0,"menu_order":0,"comment_status":"closed","ping_status":"closed","template":"","meta":{"_acf_changed":false,"footnotes":""},"class_list":["post-1354","page","type-page","status-publish","hentry"],"acf":[],"yoast_head":"<!-- This site is optimized with the Yoast SEO plugin v27.5 - https:\/\/yoast.com\/product\/yoast-seo-wordpress\/ -->\n<title>2015-01-03 Ljus i m\u00f6rkret - Kristdemokraterna i Ydre<\/title>\n<meta name=\"robots\" content=\"index, follow, max-snippet:-1, max-image-preview:large, max-video-preview:-1\" \/>\n<link rel=\"canonical\" href=\"https:\/\/wp.kristdemokraterna.se\/ydre\/2015-01-03-ljus-i-morkret\/\" \/>\n<meta property=\"og:locale\" content=\"sv_SE\" \/>\n<meta property=\"og:type\" content=\"article\" \/>\n<meta property=\"og:title\" content=\"2015-01-03 Ljus i m\u00f6rkret - Kristdemokraterna i Ydre\" \/>\n<meta property=\"og:description\" content=\"En ny\u00e5rsnatt f\u00f6r m\u00e5nga \u00e5r sedan stod min fru och jag p\u00e5 ett hotelltak i utlandet. Vi och andra hotellg\u00e4ster v\u00e4ntade p\u00e5 tolvslaget. Pl\u00f6tsligt &#8211; i exakt samma sekund &#8211; sk\u00f6t v\u00e4ldiga raketer upp fr\u00e5n olika h\u00e5ll i staden. Det blev ett fantastiskt fryverkeri. I sj\u00e4lva verket \u00e4r ny\u00e5rsfyrverkeriet i Funchal p\u00e5 Madeira ett evenemang L\u00e4s mer\" \/>\n<meta property=\"og:url\" content=\"https:\/\/wp.kristdemokraterna.se\/ydre\/2015-01-03-ljus-i-morkret\/\" \/>\n<meta property=\"og:site_name\" content=\"Kristdemokraterna i Ydre\" \/>\n<meta property=\"article:modified_time\" content=\"2018-07-25T20:50:17+00:00\" \/>\n<meta property=\"og:image\" content=\"http:\/\/ydrebo.se\/kd\/veckobrev2015\/vallmo.JPG\" \/>\n<meta name=\"twitter:card\" content=\"summary_large_image\" \/>\n<meta name=\"twitter:label1\" content=\"Ber\u00e4knad l\u00e4stid\" \/>\n\t<meta name=\"twitter:data1\" content=\"2 minuter\" \/>\n<script type=\"application\/ld+json\" class=\"yoast-schema-graph\">{\"@context\":\"https:\\\/\\\/schema.org\",\"@graph\":[{\"@type\":\"WebPage\",\"@id\":\"https:\\\/\\\/wp.kristdemokraterna.se\\\/ydre\\\/2015-01-03-ljus-i-morkret\\\/\",\"url\":\"https:\\\/\\\/wp.kristdemokraterna.se\\\/ydre\\\/2015-01-03-ljus-i-morkret\\\/\",\"name\":\"2015-01-03 Ljus i m\u00f6rkret - Kristdemokraterna i Ydre\",\"isPartOf\":{\"@id\":\"https:\\\/\\\/wp.kristdemokraterna.se\\\/ydre\\\/#website\"},\"primaryImageOfPage\":{\"@id\":\"https:\\\/\\\/wp.kristdemokraterna.se\\\/ydre\\\/2015-01-03-ljus-i-morkret\\\/#primaryimage\"},\"image\":{\"@id\":\"https:\\\/\\\/wp.kristdemokraterna.se\\\/ydre\\\/2015-01-03-ljus-i-morkret\\\/#primaryimage\"},\"thumbnailUrl\":\"http:\\\/\\\/ydrebo.se\\\/kd\\\/veckobrev2015\\\/vallmo.JPG\",\"datePublished\":\"2018-07-25T20:49:51+00:00\",\"dateModified\":\"2018-07-25T20:50:17+00:00\",\"breadcrumb\":{\"@id\":\"https:\\\/\\\/wp.kristdemokraterna.se\\\/ydre\\\/2015-01-03-ljus-i-morkret\\\/#breadcrumb\"},\"inLanguage\":\"sv-SE\",\"potentialAction\":[{\"@type\":\"ReadAction\",\"target\":[\"https:\\\/\\\/wp.kristdemokraterna.se\\\/ydre\\\/2015-01-03-ljus-i-morkret\\\/\"]}]},{\"@type\":\"ImageObject\",\"inLanguage\":\"sv-SE\",\"@id\":\"https:\\\/\\\/wp.kristdemokraterna.se\\\/ydre\\\/2015-01-03-ljus-i-morkret\\\/#primaryimage\",\"url\":\"http:\\\/\\\/ydrebo.se\\\/kd\\\/veckobrev2015\\\/vallmo.JPG\",\"contentUrl\":\"http:\\\/\\\/ydrebo.se\\\/kd\\\/veckobrev2015\\\/vallmo.JPG\"},{\"@type\":\"BreadcrumbList\",\"@id\":\"https:\\\/\\\/wp.kristdemokraterna.se\\\/ydre\\\/2015-01-03-ljus-i-morkret\\\/#breadcrumb\",\"itemListElement\":[{\"@type\":\"ListItem\",\"position\":1,\"name\":\"Hem\",\"item\":\"https:\\\/\\\/wp.kristdemokraterna.se\\\/ydre\\\/\"},{\"@type\":\"ListItem\",\"position\":2,\"name\":\"2015-01-03 Ljus i m\u00f6rkret\"}]},{\"@type\":\"WebSite\",\"@id\":\"https:\\\/\\\/wp.kristdemokraterna.se\\\/ydre\\\/#website\",\"url\":\"https:\\\/\\\/wp.kristdemokraterna.se\\\/ydre\\\/\",\"name\":\"Kristdemokraterna i Ydre\",\"description\":\"En till Kristdemokraterna webbplats\",\"inLanguage\":\"sv-SE\"}]}<\/script>\n<!-- \/ Yoast SEO plugin. -->","yoast_head_json":{"title":"2015-01-03 Ljus i m\u00f6rkret - Kristdemokraterna i Ydre","robots":{"index":"index","follow":"follow","max-snippet":"max-snippet:-1","max-image-preview":"max-image-preview:large","max-video-preview":"max-video-preview:-1"},"canonical":"https:\/\/wp.kristdemokraterna.se\/ydre\/2015-01-03-ljus-i-morkret\/","og_locale":"sv_SE","og_type":"article","og_title":"2015-01-03 Ljus i m\u00f6rkret - Kristdemokraterna i Ydre","og_description":"En ny\u00e5rsnatt f\u00f6r m\u00e5nga \u00e5r sedan stod min fru och jag p\u00e5 ett hotelltak i utlandet. Vi och andra hotellg\u00e4ster v\u00e4ntade p\u00e5 tolvslaget. Pl\u00f6tsligt &#8211; i exakt samma sekund &#8211; sk\u00f6t v\u00e4ldiga raketer upp fr\u00e5n olika h\u00e5ll i staden. Det blev ett fantastiskt fryverkeri. I sj\u00e4lva verket \u00e4r ny\u00e5rsfyrverkeriet i Funchal p\u00e5 Madeira ett evenemang L\u00e4s mer","og_url":"https:\/\/wp.kristdemokraterna.se\/ydre\/2015-01-03-ljus-i-morkret\/","og_site_name":"Kristdemokraterna i Ydre","article_modified_time":"2018-07-25T20:50:17+00:00","og_image":[{"url":"http:\/\/ydrebo.se\/kd\/veckobrev2015\/vallmo.JPG","type":"","width":"","height":""}],"twitter_card":"summary_large_image","twitter_misc":{"Ber\u00e4knad l\u00e4stid":"2 minuter"},"schema":{"@context":"https:\/\/schema.org","@graph":[{"@type":"WebPage","@id":"https:\/\/wp.kristdemokraterna.se\/ydre\/2015-01-03-ljus-i-morkret\/","url":"https:\/\/wp.kristdemokraterna.se\/ydre\/2015-01-03-ljus-i-morkret\/","name":"2015-01-03 Ljus i m\u00f6rkret - Kristdemokraterna i Ydre","isPartOf":{"@id":"https:\/\/wp.kristdemokraterna.se\/ydre\/#website"},"primaryImageOfPage":{"@id":"https:\/\/wp.kristdemokraterna.se\/ydre\/2015-01-03-ljus-i-morkret\/#primaryimage"},"image":{"@id":"https:\/\/wp.kristdemokraterna.se\/ydre\/2015-01-03-ljus-i-morkret\/#primaryimage"},"thumbnailUrl":"http:\/\/ydrebo.se\/kd\/veckobrev2015\/vallmo.JPG","datePublished":"2018-07-25T20:49:51+00:00","dateModified":"2018-07-25T20:50:17+00:00","breadcrumb":{"@id":"https:\/\/wp.kristdemokraterna.se\/ydre\/2015-01-03-ljus-i-morkret\/#breadcrumb"},"inLanguage":"sv-SE","potentialAction":[{"@type":"ReadAction","target":["https:\/\/wp.kristdemokraterna.se\/ydre\/2015-01-03-ljus-i-morkret\/"]}]},{"@type":"ImageObject","inLanguage":"sv-SE","@id":"https:\/\/wp.kristdemokraterna.se\/ydre\/2015-01-03-ljus-i-morkret\/#primaryimage","url":"http:\/\/ydrebo.se\/kd\/veckobrev2015\/vallmo.JPG","contentUrl":"http:\/\/ydrebo.se\/kd\/veckobrev2015\/vallmo.JPG"},{"@type":"BreadcrumbList","@id":"https:\/\/wp.kristdemokraterna.se\/ydre\/2015-01-03-ljus-i-morkret\/#breadcrumb","itemListElement":[{"@type":"ListItem","position":1,"name":"Hem","item":"https:\/\/wp.kristdemokraterna.se\/ydre\/"},{"@type":"ListItem","position":2,"name":"2015-01-03 Ljus i m\u00f6rkret"}]},{"@type":"WebSite","@id":"https:\/\/wp.kristdemokraterna.se\/ydre\/#website","url":"https:\/\/wp.kristdemokraterna.se\/ydre\/","name":"Kristdemokraterna i Ydre","description":"En till Kristdemokraterna webbplats","inLanguage":"sv-SE"}]}},"_links":{"self":[{"href":"https:\/\/wp.kristdemokraterna.se\/ydre\/wp-json\/wp\/v2\/pages\/1354","targetHints":{"allow":["GET"]}}],"collection":[{"href":"https:\/\/wp.kristdemokraterna.se\/ydre\/wp-json\/wp\/v2\/pages"}],"about":[{"href":"https:\/\/wp.kristdemokraterna.se\/ydre\/wp-json\/wp\/v2\/types\/page"}],"author":[{"embeddable":true,"href":"https:\/\/wp.kristdemokraterna.se\/ydre\/wp-json\/wp\/v2\/users\/793"}],"replies":[{"embeddable":true,"href":"https:\/\/wp.kristdemokraterna.se\/ydre\/wp-json\/wp\/v2\/comments?post=1354"}],"version-history":[{"count":2,"href":"https:\/\/wp.kristdemokraterna.se\/ydre\/wp-json\/wp\/v2\/pages\/1354\/revisions"}],"predecessor-version":[{"id":1356,"href":"https:\/\/wp.kristdemokraterna.se\/ydre\/wp-json\/wp\/v2\/pages\/1354\/revisions\/1356"}],"wp:attachment":[{"href":"https:\/\/wp.kristdemokraterna.se\/ydre\/wp-json\/wp\/v2\/media?parent=1354"}],"curies":[{"name":"wp","href":"https:\/\/api.w.org\/{rel}","templated":true}]}}