{"id":1358,"date":"2018-07-25T22:52:03","date_gmt":"2018-07-25T20:52:03","guid":{"rendered":"http:\/\/wp.kristdemokraterna.se\/ydre\/?page_id=1358"},"modified":"2018-07-25T22:53:29","modified_gmt":"2018-07-25T20:53:29","slug":"2015-01-11-drommen-om-yttrandefrihet","status":"publish","type":"page","link":"https:\/\/wp.kristdemokraterna.se\/ydre\/2015-01-11-drommen-om-yttrandefrihet\/","title":{"rendered":"2015-01-11 Dr\u00f6mmen om yttrandefrihet"},"content":{"rendered":"<p>En dag med sn\u00f6yra, regn och bl\u00e5st \u00e4r som gjord f\u00f6r dr\u00f6mmar. Jag dr\u00f6mmer att det \u00e4r sommar och att jag g\u00e5r p\u00e5 den gamla banvallen. Efter en stund kommer jag till en sidov\u00e4g. T\u00e4nk om jag kunde g\u00e5 n\u00e4stan tre \u00e5rhundraden bak\u00e5t i tiden! Vad skulle jag d\u00e5 f\u00e5 se om jag f\u00f6ljde den v\u00e4gen?<br \/>\nSnart kommer jag till en g\u00e5rd s\u00e5 annorlunda \u00e4n dagens bebyggelse. Jag ser att n\u00e4mndemannen sj\u00e4lv \u00e4r hemma och g\u00e5r fram och h\u00e4lsar.<\/p>\n<p><img loading=\"lazy\" decoding=\"async\" src=\"http:\/\/ydrebo.se\/kd\/veckobrev2015\/kyrkstallar.JPG\" width=\"600\" height=\"461\" \/><\/p>\n<p>&#8221;K\u00e4re f\u00f6rfader&#8221;, s\u00e4ger jag, &#8221;ge mig ett gott r\u00e5d! Vad \u00e4r det r\u00e4tt att g\u00f6ra i Ydre?&#8221;<br \/>\n&#8221;R\u00e4tt?&#8221; s\u00e4ger han. &#8221;Har ni inte lagar i er tid?&#8221;<br \/>\n&#8221;Jo, vi har m\u00e5nga lagar och f\u00f6reskrifter, men vad g\u00f6r man om de inte g\u00e5r ihop?&#8221;<br \/>\nMin f\u00f6rfader som s\u00e4kert varit med om \u00e5tskilliga r\u00e4tteg\u00e5ngar tvekar inte: &#8221;Det m\u00e5ste vara lagen som g\u00e4ller. Vad s\u00e4ger den?&#8221;<br \/>\n&#8221;Vi har n\u00e5gor som heter grundlagar. De st\u00e5r \u00f6var alla andra lagar och f\u00f6rordningar.\u00a0<a href=\"https:\/\/lagen.nu\/1974:152#K2P1\" target=\"_&quot;blank&quot;\"><b>S\u00e5 h\u00e4r st\u00e5r det:<\/b><\/a><br \/>\n<i>\u00a0Var och en \u00e4r gentemot det allm\u00e4nna tillf\u00f6rs\u00e4krad yttrandefrihet: frihet att i tal, skrift eller bild eller p\u00e5 annat s\u00e4tt meddela upplysningar samt uttrycka tankar, \u00e5sikter och k\u00e4nslor, informationsfrihet: frihet att inh\u00e4mta och ta emot upplysningar samt att i \u00f6vrigt ta del av andras yttranden.<\/i><br \/>\nDetta verkar vara l\u00e4tt att f\u00f6rst\u00e5. Jag beh\u00f6ver bara f\u00f6rklara n\u00e5gra moderna ord. Just d\u00e5 kommer mor i huset ut och h\u00e4lsar och jag bjuds in. Jag f\u00e5r h\u00f6ra om hennes uppv\u00e4xt i V\u00e4stra Ryd och om hennes farfar som var n\u00e4mndeman och bodde i Svinhult. F\u00f6r ett tag sedan var det sockenst\u00e4mma i Sund och det talas mycket om den. Det \u00e4r tydligt att alla vet allt om socknens angel\u00e4genheter.<br \/>\nOch s\u00e5 vill mina f\u00f6rf\u00e4der veta hur det g\u00e5r till p\u00e5 sena tiders sockenst\u00e4mmor. Jag f\u00e5r f\u00f6rs\u00f6ka f\u00f6rklara vad som menas med Region \u00d6sterg\u00f6tland och Ydre kommun, om kommunstyrelse och kommunfullm\u00e4ktige, om fackf\u00f6reningar och f\u00f6rvaltningsdomstolar, om Arbetsmilj\u00f6verket och andra myndigheter. Och det \u00e4r inte alls l\u00e4tt att beskriva informationssamh\u00e4llet.<\/p>\n<p><img loading=\"lazy\" decoding=\"async\" src=\"http:\/\/ydrebo.se\/kd\/veckobrev\/kronika141105\/ukreda2.JPG\" width=\"600\" height=\"450\" \/><\/p>\n<p>Jag ber\u00e4ttar att det inte \u00e4r klockaren som l\u00e4r barnen l\u00e4sa utan att vi har skolor f\u00f6r barnen fr\u00e5n det de \u00e4r sm\u00e5 tills de blir vuxna. Och vi har inte fattigstuga utan socialtj\u00e4nst med olika verksamheter. Och alltsammans sk\u00f6ts fr\u00e5n ett stort hus p\u00e5 \u00d6sterby g\u00e5rds marker. Ingen kan h\u00e5lla reda p\u00e5 allting och d\u00e4rf\u00f6r har vi datorer. Och d\u00e5 vill f\u00f6rf\u00e4derna veta vad som menas med datorn\u00e4tverket och vad kommunalf\u00f6rbundet ITSAM, som sk\u00f6ter datorerna, \u00e4r f\u00f6r n\u00e5got.<br \/>\nD\u00e5 f\u00e5r jag en ny fr\u00e5ga: &#8221;Om man vill veta n\u00e5got om socknen, fast ni kallar det visst f\u00f6r kommunen, d\u00e5 fr\u00e5gar man n\u00e5gon som kan anv\u00e4nda en s\u00e5dan d\u00e4r dator?&#8221;<br \/>\n&#8221;Det \u00e4r det som \u00e4r problemet. ITSAM har just best\u00e4mt s\u00e5 h\u00e4r:\u00a0<i>Verksamhetsrelaterad information f\u00e5r inte f\u00f6ras vidare till tredje part.<\/i>\u00a0Den tystnadsplikten g\u00e4ller hela livet f\u00f6r alla kommunens medarbetare. Den som skall anv\u00e4nda datorerna m\u00e5ste desutom lova att f\u00f6lja reglerna.&#8221;<br \/>\n&#8221;Men sade du inte att det \u00e4r kommunstyrelsen och kommunfullm\u00e4ktige som best\u00e4mmer och att fackf\u00f6reningarna och Arbetsmilj\u00f6verket ocks\u00e5 har ett ord med i laget? Kan ITSAM bara s\u00e5 d\u00e4r pl\u00f6tsligt best\u00e4mma utan deras k\u00e4nnedom och samtycke?&#8221;<br \/>\n&#8221;Enligt ITSAMS skrivelse g\u00e5r det alldeles utm\u00e4rkt.&#8221;<\/p>\n<p><img loading=\"lazy\" decoding=\"async\" src=\"http:\/\/ydrebo.se\/kd\/veckobrev\/fjaril.JPG\" width=\"600\" height=\"461\" \/><\/p>\n<p>Min f\u00f6rfader som har erfarenhet av \u00e5tskilliga r\u00e4tteg\u00e5ngar s\u00e4ger: &#8221;Kan ni inte \u00f6verklaga? Om vi d\u00f6mer i ett m\u00e5l g\u00e5r det att \u00f6verklaga till G\u00f6ta hovr\u00e4tt.&#8221;<br \/>\nJag svarar: &#8221;Visserligen kan varje ydrebo \u00f6verklaga beslut av v\u00e5ra lokala myndigheter. Men ITSAM \u00e4r inte en myndighet med best\u00e4mmander\u00e4tt i Ydre.&#8221;<br \/>\n&#8221;Det h\u00e4r m\u00e5ste jag f\u00e5 riktigt klart. Eftersom ITSAM inte har n\u00e5gon laglig r\u00e4tt att best\u00e4mma i Ydre s\u00e5 g\u00e5r det inte att g\u00f6ra n\u00e5got \u00e5t beslutet. Och just f\u00f6r att ni inte kan g\u00f6ra n\u00e5got \u00e5t det m\u00e5ste ni lyda ITSAMS beslut.&#8221;<br \/>\n&#8221;Det \u00e4r riktigt. Och vi m\u00e5ste enligt skrivelsen ocks\u00e5 lyda alla framtida upplagor av beslutet tills d\u00f6den skiljer oss \u00e5t.&#8221;<br \/>\nDet blir tyst en stund. Genom f\u00f6nstret ser jag att solen lyser p\u00e5 blommorna. Jag h\u00f6r n\u00e5gra barn. Kanske en av dem \u00e4r Sven som s\u00e5 sm\u00e5ningom skall bli bonde p\u00e5 en av g\u00e5rdarna i Helgesfall. Jag \u00f6nskar jag visste mer om de f\u00f6rf\u00e4der som var med om att bygga upp v\u00e5rt underbara Ydre.<br \/>\nPl\u00f6tsligt s\u00e4ger min anmoder: &#8221;Per, f\u00f6rst\u00e5r du n\u00e5gonting?&#8221;<br \/>\n&#8221;Nej, Margareta, jag f\u00f6rst\u00e5r ingenting.&#8221;<br \/>\n&#8221;Men om n\u00e5gonting blir fel f\u00e5r man inte tala om det d\u00e5?&#8221;<br \/>\nOch d\u00e5 m\u00e5ste jag ber\u00e4tta att det r\u00e4knas som illojalt att skriva i pressen. Jag p\u00e5pekar att &#8221;ovarsam hantering av verksamhetsrelaterad information&#8221; kan leda till &#8221;disciplin\u00e4ra och\/eller r\u00e4ttsliga p\u00e5f\u00f6ljder&#8221; enligt ITSAM.<\/p>\n<p><img loading=\"lazy\" decoding=\"async\" src=\"http:\/\/ydrebo.se\/kd\/veckobrev\/blommor1.jpg\" width=\"400\" height=\"327\" \/><\/p>\n<p>Naturligtvis undrar Per och Margareta om det blivit s\u00e5 h\u00e4r i hela Sverige. Jag svarar att i Link\u00f6ping f\u00f6ljer man grundlagen.\u00a0<i>Det skall ock st\u00e5 envar fritt att, i alla de fall d\u00e5 ej annat \u00e4r i denna f\u00f6rordning f\u00f6reskrivet, meddela uppgifter och underr\u00e4ttelser i vad \u00e4mne som helst f\u00f6r offentligg\u00f6rande i tryckt skrift<\/i>. Och man skall i Link\u00f6ping dessutom tala om det f\u00f6r kommunens anst\u00e4llda.<br \/>\nOch nu n\u00e4r vi talat om tryckta skrifter m\u00e5ste jag reda ut hur en tidningsredaktion fungerar. Utan att t\u00e4nka mig f\u00f6r s\u00e4ger jag att det \u00e4r ett st\u00e4lle d\u00e4r man kan bli skjuten med automatvapen. Och d\u00e5 vill man veta vad det \u00e4r. Jag n\u00e4stan biter mig i tungan. Det skulle bli alldeles f\u00f6r kr\u00e5ngligt att f\u00f6rklara uttrycket\u00a0<i>Je suis Charlie.<\/i>\u00a0Jag s\u00e4ger bara: &#8221;Vi \u00e4r \u00e5tskilliga i Ydre som flytt f\u00f6r att slippa h\u00f6ra automatvapen. Vi kan inte bo d\u00e4r vi f\u00f6ddes. Men i Ydre hoppas vi f\u00e5 leva och tala fritt.&#8221;<br \/>\nMin f\u00f6rfader Per som h\u00f6rt m\u00e5nga vittneseder s\u00e4ger nu: &#8221;Det du undrar \u00e4r om det \u00e4r r\u00e4tt att vid Gud och hans heliga evangelium sv\u00e4ra den d\u00e4r trohetseden.&#8221;<br \/>\nJag nickar f\u00f6r jag n\u00e4ns inte chockera mina f\u00f6rf\u00e4der genom att tala om att vi har avskaffat Gud och allt heligt.<br \/>\n&#8221;Jag tror du vet svaret sj\u00e4lv&#8221;, s\u00e4ger han.<br \/>\nJag reser mig tar farv\u00e4l och g\u00e5r ut och ser ut \u00f6ver f\u00e4lt och skogar. Jag tar ett djupt andetag. H\u00e4r i det urgamla landet Ydre kan man verkligen\u00a0<i>leva<\/i>.<br \/>\nS\u00e5 vaknar jag upp ur mina dr\u00f6mmar. Nu \u00e4r det 2015. Men jag undrar hur ITSAM kan f\u00e5 f\u00f6rst\u00f6ra det som g\u00f6r Ydre v\u00e4rt att leva i? Kan det i v\u00e5r egen tid finnas n\u00e5gon enda i hela Ydre som \u00f6nskar att detta skall ske?<\/p>\n<p><img loading=\"lazy\" decoding=\"async\" src=\"http:\/\/ydrebo.se\/kd\/veckobrev\/kronika141105\/skog.JPG\" width=\"600\" height=\"450\" \/><\/p>\n<p><i>Bengt Malm, ordf.<br \/>\n11 januari 2015<\/p>\n<p><\/i>P.S. Bilderna \u00e4r inte fr\u00e5n den g\u00e5rd som omtalas i texten.<\/p>\n","protected":false},"excerpt":{"rendered":"<p>En dag med sn\u00f6yra, regn och bl\u00e5st \u00e4r som gjord f\u00f6r dr\u00f6mmar. Jag dr\u00f6mmer att det \u00e4r sommar och att jag g\u00e5r p\u00e5 den gamla banvallen. Efter en stund kommer jag till en sidov\u00e4g. T\u00e4nk om jag kunde g\u00e5 n\u00e4stan tre \u00e5rhundraden bak\u00e5t i tiden! Vad skulle jag d\u00e5 f\u00e5 se om jag f\u00f6ljde den <a class=\"read-more-link\" href=\"https:\/\/wp.kristdemokraterna.se\/ydre\/2015-01-11-drommen-om-yttrandefrihet\/\">L\u00e4s mer<\/a><\/p>\n","protected":false},"author":793,"featured_media":0,"parent":0,"menu_order":0,"comment_status":"closed","ping_status":"closed","template":"","meta":{"_acf_changed":false,"footnotes":""},"class_list":["post-1358","page","type-page","status-publish","hentry"],"acf":[],"yoast_head":"<!-- This site is optimized with the Yoast SEO plugin v27.5 - https:\/\/yoast.com\/product\/yoast-seo-wordpress\/ -->\n<title>2015-01-11 Dr\u00f6mmen om yttrandefrihet - Kristdemokraterna i Ydre<\/title>\n<meta name=\"robots\" content=\"index, follow, max-snippet:-1, max-image-preview:large, max-video-preview:-1\" \/>\n<link rel=\"canonical\" href=\"https:\/\/wp.kristdemokraterna.se\/ydre\/2015-01-11-drommen-om-yttrandefrihet\/\" \/>\n<meta property=\"og:locale\" content=\"sv_SE\" \/>\n<meta property=\"og:type\" content=\"article\" \/>\n<meta property=\"og:title\" content=\"2015-01-11 Dr\u00f6mmen om yttrandefrihet - Kristdemokraterna i Ydre\" \/>\n<meta property=\"og:description\" content=\"En dag med sn\u00f6yra, regn och bl\u00e5st \u00e4r som gjord f\u00f6r dr\u00f6mmar. Jag dr\u00f6mmer att det \u00e4r sommar och att jag g\u00e5r p\u00e5 den gamla banvallen. Efter en stund kommer jag till en sidov\u00e4g. T\u00e4nk om jag kunde g\u00e5 n\u00e4stan tre \u00e5rhundraden bak\u00e5t i tiden! Vad skulle jag d\u00e5 f\u00e5 se om jag f\u00f6ljde den L\u00e4s mer\" \/>\n<meta property=\"og:url\" content=\"https:\/\/wp.kristdemokraterna.se\/ydre\/2015-01-11-drommen-om-yttrandefrihet\/\" \/>\n<meta property=\"og:site_name\" content=\"Kristdemokraterna i Ydre\" \/>\n<meta property=\"article:modified_time\" content=\"2018-07-25T20:53:29+00:00\" \/>\n<meta property=\"og:image\" content=\"http:\/\/ydrebo.se\/kd\/veckobrev2015\/kyrkstallar.JPG\" \/>\n<meta name=\"twitter:card\" content=\"summary_large_image\" \/>\n<meta name=\"twitter:label1\" content=\"Ber\u00e4knad l\u00e4stid\" \/>\n\t<meta name=\"twitter:data1\" content=\"6 minuter\" \/>\n<script type=\"application\/ld+json\" class=\"yoast-schema-graph\">{\"@context\":\"https:\\\/\\\/schema.org\",\"@graph\":[{\"@type\":\"WebPage\",\"@id\":\"https:\\\/\\\/wp.kristdemokraterna.se\\\/ydre\\\/2015-01-11-drommen-om-yttrandefrihet\\\/\",\"url\":\"https:\\\/\\\/wp.kristdemokraterna.se\\\/ydre\\\/2015-01-11-drommen-om-yttrandefrihet\\\/\",\"name\":\"2015-01-11 Dr\u00f6mmen om yttrandefrihet - Kristdemokraterna i Ydre\",\"isPartOf\":{\"@id\":\"https:\\\/\\\/wp.kristdemokraterna.se\\\/ydre\\\/#website\"},\"primaryImageOfPage\":{\"@id\":\"https:\\\/\\\/wp.kristdemokraterna.se\\\/ydre\\\/2015-01-11-drommen-om-yttrandefrihet\\\/#primaryimage\"},\"image\":{\"@id\":\"https:\\\/\\\/wp.kristdemokraterna.se\\\/ydre\\\/2015-01-11-drommen-om-yttrandefrihet\\\/#primaryimage\"},\"thumbnailUrl\":\"http:\\\/\\\/ydrebo.se\\\/kd\\\/veckobrev2015\\\/kyrkstallar.JPG\",\"datePublished\":\"2018-07-25T20:52:03+00:00\",\"dateModified\":\"2018-07-25T20:53:29+00:00\",\"breadcrumb\":{\"@id\":\"https:\\\/\\\/wp.kristdemokraterna.se\\\/ydre\\\/2015-01-11-drommen-om-yttrandefrihet\\\/#breadcrumb\"},\"inLanguage\":\"sv-SE\",\"potentialAction\":[{\"@type\":\"ReadAction\",\"target\":[\"https:\\\/\\\/wp.kristdemokraterna.se\\\/ydre\\\/2015-01-11-drommen-om-yttrandefrihet\\\/\"]}]},{\"@type\":\"ImageObject\",\"inLanguage\":\"sv-SE\",\"@id\":\"https:\\\/\\\/wp.kristdemokraterna.se\\\/ydre\\\/2015-01-11-drommen-om-yttrandefrihet\\\/#primaryimage\",\"url\":\"http:\\\/\\\/ydrebo.se\\\/kd\\\/veckobrev2015\\\/kyrkstallar.JPG\",\"contentUrl\":\"http:\\\/\\\/ydrebo.se\\\/kd\\\/veckobrev2015\\\/kyrkstallar.JPG\"},{\"@type\":\"BreadcrumbList\",\"@id\":\"https:\\\/\\\/wp.kristdemokraterna.se\\\/ydre\\\/2015-01-11-drommen-om-yttrandefrihet\\\/#breadcrumb\",\"itemListElement\":[{\"@type\":\"ListItem\",\"position\":1,\"name\":\"Hem\",\"item\":\"https:\\\/\\\/wp.kristdemokraterna.se\\\/ydre\\\/\"},{\"@type\":\"ListItem\",\"position\":2,\"name\":\"2015-01-11 Dr\u00f6mmen om yttrandefrihet\"}]},{\"@type\":\"WebSite\",\"@id\":\"https:\\\/\\\/wp.kristdemokraterna.se\\\/ydre\\\/#website\",\"url\":\"https:\\\/\\\/wp.kristdemokraterna.se\\\/ydre\\\/\",\"name\":\"Kristdemokraterna i Ydre\",\"description\":\"En till Kristdemokraterna webbplats\",\"inLanguage\":\"sv-SE\"}]}<\/script>\n<!-- \/ Yoast SEO plugin. -->","yoast_head_json":{"title":"2015-01-11 Dr\u00f6mmen om yttrandefrihet - Kristdemokraterna i Ydre","robots":{"index":"index","follow":"follow","max-snippet":"max-snippet:-1","max-image-preview":"max-image-preview:large","max-video-preview":"max-video-preview:-1"},"canonical":"https:\/\/wp.kristdemokraterna.se\/ydre\/2015-01-11-drommen-om-yttrandefrihet\/","og_locale":"sv_SE","og_type":"article","og_title":"2015-01-11 Dr\u00f6mmen om yttrandefrihet - Kristdemokraterna i Ydre","og_description":"En dag med sn\u00f6yra, regn och bl\u00e5st \u00e4r som gjord f\u00f6r dr\u00f6mmar. Jag dr\u00f6mmer att det \u00e4r sommar och att jag g\u00e5r p\u00e5 den gamla banvallen. Efter en stund kommer jag till en sidov\u00e4g. T\u00e4nk om jag kunde g\u00e5 n\u00e4stan tre \u00e5rhundraden bak\u00e5t i tiden! Vad skulle jag d\u00e5 f\u00e5 se om jag f\u00f6ljde den L\u00e4s mer","og_url":"https:\/\/wp.kristdemokraterna.se\/ydre\/2015-01-11-drommen-om-yttrandefrihet\/","og_site_name":"Kristdemokraterna i Ydre","article_modified_time":"2018-07-25T20:53:29+00:00","og_image":[{"url":"http:\/\/ydrebo.se\/kd\/veckobrev2015\/kyrkstallar.JPG","type":"","width":"","height":""}],"twitter_card":"summary_large_image","twitter_misc":{"Ber\u00e4knad l\u00e4stid":"6 minuter"},"schema":{"@context":"https:\/\/schema.org","@graph":[{"@type":"WebPage","@id":"https:\/\/wp.kristdemokraterna.se\/ydre\/2015-01-11-drommen-om-yttrandefrihet\/","url":"https:\/\/wp.kristdemokraterna.se\/ydre\/2015-01-11-drommen-om-yttrandefrihet\/","name":"2015-01-11 Dr\u00f6mmen om yttrandefrihet - Kristdemokraterna i Ydre","isPartOf":{"@id":"https:\/\/wp.kristdemokraterna.se\/ydre\/#website"},"primaryImageOfPage":{"@id":"https:\/\/wp.kristdemokraterna.se\/ydre\/2015-01-11-drommen-om-yttrandefrihet\/#primaryimage"},"image":{"@id":"https:\/\/wp.kristdemokraterna.se\/ydre\/2015-01-11-drommen-om-yttrandefrihet\/#primaryimage"},"thumbnailUrl":"http:\/\/ydrebo.se\/kd\/veckobrev2015\/kyrkstallar.JPG","datePublished":"2018-07-25T20:52:03+00:00","dateModified":"2018-07-25T20:53:29+00:00","breadcrumb":{"@id":"https:\/\/wp.kristdemokraterna.se\/ydre\/2015-01-11-drommen-om-yttrandefrihet\/#breadcrumb"},"inLanguage":"sv-SE","potentialAction":[{"@type":"ReadAction","target":["https:\/\/wp.kristdemokraterna.se\/ydre\/2015-01-11-drommen-om-yttrandefrihet\/"]}]},{"@type":"ImageObject","inLanguage":"sv-SE","@id":"https:\/\/wp.kristdemokraterna.se\/ydre\/2015-01-11-drommen-om-yttrandefrihet\/#primaryimage","url":"http:\/\/ydrebo.se\/kd\/veckobrev2015\/kyrkstallar.JPG","contentUrl":"http:\/\/ydrebo.se\/kd\/veckobrev2015\/kyrkstallar.JPG"},{"@type":"BreadcrumbList","@id":"https:\/\/wp.kristdemokraterna.se\/ydre\/2015-01-11-drommen-om-yttrandefrihet\/#breadcrumb","itemListElement":[{"@type":"ListItem","position":1,"name":"Hem","item":"https:\/\/wp.kristdemokraterna.se\/ydre\/"},{"@type":"ListItem","position":2,"name":"2015-01-11 Dr\u00f6mmen om yttrandefrihet"}]},{"@type":"WebSite","@id":"https:\/\/wp.kristdemokraterna.se\/ydre\/#website","url":"https:\/\/wp.kristdemokraterna.se\/ydre\/","name":"Kristdemokraterna i Ydre","description":"En till Kristdemokraterna webbplats","inLanguage":"sv-SE"}]}},"_links":{"self":[{"href":"https:\/\/wp.kristdemokraterna.se\/ydre\/wp-json\/wp\/v2\/pages\/1358","targetHints":{"allow":["GET"]}}],"collection":[{"href":"https:\/\/wp.kristdemokraterna.se\/ydre\/wp-json\/wp\/v2\/pages"}],"about":[{"href":"https:\/\/wp.kristdemokraterna.se\/ydre\/wp-json\/wp\/v2\/types\/page"}],"author":[{"embeddable":true,"href":"https:\/\/wp.kristdemokraterna.se\/ydre\/wp-json\/wp\/v2\/users\/793"}],"replies":[{"embeddable":true,"href":"https:\/\/wp.kristdemokraterna.se\/ydre\/wp-json\/wp\/v2\/comments?post=1358"}],"version-history":[{"count":3,"href":"https:\/\/wp.kristdemokraterna.se\/ydre\/wp-json\/wp\/v2\/pages\/1358\/revisions"}],"predecessor-version":[{"id":1361,"href":"https:\/\/wp.kristdemokraterna.se\/ydre\/wp-json\/wp\/v2\/pages\/1358\/revisions\/1361"}],"wp:attachment":[{"href":"https:\/\/wp.kristdemokraterna.se\/ydre\/wp-json\/wp\/v2\/media?parent=1358"}],"curies":[{"name":"wp","href":"https:\/\/api.w.org\/{rel}","templated":true}]}}