{"id":1369,"date":"2018-08-11T15:29:18","date_gmt":"2018-08-11T13:29:18","guid":{"rendered":"http:\/\/wp.kristdemokraterna.se\/ydre\/?page_id=1369"},"modified":"2018-08-11T15:30:16","modified_gmt":"2018-08-11T13:30:16","slug":"2015-01-17-vi-skall-inte-lagga-oss-ner-och-do","status":"publish","type":"page","link":"https:\/\/wp.kristdemokraterna.se\/ydre\/2015-01-17-vi-skall-inte-lagga-oss-ner-och-do\/","title":{"rendered":"2015-01-17 &#8221;Vi skall inte l\u00e4gga oss ner och d\u00f6!&#8221;"},"content":{"rendered":"<p>Orden f\u00e4lldes n\u00e4r Ydres f\u00f6retagare skulle f\u00e5 h\u00f6ra om planerna f\u00f6r V\u00e4rdshuset. Sedan verksamheten gick i konkurs f\u00f6rra \u00e5ret k\u00f6pte kommunen tillbaka byggnaden och en arbetsgrupp har sedan dess funderat p\u00e5 m\u00f6jligheten att f\u00e5 ig\u00e5ng ett fungerande v\u00e4rdhus igen.<br \/>\nDe tre konsulter som engagerats menade att en del renoveringar beh\u00f6vs men de skulle inte bli s\u00e5 dyra. Det stora problemet \u00e4r om verksamheten kan komma att b\u00e4ra sig. Det kommer att ta tid men det b\u00f6r visst vara m\u00f6jligt ans\u00e5g konsulterna. Men d\u00e5 m\u00e5ste det finnas en resursstark ledning. D\u00e4rf\u00f6r f\u00f6reslogs det att f\u00f6retagare bildar ett bolag som hyr fastigheten f\u00f6r att driva hotell- och restaurangverksamhet.<\/p>\n<p><img loading=\"lazy\" decoding=\"async\" src=\"http:\/\/ydrebo.se\/kd\/veckobrev\/kronika140724\/torget.JPG\" width=\"600\" height=\"460\" \/><br \/>\n<i>Ydre Hilton?<\/p>\n<p><\/i>Anledningen till att f\u00f6retagarna inbj\u00f6ds var inte bara att de kan antas ha de resurser som beh\u00f6vs. De har ocks\u00e5 ett intresse av att det finns ett hotell med restaurang d\u00e4r deras g\u00e4ster kan vara. Dessutom \u00e4r det bra f\u00f6r Ydre. Och det som \u00e4r bra f\u00f6r Ydre \u00e4r bra f\u00f6r f\u00f6retagen och omv\u00e4nt.<br \/>\nMen vilken niv\u00e5 skall hotellet ligga p\u00e5? Hilton Den Store l\u00e4r ha sagt att man skall smickra g\u00e4sternas f\u00e5f\u00e4nga s\u00e5 att de k\u00e4nner sig betydelsefulla och v\u00e4rldsvana. Det d\u00e4r verkade inte imponera s\u00e5 mycket p\u00e5 v\u00e5ra jordn\u00e4ra f\u00f6retagare. Det var inga som omedelbart och entusiastiskt ansl\u00f6t sig till id\u00e9erna. Men de har fram till den 6 februari p\u00e5 sig att visa intresse. Kanske kan b\u00f6rjan till ett bolag \u00e5stadkommas den 12 februari. Man dr\u00f6mmer om renoveringar som kan g\u00e5 undan s\u00e5 att Ydre V\u00e4rdshus kan \u00f6ppna igen i b\u00f6rjan av maj. Alla lyssnare trodde dock inte att det kan g\u00e5 s\u00e5 fort.<br \/>\nMen det finns ocks\u00e5 annat att t\u00e4nka p\u00e5. Hur g\u00e5r det med de serveringar som redan finns? Och hur blir det med planerna p\u00e5 ett kulturhus? Kunde inte pengarna som lagts ner p\u00e5 planeringen av detta bygge i st\u00e4llet anv\u00e4nts till att rusta upp v\u00e4rdshuset?<br \/>\nVi visades runt i byggnaden. K\u00f6ket \u00e4r i gott skick men rummen beh\u00f6ver rustas upp en del. Det f\u00f6reslogs att det skall skapas en f\u00f6rn\u00e4mlig svit med eget spabad, egen balkong och utsikt \u00f6ver Torget och det enorma nya kulturhuset som enligt ryktet skall uppf\u00f6ras i n\u00e4rheten sedan delar av centrum rivits&#8230;<\/p>\n<p><img loading=\"lazy\" decoding=\"async\" src=\"http:\/\/ydrebo.se\/kd\/veckobrev\/kronika140801\/turism.JPG\" width=\"500\" height=\"500\" \/><br \/>\n<i>Vad \u00e4r det egentligen v\u00e5ra g\u00e4ster vill ha?<\/p>\n<p><\/i><i>Bengt Malm, ordf.<br \/>\n17 januari 2015<\/i><\/p>\n","protected":false},"excerpt":{"rendered":"<p>Orden f\u00e4lldes n\u00e4r Ydres f\u00f6retagare skulle f\u00e5 h\u00f6ra om planerna f\u00f6r V\u00e4rdshuset. Sedan verksamheten gick i konkurs f\u00f6rra \u00e5ret k\u00f6pte kommunen tillbaka byggnaden och en arbetsgrupp har sedan dess funderat p\u00e5 m\u00f6jligheten att f\u00e5 ig\u00e5ng ett fungerande v\u00e4rdhus igen. De tre konsulter som engagerats menade att en del renoveringar beh\u00f6vs men de skulle inte bli <a class=\"read-more-link\" href=\"https:\/\/wp.kristdemokraterna.se\/ydre\/2015-01-17-vi-skall-inte-lagga-oss-ner-och-do\/\">L\u00e4s mer<\/a><\/p>\n","protected":false},"author":793,"featured_media":0,"parent":0,"menu_order":0,"comment_status":"closed","ping_status":"closed","template":"","meta":{"_acf_changed":false,"footnotes":""},"class_list":["post-1369","page","type-page","status-publish","hentry"],"acf":[],"yoast_head":"<!-- This site is optimized with the Yoast SEO plugin v27.5 - https:\/\/yoast.com\/product\/yoast-seo-wordpress\/ -->\n<title>2015-01-17 &quot;Vi skall inte l\u00e4gga oss ner och d\u00f6!&quot; - Kristdemokraterna i Ydre<\/title>\n<meta name=\"robots\" content=\"index, follow, max-snippet:-1, max-image-preview:large, max-video-preview:-1\" \/>\n<link rel=\"canonical\" href=\"https:\/\/wp.kristdemokraterna.se\/ydre\/2015-01-17-vi-skall-inte-lagga-oss-ner-och-do\/\" \/>\n<meta property=\"og:locale\" content=\"sv_SE\" \/>\n<meta property=\"og:type\" content=\"article\" \/>\n<meta property=\"og:title\" content=\"2015-01-17 &quot;Vi skall inte l\u00e4gga oss ner och d\u00f6!&quot; - Kristdemokraterna i Ydre\" \/>\n<meta property=\"og:description\" content=\"Orden f\u00e4lldes n\u00e4r Ydres f\u00f6retagare skulle f\u00e5 h\u00f6ra om planerna f\u00f6r V\u00e4rdshuset. Sedan verksamheten gick i konkurs f\u00f6rra \u00e5ret k\u00f6pte kommunen tillbaka byggnaden och en arbetsgrupp har sedan dess funderat p\u00e5 m\u00f6jligheten att f\u00e5 ig\u00e5ng ett fungerande v\u00e4rdhus igen. De tre konsulter som engagerats menade att en del renoveringar beh\u00f6vs men de skulle inte bli L\u00e4s mer\" \/>\n<meta property=\"og:url\" content=\"https:\/\/wp.kristdemokraterna.se\/ydre\/2015-01-17-vi-skall-inte-lagga-oss-ner-och-do\/\" \/>\n<meta property=\"og:site_name\" content=\"Kristdemokraterna i Ydre\" \/>\n<meta property=\"article:modified_time\" content=\"2018-08-11T13:30:16+00:00\" \/>\n<meta property=\"og:image\" content=\"http:\/\/ydrebo.se\/kd\/veckobrev\/kronika140724\/torget.JPG\" \/>\n<meta name=\"twitter:card\" content=\"summary_large_image\" \/>\n<meta name=\"twitter:label1\" content=\"Ber\u00e4knad l\u00e4stid\" \/>\n\t<meta name=\"twitter:data1\" content=\"2 minuter\" \/>\n<script type=\"application\/ld+json\" class=\"yoast-schema-graph\">{\"@context\":\"https:\\\/\\\/schema.org\",\"@graph\":[{\"@type\":\"WebPage\",\"@id\":\"https:\\\/\\\/wp.kristdemokraterna.se\\\/ydre\\\/2015-01-17-vi-skall-inte-lagga-oss-ner-och-do\\\/\",\"url\":\"https:\\\/\\\/wp.kristdemokraterna.se\\\/ydre\\\/2015-01-17-vi-skall-inte-lagga-oss-ner-och-do\\\/\",\"name\":\"2015-01-17 \\\"Vi skall inte l\u00e4gga oss ner och d\u00f6!\\\" - Kristdemokraterna i Ydre\",\"isPartOf\":{\"@id\":\"https:\\\/\\\/wp.kristdemokraterna.se\\\/ydre\\\/#website\"},\"primaryImageOfPage\":{\"@id\":\"https:\\\/\\\/wp.kristdemokraterna.se\\\/ydre\\\/2015-01-17-vi-skall-inte-lagga-oss-ner-och-do\\\/#primaryimage\"},\"image\":{\"@id\":\"https:\\\/\\\/wp.kristdemokraterna.se\\\/ydre\\\/2015-01-17-vi-skall-inte-lagga-oss-ner-och-do\\\/#primaryimage\"},\"thumbnailUrl\":\"http:\\\/\\\/ydrebo.se\\\/kd\\\/veckobrev\\\/kronika140724\\\/torget.JPG\",\"datePublished\":\"2018-08-11T13:29:18+00:00\",\"dateModified\":\"2018-08-11T13:30:16+00:00\",\"breadcrumb\":{\"@id\":\"https:\\\/\\\/wp.kristdemokraterna.se\\\/ydre\\\/2015-01-17-vi-skall-inte-lagga-oss-ner-och-do\\\/#breadcrumb\"},\"inLanguage\":\"sv-SE\",\"potentialAction\":[{\"@type\":\"ReadAction\",\"target\":[\"https:\\\/\\\/wp.kristdemokraterna.se\\\/ydre\\\/2015-01-17-vi-skall-inte-lagga-oss-ner-och-do\\\/\"]}]},{\"@type\":\"ImageObject\",\"inLanguage\":\"sv-SE\",\"@id\":\"https:\\\/\\\/wp.kristdemokraterna.se\\\/ydre\\\/2015-01-17-vi-skall-inte-lagga-oss-ner-och-do\\\/#primaryimage\",\"url\":\"http:\\\/\\\/ydrebo.se\\\/kd\\\/veckobrev\\\/kronika140724\\\/torget.JPG\",\"contentUrl\":\"http:\\\/\\\/ydrebo.se\\\/kd\\\/veckobrev\\\/kronika140724\\\/torget.JPG\"},{\"@type\":\"BreadcrumbList\",\"@id\":\"https:\\\/\\\/wp.kristdemokraterna.se\\\/ydre\\\/2015-01-17-vi-skall-inte-lagga-oss-ner-och-do\\\/#breadcrumb\",\"itemListElement\":[{\"@type\":\"ListItem\",\"position\":1,\"name\":\"Hem\",\"item\":\"https:\\\/\\\/wp.kristdemokraterna.se\\\/ydre\\\/\"},{\"@type\":\"ListItem\",\"position\":2,\"name\":\"2015-01-17 &#8221;Vi skall inte l\u00e4gga oss ner och d\u00f6!&#8221;\"}]},{\"@type\":\"WebSite\",\"@id\":\"https:\\\/\\\/wp.kristdemokraterna.se\\\/ydre\\\/#website\",\"url\":\"https:\\\/\\\/wp.kristdemokraterna.se\\\/ydre\\\/\",\"name\":\"Kristdemokraterna i Ydre\",\"description\":\"En till Kristdemokraterna webbplats\",\"inLanguage\":\"sv-SE\"}]}<\/script>\n<!-- \/ Yoast SEO plugin. -->","yoast_head_json":{"title":"2015-01-17 \"Vi skall inte l\u00e4gga oss ner och d\u00f6!\" - Kristdemokraterna i Ydre","robots":{"index":"index","follow":"follow","max-snippet":"max-snippet:-1","max-image-preview":"max-image-preview:large","max-video-preview":"max-video-preview:-1"},"canonical":"https:\/\/wp.kristdemokraterna.se\/ydre\/2015-01-17-vi-skall-inte-lagga-oss-ner-och-do\/","og_locale":"sv_SE","og_type":"article","og_title":"2015-01-17 \"Vi skall inte l\u00e4gga oss ner och d\u00f6!\" - Kristdemokraterna i Ydre","og_description":"Orden f\u00e4lldes n\u00e4r Ydres f\u00f6retagare skulle f\u00e5 h\u00f6ra om planerna f\u00f6r V\u00e4rdshuset. Sedan verksamheten gick i konkurs f\u00f6rra \u00e5ret k\u00f6pte kommunen tillbaka byggnaden och en arbetsgrupp har sedan dess funderat p\u00e5 m\u00f6jligheten att f\u00e5 ig\u00e5ng ett fungerande v\u00e4rdhus igen. De tre konsulter som engagerats menade att en del renoveringar beh\u00f6vs men de skulle inte bli L\u00e4s mer","og_url":"https:\/\/wp.kristdemokraterna.se\/ydre\/2015-01-17-vi-skall-inte-lagga-oss-ner-och-do\/","og_site_name":"Kristdemokraterna i Ydre","article_modified_time":"2018-08-11T13:30:16+00:00","og_image":[{"url":"http:\/\/ydrebo.se\/kd\/veckobrev\/kronika140724\/torget.JPG","type":"","width":"","height":""}],"twitter_card":"summary_large_image","twitter_misc":{"Ber\u00e4knad l\u00e4stid":"2 minuter"},"schema":{"@context":"https:\/\/schema.org","@graph":[{"@type":"WebPage","@id":"https:\/\/wp.kristdemokraterna.se\/ydre\/2015-01-17-vi-skall-inte-lagga-oss-ner-och-do\/","url":"https:\/\/wp.kristdemokraterna.se\/ydre\/2015-01-17-vi-skall-inte-lagga-oss-ner-och-do\/","name":"2015-01-17 \"Vi skall inte l\u00e4gga oss ner och d\u00f6!\" - Kristdemokraterna i Ydre","isPartOf":{"@id":"https:\/\/wp.kristdemokraterna.se\/ydre\/#website"},"primaryImageOfPage":{"@id":"https:\/\/wp.kristdemokraterna.se\/ydre\/2015-01-17-vi-skall-inte-lagga-oss-ner-och-do\/#primaryimage"},"image":{"@id":"https:\/\/wp.kristdemokraterna.se\/ydre\/2015-01-17-vi-skall-inte-lagga-oss-ner-och-do\/#primaryimage"},"thumbnailUrl":"http:\/\/ydrebo.se\/kd\/veckobrev\/kronika140724\/torget.JPG","datePublished":"2018-08-11T13:29:18+00:00","dateModified":"2018-08-11T13:30:16+00:00","breadcrumb":{"@id":"https:\/\/wp.kristdemokraterna.se\/ydre\/2015-01-17-vi-skall-inte-lagga-oss-ner-och-do\/#breadcrumb"},"inLanguage":"sv-SE","potentialAction":[{"@type":"ReadAction","target":["https:\/\/wp.kristdemokraterna.se\/ydre\/2015-01-17-vi-skall-inte-lagga-oss-ner-och-do\/"]}]},{"@type":"ImageObject","inLanguage":"sv-SE","@id":"https:\/\/wp.kristdemokraterna.se\/ydre\/2015-01-17-vi-skall-inte-lagga-oss-ner-och-do\/#primaryimage","url":"http:\/\/ydrebo.se\/kd\/veckobrev\/kronika140724\/torget.JPG","contentUrl":"http:\/\/ydrebo.se\/kd\/veckobrev\/kronika140724\/torget.JPG"},{"@type":"BreadcrumbList","@id":"https:\/\/wp.kristdemokraterna.se\/ydre\/2015-01-17-vi-skall-inte-lagga-oss-ner-och-do\/#breadcrumb","itemListElement":[{"@type":"ListItem","position":1,"name":"Hem","item":"https:\/\/wp.kristdemokraterna.se\/ydre\/"},{"@type":"ListItem","position":2,"name":"2015-01-17 &#8221;Vi skall inte l\u00e4gga oss ner och d\u00f6!&#8221;"}]},{"@type":"WebSite","@id":"https:\/\/wp.kristdemokraterna.se\/ydre\/#website","url":"https:\/\/wp.kristdemokraterna.se\/ydre\/","name":"Kristdemokraterna i Ydre","description":"En till Kristdemokraterna webbplats","inLanguage":"sv-SE"}]}},"_links":{"self":[{"href":"https:\/\/wp.kristdemokraterna.se\/ydre\/wp-json\/wp\/v2\/pages\/1369","targetHints":{"allow":["GET"]}}],"collection":[{"href":"https:\/\/wp.kristdemokraterna.se\/ydre\/wp-json\/wp\/v2\/pages"}],"about":[{"href":"https:\/\/wp.kristdemokraterna.se\/ydre\/wp-json\/wp\/v2\/types\/page"}],"author":[{"embeddable":true,"href":"https:\/\/wp.kristdemokraterna.se\/ydre\/wp-json\/wp\/v2\/users\/793"}],"replies":[{"embeddable":true,"href":"https:\/\/wp.kristdemokraterna.se\/ydre\/wp-json\/wp\/v2\/comments?post=1369"}],"version-history":[{"count":2,"href":"https:\/\/wp.kristdemokraterna.se\/ydre\/wp-json\/wp\/v2\/pages\/1369\/revisions"}],"predecessor-version":[{"id":1371,"href":"https:\/\/wp.kristdemokraterna.se\/ydre\/wp-json\/wp\/v2\/pages\/1369\/revisions\/1371"}],"wp:attachment":[{"href":"https:\/\/wp.kristdemokraterna.se\/ydre\/wp-json\/wp\/v2\/media?parent=1369"}],"curies":[{"name":"wp","href":"https:\/\/api.w.org\/{rel}","templated":true}]}}