{"id":1373,"date":"2018-08-11T15:32:13","date_gmt":"2018-08-11T13:32:13","guid":{"rendered":"http:\/\/wp.kristdemokraterna.se\/ydre\/?page_id=1373"},"modified":"2018-08-11T15:34:06","modified_gmt":"2018-08-11T13:34:06","slug":"2015-01-23-vem-vill-vara-dagmamma-i-ydre","status":"publish","type":"page","link":"https:\/\/wp.kristdemokraterna.se\/ydre\/2015-01-23-vem-vill-vara-dagmamma-i-ydre\/","title":{"rendered":"2015-01-23 Vem vill vara dagmamma i Ydre?"},"content":{"rendered":"<p>Det har intr\u00e4ffat en stor olycka i Ydre. Det finns barn h\u00e4r, sm\u00e5 barn. Och de \u00e4r alldeles f\u00f6r m\u00e5nga. V\u00e5ra fem f\u00f6rskoleavdelningar i \u00d6sterbymo \u00e4r \u00f6verfulla. Situationen \u00e4r oh\u00e5llbar.<br \/>\n\u00c4nnu f\u00f6r n\u00e5gra \u00e5r sedan fanns det dagmammor i Ydre. Men de sades upp f\u00f6r de beh\u00f6vdes inte och det var &#8221;f\u00f6r dyrt&#8221; att anlita dem. Nu skulle de beh\u00f6vas! Men skulle de vilja komma igen? Eller finns det andra som skulle vilja g\u00e5 in och r\u00e4dda Ydre?<\/p>\n<p><img loading=\"lazy\" decoding=\"async\" src=\"http:\/\/ydrebo.se\/kd\/veckobrev\/mariannelund1.JPG\" width=\"600\" height=\"443\" \/><br \/>\n<i>F\u00f6rskola i Eksj\u00f6 kommun<\/i><\/p>\n<p>Det \u00e4r v\u00e4l k\u00e4nt att det finns familjer som av olika sk\u00e4l skulle f\u00f6redra dagmammor framf\u00f6r f\u00f6rskolor. Det skulle d\u00e4rf\u00f6r g\u00f6ra Ydre mer attraktivt om det funnes alternativ i barnomsorgen.<br \/>\nMen kruxet \u00e4r det bryska avskedandet av dagmammorna h\u00e4rom \u00e5ret. Hur skall vi f\u00e5 bukt med den misstro mot kommunen som d\u00e5 uppstod? Vilken canossavandring beh\u00f6ver vi genomf\u00f6ra? N\u00e5got m\u00e5ste vi ta oss till f\u00f6r att l\u00f6sa barnomsorgsproblemet. Visst finns det tankar om att bygga \u00e4nnu en f\u00f6rskoleavdelning, men det nuvarande f\u00f6rskoleomr\u00e5det \u00e4r redan fullt.<\/p>\n<p><img loading=\"lazy\" decoding=\"async\" src=\"http:\/\/ydrebo.se\/kd\/veckobrev\/rumskulla2.JPG\" width=\"600\" height=\"462\" \/><br \/>\n<i>F\u00f6rskola i Vimmerby kommun.<\/i><\/p>\n<p>Hur bra f\u00f6rskolor \u00e4n \u00e4r kan det beh\u00f6vas alternativ i barnomsorgen.<\/p>\n<p><i>Bengt Malm, ordf.<br \/>\n23 januari 2015<\/i><\/p>\n<p>P.S. Kanske vi i kommunledningen m\u00e5ste be p\u00e5 v\u00e5ra bara kn\u00e4n (i sn\u00f6n) eller g\u00f6ra som kejsar Henrik IV av Det heliga romerska riket av tyska nationen som 1077 bad p\u00e5ven om urs\u00e4kt genom att i tre dagar i slutet av januari st\u00e5 gr\u00e5tande och barfota utanf\u00f6r p\u00e5vens tillf\u00e4lliga residens i borgen Canossa.<\/p>\n","protected":false},"excerpt":{"rendered":"<p>Det har intr\u00e4ffat en stor olycka i Ydre. Det finns barn h\u00e4r, sm\u00e5 barn. Och de \u00e4r alldeles f\u00f6r m\u00e5nga. V\u00e5ra fem f\u00f6rskoleavdelningar i \u00d6sterbymo \u00e4r \u00f6verfulla. Situationen \u00e4r oh\u00e5llbar. \u00c4nnu f\u00f6r n\u00e5gra \u00e5r sedan fanns det dagmammor i Ydre. Men de sades upp f\u00f6r de beh\u00f6vdes inte och det var &#8221;f\u00f6r dyrt&#8221; att anlita <a class=\"read-more-link\" href=\"https:\/\/wp.kristdemokraterna.se\/ydre\/2015-01-23-vem-vill-vara-dagmamma-i-ydre\/\">L\u00e4s mer<\/a><\/p>\n","protected":false},"author":793,"featured_media":0,"parent":0,"menu_order":0,"comment_status":"closed","ping_status":"closed","template":"","meta":{"_acf_changed":false,"footnotes":""},"class_list":["post-1373","page","type-page","status-publish","hentry"],"acf":[],"yoast_head":"<!-- This site is optimized with the Yoast SEO plugin v27.5 - https:\/\/yoast.com\/product\/yoast-seo-wordpress\/ -->\n<title>2015-01-23 Vem vill vara dagmamma i Ydre? - Kristdemokraterna i Ydre<\/title>\n<meta name=\"robots\" content=\"index, follow, max-snippet:-1, max-image-preview:large, max-video-preview:-1\" \/>\n<link rel=\"canonical\" href=\"https:\/\/wp.kristdemokraterna.se\/ydre\/2015-01-23-vem-vill-vara-dagmamma-i-ydre\/\" \/>\n<meta property=\"og:locale\" content=\"sv_SE\" \/>\n<meta property=\"og:type\" content=\"article\" \/>\n<meta property=\"og:title\" content=\"2015-01-23 Vem vill vara dagmamma i Ydre? - Kristdemokraterna i Ydre\" \/>\n<meta property=\"og:description\" content=\"Det har intr\u00e4ffat en stor olycka i Ydre. Det finns barn h\u00e4r, sm\u00e5 barn. Och de \u00e4r alldeles f\u00f6r m\u00e5nga. V\u00e5ra fem f\u00f6rskoleavdelningar i \u00d6sterbymo \u00e4r \u00f6verfulla. Situationen \u00e4r oh\u00e5llbar. \u00c4nnu f\u00f6r n\u00e5gra \u00e5r sedan fanns det dagmammor i Ydre. Men de sades upp f\u00f6r de beh\u00f6vdes inte och det var &#8221;f\u00f6r dyrt&#8221; att anlita L\u00e4s mer\" \/>\n<meta property=\"og:url\" content=\"https:\/\/wp.kristdemokraterna.se\/ydre\/2015-01-23-vem-vill-vara-dagmamma-i-ydre\/\" \/>\n<meta property=\"og:site_name\" content=\"Kristdemokraterna i Ydre\" \/>\n<meta property=\"article:modified_time\" content=\"2018-08-11T13:34:06+00:00\" \/>\n<meta property=\"og:image\" content=\"http:\/\/ydrebo.se\/kd\/veckobrev\/mariannelund1.JPG\" \/>\n<meta name=\"twitter:card\" content=\"summary_large_image\" \/>\n<meta name=\"twitter:label1\" content=\"Ber\u00e4knad l\u00e4stid\" \/>\n\t<meta name=\"twitter:data1\" content=\"1 minut\" \/>\n<script type=\"application\/ld+json\" class=\"yoast-schema-graph\">{\"@context\":\"https:\\\/\\\/schema.org\",\"@graph\":[{\"@type\":\"WebPage\",\"@id\":\"https:\\\/\\\/wp.kristdemokraterna.se\\\/ydre\\\/2015-01-23-vem-vill-vara-dagmamma-i-ydre\\\/\",\"url\":\"https:\\\/\\\/wp.kristdemokraterna.se\\\/ydre\\\/2015-01-23-vem-vill-vara-dagmamma-i-ydre\\\/\",\"name\":\"2015-01-23 Vem vill vara dagmamma i Ydre? - Kristdemokraterna i Ydre\",\"isPartOf\":{\"@id\":\"https:\\\/\\\/wp.kristdemokraterna.se\\\/ydre\\\/#website\"},\"primaryImageOfPage\":{\"@id\":\"https:\\\/\\\/wp.kristdemokraterna.se\\\/ydre\\\/2015-01-23-vem-vill-vara-dagmamma-i-ydre\\\/#primaryimage\"},\"image\":{\"@id\":\"https:\\\/\\\/wp.kristdemokraterna.se\\\/ydre\\\/2015-01-23-vem-vill-vara-dagmamma-i-ydre\\\/#primaryimage\"},\"thumbnailUrl\":\"http:\\\/\\\/ydrebo.se\\\/kd\\\/veckobrev\\\/mariannelund1.JPG\",\"datePublished\":\"2018-08-11T13:32:13+00:00\",\"dateModified\":\"2018-08-11T13:34:06+00:00\",\"breadcrumb\":{\"@id\":\"https:\\\/\\\/wp.kristdemokraterna.se\\\/ydre\\\/2015-01-23-vem-vill-vara-dagmamma-i-ydre\\\/#breadcrumb\"},\"inLanguage\":\"sv-SE\",\"potentialAction\":[{\"@type\":\"ReadAction\",\"target\":[\"https:\\\/\\\/wp.kristdemokraterna.se\\\/ydre\\\/2015-01-23-vem-vill-vara-dagmamma-i-ydre\\\/\"]}]},{\"@type\":\"ImageObject\",\"inLanguage\":\"sv-SE\",\"@id\":\"https:\\\/\\\/wp.kristdemokraterna.se\\\/ydre\\\/2015-01-23-vem-vill-vara-dagmamma-i-ydre\\\/#primaryimage\",\"url\":\"http:\\\/\\\/ydrebo.se\\\/kd\\\/veckobrev\\\/mariannelund1.JPG\",\"contentUrl\":\"http:\\\/\\\/ydrebo.se\\\/kd\\\/veckobrev\\\/mariannelund1.JPG\"},{\"@type\":\"BreadcrumbList\",\"@id\":\"https:\\\/\\\/wp.kristdemokraterna.se\\\/ydre\\\/2015-01-23-vem-vill-vara-dagmamma-i-ydre\\\/#breadcrumb\",\"itemListElement\":[{\"@type\":\"ListItem\",\"position\":1,\"name\":\"Hem\",\"item\":\"https:\\\/\\\/wp.kristdemokraterna.se\\\/ydre\\\/\"},{\"@type\":\"ListItem\",\"position\":2,\"name\":\"2015-01-23 Vem vill vara dagmamma i Ydre?\"}]},{\"@type\":\"WebSite\",\"@id\":\"https:\\\/\\\/wp.kristdemokraterna.se\\\/ydre\\\/#website\",\"url\":\"https:\\\/\\\/wp.kristdemokraterna.se\\\/ydre\\\/\",\"name\":\"Kristdemokraterna i Ydre\",\"description\":\"En till Kristdemokraterna webbplats\",\"inLanguage\":\"sv-SE\"}]}<\/script>\n<!-- \/ Yoast SEO plugin. -->","yoast_head_json":{"title":"2015-01-23 Vem vill vara dagmamma i Ydre? - Kristdemokraterna i Ydre","robots":{"index":"index","follow":"follow","max-snippet":"max-snippet:-1","max-image-preview":"max-image-preview:large","max-video-preview":"max-video-preview:-1"},"canonical":"https:\/\/wp.kristdemokraterna.se\/ydre\/2015-01-23-vem-vill-vara-dagmamma-i-ydre\/","og_locale":"sv_SE","og_type":"article","og_title":"2015-01-23 Vem vill vara dagmamma i Ydre? - Kristdemokraterna i Ydre","og_description":"Det har intr\u00e4ffat en stor olycka i Ydre. Det finns barn h\u00e4r, sm\u00e5 barn. Och de \u00e4r alldeles f\u00f6r m\u00e5nga. V\u00e5ra fem f\u00f6rskoleavdelningar i \u00d6sterbymo \u00e4r \u00f6verfulla. Situationen \u00e4r oh\u00e5llbar. \u00c4nnu f\u00f6r n\u00e5gra \u00e5r sedan fanns det dagmammor i Ydre. Men de sades upp f\u00f6r de beh\u00f6vdes inte och det var &#8221;f\u00f6r dyrt&#8221; att anlita L\u00e4s mer","og_url":"https:\/\/wp.kristdemokraterna.se\/ydre\/2015-01-23-vem-vill-vara-dagmamma-i-ydre\/","og_site_name":"Kristdemokraterna i Ydre","article_modified_time":"2018-08-11T13:34:06+00:00","og_image":[{"url":"http:\/\/ydrebo.se\/kd\/veckobrev\/mariannelund1.JPG","type":"","width":"","height":""}],"twitter_card":"summary_large_image","twitter_misc":{"Ber\u00e4knad l\u00e4stid":"1 minut"},"schema":{"@context":"https:\/\/schema.org","@graph":[{"@type":"WebPage","@id":"https:\/\/wp.kristdemokraterna.se\/ydre\/2015-01-23-vem-vill-vara-dagmamma-i-ydre\/","url":"https:\/\/wp.kristdemokraterna.se\/ydre\/2015-01-23-vem-vill-vara-dagmamma-i-ydre\/","name":"2015-01-23 Vem vill vara dagmamma i Ydre? - Kristdemokraterna i Ydre","isPartOf":{"@id":"https:\/\/wp.kristdemokraterna.se\/ydre\/#website"},"primaryImageOfPage":{"@id":"https:\/\/wp.kristdemokraterna.se\/ydre\/2015-01-23-vem-vill-vara-dagmamma-i-ydre\/#primaryimage"},"image":{"@id":"https:\/\/wp.kristdemokraterna.se\/ydre\/2015-01-23-vem-vill-vara-dagmamma-i-ydre\/#primaryimage"},"thumbnailUrl":"http:\/\/ydrebo.se\/kd\/veckobrev\/mariannelund1.JPG","datePublished":"2018-08-11T13:32:13+00:00","dateModified":"2018-08-11T13:34:06+00:00","breadcrumb":{"@id":"https:\/\/wp.kristdemokraterna.se\/ydre\/2015-01-23-vem-vill-vara-dagmamma-i-ydre\/#breadcrumb"},"inLanguage":"sv-SE","potentialAction":[{"@type":"ReadAction","target":["https:\/\/wp.kristdemokraterna.se\/ydre\/2015-01-23-vem-vill-vara-dagmamma-i-ydre\/"]}]},{"@type":"ImageObject","inLanguage":"sv-SE","@id":"https:\/\/wp.kristdemokraterna.se\/ydre\/2015-01-23-vem-vill-vara-dagmamma-i-ydre\/#primaryimage","url":"http:\/\/ydrebo.se\/kd\/veckobrev\/mariannelund1.JPG","contentUrl":"http:\/\/ydrebo.se\/kd\/veckobrev\/mariannelund1.JPG"},{"@type":"BreadcrumbList","@id":"https:\/\/wp.kristdemokraterna.se\/ydre\/2015-01-23-vem-vill-vara-dagmamma-i-ydre\/#breadcrumb","itemListElement":[{"@type":"ListItem","position":1,"name":"Hem","item":"https:\/\/wp.kristdemokraterna.se\/ydre\/"},{"@type":"ListItem","position":2,"name":"2015-01-23 Vem vill vara dagmamma i Ydre?"}]},{"@type":"WebSite","@id":"https:\/\/wp.kristdemokraterna.se\/ydre\/#website","url":"https:\/\/wp.kristdemokraterna.se\/ydre\/","name":"Kristdemokraterna i Ydre","description":"En till Kristdemokraterna webbplats","inLanguage":"sv-SE"}]}},"_links":{"self":[{"href":"https:\/\/wp.kristdemokraterna.se\/ydre\/wp-json\/wp\/v2\/pages\/1373","targetHints":{"allow":["GET"]}}],"collection":[{"href":"https:\/\/wp.kristdemokraterna.se\/ydre\/wp-json\/wp\/v2\/pages"}],"about":[{"href":"https:\/\/wp.kristdemokraterna.se\/ydre\/wp-json\/wp\/v2\/types\/page"}],"author":[{"embeddable":true,"href":"https:\/\/wp.kristdemokraterna.se\/ydre\/wp-json\/wp\/v2\/users\/793"}],"replies":[{"embeddable":true,"href":"https:\/\/wp.kristdemokraterna.se\/ydre\/wp-json\/wp\/v2\/comments?post=1373"}],"version-history":[{"count":4,"href":"https:\/\/wp.kristdemokraterna.se\/ydre\/wp-json\/wp\/v2\/pages\/1373\/revisions"}],"predecessor-version":[{"id":1377,"href":"https:\/\/wp.kristdemokraterna.se\/ydre\/wp-json\/wp\/v2\/pages\/1373\/revisions\/1377"}],"wp:attachment":[{"href":"https:\/\/wp.kristdemokraterna.se\/ydre\/wp-json\/wp\/v2\/media?parent=1373"}],"curies":[{"name":"wp","href":"https:\/\/api.w.org\/{rel}","templated":true}]}}