{"id":1379,"date":"2018-08-11T15:35:26","date_gmt":"2018-08-11T13:35:26","guid":{"rendered":"http:\/\/wp.kristdemokraterna.se\/ydre\/?page_id=1379"},"modified":"2018-08-11T15:36:33","modified_gmt":"2018-08-11T13:36:33","slug":"2015-01-29-dagens-nyhet","status":"publish","type":"page","link":"https:\/\/wp.kristdemokraterna.se\/ydre\/2015-01-29-dagens-nyhet\/","title":{"rendered":"2015-01-29 Dagens nyhet"},"content":{"rendered":"<p>Det \u00e4r f\u00f6rst\u00e5s att v\u00e5r partiordf\u00f6rande G\u00f6ran H\u00e4gglund avg\u00e5r. Visst kan det k\u00e4nnas som en chock. Vi skulle ju arbeta m\u00e5lmedvetet i opposition med ambitionen att vinna n\u00e4sta val och bli regeringsparti igen.<br \/>\nMen det kan vara just det som G\u00f6ran H\u00e4gglund k\u00e4nt blir f\u00f6r mycket. F\u00f6r om han stannar kvar p\u00e5 posten s\u00e5 lovar han att h\u00e4nga med m\u00e5nga \u00e5r till. Och han har redan h\u00e5llit p\u00e5 elva \u00e5r.<\/p>\n<p><img loading=\"lazy\" decoding=\"async\" src=\"http:\/\/ydrebo.se\/kd\/veckobrev2015\/ydrekollage1.jpg\" width=\"600\" height=\"480\" \/><\/p>\n<p>Det \u00e4r inte ett parti i kris han l\u00e4mnar trots motg\u00e5ngen i valet. Och det \u00e4r mycket han f\u00e5tt gjort. Omd\u00f6mena om hans insatser \u00e4r \u00f6verv\u00e4gande positiva. Att Alliansen kom till och har h\u00e5llit ihop \u00e4r till stor del hans f\u00f6rtj\u00e4nst. Samtidigt har det varit tungt att ha ansvar f\u00f6r de sociala fr\u00e5gorna som verkligen inte \u00e4r l\u00e4tta att hantera.<br \/>\nFortfarande beh\u00f6vs familjens r\u00f6st i samh\u00e4llet. Vem som nu skall ta vid vet vi ju inte \u00e4n. Det blir en sp\u00e4nnande tid fram\u00f6ver. Men vi skall fortfarande arbeta f\u00f6r ett m\u00e4nskligare Sverige. Och h\u00e4r p\u00e5 lokalplanet skall vi verka f\u00f6r m\u00e4nniskornas Ydre!<\/p>\n<p><img loading=\"lazy\" decoding=\"async\" src=\"http:\/\/ydrebo.se\/kd\/veckobrev2015\/ydrekollage2.jpg\" width=\"600\" height=\"480\" \/><\/p>\n<p><i>Bengt Malm, ordf.<br \/>\n29 januari 2015<\/i><\/p>\n","protected":false},"excerpt":{"rendered":"<p>Det \u00e4r f\u00f6rst\u00e5s att v\u00e5r partiordf\u00f6rande G\u00f6ran H\u00e4gglund avg\u00e5r. Visst kan det k\u00e4nnas som en chock. Vi skulle ju arbeta m\u00e5lmedvetet i opposition med ambitionen att vinna n\u00e4sta val och bli regeringsparti igen. Men det kan vara just det som G\u00f6ran H\u00e4gglund k\u00e4nt blir f\u00f6r mycket. F\u00f6r om han stannar kvar p\u00e5 posten s\u00e5 lovar <a class=\"read-more-link\" href=\"https:\/\/wp.kristdemokraterna.se\/ydre\/2015-01-29-dagens-nyhet\/\">L\u00e4s mer<\/a><\/p>\n","protected":false},"author":793,"featured_media":0,"parent":0,"menu_order":0,"comment_status":"closed","ping_status":"closed","template":"","meta":{"_acf_changed":false,"footnotes":""},"class_list":["post-1379","page","type-page","status-publish","hentry"],"acf":[],"yoast_head":"<!-- This site is optimized with the Yoast SEO plugin v27.5 - https:\/\/yoast.com\/product\/yoast-seo-wordpress\/ -->\n<title>2015-01-29 Dagens nyhet - Kristdemokraterna i Ydre<\/title>\n<meta name=\"robots\" content=\"index, follow, max-snippet:-1, max-image-preview:large, max-video-preview:-1\" \/>\n<link rel=\"canonical\" href=\"https:\/\/wp.kristdemokraterna.se\/ydre\/2015-01-29-dagens-nyhet\/\" \/>\n<meta property=\"og:locale\" content=\"sv_SE\" \/>\n<meta property=\"og:type\" content=\"article\" \/>\n<meta property=\"og:title\" content=\"2015-01-29 Dagens nyhet - Kristdemokraterna i Ydre\" \/>\n<meta property=\"og:description\" content=\"Det \u00e4r f\u00f6rst\u00e5s att v\u00e5r partiordf\u00f6rande G\u00f6ran H\u00e4gglund avg\u00e5r. Visst kan det k\u00e4nnas som en chock. Vi skulle ju arbeta m\u00e5lmedvetet i opposition med ambitionen att vinna n\u00e4sta val och bli regeringsparti igen. Men det kan vara just det som G\u00f6ran H\u00e4gglund k\u00e4nt blir f\u00f6r mycket. F\u00f6r om han stannar kvar p\u00e5 posten s\u00e5 lovar L\u00e4s mer\" \/>\n<meta property=\"og:url\" content=\"https:\/\/wp.kristdemokraterna.se\/ydre\/2015-01-29-dagens-nyhet\/\" \/>\n<meta property=\"og:site_name\" content=\"Kristdemokraterna i Ydre\" \/>\n<meta property=\"article:modified_time\" content=\"2018-08-11T13:36:33+00:00\" \/>\n<meta property=\"og:image\" content=\"http:\/\/ydrebo.se\/kd\/veckobrev2015\/ydrekollage1.jpg\" \/>\n<meta name=\"twitter:card\" content=\"summary_large_image\" \/>\n<meta name=\"twitter:label1\" content=\"Ber\u00e4knad l\u00e4stid\" \/>\n\t<meta name=\"twitter:data1\" content=\"1 minut\" \/>\n<script type=\"application\/ld+json\" class=\"yoast-schema-graph\">{\"@context\":\"https:\\\/\\\/schema.org\",\"@graph\":[{\"@type\":\"WebPage\",\"@id\":\"https:\\\/\\\/wp.kristdemokraterna.se\\\/ydre\\\/2015-01-29-dagens-nyhet\\\/\",\"url\":\"https:\\\/\\\/wp.kristdemokraterna.se\\\/ydre\\\/2015-01-29-dagens-nyhet\\\/\",\"name\":\"2015-01-29 Dagens nyhet - Kristdemokraterna i Ydre\",\"isPartOf\":{\"@id\":\"https:\\\/\\\/wp.kristdemokraterna.se\\\/ydre\\\/#website\"},\"primaryImageOfPage\":{\"@id\":\"https:\\\/\\\/wp.kristdemokraterna.se\\\/ydre\\\/2015-01-29-dagens-nyhet\\\/#primaryimage\"},\"image\":{\"@id\":\"https:\\\/\\\/wp.kristdemokraterna.se\\\/ydre\\\/2015-01-29-dagens-nyhet\\\/#primaryimage\"},\"thumbnailUrl\":\"http:\\\/\\\/ydrebo.se\\\/kd\\\/veckobrev2015\\\/ydrekollage1.jpg\",\"datePublished\":\"2018-08-11T13:35:26+00:00\",\"dateModified\":\"2018-08-11T13:36:33+00:00\",\"breadcrumb\":{\"@id\":\"https:\\\/\\\/wp.kristdemokraterna.se\\\/ydre\\\/2015-01-29-dagens-nyhet\\\/#breadcrumb\"},\"inLanguage\":\"sv-SE\",\"potentialAction\":[{\"@type\":\"ReadAction\",\"target\":[\"https:\\\/\\\/wp.kristdemokraterna.se\\\/ydre\\\/2015-01-29-dagens-nyhet\\\/\"]}]},{\"@type\":\"ImageObject\",\"inLanguage\":\"sv-SE\",\"@id\":\"https:\\\/\\\/wp.kristdemokraterna.se\\\/ydre\\\/2015-01-29-dagens-nyhet\\\/#primaryimage\",\"url\":\"http:\\\/\\\/ydrebo.se\\\/kd\\\/veckobrev2015\\\/ydrekollage1.jpg\",\"contentUrl\":\"http:\\\/\\\/ydrebo.se\\\/kd\\\/veckobrev2015\\\/ydrekollage1.jpg\"},{\"@type\":\"BreadcrumbList\",\"@id\":\"https:\\\/\\\/wp.kristdemokraterna.se\\\/ydre\\\/2015-01-29-dagens-nyhet\\\/#breadcrumb\",\"itemListElement\":[{\"@type\":\"ListItem\",\"position\":1,\"name\":\"Hem\",\"item\":\"https:\\\/\\\/wp.kristdemokraterna.se\\\/ydre\\\/\"},{\"@type\":\"ListItem\",\"position\":2,\"name\":\"2015-01-29 Dagens nyhet\"}]},{\"@type\":\"WebSite\",\"@id\":\"https:\\\/\\\/wp.kristdemokraterna.se\\\/ydre\\\/#website\",\"url\":\"https:\\\/\\\/wp.kristdemokraterna.se\\\/ydre\\\/\",\"name\":\"Kristdemokraterna i Ydre\",\"description\":\"En till Kristdemokraterna webbplats\",\"inLanguage\":\"sv-SE\"}]}<\/script>\n<!-- \/ Yoast SEO plugin. -->","yoast_head_json":{"title":"2015-01-29 Dagens nyhet - Kristdemokraterna i Ydre","robots":{"index":"index","follow":"follow","max-snippet":"max-snippet:-1","max-image-preview":"max-image-preview:large","max-video-preview":"max-video-preview:-1"},"canonical":"https:\/\/wp.kristdemokraterna.se\/ydre\/2015-01-29-dagens-nyhet\/","og_locale":"sv_SE","og_type":"article","og_title":"2015-01-29 Dagens nyhet - Kristdemokraterna i Ydre","og_description":"Det \u00e4r f\u00f6rst\u00e5s att v\u00e5r partiordf\u00f6rande G\u00f6ran H\u00e4gglund avg\u00e5r. Visst kan det k\u00e4nnas som en chock. Vi skulle ju arbeta m\u00e5lmedvetet i opposition med ambitionen att vinna n\u00e4sta val och bli regeringsparti igen. Men det kan vara just det som G\u00f6ran H\u00e4gglund k\u00e4nt blir f\u00f6r mycket. F\u00f6r om han stannar kvar p\u00e5 posten s\u00e5 lovar L\u00e4s mer","og_url":"https:\/\/wp.kristdemokraterna.se\/ydre\/2015-01-29-dagens-nyhet\/","og_site_name":"Kristdemokraterna i Ydre","article_modified_time":"2018-08-11T13:36:33+00:00","og_image":[{"url":"http:\/\/ydrebo.se\/kd\/veckobrev2015\/ydrekollage1.jpg","type":"","width":"","height":""}],"twitter_card":"summary_large_image","twitter_misc":{"Ber\u00e4knad l\u00e4stid":"1 minut"},"schema":{"@context":"https:\/\/schema.org","@graph":[{"@type":"WebPage","@id":"https:\/\/wp.kristdemokraterna.se\/ydre\/2015-01-29-dagens-nyhet\/","url":"https:\/\/wp.kristdemokraterna.se\/ydre\/2015-01-29-dagens-nyhet\/","name":"2015-01-29 Dagens nyhet - Kristdemokraterna i Ydre","isPartOf":{"@id":"https:\/\/wp.kristdemokraterna.se\/ydre\/#website"},"primaryImageOfPage":{"@id":"https:\/\/wp.kristdemokraterna.se\/ydre\/2015-01-29-dagens-nyhet\/#primaryimage"},"image":{"@id":"https:\/\/wp.kristdemokraterna.se\/ydre\/2015-01-29-dagens-nyhet\/#primaryimage"},"thumbnailUrl":"http:\/\/ydrebo.se\/kd\/veckobrev2015\/ydrekollage1.jpg","datePublished":"2018-08-11T13:35:26+00:00","dateModified":"2018-08-11T13:36:33+00:00","breadcrumb":{"@id":"https:\/\/wp.kristdemokraterna.se\/ydre\/2015-01-29-dagens-nyhet\/#breadcrumb"},"inLanguage":"sv-SE","potentialAction":[{"@type":"ReadAction","target":["https:\/\/wp.kristdemokraterna.se\/ydre\/2015-01-29-dagens-nyhet\/"]}]},{"@type":"ImageObject","inLanguage":"sv-SE","@id":"https:\/\/wp.kristdemokraterna.se\/ydre\/2015-01-29-dagens-nyhet\/#primaryimage","url":"http:\/\/ydrebo.se\/kd\/veckobrev2015\/ydrekollage1.jpg","contentUrl":"http:\/\/ydrebo.se\/kd\/veckobrev2015\/ydrekollage1.jpg"},{"@type":"BreadcrumbList","@id":"https:\/\/wp.kristdemokraterna.se\/ydre\/2015-01-29-dagens-nyhet\/#breadcrumb","itemListElement":[{"@type":"ListItem","position":1,"name":"Hem","item":"https:\/\/wp.kristdemokraterna.se\/ydre\/"},{"@type":"ListItem","position":2,"name":"2015-01-29 Dagens nyhet"}]},{"@type":"WebSite","@id":"https:\/\/wp.kristdemokraterna.se\/ydre\/#website","url":"https:\/\/wp.kristdemokraterna.se\/ydre\/","name":"Kristdemokraterna i Ydre","description":"En till Kristdemokraterna webbplats","inLanguage":"sv-SE"}]}},"_links":{"self":[{"href":"https:\/\/wp.kristdemokraterna.se\/ydre\/wp-json\/wp\/v2\/pages\/1379","targetHints":{"allow":["GET"]}}],"collection":[{"href":"https:\/\/wp.kristdemokraterna.se\/ydre\/wp-json\/wp\/v2\/pages"}],"about":[{"href":"https:\/\/wp.kristdemokraterna.se\/ydre\/wp-json\/wp\/v2\/types\/page"}],"author":[{"embeddable":true,"href":"https:\/\/wp.kristdemokraterna.se\/ydre\/wp-json\/wp\/v2\/users\/793"}],"replies":[{"embeddable":true,"href":"https:\/\/wp.kristdemokraterna.se\/ydre\/wp-json\/wp\/v2\/comments?post=1379"}],"version-history":[{"count":3,"href":"https:\/\/wp.kristdemokraterna.se\/ydre\/wp-json\/wp\/v2\/pages\/1379\/revisions"}],"predecessor-version":[{"id":1382,"href":"https:\/\/wp.kristdemokraterna.se\/ydre\/wp-json\/wp\/v2\/pages\/1379\/revisions\/1382"}],"wp:attachment":[{"href":"https:\/\/wp.kristdemokraterna.se\/ydre\/wp-json\/wp\/v2\/media?parent=1379"}],"curies":[{"name":"wp","href":"https:\/\/api.w.org\/{rel}","templated":true}]}}