{"id":1384,"date":"2018-08-11T15:38:09","date_gmt":"2018-08-11T13:38:09","guid":{"rendered":"http:\/\/wp.kristdemokraterna.se\/ydre\/?page_id=1384"},"modified":"2018-08-11T15:41:13","modified_gmt":"2018-08-11T13:41:13","slug":"2015-02-07-har-vi-rad-att-ge-vara-barn-mjolk","status":"publish","type":"page","link":"https:\/\/wp.kristdemokraterna.se\/ydre\/2015-02-07-har-vi-rad-att-ge-vara-barn-mjolk\/","title":{"rendered":"2015-02-07 Har vi r\u00e5d att ge v\u00e5ra barn mj\u00f6lk?"},"content":{"rendered":"<p>Har vi r\u00e5d med fler barn? Det s\u00e4gs vara en fr\u00e5ga som somliga f\u00f6r\u00e4ldrar s\u00e4ger sig. Dvs om vi f\u00e5r fler barn i v\u00e5r familj eller v\u00e5rt samh\u00e4lle vad har vi d\u00e5 r\u00e5d att ge dem? Eller snarare: Vad \u00e4r vi beredda att betala f\u00f6r det v\u00e5ra barn och andra m\u00e4nniskor beh\u00f6ver?<br \/>\nHur \u00e4r det t.ex. med mj\u00f6lken. Nyligen ordnades\u00a0mj\u00f6lkens dag\u00a0i riksdagen. Mj\u00f6lkb\u00f6nder kom fr\u00e5n hela landet. De kan ber\u00e4tta om att de f\u00e5r s\u00e5 litet betalt f\u00f6r sin verksamhet att det knappt \u00e4r n\u00e5gon id\u00e9 att forts\u00e4tta. Med andra ord \u00e4r det kris.<br \/>\nDen som ordnade denna presentation var v\u00e5r riksdagsman Magnus Oscarsson (kd) fr\u00e5n \u00d6desh\u00f6g. Han ber\u00e4ttade om det n\u00e4r han bes\u00f6kte Ydre Kristdemokraters \u00e5rsm\u00f6te den 6 februari.<\/p>\n<p><img loading=\"lazy\" decoding=\"async\" src=\"http:\/\/ydrebo.se\/kd\/veckobrev\/kronika140826\/brostorp.JPG\" width=\"600\" height=\"450\" \/><br \/>\n<i>Magnus Oscarsson bes\u00f6kte Brostorp i Augusti. Camilla Ydrestrand ber\u00e4ttade om mejeriet.<\/i><\/p>\n<p><img loading=\"lazy\" decoding=\"async\" src=\"http:\/\/ydrebo.se\/kd\/veckobrev2015\/highland_cattle.JPG\" width=\"600\" height=\"461\" \/><br \/>\n<i>I st\u00e4llet f\u00f6r mj\u00f6lkko.<\/i><\/p>\n<p>Det beh\u00f6vs mer f\u00f6r att h\u00e5lla landsbygden levande. Magnus Oscarsson har skrivit en riksdagsmotion om att vi b\u00f6r f\u00e5 en b\u00e4ttre v\u00e4g till Tran\u00e5s. Svunnen \u00e4r den tid d\u00e5 v\u00e5ra v\u00e4gar var till f\u00f6r att h\u00e5lla fr\u00e4mlingar borta. De d\u00e5liga v\u00e4garna \u00e4r\u00a0<i>inte<\/i>\u00a0h\u00f6gt skattade fornminnen.<br \/>\nMen f\u00f6r att \u00e5terg\u00e5 till barnen s\u00e5 beh\u00f6ver de mer \u00e4n mj\u00f6lk. I \u00d6sterbymo finns det nu s\u00e5 m\u00e5nga sm\u00e5 barn att en ny f\u00f6rskoleavdelning beh\u00f6vs och helst ocks\u00e5 dagmammor. Planer finns att bygga om Villa Vallmon. Kanske man d\u00e5 \u00e4ntligen ocks\u00e5 kan f\u00e5 en ordentlig central lekplats.\u00a0Det \u00e4r ett gammalt \u00f6nskem\u00e5l fr\u00e5n oss\u00a0(presenterat av Barbro Malm).<\/p>\n<p><img loading=\"lazy\" decoding=\"async\" src=\"http:\/\/ydrebo.se\/kd\/veckobrev2015\/lekplats.JPG\" width=\"600\" height=\"462\" \/><br \/>\n<i>\u00d6sterbymos nuvarande centrala lekplats<\/i><\/p>\n<p>Men f\u00f6r v\u00e5ra egna bekymmer f\u00e5r vi inte gl\u00f6mma andras lidanden. Magnus Oscarsson p\u00e5minde om katastroferna f\u00f6r minoriteter i Irak och Syrien. D\u00e4r beh\u00f6vs ocks\u00e5 insatser.<\/p>\n<p><i>Bengt Malm, ordf.<br \/>\n7 februari 2015<\/i><\/p>\n<p>P.S. Valen vid \u00e5rsm\u00f6tet medf\u00f6rde inga stora f\u00f6r\u00e4ndringar. D\u00e4remot talade vi naturligtvis om det kommande extra rikstinget med val av ny partiordf\u00f6rande och ny partistyrelse.<\/p>\n","protected":false},"excerpt":{"rendered":"<p>Har vi r\u00e5d med fler barn? Det s\u00e4gs vara en fr\u00e5ga som somliga f\u00f6r\u00e4ldrar s\u00e4ger sig. Dvs om vi f\u00e5r fler barn i v\u00e5r familj eller v\u00e5rt samh\u00e4lle vad har vi d\u00e5 r\u00e5d att ge dem? Eller snarare: Vad \u00e4r vi beredda att betala f\u00f6r det v\u00e5ra barn och andra m\u00e4nniskor beh\u00f6ver? Hur \u00e4r det <a class=\"read-more-link\" href=\"https:\/\/wp.kristdemokraterna.se\/ydre\/2015-02-07-har-vi-rad-att-ge-vara-barn-mjolk\/\">L\u00e4s mer<\/a><\/p>\n","protected":false},"author":793,"featured_media":0,"parent":0,"menu_order":0,"comment_status":"closed","ping_status":"closed","template":"","meta":{"_acf_changed":false,"footnotes":""},"class_list":["post-1384","page","type-page","status-publish","hentry"],"acf":[],"yoast_head":"<!-- This site is optimized with the Yoast SEO plugin v27.5 - https:\/\/yoast.com\/product\/yoast-seo-wordpress\/ -->\n<title>2015-02-07 Har vi r\u00e5d att ge v\u00e5ra barn mj\u00f6lk? - Kristdemokraterna i Ydre<\/title>\n<meta name=\"robots\" content=\"index, follow, max-snippet:-1, max-image-preview:large, max-video-preview:-1\" \/>\n<link rel=\"canonical\" href=\"https:\/\/wp.kristdemokraterna.se\/ydre\/2015-02-07-har-vi-rad-att-ge-vara-barn-mjolk\/\" \/>\n<meta property=\"og:locale\" content=\"sv_SE\" \/>\n<meta property=\"og:type\" content=\"article\" \/>\n<meta property=\"og:title\" content=\"2015-02-07 Har vi r\u00e5d att ge v\u00e5ra barn mj\u00f6lk? - Kristdemokraterna i Ydre\" \/>\n<meta property=\"og:description\" content=\"Har vi r\u00e5d med fler barn? Det s\u00e4gs vara en fr\u00e5ga som somliga f\u00f6r\u00e4ldrar s\u00e4ger sig. Dvs om vi f\u00e5r fler barn i v\u00e5r familj eller v\u00e5rt samh\u00e4lle vad har vi d\u00e5 r\u00e5d att ge dem? Eller snarare: Vad \u00e4r vi beredda att betala f\u00f6r det v\u00e5ra barn och andra m\u00e4nniskor beh\u00f6ver? Hur \u00e4r det L\u00e4s mer\" \/>\n<meta property=\"og:url\" content=\"https:\/\/wp.kristdemokraterna.se\/ydre\/2015-02-07-har-vi-rad-att-ge-vara-barn-mjolk\/\" \/>\n<meta property=\"og:site_name\" content=\"Kristdemokraterna i Ydre\" \/>\n<meta property=\"article:modified_time\" content=\"2018-08-11T13:41:13+00:00\" \/>\n<meta property=\"og:image\" content=\"http:\/\/ydrebo.se\/kd\/veckobrev\/kronika140826\/brostorp.JPG\" \/>\n<meta name=\"twitter:card\" content=\"summary_large_image\" \/>\n<meta name=\"twitter:label1\" content=\"Ber\u00e4knad l\u00e4stid\" \/>\n\t<meta name=\"twitter:data1\" content=\"2 minuter\" \/>\n<script type=\"application\/ld+json\" class=\"yoast-schema-graph\">{\"@context\":\"https:\\\/\\\/schema.org\",\"@graph\":[{\"@type\":\"WebPage\",\"@id\":\"https:\\\/\\\/wp.kristdemokraterna.se\\\/ydre\\\/2015-02-07-har-vi-rad-att-ge-vara-barn-mjolk\\\/\",\"url\":\"https:\\\/\\\/wp.kristdemokraterna.se\\\/ydre\\\/2015-02-07-har-vi-rad-att-ge-vara-barn-mjolk\\\/\",\"name\":\"2015-02-07 Har vi r\u00e5d att ge v\u00e5ra barn mj\u00f6lk? - Kristdemokraterna i Ydre\",\"isPartOf\":{\"@id\":\"https:\\\/\\\/wp.kristdemokraterna.se\\\/ydre\\\/#website\"},\"primaryImageOfPage\":{\"@id\":\"https:\\\/\\\/wp.kristdemokraterna.se\\\/ydre\\\/2015-02-07-har-vi-rad-att-ge-vara-barn-mjolk\\\/#primaryimage\"},\"image\":{\"@id\":\"https:\\\/\\\/wp.kristdemokraterna.se\\\/ydre\\\/2015-02-07-har-vi-rad-att-ge-vara-barn-mjolk\\\/#primaryimage\"},\"thumbnailUrl\":\"http:\\\/\\\/ydrebo.se\\\/kd\\\/veckobrev\\\/kronika140826\\\/brostorp.JPG\",\"datePublished\":\"2018-08-11T13:38:09+00:00\",\"dateModified\":\"2018-08-11T13:41:13+00:00\",\"breadcrumb\":{\"@id\":\"https:\\\/\\\/wp.kristdemokraterna.se\\\/ydre\\\/2015-02-07-har-vi-rad-att-ge-vara-barn-mjolk\\\/#breadcrumb\"},\"inLanguage\":\"sv-SE\",\"potentialAction\":[{\"@type\":\"ReadAction\",\"target\":[\"https:\\\/\\\/wp.kristdemokraterna.se\\\/ydre\\\/2015-02-07-har-vi-rad-att-ge-vara-barn-mjolk\\\/\"]}]},{\"@type\":\"ImageObject\",\"inLanguage\":\"sv-SE\",\"@id\":\"https:\\\/\\\/wp.kristdemokraterna.se\\\/ydre\\\/2015-02-07-har-vi-rad-att-ge-vara-barn-mjolk\\\/#primaryimage\",\"url\":\"http:\\\/\\\/ydrebo.se\\\/kd\\\/veckobrev\\\/kronika140826\\\/brostorp.JPG\",\"contentUrl\":\"http:\\\/\\\/ydrebo.se\\\/kd\\\/veckobrev\\\/kronika140826\\\/brostorp.JPG\"},{\"@type\":\"BreadcrumbList\",\"@id\":\"https:\\\/\\\/wp.kristdemokraterna.se\\\/ydre\\\/2015-02-07-har-vi-rad-att-ge-vara-barn-mjolk\\\/#breadcrumb\",\"itemListElement\":[{\"@type\":\"ListItem\",\"position\":1,\"name\":\"Hem\",\"item\":\"https:\\\/\\\/wp.kristdemokraterna.se\\\/ydre\\\/\"},{\"@type\":\"ListItem\",\"position\":2,\"name\":\"2015-02-07 Har vi r\u00e5d att ge v\u00e5ra barn mj\u00f6lk?\"}]},{\"@type\":\"WebSite\",\"@id\":\"https:\\\/\\\/wp.kristdemokraterna.se\\\/ydre\\\/#website\",\"url\":\"https:\\\/\\\/wp.kristdemokraterna.se\\\/ydre\\\/\",\"name\":\"Kristdemokraterna i Ydre\",\"description\":\"En till Kristdemokraterna webbplats\",\"inLanguage\":\"sv-SE\"}]}<\/script>\n<!-- \/ Yoast SEO plugin. -->","yoast_head_json":{"title":"2015-02-07 Har vi r\u00e5d att ge v\u00e5ra barn mj\u00f6lk? - Kristdemokraterna i Ydre","robots":{"index":"index","follow":"follow","max-snippet":"max-snippet:-1","max-image-preview":"max-image-preview:large","max-video-preview":"max-video-preview:-1"},"canonical":"https:\/\/wp.kristdemokraterna.se\/ydre\/2015-02-07-har-vi-rad-att-ge-vara-barn-mjolk\/","og_locale":"sv_SE","og_type":"article","og_title":"2015-02-07 Har vi r\u00e5d att ge v\u00e5ra barn mj\u00f6lk? - Kristdemokraterna i Ydre","og_description":"Har vi r\u00e5d med fler barn? Det s\u00e4gs vara en fr\u00e5ga som somliga f\u00f6r\u00e4ldrar s\u00e4ger sig. Dvs om vi f\u00e5r fler barn i v\u00e5r familj eller v\u00e5rt samh\u00e4lle vad har vi d\u00e5 r\u00e5d att ge dem? Eller snarare: Vad \u00e4r vi beredda att betala f\u00f6r det v\u00e5ra barn och andra m\u00e4nniskor beh\u00f6ver? Hur \u00e4r det L\u00e4s mer","og_url":"https:\/\/wp.kristdemokraterna.se\/ydre\/2015-02-07-har-vi-rad-att-ge-vara-barn-mjolk\/","og_site_name":"Kristdemokraterna i Ydre","article_modified_time":"2018-08-11T13:41:13+00:00","og_image":[{"url":"http:\/\/ydrebo.se\/kd\/veckobrev\/kronika140826\/brostorp.JPG","type":"","width":"","height":""}],"twitter_card":"summary_large_image","twitter_misc":{"Ber\u00e4knad l\u00e4stid":"2 minuter"},"schema":{"@context":"https:\/\/schema.org","@graph":[{"@type":"WebPage","@id":"https:\/\/wp.kristdemokraterna.se\/ydre\/2015-02-07-har-vi-rad-att-ge-vara-barn-mjolk\/","url":"https:\/\/wp.kristdemokraterna.se\/ydre\/2015-02-07-har-vi-rad-att-ge-vara-barn-mjolk\/","name":"2015-02-07 Har vi r\u00e5d att ge v\u00e5ra barn mj\u00f6lk? - Kristdemokraterna i Ydre","isPartOf":{"@id":"https:\/\/wp.kristdemokraterna.se\/ydre\/#website"},"primaryImageOfPage":{"@id":"https:\/\/wp.kristdemokraterna.se\/ydre\/2015-02-07-har-vi-rad-att-ge-vara-barn-mjolk\/#primaryimage"},"image":{"@id":"https:\/\/wp.kristdemokraterna.se\/ydre\/2015-02-07-har-vi-rad-att-ge-vara-barn-mjolk\/#primaryimage"},"thumbnailUrl":"http:\/\/ydrebo.se\/kd\/veckobrev\/kronika140826\/brostorp.JPG","datePublished":"2018-08-11T13:38:09+00:00","dateModified":"2018-08-11T13:41:13+00:00","breadcrumb":{"@id":"https:\/\/wp.kristdemokraterna.se\/ydre\/2015-02-07-har-vi-rad-att-ge-vara-barn-mjolk\/#breadcrumb"},"inLanguage":"sv-SE","potentialAction":[{"@type":"ReadAction","target":["https:\/\/wp.kristdemokraterna.se\/ydre\/2015-02-07-har-vi-rad-att-ge-vara-barn-mjolk\/"]}]},{"@type":"ImageObject","inLanguage":"sv-SE","@id":"https:\/\/wp.kristdemokraterna.se\/ydre\/2015-02-07-har-vi-rad-att-ge-vara-barn-mjolk\/#primaryimage","url":"http:\/\/ydrebo.se\/kd\/veckobrev\/kronika140826\/brostorp.JPG","contentUrl":"http:\/\/ydrebo.se\/kd\/veckobrev\/kronika140826\/brostorp.JPG"},{"@type":"BreadcrumbList","@id":"https:\/\/wp.kristdemokraterna.se\/ydre\/2015-02-07-har-vi-rad-att-ge-vara-barn-mjolk\/#breadcrumb","itemListElement":[{"@type":"ListItem","position":1,"name":"Hem","item":"https:\/\/wp.kristdemokraterna.se\/ydre\/"},{"@type":"ListItem","position":2,"name":"2015-02-07 Har vi r\u00e5d att ge v\u00e5ra barn mj\u00f6lk?"}]},{"@type":"WebSite","@id":"https:\/\/wp.kristdemokraterna.se\/ydre\/#website","url":"https:\/\/wp.kristdemokraterna.se\/ydre\/","name":"Kristdemokraterna i Ydre","description":"En till Kristdemokraterna webbplats","inLanguage":"sv-SE"}]}},"_links":{"self":[{"href":"https:\/\/wp.kristdemokraterna.se\/ydre\/wp-json\/wp\/v2\/pages\/1384","targetHints":{"allow":["GET"]}}],"collection":[{"href":"https:\/\/wp.kristdemokraterna.se\/ydre\/wp-json\/wp\/v2\/pages"}],"about":[{"href":"https:\/\/wp.kristdemokraterna.se\/ydre\/wp-json\/wp\/v2\/types\/page"}],"author":[{"embeddable":true,"href":"https:\/\/wp.kristdemokraterna.se\/ydre\/wp-json\/wp\/v2\/users\/793"}],"replies":[{"embeddable":true,"href":"https:\/\/wp.kristdemokraterna.se\/ydre\/wp-json\/wp\/v2\/comments?post=1384"}],"version-history":[{"count":5,"href":"https:\/\/wp.kristdemokraterna.se\/ydre\/wp-json\/wp\/v2\/pages\/1384\/revisions"}],"predecessor-version":[{"id":1389,"href":"https:\/\/wp.kristdemokraterna.se\/ydre\/wp-json\/wp\/v2\/pages\/1384\/revisions\/1389"}],"wp:attachment":[{"href":"https:\/\/wp.kristdemokraterna.se\/ydre\/wp-json\/wp\/v2\/media?parent=1384"}],"curies":[{"name":"wp","href":"https:\/\/api.w.org\/{rel}","templated":true}]}}