{"id":1391,"date":"2018-08-11T15:42:51","date_gmt":"2018-08-11T13:42:51","guid":{"rendered":"http:\/\/wp.kristdemokraterna.se\/ydre\/?page_id=1391"},"modified":"2018-08-11T15:45:21","modified_gmt":"2018-08-11T13:45:21","slug":"hur-gamla-far-vi-bli","status":"publish","type":"page","link":"https:\/\/wp.kristdemokraterna.se\/ydre\/hur-gamla-far-vi-bli\/","title":{"rendered":"2015-02-13 Hur gamla f\u00e5r vi bli?"},"content":{"rendered":"<p>Nyligen avled en hundra\u00e5ring i Ydre. H\u00e4rom\u00e5ret dog en annan hundra\u00e5ring. Han hade kommit hit n\u00e5gra \u00e5r tidigare f\u00f6r h\u00e4r kunde han f\u00e5 ett passande boende f\u00f6r sina sista dagar.<\/p>\n<p><b>S\u00e5 v\u00e4lkomna alla gamla till Ydre! H\u00e4r blir ni v\u00e4l omh\u00e4ndertagna.<\/p>\n<p><\/b><img loading=\"lazy\" decoding=\"async\" src=\"http:\/\/ydrebo.se\/kd\/veckobrev2015\/skylt.JPG\" width=\"600\" height=\"450\" \/><br \/>\n<i>Gata i \u00d6sterbymo.<\/p>\n<p><\/i>Men som skylten antyder minskar krafterna med tiden. Och det \u00e4r d\u00e5 vi m\u00e5ste v\u00e4nda oss till kommunen f\u00f6r att f\u00e5 st\u00f6d. Kan det ordnas?<\/p>\n<p><img loading=\"lazy\" decoding=\"async\" src=\"http:\/\/ydrebo.se\/kd\/veckobrev2015\/ukreda.JPG\" width=\"600\" height=\"450\" \/><br \/>\n<i>Liksom tr\u00e4den \u00e5ldras vi.<\/p>\n<p><\/i>Vid kommunstyrelsens senaste sammantr\u00e4de fick vi veta att det av allt d\u00f6ma kommer att bli allt fler riktigt gamla m\u00e4nniskor i Ydre. \u00c5tskilliga av dem kommer att finnas p\u00e5 landet. De kommer naturligtvis att vilja bo kvar d\u00e4r s\u00e5 l\u00e4nge som m\u00f6jligt i st\u00e4llet f\u00f6r att flytta till ett hyreshus i centralorten. Runt om i bygderna finns ju vackra milj\u00f6er som kan vara lika fina som Ydreg\u00e5rden utanf\u00f6r \u00d6sterbymo.<\/p>\n<p><img loading=\"lazy\" decoding=\"async\" src=\"http:\/\/ydrebo.se\/kd\/veckobrev2015\/ukreda2.JPG\" width=\"600\" height=\"450\" \/><br \/>\n<i>Ydreg\u00e5rden.<\/p>\n<p><\/i>Att ordna hemtj\u00e4nst till s\u00e5 m\u00e5nga st\u00e4llen p\u00e5 landet \u00e4r inte enkelt. Och inte \u00e4r det billigt heller. Men det skulle bli bra mycket dyrare f\u00f6r kommunen om m\u00e5nga flyttar till s\u00e4rskilt boende (som det heter numera). Ett alternativ \u00e4r att ordna fler platser i trygghetsboende. S\u00e5 detta \u00e4r n\u00e5got att fundera p\u00e5.<br \/>\nVi som bor h\u00e4r blir ju faktiskt \u00e4ldre hela tiden. Och kanske f\u00e5r vi s\u00e4llskap av andra som ocks\u00e5 uppt\u00e4cker Ydre!<\/p>\n<p><i>Bengt Malm, ordf.<br \/>\n13 februari 2015<\/i><\/p>\n","protected":false},"excerpt":{"rendered":"<p>Nyligen avled en hundra\u00e5ring i Ydre. H\u00e4rom\u00e5ret dog en annan hundra\u00e5ring. Han hade kommit hit n\u00e5gra \u00e5r tidigare f\u00f6r h\u00e4r kunde han f\u00e5 ett passande boende f\u00f6r sina sista dagar. S\u00e5 v\u00e4lkomna alla gamla till Ydre! H\u00e4r blir ni v\u00e4l omh\u00e4ndertagna. Gata i \u00d6sterbymo. Men som skylten antyder minskar krafterna med tiden. Och det \u00e4r <a class=\"read-more-link\" href=\"https:\/\/wp.kristdemokraterna.se\/ydre\/hur-gamla-far-vi-bli\/\">L\u00e4s mer<\/a><\/p>\n","protected":false},"author":793,"featured_media":0,"parent":0,"menu_order":0,"comment_status":"closed","ping_status":"closed","template":"","meta":{"_acf_changed":false,"footnotes":""},"class_list":["post-1391","page","type-page","status-publish","hentry"],"acf":[],"yoast_head":"<!-- This site is optimized with the Yoast SEO plugin v27.5 - https:\/\/yoast.com\/product\/yoast-seo-wordpress\/ -->\n<title>2015-02-13 Hur gamla f\u00e5r vi bli? - Kristdemokraterna i Ydre<\/title>\n<meta name=\"robots\" content=\"index, follow, max-snippet:-1, max-image-preview:large, max-video-preview:-1\" \/>\n<link rel=\"canonical\" href=\"https:\/\/wp.kristdemokraterna.se\/ydre\/hur-gamla-far-vi-bli\/\" \/>\n<meta property=\"og:locale\" content=\"sv_SE\" \/>\n<meta property=\"og:type\" content=\"article\" \/>\n<meta property=\"og:title\" content=\"2015-02-13 Hur gamla f\u00e5r vi bli? - Kristdemokraterna i Ydre\" \/>\n<meta property=\"og:description\" content=\"Nyligen avled en hundra\u00e5ring i Ydre. H\u00e4rom\u00e5ret dog en annan hundra\u00e5ring. Han hade kommit hit n\u00e5gra \u00e5r tidigare f\u00f6r h\u00e4r kunde han f\u00e5 ett passande boende f\u00f6r sina sista dagar. S\u00e5 v\u00e4lkomna alla gamla till Ydre! H\u00e4r blir ni v\u00e4l omh\u00e4ndertagna. Gata i \u00d6sterbymo. Men som skylten antyder minskar krafterna med tiden. Och det \u00e4r L\u00e4s mer\" \/>\n<meta property=\"og:url\" content=\"https:\/\/wp.kristdemokraterna.se\/ydre\/hur-gamla-far-vi-bli\/\" \/>\n<meta property=\"og:site_name\" content=\"Kristdemokraterna i Ydre\" \/>\n<meta property=\"article:modified_time\" content=\"2018-08-11T13:45:21+00:00\" \/>\n<meta property=\"og:image\" content=\"http:\/\/ydrebo.se\/kd\/veckobrev2015\/skylt.JPG\" \/>\n<meta name=\"twitter:card\" content=\"summary_large_image\" \/>\n<meta name=\"twitter:label1\" content=\"Ber\u00e4knad l\u00e4stid\" \/>\n\t<meta name=\"twitter:data1\" content=\"1 minut\" \/>\n<script type=\"application\/ld+json\" class=\"yoast-schema-graph\">{\"@context\":\"https:\\\/\\\/schema.org\",\"@graph\":[{\"@type\":\"WebPage\",\"@id\":\"https:\\\/\\\/wp.kristdemokraterna.se\\\/ydre\\\/hur-gamla-far-vi-bli\\\/\",\"url\":\"https:\\\/\\\/wp.kristdemokraterna.se\\\/ydre\\\/hur-gamla-far-vi-bli\\\/\",\"name\":\"2015-02-13 Hur gamla f\u00e5r vi bli? - Kristdemokraterna i Ydre\",\"isPartOf\":{\"@id\":\"https:\\\/\\\/wp.kristdemokraterna.se\\\/ydre\\\/#website\"},\"primaryImageOfPage\":{\"@id\":\"https:\\\/\\\/wp.kristdemokraterna.se\\\/ydre\\\/hur-gamla-far-vi-bli\\\/#primaryimage\"},\"image\":{\"@id\":\"https:\\\/\\\/wp.kristdemokraterna.se\\\/ydre\\\/hur-gamla-far-vi-bli\\\/#primaryimage\"},\"thumbnailUrl\":\"http:\\\/\\\/ydrebo.se\\\/kd\\\/veckobrev2015\\\/skylt.JPG\",\"datePublished\":\"2018-08-11T13:42:51+00:00\",\"dateModified\":\"2018-08-11T13:45:21+00:00\",\"breadcrumb\":{\"@id\":\"https:\\\/\\\/wp.kristdemokraterna.se\\\/ydre\\\/hur-gamla-far-vi-bli\\\/#breadcrumb\"},\"inLanguage\":\"sv-SE\",\"potentialAction\":[{\"@type\":\"ReadAction\",\"target\":[\"https:\\\/\\\/wp.kristdemokraterna.se\\\/ydre\\\/hur-gamla-far-vi-bli\\\/\"]}]},{\"@type\":\"ImageObject\",\"inLanguage\":\"sv-SE\",\"@id\":\"https:\\\/\\\/wp.kristdemokraterna.se\\\/ydre\\\/hur-gamla-far-vi-bli\\\/#primaryimage\",\"url\":\"http:\\\/\\\/ydrebo.se\\\/kd\\\/veckobrev2015\\\/skylt.JPG\",\"contentUrl\":\"http:\\\/\\\/ydrebo.se\\\/kd\\\/veckobrev2015\\\/skylt.JPG\"},{\"@type\":\"BreadcrumbList\",\"@id\":\"https:\\\/\\\/wp.kristdemokraterna.se\\\/ydre\\\/hur-gamla-far-vi-bli\\\/#breadcrumb\",\"itemListElement\":[{\"@type\":\"ListItem\",\"position\":1,\"name\":\"Hem\",\"item\":\"https:\\\/\\\/wp.kristdemokraterna.se\\\/ydre\\\/\"},{\"@type\":\"ListItem\",\"position\":2,\"name\":\"2015-02-13 Hur gamla f\u00e5r vi bli?\"}]},{\"@type\":\"WebSite\",\"@id\":\"https:\\\/\\\/wp.kristdemokraterna.se\\\/ydre\\\/#website\",\"url\":\"https:\\\/\\\/wp.kristdemokraterna.se\\\/ydre\\\/\",\"name\":\"Kristdemokraterna i Ydre\",\"description\":\"En till Kristdemokraterna webbplats\",\"inLanguage\":\"sv-SE\"}]}<\/script>\n<!-- \/ Yoast SEO plugin. -->","yoast_head_json":{"title":"2015-02-13 Hur gamla f\u00e5r vi bli? - Kristdemokraterna i Ydre","robots":{"index":"index","follow":"follow","max-snippet":"max-snippet:-1","max-image-preview":"max-image-preview:large","max-video-preview":"max-video-preview:-1"},"canonical":"https:\/\/wp.kristdemokraterna.se\/ydre\/hur-gamla-far-vi-bli\/","og_locale":"sv_SE","og_type":"article","og_title":"2015-02-13 Hur gamla f\u00e5r vi bli? - Kristdemokraterna i Ydre","og_description":"Nyligen avled en hundra\u00e5ring i Ydre. H\u00e4rom\u00e5ret dog en annan hundra\u00e5ring. Han hade kommit hit n\u00e5gra \u00e5r tidigare f\u00f6r h\u00e4r kunde han f\u00e5 ett passande boende f\u00f6r sina sista dagar. S\u00e5 v\u00e4lkomna alla gamla till Ydre! H\u00e4r blir ni v\u00e4l omh\u00e4ndertagna. Gata i \u00d6sterbymo. Men som skylten antyder minskar krafterna med tiden. Och det \u00e4r L\u00e4s mer","og_url":"https:\/\/wp.kristdemokraterna.se\/ydre\/hur-gamla-far-vi-bli\/","og_site_name":"Kristdemokraterna i Ydre","article_modified_time":"2018-08-11T13:45:21+00:00","og_image":[{"url":"http:\/\/ydrebo.se\/kd\/veckobrev2015\/skylt.JPG","type":"","width":"","height":""}],"twitter_card":"summary_large_image","twitter_misc":{"Ber\u00e4knad l\u00e4stid":"1 minut"},"schema":{"@context":"https:\/\/schema.org","@graph":[{"@type":"WebPage","@id":"https:\/\/wp.kristdemokraterna.se\/ydre\/hur-gamla-far-vi-bli\/","url":"https:\/\/wp.kristdemokraterna.se\/ydre\/hur-gamla-far-vi-bli\/","name":"2015-02-13 Hur gamla f\u00e5r vi bli? - Kristdemokraterna i Ydre","isPartOf":{"@id":"https:\/\/wp.kristdemokraterna.se\/ydre\/#website"},"primaryImageOfPage":{"@id":"https:\/\/wp.kristdemokraterna.se\/ydre\/hur-gamla-far-vi-bli\/#primaryimage"},"image":{"@id":"https:\/\/wp.kristdemokraterna.se\/ydre\/hur-gamla-far-vi-bli\/#primaryimage"},"thumbnailUrl":"http:\/\/ydrebo.se\/kd\/veckobrev2015\/skylt.JPG","datePublished":"2018-08-11T13:42:51+00:00","dateModified":"2018-08-11T13:45:21+00:00","breadcrumb":{"@id":"https:\/\/wp.kristdemokraterna.se\/ydre\/hur-gamla-far-vi-bli\/#breadcrumb"},"inLanguage":"sv-SE","potentialAction":[{"@type":"ReadAction","target":["https:\/\/wp.kristdemokraterna.se\/ydre\/hur-gamla-far-vi-bli\/"]}]},{"@type":"ImageObject","inLanguage":"sv-SE","@id":"https:\/\/wp.kristdemokraterna.se\/ydre\/hur-gamla-far-vi-bli\/#primaryimage","url":"http:\/\/ydrebo.se\/kd\/veckobrev2015\/skylt.JPG","contentUrl":"http:\/\/ydrebo.se\/kd\/veckobrev2015\/skylt.JPG"},{"@type":"BreadcrumbList","@id":"https:\/\/wp.kristdemokraterna.se\/ydre\/hur-gamla-far-vi-bli\/#breadcrumb","itemListElement":[{"@type":"ListItem","position":1,"name":"Hem","item":"https:\/\/wp.kristdemokraterna.se\/ydre\/"},{"@type":"ListItem","position":2,"name":"2015-02-13 Hur gamla f\u00e5r vi bli?"}]},{"@type":"WebSite","@id":"https:\/\/wp.kristdemokraterna.se\/ydre\/#website","url":"https:\/\/wp.kristdemokraterna.se\/ydre\/","name":"Kristdemokraterna i Ydre","description":"En till Kristdemokraterna webbplats","inLanguage":"sv-SE"}]}},"_links":{"self":[{"href":"https:\/\/wp.kristdemokraterna.se\/ydre\/wp-json\/wp\/v2\/pages\/1391","targetHints":{"allow":["GET"]}}],"collection":[{"href":"https:\/\/wp.kristdemokraterna.se\/ydre\/wp-json\/wp\/v2\/pages"}],"about":[{"href":"https:\/\/wp.kristdemokraterna.se\/ydre\/wp-json\/wp\/v2\/types\/page"}],"author":[{"embeddable":true,"href":"https:\/\/wp.kristdemokraterna.se\/ydre\/wp-json\/wp\/v2\/users\/793"}],"replies":[{"embeddable":true,"href":"https:\/\/wp.kristdemokraterna.se\/ydre\/wp-json\/wp\/v2\/comments?post=1391"}],"version-history":[{"count":4,"href":"https:\/\/wp.kristdemokraterna.se\/ydre\/wp-json\/wp\/v2\/pages\/1391\/revisions"}],"predecessor-version":[{"id":1395,"href":"https:\/\/wp.kristdemokraterna.se\/ydre\/wp-json\/wp\/v2\/pages\/1391\/revisions\/1395"}],"wp:attachment":[{"href":"https:\/\/wp.kristdemokraterna.se\/ydre\/wp-json\/wp\/v2\/media?parent=1391"}],"curies":[{"name":"wp","href":"https:\/\/api.w.org\/{rel}","templated":true}]}}