{"id":1397,"date":"2018-08-11T15:48:11","date_gmt":"2018-08-11T13:48:11","guid":{"rendered":"http:\/\/wp.kristdemokraterna.se\/ydre\/?page_id=1397"},"modified":"2018-08-11T15:49:03","modified_gmt":"2018-08-11T13:49:03","slug":"2015-02-20-nar-ljuset-kommer","status":"publish","type":"page","link":"https:\/\/wp.kristdemokraterna.se\/ydre\/2015-02-20-nar-ljuset-kommer\/","title":{"rendered":"2015-02-20 N\u00e4r ljuset kommer"},"content":{"rendered":"<p>F\u00f6rra \u00e5ret avsatte kommunfullm\u00e4ktige en stor summa pengar f\u00f6r att f\u00f6rb\u00e4ttra den yttre milj\u00f6n i Ydre. \u00c4nnu vet vi inte hur det \u00e4r t\u00e4nkt att pengarna skall anv\u00e4ndas. Jag blev naturligtvis v\u00e4ldigt glad \u00e4nd\u00e5 n\u00e4r beslutet kom. F\u00f6r vad kan det inneb\u00e4ra annat \u00e4n att man g\u00f6r som p\u00e5 bilden nedan?<\/p>\n<p><img loading=\"lazy\" decoding=\"async\" src=\"http:\/\/ydrebo.se\/kd\/veckobrev2015\/rabatt.JPG\" width=\"800\" height=\"503\" \/><br \/>\n<i>I centrum av \u00d6sterbymo (vid Ydrehus 4).<\/p>\n<p><\/i>Vintern sjunger p\u00e5 sista versen. Den kvarvarande sn\u00f6n sm\u00e4lter undan och en del l\u00f6kv\u00e4xter spirar. Snart kommer v\u00e5rblommorna och sedan dr\u00f6jer det inte l\u00e4nge innan vi har b\u00e5de sommarljus och sommarblomning. D\u00e5 beh\u00f6ver vi verkligen en f\u00f6rb\u00e4ttring av den yttre milj\u00f6n. Vi beh\u00f6ver det f\u00f6r v\u00e5r egen skull men ocks\u00e5 f\u00f6r v\u00e5ra g\u00e4sters. Och vi m\u00e5ste absolut ha en lockande boendemilj\u00f6 f\u00f6r att f\u00e5 fler inv\u00e5nare.<\/p>\n<p><img loading=\"lazy\" decoding=\"async\" src=\"http:\/\/ydrebo.se\/kd\/veckobrev2015\/rabatt2.JPG\" width=\"800\" height=\"478\" \/><br \/>\n<i>Vem vill inte bo s\u00e5 h\u00e4r? (Till h\u00f6ger skymtar Ydrehus 4).<\/p>\n<p><\/i>Det \u00e4r inte alls dyrt att ordna en s\u00e5dan milj\u00f6. S\u00e5 varf\u00f6r inte g\u00f6ra s\u00e5 p\u00e5 fler st\u00e4llen? Men man m\u00e5ste t\u00e4nka p\u00e5 en sak:<br \/>\n<b>F\u00f6r att n\u00e5got skall v\u00e4xa skall det vara ljust och \u00f6ppet.<\/p>\n<p><\/b><i>Bengt Malm, ordf.<br \/>\n20 februari 2015<\/i><\/p>\n","protected":false},"excerpt":{"rendered":"<p>F\u00f6rra \u00e5ret avsatte kommunfullm\u00e4ktige en stor summa pengar f\u00f6r att f\u00f6rb\u00e4ttra den yttre milj\u00f6n i Ydre. \u00c4nnu vet vi inte hur det \u00e4r t\u00e4nkt att pengarna skall anv\u00e4ndas. Jag blev naturligtvis v\u00e4ldigt glad \u00e4nd\u00e5 n\u00e4r beslutet kom. F\u00f6r vad kan det inneb\u00e4ra annat \u00e4n att man g\u00f6r som p\u00e5 bilden nedan? I centrum av \u00d6sterbymo <a class=\"read-more-link\" href=\"https:\/\/wp.kristdemokraterna.se\/ydre\/2015-02-20-nar-ljuset-kommer\/\">L\u00e4s mer<\/a><\/p>\n","protected":false},"author":793,"featured_media":0,"parent":0,"menu_order":0,"comment_status":"closed","ping_status":"closed","template":"","meta":{"_acf_changed":false,"footnotes":""},"class_list":["post-1397","page","type-page","status-publish","hentry"],"acf":[],"yoast_head":"<!-- This site is optimized with the Yoast SEO plugin v27.5 - https:\/\/yoast.com\/product\/yoast-seo-wordpress\/ -->\n<title>2015-02-20 N\u00e4r ljuset kommer - Kristdemokraterna i Ydre<\/title>\n<meta name=\"robots\" content=\"index, follow, max-snippet:-1, max-image-preview:large, max-video-preview:-1\" \/>\n<link rel=\"canonical\" href=\"https:\/\/wp.kristdemokraterna.se\/ydre\/2015-02-20-nar-ljuset-kommer\/\" \/>\n<meta property=\"og:locale\" content=\"sv_SE\" \/>\n<meta property=\"og:type\" content=\"article\" \/>\n<meta property=\"og:title\" content=\"2015-02-20 N\u00e4r ljuset kommer - Kristdemokraterna i Ydre\" \/>\n<meta property=\"og:description\" content=\"F\u00f6rra \u00e5ret avsatte kommunfullm\u00e4ktige en stor summa pengar f\u00f6r att f\u00f6rb\u00e4ttra den yttre milj\u00f6n i Ydre. \u00c4nnu vet vi inte hur det \u00e4r t\u00e4nkt att pengarna skall anv\u00e4ndas. Jag blev naturligtvis v\u00e4ldigt glad \u00e4nd\u00e5 n\u00e4r beslutet kom. F\u00f6r vad kan det inneb\u00e4ra annat \u00e4n att man g\u00f6r som p\u00e5 bilden nedan? I centrum av \u00d6sterbymo L\u00e4s mer\" \/>\n<meta property=\"og:url\" content=\"https:\/\/wp.kristdemokraterna.se\/ydre\/2015-02-20-nar-ljuset-kommer\/\" \/>\n<meta property=\"og:site_name\" content=\"Kristdemokraterna i Ydre\" \/>\n<meta property=\"article:modified_time\" content=\"2018-08-11T13:49:03+00:00\" \/>\n<meta property=\"og:image\" content=\"http:\/\/ydrebo.se\/kd\/veckobrev2015\/rabatt.JPG\" \/>\n<meta name=\"twitter:card\" content=\"summary_large_image\" \/>\n<meta name=\"twitter:label1\" content=\"Ber\u00e4knad l\u00e4stid\" \/>\n\t<meta name=\"twitter:data1\" content=\"1 minut\" \/>\n<script type=\"application\/ld+json\" class=\"yoast-schema-graph\">{\"@context\":\"https:\\\/\\\/schema.org\",\"@graph\":[{\"@type\":\"WebPage\",\"@id\":\"https:\\\/\\\/wp.kristdemokraterna.se\\\/ydre\\\/2015-02-20-nar-ljuset-kommer\\\/\",\"url\":\"https:\\\/\\\/wp.kristdemokraterna.se\\\/ydre\\\/2015-02-20-nar-ljuset-kommer\\\/\",\"name\":\"2015-02-20 N\u00e4r ljuset kommer - Kristdemokraterna i Ydre\",\"isPartOf\":{\"@id\":\"https:\\\/\\\/wp.kristdemokraterna.se\\\/ydre\\\/#website\"},\"primaryImageOfPage\":{\"@id\":\"https:\\\/\\\/wp.kristdemokraterna.se\\\/ydre\\\/2015-02-20-nar-ljuset-kommer\\\/#primaryimage\"},\"image\":{\"@id\":\"https:\\\/\\\/wp.kristdemokraterna.se\\\/ydre\\\/2015-02-20-nar-ljuset-kommer\\\/#primaryimage\"},\"thumbnailUrl\":\"http:\\\/\\\/ydrebo.se\\\/kd\\\/veckobrev2015\\\/rabatt.JPG\",\"datePublished\":\"2018-08-11T13:48:11+00:00\",\"dateModified\":\"2018-08-11T13:49:03+00:00\",\"breadcrumb\":{\"@id\":\"https:\\\/\\\/wp.kristdemokraterna.se\\\/ydre\\\/2015-02-20-nar-ljuset-kommer\\\/#breadcrumb\"},\"inLanguage\":\"sv-SE\",\"potentialAction\":[{\"@type\":\"ReadAction\",\"target\":[\"https:\\\/\\\/wp.kristdemokraterna.se\\\/ydre\\\/2015-02-20-nar-ljuset-kommer\\\/\"]}]},{\"@type\":\"ImageObject\",\"inLanguage\":\"sv-SE\",\"@id\":\"https:\\\/\\\/wp.kristdemokraterna.se\\\/ydre\\\/2015-02-20-nar-ljuset-kommer\\\/#primaryimage\",\"url\":\"http:\\\/\\\/ydrebo.se\\\/kd\\\/veckobrev2015\\\/rabatt.JPG\",\"contentUrl\":\"http:\\\/\\\/ydrebo.se\\\/kd\\\/veckobrev2015\\\/rabatt.JPG\"},{\"@type\":\"BreadcrumbList\",\"@id\":\"https:\\\/\\\/wp.kristdemokraterna.se\\\/ydre\\\/2015-02-20-nar-ljuset-kommer\\\/#breadcrumb\",\"itemListElement\":[{\"@type\":\"ListItem\",\"position\":1,\"name\":\"Hem\",\"item\":\"https:\\\/\\\/wp.kristdemokraterna.se\\\/ydre\\\/\"},{\"@type\":\"ListItem\",\"position\":2,\"name\":\"2015-02-20 N\u00e4r ljuset kommer\"}]},{\"@type\":\"WebSite\",\"@id\":\"https:\\\/\\\/wp.kristdemokraterna.se\\\/ydre\\\/#website\",\"url\":\"https:\\\/\\\/wp.kristdemokraterna.se\\\/ydre\\\/\",\"name\":\"Kristdemokraterna i Ydre\",\"description\":\"En till Kristdemokraterna webbplats\",\"inLanguage\":\"sv-SE\"}]}<\/script>\n<!-- \/ Yoast SEO plugin. -->","yoast_head_json":{"title":"2015-02-20 N\u00e4r ljuset kommer - Kristdemokraterna i Ydre","robots":{"index":"index","follow":"follow","max-snippet":"max-snippet:-1","max-image-preview":"max-image-preview:large","max-video-preview":"max-video-preview:-1"},"canonical":"https:\/\/wp.kristdemokraterna.se\/ydre\/2015-02-20-nar-ljuset-kommer\/","og_locale":"sv_SE","og_type":"article","og_title":"2015-02-20 N\u00e4r ljuset kommer - Kristdemokraterna i Ydre","og_description":"F\u00f6rra \u00e5ret avsatte kommunfullm\u00e4ktige en stor summa pengar f\u00f6r att f\u00f6rb\u00e4ttra den yttre milj\u00f6n i Ydre. \u00c4nnu vet vi inte hur det \u00e4r t\u00e4nkt att pengarna skall anv\u00e4ndas. Jag blev naturligtvis v\u00e4ldigt glad \u00e4nd\u00e5 n\u00e4r beslutet kom. F\u00f6r vad kan det inneb\u00e4ra annat \u00e4n att man g\u00f6r som p\u00e5 bilden nedan? I centrum av \u00d6sterbymo L\u00e4s mer","og_url":"https:\/\/wp.kristdemokraterna.se\/ydre\/2015-02-20-nar-ljuset-kommer\/","og_site_name":"Kristdemokraterna i Ydre","article_modified_time":"2018-08-11T13:49:03+00:00","og_image":[{"url":"http:\/\/ydrebo.se\/kd\/veckobrev2015\/rabatt.JPG","type":"","width":"","height":""}],"twitter_card":"summary_large_image","twitter_misc":{"Ber\u00e4knad l\u00e4stid":"1 minut"},"schema":{"@context":"https:\/\/schema.org","@graph":[{"@type":"WebPage","@id":"https:\/\/wp.kristdemokraterna.se\/ydre\/2015-02-20-nar-ljuset-kommer\/","url":"https:\/\/wp.kristdemokraterna.se\/ydre\/2015-02-20-nar-ljuset-kommer\/","name":"2015-02-20 N\u00e4r ljuset kommer - Kristdemokraterna i Ydre","isPartOf":{"@id":"https:\/\/wp.kristdemokraterna.se\/ydre\/#website"},"primaryImageOfPage":{"@id":"https:\/\/wp.kristdemokraterna.se\/ydre\/2015-02-20-nar-ljuset-kommer\/#primaryimage"},"image":{"@id":"https:\/\/wp.kristdemokraterna.se\/ydre\/2015-02-20-nar-ljuset-kommer\/#primaryimage"},"thumbnailUrl":"http:\/\/ydrebo.se\/kd\/veckobrev2015\/rabatt.JPG","datePublished":"2018-08-11T13:48:11+00:00","dateModified":"2018-08-11T13:49:03+00:00","breadcrumb":{"@id":"https:\/\/wp.kristdemokraterna.se\/ydre\/2015-02-20-nar-ljuset-kommer\/#breadcrumb"},"inLanguage":"sv-SE","potentialAction":[{"@type":"ReadAction","target":["https:\/\/wp.kristdemokraterna.se\/ydre\/2015-02-20-nar-ljuset-kommer\/"]}]},{"@type":"ImageObject","inLanguage":"sv-SE","@id":"https:\/\/wp.kristdemokraterna.se\/ydre\/2015-02-20-nar-ljuset-kommer\/#primaryimage","url":"http:\/\/ydrebo.se\/kd\/veckobrev2015\/rabatt.JPG","contentUrl":"http:\/\/ydrebo.se\/kd\/veckobrev2015\/rabatt.JPG"},{"@type":"BreadcrumbList","@id":"https:\/\/wp.kristdemokraterna.se\/ydre\/2015-02-20-nar-ljuset-kommer\/#breadcrumb","itemListElement":[{"@type":"ListItem","position":1,"name":"Hem","item":"https:\/\/wp.kristdemokraterna.se\/ydre\/"},{"@type":"ListItem","position":2,"name":"2015-02-20 N\u00e4r ljuset kommer"}]},{"@type":"WebSite","@id":"https:\/\/wp.kristdemokraterna.se\/ydre\/#website","url":"https:\/\/wp.kristdemokraterna.se\/ydre\/","name":"Kristdemokraterna i Ydre","description":"En till Kristdemokraterna webbplats","inLanguage":"sv-SE"}]}},"_links":{"self":[{"href":"https:\/\/wp.kristdemokraterna.se\/ydre\/wp-json\/wp\/v2\/pages\/1397","targetHints":{"allow":["GET"]}}],"collection":[{"href":"https:\/\/wp.kristdemokraterna.se\/ydre\/wp-json\/wp\/v2\/pages"}],"about":[{"href":"https:\/\/wp.kristdemokraterna.se\/ydre\/wp-json\/wp\/v2\/types\/page"}],"author":[{"embeddable":true,"href":"https:\/\/wp.kristdemokraterna.se\/ydre\/wp-json\/wp\/v2\/users\/793"}],"replies":[{"embeddable":true,"href":"https:\/\/wp.kristdemokraterna.se\/ydre\/wp-json\/wp\/v2\/comments?post=1397"}],"version-history":[{"count":2,"href":"https:\/\/wp.kristdemokraterna.se\/ydre\/wp-json\/wp\/v2\/pages\/1397\/revisions"}],"predecessor-version":[{"id":1399,"href":"https:\/\/wp.kristdemokraterna.se\/ydre\/wp-json\/wp\/v2\/pages\/1397\/revisions\/1399"}],"wp:attachment":[{"href":"https:\/\/wp.kristdemokraterna.se\/ydre\/wp-json\/wp\/v2\/media?parent=1397"}],"curies":[{"name":"wp","href":"https:\/\/api.w.org\/{rel}","templated":true}]}}