{"id":1401,"date":"2018-08-11T15:52:35","date_gmt":"2018-08-11T13:52:35","guid":{"rendered":"http:\/\/wp.kristdemokraterna.se\/ydre\/?page_id=1401"},"modified":"2018-08-11T15:53:41","modified_gmt":"2018-08-11T13:53:41","slug":"2015-02-27-varen-ar-pa-vag","status":"publish","type":"page","link":"https:\/\/wp.kristdemokraterna.se\/ydre\/2015-02-27-varen-ar-pa-vag\/","title":{"rendered":"2015-02-27 V\u00e5ren \u00e4r p\u00e5 v\u00e4g"},"content":{"rendered":"<p>H\u00e4romdagen kom jag i samspr\u00e5k med en \u00f6vertygad anh\u00e4ngare av Sverigedemokraterna. Inte ov\u00e4ntat tog han upp invandringen. Vi var inte \u00f6verens om n\u00e5gonting. Det var inte s\u00e5 mycket fr\u00e5ga om att invandrarna \u00e4r f\u00f6r m\u00e5nga. Det \u00e4r\u00a0<i>fel sorts<\/i>\u00a0m\u00e4nniskor som kommer.<\/p>\n<p><img loading=\"lazy\" decoding=\"async\" src=\"http:\/\/ydrebo.se\/kd\/veckobrev2015\/krokus.JPG\" width=\"600\" height=\"450\" \/><br \/>\n<i>N\u00e4stan!<\/i><\/p>\n<p>Jag duger (menar v\u00e5r v\u00e4n sverigedemokraten) i Sverige. Visserligen \u00e4r jag f\u00f6dd i Kina och till stor del uppvuxen d\u00e4r och i Japan. Men mina f\u00f6r\u00e4ldrar var\u00a0<i>svenska<\/i>\u00a0och de m\u00e5ste ju ha bibringat mig\u00a0<i>svensk<\/i>kultur. Men jag h\u00e4vdade att jag inte blev svensk f\u00f6r det. Det g\u00e5r inte att utpl\u00e5na minnena av hur jag levat bland andra m\u00e4nniskor, d\u00e4r man g\u00f6r saker p\u00e5 andra s\u00e4tt och t\u00e4nker annorlunda. Jag har\u00a0<i>sett<\/i>\u00a0att det g\u00e5r att leva annorlunda utan att det skall betraktas som fel.<\/p>\n<p><img loading=\"lazy\" decoding=\"async\" src=\"http:\/\/ydrebo.se\/kd\/veckobrev2015\/tussilago.JPG\" width=\"600\" height=\"450\" \/><br \/>\n<i>Efterl\u00e4ngtad<\/i><\/p>\n<p>I sitt principprogram talar Sverigedemokraterna om en m\u00e4nsklig &#8221;essens&#8221; som \u00e4r ned\u00e4rvd och d\u00e4r somligt \u00e4r &#8221;unikt f\u00f6r vissa grupper av m\u00e4nniskor&#8221;. Jag fick i det h\u00e4r samtalet h\u00f6ra att m\u00e4nniskor fr\u00e5n vissa l\u00e4nder inte vill eller kan arbeta ordentligt. I v\u00e5r partiavdelning har vi medlemmar som levt l\u00e4nge bland s\u00e5dana m\u00e4nniskor. De verkar inte skriva under p\u00e5 detta p\u00e5st\u00e5ende.<br \/>\nDet \u00e4r ganska l\u00e4tt att se att skillnaderna mellan individer i en &#8221;ras&#8221; \u00e4r mycket st\u00f6rre \u00e4n skillnaden mellan &#8221;raser&#8221;. Det finns bara en ras. Sverigedemokraten hade klart f\u00f6r sig att jag \u00e4r mission\u00e4rsbarn. Mission\u00e4rsbarn finner liksom sina f\u00f6r\u00e4ldrar att de djupaste k\u00e4nslorna \u00e4r desamma \u00f6verallt. Det finns \u00e5tskilliga lyckade \u00e4ktenskap mellan personer f\u00f6dda i olika v\u00e4rldsdelar. Men Sverigedemokraterna tar i sitt principprogram avst\u00e5nd fr\u00e5n blandningar av folk. De \u00e4r &#8221;f\u00f6renade med stora risker&#8221; p\u00e5st\u00e5r de.<br \/>\nJag \u00e4r nog en risk f\u00f6r Sverigedemokraterna. Det \u00e4r sk\u00f6nt att i st\u00e4llet f\u00f6r s\u00e5dana samtal kunna se p\u00e5 v\u00e5rblommorna. Gud l\u00e5ter samma sol lysa \u00f6ver blommorna, \u00f6ver onda och goda, ja \u00f6ver oss alla.<\/p>\n<p><i>Bengt Malm, ordf.<br \/>\n27 februari 2015<\/i><\/p>\n","protected":false},"excerpt":{"rendered":"<p>H\u00e4romdagen kom jag i samspr\u00e5k med en \u00f6vertygad anh\u00e4ngare av Sverigedemokraterna. Inte ov\u00e4ntat tog han upp invandringen. Vi var inte \u00f6verens om n\u00e5gonting. Det var inte s\u00e5 mycket fr\u00e5ga om att invandrarna \u00e4r f\u00f6r m\u00e5nga. Det \u00e4r\u00a0fel sorts\u00a0m\u00e4nniskor som kommer. N\u00e4stan! Jag duger (menar v\u00e5r v\u00e4n sverigedemokraten) i Sverige. Visserligen \u00e4r jag f\u00f6dd i Kina <a class=\"read-more-link\" href=\"https:\/\/wp.kristdemokraterna.se\/ydre\/2015-02-27-varen-ar-pa-vag\/\">L\u00e4s mer<\/a><\/p>\n","protected":false},"author":793,"featured_media":0,"parent":0,"menu_order":0,"comment_status":"closed","ping_status":"closed","template":"","meta":{"_acf_changed":false,"footnotes":""},"class_list":["post-1401","page","type-page","status-publish","hentry"],"acf":[],"yoast_head":"<!-- This site is optimized with the Yoast SEO plugin v27.5 - https:\/\/yoast.com\/product\/yoast-seo-wordpress\/ -->\n<title>2015-02-27 V\u00e5ren \u00e4r p\u00e5 v\u00e4g - Kristdemokraterna i Ydre<\/title>\n<meta name=\"robots\" content=\"index, follow, max-snippet:-1, max-image-preview:large, max-video-preview:-1\" \/>\n<link rel=\"canonical\" href=\"https:\/\/wp.kristdemokraterna.se\/ydre\/2015-02-27-varen-ar-pa-vag\/\" \/>\n<meta property=\"og:locale\" content=\"sv_SE\" \/>\n<meta property=\"og:type\" content=\"article\" \/>\n<meta property=\"og:title\" content=\"2015-02-27 V\u00e5ren \u00e4r p\u00e5 v\u00e4g - Kristdemokraterna i Ydre\" \/>\n<meta property=\"og:description\" content=\"H\u00e4romdagen kom jag i samspr\u00e5k med en \u00f6vertygad anh\u00e4ngare av Sverigedemokraterna. Inte ov\u00e4ntat tog han upp invandringen. Vi var inte \u00f6verens om n\u00e5gonting. Det var inte s\u00e5 mycket fr\u00e5ga om att invandrarna \u00e4r f\u00f6r m\u00e5nga. Det \u00e4r\u00a0fel sorts\u00a0m\u00e4nniskor som kommer. N\u00e4stan! Jag duger (menar v\u00e5r v\u00e4n sverigedemokraten) i Sverige. Visserligen \u00e4r jag f\u00f6dd i Kina L\u00e4s mer\" \/>\n<meta property=\"og:url\" content=\"https:\/\/wp.kristdemokraterna.se\/ydre\/2015-02-27-varen-ar-pa-vag\/\" \/>\n<meta property=\"og:site_name\" content=\"Kristdemokraterna i Ydre\" \/>\n<meta property=\"article:modified_time\" content=\"2018-08-11T13:53:41+00:00\" \/>\n<meta property=\"og:image\" content=\"http:\/\/ydrebo.se\/kd\/veckobrev2015\/krokus.JPG\" \/>\n<meta name=\"twitter:card\" content=\"summary_large_image\" \/>\n<meta name=\"twitter:label1\" content=\"Ber\u00e4knad l\u00e4stid\" \/>\n\t<meta name=\"twitter:data1\" content=\"2 minuter\" \/>\n<script type=\"application\/ld+json\" class=\"yoast-schema-graph\">{\"@context\":\"https:\\\/\\\/schema.org\",\"@graph\":[{\"@type\":\"WebPage\",\"@id\":\"https:\\\/\\\/wp.kristdemokraterna.se\\\/ydre\\\/2015-02-27-varen-ar-pa-vag\\\/\",\"url\":\"https:\\\/\\\/wp.kristdemokraterna.se\\\/ydre\\\/2015-02-27-varen-ar-pa-vag\\\/\",\"name\":\"2015-02-27 V\u00e5ren \u00e4r p\u00e5 v\u00e4g - Kristdemokraterna i Ydre\",\"isPartOf\":{\"@id\":\"https:\\\/\\\/wp.kristdemokraterna.se\\\/ydre\\\/#website\"},\"primaryImageOfPage\":{\"@id\":\"https:\\\/\\\/wp.kristdemokraterna.se\\\/ydre\\\/2015-02-27-varen-ar-pa-vag\\\/#primaryimage\"},\"image\":{\"@id\":\"https:\\\/\\\/wp.kristdemokraterna.se\\\/ydre\\\/2015-02-27-varen-ar-pa-vag\\\/#primaryimage\"},\"thumbnailUrl\":\"http:\\\/\\\/ydrebo.se\\\/kd\\\/veckobrev2015\\\/krokus.JPG\",\"datePublished\":\"2018-08-11T13:52:35+00:00\",\"dateModified\":\"2018-08-11T13:53:41+00:00\",\"breadcrumb\":{\"@id\":\"https:\\\/\\\/wp.kristdemokraterna.se\\\/ydre\\\/2015-02-27-varen-ar-pa-vag\\\/#breadcrumb\"},\"inLanguage\":\"sv-SE\",\"potentialAction\":[{\"@type\":\"ReadAction\",\"target\":[\"https:\\\/\\\/wp.kristdemokraterna.se\\\/ydre\\\/2015-02-27-varen-ar-pa-vag\\\/\"]}]},{\"@type\":\"ImageObject\",\"inLanguage\":\"sv-SE\",\"@id\":\"https:\\\/\\\/wp.kristdemokraterna.se\\\/ydre\\\/2015-02-27-varen-ar-pa-vag\\\/#primaryimage\",\"url\":\"http:\\\/\\\/ydrebo.se\\\/kd\\\/veckobrev2015\\\/krokus.JPG\",\"contentUrl\":\"http:\\\/\\\/ydrebo.se\\\/kd\\\/veckobrev2015\\\/krokus.JPG\"},{\"@type\":\"BreadcrumbList\",\"@id\":\"https:\\\/\\\/wp.kristdemokraterna.se\\\/ydre\\\/2015-02-27-varen-ar-pa-vag\\\/#breadcrumb\",\"itemListElement\":[{\"@type\":\"ListItem\",\"position\":1,\"name\":\"Hem\",\"item\":\"https:\\\/\\\/wp.kristdemokraterna.se\\\/ydre\\\/\"},{\"@type\":\"ListItem\",\"position\":2,\"name\":\"2015-02-27 V\u00e5ren \u00e4r p\u00e5 v\u00e4g\"}]},{\"@type\":\"WebSite\",\"@id\":\"https:\\\/\\\/wp.kristdemokraterna.se\\\/ydre\\\/#website\",\"url\":\"https:\\\/\\\/wp.kristdemokraterna.se\\\/ydre\\\/\",\"name\":\"Kristdemokraterna i Ydre\",\"description\":\"En till Kristdemokraterna webbplats\",\"inLanguage\":\"sv-SE\"}]}<\/script>\n<!-- \/ Yoast SEO plugin. -->","yoast_head_json":{"title":"2015-02-27 V\u00e5ren \u00e4r p\u00e5 v\u00e4g - Kristdemokraterna i Ydre","robots":{"index":"index","follow":"follow","max-snippet":"max-snippet:-1","max-image-preview":"max-image-preview:large","max-video-preview":"max-video-preview:-1"},"canonical":"https:\/\/wp.kristdemokraterna.se\/ydre\/2015-02-27-varen-ar-pa-vag\/","og_locale":"sv_SE","og_type":"article","og_title":"2015-02-27 V\u00e5ren \u00e4r p\u00e5 v\u00e4g - Kristdemokraterna i Ydre","og_description":"H\u00e4romdagen kom jag i samspr\u00e5k med en \u00f6vertygad anh\u00e4ngare av Sverigedemokraterna. Inte ov\u00e4ntat tog han upp invandringen. Vi var inte \u00f6verens om n\u00e5gonting. Det var inte s\u00e5 mycket fr\u00e5ga om att invandrarna \u00e4r f\u00f6r m\u00e5nga. Det \u00e4r\u00a0fel sorts\u00a0m\u00e4nniskor som kommer. N\u00e4stan! Jag duger (menar v\u00e5r v\u00e4n sverigedemokraten) i Sverige. Visserligen \u00e4r jag f\u00f6dd i Kina L\u00e4s mer","og_url":"https:\/\/wp.kristdemokraterna.se\/ydre\/2015-02-27-varen-ar-pa-vag\/","og_site_name":"Kristdemokraterna i Ydre","article_modified_time":"2018-08-11T13:53:41+00:00","og_image":[{"url":"http:\/\/ydrebo.se\/kd\/veckobrev2015\/krokus.JPG","type":"","width":"","height":""}],"twitter_card":"summary_large_image","twitter_misc":{"Ber\u00e4knad l\u00e4stid":"2 minuter"},"schema":{"@context":"https:\/\/schema.org","@graph":[{"@type":"WebPage","@id":"https:\/\/wp.kristdemokraterna.se\/ydre\/2015-02-27-varen-ar-pa-vag\/","url":"https:\/\/wp.kristdemokraterna.se\/ydre\/2015-02-27-varen-ar-pa-vag\/","name":"2015-02-27 V\u00e5ren \u00e4r p\u00e5 v\u00e4g - Kristdemokraterna i Ydre","isPartOf":{"@id":"https:\/\/wp.kristdemokraterna.se\/ydre\/#website"},"primaryImageOfPage":{"@id":"https:\/\/wp.kristdemokraterna.se\/ydre\/2015-02-27-varen-ar-pa-vag\/#primaryimage"},"image":{"@id":"https:\/\/wp.kristdemokraterna.se\/ydre\/2015-02-27-varen-ar-pa-vag\/#primaryimage"},"thumbnailUrl":"http:\/\/ydrebo.se\/kd\/veckobrev2015\/krokus.JPG","datePublished":"2018-08-11T13:52:35+00:00","dateModified":"2018-08-11T13:53:41+00:00","breadcrumb":{"@id":"https:\/\/wp.kristdemokraterna.se\/ydre\/2015-02-27-varen-ar-pa-vag\/#breadcrumb"},"inLanguage":"sv-SE","potentialAction":[{"@type":"ReadAction","target":["https:\/\/wp.kristdemokraterna.se\/ydre\/2015-02-27-varen-ar-pa-vag\/"]}]},{"@type":"ImageObject","inLanguage":"sv-SE","@id":"https:\/\/wp.kristdemokraterna.se\/ydre\/2015-02-27-varen-ar-pa-vag\/#primaryimage","url":"http:\/\/ydrebo.se\/kd\/veckobrev2015\/krokus.JPG","contentUrl":"http:\/\/ydrebo.se\/kd\/veckobrev2015\/krokus.JPG"},{"@type":"BreadcrumbList","@id":"https:\/\/wp.kristdemokraterna.se\/ydre\/2015-02-27-varen-ar-pa-vag\/#breadcrumb","itemListElement":[{"@type":"ListItem","position":1,"name":"Hem","item":"https:\/\/wp.kristdemokraterna.se\/ydre\/"},{"@type":"ListItem","position":2,"name":"2015-02-27 V\u00e5ren \u00e4r p\u00e5 v\u00e4g"}]},{"@type":"WebSite","@id":"https:\/\/wp.kristdemokraterna.se\/ydre\/#website","url":"https:\/\/wp.kristdemokraterna.se\/ydre\/","name":"Kristdemokraterna i Ydre","description":"En till Kristdemokraterna webbplats","inLanguage":"sv-SE"}]}},"_links":{"self":[{"href":"https:\/\/wp.kristdemokraterna.se\/ydre\/wp-json\/wp\/v2\/pages\/1401","targetHints":{"allow":["GET"]}}],"collection":[{"href":"https:\/\/wp.kristdemokraterna.se\/ydre\/wp-json\/wp\/v2\/pages"}],"about":[{"href":"https:\/\/wp.kristdemokraterna.se\/ydre\/wp-json\/wp\/v2\/types\/page"}],"author":[{"embeddable":true,"href":"https:\/\/wp.kristdemokraterna.se\/ydre\/wp-json\/wp\/v2\/users\/793"}],"replies":[{"embeddable":true,"href":"https:\/\/wp.kristdemokraterna.se\/ydre\/wp-json\/wp\/v2\/comments?post=1401"}],"version-history":[{"count":3,"href":"https:\/\/wp.kristdemokraterna.se\/ydre\/wp-json\/wp\/v2\/pages\/1401\/revisions"}],"predecessor-version":[{"id":1404,"href":"https:\/\/wp.kristdemokraterna.se\/ydre\/wp-json\/wp\/v2\/pages\/1401\/revisions\/1404"}],"wp:attachment":[{"href":"https:\/\/wp.kristdemokraterna.se\/ydre\/wp-json\/wp\/v2\/media?parent=1401"}],"curies":[{"name":"wp","href":"https:\/\/api.w.org\/{rel}","templated":true}]}}