{"id":1406,"date":"2018-08-11T15:57:31","date_gmt":"2018-08-11T13:57:31","guid":{"rendered":"http:\/\/wp.kristdemokraterna.se\/ydre\/?page_id=1406"},"modified":"2018-08-11T16:02:04","modified_gmt":"2018-08-11T14:02:04","slug":"2015-03-09-rakna-med-barnen-eller-vi-skola-nastan-alla-do","status":"publish","type":"page","link":"https:\/\/wp.kristdemokraterna.se\/ydre\/2015-03-09-rakna-med-barnen-eller-vi-skola-nastan-alla-do\/","title":{"rendered":"2015-03-09 R\u00e4kna med barnen eller Vi skola n\u00e4stan alla d\u00f6"},"content":{"rendered":"<p><span style=\"font-size: large\">Det heter ju s\u00e5: &#8221;Vi skola n\u00e4stan alla d\u00f6&#8221;. Fast riktigt s\u00e5 uttryckte jag mig inte utan jag sade: &#8221;En g\u00e5ng skall vi ju alla d\u00f6.&#8221; Tog jag miste eller var det inte en skugga som fl\u00f6g \u00f6ver n\u00e5gra kollegers ansikten?<\/span><\/p>\n<p><span style=\"font-size: large\"><img loading=\"lazy\" decoding=\"async\" src=\"http:\/\/ydrebo.se\/kd\/trappan.JPG\" width=\"507\" height=\"240\" \/><br \/>\n<\/span><i>Vi \u00e4r dyrast i b\u00f6rjan och slutet av trappan. Och vi blir bara dyrare.<\/i><\/p>\n<p>Det var socialchefen som h\u00f6ll p\u00e5 att ber\u00e4tta om sitt ansvarsomr\u00e5de f\u00f6r ledam\u00f6terna av kommunstyrelsen. Sj\u00e4lv var jag d\u00e4r eftersom jag har en insynsplats. Och nu hade vi f\u00e5tt h\u00f6ra om ett allvarligt hot. Det blir alltfler riktigt gamla medborgare i Ydre. Om n\u00e5gra \u00e5rtionden kommer var tionde inv\u00e5nare i Ydre att vara minst 80 \u00e5r. N\u00e5gon gladde sig \u00e5t att m\u00e4nniskorna blir allt friskare.<br \/>\nNu undrade jag varf\u00f6r det skulle vara ett hot mot kommunens ekonomi om vi blir \u00e4ldre. Om vi beh\u00f6ver v\u00e5rd senare livet kommer vi d\u00e5 ocks\u00e5 att beh\u00f6va\u00a0<i>mer<\/i>\u00a0v\u00e5rd? Socialchefen nickade till svar.<br \/>\nDet d\u00e4r problemet ligger ju l\u00e5ngt i framtiden. Bekymret nu \u00e4r att vi inte ens nu har r\u00e5d att ha en riktigt bra \u00e4ldrev\u00e5rd. Besparingarna har slagit h\u00e5rt mot de gamla.<br \/>\nF\u00f6r en g\u00e5ngs skull har kommunens ekonomi g\u00e5tt ihop. Vi har f\u00e5tt st\u00f6rre bidrag fr\u00e5n staten (det kallas skatteutj\u00e4mning). Men vi har som sagt sparat f\u00f6r mycket f\u00f6r att det skall vara bra f\u00f6r de gamla. Inte heller f\u00f6r barnen har det varit lyckat.<br \/>\nBarnen har blivit fler. Vi beh\u00f6ver en ny f\u00f6rskoleavdelning och Ydreskolan beh\u00f6ver byggas ut. Allvarligare \u00e4r att de barn som beh\u00f6ver extra st\u00f6d i skolan inte alltid kan f\u00e5 det. Vi har inte r\u00e5d att ge det st\u00f6det. Och f\u00f6r f\u00f6rsta g\u00e5ngen p\u00e5 mycket l\u00e4nge blir resultaten d\u00e5liga. En fj\u00e4rdedel av eleverna i \u00e5rskurs 9 riskerar att inte bli godk\u00e4nda och f\u00e5 beh\u00f6righet att b\u00f6rja p\u00e5 gymnasium. Jag s\u00e5g de b\u00e5da klasserna f\u00f6r ett \u00e5r sedan (under valr\u00f6relsen) och det k\u00e4nns sorgligt att h\u00f6ra att s\u00e5 m\u00e5nga av de trevliga ungdomarna inte kommer att klara sig.<br \/>\nMen det finns n\u00e5got som \u00e4r \u00e4nnu allvarligare. Antalet anm\u00e4lningar om barn som far illa har \u00f6kat dramatiskt. Vi fick veta att det p\u00e5gick n\u00e4stan 20 utredningar. Om insatser kr\u00e4vs kan det bli mycket dyrt f\u00f6r kommunen.\u00a0<i>Men vi m\u00e5ste r\u00e4kna med barnen!<\/i><\/p>\n<p><img loading=\"lazy\" decoding=\"async\" src=\"http:\/\/ydrebo.se\/kd\/barn.JPG\" width=\"384\" height=\"288\" \/><br \/>\n<i>Att r\u00e4kna med.<\/i><\/p>\n<p><i>Bengt Malm, ordf.<br \/>\n9 mars 2015<\/i><\/p>\n","protected":false},"excerpt":{"rendered":"<p>Det heter ju s\u00e5: &#8221;Vi skola n\u00e4stan alla d\u00f6&#8221;. Fast riktigt s\u00e5 uttryckte jag mig inte utan jag sade: &#8221;En g\u00e5ng skall vi ju alla d\u00f6.&#8221; Tog jag miste eller var det inte en skugga som fl\u00f6g \u00f6ver n\u00e5gra kollegers ansikten? Vi \u00e4r dyrast i b\u00f6rjan och slutet av trappan. Och vi blir bara dyrare. <a class=\"read-more-link\" href=\"https:\/\/wp.kristdemokraterna.se\/ydre\/2015-03-09-rakna-med-barnen-eller-vi-skola-nastan-alla-do\/\">L\u00e4s mer<\/a><\/p>\n","protected":false},"author":793,"featured_media":0,"parent":0,"menu_order":0,"comment_status":"closed","ping_status":"closed","template":"","meta":{"_acf_changed":false,"footnotes":""},"class_list":["post-1406","page","type-page","status-publish","hentry"],"acf":[],"yoast_head":"<!-- This site is optimized with the Yoast SEO plugin v27.5 - https:\/\/yoast.com\/product\/yoast-seo-wordpress\/ -->\n<title>2015-03-09 R\u00e4kna med barnen eller Vi skola n\u00e4stan alla d\u00f6 - Kristdemokraterna i Ydre<\/title>\n<meta name=\"robots\" content=\"index, follow, max-snippet:-1, max-image-preview:large, max-video-preview:-1\" \/>\n<link rel=\"canonical\" href=\"https:\/\/wp.kristdemokraterna.se\/ydre\/2015-03-09-rakna-med-barnen-eller-vi-skola-nastan-alla-do\/\" \/>\n<meta property=\"og:locale\" content=\"sv_SE\" \/>\n<meta property=\"og:type\" content=\"article\" \/>\n<meta property=\"og:title\" content=\"2015-03-09 R\u00e4kna med barnen eller Vi skola n\u00e4stan alla d\u00f6 - Kristdemokraterna i Ydre\" \/>\n<meta property=\"og:description\" content=\"Det heter ju s\u00e5: &#8221;Vi skola n\u00e4stan alla d\u00f6&#8221;. Fast riktigt s\u00e5 uttryckte jag mig inte utan jag sade: &#8221;En g\u00e5ng skall vi ju alla d\u00f6.&#8221; Tog jag miste eller var det inte en skugga som fl\u00f6g \u00f6ver n\u00e5gra kollegers ansikten? Vi \u00e4r dyrast i b\u00f6rjan och slutet av trappan. Och vi blir bara dyrare. L\u00e4s mer\" \/>\n<meta property=\"og:url\" content=\"https:\/\/wp.kristdemokraterna.se\/ydre\/2015-03-09-rakna-med-barnen-eller-vi-skola-nastan-alla-do\/\" \/>\n<meta property=\"og:site_name\" content=\"Kristdemokraterna i Ydre\" \/>\n<meta property=\"article:modified_time\" content=\"2018-08-11T14:02:04+00:00\" \/>\n<meta property=\"og:image\" content=\"http:\/\/ydrebo.se\/kd\/trappan.JPG\" \/>\n<meta name=\"twitter:card\" content=\"summary_large_image\" \/>\n<meta name=\"twitter:label1\" content=\"Ber\u00e4knad l\u00e4stid\" \/>\n\t<meta name=\"twitter:data1\" content=\"2 minuter\" \/>\n<script type=\"application\/ld+json\" class=\"yoast-schema-graph\">{\"@context\":\"https:\\\/\\\/schema.org\",\"@graph\":[{\"@type\":\"WebPage\",\"@id\":\"https:\\\/\\\/wp.kristdemokraterna.se\\\/ydre\\\/2015-03-09-rakna-med-barnen-eller-vi-skola-nastan-alla-do\\\/\",\"url\":\"https:\\\/\\\/wp.kristdemokraterna.se\\\/ydre\\\/2015-03-09-rakna-med-barnen-eller-vi-skola-nastan-alla-do\\\/\",\"name\":\"2015-03-09 R\u00e4kna med barnen eller Vi skola n\u00e4stan alla d\u00f6 - Kristdemokraterna i Ydre\",\"isPartOf\":{\"@id\":\"https:\\\/\\\/wp.kristdemokraterna.se\\\/ydre\\\/#website\"},\"primaryImageOfPage\":{\"@id\":\"https:\\\/\\\/wp.kristdemokraterna.se\\\/ydre\\\/2015-03-09-rakna-med-barnen-eller-vi-skola-nastan-alla-do\\\/#primaryimage\"},\"image\":{\"@id\":\"https:\\\/\\\/wp.kristdemokraterna.se\\\/ydre\\\/2015-03-09-rakna-med-barnen-eller-vi-skola-nastan-alla-do\\\/#primaryimage\"},\"thumbnailUrl\":\"http:\\\/\\\/ydrebo.se\\\/kd\\\/trappan.JPG\",\"datePublished\":\"2018-08-11T13:57:31+00:00\",\"dateModified\":\"2018-08-11T14:02:04+00:00\",\"breadcrumb\":{\"@id\":\"https:\\\/\\\/wp.kristdemokraterna.se\\\/ydre\\\/2015-03-09-rakna-med-barnen-eller-vi-skola-nastan-alla-do\\\/#breadcrumb\"},\"inLanguage\":\"sv-SE\",\"potentialAction\":[{\"@type\":\"ReadAction\",\"target\":[\"https:\\\/\\\/wp.kristdemokraterna.se\\\/ydre\\\/2015-03-09-rakna-med-barnen-eller-vi-skola-nastan-alla-do\\\/\"]}]},{\"@type\":\"ImageObject\",\"inLanguage\":\"sv-SE\",\"@id\":\"https:\\\/\\\/wp.kristdemokraterna.se\\\/ydre\\\/2015-03-09-rakna-med-barnen-eller-vi-skola-nastan-alla-do\\\/#primaryimage\",\"url\":\"http:\\\/\\\/ydrebo.se\\\/kd\\\/trappan.JPG\",\"contentUrl\":\"http:\\\/\\\/ydrebo.se\\\/kd\\\/trappan.JPG\"},{\"@type\":\"BreadcrumbList\",\"@id\":\"https:\\\/\\\/wp.kristdemokraterna.se\\\/ydre\\\/2015-03-09-rakna-med-barnen-eller-vi-skola-nastan-alla-do\\\/#breadcrumb\",\"itemListElement\":[{\"@type\":\"ListItem\",\"position\":1,\"name\":\"Hem\",\"item\":\"https:\\\/\\\/wp.kristdemokraterna.se\\\/ydre\\\/\"},{\"@type\":\"ListItem\",\"position\":2,\"name\":\"2015-03-09 R\u00e4kna med barnen eller Vi skola n\u00e4stan alla d\u00f6\"}]},{\"@type\":\"WebSite\",\"@id\":\"https:\\\/\\\/wp.kristdemokraterna.se\\\/ydre\\\/#website\",\"url\":\"https:\\\/\\\/wp.kristdemokraterna.se\\\/ydre\\\/\",\"name\":\"Kristdemokraterna i Ydre\",\"description\":\"En till Kristdemokraterna webbplats\",\"inLanguage\":\"sv-SE\"}]}<\/script>\n<!-- \/ Yoast SEO plugin. -->","yoast_head_json":{"title":"2015-03-09 R\u00e4kna med barnen eller Vi skola n\u00e4stan alla d\u00f6 - Kristdemokraterna i Ydre","robots":{"index":"index","follow":"follow","max-snippet":"max-snippet:-1","max-image-preview":"max-image-preview:large","max-video-preview":"max-video-preview:-1"},"canonical":"https:\/\/wp.kristdemokraterna.se\/ydre\/2015-03-09-rakna-med-barnen-eller-vi-skola-nastan-alla-do\/","og_locale":"sv_SE","og_type":"article","og_title":"2015-03-09 R\u00e4kna med barnen eller Vi skola n\u00e4stan alla d\u00f6 - Kristdemokraterna i Ydre","og_description":"Det heter ju s\u00e5: &#8221;Vi skola n\u00e4stan alla d\u00f6&#8221;. Fast riktigt s\u00e5 uttryckte jag mig inte utan jag sade: &#8221;En g\u00e5ng skall vi ju alla d\u00f6.&#8221; Tog jag miste eller var det inte en skugga som fl\u00f6g \u00f6ver n\u00e5gra kollegers ansikten? Vi \u00e4r dyrast i b\u00f6rjan och slutet av trappan. Och vi blir bara dyrare. L\u00e4s mer","og_url":"https:\/\/wp.kristdemokraterna.se\/ydre\/2015-03-09-rakna-med-barnen-eller-vi-skola-nastan-alla-do\/","og_site_name":"Kristdemokraterna i Ydre","article_modified_time":"2018-08-11T14:02:04+00:00","og_image":[{"url":"http:\/\/ydrebo.se\/kd\/trappan.JPG","type":"","width":"","height":""}],"twitter_card":"summary_large_image","twitter_misc":{"Ber\u00e4knad l\u00e4stid":"2 minuter"},"schema":{"@context":"https:\/\/schema.org","@graph":[{"@type":"WebPage","@id":"https:\/\/wp.kristdemokraterna.se\/ydre\/2015-03-09-rakna-med-barnen-eller-vi-skola-nastan-alla-do\/","url":"https:\/\/wp.kristdemokraterna.se\/ydre\/2015-03-09-rakna-med-barnen-eller-vi-skola-nastan-alla-do\/","name":"2015-03-09 R\u00e4kna med barnen eller Vi skola n\u00e4stan alla d\u00f6 - Kristdemokraterna i Ydre","isPartOf":{"@id":"https:\/\/wp.kristdemokraterna.se\/ydre\/#website"},"primaryImageOfPage":{"@id":"https:\/\/wp.kristdemokraterna.se\/ydre\/2015-03-09-rakna-med-barnen-eller-vi-skola-nastan-alla-do\/#primaryimage"},"image":{"@id":"https:\/\/wp.kristdemokraterna.se\/ydre\/2015-03-09-rakna-med-barnen-eller-vi-skola-nastan-alla-do\/#primaryimage"},"thumbnailUrl":"http:\/\/ydrebo.se\/kd\/trappan.JPG","datePublished":"2018-08-11T13:57:31+00:00","dateModified":"2018-08-11T14:02:04+00:00","breadcrumb":{"@id":"https:\/\/wp.kristdemokraterna.se\/ydre\/2015-03-09-rakna-med-barnen-eller-vi-skola-nastan-alla-do\/#breadcrumb"},"inLanguage":"sv-SE","potentialAction":[{"@type":"ReadAction","target":["https:\/\/wp.kristdemokraterna.se\/ydre\/2015-03-09-rakna-med-barnen-eller-vi-skola-nastan-alla-do\/"]}]},{"@type":"ImageObject","inLanguage":"sv-SE","@id":"https:\/\/wp.kristdemokraterna.se\/ydre\/2015-03-09-rakna-med-barnen-eller-vi-skola-nastan-alla-do\/#primaryimage","url":"http:\/\/ydrebo.se\/kd\/trappan.JPG","contentUrl":"http:\/\/ydrebo.se\/kd\/trappan.JPG"},{"@type":"BreadcrumbList","@id":"https:\/\/wp.kristdemokraterna.se\/ydre\/2015-03-09-rakna-med-barnen-eller-vi-skola-nastan-alla-do\/#breadcrumb","itemListElement":[{"@type":"ListItem","position":1,"name":"Hem","item":"https:\/\/wp.kristdemokraterna.se\/ydre\/"},{"@type":"ListItem","position":2,"name":"2015-03-09 R\u00e4kna med barnen eller Vi skola n\u00e4stan alla d\u00f6"}]},{"@type":"WebSite","@id":"https:\/\/wp.kristdemokraterna.se\/ydre\/#website","url":"https:\/\/wp.kristdemokraterna.se\/ydre\/","name":"Kristdemokraterna i Ydre","description":"En till Kristdemokraterna webbplats","inLanguage":"sv-SE"}]}},"_links":{"self":[{"href":"https:\/\/wp.kristdemokraterna.se\/ydre\/wp-json\/wp\/v2\/pages\/1406","targetHints":{"allow":["GET"]}}],"collection":[{"href":"https:\/\/wp.kristdemokraterna.se\/ydre\/wp-json\/wp\/v2\/pages"}],"about":[{"href":"https:\/\/wp.kristdemokraterna.se\/ydre\/wp-json\/wp\/v2\/types\/page"}],"author":[{"embeddable":true,"href":"https:\/\/wp.kristdemokraterna.se\/ydre\/wp-json\/wp\/v2\/users\/793"}],"replies":[{"embeddable":true,"href":"https:\/\/wp.kristdemokraterna.se\/ydre\/wp-json\/wp\/v2\/comments?post=1406"}],"version-history":[{"count":3,"href":"https:\/\/wp.kristdemokraterna.se\/ydre\/wp-json\/wp\/v2\/pages\/1406\/revisions"}],"predecessor-version":[{"id":1409,"href":"https:\/\/wp.kristdemokraterna.se\/ydre\/wp-json\/wp\/v2\/pages\/1406\/revisions\/1409"}],"wp:attachment":[{"href":"https:\/\/wp.kristdemokraterna.se\/ydre\/wp-json\/wp\/v2\/media?parent=1406"}],"curies":[{"name":"wp","href":"https:\/\/api.w.org\/{rel}","templated":true}]}}