{"id":1411,"date":"2018-08-11T16:03:41","date_gmt":"2018-08-11T14:03:41","guid":{"rendered":"http:\/\/wp.kristdemokraterna.se\/ydre\/?page_id=1411"},"modified":"2018-08-11T16:04:08","modified_gmt":"2018-08-11T14:04:08","slug":"2015-03-12-ta-vara-pa-ydres-resurser","status":"publish","type":"page","link":"https:\/\/wp.kristdemokraterna.se\/ydre\/2015-03-12-ta-vara-pa-ydres-resurser\/","title":{"rendered":"2015-03-12 Ta vara p\u00e5 Ydres resurser!"},"content":{"rendered":"<p><span style=\"font-size: large\">\u00a0Ydre \u00e4r bra f\u00f6r m\u00e4nniskor. L\u00e5t det vara s\u00e5! L\u00e5t oss ta vara p\u00e5 resurserna! Ocks\u00e5\u00a0<i>m\u00e4nniskorna<\/i>\u00a0och deras engagemang \u00e4r en tillg\u00e5ng.<\/span><\/p>\n<p><span style=\"font-size: large\"><img loading=\"lazy\" decoding=\"async\" src=\"http:\/\/ydrebo.se\/kd\/veckobrev2015\/krokus2.JPG\" width=\"600\" height=\"459\" \/><br \/>\n<\/span><i>Visst har Ydre resurser!<\/p>\n<p><\/i>Snart skall vi b\u00f6rja diskutera n\u00e4sta \u00e5rs kommunala budget. Pengar \u00e4r viktiga! Men f\u00f6r Ydres livsviktiga\u00a0<i>atmosf\u00e4r<\/i>\u00a0beh\u00f6vs mer \u00e4n pengar. H\u00e4r m\u00e5ste vi hj\u00e4lpas \u00e5t. \u00c5sikter och uppslag m\u00e5ste f\u00e5 komma fram. Tankar m\u00e5ste f\u00e5 framf\u00f6ras. Samarbete betyder inte att bara en \u00e5sikt f\u00e5r s\u00e4gas (n\u00e4mligen ledningens).<br \/>\nHar vi inte m\u00e4rkt att det \u00e4r\u00a0<i>k\u00e4nslan av frihet<\/i>\u00a0som drar m\u00e4nniskor hit n\u00e4r de kan komma? L\u00e5t oss ta vara p\u00e5 det! Det \u00e4r ocks\u00e5 denna frihetsk\u00e4nsla som ligger bakom v\u00e5rt rika n\u00e4ringsliv och v\u00e5ra m\u00e5nga f\u00f6reningar. M\u00e5 Ydre forts\u00e4tta att blomma!<\/p>\n<p><img loading=\"lazy\" decoding=\"async\" src=\"http:\/\/ydrebo.se\/kd\/veckobrev2015\/rabatt3.JPG\" width=\"600\" height=\"462\" \/><br \/>\n<i>N\u00e4r Ydre blommar.<\/p>\n<p><\/i><i>Bengt Malm, ordf.<br \/>\n12 mars 2015<\/i><\/p>\n","protected":false},"excerpt":{"rendered":"<p>\u00a0Ydre \u00e4r bra f\u00f6r m\u00e4nniskor. L\u00e5t det vara s\u00e5! L\u00e5t oss ta vara p\u00e5 resurserna! Ocks\u00e5\u00a0m\u00e4nniskorna\u00a0och deras engagemang \u00e4r en tillg\u00e5ng. Visst har Ydre resurser! Snart skall vi b\u00f6rja diskutera n\u00e4sta \u00e5rs kommunala budget. Pengar \u00e4r viktiga! Men f\u00f6r Ydres livsviktiga\u00a0atmosf\u00e4r\u00a0beh\u00f6vs mer \u00e4n pengar. H\u00e4r m\u00e5ste vi hj\u00e4lpas \u00e5t. \u00c5sikter och uppslag m\u00e5ste f\u00e5 komma <a class=\"read-more-link\" href=\"https:\/\/wp.kristdemokraterna.se\/ydre\/2015-03-12-ta-vara-pa-ydres-resurser\/\">L\u00e4s mer<\/a><\/p>\n","protected":false},"author":793,"featured_media":0,"parent":0,"menu_order":0,"comment_status":"closed","ping_status":"closed","template":"","meta":{"_acf_changed":false,"footnotes":""},"class_list":["post-1411","page","type-page","status-publish","hentry"],"acf":[],"yoast_head":"<!-- This site is optimized with the Yoast SEO plugin v27.5 - https:\/\/yoast.com\/product\/yoast-seo-wordpress\/ -->\n<title>2015-03-12 Ta vara p\u00e5 Ydres resurser! - Kristdemokraterna i Ydre<\/title>\n<meta name=\"robots\" content=\"index, follow, max-snippet:-1, max-image-preview:large, max-video-preview:-1\" \/>\n<link rel=\"canonical\" href=\"https:\/\/wp.kristdemokraterna.se\/ydre\/2015-03-12-ta-vara-pa-ydres-resurser\/\" \/>\n<meta property=\"og:locale\" content=\"sv_SE\" \/>\n<meta property=\"og:type\" content=\"article\" \/>\n<meta property=\"og:title\" content=\"2015-03-12 Ta vara p\u00e5 Ydres resurser! - Kristdemokraterna i Ydre\" \/>\n<meta property=\"og:description\" content=\"\u00a0Ydre \u00e4r bra f\u00f6r m\u00e4nniskor. L\u00e5t det vara s\u00e5! L\u00e5t oss ta vara p\u00e5 resurserna! Ocks\u00e5\u00a0m\u00e4nniskorna\u00a0och deras engagemang \u00e4r en tillg\u00e5ng. Visst har Ydre resurser! Snart skall vi b\u00f6rja diskutera n\u00e4sta \u00e5rs kommunala budget. Pengar \u00e4r viktiga! Men f\u00f6r Ydres livsviktiga\u00a0atmosf\u00e4r\u00a0beh\u00f6vs mer \u00e4n pengar. H\u00e4r m\u00e5ste vi hj\u00e4lpas \u00e5t. \u00c5sikter och uppslag m\u00e5ste f\u00e5 komma L\u00e4s mer\" \/>\n<meta property=\"og:url\" content=\"https:\/\/wp.kristdemokraterna.se\/ydre\/2015-03-12-ta-vara-pa-ydres-resurser\/\" \/>\n<meta property=\"og:site_name\" content=\"Kristdemokraterna i Ydre\" \/>\n<meta property=\"article:modified_time\" content=\"2018-08-11T14:04:08+00:00\" \/>\n<meta property=\"og:image\" content=\"http:\/\/ydrebo.se\/kd\/veckobrev2015\/krokus2.JPG\" \/>\n<meta name=\"twitter:card\" content=\"summary_large_image\" \/>\n<meta name=\"twitter:label1\" content=\"Ber\u00e4knad l\u00e4stid\" \/>\n\t<meta name=\"twitter:data1\" content=\"1 minut\" \/>\n<script type=\"application\/ld+json\" class=\"yoast-schema-graph\">{\"@context\":\"https:\\\/\\\/schema.org\",\"@graph\":[{\"@type\":\"WebPage\",\"@id\":\"https:\\\/\\\/wp.kristdemokraterna.se\\\/ydre\\\/2015-03-12-ta-vara-pa-ydres-resurser\\\/\",\"url\":\"https:\\\/\\\/wp.kristdemokraterna.se\\\/ydre\\\/2015-03-12-ta-vara-pa-ydres-resurser\\\/\",\"name\":\"2015-03-12 Ta vara p\u00e5 Ydres resurser! - Kristdemokraterna i Ydre\",\"isPartOf\":{\"@id\":\"https:\\\/\\\/wp.kristdemokraterna.se\\\/ydre\\\/#website\"},\"primaryImageOfPage\":{\"@id\":\"https:\\\/\\\/wp.kristdemokraterna.se\\\/ydre\\\/2015-03-12-ta-vara-pa-ydres-resurser\\\/#primaryimage\"},\"image\":{\"@id\":\"https:\\\/\\\/wp.kristdemokraterna.se\\\/ydre\\\/2015-03-12-ta-vara-pa-ydres-resurser\\\/#primaryimage\"},\"thumbnailUrl\":\"http:\\\/\\\/ydrebo.se\\\/kd\\\/veckobrev2015\\\/krokus2.JPG\",\"datePublished\":\"2018-08-11T14:03:41+00:00\",\"dateModified\":\"2018-08-11T14:04:08+00:00\",\"breadcrumb\":{\"@id\":\"https:\\\/\\\/wp.kristdemokraterna.se\\\/ydre\\\/2015-03-12-ta-vara-pa-ydres-resurser\\\/#breadcrumb\"},\"inLanguage\":\"sv-SE\",\"potentialAction\":[{\"@type\":\"ReadAction\",\"target\":[\"https:\\\/\\\/wp.kristdemokraterna.se\\\/ydre\\\/2015-03-12-ta-vara-pa-ydres-resurser\\\/\"]}]},{\"@type\":\"ImageObject\",\"inLanguage\":\"sv-SE\",\"@id\":\"https:\\\/\\\/wp.kristdemokraterna.se\\\/ydre\\\/2015-03-12-ta-vara-pa-ydres-resurser\\\/#primaryimage\",\"url\":\"http:\\\/\\\/ydrebo.se\\\/kd\\\/veckobrev2015\\\/krokus2.JPG\",\"contentUrl\":\"http:\\\/\\\/ydrebo.se\\\/kd\\\/veckobrev2015\\\/krokus2.JPG\"},{\"@type\":\"BreadcrumbList\",\"@id\":\"https:\\\/\\\/wp.kristdemokraterna.se\\\/ydre\\\/2015-03-12-ta-vara-pa-ydres-resurser\\\/#breadcrumb\",\"itemListElement\":[{\"@type\":\"ListItem\",\"position\":1,\"name\":\"Hem\",\"item\":\"https:\\\/\\\/wp.kristdemokraterna.se\\\/ydre\\\/\"},{\"@type\":\"ListItem\",\"position\":2,\"name\":\"2015-03-12 Ta vara p\u00e5 Ydres resurser!\"}]},{\"@type\":\"WebSite\",\"@id\":\"https:\\\/\\\/wp.kristdemokraterna.se\\\/ydre\\\/#website\",\"url\":\"https:\\\/\\\/wp.kristdemokraterna.se\\\/ydre\\\/\",\"name\":\"Kristdemokraterna i Ydre\",\"description\":\"En till Kristdemokraterna webbplats\",\"inLanguage\":\"sv-SE\"}]}<\/script>\n<!-- \/ Yoast SEO plugin. -->","yoast_head_json":{"title":"2015-03-12 Ta vara p\u00e5 Ydres resurser! - Kristdemokraterna i Ydre","robots":{"index":"index","follow":"follow","max-snippet":"max-snippet:-1","max-image-preview":"max-image-preview:large","max-video-preview":"max-video-preview:-1"},"canonical":"https:\/\/wp.kristdemokraterna.se\/ydre\/2015-03-12-ta-vara-pa-ydres-resurser\/","og_locale":"sv_SE","og_type":"article","og_title":"2015-03-12 Ta vara p\u00e5 Ydres resurser! - Kristdemokraterna i Ydre","og_description":"\u00a0Ydre \u00e4r bra f\u00f6r m\u00e4nniskor. L\u00e5t det vara s\u00e5! L\u00e5t oss ta vara p\u00e5 resurserna! Ocks\u00e5\u00a0m\u00e4nniskorna\u00a0och deras engagemang \u00e4r en tillg\u00e5ng. Visst har Ydre resurser! Snart skall vi b\u00f6rja diskutera n\u00e4sta \u00e5rs kommunala budget. Pengar \u00e4r viktiga! Men f\u00f6r Ydres livsviktiga\u00a0atmosf\u00e4r\u00a0beh\u00f6vs mer \u00e4n pengar. H\u00e4r m\u00e5ste vi hj\u00e4lpas \u00e5t. \u00c5sikter och uppslag m\u00e5ste f\u00e5 komma L\u00e4s mer","og_url":"https:\/\/wp.kristdemokraterna.se\/ydre\/2015-03-12-ta-vara-pa-ydres-resurser\/","og_site_name":"Kristdemokraterna i Ydre","article_modified_time":"2018-08-11T14:04:08+00:00","og_image":[{"url":"http:\/\/ydrebo.se\/kd\/veckobrev2015\/krokus2.JPG","type":"","width":"","height":""}],"twitter_card":"summary_large_image","twitter_misc":{"Ber\u00e4knad l\u00e4stid":"1 minut"},"schema":{"@context":"https:\/\/schema.org","@graph":[{"@type":"WebPage","@id":"https:\/\/wp.kristdemokraterna.se\/ydre\/2015-03-12-ta-vara-pa-ydres-resurser\/","url":"https:\/\/wp.kristdemokraterna.se\/ydre\/2015-03-12-ta-vara-pa-ydres-resurser\/","name":"2015-03-12 Ta vara p\u00e5 Ydres resurser! - Kristdemokraterna i Ydre","isPartOf":{"@id":"https:\/\/wp.kristdemokraterna.se\/ydre\/#website"},"primaryImageOfPage":{"@id":"https:\/\/wp.kristdemokraterna.se\/ydre\/2015-03-12-ta-vara-pa-ydres-resurser\/#primaryimage"},"image":{"@id":"https:\/\/wp.kristdemokraterna.se\/ydre\/2015-03-12-ta-vara-pa-ydres-resurser\/#primaryimage"},"thumbnailUrl":"http:\/\/ydrebo.se\/kd\/veckobrev2015\/krokus2.JPG","datePublished":"2018-08-11T14:03:41+00:00","dateModified":"2018-08-11T14:04:08+00:00","breadcrumb":{"@id":"https:\/\/wp.kristdemokraterna.se\/ydre\/2015-03-12-ta-vara-pa-ydres-resurser\/#breadcrumb"},"inLanguage":"sv-SE","potentialAction":[{"@type":"ReadAction","target":["https:\/\/wp.kristdemokraterna.se\/ydre\/2015-03-12-ta-vara-pa-ydres-resurser\/"]}]},{"@type":"ImageObject","inLanguage":"sv-SE","@id":"https:\/\/wp.kristdemokraterna.se\/ydre\/2015-03-12-ta-vara-pa-ydres-resurser\/#primaryimage","url":"http:\/\/ydrebo.se\/kd\/veckobrev2015\/krokus2.JPG","contentUrl":"http:\/\/ydrebo.se\/kd\/veckobrev2015\/krokus2.JPG"},{"@type":"BreadcrumbList","@id":"https:\/\/wp.kristdemokraterna.se\/ydre\/2015-03-12-ta-vara-pa-ydres-resurser\/#breadcrumb","itemListElement":[{"@type":"ListItem","position":1,"name":"Hem","item":"https:\/\/wp.kristdemokraterna.se\/ydre\/"},{"@type":"ListItem","position":2,"name":"2015-03-12 Ta vara p\u00e5 Ydres resurser!"}]},{"@type":"WebSite","@id":"https:\/\/wp.kristdemokraterna.se\/ydre\/#website","url":"https:\/\/wp.kristdemokraterna.se\/ydre\/","name":"Kristdemokraterna i Ydre","description":"En till Kristdemokraterna webbplats","inLanguage":"sv-SE"}]}},"_links":{"self":[{"href":"https:\/\/wp.kristdemokraterna.se\/ydre\/wp-json\/wp\/v2\/pages\/1411","targetHints":{"allow":["GET"]}}],"collection":[{"href":"https:\/\/wp.kristdemokraterna.se\/ydre\/wp-json\/wp\/v2\/pages"}],"about":[{"href":"https:\/\/wp.kristdemokraterna.se\/ydre\/wp-json\/wp\/v2\/types\/page"}],"author":[{"embeddable":true,"href":"https:\/\/wp.kristdemokraterna.se\/ydre\/wp-json\/wp\/v2\/users\/793"}],"replies":[{"embeddable":true,"href":"https:\/\/wp.kristdemokraterna.se\/ydre\/wp-json\/wp\/v2\/comments?post=1411"}],"version-history":[{"count":2,"href":"https:\/\/wp.kristdemokraterna.se\/ydre\/wp-json\/wp\/v2\/pages\/1411\/revisions"}],"predecessor-version":[{"id":1413,"href":"https:\/\/wp.kristdemokraterna.se\/ydre\/wp-json\/wp\/v2\/pages\/1411\/revisions\/1413"}],"wp:attachment":[{"href":"https:\/\/wp.kristdemokraterna.se\/ydre\/wp-json\/wp\/v2\/media?parent=1411"}],"curies":[{"name":"wp","href":"https:\/\/api.w.org\/{rel}","templated":true}]}}