{"id":1415,"date":"2018-08-11T16:06:05","date_gmt":"2018-08-11T14:06:05","guid":{"rendered":"http:\/\/wp.kristdemokraterna.se\/ydre\/?page_id=1415"},"modified":"2018-08-11T16:07:00","modified_gmt":"2018-08-11T14:07:00","slug":"2015-03-20-var-ar-magistern","status":"publish","type":"page","link":"https:\/\/wp.kristdemokraterna.se\/ydre\/2015-03-20-var-ar-magistern\/","title":{"rendered":"2015-03-20 Var \u00e4r magistern?"},"content":{"rendered":"<p><span style=\"font-size: large\">En liten flicka kom g\u00e5ende nerf\u00f6r Ydregatan med sin ryggs\u00e4ck p\u00e5 ryggen. Trots sin litenhet gick hon med l\u00e5nga best\u00e4mda steg. Det verkade som om hon var p\u00e5 v\u00e4g till n\u00e5got hon tyckte om. Antagligen gick hon p\u00e5 l\u00e5gstadiet i Ydreskolan.<\/span><\/p>\n<p><span style=\"font-size: large\"><img loading=\"lazy\" decoding=\"async\" src=\"http:\/\/ydrebo.se\/kd\/veckobrev2015\/skola.JPG\" width=\"600\" height=\"450\" \/><br \/>\n<\/span><i>Grabe m\u00e5ste byggas ut.<\/i><\/p>\n<p>Det \u00e4r bra f\u00f6r barn att v\u00e4xa upp i Ydre, bl.a. f\u00f6r att de f\u00e5r g\u00e5 i Ydres skolor. Men hur skall det bli med dessa skolor fram\u00f6ver?<br \/>\nNyligen satt vi sjutton personer runt det stora bordet i kommunhusets sammantr\u00e4desrum. Det var skolberedningen som tr\u00e4ffades tillsammans med representanter f\u00f6r l\u00e5gstadiets och mellanstadiets l\u00e4rare. Fr\u00e5gan var vad som beh\u00f6ver g\u00f6ras \u00e5t skolbyggnaderna. De st\u00f6rsta behoven finns p\u00e5 f\u00f6rskolan och fritidshemmet i Hestra. Men ocks\u00e5 l\u00e5gstadierna i Hestra och \u00d6sterbymo (dvs Grabe) beh\u00f6ver byggas om och bli betydligt st\u00f6rre. F\u00f6r det saknas en hel del viktiga lokaler. Kanske b\u00f6r det byggas ett helt nytt skolhus i Hestra.<br \/>\nAv oss som satt d\u00e4r var fjorton kvinnor och tre m\u00e4n. De tre var kommunstyrelsens ordf\u00f6rande, den tekniske chefen och s\u00e5 jag. Men var fanns de manliga l\u00e4rarna &#8211; om det fanns n\u00e5gra? Jag st\u00e4llde den fr\u00e5gan och fick ett f\u00f6rl\u00e4get svar.\u00a0<i>Det finns inga manliga l\u00e4rare p\u00e5 l\u00e5g- och mellanstadiet.<\/i><br \/>\nDet \u00e4r inte bra om ett yrke blir ensidigt manligt eller kvinnligt (kanske med n\u00e5gra undantag). Tyv\u00e4rr \u00e4r det ocks\u00e5 s\u00e5 att kvinnodominerade yrken f\u00e5r l\u00e5g status och l\u00e5g l\u00f6neniv\u00e5 (ett problem som man \u00e4nnu inte kommit till r\u00e4tta med).<br \/>\nSj\u00e4lv har jag st\u00f6rre delen av min yrkesverksamma tid varit p\u00e5 en mycket mansdominerad arbetsplats. Men de sista \u00e5ren undervisade jag grupper med j\u00e4mn k\u00f6nsf\u00f6rdelning. Som s\u00e5 m\u00e5nga andra l\u00e4rare m\u00e4rkte jag vilken gynnsam inverkan det hade p\u00e5 st\u00e4mningen i grupperna.<br \/>\nS\u00e5 det finns en hel del kvar att g\u00f6ra i fr\u00e5gor som g\u00f6r j\u00e4mst\u00e4lldhet. Allts\u00e5:<\/p>\n<p><b>Var finns de manliga l\u00e4rarna?<\/b><\/p>\n<p><i>Bengt Malm, ordf.<br \/>\n20 mars 2015<\/i><\/p>\n<p>&nbsp;<\/p>\n","protected":false},"excerpt":{"rendered":"<p>En liten flicka kom g\u00e5ende nerf\u00f6r Ydregatan med sin ryggs\u00e4ck p\u00e5 ryggen. Trots sin litenhet gick hon med l\u00e5nga best\u00e4mda steg. Det verkade som om hon var p\u00e5 v\u00e4g till n\u00e5got hon tyckte om. Antagligen gick hon p\u00e5 l\u00e5gstadiet i Ydreskolan. Grabe m\u00e5ste byggas ut. Det \u00e4r bra f\u00f6r barn att v\u00e4xa upp i Ydre, <a class=\"read-more-link\" href=\"https:\/\/wp.kristdemokraterna.se\/ydre\/2015-03-20-var-ar-magistern\/\">L\u00e4s mer<\/a><\/p>\n","protected":false},"author":793,"featured_media":0,"parent":0,"menu_order":0,"comment_status":"closed","ping_status":"closed","template":"","meta":{"_acf_changed":false,"footnotes":""},"class_list":["post-1415","page","type-page","status-publish","hentry"],"acf":[],"yoast_head":"<!-- This site is optimized with the Yoast SEO plugin v27.5 - https:\/\/yoast.com\/product\/yoast-seo-wordpress\/ -->\n<title>2015-03-20 Var \u00e4r magistern? - Kristdemokraterna i Ydre<\/title>\n<meta name=\"robots\" content=\"index, follow, max-snippet:-1, max-image-preview:large, max-video-preview:-1\" \/>\n<link rel=\"canonical\" href=\"https:\/\/wp.kristdemokraterna.se\/ydre\/2015-03-20-var-ar-magistern\/\" \/>\n<meta property=\"og:locale\" content=\"sv_SE\" \/>\n<meta property=\"og:type\" content=\"article\" \/>\n<meta property=\"og:title\" content=\"2015-03-20 Var \u00e4r magistern? - Kristdemokraterna i Ydre\" \/>\n<meta property=\"og:description\" content=\"En liten flicka kom g\u00e5ende nerf\u00f6r Ydregatan med sin ryggs\u00e4ck p\u00e5 ryggen. Trots sin litenhet gick hon med l\u00e5nga best\u00e4mda steg. Det verkade som om hon var p\u00e5 v\u00e4g till n\u00e5got hon tyckte om. Antagligen gick hon p\u00e5 l\u00e5gstadiet i Ydreskolan. Grabe m\u00e5ste byggas ut. Det \u00e4r bra f\u00f6r barn att v\u00e4xa upp i Ydre, L\u00e4s mer\" \/>\n<meta property=\"og:url\" content=\"https:\/\/wp.kristdemokraterna.se\/ydre\/2015-03-20-var-ar-magistern\/\" \/>\n<meta property=\"og:site_name\" content=\"Kristdemokraterna i Ydre\" \/>\n<meta property=\"article:modified_time\" content=\"2018-08-11T14:07:00+00:00\" \/>\n<meta property=\"og:image\" content=\"http:\/\/ydrebo.se\/kd\/veckobrev2015\/skola.JPG\" \/>\n<meta name=\"twitter:card\" content=\"summary_large_image\" \/>\n<meta name=\"twitter:label1\" content=\"Ber\u00e4knad l\u00e4stid\" \/>\n\t<meta name=\"twitter:data1\" content=\"2 minuter\" \/>\n<script type=\"application\/ld+json\" class=\"yoast-schema-graph\">{\"@context\":\"https:\\\/\\\/schema.org\",\"@graph\":[{\"@type\":\"WebPage\",\"@id\":\"https:\\\/\\\/wp.kristdemokraterna.se\\\/ydre\\\/2015-03-20-var-ar-magistern\\\/\",\"url\":\"https:\\\/\\\/wp.kristdemokraterna.se\\\/ydre\\\/2015-03-20-var-ar-magistern\\\/\",\"name\":\"2015-03-20 Var \u00e4r magistern? - Kristdemokraterna i Ydre\",\"isPartOf\":{\"@id\":\"https:\\\/\\\/wp.kristdemokraterna.se\\\/ydre\\\/#website\"},\"primaryImageOfPage\":{\"@id\":\"https:\\\/\\\/wp.kristdemokraterna.se\\\/ydre\\\/2015-03-20-var-ar-magistern\\\/#primaryimage\"},\"image\":{\"@id\":\"https:\\\/\\\/wp.kristdemokraterna.se\\\/ydre\\\/2015-03-20-var-ar-magistern\\\/#primaryimage\"},\"thumbnailUrl\":\"http:\\\/\\\/ydrebo.se\\\/kd\\\/veckobrev2015\\\/skola.JPG\",\"datePublished\":\"2018-08-11T14:06:05+00:00\",\"dateModified\":\"2018-08-11T14:07:00+00:00\",\"breadcrumb\":{\"@id\":\"https:\\\/\\\/wp.kristdemokraterna.se\\\/ydre\\\/2015-03-20-var-ar-magistern\\\/#breadcrumb\"},\"inLanguage\":\"sv-SE\",\"potentialAction\":[{\"@type\":\"ReadAction\",\"target\":[\"https:\\\/\\\/wp.kristdemokraterna.se\\\/ydre\\\/2015-03-20-var-ar-magistern\\\/\"]}]},{\"@type\":\"ImageObject\",\"inLanguage\":\"sv-SE\",\"@id\":\"https:\\\/\\\/wp.kristdemokraterna.se\\\/ydre\\\/2015-03-20-var-ar-magistern\\\/#primaryimage\",\"url\":\"http:\\\/\\\/ydrebo.se\\\/kd\\\/veckobrev2015\\\/skola.JPG\",\"contentUrl\":\"http:\\\/\\\/ydrebo.se\\\/kd\\\/veckobrev2015\\\/skola.JPG\"},{\"@type\":\"BreadcrumbList\",\"@id\":\"https:\\\/\\\/wp.kristdemokraterna.se\\\/ydre\\\/2015-03-20-var-ar-magistern\\\/#breadcrumb\",\"itemListElement\":[{\"@type\":\"ListItem\",\"position\":1,\"name\":\"Hem\",\"item\":\"https:\\\/\\\/wp.kristdemokraterna.se\\\/ydre\\\/\"},{\"@type\":\"ListItem\",\"position\":2,\"name\":\"2015-03-20 Var \u00e4r magistern?\"}]},{\"@type\":\"WebSite\",\"@id\":\"https:\\\/\\\/wp.kristdemokraterna.se\\\/ydre\\\/#website\",\"url\":\"https:\\\/\\\/wp.kristdemokraterna.se\\\/ydre\\\/\",\"name\":\"Kristdemokraterna i Ydre\",\"description\":\"En till Kristdemokraterna webbplats\",\"inLanguage\":\"sv-SE\"}]}<\/script>\n<!-- \/ Yoast SEO plugin. -->","yoast_head_json":{"title":"2015-03-20 Var \u00e4r magistern? - Kristdemokraterna i Ydre","robots":{"index":"index","follow":"follow","max-snippet":"max-snippet:-1","max-image-preview":"max-image-preview:large","max-video-preview":"max-video-preview:-1"},"canonical":"https:\/\/wp.kristdemokraterna.se\/ydre\/2015-03-20-var-ar-magistern\/","og_locale":"sv_SE","og_type":"article","og_title":"2015-03-20 Var \u00e4r magistern? - Kristdemokraterna i Ydre","og_description":"En liten flicka kom g\u00e5ende nerf\u00f6r Ydregatan med sin ryggs\u00e4ck p\u00e5 ryggen. Trots sin litenhet gick hon med l\u00e5nga best\u00e4mda steg. Det verkade som om hon var p\u00e5 v\u00e4g till n\u00e5got hon tyckte om. Antagligen gick hon p\u00e5 l\u00e5gstadiet i Ydreskolan. Grabe m\u00e5ste byggas ut. Det \u00e4r bra f\u00f6r barn att v\u00e4xa upp i Ydre, L\u00e4s mer","og_url":"https:\/\/wp.kristdemokraterna.se\/ydre\/2015-03-20-var-ar-magistern\/","og_site_name":"Kristdemokraterna i Ydre","article_modified_time":"2018-08-11T14:07:00+00:00","og_image":[{"url":"http:\/\/ydrebo.se\/kd\/veckobrev2015\/skola.JPG","type":"","width":"","height":""}],"twitter_card":"summary_large_image","twitter_misc":{"Ber\u00e4knad l\u00e4stid":"2 minuter"},"schema":{"@context":"https:\/\/schema.org","@graph":[{"@type":"WebPage","@id":"https:\/\/wp.kristdemokraterna.se\/ydre\/2015-03-20-var-ar-magistern\/","url":"https:\/\/wp.kristdemokraterna.se\/ydre\/2015-03-20-var-ar-magistern\/","name":"2015-03-20 Var \u00e4r magistern? - Kristdemokraterna i Ydre","isPartOf":{"@id":"https:\/\/wp.kristdemokraterna.se\/ydre\/#website"},"primaryImageOfPage":{"@id":"https:\/\/wp.kristdemokraterna.se\/ydre\/2015-03-20-var-ar-magistern\/#primaryimage"},"image":{"@id":"https:\/\/wp.kristdemokraterna.se\/ydre\/2015-03-20-var-ar-magistern\/#primaryimage"},"thumbnailUrl":"http:\/\/ydrebo.se\/kd\/veckobrev2015\/skola.JPG","datePublished":"2018-08-11T14:06:05+00:00","dateModified":"2018-08-11T14:07:00+00:00","breadcrumb":{"@id":"https:\/\/wp.kristdemokraterna.se\/ydre\/2015-03-20-var-ar-magistern\/#breadcrumb"},"inLanguage":"sv-SE","potentialAction":[{"@type":"ReadAction","target":["https:\/\/wp.kristdemokraterna.se\/ydre\/2015-03-20-var-ar-magistern\/"]}]},{"@type":"ImageObject","inLanguage":"sv-SE","@id":"https:\/\/wp.kristdemokraterna.se\/ydre\/2015-03-20-var-ar-magistern\/#primaryimage","url":"http:\/\/ydrebo.se\/kd\/veckobrev2015\/skola.JPG","contentUrl":"http:\/\/ydrebo.se\/kd\/veckobrev2015\/skola.JPG"},{"@type":"BreadcrumbList","@id":"https:\/\/wp.kristdemokraterna.se\/ydre\/2015-03-20-var-ar-magistern\/#breadcrumb","itemListElement":[{"@type":"ListItem","position":1,"name":"Hem","item":"https:\/\/wp.kristdemokraterna.se\/ydre\/"},{"@type":"ListItem","position":2,"name":"2015-03-20 Var \u00e4r magistern?"}]},{"@type":"WebSite","@id":"https:\/\/wp.kristdemokraterna.se\/ydre\/#website","url":"https:\/\/wp.kristdemokraterna.se\/ydre\/","name":"Kristdemokraterna i Ydre","description":"En till Kristdemokraterna webbplats","inLanguage":"sv-SE"}]}},"_links":{"self":[{"href":"https:\/\/wp.kristdemokraterna.se\/ydre\/wp-json\/wp\/v2\/pages\/1415","targetHints":{"allow":["GET"]}}],"collection":[{"href":"https:\/\/wp.kristdemokraterna.se\/ydre\/wp-json\/wp\/v2\/pages"}],"about":[{"href":"https:\/\/wp.kristdemokraterna.se\/ydre\/wp-json\/wp\/v2\/types\/page"}],"author":[{"embeddable":true,"href":"https:\/\/wp.kristdemokraterna.se\/ydre\/wp-json\/wp\/v2\/users\/793"}],"replies":[{"embeddable":true,"href":"https:\/\/wp.kristdemokraterna.se\/ydre\/wp-json\/wp\/v2\/comments?post=1415"}],"version-history":[{"count":3,"href":"https:\/\/wp.kristdemokraterna.se\/ydre\/wp-json\/wp\/v2\/pages\/1415\/revisions"}],"predecessor-version":[{"id":1418,"href":"https:\/\/wp.kristdemokraterna.se\/ydre\/wp-json\/wp\/v2\/pages\/1415\/revisions\/1418"}],"wp:attachment":[{"href":"https:\/\/wp.kristdemokraterna.se\/ydre\/wp-json\/wp\/v2\/media?parent=1415"}],"curies":[{"name":"wp","href":"https:\/\/api.w.org\/{rel}","templated":true}]}}