{"id":1420,"date":"2018-08-11T16:11:02","date_gmt":"2018-08-11T14:11:02","guid":{"rendered":"http:\/\/wp.kristdemokraterna.se\/ydre\/?page_id=1420"},"modified":"2018-08-11T16:11:23","modified_gmt":"2018-08-11T14:11:23","slug":"2015-03-27-varlden-skall-fira-freden","status":"publish","type":"page","link":"https:\/\/wp.kristdemokraterna.se\/ydre\/2015-03-27-varlden-skall-fira-freden\/","title":{"rendered":"2015-03-27 V\u00e4rlden skall fira freden"},"content":{"rendered":"<p><span style=\"font-size: large\">\u00a0Om drygt en m\u00e5nad \u00e4r det 70 \u00e5r sedan andra v\u00e4rldskriget slutade i Europa. Men det har inte varit fred hela tiden sedan dess. Vi har haft krisen i Ungern, krisen i Tjeckoslovakien, kalla kriget och flera riktigt ot\u00e4cka krig p\u00e5 Balkan. I flera av dem var Sovjeunionen inblandad. Dess eftertr\u00e4dare Ryssland \u00e4r iblandad i krig just nu.<br \/>\nDet nyaste europeiska landet Kosovo meddelar att man f\u00f6r s\u00e4kerhets skull vill g\u00e5 med b\u00e5de i NATO och EU. F\u00f6r s\u00e4kerhets skull? Man h\u00e4nvisar till bristen p\u00e5 fred i det f\u00f6rg\u00e5ngna och det n\u00e4rvarande.<br \/>\nOch mitt i allt detta vill Ryssland fira freden med\u00a0<a href=\"http:\/\/www.pressreader.com\/finland\/hufvudstadsbladet\/20150326\/281560879289721\/TextView\" target=\"_blank\" rel=\"noopener\"><b>en stor parad<\/b><\/a>\u00a0den 9 maj. Finland t\u00e4nker inte delta i festen. Hur Sverige kommer att g\u00f6ra vet vi inte \u00e4n.<\/span><\/p>\n<p><span style=\"font-size: large\"><img loading=\"lazy\" decoding=\"async\" src=\"http:\/\/ydrebo.se\/kd\/veckobrev\/ruin.jpg\" width=\"384\" height=\"307\" \/><br \/>\n<\/span><i>Har vi egentligen fred i v\u00e4rlden?<\/p>\n<p><\/i>Hur skall vi freda oss? Och g\u00e5r det att g\u00f6ra n\u00e5got \u00e5t de \u00e4nnu v\u00e4rre krigen utanf\u00f6r Europa? Det \u00e4r fr\u00e5gor som blir mer och mer p\u00e5tr\u00e4ngande.<br \/>\nSamtidigt f\u00f6rs\u00f6ker vi p\u00e5 det lokala planet g\u00f6ra upp en budget f\u00f6r n\u00e4sta \u00e5r. Kommunstyrelsen har sammantr\u00e4tt i tre dagar, lyssnat till de olika kommunala f\u00f6rvaltningarna och diskuterat.<br \/>\nD\u00e5 visar sig ett grundl\u00e4ggande problem. Vad \u00e4r det egentligen &#8221;politikerna&#8221; best\u00e4mmer? Officiellt s\u00e4ger dessa politiker bara att en viss f\u00f6rvaltning, t.ex. skolan, f\u00e5r s\u00e5 och s\u00e5 mycket pengar. Om det uppst\u00e5r en brist i verksamheten n\u00e5gonstans s\u00e4gs det att det inte \u00e4r politikernas fel. Men hur m\u00e5nga utanf\u00f6r politikernas led tror att det \u00e4r s\u00e5? Nog har politkerna ansvar f\u00f6r alla konsekvenserna s\u00e4rskilt om det har kommit varningar.<br \/>\nAlternativet \u00e4r att politikerna g\u00e5r in i detaljerna och s\u00e4ger att en viss verksamhet skall bedrivas p\u00e5 ett visst s\u00e4tt. Det \u00e4r inte helt bra. Men allra s\u00e4mst \u00e4r det om vi skulle skylla p\u00e5 de ansvariga tj\u00e4nstem\u00e4nnen.<br \/>\nSkall vi ha en kommunledning som enligt de g\u00e4llande direktiven inte f\u00e5r kritiseras och som fr\u00e5ns\u00e4ger sig ansvaret f\u00f6r alla tr\u00e5kiga konsekvenser av sina beslut?<br \/>\nOch hur \u00e4r det nationellt? Vem har ansvar f\u00f6r v\u00e5r s\u00e4kerhetspolitik i det nuvarande &#8221;fredliga&#8221; l\u00e4get?<\/p>\n<p><i>Bengt Malm, ordf.<br \/>\n27 mars 2015<\/i><\/p>\n<p>&nbsp;<\/p>\n","protected":false},"excerpt":{"rendered":"<p>\u00a0Om drygt en m\u00e5nad \u00e4r det 70 \u00e5r sedan andra v\u00e4rldskriget slutade i Europa. Men det har inte varit fred hela tiden sedan dess. Vi har haft krisen i Ungern, krisen i Tjeckoslovakien, kalla kriget och flera riktigt ot\u00e4cka krig p\u00e5 Balkan. I flera av dem var Sovjeunionen inblandad. Dess eftertr\u00e4dare Ryssland \u00e4r iblandad i <a class=\"read-more-link\" href=\"https:\/\/wp.kristdemokraterna.se\/ydre\/2015-03-27-varlden-skall-fira-freden\/\">L\u00e4s mer<\/a><\/p>\n","protected":false},"author":793,"featured_media":0,"parent":0,"menu_order":0,"comment_status":"closed","ping_status":"closed","template":"","meta":{"_acf_changed":false,"footnotes":""},"class_list":["post-1420","page","type-page","status-publish","hentry"],"acf":[],"yoast_head":"<!-- This site is optimized with the Yoast SEO plugin v27.5 - https:\/\/yoast.com\/product\/yoast-seo-wordpress\/ -->\n<title>2015-03-27 V\u00e4rlden skall fira freden - Kristdemokraterna i Ydre<\/title>\n<meta name=\"robots\" content=\"index, follow, max-snippet:-1, max-image-preview:large, max-video-preview:-1\" \/>\n<link rel=\"canonical\" href=\"https:\/\/wp.kristdemokraterna.se\/ydre\/2015-03-27-varlden-skall-fira-freden\/\" \/>\n<meta property=\"og:locale\" content=\"sv_SE\" \/>\n<meta property=\"og:type\" content=\"article\" \/>\n<meta property=\"og:title\" content=\"2015-03-27 V\u00e4rlden skall fira freden - Kristdemokraterna i Ydre\" \/>\n<meta property=\"og:description\" content=\"\u00a0Om drygt en m\u00e5nad \u00e4r det 70 \u00e5r sedan andra v\u00e4rldskriget slutade i Europa. Men det har inte varit fred hela tiden sedan dess. Vi har haft krisen i Ungern, krisen i Tjeckoslovakien, kalla kriget och flera riktigt ot\u00e4cka krig p\u00e5 Balkan. I flera av dem var Sovjeunionen inblandad. Dess eftertr\u00e4dare Ryssland \u00e4r iblandad i L\u00e4s mer\" \/>\n<meta property=\"og:url\" content=\"https:\/\/wp.kristdemokraterna.se\/ydre\/2015-03-27-varlden-skall-fira-freden\/\" \/>\n<meta property=\"og:site_name\" content=\"Kristdemokraterna i Ydre\" \/>\n<meta property=\"article:modified_time\" content=\"2018-08-11T14:11:23+00:00\" \/>\n<meta property=\"og:image\" content=\"http:\/\/ydrebo.se\/kd\/veckobrev\/ruin.jpg\" \/>\n<meta name=\"twitter:card\" content=\"summary_large_image\" \/>\n<meta name=\"twitter:label1\" content=\"Ber\u00e4knad l\u00e4stid\" \/>\n\t<meta name=\"twitter:data1\" content=\"2 minuter\" \/>\n<script type=\"application\/ld+json\" class=\"yoast-schema-graph\">{\"@context\":\"https:\\\/\\\/schema.org\",\"@graph\":[{\"@type\":\"WebPage\",\"@id\":\"https:\\\/\\\/wp.kristdemokraterna.se\\\/ydre\\\/2015-03-27-varlden-skall-fira-freden\\\/\",\"url\":\"https:\\\/\\\/wp.kristdemokraterna.se\\\/ydre\\\/2015-03-27-varlden-skall-fira-freden\\\/\",\"name\":\"2015-03-27 V\u00e4rlden skall fira freden - Kristdemokraterna i Ydre\",\"isPartOf\":{\"@id\":\"https:\\\/\\\/wp.kristdemokraterna.se\\\/ydre\\\/#website\"},\"primaryImageOfPage\":{\"@id\":\"https:\\\/\\\/wp.kristdemokraterna.se\\\/ydre\\\/2015-03-27-varlden-skall-fira-freden\\\/#primaryimage\"},\"image\":{\"@id\":\"https:\\\/\\\/wp.kristdemokraterna.se\\\/ydre\\\/2015-03-27-varlden-skall-fira-freden\\\/#primaryimage\"},\"thumbnailUrl\":\"http:\\\/\\\/ydrebo.se\\\/kd\\\/veckobrev\\\/ruin.jpg\",\"datePublished\":\"2018-08-11T14:11:02+00:00\",\"dateModified\":\"2018-08-11T14:11:23+00:00\",\"breadcrumb\":{\"@id\":\"https:\\\/\\\/wp.kristdemokraterna.se\\\/ydre\\\/2015-03-27-varlden-skall-fira-freden\\\/#breadcrumb\"},\"inLanguage\":\"sv-SE\",\"potentialAction\":[{\"@type\":\"ReadAction\",\"target\":[\"https:\\\/\\\/wp.kristdemokraterna.se\\\/ydre\\\/2015-03-27-varlden-skall-fira-freden\\\/\"]}]},{\"@type\":\"ImageObject\",\"inLanguage\":\"sv-SE\",\"@id\":\"https:\\\/\\\/wp.kristdemokraterna.se\\\/ydre\\\/2015-03-27-varlden-skall-fira-freden\\\/#primaryimage\",\"url\":\"http:\\\/\\\/ydrebo.se\\\/kd\\\/veckobrev\\\/ruin.jpg\",\"contentUrl\":\"http:\\\/\\\/ydrebo.se\\\/kd\\\/veckobrev\\\/ruin.jpg\"},{\"@type\":\"BreadcrumbList\",\"@id\":\"https:\\\/\\\/wp.kristdemokraterna.se\\\/ydre\\\/2015-03-27-varlden-skall-fira-freden\\\/#breadcrumb\",\"itemListElement\":[{\"@type\":\"ListItem\",\"position\":1,\"name\":\"Hem\",\"item\":\"https:\\\/\\\/wp.kristdemokraterna.se\\\/ydre\\\/\"},{\"@type\":\"ListItem\",\"position\":2,\"name\":\"2015-03-27 V\u00e4rlden skall fira freden\"}]},{\"@type\":\"WebSite\",\"@id\":\"https:\\\/\\\/wp.kristdemokraterna.se\\\/ydre\\\/#website\",\"url\":\"https:\\\/\\\/wp.kristdemokraterna.se\\\/ydre\\\/\",\"name\":\"Kristdemokraterna i Ydre\",\"description\":\"En till Kristdemokraterna webbplats\",\"inLanguage\":\"sv-SE\"}]}<\/script>\n<!-- \/ Yoast SEO plugin. -->","yoast_head_json":{"title":"2015-03-27 V\u00e4rlden skall fira freden - Kristdemokraterna i Ydre","robots":{"index":"index","follow":"follow","max-snippet":"max-snippet:-1","max-image-preview":"max-image-preview:large","max-video-preview":"max-video-preview:-1"},"canonical":"https:\/\/wp.kristdemokraterna.se\/ydre\/2015-03-27-varlden-skall-fira-freden\/","og_locale":"sv_SE","og_type":"article","og_title":"2015-03-27 V\u00e4rlden skall fira freden - Kristdemokraterna i Ydre","og_description":"\u00a0Om drygt en m\u00e5nad \u00e4r det 70 \u00e5r sedan andra v\u00e4rldskriget slutade i Europa. Men det har inte varit fred hela tiden sedan dess. Vi har haft krisen i Ungern, krisen i Tjeckoslovakien, kalla kriget och flera riktigt ot\u00e4cka krig p\u00e5 Balkan. I flera av dem var Sovjeunionen inblandad. Dess eftertr\u00e4dare Ryssland \u00e4r iblandad i L\u00e4s mer","og_url":"https:\/\/wp.kristdemokraterna.se\/ydre\/2015-03-27-varlden-skall-fira-freden\/","og_site_name":"Kristdemokraterna i Ydre","article_modified_time":"2018-08-11T14:11:23+00:00","og_image":[{"url":"http:\/\/ydrebo.se\/kd\/veckobrev\/ruin.jpg","type":"","width":"","height":""}],"twitter_card":"summary_large_image","twitter_misc":{"Ber\u00e4knad l\u00e4stid":"2 minuter"},"schema":{"@context":"https:\/\/schema.org","@graph":[{"@type":"WebPage","@id":"https:\/\/wp.kristdemokraterna.se\/ydre\/2015-03-27-varlden-skall-fira-freden\/","url":"https:\/\/wp.kristdemokraterna.se\/ydre\/2015-03-27-varlden-skall-fira-freden\/","name":"2015-03-27 V\u00e4rlden skall fira freden - Kristdemokraterna i Ydre","isPartOf":{"@id":"https:\/\/wp.kristdemokraterna.se\/ydre\/#website"},"primaryImageOfPage":{"@id":"https:\/\/wp.kristdemokraterna.se\/ydre\/2015-03-27-varlden-skall-fira-freden\/#primaryimage"},"image":{"@id":"https:\/\/wp.kristdemokraterna.se\/ydre\/2015-03-27-varlden-skall-fira-freden\/#primaryimage"},"thumbnailUrl":"http:\/\/ydrebo.se\/kd\/veckobrev\/ruin.jpg","datePublished":"2018-08-11T14:11:02+00:00","dateModified":"2018-08-11T14:11:23+00:00","breadcrumb":{"@id":"https:\/\/wp.kristdemokraterna.se\/ydre\/2015-03-27-varlden-skall-fira-freden\/#breadcrumb"},"inLanguage":"sv-SE","potentialAction":[{"@type":"ReadAction","target":["https:\/\/wp.kristdemokraterna.se\/ydre\/2015-03-27-varlden-skall-fira-freden\/"]}]},{"@type":"ImageObject","inLanguage":"sv-SE","@id":"https:\/\/wp.kristdemokraterna.se\/ydre\/2015-03-27-varlden-skall-fira-freden\/#primaryimage","url":"http:\/\/ydrebo.se\/kd\/veckobrev\/ruin.jpg","contentUrl":"http:\/\/ydrebo.se\/kd\/veckobrev\/ruin.jpg"},{"@type":"BreadcrumbList","@id":"https:\/\/wp.kristdemokraterna.se\/ydre\/2015-03-27-varlden-skall-fira-freden\/#breadcrumb","itemListElement":[{"@type":"ListItem","position":1,"name":"Hem","item":"https:\/\/wp.kristdemokraterna.se\/ydre\/"},{"@type":"ListItem","position":2,"name":"2015-03-27 V\u00e4rlden skall fira freden"}]},{"@type":"WebSite","@id":"https:\/\/wp.kristdemokraterna.se\/ydre\/#website","url":"https:\/\/wp.kristdemokraterna.se\/ydre\/","name":"Kristdemokraterna i Ydre","description":"En till Kristdemokraterna webbplats","inLanguage":"sv-SE"}]}},"_links":{"self":[{"href":"https:\/\/wp.kristdemokraterna.se\/ydre\/wp-json\/wp\/v2\/pages\/1420","targetHints":{"allow":["GET"]}}],"collection":[{"href":"https:\/\/wp.kristdemokraterna.se\/ydre\/wp-json\/wp\/v2\/pages"}],"about":[{"href":"https:\/\/wp.kristdemokraterna.se\/ydre\/wp-json\/wp\/v2\/types\/page"}],"author":[{"embeddable":true,"href":"https:\/\/wp.kristdemokraterna.se\/ydre\/wp-json\/wp\/v2\/users\/793"}],"replies":[{"embeddable":true,"href":"https:\/\/wp.kristdemokraterna.se\/ydre\/wp-json\/wp\/v2\/comments?post=1420"}],"version-history":[{"count":2,"href":"https:\/\/wp.kristdemokraterna.se\/ydre\/wp-json\/wp\/v2\/pages\/1420\/revisions"}],"predecessor-version":[{"id":1422,"href":"https:\/\/wp.kristdemokraterna.se\/ydre\/wp-json\/wp\/v2\/pages\/1420\/revisions\/1422"}],"wp:attachment":[{"href":"https:\/\/wp.kristdemokraterna.se\/ydre\/wp-json\/wp\/v2\/media?parent=1420"}],"curies":[{"name":"wp","href":"https:\/\/api.w.org\/{rel}","templated":true}]}}