{"id":1428,"date":"2018-08-11T16:15:03","date_gmt":"2018-08-11T14:15:03","guid":{"rendered":"http:\/\/wp.kristdemokraterna.se\/ydre\/?page_id=1428"},"modified":"2018-08-11T16:15:45","modified_gmt":"2018-08-11T14:15:45","slug":"bredband-eller-barn","status":"publish","type":"page","link":"https:\/\/wp.kristdemokraterna.se\/ydre\/bredband-eller-barn\/","title":{"rendered":"2015-04-11 Bredband eller barn?"},"content":{"rendered":"<p><span style=\"font-size: large\"><i>Ge oss r\u00e5d, visa en v\u00e4g!<br \/>\nL\u00e5t din skugga mitt p\u00e5 dagen<br \/>\nbli som nattens skyddande m\u00f6rker.<br \/>\nG\u00f6m de skingrade, r\u00f6j inte de flyende!<\/i><\/span><\/p>\n<p><span style=\"font-size: large\">K\u00e4nns det igen? S\u00e5 skrevs det f\u00f6r mer \u00e4n 2500 \u00e5r sedan om en flyktingkatastrof i ett grannland till Israel (i Jesaja 16:3).<br \/>\nDe flyktingar vi just nu tar emot i Ydre \u00e4r framf\u00f6r allt ensamkommande barn (eller snarare ungdomar). Vi m\u00e5ste ordna \u00e4nnu fler platser. Det \u00e4r vi helt enkelt tvungna till. Kommunstyrelsen har just diskuterat olika l\u00f6sningar.<br \/>\nVi har ocks\u00e5 diskuterat v\u00e5ra skolor. Kommunstyrelsen f\u00f6resl\u00e5r att det byggs ett nytt skolhus i Hestra med plats f\u00f6r l\u00e5gstadiet, f\u00f6rkolan och fritidshemmet. D\u00e4r skall det vara cirka 100 barn och anl\u00e4ggningen f\u00e5r ett eget k\u00f6k.<br \/>\nDet finns en str\u00e4van att anv\u00e4nda alltmer n\u00e4rproducerad mat b\u00e5de i skolan och \u00e4ldreomsorgen. En representant fr\u00e5n Hush\u00e5llningss\u00e4llskapet ber\u00e4ttade f\u00f6r oss om f\u00f6rdelarna med den maten. Det \u00e4r bra f\u00f6r syssels\u00e4ttningen i trakten. Men man kan ocks\u00e5 vara mer s\u00e4ker p\u00e5 kvaliteten. Barnen och de gamla slipper \u00e4ta k\u00f6tt fr\u00e5n djur som f\u00f6tts upp med antibiotika i fodret (det \u00e4r skr\u00e4mmande stora m\u00e4ngder antibiotika som ges \u00e5t djuren i en del andra l\u00e4nder).<br \/>\nIbland \u00e4r det f\u00f6rdelaktigt att bo i glesbygd. Ydre har f\u00e5tt stort statligt st\u00f6d f\u00f6r att bygga ut bredbandsn\u00e4tet (vi har redan kommit l\u00e5ngt). F\u00f6r Vimmerby som inte f\u00e5r s\u00e5dana bidrag har bredbandsutbyggnaden lett till en s\u00e5dan brist i kassan att man m\u00e5ste l\u00e4gga ner flera skolor. Det problemet har inte vi. V\u00e5rt bekymmer \u00e4r i st\u00e4llet hur vi skall f\u00e5 kompetenta l\u00e4rare till h\u00f6gstadiet n\u00e4r det r\u00e5der en stor brist p\u00e5 s\u00e5dana l\u00e4rare i hela landet. Men vi f\u00e5r \u00e4nd\u00e5 inte ge upp!<\/span><\/p>\n<p><span style=\"font-size: large\"><img loading=\"lazy\" decoding=\"async\" src=\"http:\/\/ydrebo.se\/kd\/veckobrev\/Norra_Vi.JPG\" width=\"600\" height=\"460\" \/><br \/>\n<\/span><i>H\u00e4r i Ydre finns det fortfarande plats f\u00f6r barn!<\/i><\/p>\n<p><span style=\"font-size: large\"><i>Bengt Malm, ordf.<br \/>\n11 april 2015<\/i><\/span><\/p>\n","protected":false},"excerpt":{"rendered":"<p>Ge oss r\u00e5d, visa en v\u00e4g! L\u00e5t din skugga mitt p\u00e5 dagen bli som nattens skyddande m\u00f6rker. G\u00f6m de skingrade, r\u00f6j inte de flyende! K\u00e4nns det igen? S\u00e5 skrevs det f\u00f6r mer \u00e4n 2500 \u00e5r sedan om en flyktingkatastrof i ett grannland till Israel (i Jesaja 16:3). De flyktingar vi just nu tar emot i <a class=\"read-more-link\" href=\"https:\/\/wp.kristdemokraterna.se\/ydre\/bredband-eller-barn\/\">L\u00e4s mer<\/a><\/p>\n","protected":false},"author":793,"featured_media":0,"parent":0,"menu_order":0,"comment_status":"closed","ping_status":"closed","template":"","meta":{"_acf_changed":false,"footnotes":""},"class_list":["post-1428","page","type-page","status-publish","hentry"],"acf":[],"yoast_head":"<!-- This site is optimized with the Yoast SEO plugin v27.5 - https:\/\/yoast.com\/product\/yoast-seo-wordpress\/ -->\n<title>2015-04-11 Bredband eller barn? - Kristdemokraterna i Ydre<\/title>\n<meta name=\"robots\" content=\"index, follow, max-snippet:-1, max-image-preview:large, max-video-preview:-1\" \/>\n<link rel=\"canonical\" href=\"https:\/\/wp.kristdemokraterna.se\/ydre\/bredband-eller-barn\/\" \/>\n<meta property=\"og:locale\" content=\"sv_SE\" \/>\n<meta property=\"og:type\" content=\"article\" \/>\n<meta property=\"og:title\" content=\"2015-04-11 Bredband eller barn? - Kristdemokraterna i Ydre\" \/>\n<meta property=\"og:description\" content=\"Ge oss r\u00e5d, visa en v\u00e4g! L\u00e5t din skugga mitt p\u00e5 dagen bli som nattens skyddande m\u00f6rker. G\u00f6m de skingrade, r\u00f6j inte de flyende! K\u00e4nns det igen? S\u00e5 skrevs det f\u00f6r mer \u00e4n 2500 \u00e5r sedan om en flyktingkatastrof i ett grannland till Israel (i Jesaja 16:3). De flyktingar vi just nu tar emot i L\u00e4s mer\" \/>\n<meta property=\"og:url\" content=\"https:\/\/wp.kristdemokraterna.se\/ydre\/bredband-eller-barn\/\" \/>\n<meta property=\"og:site_name\" content=\"Kristdemokraterna i Ydre\" \/>\n<meta property=\"article:modified_time\" content=\"2018-08-11T14:15:45+00:00\" \/>\n<meta property=\"og:image\" content=\"http:\/\/ydrebo.se\/kd\/veckobrev\/Norra_Vi.JPG\" \/>\n<meta name=\"twitter:card\" content=\"summary_large_image\" \/>\n<meta name=\"twitter:label1\" content=\"Ber\u00e4knad l\u00e4stid\" \/>\n\t<meta name=\"twitter:data1\" content=\"2 minuter\" \/>\n<script type=\"application\/ld+json\" class=\"yoast-schema-graph\">{\"@context\":\"https:\\\/\\\/schema.org\",\"@graph\":[{\"@type\":\"WebPage\",\"@id\":\"https:\\\/\\\/wp.kristdemokraterna.se\\\/ydre\\\/bredband-eller-barn\\\/\",\"url\":\"https:\\\/\\\/wp.kristdemokraterna.se\\\/ydre\\\/bredband-eller-barn\\\/\",\"name\":\"2015-04-11 Bredband eller barn? - Kristdemokraterna i Ydre\",\"isPartOf\":{\"@id\":\"https:\\\/\\\/wp.kristdemokraterna.se\\\/ydre\\\/#website\"},\"primaryImageOfPage\":{\"@id\":\"https:\\\/\\\/wp.kristdemokraterna.se\\\/ydre\\\/bredband-eller-barn\\\/#primaryimage\"},\"image\":{\"@id\":\"https:\\\/\\\/wp.kristdemokraterna.se\\\/ydre\\\/bredband-eller-barn\\\/#primaryimage\"},\"thumbnailUrl\":\"http:\\\/\\\/ydrebo.se\\\/kd\\\/veckobrev\\\/Norra_Vi.JPG\",\"datePublished\":\"2018-08-11T14:15:03+00:00\",\"dateModified\":\"2018-08-11T14:15:45+00:00\",\"breadcrumb\":{\"@id\":\"https:\\\/\\\/wp.kristdemokraterna.se\\\/ydre\\\/bredband-eller-barn\\\/#breadcrumb\"},\"inLanguage\":\"sv-SE\",\"potentialAction\":[{\"@type\":\"ReadAction\",\"target\":[\"https:\\\/\\\/wp.kristdemokraterna.se\\\/ydre\\\/bredband-eller-barn\\\/\"]}]},{\"@type\":\"ImageObject\",\"inLanguage\":\"sv-SE\",\"@id\":\"https:\\\/\\\/wp.kristdemokraterna.se\\\/ydre\\\/bredband-eller-barn\\\/#primaryimage\",\"url\":\"http:\\\/\\\/ydrebo.se\\\/kd\\\/veckobrev\\\/Norra_Vi.JPG\",\"contentUrl\":\"http:\\\/\\\/ydrebo.se\\\/kd\\\/veckobrev\\\/Norra_Vi.JPG\"},{\"@type\":\"BreadcrumbList\",\"@id\":\"https:\\\/\\\/wp.kristdemokraterna.se\\\/ydre\\\/bredband-eller-barn\\\/#breadcrumb\",\"itemListElement\":[{\"@type\":\"ListItem\",\"position\":1,\"name\":\"Hem\",\"item\":\"https:\\\/\\\/wp.kristdemokraterna.se\\\/ydre\\\/\"},{\"@type\":\"ListItem\",\"position\":2,\"name\":\"2015-04-11 Bredband eller barn?\"}]},{\"@type\":\"WebSite\",\"@id\":\"https:\\\/\\\/wp.kristdemokraterna.se\\\/ydre\\\/#website\",\"url\":\"https:\\\/\\\/wp.kristdemokraterna.se\\\/ydre\\\/\",\"name\":\"Kristdemokraterna i Ydre\",\"description\":\"En till Kristdemokraterna webbplats\",\"inLanguage\":\"sv-SE\"}]}<\/script>\n<!-- \/ Yoast SEO plugin. -->","yoast_head_json":{"title":"2015-04-11 Bredband eller barn? - Kristdemokraterna i Ydre","robots":{"index":"index","follow":"follow","max-snippet":"max-snippet:-1","max-image-preview":"max-image-preview:large","max-video-preview":"max-video-preview:-1"},"canonical":"https:\/\/wp.kristdemokraterna.se\/ydre\/bredband-eller-barn\/","og_locale":"sv_SE","og_type":"article","og_title":"2015-04-11 Bredband eller barn? - Kristdemokraterna i Ydre","og_description":"Ge oss r\u00e5d, visa en v\u00e4g! L\u00e5t din skugga mitt p\u00e5 dagen bli som nattens skyddande m\u00f6rker. G\u00f6m de skingrade, r\u00f6j inte de flyende! K\u00e4nns det igen? S\u00e5 skrevs det f\u00f6r mer \u00e4n 2500 \u00e5r sedan om en flyktingkatastrof i ett grannland till Israel (i Jesaja 16:3). De flyktingar vi just nu tar emot i L\u00e4s mer","og_url":"https:\/\/wp.kristdemokraterna.se\/ydre\/bredband-eller-barn\/","og_site_name":"Kristdemokraterna i Ydre","article_modified_time":"2018-08-11T14:15:45+00:00","og_image":[{"url":"http:\/\/ydrebo.se\/kd\/veckobrev\/Norra_Vi.JPG","type":"","width":"","height":""}],"twitter_card":"summary_large_image","twitter_misc":{"Ber\u00e4knad l\u00e4stid":"2 minuter"},"schema":{"@context":"https:\/\/schema.org","@graph":[{"@type":"WebPage","@id":"https:\/\/wp.kristdemokraterna.se\/ydre\/bredband-eller-barn\/","url":"https:\/\/wp.kristdemokraterna.se\/ydre\/bredband-eller-barn\/","name":"2015-04-11 Bredband eller barn? - Kristdemokraterna i Ydre","isPartOf":{"@id":"https:\/\/wp.kristdemokraterna.se\/ydre\/#website"},"primaryImageOfPage":{"@id":"https:\/\/wp.kristdemokraterna.se\/ydre\/bredband-eller-barn\/#primaryimage"},"image":{"@id":"https:\/\/wp.kristdemokraterna.se\/ydre\/bredband-eller-barn\/#primaryimage"},"thumbnailUrl":"http:\/\/ydrebo.se\/kd\/veckobrev\/Norra_Vi.JPG","datePublished":"2018-08-11T14:15:03+00:00","dateModified":"2018-08-11T14:15:45+00:00","breadcrumb":{"@id":"https:\/\/wp.kristdemokraterna.se\/ydre\/bredband-eller-barn\/#breadcrumb"},"inLanguage":"sv-SE","potentialAction":[{"@type":"ReadAction","target":["https:\/\/wp.kristdemokraterna.se\/ydre\/bredband-eller-barn\/"]}]},{"@type":"ImageObject","inLanguage":"sv-SE","@id":"https:\/\/wp.kristdemokraterna.se\/ydre\/bredband-eller-barn\/#primaryimage","url":"http:\/\/ydrebo.se\/kd\/veckobrev\/Norra_Vi.JPG","contentUrl":"http:\/\/ydrebo.se\/kd\/veckobrev\/Norra_Vi.JPG"},{"@type":"BreadcrumbList","@id":"https:\/\/wp.kristdemokraterna.se\/ydre\/bredband-eller-barn\/#breadcrumb","itemListElement":[{"@type":"ListItem","position":1,"name":"Hem","item":"https:\/\/wp.kristdemokraterna.se\/ydre\/"},{"@type":"ListItem","position":2,"name":"2015-04-11 Bredband eller barn?"}]},{"@type":"WebSite","@id":"https:\/\/wp.kristdemokraterna.se\/ydre\/#website","url":"https:\/\/wp.kristdemokraterna.se\/ydre\/","name":"Kristdemokraterna i Ydre","description":"En till Kristdemokraterna webbplats","inLanguage":"sv-SE"}]}},"_links":{"self":[{"href":"https:\/\/wp.kristdemokraterna.se\/ydre\/wp-json\/wp\/v2\/pages\/1428","targetHints":{"allow":["GET"]}}],"collection":[{"href":"https:\/\/wp.kristdemokraterna.se\/ydre\/wp-json\/wp\/v2\/pages"}],"about":[{"href":"https:\/\/wp.kristdemokraterna.se\/ydre\/wp-json\/wp\/v2\/types\/page"}],"author":[{"embeddable":true,"href":"https:\/\/wp.kristdemokraterna.se\/ydre\/wp-json\/wp\/v2\/users\/793"}],"replies":[{"embeddable":true,"href":"https:\/\/wp.kristdemokraterna.se\/ydre\/wp-json\/wp\/v2\/comments?post=1428"}],"version-history":[{"count":3,"href":"https:\/\/wp.kristdemokraterna.se\/ydre\/wp-json\/wp\/v2\/pages\/1428\/revisions"}],"predecessor-version":[{"id":1431,"href":"https:\/\/wp.kristdemokraterna.se\/ydre\/wp-json\/wp\/v2\/pages\/1428\/revisions\/1431"}],"wp:attachment":[{"href":"https:\/\/wp.kristdemokraterna.se\/ydre\/wp-json\/wp\/v2\/media?parent=1428"}],"curies":[{"name":"wp","href":"https:\/\/api.w.org\/{rel}","templated":true}]}}