{"id":1433,"date":"2018-08-11T16:17:06","date_gmt":"2018-08-11T14:17:06","guid":{"rendered":"http:\/\/wp.kristdemokraterna.se\/ydre\/?page_id=1433"},"modified":"2018-08-11T16:17:40","modified_gmt":"2018-08-11T14:17:40","slug":"2015-04-17-ar-barn-valkomna-i-ydre","status":"publish","type":"page","link":"https:\/\/wp.kristdemokraterna.se\/ydre\/2015-04-17-ar-barn-valkomna-i-ydre\/","title":{"rendered":"2015-04-17 \u00c4r barn v\u00e4lkomna i Ydre?"},"content":{"rendered":"<p>Jo visst \u00e4r de det! Vi har skolor och f\u00f6rskolor. Och vi hoppas att fler barnfamiljer skall flytta hit och l\u00e5ta sin barn v\u00e4xa upp i en verkligt bra milj\u00f6.<br \/>\nMen det finns en grupp barn som somliga ifr\u00e5gas\u00e4tter. Det \u00e4r de ensamkommande flyktingbarnen. Men vad har man mot dem? De \u00e4r ju ocks\u00e5 m\u00e4nniskor!<br \/>\nDet verkar som om man p\u00e5st\u00e5r att vi inte har r\u00e5d med dessa barn. Man tycks tro att de stj\u00e4l av v\u00e5ra knappa resurser. Medlemmar i ett av Ydres stora partier s\u00e4gs ha kr\u00e4vt att vi inte skall ta emot fler s\u00e5dana barn.<br \/>\nDet b\u00e4sta man kan s\u00e4ga om detta \u00e4r att det handlar om okunnighet. Vi har f\u00f6r det f\u00f6rsta inget val. Barnen finns och staten kr\u00e4ver att de skall beredas plats.<br \/>\nF\u00f6r det andra \u00e4r barnen inte alls en ekonomisk belastning f\u00f6r Ydre. Lokaler blir utnyttjade och fler personer f\u00e5r arbete. Staten betalar ocks\u00e5 bra f\u00f6r dem. N\u00e4r nu kommunstyrelsen f\u00f6resl\u00e5r mottagande av fler barn blir det inte n\u00e5gon ekonomisk sv\u00e5righet. Fler bost\u00e4der m\u00e5ste ordnas men inte heller det inneb\u00e4r n\u00e5got ekonomiskt problem. Och om utrymmena en dag inte beh\u00f6vs f\u00f6r s\u00e5dana barn har vi i alla fall behov av dem f\u00f6r v\u00e5ra \u00e4ldre som blir allt fler.<br \/>\nEtt krasst resonemang inneb\u00e4r att det helt enkelt l\u00f6nar sig f\u00f6r Ydre att ta emot de ensamkommande flyktingbarnen. Och s\u00e5 \u00e4r de ju m\u00e4nniskor!<\/p>\n<p><img loading=\"lazy\" decoding=\"async\" src=\"http:\/\/ydrebo.se\/kd\/veckobrev2015\/ydrehus1.JPG\" width=\"600\" height=\"462\" \/><br \/>\n<i>Visst \u00e4r Ydrehus 1 bra men det kommer inte att r\u00e4cka.<\/i><\/p>\n<p><i>Bengt Malm, ordf.<br \/>\n17 april 2015<\/i><\/p>\n","protected":false},"excerpt":{"rendered":"<p>Jo visst \u00e4r de det! Vi har skolor och f\u00f6rskolor. Och vi hoppas att fler barnfamiljer skall flytta hit och l\u00e5ta sin barn v\u00e4xa upp i en verkligt bra milj\u00f6. Men det finns en grupp barn som somliga ifr\u00e5gas\u00e4tter. Det \u00e4r de ensamkommande flyktingbarnen. Men vad har man mot dem? De \u00e4r ju ocks\u00e5 m\u00e4nniskor! <a class=\"read-more-link\" href=\"https:\/\/wp.kristdemokraterna.se\/ydre\/2015-04-17-ar-barn-valkomna-i-ydre\/\">L\u00e4s mer<\/a><\/p>\n","protected":false},"author":793,"featured_media":0,"parent":0,"menu_order":0,"comment_status":"closed","ping_status":"closed","template":"","meta":{"_acf_changed":false,"footnotes":""},"class_list":["post-1433","page","type-page","status-publish","hentry"],"acf":[],"yoast_head":"<!-- This site is optimized with the Yoast SEO plugin v27.5 - https:\/\/yoast.com\/product\/yoast-seo-wordpress\/ -->\n<title>2015-04-17 \u00c4r barn v\u00e4lkomna i Ydre? - Kristdemokraterna i Ydre<\/title>\n<meta name=\"robots\" content=\"index, follow, max-snippet:-1, max-image-preview:large, max-video-preview:-1\" \/>\n<link rel=\"canonical\" href=\"https:\/\/wp.kristdemokraterna.se\/ydre\/2015-04-17-ar-barn-valkomna-i-ydre\/\" \/>\n<meta property=\"og:locale\" content=\"sv_SE\" \/>\n<meta property=\"og:type\" content=\"article\" \/>\n<meta property=\"og:title\" content=\"2015-04-17 \u00c4r barn v\u00e4lkomna i Ydre? - Kristdemokraterna i Ydre\" \/>\n<meta property=\"og:description\" content=\"Jo visst \u00e4r de det! Vi har skolor och f\u00f6rskolor. Och vi hoppas att fler barnfamiljer skall flytta hit och l\u00e5ta sin barn v\u00e4xa upp i en verkligt bra milj\u00f6. Men det finns en grupp barn som somliga ifr\u00e5gas\u00e4tter. Det \u00e4r de ensamkommande flyktingbarnen. Men vad har man mot dem? De \u00e4r ju ocks\u00e5 m\u00e4nniskor! L\u00e4s mer\" \/>\n<meta property=\"og:url\" content=\"https:\/\/wp.kristdemokraterna.se\/ydre\/2015-04-17-ar-barn-valkomna-i-ydre\/\" \/>\n<meta property=\"og:site_name\" content=\"Kristdemokraterna i Ydre\" \/>\n<meta property=\"article:modified_time\" content=\"2018-08-11T14:17:40+00:00\" \/>\n<meta property=\"og:image\" content=\"http:\/\/ydrebo.se\/kd\/veckobrev2015\/ydrehus1.JPG\" \/>\n<meta name=\"twitter:card\" content=\"summary_large_image\" \/>\n<meta name=\"twitter:label1\" content=\"Ber\u00e4knad l\u00e4stid\" \/>\n\t<meta name=\"twitter:data1\" content=\"1 minut\" \/>\n<script type=\"application\/ld+json\" class=\"yoast-schema-graph\">{\"@context\":\"https:\\\/\\\/schema.org\",\"@graph\":[{\"@type\":\"WebPage\",\"@id\":\"https:\\\/\\\/wp.kristdemokraterna.se\\\/ydre\\\/2015-04-17-ar-barn-valkomna-i-ydre\\\/\",\"url\":\"https:\\\/\\\/wp.kristdemokraterna.se\\\/ydre\\\/2015-04-17-ar-barn-valkomna-i-ydre\\\/\",\"name\":\"2015-04-17 \u00c4r barn v\u00e4lkomna i Ydre? - Kristdemokraterna i Ydre\",\"isPartOf\":{\"@id\":\"https:\\\/\\\/wp.kristdemokraterna.se\\\/ydre\\\/#website\"},\"primaryImageOfPage\":{\"@id\":\"https:\\\/\\\/wp.kristdemokraterna.se\\\/ydre\\\/2015-04-17-ar-barn-valkomna-i-ydre\\\/#primaryimage\"},\"image\":{\"@id\":\"https:\\\/\\\/wp.kristdemokraterna.se\\\/ydre\\\/2015-04-17-ar-barn-valkomna-i-ydre\\\/#primaryimage\"},\"thumbnailUrl\":\"http:\\\/\\\/ydrebo.se\\\/kd\\\/veckobrev2015\\\/ydrehus1.JPG\",\"datePublished\":\"2018-08-11T14:17:06+00:00\",\"dateModified\":\"2018-08-11T14:17:40+00:00\",\"breadcrumb\":{\"@id\":\"https:\\\/\\\/wp.kristdemokraterna.se\\\/ydre\\\/2015-04-17-ar-barn-valkomna-i-ydre\\\/#breadcrumb\"},\"inLanguage\":\"sv-SE\",\"potentialAction\":[{\"@type\":\"ReadAction\",\"target\":[\"https:\\\/\\\/wp.kristdemokraterna.se\\\/ydre\\\/2015-04-17-ar-barn-valkomna-i-ydre\\\/\"]}]},{\"@type\":\"ImageObject\",\"inLanguage\":\"sv-SE\",\"@id\":\"https:\\\/\\\/wp.kristdemokraterna.se\\\/ydre\\\/2015-04-17-ar-barn-valkomna-i-ydre\\\/#primaryimage\",\"url\":\"http:\\\/\\\/ydrebo.se\\\/kd\\\/veckobrev2015\\\/ydrehus1.JPG\",\"contentUrl\":\"http:\\\/\\\/ydrebo.se\\\/kd\\\/veckobrev2015\\\/ydrehus1.JPG\"},{\"@type\":\"BreadcrumbList\",\"@id\":\"https:\\\/\\\/wp.kristdemokraterna.se\\\/ydre\\\/2015-04-17-ar-barn-valkomna-i-ydre\\\/#breadcrumb\",\"itemListElement\":[{\"@type\":\"ListItem\",\"position\":1,\"name\":\"Hem\",\"item\":\"https:\\\/\\\/wp.kristdemokraterna.se\\\/ydre\\\/\"},{\"@type\":\"ListItem\",\"position\":2,\"name\":\"2015-04-17 \u00c4r barn v\u00e4lkomna i Ydre?\"}]},{\"@type\":\"WebSite\",\"@id\":\"https:\\\/\\\/wp.kristdemokraterna.se\\\/ydre\\\/#website\",\"url\":\"https:\\\/\\\/wp.kristdemokraterna.se\\\/ydre\\\/\",\"name\":\"Kristdemokraterna i Ydre\",\"description\":\"En till Kristdemokraterna webbplats\",\"inLanguage\":\"sv-SE\"}]}<\/script>\n<!-- \/ Yoast SEO plugin. -->","yoast_head_json":{"title":"2015-04-17 \u00c4r barn v\u00e4lkomna i Ydre? - Kristdemokraterna i Ydre","robots":{"index":"index","follow":"follow","max-snippet":"max-snippet:-1","max-image-preview":"max-image-preview:large","max-video-preview":"max-video-preview:-1"},"canonical":"https:\/\/wp.kristdemokraterna.se\/ydre\/2015-04-17-ar-barn-valkomna-i-ydre\/","og_locale":"sv_SE","og_type":"article","og_title":"2015-04-17 \u00c4r barn v\u00e4lkomna i Ydre? - Kristdemokraterna i Ydre","og_description":"Jo visst \u00e4r de det! Vi har skolor och f\u00f6rskolor. Och vi hoppas att fler barnfamiljer skall flytta hit och l\u00e5ta sin barn v\u00e4xa upp i en verkligt bra milj\u00f6. Men det finns en grupp barn som somliga ifr\u00e5gas\u00e4tter. Det \u00e4r de ensamkommande flyktingbarnen. Men vad har man mot dem? De \u00e4r ju ocks\u00e5 m\u00e4nniskor! L\u00e4s mer","og_url":"https:\/\/wp.kristdemokraterna.se\/ydre\/2015-04-17-ar-barn-valkomna-i-ydre\/","og_site_name":"Kristdemokraterna i Ydre","article_modified_time":"2018-08-11T14:17:40+00:00","og_image":[{"url":"http:\/\/ydrebo.se\/kd\/veckobrev2015\/ydrehus1.JPG","type":"","width":"","height":""}],"twitter_card":"summary_large_image","twitter_misc":{"Ber\u00e4knad l\u00e4stid":"1 minut"},"schema":{"@context":"https:\/\/schema.org","@graph":[{"@type":"WebPage","@id":"https:\/\/wp.kristdemokraterna.se\/ydre\/2015-04-17-ar-barn-valkomna-i-ydre\/","url":"https:\/\/wp.kristdemokraterna.se\/ydre\/2015-04-17-ar-barn-valkomna-i-ydre\/","name":"2015-04-17 \u00c4r barn v\u00e4lkomna i Ydre? - Kristdemokraterna i Ydre","isPartOf":{"@id":"https:\/\/wp.kristdemokraterna.se\/ydre\/#website"},"primaryImageOfPage":{"@id":"https:\/\/wp.kristdemokraterna.se\/ydre\/2015-04-17-ar-barn-valkomna-i-ydre\/#primaryimage"},"image":{"@id":"https:\/\/wp.kristdemokraterna.se\/ydre\/2015-04-17-ar-barn-valkomna-i-ydre\/#primaryimage"},"thumbnailUrl":"http:\/\/ydrebo.se\/kd\/veckobrev2015\/ydrehus1.JPG","datePublished":"2018-08-11T14:17:06+00:00","dateModified":"2018-08-11T14:17:40+00:00","breadcrumb":{"@id":"https:\/\/wp.kristdemokraterna.se\/ydre\/2015-04-17-ar-barn-valkomna-i-ydre\/#breadcrumb"},"inLanguage":"sv-SE","potentialAction":[{"@type":"ReadAction","target":["https:\/\/wp.kristdemokraterna.se\/ydre\/2015-04-17-ar-barn-valkomna-i-ydre\/"]}]},{"@type":"ImageObject","inLanguage":"sv-SE","@id":"https:\/\/wp.kristdemokraterna.se\/ydre\/2015-04-17-ar-barn-valkomna-i-ydre\/#primaryimage","url":"http:\/\/ydrebo.se\/kd\/veckobrev2015\/ydrehus1.JPG","contentUrl":"http:\/\/ydrebo.se\/kd\/veckobrev2015\/ydrehus1.JPG"},{"@type":"BreadcrumbList","@id":"https:\/\/wp.kristdemokraterna.se\/ydre\/2015-04-17-ar-barn-valkomna-i-ydre\/#breadcrumb","itemListElement":[{"@type":"ListItem","position":1,"name":"Hem","item":"https:\/\/wp.kristdemokraterna.se\/ydre\/"},{"@type":"ListItem","position":2,"name":"2015-04-17 \u00c4r barn v\u00e4lkomna i Ydre?"}]},{"@type":"WebSite","@id":"https:\/\/wp.kristdemokraterna.se\/ydre\/#website","url":"https:\/\/wp.kristdemokraterna.se\/ydre\/","name":"Kristdemokraterna i Ydre","description":"En till Kristdemokraterna webbplats","inLanguage":"sv-SE"}]}},"_links":{"self":[{"href":"https:\/\/wp.kristdemokraterna.se\/ydre\/wp-json\/wp\/v2\/pages\/1433","targetHints":{"allow":["GET"]}}],"collection":[{"href":"https:\/\/wp.kristdemokraterna.se\/ydre\/wp-json\/wp\/v2\/pages"}],"about":[{"href":"https:\/\/wp.kristdemokraterna.se\/ydre\/wp-json\/wp\/v2\/types\/page"}],"author":[{"embeddable":true,"href":"https:\/\/wp.kristdemokraterna.se\/ydre\/wp-json\/wp\/v2\/users\/793"}],"replies":[{"embeddable":true,"href":"https:\/\/wp.kristdemokraterna.se\/ydre\/wp-json\/wp\/v2\/comments?post=1433"}],"version-history":[{"count":3,"href":"https:\/\/wp.kristdemokraterna.se\/ydre\/wp-json\/wp\/v2\/pages\/1433\/revisions"}],"predecessor-version":[{"id":1436,"href":"https:\/\/wp.kristdemokraterna.se\/ydre\/wp-json\/wp\/v2\/pages\/1433\/revisions\/1436"}],"wp:attachment":[{"href":"https:\/\/wp.kristdemokraterna.se\/ydre\/wp-json\/wp\/v2\/media?parent=1433"}],"curies":[{"name":"wp","href":"https:\/\/api.w.org\/{rel}","templated":true}]}}