{"id":1438,"date":"2018-08-11T16:19:11","date_gmt":"2018-08-11T14:19:11","guid":{"rendered":"http:\/\/wp.kristdemokraterna.se\/ydre\/?page_id=1438"},"modified":"2018-08-11T16:20:20","modified_gmt":"2018-08-11T14:20:20","slug":"2015-04-21-leve-familjen","status":"publish","type":"page","link":"https:\/\/wp.kristdemokraterna.se\/ydre\/2015-04-21-leve-familjen\/","title":{"rendered":"2015-04-21 Leve familjen!"},"content":{"rendered":"<p>T\u00e4nk att det har funnits romantiker som dr\u00f6mt om den gamla &#8221;goda&#8221; urtiden n\u00e4r det inte fanns n\u00e5got samh\u00e4lle, n\u00e5gra myndigheter eller skatter. Man talade om &#8221;den \u00e4dle vilden&#8221;. Det l\u00e5ter ju underbart. Men, som Bibeln p\u00e5pekar, fanns det ingen som kunde st\u00e4lla Kain till svars f\u00f6r att han slagit ihj\u00e4l sin bror. S\u00e5 de flesta m\u00e4nniskor f\u00f6redrar att leva i ordnade samh\u00e4llen d\u00e4r brott kan beivras och helst f\u00f6rebyggas.<br \/>\nMen Bibeln talar ocks\u00e5 om en annan ytterlighet. P\u00e5 dess sista sidor st\u00e5r det om en framtida stat s\u00e5 stark att den m\u00e5ste betecknas som demonisk. Ingen kan egentligen g\u00f6ra n\u00e5gonting alls utan intyg om regimtrohet. Mellan dessa oacceptabla yttterligheter \u00e4r det vi lever.<br \/>\nKristdemokraterna v\u00e4rdes\u00e4tter samh\u00e4llet. Men de beslut som m\u00e5ste tas b\u00f6r fattas n\u00e4ra dem som besluten ang\u00e5r. Och h\u00e4r \u00e4r vi inte \u00f6verens med den nya regeringen. Det g\u00e4ller s\u00e4rskilt familjernas villkor. Vi menar att familjernas st\u00e4llning snarare b\u00f6r st\u00e4rkas.<br \/>\nOm du r\u00e5kar vara i Uppsala den 1 maj kan du g\u00e5 p\u00e5 Kristdemokraternas manifestation\u00a0Familjen f\u00f6rst.<br \/>\nOcks\u00e5 h\u00e4r i Ydre finns det en hel del att g\u00f6ra f\u00f6r familjerna!<\/p>\n<p><img loading=\"lazy\" decoding=\"async\" src=\"http:\/\/ydrebo.se\/kd\/barn.JPG\" width=\"364\" height=\"288\" \/><\/p>\n<p><i>Bengt Malm, ordf.<br \/>\n21 april 2015<\/i><\/p>\n","protected":false},"excerpt":{"rendered":"<p>T\u00e4nk att det har funnits romantiker som dr\u00f6mt om den gamla &#8221;goda&#8221; urtiden n\u00e4r det inte fanns n\u00e5got samh\u00e4lle, n\u00e5gra myndigheter eller skatter. Man talade om &#8221;den \u00e4dle vilden&#8221;. Det l\u00e5ter ju underbart. Men, som Bibeln p\u00e5pekar, fanns det ingen som kunde st\u00e4lla Kain till svars f\u00f6r att han slagit ihj\u00e4l sin bror. S\u00e5 de <a class=\"read-more-link\" href=\"https:\/\/wp.kristdemokraterna.se\/ydre\/2015-04-21-leve-familjen\/\">L\u00e4s mer<\/a><\/p>\n","protected":false},"author":793,"featured_media":0,"parent":0,"menu_order":0,"comment_status":"closed","ping_status":"closed","template":"","meta":{"_acf_changed":false,"footnotes":""},"class_list":["post-1438","page","type-page","status-publish","hentry"],"acf":[],"yoast_head":"<!-- This site is optimized with the Yoast SEO plugin v27.5 - https:\/\/yoast.com\/product\/yoast-seo-wordpress\/ -->\n<title>2015-04-21 Leve familjen! - Kristdemokraterna i Ydre<\/title>\n<meta name=\"robots\" content=\"index, follow, max-snippet:-1, max-image-preview:large, max-video-preview:-1\" \/>\n<link rel=\"canonical\" href=\"https:\/\/wp.kristdemokraterna.se\/ydre\/2015-04-21-leve-familjen\/\" \/>\n<meta property=\"og:locale\" content=\"sv_SE\" \/>\n<meta property=\"og:type\" content=\"article\" \/>\n<meta property=\"og:title\" content=\"2015-04-21 Leve familjen! - Kristdemokraterna i Ydre\" \/>\n<meta property=\"og:description\" content=\"T\u00e4nk att det har funnits romantiker som dr\u00f6mt om den gamla &#8221;goda&#8221; urtiden n\u00e4r det inte fanns n\u00e5got samh\u00e4lle, n\u00e5gra myndigheter eller skatter. Man talade om &#8221;den \u00e4dle vilden&#8221;. Det l\u00e5ter ju underbart. Men, som Bibeln p\u00e5pekar, fanns det ingen som kunde st\u00e4lla Kain till svars f\u00f6r att han slagit ihj\u00e4l sin bror. S\u00e5 de L\u00e4s mer\" \/>\n<meta property=\"og:url\" content=\"https:\/\/wp.kristdemokraterna.se\/ydre\/2015-04-21-leve-familjen\/\" \/>\n<meta property=\"og:site_name\" content=\"Kristdemokraterna i Ydre\" \/>\n<meta property=\"article:modified_time\" content=\"2018-08-11T14:20:20+00:00\" \/>\n<meta property=\"og:image\" content=\"http:\/\/ydrebo.se\/kd\/barn.JPG\" \/>\n<meta name=\"twitter:card\" content=\"summary_large_image\" \/>\n<meta name=\"twitter:label1\" content=\"Ber\u00e4knad l\u00e4stid\" \/>\n\t<meta name=\"twitter:data1\" content=\"1 minut\" \/>\n<script type=\"application\/ld+json\" class=\"yoast-schema-graph\">{\"@context\":\"https:\\\/\\\/schema.org\",\"@graph\":[{\"@type\":\"WebPage\",\"@id\":\"https:\\\/\\\/wp.kristdemokraterna.se\\\/ydre\\\/2015-04-21-leve-familjen\\\/\",\"url\":\"https:\\\/\\\/wp.kristdemokraterna.se\\\/ydre\\\/2015-04-21-leve-familjen\\\/\",\"name\":\"2015-04-21 Leve familjen! - Kristdemokraterna i Ydre\",\"isPartOf\":{\"@id\":\"https:\\\/\\\/wp.kristdemokraterna.se\\\/ydre\\\/#website\"},\"primaryImageOfPage\":{\"@id\":\"https:\\\/\\\/wp.kristdemokraterna.se\\\/ydre\\\/2015-04-21-leve-familjen\\\/#primaryimage\"},\"image\":{\"@id\":\"https:\\\/\\\/wp.kristdemokraterna.se\\\/ydre\\\/2015-04-21-leve-familjen\\\/#primaryimage\"},\"thumbnailUrl\":\"http:\\\/\\\/ydrebo.se\\\/kd\\\/barn.JPG\",\"datePublished\":\"2018-08-11T14:19:11+00:00\",\"dateModified\":\"2018-08-11T14:20:20+00:00\",\"breadcrumb\":{\"@id\":\"https:\\\/\\\/wp.kristdemokraterna.se\\\/ydre\\\/2015-04-21-leve-familjen\\\/#breadcrumb\"},\"inLanguage\":\"sv-SE\",\"potentialAction\":[{\"@type\":\"ReadAction\",\"target\":[\"https:\\\/\\\/wp.kristdemokraterna.se\\\/ydre\\\/2015-04-21-leve-familjen\\\/\"]}]},{\"@type\":\"ImageObject\",\"inLanguage\":\"sv-SE\",\"@id\":\"https:\\\/\\\/wp.kristdemokraterna.se\\\/ydre\\\/2015-04-21-leve-familjen\\\/#primaryimage\",\"url\":\"http:\\\/\\\/ydrebo.se\\\/kd\\\/barn.JPG\",\"contentUrl\":\"http:\\\/\\\/ydrebo.se\\\/kd\\\/barn.JPG\"},{\"@type\":\"BreadcrumbList\",\"@id\":\"https:\\\/\\\/wp.kristdemokraterna.se\\\/ydre\\\/2015-04-21-leve-familjen\\\/#breadcrumb\",\"itemListElement\":[{\"@type\":\"ListItem\",\"position\":1,\"name\":\"Hem\",\"item\":\"https:\\\/\\\/wp.kristdemokraterna.se\\\/ydre\\\/\"},{\"@type\":\"ListItem\",\"position\":2,\"name\":\"2015-04-21 Leve familjen!\"}]},{\"@type\":\"WebSite\",\"@id\":\"https:\\\/\\\/wp.kristdemokraterna.se\\\/ydre\\\/#website\",\"url\":\"https:\\\/\\\/wp.kristdemokraterna.se\\\/ydre\\\/\",\"name\":\"Kristdemokraterna i Ydre\",\"description\":\"En till Kristdemokraterna webbplats\",\"inLanguage\":\"sv-SE\"}]}<\/script>\n<!-- \/ Yoast SEO plugin. -->","yoast_head_json":{"title":"2015-04-21 Leve familjen! - Kristdemokraterna i Ydre","robots":{"index":"index","follow":"follow","max-snippet":"max-snippet:-1","max-image-preview":"max-image-preview:large","max-video-preview":"max-video-preview:-1"},"canonical":"https:\/\/wp.kristdemokraterna.se\/ydre\/2015-04-21-leve-familjen\/","og_locale":"sv_SE","og_type":"article","og_title":"2015-04-21 Leve familjen! - Kristdemokraterna i Ydre","og_description":"T\u00e4nk att det har funnits romantiker som dr\u00f6mt om den gamla &#8221;goda&#8221; urtiden n\u00e4r det inte fanns n\u00e5got samh\u00e4lle, n\u00e5gra myndigheter eller skatter. Man talade om &#8221;den \u00e4dle vilden&#8221;. Det l\u00e5ter ju underbart. Men, som Bibeln p\u00e5pekar, fanns det ingen som kunde st\u00e4lla Kain till svars f\u00f6r att han slagit ihj\u00e4l sin bror. S\u00e5 de L\u00e4s mer","og_url":"https:\/\/wp.kristdemokraterna.se\/ydre\/2015-04-21-leve-familjen\/","og_site_name":"Kristdemokraterna i Ydre","article_modified_time":"2018-08-11T14:20:20+00:00","og_image":[{"url":"http:\/\/ydrebo.se\/kd\/barn.JPG","type":"","width":"","height":""}],"twitter_card":"summary_large_image","twitter_misc":{"Ber\u00e4knad l\u00e4stid":"1 minut"},"schema":{"@context":"https:\/\/schema.org","@graph":[{"@type":"WebPage","@id":"https:\/\/wp.kristdemokraterna.se\/ydre\/2015-04-21-leve-familjen\/","url":"https:\/\/wp.kristdemokraterna.se\/ydre\/2015-04-21-leve-familjen\/","name":"2015-04-21 Leve familjen! - Kristdemokraterna i Ydre","isPartOf":{"@id":"https:\/\/wp.kristdemokraterna.se\/ydre\/#website"},"primaryImageOfPage":{"@id":"https:\/\/wp.kristdemokraterna.se\/ydre\/2015-04-21-leve-familjen\/#primaryimage"},"image":{"@id":"https:\/\/wp.kristdemokraterna.se\/ydre\/2015-04-21-leve-familjen\/#primaryimage"},"thumbnailUrl":"http:\/\/ydrebo.se\/kd\/barn.JPG","datePublished":"2018-08-11T14:19:11+00:00","dateModified":"2018-08-11T14:20:20+00:00","breadcrumb":{"@id":"https:\/\/wp.kristdemokraterna.se\/ydre\/2015-04-21-leve-familjen\/#breadcrumb"},"inLanguage":"sv-SE","potentialAction":[{"@type":"ReadAction","target":["https:\/\/wp.kristdemokraterna.se\/ydre\/2015-04-21-leve-familjen\/"]}]},{"@type":"ImageObject","inLanguage":"sv-SE","@id":"https:\/\/wp.kristdemokraterna.se\/ydre\/2015-04-21-leve-familjen\/#primaryimage","url":"http:\/\/ydrebo.se\/kd\/barn.JPG","contentUrl":"http:\/\/ydrebo.se\/kd\/barn.JPG"},{"@type":"BreadcrumbList","@id":"https:\/\/wp.kristdemokraterna.se\/ydre\/2015-04-21-leve-familjen\/#breadcrumb","itemListElement":[{"@type":"ListItem","position":1,"name":"Hem","item":"https:\/\/wp.kristdemokraterna.se\/ydre\/"},{"@type":"ListItem","position":2,"name":"2015-04-21 Leve familjen!"}]},{"@type":"WebSite","@id":"https:\/\/wp.kristdemokraterna.se\/ydre\/#website","url":"https:\/\/wp.kristdemokraterna.se\/ydre\/","name":"Kristdemokraterna i Ydre","description":"En till Kristdemokraterna webbplats","inLanguage":"sv-SE"}]}},"_links":{"self":[{"href":"https:\/\/wp.kristdemokraterna.se\/ydre\/wp-json\/wp\/v2\/pages\/1438","targetHints":{"allow":["GET"]}}],"collection":[{"href":"https:\/\/wp.kristdemokraterna.se\/ydre\/wp-json\/wp\/v2\/pages"}],"about":[{"href":"https:\/\/wp.kristdemokraterna.se\/ydre\/wp-json\/wp\/v2\/types\/page"}],"author":[{"embeddable":true,"href":"https:\/\/wp.kristdemokraterna.se\/ydre\/wp-json\/wp\/v2\/users\/793"}],"replies":[{"embeddable":true,"href":"https:\/\/wp.kristdemokraterna.se\/ydre\/wp-json\/wp\/v2\/comments?post=1438"}],"version-history":[{"count":3,"href":"https:\/\/wp.kristdemokraterna.se\/ydre\/wp-json\/wp\/v2\/pages\/1438\/revisions"}],"predecessor-version":[{"id":1441,"href":"https:\/\/wp.kristdemokraterna.se\/ydre\/wp-json\/wp\/v2\/pages\/1438\/revisions\/1441"}],"wp:attachment":[{"href":"https:\/\/wp.kristdemokraterna.se\/ydre\/wp-json\/wp\/v2\/media?parent=1438"}],"curies":[{"name":"wp","href":"https:\/\/api.w.org\/{rel}","templated":true}]}}