{"id":1443,"date":"2018-08-11T16:22:06","date_gmt":"2018-08-11T14:22:06","guid":{"rendered":"http:\/\/wp.kristdemokraterna.se\/ydre\/?page_id=1443"},"modified":"2018-08-11T16:28:52","modified_gmt":"2018-08-11T14:28:52","slug":"politiska-svarord","status":"publish","type":"page","link":"https:\/\/wp.kristdemokraterna.se\/ydre\/politiska-svarord\/","title":{"rendered":"2015-04-28 Politiska sv\u00e4rord"},"content":{"rendered":"<p>Jag trodde knappt det fanns s\u00e5dana men i g\u00e5r och i dag har jag h\u00f6rt ett par uttryck som nog b\u00f6r betecknas p\u00e5 det viset.<br \/>\nEtt s\u00e5dant ord \u00e4r\u00a0<i>skattemedel<\/i>. Om det finns ett projekt som man ogillar kan man s\u00e4ga att det kostar\u00a0<i>skattemedel<\/i>. I dag har jag talat med ett kommunalr\u00e5d i Mellansverige. Fr\u00e5gan var om ett visst projekt b\u00f6r f\u00e5 kommunalt st\u00f6d. Kommunalr\u00e5det var ursinnigt vid tanken p\u00e5 att just skattemedel skulle f\u00e5 g\u00e5 till det syftet. Det var inte bara jag som h\u00f6ll i telefonluren som h\u00f6rde vad som sades. Efter\u00e5t fick jag veta att tonfallet hade h\u00f6rts l\u00e5ngt ut i rummet. T\u00e4nk att n\u00e5gon kunde f\u00f6resl\u00e5 anv\u00e4ndning av\u00a0<i>skattemedel!<\/i>\u00a0Den som f\u00f6resl\u00e5r n\u00e5got s\u00e5dant spelar tydligen i samma division som m\u00e4nniskosmugglarna i Medelhavet&#8230;<br \/>\nYdres kommunpolitiker \u00e4r inte alltid \u00f6verens (det m\u00e4rktes p\u00e5 kommunfullm\u00e4ktiges sammantr\u00e4de i g\u00e5r kv\u00e4ll). Men som ydrebor brukar vi anv\u00e4nda ett hyfsat och anst\u00e4ndigt tonl\u00e4ge n\u00e4r vi talar.<br \/>\nFast ocks\u00e5 i Ydre finns det de som anv\u00e4nder fula ord. Ett exempel \u00e4r uttrycket\u00a0<i>inte hos oss<\/i>. P\u00e5 kommunstyrelsens sammantr\u00e4de i g\u00e5r l\u00e4ste kommunchefen upp ett brev fr\u00e5n 14 personer som protesterar mot planerna att k\u00f6pa ett hus f\u00f6r fler platser \u00e5t ensamkommande flyktingbarn. Det finns n\u00e4mligen ett t\u00e4nkbart hus till salu. Brevskrivarna f\u00f6rklarade att barnen utg\u00f6r en fara. Visst b\u00f6r de tas om hand.\u00a0<i>Men inte hos oss!<\/i><br \/>\nNu kommer det h\u00e4r huset inte att r\u00e4cka. Vi m\u00e5ste kanske bygga ett hus ocks\u00e5. Sj\u00e4lv bor jag granne med \u00e5tskilliga invandrare och snett \u00f6ver gatan bor ensamkommande flyktingbarn. Utifr\u00e5n mina erfarenheter kunde jag i kommunstyrelsen inte s\u00e4ga annat \u00e4n:\u00a0<i>Bygg p\u00e5 Ydregatan f\u00f6r d\u00e4r bor jag!<\/i><\/p>\n<p><img loading=\"lazy\" decoding=\"async\" src=\"http:\/\/ydrebo.se\/kd\/veckobrev\/kronika140801\/peking.JPG\" width=\"628\" height=\"631\" \/><br \/>\n<i>Somliga som kommer hit har sett vapen f\u00f6r ofta. De beh\u00f6ver professionell hj\u00e4lp.<br \/>\nL\u00e5t oss se till att de f\u00e5r den. Hos oss.<\/i><\/p>\n<p><i>Bengt Malm, ordf.<br \/>\n28 april 2015<\/i><\/p>\n","protected":false},"excerpt":{"rendered":"<p>Jag trodde knappt det fanns s\u00e5dana men i g\u00e5r och i dag har jag h\u00f6rt ett par uttryck som nog b\u00f6r betecknas p\u00e5 det viset. Ett s\u00e5dant ord \u00e4r\u00a0skattemedel. Om det finns ett projekt som man ogillar kan man s\u00e4ga att det kostar\u00a0skattemedel. I dag har jag talat med ett kommunalr\u00e5d i Mellansverige. Fr\u00e5gan var <a class=\"read-more-link\" href=\"https:\/\/wp.kristdemokraterna.se\/ydre\/politiska-svarord\/\">L\u00e4s mer<\/a><\/p>\n","protected":false},"author":793,"featured_media":0,"parent":0,"menu_order":0,"comment_status":"closed","ping_status":"closed","template":"","meta":{"_acf_changed":false,"footnotes":""},"class_list":["post-1443","page","type-page","status-publish","hentry"],"acf":[],"yoast_head":"<!-- This site is optimized with the Yoast SEO plugin v27.5 - https:\/\/yoast.com\/product\/yoast-seo-wordpress\/ -->\n<title>2015-04-28 Politiska sv\u00e4rord - Kristdemokraterna i Ydre<\/title>\n<meta name=\"robots\" content=\"index, follow, max-snippet:-1, max-image-preview:large, max-video-preview:-1\" \/>\n<link rel=\"canonical\" href=\"https:\/\/wp.kristdemokraterna.se\/ydre\/politiska-svarord\/\" \/>\n<meta property=\"og:locale\" content=\"sv_SE\" \/>\n<meta property=\"og:type\" content=\"article\" \/>\n<meta property=\"og:title\" content=\"2015-04-28 Politiska sv\u00e4rord - Kristdemokraterna i Ydre\" \/>\n<meta property=\"og:description\" content=\"Jag trodde knappt det fanns s\u00e5dana men i g\u00e5r och i dag har jag h\u00f6rt ett par uttryck som nog b\u00f6r betecknas p\u00e5 det viset. Ett s\u00e5dant ord \u00e4r\u00a0skattemedel. Om det finns ett projekt som man ogillar kan man s\u00e4ga att det kostar\u00a0skattemedel. I dag har jag talat med ett kommunalr\u00e5d i Mellansverige. Fr\u00e5gan var L\u00e4s mer\" \/>\n<meta property=\"og:url\" content=\"https:\/\/wp.kristdemokraterna.se\/ydre\/politiska-svarord\/\" \/>\n<meta property=\"og:site_name\" content=\"Kristdemokraterna i Ydre\" \/>\n<meta property=\"article:modified_time\" content=\"2018-08-11T14:28:52+00:00\" \/>\n<meta property=\"og:image\" content=\"http:\/\/ydrebo.se\/kd\/veckobrev\/kronika140801\/peking.JPG\" \/>\n<meta name=\"twitter:card\" content=\"summary_large_image\" \/>\n<meta name=\"twitter:label1\" content=\"Ber\u00e4knad l\u00e4stid\" \/>\n\t<meta name=\"twitter:data1\" content=\"2 minuter\" \/>\n<script type=\"application\/ld+json\" class=\"yoast-schema-graph\">{\"@context\":\"https:\\\/\\\/schema.org\",\"@graph\":[{\"@type\":\"WebPage\",\"@id\":\"https:\\\/\\\/wp.kristdemokraterna.se\\\/ydre\\\/politiska-svarord\\\/\",\"url\":\"https:\\\/\\\/wp.kristdemokraterna.se\\\/ydre\\\/politiska-svarord\\\/\",\"name\":\"2015-04-28 Politiska sv\u00e4rord - Kristdemokraterna i Ydre\",\"isPartOf\":{\"@id\":\"https:\\\/\\\/wp.kristdemokraterna.se\\\/ydre\\\/#website\"},\"primaryImageOfPage\":{\"@id\":\"https:\\\/\\\/wp.kristdemokraterna.se\\\/ydre\\\/politiska-svarord\\\/#primaryimage\"},\"image\":{\"@id\":\"https:\\\/\\\/wp.kristdemokraterna.se\\\/ydre\\\/politiska-svarord\\\/#primaryimage\"},\"thumbnailUrl\":\"http:\\\/\\\/ydrebo.se\\\/kd\\\/veckobrev\\\/kronika140801\\\/peking.JPG\",\"datePublished\":\"2018-08-11T14:22:06+00:00\",\"dateModified\":\"2018-08-11T14:28:52+00:00\",\"breadcrumb\":{\"@id\":\"https:\\\/\\\/wp.kristdemokraterna.se\\\/ydre\\\/politiska-svarord\\\/#breadcrumb\"},\"inLanguage\":\"sv-SE\",\"potentialAction\":[{\"@type\":\"ReadAction\",\"target\":[\"https:\\\/\\\/wp.kristdemokraterna.se\\\/ydre\\\/politiska-svarord\\\/\"]}]},{\"@type\":\"ImageObject\",\"inLanguage\":\"sv-SE\",\"@id\":\"https:\\\/\\\/wp.kristdemokraterna.se\\\/ydre\\\/politiska-svarord\\\/#primaryimage\",\"url\":\"http:\\\/\\\/ydrebo.se\\\/kd\\\/veckobrev\\\/kronika140801\\\/peking.JPG\",\"contentUrl\":\"http:\\\/\\\/ydrebo.se\\\/kd\\\/veckobrev\\\/kronika140801\\\/peking.JPG\"},{\"@type\":\"BreadcrumbList\",\"@id\":\"https:\\\/\\\/wp.kristdemokraterna.se\\\/ydre\\\/politiska-svarord\\\/#breadcrumb\",\"itemListElement\":[{\"@type\":\"ListItem\",\"position\":1,\"name\":\"Hem\",\"item\":\"https:\\\/\\\/wp.kristdemokraterna.se\\\/ydre\\\/\"},{\"@type\":\"ListItem\",\"position\":2,\"name\":\"2015-04-28 Politiska sv\u00e4rord\"}]},{\"@type\":\"WebSite\",\"@id\":\"https:\\\/\\\/wp.kristdemokraterna.se\\\/ydre\\\/#website\",\"url\":\"https:\\\/\\\/wp.kristdemokraterna.se\\\/ydre\\\/\",\"name\":\"Kristdemokraterna i Ydre\",\"description\":\"En till Kristdemokraterna webbplats\",\"inLanguage\":\"sv-SE\"}]}<\/script>\n<!-- \/ Yoast SEO plugin. -->","yoast_head_json":{"title":"2015-04-28 Politiska sv\u00e4rord - Kristdemokraterna i Ydre","robots":{"index":"index","follow":"follow","max-snippet":"max-snippet:-1","max-image-preview":"max-image-preview:large","max-video-preview":"max-video-preview:-1"},"canonical":"https:\/\/wp.kristdemokraterna.se\/ydre\/politiska-svarord\/","og_locale":"sv_SE","og_type":"article","og_title":"2015-04-28 Politiska sv\u00e4rord - Kristdemokraterna i Ydre","og_description":"Jag trodde knappt det fanns s\u00e5dana men i g\u00e5r och i dag har jag h\u00f6rt ett par uttryck som nog b\u00f6r betecknas p\u00e5 det viset. Ett s\u00e5dant ord \u00e4r\u00a0skattemedel. Om det finns ett projekt som man ogillar kan man s\u00e4ga att det kostar\u00a0skattemedel. I dag har jag talat med ett kommunalr\u00e5d i Mellansverige. Fr\u00e5gan var L\u00e4s mer","og_url":"https:\/\/wp.kristdemokraterna.se\/ydre\/politiska-svarord\/","og_site_name":"Kristdemokraterna i Ydre","article_modified_time":"2018-08-11T14:28:52+00:00","og_image":[{"url":"http:\/\/ydrebo.se\/kd\/veckobrev\/kronika140801\/peking.JPG","type":"","width":"","height":""}],"twitter_card":"summary_large_image","twitter_misc":{"Ber\u00e4knad l\u00e4stid":"2 minuter"},"schema":{"@context":"https:\/\/schema.org","@graph":[{"@type":"WebPage","@id":"https:\/\/wp.kristdemokraterna.se\/ydre\/politiska-svarord\/","url":"https:\/\/wp.kristdemokraterna.se\/ydre\/politiska-svarord\/","name":"2015-04-28 Politiska sv\u00e4rord - Kristdemokraterna i Ydre","isPartOf":{"@id":"https:\/\/wp.kristdemokraterna.se\/ydre\/#website"},"primaryImageOfPage":{"@id":"https:\/\/wp.kristdemokraterna.se\/ydre\/politiska-svarord\/#primaryimage"},"image":{"@id":"https:\/\/wp.kristdemokraterna.se\/ydre\/politiska-svarord\/#primaryimage"},"thumbnailUrl":"http:\/\/ydrebo.se\/kd\/veckobrev\/kronika140801\/peking.JPG","datePublished":"2018-08-11T14:22:06+00:00","dateModified":"2018-08-11T14:28:52+00:00","breadcrumb":{"@id":"https:\/\/wp.kristdemokraterna.se\/ydre\/politiska-svarord\/#breadcrumb"},"inLanguage":"sv-SE","potentialAction":[{"@type":"ReadAction","target":["https:\/\/wp.kristdemokraterna.se\/ydre\/politiska-svarord\/"]}]},{"@type":"ImageObject","inLanguage":"sv-SE","@id":"https:\/\/wp.kristdemokraterna.se\/ydre\/politiska-svarord\/#primaryimage","url":"http:\/\/ydrebo.se\/kd\/veckobrev\/kronika140801\/peking.JPG","contentUrl":"http:\/\/ydrebo.se\/kd\/veckobrev\/kronika140801\/peking.JPG"},{"@type":"BreadcrumbList","@id":"https:\/\/wp.kristdemokraterna.se\/ydre\/politiska-svarord\/#breadcrumb","itemListElement":[{"@type":"ListItem","position":1,"name":"Hem","item":"https:\/\/wp.kristdemokraterna.se\/ydre\/"},{"@type":"ListItem","position":2,"name":"2015-04-28 Politiska sv\u00e4rord"}]},{"@type":"WebSite","@id":"https:\/\/wp.kristdemokraterna.se\/ydre\/#website","url":"https:\/\/wp.kristdemokraterna.se\/ydre\/","name":"Kristdemokraterna i Ydre","description":"En till Kristdemokraterna webbplats","inLanguage":"sv-SE"}]}},"_links":{"self":[{"href":"https:\/\/wp.kristdemokraterna.se\/ydre\/wp-json\/wp\/v2\/pages\/1443","targetHints":{"allow":["GET"]}}],"collection":[{"href":"https:\/\/wp.kristdemokraterna.se\/ydre\/wp-json\/wp\/v2\/pages"}],"about":[{"href":"https:\/\/wp.kristdemokraterna.se\/ydre\/wp-json\/wp\/v2\/types\/page"}],"author":[{"embeddable":true,"href":"https:\/\/wp.kristdemokraterna.se\/ydre\/wp-json\/wp\/v2\/users\/793"}],"replies":[{"embeddable":true,"href":"https:\/\/wp.kristdemokraterna.se\/ydre\/wp-json\/wp\/v2\/comments?post=1443"}],"version-history":[{"count":4,"href":"https:\/\/wp.kristdemokraterna.se\/ydre\/wp-json\/wp\/v2\/pages\/1443\/revisions"}],"predecessor-version":[{"id":1449,"href":"https:\/\/wp.kristdemokraterna.se\/ydre\/wp-json\/wp\/v2\/pages\/1443\/revisions\/1449"}],"wp:attachment":[{"href":"https:\/\/wp.kristdemokraterna.se\/ydre\/wp-json\/wp\/v2\/media?parent=1443"}],"curies":[{"name":"wp","href":"https:\/\/api.w.org\/{rel}","templated":true}]}}