{"id":1450,"date":"2018-08-11T16:31:05","date_gmt":"2018-08-11T14:31:05","guid":{"rendered":"http:\/\/wp.kristdemokraterna.se\/ydre\/?page_id=1450"},"modified":"2018-08-11T16:50:05","modified_gmt":"2018-08-11T14:50:05","slug":"2015-05-06-kulturens-ydre","status":"publish","type":"page","link":"https:\/\/wp.kristdemokraterna.se\/ydre\/2015-05-06-kulturens-ydre\/","title":{"rendered":"2015-05-06 Kulturens Ydre"},"content":{"rendered":"<p>I Lund finns en inr\u00e4ttning som i dagligt tal kallas Kulturen. Det \u00e4r ett slags sydligt Skansen. Dit h\u00f6r ocks\u00e5 en del anl\u00e4ggningar som inte ligger i staden, t.ex.\u00a0Kulturens \u00d6starp.<a><br \/>\nOcks\u00e5 Ydre har kultur. Alla vet att v\u00e5ra f\u00f6rf\u00e4der hade skapat en kulturbygd h\u00e4r medan Link\u00f6ping och Stockholm \u00e4nnu l\u00e5g p\u00e5 havets botten. H\u00e4r kan man se\u00a0<\/a>odlingslandskapet i S\u00f6dra Br\u00e5ta<b>.<\/b>\u00a0M\u00e5nga bes\u00f6ker\u00a0<a href=\"http:\/\/wp.kristdemokraterna.se\/ydre\/smedstorps-dubbelgard-den-6-augusti-2009-2\/\"><b>Smedstorps dubbelg\u00e5rd<\/b><\/a><a>\u00a0eller\u00a0<\/a><b><a href=\"http:\/\/wp.kristdemokraterna.se\/ydre\/raas-kvarn-i-ydre-den-6-augusti-2009-2\/\">R\u00e5\u00e5s kvarn<\/a>.<\/b>\u00a0Och i sommar kommer\u00a0<b><a href=\"http:\/\/wp.kristdemokraterna.se\/ydre\/osterfors-smedja-vid-osterbymo-i-ydre\/\">\u00d6sterfors smedj<\/a>a<\/b>\u00a0att vara verksam igen.<\/p>\n<p><img loading=\"lazy\" decoding=\"async\" src=\"http:\/\/ydrebo.se\/ydre\/smedjan\/osterfors_smedja6.JPG\" width=\"600\" height=\"459\" \/><br \/>\n<i>Ydre \u00e4r en levande kulturbygd<\/i><\/p>\n<p>Det finns s\u00e5 m\u00e5nga fina milj\u00f6er runt om Ydre. H\u00e4r finns kyrkbyarna, hembygdsg\u00e5rdarna och det levande lantbruket.<\/p>\n<p><img loading=\"lazy\" decoding=\"async\" src=\"http:\/\/ydrebo.se\/kd\/veckobrev2015\/hage.jpg\" width=\"600\" height=\"461\" \/><br \/>\n<i>\u00d6sterby g\u00e5rd<\/i><\/p>\n<p>Vi skall var r\u00e4dda om v\u00e5r kultur, framf\u00f6r allt f\u00f6r v\u00e5r egen skull. Men det \u00e4r ocks\u00e5 den som bes\u00f6kare vill se. Och d\u00e4rf\u00f6r \u00e4r den livsviktig f\u00f6r kommunens framtid.<\/p>\n<p><img loading=\"lazy\" decoding=\"async\" src=\"http:\/\/ydrebo.se\/kd\/veckobrev2015\/bulsjoan.JPG\" width=\"600\" height=\"459\" \/><br \/>\n<i>Kulturen \u00e4r inb\u00e4ddad i v\u00e5r underbara natur som h\u00e4r vid Bulsj\u00f6.<\/i><\/p>\n<p><i>Bengt Malm, ordf.<br \/>\n6 maj 2015<\/i><\/p>\n<p>P.S. Kommunstyrelsen beslutade den 4 maj enh\u00e4lligt att inte riva i \u00d6sterbymos centrum f\u00f6r att bygga ett nytt kulturhus. Vi kommer inte att f\u00e5 en f\u00f6rminskad upplaga av Sergels torg.<\/p>\n","protected":false},"excerpt":{"rendered":"<p>I Lund finns en inr\u00e4ttning som i dagligt tal kallas Kulturen. Det \u00e4r ett slags sydligt Skansen. Dit h\u00f6r ocks\u00e5 en del anl\u00e4ggningar som inte ligger i staden, t.ex.\u00a0Kulturens \u00d6starp. Ocks\u00e5 Ydre har kultur. Alla vet att v\u00e5ra f\u00f6rf\u00e4der hade skapat en kulturbygd h\u00e4r medan Link\u00f6ping och Stockholm \u00e4nnu l\u00e5g p\u00e5 havets botten. H\u00e4r kan <a class=\"read-more-link\" href=\"https:\/\/wp.kristdemokraterna.se\/ydre\/2015-05-06-kulturens-ydre\/\">L\u00e4s mer<\/a><\/p>\n","protected":false},"author":793,"featured_media":0,"parent":0,"menu_order":0,"comment_status":"closed","ping_status":"closed","template":"","meta":{"_acf_changed":false,"footnotes":""},"class_list":["post-1450","page","type-page","status-publish","hentry"],"acf":[],"yoast_head":"<!-- This site is optimized with the Yoast SEO plugin v27.5 - https:\/\/yoast.com\/product\/yoast-seo-wordpress\/ -->\n<title>2015-05-06 Kulturens Ydre - Kristdemokraterna i Ydre<\/title>\n<meta name=\"robots\" content=\"index, follow, max-snippet:-1, max-image-preview:large, max-video-preview:-1\" \/>\n<link rel=\"canonical\" href=\"https:\/\/wp.kristdemokraterna.se\/ydre\/2015-05-06-kulturens-ydre\/\" \/>\n<meta property=\"og:locale\" content=\"sv_SE\" \/>\n<meta property=\"og:type\" content=\"article\" \/>\n<meta property=\"og:title\" content=\"2015-05-06 Kulturens Ydre - Kristdemokraterna i Ydre\" \/>\n<meta property=\"og:description\" content=\"I Lund finns en inr\u00e4ttning som i dagligt tal kallas Kulturen. Det \u00e4r ett slags sydligt Skansen. Dit h\u00f6r ocks\u00e5 en del anl\u00e4ggningar som inte ligger i staden, t.ex.\u00a0Kulturens \u00d6starp. Ocks\u00e5 Ydre har kultur. Alla vet att v\u00e5ra f\u00f6rf\u00e4der hade skapat en kulturbygd h\u00e4r medan Link\u00f6ping och Stockholm \u00e4nnu l\u00e5g p\u00e5 havets botten. H\u00e4r kan L\u00e4s mer\" \/>\n<meta property=\"og:url\" content=\"https:\/\/wp.kristdemokraterna.se\/ydre\/2015-05-06-kulturens-ydre\/\" \/>\n<meta property=\"og:site_name\" content=\"Kristdemokraterna i Ydre\" \/>\n<meta property=\"article:modified_time\" content=\"2018-08-11T14:50:05+00:00\" \/>\n<meta property=\"og:image\" content=\"http:\/\/ydrebo.se\/ydre\/smedjan\/osterfors_smedja6.JPG\" \/>\n<meta name=\"twitter:card\" content=\"summary_large_image\" \/>\n<meta name=\"twitter:label1\" content=\"Ber\u00e4knad l\u00e4stid\" \/>\n\t<meta name=\"twitter:data1\" content=\"1 minut\" \/>\n<script type=\"application\/ld+json\" class=\"yoast-schema-graph\">{\"@context\":\"https:\\\/\\\/schema.org\",\"@graph\":[{\"@type\":\"WebPage\",\"@id\":\"https:\\\/\\\/wp.kristdemokraterna.se\\\/ydre\\\/2015-05-06-kulturens-ydre\\\/\",\"url\":\"https:\\\/\\\/wp.kristdemokraterna.se\\\/ydre\\\/2015-05-06-kulturens-ydre\\\/\",\"name\":\"2015-05-06 Kulturens Ydre - Kristdemokraterna i Ydre\",\"isPartOf\":{\"@id\":\"https:\\\/\\\/wp.kristdemokraterna.se\\\/ydre\\\/#website\"},\"primaryImageOfPage\":{\"@id\":\"https:\\\/\\\/wp.kristdemokraterna.se\\\/ydre\\\/2015-05-06-kulturens-ydre\\\/#primaryimage\"},\"image\":{\"@id\":\"https:\\\/\\\/wp.kristdemokraterna.se\\\/ydre\\\/2015-05-06-kulturens-ydre\\\/#primaryimage\"},\"thumbnailUrl\":\"http:\\\/\\\/ydrebo.se\\\/ydre\\\/smedjan\\\/osterfors_smedja6.JPG\",\"datePublished\":\"2018-08-11T14:31:05+00:00\",\"dateModified\":\"2018-08-11T14:50:05+00:00\",\"breadcrumb\":{\"@id\":\"https:\\\/\\\/wp.kristdemokraterna.se\\\/ydre\\\/2015-05-06-kulturens-ydre\\\/#breadcrumb\"},\"inLanguage\":\"sv-SE\",\"potentialAction\":[{\"@type\":\"ReadAction\",\"target\":[\"https:\\\/\\\/wp.kristdemokraterna.se\\\/ydre\\\/2015-05-06-kulturens-ydre\\\/\"]}]},{\"@type\":\"ImageObject\",\"inLanguage\":\"sv-SE\",\"@id\":\"https:\\\/\\\/wp.kristdemokraterna.se\\\/ydre\\\/2015-05-06-kulturens-ydre\\\/#primaryimage\",\"url\":\"http:\\\/\\\/ydrebo.se\\\/ydre\\\/smedjan\\\/osterfors_smedja6.JPG\",\"contentUrl\":\"http:\\\/\\\/ydrebo.se\\\/ydre\\\/smedjan\\\/osterfors_smedja6.JPG\"},{\"@type\":\"BreadcrumbList\",\"@id\":\"https:\\\/\\\/wp.kristdemokraterna.se\\\/ydre\\\/2015-05-06-kulturens-ydre\\\/#breadcrumb\",\"itemListElement\":[{\"@type\":\"ListItem\",\"position\":1,\"name\":\"Hem\",\"item\":\"https:\\\/\\\/wp.kristdemokraterna.se\\\/ydre\\\/\"},{\"@type\":\"ListItem\",\"position\":2,\"name\":\"2015-05-06 Kulturens Ydre\"}]},{\"@type\":\"WebSite\",\"@id\":\"https:\\\/\\\/wp.kristdemokraterna.se\\\/ydre\\\/#website\",\"url\":\"https:\\\/\\\/wp.kristdemokraterna.se\\\/ydre\\\/\",\"name\":\"Kristdemokraterna i Ydre\",\"description\":\"En till Kristdemokraterna webbplats\",\"inLanguage\":\"sv-SE\"}]}<\/script>\n<!-- \/ Yoast SEO plugin. -->","yoast_head_json":{"title":"2015-05-06 Kulturens Ydre - Kristdemokraterna i Ydre","robots":{"index":"index","follow":"follow","max-snippet":"max-snippet:-1","max-image-preview":"max-image-preview:large","max-video-preview":"max-video-preview:-1"},"canonical":"https:\/\/wp.kristdemokraterna.se\/ydre\/2015-05-06-kulturens-ydre\/","og_locale":"sv_SE","og_type":"article","og_title":"2015-05-06 Kulturens Ydre - Kristdemokraterna i Ydre","og_description":"I Lund finns en inr\u00e4ttning som i dagligt tal kallas Kulturen. Det \u00e4r ett slags sydligt Skansen. Dit h\u00f6r ocks\u00e5 en del anl\u00e4ggningar som inte ligger i staden, t.ex.\u00a0Kulturens \u00d6starp. Ocks\u00e5 Ydre har kultur. Alla vet att v\u00e5ra f\u00f6rf\u00e4der hade skapat en kulturbygd h\u00e4r medan Link\u00f6ping och Stockholm \u00e4nnu l\u00e5g p\u00e5 havets botten. H\u00e4r kan L\u00e4s mer","og_url":"https:\/\/wp.kristdemokraterna.se\/ydre\/2015-05-06-kulturens-ydre\/","og_site_name":"Kristdemokraterna i Ydre","article_modified_time":"2018-08-11T14:50:05+00:00","og_image":[{"url":"http:\/\/ydrebo.se\/ydre\/smedjan\/osterfors_smedja6.JPG","type":"","width":"","height":""}],"twitter_card":"summary_large_image","twitter_misc":{"Ber\u00e4knad l\u00e4stid":"1 minut"},"schema":{"@context":"https:\/\/schema.org","@graph":[{"@type":"WebPage","@id":"https:\/\/wp.kristdemokraterna.se\/ydre\/2015-05-06-kulturens-ydre\/","url":"https:\/\/wp.kristdemokraterna.se\/ydre\/2015-05-06-kulturens-ydre\/","name":"2015-05-06 Kulturens Ydre - Kristdemokraterna i Ydre","isPartOf":{"@id":"https:\/\/wp.kristdemokraterna.se\/ydre\/#website"},"primaryImageOfPage":{"@id":"https:\/\/wp.kristdemokraterna.se\/ydre\/2015-05-06-kulturens-ydre\/#primaryimage"},"image":{"@id":"https:\/\/wp.kristdemokraterna.se\/ydre\/2015-05-06-kulturens-ydre\/#primaryimage"},"thumbnailUrl":"http:\/\/ydrebo.se\/ydre\/smedjan\/osterfors_smedja6.JPG","datePublished":"2018-08-11T14:31:05+00:00","dateModified":"2018-08-11T14:50:05+00:00","breadcrumb":{"@id":"https:\/\/wp.kristdemokraterna.se\/ydre\/2015-05-06-kulturens-ydre\/#breadcrumb"},"inLanguage":"sv-SE","potentialAction":[{"@type":"ReadAction","target":["https:\/\/wp.kristdemokraterna.se\/ydre\/2015-05-06-kulturens-ydre\/"]}]},{"@type":"ImageObject","inLanguage":"sv-SE","@id":"https:\/\/wp.kristdemokraterna.se\/ydre\/2015-05-06-kulturens-ydre\/#primaryimage","url":"http:\/\/ydrebo.se\/ydre\/smedjan\/osterfors_smedja6.JPG","contentUrl":"http:\/\/ydrebo.se\/ydre\/smedjan\/osterfors_smedja6.JPG"},{"@type":"BreadcrumbList","@id":"https:\/\/wp.kristdemokraterna.se\/ydre\/2015-05-06-kulturens-ydre\/#breadcrumb","itemListElement":[{"@type":"ListItem","position":1,"name":"Hem","item":"https:\/\/wp.kristdemokraterna.se\/ydre\/"},{"@type":"ListItem","position":2,"name":"2015-05-06 Kulturens Ydre"}]},{"@type":"WebSite","@id":"https:\/\/wp.kristdemokraterna.se\/ydre\/#website","url":"https:\/\/wp.kristdemokraterna.se\/ydre\/","name":"Kristdemokraterna i Ydre","description":"En till Kristdemokraterna webbplats","inLanguage":"sv-SE"}]}},"_links":{"self":[{"href":"https:\/\/wp.kristdemokraterna.se\/ydre\/wp-json\/wp\/v2\/pages\/1450","targetHints":{"allow":["GET"]}}],"collection":[{"href":"https:\/\/wp.kristdemokraterna.se\/ydre\/wp-json\/wp\/v2\/pages"}],"about":[{"href":"https:\/\/wp.kristdemokraterna.se\/ydre\/wp-json\/wp\/v2\/types\/page"}],"author":[{"embeddable":true,"href":"https:\/\/wp.kristdemokraterna.se\/ydre\/wp-json\/wp\/v2\/users\/793"}],"replies":[{"embeddable":true,"href":"https:\/\/wp.kristdemokraterna.se\/ydre\/wp-json\/wp\/v2\/comments?post=1450"}],"version-history":[{"count":9,"href":"https:\/\/wp.kristdemokraterna.se\/ydre\/wp-json\/wp\/v2\/pages\/1450\/revisions"}],"predecessor-version":[{"id":1471,"href":"https:\/\/wp.kristdemokraterna.se\/ydre\/wp-json\/wp\/v2\/pages\/1450\/revisions\/1471"}],"wp:attachment":[{"href":"https:\/\/wp.kristdemokraterna.se\/ydre\/wp-json\/wp\/v2\/media?parent=1450"}],"curies":[{"name":"wp","href":"https:\/\/api.w.org\/{rel}","templated":true}]}}