{"id":1457,"date":"2018-08-11T16:36:10","date_gmt":"2018-08-11T14:36:10","guid":{"rendered":"http:\/\/wp.kristdemokraterna.se\/ydre\/?page_id=1457"},"modified":"2018-08-11T16:36:46","modified_gmt":"2018-08-11T14:36:46","slug":"smedstorps-dubbelgard-den-6-augusti-2009-2","status":"publish","type":"page","link":"https:\/\/wp.kristdemokraterna.se\/ydre\/smedstorps-dubbelgard-den-6-augusti-2009-2\/","title":{"rendered":"Smedstorps dubbelg\u00e5rd den 6 augusti 2009"},"content":{"rendered":"<p><img loading=\"lazy\" decoding=\"async\" src=\"http:\/\/ydrebo.se\/ydre_rundtur\/smedstorp\/smedstorps_dubbelgard2.JPG\" width=\"768\" height=\"576\" \/><br \/>\nMang\u00e5rdsbyggnadens ena gavel.<\/p>\n<p><img loading=\"lazy\" decoding=\"async\" src=\"http:\/\/ydrebo.se\/ydre_rundtur\/smedstorp\/smedstorps_dubbelgard3.JPG\" width=\"768\" height=\"576\" \/><\/p>\n<p>F\u00f6rr\u00e5dsboden \u00e4r mycket gammal.<\/p>\n<p><img loading=\"lazy\" decoding=\"async\" src=\"http:\/\/ydrebo.se\/ydre_rundtur\/smedstorp\/smedstorps_dubbelgard4.JPG\" width=\"768\" height=\"576\" \/><\/p>\n<p>Det h\u00e4r ser ut som bikupor.<\/p>\n<p><img loading=\"lazy\" decoding=\"async\" src=\"http:\/\/ydrebo.se\/ydre_rundtur\/smedstorp\/smedstorps_dubbelgard5.JPG\" width=\"768\" height=\"576\" \/><\/p>\n<p>Man kan se att husen \u00e4r fr\u00e5n olika epoker eftersom taken \u00e4r av olika material.<\/p>\n<p><img loading=\"lazy\" decoding=\"async\" src=\"http:\/\/ydrebo.se\/ydre_rundtur\/smedstorp\/smedstorps_dubbelgard6.JPG\" width=\"768\" height=\"576\" \/><\/p>\n<p>Ekonomibyggnaderna ligger v\u00e4ldigt t\u00e4tt.<\/p>\n<p><img loading=\"lazy\" decoding=\"async\" src=\"http:\/\/ydrebo.se\/ydre_rundtur\/smedstorp\/smedstorps_dubbelgard7.JPG\" width=\"768\" height=\"576\" \/><\/p>\n<p>\u00c4ven kycklingarna hade sitt eget hus.<\/p>\n<p><img loading=\"lazy\" decoding=\"async\" src=\"http:\/\/ydrebo.se\/ydre_rundtur\/smedstorp\/smedstorps_dubbelgard8.JPG\" width=\"768\" height=\"575\" \/><\/p>\n<p>Ungh\u00f6nsen var inte riktigt n\u00f6jda med att bli st\u00f6rda av en n\u00e4rg\u00e5ngen fotograf.<\/p>\n<p><img loading=\"lazy\" decoding=\"async\" src=\"http:\/\/ydrebo.se\/ydre_rundtur\/smedstorp\/smedstorps_dubbelgard9.JPG\" width=\"768\" height=\"576\" \/><\/p>\n<p>S\u00e5 tack och adj\u00f6.<\/p>\n","protected":false},"excerpt":{"rendered":"<p>Mang\u00e5rdsbyggnadens ena gavel. F\u00f6rr\u00e5dsboden \u00e4r mycket gammal. Det h\u00e4r ser ut som bikupor. Man kan se att husen \u00e4r fr\u00e5n olika epoker eftersom taken \u00e4r av olika material. Ekonomibyggnaderna ligger v\u00e4ldigt t\u00e4tt. \u00c4ven kycklingarna hade sitt eget hus. Ungh\u00f6nsen var inte riktigt n\u00f6jda med att bli st\u00f6rda av en n\u00e4rg\u00e5ngen fotograf. S\u00e5 tack och adj\u00f6.<\/p>\n","protected":false},"author":793,"featured_media":0,"parent":0,"menu_order":0,"comment_status":"closed","ping_status":"closed","template":"","meta":{"_acf_changed":false,"footnotes":""},"class_list":["post-1457","page","type-page","status-publish","hentry"],"acf":[],"yoast_head":"<!-- This site is optimized with the Yoast SEO plugin v27.5 - https:\/\/yoast.com\/product\/yoast-seo-wordpress\/ -->\n<title>Smedstorps dubbelg\u00e5rd den 6 augusti 2009 - Kristdemokraterna i Ydre<\/title>\n<meta name=\"robots\" content=\"index, follow, max-snippet:-1, max-image-preview:large, max-video-preview:-1\" \/>\n<link rel=\"canonical\" href=\"https:\/\/wp.kristdemokraterna.se\/ydre\/smedstorps-dubbelgard-den-6-augusti-2009-2\/\" \/>\n<meta property=\"og:locale\" content=\"sv_SE\" \/>\n<meta property=\"og:type\" content=\"article\" \/>\n<meta property=\"og:title\" content=\"Smedstorps dubbelg\u00e5rd den 6 augusti 2009 - Kristdemokraterna i Ydre\" \/>\n<meta property=\"og:description\" content=\"Mang\u00e5rdsbyggnadens ena gavel. F\u00f6rr\u00e5dsboden \u00e4r mycket gammal. Det h\u00e4r ser ut som bikupor. Man kan se att husen \u00e4r fr\u00e5n olika epoker eftersom taken \u00e4r av olika material. Ekonomibyggnaderna ligger v\u00e4ldigt t\u00e4tt. \u00c4ven kycklingarna hade sitt eget hus. Ungh\u00f6nsen var inte riktigt n\u00f6jda med att bli st\u00f6rda av en n\u00e4rg\u00e5ngen fotograf. S\u00e5 tack och adj\u00f6.\" \/>\n<meta property=\"og:url\" content=\"https:\/\/wp.kristdemokraterna.se\/ydre\/smedstorps-dubbelgard-den-6-augusti-2009-2\/\" \/>\n<meta property=\"og:site_name\" content=\"Kristdemokraterna i Ydre\" \/>\n<meta property=\"article:modified_time\" content=\"2018-08-11T14:36:46+00:00\" \/>\n<meta property=\"og:image\" content=\"http:\/\/ydrebo.se\/ydre_rundtur\/smedstorp\/smedstorps_dubbelgard2.JPG\" \/>\n<meta name=\"twitter:card\" content=\"summary_large_image\" \/>\n<script type=\"application\/ld+json\" class=\"yoast-schema-graph\">{\"@context\":\"https:\\\/\\\/schema.org\",\"@graph\":[{\"@type\":\"WebPage\",\"@id\":\"https:\\\/\\\/wp.kristdemokraterna.se\\\/ydre\\\/smedstorps-dubbelgard-den-6-augusti-2009-2\\\/\",\"url\":\"https:\\\/\\\/wp.kristdemokraterna.se\\\/ydre\\\/smedstorps-dubbelgard-den-6-augusti-2009-2\\\/\",\"name\":\"Smedstorps dubbelg\u00e5rd den 6 augusti 2009 - Kristdemokraterna i Ydre\",\"isPartOf\":{\"@id\":\"https:\\\/\\\/wp.kristdemokraterna.se\\\/ydre\\\/#website\"},\"primaryImageOfPage\":{\"@id\":\"https:\\\/\\\/wp.kristdemokraterna.se\\\/ydre\\\/smedstorps-dubbelgard-den-6-augusti-2009-2\\\/#primaryimage\"},\"image\":{\"@id\":\"https:\\\/\\\/wp.kristdemokraterna.se\\\/ydre\\\/smedstorps-dubbelgard-den-6-augusti-2009-2\\\/#primaryimage\"},\"thumbnailUrl\":\"http:\\\/\\\/ydrebo.se\\\/ydre_rundtur\\\/smedstorp\\\/smedstorps_dubbelgard2.JPG\",\"datePublished\":\"2018-08-11T14:36:10+00:00\",\"dateModified\":\"2018-08-11T14:36:46+00:00\",\"breadcrumb\":{\"@id\":\"https:\\\/\\\/wp.kristdemokraterna.se\\\/ydre\\\/smedstorps-dubbelgard-den-6-augusti-2009-2\\\/#breadcrumb\"},\"inLanguage\":\"sv-SE\",\"potentialAction\":[{\"@type\":\"ReadAction\",\"target\":[\"https:\\\/\\\/wp.kristdemokraterna.se\\\/ydre\\\/smedstorps-dubbelgard-den-6-augusti-2009-2\\\/\"]}]},{\"@type\":\"ImageObject\",\"inLanguage\":\"sv-SE\",\"@id\":\"https:\\\/\\\/wp.kristdemokraterna.se\\\/ydre\\\/smedstorps-dubbelgard-den-6-augusti-2009-2\\\/#primaryimage\",\"url\":\"http:\\\/\\\/ydrebo.se\\\/ydre_rundtur\\\/smedstorp\\\/smedstorps_dubbelgard2.JPG\",\"contentUrl\":\"http:\\\/\\\/ydrebo.se\\\/ydre_rundtur\\\/smedstorp\\\/smedstorps_dubbelgard2.JPG\"},{\"@type\":\"BreadcrumbList\",\"@id\":\"https:\\\/\\\/wp.kristdemokraterna.se\\\/ydre\\\/smedstorps-dubbelgard-den-6-augusti-2009-2\\\/#breadcrumb\",\"itemListElement\":[{\"@type\":\"ListItem\",\"position\":1,\"name\":\"Hem\",\"item\":\"https:\\\/\\\/wp.kristdemokraterna.se\\\/ydre\\\/\"},{\"@type\":\"ListItem\",\"position\":2,\"name\":\"Smedstorps dubbelg\u00e5rd den 6 augusti 2009\"}]},{\"@type\":\"WebSite\",\"@id\":\"https:\\\/\\\/wp.kristdemokraterna.se\\\/ydre\\\/#website\",\"url\":\"https:\\\/\\\/wp.kristdemokraterna.se\\\/ydre\\\/\",\"name\":\"Kristdemokraterna i Ydre\",\"description\":\"En till Kristdemokraterna webbplats\",\"inLanguage\":\"sv-SE\"}]}<\/script>\n<!-- \/ Yoast SEO plugin. -->","yoast_head_json":{"title":"Smedstorps dubbelg\u00e5rd den 6 augusti 2009 - Kristdemokraterna i Ydre","robots":{"index":"index","follow":"follow","max-snippet":"max-snippet:-1","max-image-preview":"max-image-preview:large","max-video-preview":"max-video-preview:-1"},"canonical":"https:\/\/wp.kristdemokraterna.se\/ydre\/smedstorps-dubbelgard-den-6-augusti-2009-2\/","og_locale":"sv_SE","og_type":"article","og_title":"Smedstorps dubbelg\u00e5rd den 6 augusti 2009 - Kristdemokraterna i Ydre","og_description":"Mang\u00e5rdsbyggnadens ena gavel. F\u00f6rr\u00e5dsboden \u00e4r mycket gammal. Det h\u00e4r ser ut som bikupor. Man kan se att husen \u00e4r fr\u00e5n olika epoker eftersom taken \u00e4r av olika material. Ekonomibyggnaderna ligger v\u00e4ldigt t\u00e4tt. \u00c4ven kycklingarna hade sitt eget hus. Ungh\u00f6nsen var inte riktigt n\u00f6jda med att bli st\u00f6rda av en n\u00e4rg\u00e5ngen fotograf. S\u00e5 tack och adj\u00f6.","og_url":"https:\/\/wp.kristdemokraterna.se\/ydre\/smedstorps-dubbelgard-den-6-augusti-2009-2\/","og_site_name":"Kristdemokraterna i Ydre","article_modified_time":"2018-08-11T14:36:46+00:00","og_image":[{"url":"http:\/\/ydrebo.se\/ydre_rundtur\/smedstorp\/smedstorps_dubbelgard2.JPG","type":"","width":"","height":""}],"twitter_card":"summary_large_image","schema":{"@context":"https:\/\/schema.org","@graph":[{"@type":"WebPage","@id":"https:\/\/wp.kristdemokraterna.se\/ydre\/smedstorps-dubbelgard-den-6-augusti-2009-2\/","url":"https:\/\/wp.kristdemokraterna.se\/ydre\/smedstorps-dubbelgard-den-6-augusti-2009-2\/","name":"Smedstorps dubbelg\u00e5rd den 6 augusti 2009 - Kristdemokraterna i Ydre","isPartOf":{"@id":"https:\/\/wp.kristdemokraterna.se\/ydre\/#website"},"primaryImageOfPage":{"@id":"https:\/\/wp.kristdemokraterna.se\/ydre\/smedstorps-dubbelgard-den-6-augusti-2009-2\/#primaryimage"},"image":{"@id":"https:\/\/wp.kristdemokraterna.se\/ydre\/smedstorps-dubbelgard-den-6-augusti-2009-2\/#primaryimage"},"thumbnailUrl":"http:\/\/ydrebo.se\/ydre_rundtur\/smedstorp\/smedstorps_dubbelgard2.JPG","datePublished":"2018-08-11T14:36:10+00:00","dateModified":"2018-08-11T14:36:46+00:00","breadcrumb":{"@id":"https:\/\/wp.kristdemokraterna.se\/ydre\/smedstorps-dubbelgard-den-6-augusti-2009-2\/#breadcrumb"},"inLanguage":"sv-SE","potentialAction":[{"@type":"ReadAction","target":["https:\/\/wp.kristdemokraterna.se\/ydre\/smedstorps-dubbelgard-den-6-augusti-2009-2\/"]}]},{"@type":"ImageObject","inLanguage":"sv-SE","@id":"https:\/\/wp.kristdemokraterna.se\/ydre\/smedstorps-dubbelgard-den-6-augusti-2009-2\/#primaryimage","url":"http:\/\/ydrebo.se\/ydre_rundtur\/smedstorp\/smedstorps_dubbelgard2.JPG","contentUrl":"http:\/\/ydrebo.se\/ydre_rundtur\/smedstorp\/smedstorps_dubbelgard2.JPG"},{"@type":"BreadcrumbList","@id":"https:\/\/wp.kristdemokraterna.se\/ydre\/smedstorps-dubbelgard-den-6-augusti-2009-2\/#breadcrumb","itemListElement":[{"@type":"ListItem","position":1,"name":"Hem","item":"https:\/\/wp.kristdemokraterna.se\/ydre\/"},{"@type":"ListItem","position":2,"name":"Smedstorps dubbelg\u00e5rd den 6 augusti 2009"}]},{"@type":"WebSite","@id":"https:\/\/wp.kristdemokraterna.se\/ydre\/#website","url":"https:\/\/wp.kristdemokraterna.se\/ydre\/","name":"Kristdemokraterna i Ydre","description":"En till Kristdemokraterna webbplats","inLanguage":"sv-SE"}]}},"_links":{"self":[{"href":"https:\/\/wp.kristdemokraterna.se\/ydre\/wp-json\/wp\/v2\/pages\/1457","targetHints":{"allow":["GET"]}}],"collection":[{"href":"https:\/\/wp.kristdemokraterna.se\/ydre\/wp-json\/wp\/v2\/pages"}],"about":[{"href":"https:\/\/wp.kristdemokraterna.se\/ydre\/wp-json\/wp\/v2\/types\/page"}],"author":[{"embeddable":true,"href":"https:\/\/wp.kristdemokraterna.se\/ydre\/wp-json\/wp\/v2\/users\/793"}],"replies":[{"embeddable":true,"href":"https:\/\/wp.kristdemokraterna.se\/ydre\/wp-json\/wp\/v2\/comments?post=1457"}],"version-history":[{"count":1,"href":"https:\/\/wp.kristdemokraterna.se\/ydre\/wp-json\/wp\/v2\/pages\/1457\/revisions"}],"predecessor-version":[{"id":1458,"href":"https:\/\/wp.kristdemokraterna.se\/ydre\/wp-json\/wp\/v2\/pages\/1457\/revisions\/1458"}],"wp:attachment":[{"href":"https:\/\/wp.kristdemokraterna.se\/ydre\/wp-json\/wp\/v2\/media?parent=1457"}],"curies":[{"name":"wp","href":"https:\/\/api.w.org\/{rel}","templated":true}]}}